{"id":139149,"date":"2023-09-20T16:10:29","date_gmt":"2023-09-20T14:10:29","guid":{"rendered":"https:\/\/www.tabakversand.ch\/?post_type=product&#038;p=139149"},"modified":"2025-10-08T18:20:06","modified_gmt":"2025-10-08T16:20:06","slug":"187-strasse-024-miami-vice-200-gr-tabac-chicha","status":"publish","type":"product","link":"https:\/\/www.tabakversand.ch\/fr\/produit\/187-strasse-024-miami-vice-200-gr-tabac-chicha\/","title":{"rendered":"187 Street Gang #024 Miami Vice 200 gr. Shishatabak"},"content":{"rendered":"<p>187 Street Gang #024 Miami Vice 200 gr. Shishatabak<\/p>\n<p>1 bo\u00eete de 200 gr.<\/p>\n<p>Miami Vice vous emm\u00e8ne dans l&rsquo;\u00c9tat ensoleill\u00e9 de Floride. L\u00e0 o\u00f9 les soucis disparaissent et o\u00f9 le soleil brille toujours.<br \/>\n Ce m\u00e9lange de tabac est unique. Marijuana acidul\u00e9e, canneberges croquantes et myrtilles sucr\u00e9es.<\/p>\n<p>Tous les prix s&rsquo;appliquent uniquement aux commandes en ligne et incluent la TVA. Sous r\u00e9serve de modifications sans pr\u00e9avis, frais de livraison en sus. Sous r\u00e9serve d&rsquo;erreurs, de modifications de contenu de livraison et de conception, de fautes d&rsquo;impression et de modifications de prix. Les prix barr\u00e9s sont des prix de remplacement. Les illustrations peuvent diff\u00e9rer de l&rsquo;original\/du contenu de livraison.<br \/>\n*Livraison gratuite pour les commandes sup\u00e9rieures \u00e0 CHF 250.-.<\/p>\n","protected":false},"excerpt":{"rendered":"<p>187 Street Gang #024 Miami Vice 200 gr. Shishatabak 1 bo\u00eete de 200 gr. Miami Vice vous emm\u00e8ne dans l&rsquo;\u00c9tat ensoleill\u00e9 de Floride. L\u00e0 o\u00f9 les soucis disparaissent et o\u00f9 le soleil brille toujours. Ce m\u00e9lange de tabac est unique. Marijuana acidul\u00e9e, canneberges croquantes et myrtilles sucr\u00e9es. Tous les prix s&rsquo;appliquent uniquement aux commandes en [&hellip;]<\/p>\n","protected":false},"featured_media":139153,"template":"","meta":[],"product_brand":[3077],"product_cat":[3036,3034,1891,1880,1888,1883],"product_tag":[],"class_list":{"0":"post-139149","1":"product","2":"type-product","3":"status-publish","4":"has-post-thumbnail","6":"product_brand-187-strassenbande","7":"product_cat-187-gang-de-rue","8":"product_cat-187-tabac-a-chicha-des-gangs-de-rue","9":"product_cat-narguile","10":"product_cat-shishatabak-fr","11":"product_cat-tabac","12":"product_cat-tabac-de-narguile-tabac-de-narguile","14":"first","15":"onbackorder","16":"purchasable","17":"product-type-simple"},"yoast_head":"<!-- This site is optimized with the Yoast SEO plugin v27.5 - https:\/\/yoast.com\/product\/yoast-seo-wordpress\/ -->\n<title>187 Street Gang #024 Miami Vice 200 gr. Shishatabak<\/title>\n<meta name=\"description\" content=\"187 Street Gang #024 Miami Vice 200 gr. Tabac \u00e0 chicha | Un excellent choix de produits du tabac et d&#039;ustensiles pour fumeurs dans toute la Suisse | Cartes accept\u00e9es !\" \/>\n<meta name=\"robots\" content=\"index, follow, max-snippet:-1, max-image-preview:large, max-video-preview:-1\" \/>\n<link rel=\"canonical\" href=\"https:\/\/www.tabakversand.ch\/fr\/produit\/187-strasse-024-miami-vice-200-gr-tabac-chicha\/\" \/>\n<meta property=\"og:locale\" content=\"fr_FR\" \/>\n<meta property=\"og:type\" content=\"article\" \/>\n<meta property=\"og:title\" content=\"187 Street Gang #024 Miami Vice 200 gr. Shishatabak\" \/>\n<meta property=\"og:description\" content=\"187 Street Gang #024 Miami Vice 200 gr. Tabac \u00e0 chicha | Un excellent choix de produits du tabac et d&#039;ustensiles pour fumeurs dans toute la Suisse | Cartes accept\u00e9es !\" \/>\n<meta property=\"og:url\" content=\"https:\/\/www.tabakversand.ch\/fr\/produit\/187-strasse-024-miami-vice-200-gr-tabac-chicha\/\" \/>\n<meta property=\"og:site_name\" content=\"Tabakversand.ch | Alles aus der Welt des Tabaks\" \/>\n<meta property=\"article:modified_time\" content=\"2025-10-08T16:20:06+00:00\" \/>\n<meta property=\"og:image\" content=\"https:\/\/www.tabakversand.ch\/wp-content\/uploads\/2023\/09\/strassenbande-024-miami-vice-200.jpg\" \/>\n\t<meta property=\"og:image:width\" content=\"500\" \/>\n\t<meta property=\"og:image:height\" content=\"500\" \/>\n\t<meta property=\"og:image:type\" content=\"image\/jpeg\" \/>\n<meta name=\"twitter:card\" content=\"summary_large_image\" \/>\n<meta name=\"twitter:label1\" content=\"Dur\u00e9e de lecture estim\u00e9e\" \/>\n\t<meta name=\"twitter:data1\" content=\"1 minute\" \/>\n<script type=\"application\/ld+json\" class=\"yoast-schema-graph\">{\"@context\":\"https:\\\/\\\/schema.org\",\"@graph\":[{\"@type\":\"WebPage\",\"@id\":\"https:\\\/\\\/www.tabakversand.ch\\\/fr\\\/produit\\\/187-strasse-024-miami-vice-200-gr-tabac-chicha\\\/\",\"url\":\"https:\\\/\\\/www.tabakversand.ch\\\/fr\\\/produit\\\/187-strasse-024-miami-vice-200-gr-tabac-chicha\\\/\",\"name\":\"187 Street Gang #024 Miami Vice 200 gr. Shishatabak\",\"isPartOf\":{\"@id\":\"https:\\\/\\\/www.tabakversand.ch\\\/#website\"},\"primaryImageOfPage\":{\"@id\":\"https:\\\/\\\/www.tabakversand.ch\\\/fr\\\/produit\\\/187-strasse-024-miami-vice-200-gr-tabac-chicha\\\/#primaryimage\"},\"image\":{\"@id\":\"https:\\\/\\\/www.tabakversand.ch\\\/fr\\\/produit\\\/187-strasse-024-miami-vice-200-gr-tabac-chicha\\\/#primaryimage\"},\"thumbnailUrl\":\"https:\\\/\\\/www.tabakversand.ch\\\/wp-content\\\/uploads\\\/2023\\\/09\\\/strassenbande-024-miami-vice-200.jpg\",\"datePublished\":\"2023-09-20T14:10:29+00:00\",\"dateModified\":\"2025-10-08T16:20:06+00:00\",\"description\":\"187 Street Gang #024 Miami Vice 200 gr. Tabac \u00e0 chicha | Un excellent choix de produits du tabac et d'ustensiles pour fumeurs dans toute la Suisse | Cartes accept\u00e9es !\",\"breadcrumb\":{\"@id\":\"https:\\\/\\\/www.tabakversand.ch\\\/fr\\\/produit\\\/187-strasse-024-miami-vice-200-gr-tabac-chicha\\\/#breadcrumb\"},\"inLanguage\":\"fr-FR\",\"potentialAction\":[{\"@type\":\"ReadAction\",\"target\":[\"https:\\\/\\\/www.tabakversand.ch\\\/fr\\\/produit\\\/187-strasse-024-miami-vice-200-gr-tabac-chicha\\\/\"]}]},{\"@type\":\"ImageObject\",\"inLanguage\":\"fr-FR\",\"@id\":\"https:\\\/\\\/www.tabakversand.ch\\\/fr\\\/produit\\\/187-strasse-024-miami-vice-200-gr-tabac-chicha\\\/#primaryimage\",\"url\":\"https:\\\/\\\/www.tabakversand.ch\\\/wp-content\\\/uploads\\\/2023\\\/09\\\/strassenbande-024-miami-vice-200.jpg\",\"contentUrl\":\"https:\\\/\\\/www.tabakversand.ch\\\/wp-content\\\/uploads\\\/2023\\\/09\\\/strassenbande-024-miami-vice-200.jpg\",\"width\":500,\"height\":500,\"caption\":\"187 Street Gang #024 Miami Vice 200 gr. Tabac \u00e0 chicha | Tabakversand.ch\"},{\"@type\":\"BreadcrumbList\",\"@id\":\"https:\\\/\\\/www.tabakversand.ch\\\/fr\\\/produit\\\/187-strasse-024-miami-vice-200-gr-tabac-chicha\\\/#breadcrumb\",\"itemListElement\":[{\"@type\":\"ListItem\",\"position\":1,\"name\":\"Startseite\",\"item\":\"https:\\\/\\\/www.tabakversand.ch\\\/\"},{\"@type\":\"ListItem\",\"position\":2,\"name\":\"Boutique\",\"item\":\"https:\\\/\\\/www.tabakversand.ch\\\/fr\\\/boutique\\\/\"},{\"@type\":\"ListItem\",\"position\":3,\"name\":\"187 Street Gang #024 Miami Vice 200 gr. Shishatabak\"}]},{\"@type\":\"WebSite\",\"@id\":\"https:\\\/\\\/www.tabakversand.ch\\\/#website\",\"url\":\"https:\\\/\\\/www.tabakversand.ch\\\/\",\"name\":\"Tabakversand.ch | Alles aus der Welt des Tabaks\",\"description\":\"Smoke and carpe diem\",\"potentialAction\":[{\"@type\":\"SearchAction\",\"target\":{\"@type\":\"EntryPoint\",\"urlTemplate\":\"https:\\\/\\\/www.tabakversand.ch\\\/?s={search_term_string}\"},\"query-input\":{\"@type\":\"PropertyValueSpecification\",\"valueRequired\":true,\"valueName\":\"search_term_string\"}}],\"inLanguage\":\"fr-FR\"}]}<\/script>\n<!-- \/ Yoast SEO plugin. -->","yoast_head_json":{"title":"187 Street Gang #024 Miami Vice 200 gr. Shishatabak","description":"187 Street Gang #024 Miami Vice 200 gr. Tabac \u00e0 chicha | Un excellent choix de produits du tabac et d'ustensiles pour fumeurs dans toute la Suisse | Cartes accept\u00e9es !","robots":{"index":"index","follow":"follow","max-snippet":"max-snippet:-1","max-image-preview":"max-image-preview:large","max-video-preview":"max-video-preview:-1"},"canonical":"https:\/\/www.tabakversand.ch\/fr\/produit\/187-strasse-024-miami-vice-200-gr-tabac-chicha\/","og_locale":"fr_FR","og_type":"article","og_title":"187 Street Gang #024 Miami Vice 200 gr. Shishatabak","og_description":"187 Street Gang #024 Miami Vice 200 gr. Tabac \u00e0 chicha | Un excellent choix de produits du tabac et d'ustensiles pour fumeurs dans toute la Suisse | Cartes accept\u00e9es !","og_url":"https:\/\/www.tabakversand.ch\/fr\/produit\/187-strasse-024-miami-vice-200-gr-tabac-chicha\/","og_site_name":"Tabakversand.ch | Alles aus der Welt des Tabaks","article_modified_time":"2025-10-08T16:20:06+00:00","og_image":[{"width":500,"height":500,"url":"https:\/\/www.tabakversand.ch\/wp-content\/uploads\/2023\/09\/strassenbande-024-miami-vice-200.jpg","type":"image\/jpeg"}],"twitter_card":"summary_large_image","twitter_misc":{"Dur\u00e9e de lecture estim\u00e9e":"1 minute"},"schema":{"@context":"https:\/\/schema.org","@graph":[{"@type":"WebPage","@id":"https:\/\/www.tabakversand.ch\/fr\/produit\/187-strasse-024-miami-vice-200-gr-tabac-chicha\/","url":"https:\/\/www.tabakversand.ch\/fr\/produit\/187-strasse-024-miami-vice-200-gr-tabac-chicha\/","name":"187 Street Gang #024 Miami Vice 200 gr. Shishatabak","isPartOf":{"@id":"https:\/\/www.tabakversand.ch\/#website"},"primaryImageOfPage":{"@id":"https:\/\/www.tabakversand.ch\/fr\/produit\/187-strasse-024-miami-vice-200-gr-tabac-chicha\/#primaryimage"},"image":{"@id":"https:\/\/www.tabakversand.ch\/fr\/produit\/187-strasse-024-miami-vice-200-gr-tabac-chicha\/#primaryimage"},"thumbnailUrl":"https:\/\/www.tabakversand.ch\/wp-content\/uploads\/2023\/09\/strassenbande-024-miami-vice-200.jpg","datePublished":"2023-09-20T14:10:29+00:00","dateModified":"2025-10-08T16:20:06+00:00","description":"187 Street Gang #024 Miami Vice 200 gr. Tabac \u00e0 chicha | Un excellent choix de produits du tabac et d'ustensiles pour fumeurs dans toute la Suisse | Cartes accept\u00e9es !","breadcrumb":{"@id":"https:\/\/www.tabakversand.ch\/fr\/produit\/187-strasse-024-miami-vice-200-gr-tabac-chicha\/#breadcrumb"},"inLanguage":"fr-FR","potentialAction":[{"@type":"ReadAction","target":["https:\/\/www.tabakversand.ch\/fr\/produit\/187-strasse-024-miami-vice-200-gr-tabac-chicha\/"]}]},{"@type":"ImageObject","inLanguage":"fr-FR","@id":"https:\/\/www.tabakversand.ch\/fr\/produit\/187-strasse-024-miami-vice-200-gr-tabac-chicha\/#primaryimage","url":"https:\/\/www.tabakversand.ch\/wp-content\/uploads\/2023\/09\/strassenbande-024-miami-vice-200.jpg","contentUrl":"https:\/\/www.tabakversand.ch\/wp-content\/uploads\/2023\/09\/strassenbande-024-miami-vice-200.jpg","width":500,"height":500,"caption":"187 Street Gang #024 Miami Vice 200 gr. Tabac \u00e0 chicha | Tabakversand.ch"},{"@type":"BreadcrumbList","@id":"https:\/\/www.tabakversand.ch\/fr\/produit\/187-strasse-024-miami-vice-200-gr-tabac-chicha\/#breadcrumb","itemListElement":[{"@type":"ListItem","position":1,"name":"Startseite","item":"https:\/\/www.tabakversand.ch\/"},{"@type":"ListItem","position":2,"name":"Boutique","item":"https:\/\/www.tabakversand.ch\/fr\/boutique\/"},{"@type":"ListItem","position":3,"name":"187 Street Gang #024 Miami Vice 200 gr. Shishatabak"}]},{"@type":"WebSite","@id":"https:\/\/www.tabakversand.ch\/#website","url":"https:\/\/www.tabakversand.ch\/","name":"Tabakversand.ch | Alles aus der Welt des Tabaks","description":"Smoke and carpe diem","potentialAction":[{"@type":"SearchAction","target":{"@type":"EntryPoint","urlTemplate":"https:\/\/www.tabakversand.ch\/?s={search_term_string}"},"query-input":{"@type":"PropertyValueSpecification","valueRequired":true,"valueName":"search_term_string"}}],"inLanguage":"fr-FR"}]}},"_links":{"self":[{"href":"https:\/\/www.tabakversand.ch\/fr\/wp-json\/wp\/v2\/product\/139149","targetHints":{"allow":["GET"]}}],"collection":[{"href":"https:\/\/www.tabakversand.ch\/fr\/wp-json\/wp\/v2\/product"}],"about":[{"href":"https:\/\/www.tabakversand.ch\/fr\/wp-json\/wp\/v2\/types\/product"}],"version-history":[{"count":3,"href":"https:\/\/www.tabakversand.ch\/fr\/wp-json\/wp\/v2\/product\/139149\/revisions"}],"predecessor-version":[{"id":194703,"href":"https:\/\/www.tabakversand.ch\/fr\/wp-json\/wp\/v2\/product\/139149\/revisions\/194703"}],"wp:featuredmedia":[{"embeddable":true,"href":"https:\/\/www.tabakversand.ch\/fr\/wp-json\/wp\/v2\/media\/139153"}],"wp:attachment":[{"href":"https:\/\/www.tabakversand.ch\/fr\/wp-json\/wp\/v2\/media?parent=139149"}],"wp:term":[{"taxonomy":"product_brand","embeddable":true,"href":"https:\/\/www.tabakversand.ch\/fr\/wp-json\/wp\/v2\/product_brand?post=139149"},{"taxonomy":"product_cat","embeddable":true,"href":"https:\/\/www.tabakversand.ch\/fr\/wp-json\/wp\/v2\/product_cat?post=139149"},{"taxonomy":"product_tag","embeddable":true,"href":"https:\/\/www.tabakversand.ch\/fr\/wp-json\/wp\/v2\/product_tag?post=139149"}],"curies":[{"name":"wp","href":"https:\/\/api.w.org\/{rel}","templated":true}]}}