{"id":139410,"date":"2023-09-22T13:36:14","date_gmt":"2023-09-22T11:36:14","guid":{"rendered":"https:\/\/www.tabakversand.ch\/?post_type=product&#038;p=139410"},"modified":"2025-08-20T07:12:44","modified_gmt":"2025-08-20T05:12:44","slug":"187-strassenbande-066","status":"publish","type":"product","link":"https:\/\/www.tabakversand.ch\/fr\/produit\/187-strassenbande-066\/","title":{"rendered":"187 Strassenbande #066 &lt;3Hambourg 200 gr. Shishatabak"},"content":{"rendered":"<p>187 Gang de rue #066&lt; 3Hambourg 200 gr. Shishatabak<\/p>\n<p>1 bo\u00eete de 200 gr.<\/p>\n<p>Un d\u00e9licieux m\u00e9lange de baies avec du melon miel sucr\u00e9, du fruit de la passion tropical et de la past\u00e8que cors\u00e9e.<\/p>\n<p>187 Tabak est un tabac de Virginie cors\u00e9 fabriqu\u00e9 en Allemagne. La temp\u00e9rature de combustion, la faible teneur en nicotine et la tr\u00e8s forte teneur en sucre sont autant d&rsquo;atouts du tabac Virginia. En raison de son go\u00fbt doux et de son ar\u00f4me sucr\u00e9, ce tabac est le meilleur choix comme base pour le tabac \u00e0 pipe \u00e0 eau.<\/p>\n<p>Tous les prix s&rsquo;appliquent uniquement aux commandes en ligne et incluent la TVA. Sous r\u00e9serve de modifications sans pr\u00e9avis, frais de livraison en sus. Sous r\u00e9serve d&rsquo;erreurs, de modifications de contenu de livraison et de conception, de fautes d&rsquo;impression et de modifications de prix. Les prix barr\u00e9s sont des prix de remplacement. Les illustrations peuvent diff\u00e9rer de l&rsquo;original\/du contenu de livraison.<br \/>\n*Livraison gratuite pour les commandes sup\u00e9rieures \u00e0 CHF 250.-.<\/p>\n","protected":false},"excerpt":{"rendered":"<p>187 Gang de rue #066&lt; 3Hambourg 200 gr. Shishatabak 1 bo\u00eete de 200 gr. Un d\u00e9licieux m\u00e9lange de baies avec du melon miel sucr\u00e9, du fruit de la passion tropical et de la past\u00e8que cors\u00e9e. 187 Tabak est un tabac de Virginie cors\u00e9 fabriqu\u00e9 en Allemagne. La temp\u00e9rature de combustion, la faible teneur en nicotine [&hellip;]<\/p>\n","protected":false},"featured_media":139414,"template":"","meta":[],"product_brand":[3077],"product_cat":[3036,3034,1891,1880,1888,1883],"product_tag":[],"class_list":{"0":"post-139410","1":"product","2":"type-product","3":"status-publish","4":"has-post-thumbnail","6":"product_brand-187-strassenbande","7":"product_cat-187-gang-de-rue","8":"product_cat-187-tabac-a-chicha-des-gangs-de-rue","9":"product_cat-narguile","10":"product_cat-shishatabak-fr","11":"product_cat-tabac","12":"product_cat-tabac-de-narguile-tabac-de-narguile","14":"first","15":"onbackorder","16":"purchasable","17":"product-type-simple"},"yoast_head":"<!-- This site is optimized with the Yoast SEO plugin v27.5 - https:\/\/yoast.com\/product\/yoast-seo-wordpress\/ -->\n<title>187 Strassenbande #066 &lt;3Hambourg 200 gr. Shishatabak<\/title>\n<meta name=\"description\" content=\"187 Gang de rue #066&lt; 3Hambourg 200 gr. Tabac \u00e0 chicha | Un excellent choix de produits du tabac et d&#039;ustensiles pour fumeurs dans toute la Suisse | Cartes accept\u00e9es !\" \/>\n<meta name=\"robots\" content=\"index, follow, max-snippet:-1, max-image-preview:large, max-video-preview:-1\" \/>\n<link rel=\"canonical\" href=\"https:\/\/www.tabakversand.ch\/fr\/produit\/187-strassenbande-066\/\" \/>\n<meta property=\"og:locale\" content=\"fr_FR\" \/>\n<meta property=\"og:type\" content=\"article\" \/>\n<meta property=\"og:title\" content=\"187 Strassenbande #066 &lt;3Hambourg 200 gr. Shishatabak\" \/>\n<meta property=\"og:description\" content=\"187 Gang de rue #066&lt; 3Hambourg 200 gr. Tabac \u00e0 chicha | Un excellent choix de produits du tabac et d&#039;ustensiles pour fumeurs dans toute la Suisse | Cartes accept\u00e9es !\" \/>\n<meta property=\"og:url\" content=\"https:\/\/www.tabakversand.ch\/fr\/produit\/187-strassenbande-066\/\" \/>\n<meta property=\"og:site_name\" content=\"Tabakversand.ch | Alles aus der Welt des Tabaks\" \/>\n<meta property=\"article:modified_time\" content=\"2025-08-20T05:12:44+00:00\" \/>\n<meta property=\"og:image\" content=\"https:\/\/www.tabakversand.ch\/wp-content\/uploads\/2023\/09\/strassenbande-066-3-hamburg-200.jpg\" \/>\n\t<meta property=\"og:image:width\" content=\"560\" \/>\n\t<meta property=\"og:image:height\" content=\"560\" \/>\n\t<meta property=\"og:image:type\" content=\"image\/jpeg\" \/>\n<meta name=\"twitter:card\" content=\"summary_large_image\" \/>\n<meta name=\"twitter:label1\" content=\"Dur\u00e9e de lecture estim\u00e9e\" \/>\n\t<meta name=\"twitter:data1\" content=\"1 minute\" \/>\n<script type=\"application\/ld+json\" class=\"yoast-schema-graph\">{\"@context\":\"https:\\\/\\\/schema.org\",\"@graph\":[{\"@type\":\"WebPage\",\"@id\":\"https:\\\/\\\/www.tabakversand.ch\\\/fr\\\/produit\\\/187-strassenbande-066\\\/\",\"url\":\"https:\\\/\\\/www.tabakversand.ch\\\/fr\\\/produit\\\/187-strassenbande-066\\\/\",\"name\":\"187 Strassenbande #066 &lt;3Hambourg 200 gr. Shishatabak\",\"isPartOf\":{\"@id\":\"https:\\\/\\\/www.tabakversand.ch\\\/#website\"},\"primaryImageOfPage\":{\"@id\":\"https:\\\/\\\/www.tabakversand.ch\\\/fr\\\/produit\\\/187-strassenbande-066\\\/#primaryimage\"},\"image\":{\"@id\":\"https:\\\/\\\/www.tabakversand.ch\\\/fr\\\/produit\\\/187-strassenbande-066\\\/#primaryimage\"},\"thumbnailUrl\":\"https:\\\/\\\/www.tabakversand.ch\\\/wp-content\\\/uploads\\\/2023\\\/09\\\/strassenbande-066-3-hamburg-200.jpg\",\"datePublished\":\"2023-09-22T11:36:14+00:00\",\"dateModified\":\"2025-08-20T05:12:44+00:00\",\"description\":\"187 Gang de rue #066&lt; 3Hambourg 200 gr. Tabac \u00e0 chicha | Un excellent choix de produits du tabac et d&#039;ustensiles pour fumeurs dans toute la Suisse | Cartes accept\u00e9es !\",\"breadcrumb\":{\"@id\":\"https:\\\/\\\/www.tabakversand.ch\\\/fr\\\/produit\\\/187-strassenbande-066\\\/#breadcrumb\"},\"inLanguage\":\"fr-FR\",\"potentialAction\":[{\"@type\":\"ReadAction\",\"target\":[\"https:\\\/\\\/www.tabakversand.ch\\\/fr\\\/produit\\\/187-strassenbande-066\\\/\"]}]},{\"@type\":\"ImageObject\",\"inLanguage\":\"fr-FR\",\"@id\":\"https:\\\/\\\/www.tabakversand.ch\\\/fr\\\/produit\\\/187-strassenbande-066\\\/#primaryimage\",\"url\":\"https:\\\/\\\/www.tabakversand.ch\\\/wp-content\\\/uploads\\\/2023\\\/09\\\/strassenbande-066-3-hamburg-200.jpg\",\"contentUrl\":\"https:\\\/\\\/www.tabakversand.ch\\\/wp-content\\\/uploads\\\/2023\\\/09\\\/strassenbande-066-3-hamburg-200.jpg\",\"width\":560,\"height\":560,\"caption\":\"187 Strassenbande #066 &lt;3Hambourg 200 gr. Tabac \u00e0 chicha | Tabakversand.ch\"},{\"@type\":\"BreadcrumbList\",\"@id\":\"https:\\\/\\\/www.tabakversand.ch\\\/fr\\\/produit\\\/187-strassenbande-066\\\/#breadcrumb\",\"itemListElement\":[{\"@type\":\"ListItem\",\"position\":1,\"name\":\"Startseite\",\"item\":\"https:\\\/\\\/www.tabakversand.ch\\\/\"},{\"@type\":\"ListItem\",\"position\":2,\"name\":\"Boutique\",\"item\":\"https:\\\/\\\/www.tabakversand.ch\\\/fr\\\/boutique\\\/\"},{\"@type\":\"ListItem\",\"position\":3,\"name\":\"187 Strassenbande #066 &lt;3Hambourg 200 gr. Shishatabak\"}]},{\"@type\":\"WebSite\",\"@id\":\"https:\\\/\\\/www.tabakversand.ch\\\/#website\",\"url\":\"https:\\\/\\\/www.tabakversand.ch\\\/\",\"name\":\"Tabakversand.ch | Alles aus der Welt des Tabaks\",\"description\":\"Smoke and carpe diem\",\"potentialAction\":[{\"@type\":\"SearchAction\",\"target\":{\"@type\":\"EntryPoint\",\"urlTemplate\":\"https:\\\/\\\/www.tabakversand.ch\\\/?s={search_term_string}\"},\"query-input\":{\"@type\":\"PropertyValueSpecification\",\"valueRequired\":true,\"valueName\":\"search_term_string\"}}],\"inLanguage\":\"fr-FR\"}]}<\/script>\n<!-- \/ Yoast SEO plugin. -->","yoast_head_json":{"title":"187 Strassenbande #066 &lt;3Hambourg 200 gr. Shishatabak","description":"187 Gang de rue #066&lt; 3Hambourg 200 gr. Tabac \u00e0 chicha | Un excellent choix de produits du tabac et d&#039;ustensiles pour fumeurs dans toute la Suisse | Cartes accept\u00e9es !","robots":{"index":"index","follow":"follow","max-snippet":"max-snippet:-1","max-image-preview":"max-image-preview:large","max-video-preview":"max-video-preview:-1"},"canonical":"https:\/\/www.tabakversand.ch\/fr\/produit\/187-strassenbande-066\/","og_locale":"fr_FR","og_type":"article","og_title":"187 Strassenbande #066 &lt;3Hambourg 200 gr. Shishatabak","og_description":"187 Gang de rue #066&lt; 3Hambourg 200 gr. Tabac \u00e0 chicha | Un excellent choix de produits du tabac et d&#039;ustensiles pour fumeurs dans toute la Suisse | Cartes accept\u00e9es !","og_url":"https:\/\/www.tabakversand.ch\/fr\/produit\/187-strassenbande-066\/","og_site_name":"Tabakversand.ch | Alles aus der Welt des Tabaks","article_modified_time":"2025-08-20T05:12:44+00:00","og_image":[{"width":560,"height":560,"url":"https:\/\/www.tabakversand.ch\/wp-content\/uploads\/2023\/09\/strassenbande-066-3-hamburg-200.jpg","type":"image\/jpeg"}],"twitter_card":"summary_large_image","twitter_misc":{"Dur\u00e9e de lecture estim\u00e9e":"1 minute"},"schema":{"@context":"https:\/\/schema.org","@graph":[{"@type":"WebPage","@id":"https:\/\/www.tabakversand.ch\/fr\/produit\/187-strassenbande-066\/","url":"https:\/\/www.tabakversand.ch\/fr\/produit\/187-strassenbande-066\/","name":"187 Strassenbande #066 &lt;3Hambourg 200 gr. Shishatabak","isPartOf":{"@id":"https:\/\/www.tabakversand.ch\/#website"},"primaryImageOfPage":{"@id":"https:\/\/www.tabakversand.ch\/fr\/produit\/187-strassenbande-066\/#primaryimage"},"image":{"@id":"https:\/\/www.tabakversand.ch\/fr\/produit\/187-strassenbande-066\/#primaryimage"},"thumbnailUrl":"https:\/\/www.tabakversand.ch\/wp-content\/uploads\/2023\/09\/strassenbande-066-3-hamburg-200.jpg","datePublished":"2023-09-22T11:36:14+00:00","dateModified":"2025-08-20T05:12:44+00:00","description":"187 Gang de rue #066&lt; 3Hambourg 200 gr. Tabac \u00e0 chicha | Un excellent choix de produits du tabac et d&#039;ustensiles pour fumeurs dans toute la Suisse | Cartes accept\u00e9es !","breadcrumb":{"@id":"https:\/\/www.tabakversand.ch\/fr\/produit\/187-strassenbande-066\/#breadcrumb"},"inLanguage":"fr-FR","potentialAction":[{"@type":"ReadAction","target":["https:\/\/www.tabakversand.ch\/fr\/produit\/187-strassenbande-066\/"]}]},{"@type":"ImageObject","inLanguage":"fr-FR","@id":"https:\/\/www.tabakversand.ch\/fr\/produit\/187-strassenbande-066\/#primaryimage","url":"https:\/\/www.tabakversand.ch\/wp-content\/uploads\/2023\/09\/strassenbande-066-3-hamburg-200.jpg","contentUrl":"https:\/\/www.tabakversand.ch\/wp-content\/uploads\/2023\/09\/strassenbande-066-3-hamburg-200.jpg","width":560,"height":560,"caption":"187 Strassenbande #066 &lt;3Hambourg 200 gr. Tabac \u00e0 chicha | Tabakversand.ch"},{"@type":"BreadcrumbList","@id":"https:\/\/www.tabakversand.ch\/fr\/produit\/187-strassenbande-066\/#breadcrumb","itemListElement":[{"@type":"ListItem","position":1,"name":"Startseite","item":"https:\/\/www.tabakversand.ch\/"},{"@type":"ListItem","position":2,"name":"Boutique","item":"https:\/\/www.tabakversand.ch\/fr\/boutique\/"},{"@type":"ListItem","position":3,"name":"187 Strassenbande #066 &lt;3Hambourg 200 gr. Shishatabak"}]},{"@type":"WebSite","@id":"https:\/\/www.tabakversand.ch\/#website","url":"https:\/\/www.tabakversand.ch\/","name":"Tabakversand.ch | Alles aus der Welt des Tabaks","description":"Smoke and carpe diem","potentialAction":[{"@type":"SearchAction","target":{"@type":"EntryPoint","urlTemplate":"https:\/\/www.tabakversand.ch\/?s={search_term_string}"},"query-input":{"@type":"PropertyValueSpecification","valueRequired":true,"valueName":"search_term_string"}}],"inLanguage":"fr-FR"}]}},"_links":{"self":[{"href":"https:\/\/www.tabakversand.ch\/fr\/wp-json\/wp\/v2\/product\/139410","targetHints":{"allow":["GET"]}}],"collection":[{"href":"https:\/\/www.tabakversand.ch\/fr\/wp-json\/wp\/v2\/product"}],"about":[{"href":"https:\/\/www.tabakversand.ch\/fr\/wp-json\/wp\/v2\/types\/product"}],"version-history":[{"count":5,"href":"https:\/\/www.tabakversand.ch\/fr\/wp-json\/wp\/v2\/product\/139410\/revisions"}],"predecessor-version":[{"id":194725,"href":"https:\/\/www.tabakversand.ch\/fr\/wp-json\/wp\/v2\/product\/139410\/revisions\/194725"}],"wp:featuredmedia":[{"embeddable":true,"href":"https:\/\/www.tabakversand.ch\/fr\/wp-json\/wp\/v2\/media\/139414"}],"wp:attachment":[{"href":"https:\/\/www.tabakversand.ch\/fr\/wp-json\/wp\/v2\/media?parent=139410"}],"wp:term":[{"taxonomy":"product_brand","embeddable":true,"href":"https:\/\/www.tabakversand.ch\/fr\/wp-json\/wp\/v2\/product_brand?post=139410"},{"taxonomy":"product_cat","embeddable":true,"href":"https:\/\/www.tabakversand.ch\/fr\/wp-json\/wp\/v2\/product_cat?post=139410"},{"taxonomy":"product_tag","embeddable":true,"href":"https:\/\/www.tabakversand.ch\/fr\/wp-json\/wp\/v2\/product_tag?post=139410"}],"curies":[{"name":"wp","href":"https:\/\/api.w.org\/{rel}","templated":true}]}}