{"id":141129,"date":"2023-10-13T15:16:18","date_gmt":"2023-10-13T13:16:18","guid":{"rendered":"https:\/\/www.tabakversand.ch\/?post_type=product&#038;p=141129"},"modified":"2023-10-13T15:22:29","modified_gmt":"2023-10-13T13:22:29","slug":"conception-de-la-boussole-zippo-540","status":"publish","type":"product","link":"https:\/\/www.tabakversand.ch\/fr\/produit\/conception-de-la-boussole-zippo-540\/","title":{"rendered":"Conception du Compas Zippo 540"},"content":{"rendered":"<p>Conception du Compas Zippo 540<\/p>\n<ul>\n<li>Taille: Pleine grandeur<\/li>\n<li>Emball\u00e9 dans un coffret cadeau Zippo original.<\/li>\n<li>Constitu\u00e9 de m\u00e9tal; conception coupe-vent qui fonctionne pratiquement n\u2019importe o\u00f9.<\/li>\n<li>Rechargeable pour une utilisation \u00e0 vie; nous recommandons l\u2019essence, le silex et les m\u00e8ches plus l\u00e9gers Zippo premium d\u2019origine.<\/li>\n<li>Garantie: 30 ans sur la m\u00e9canique (hors consommables et surfaces)<\/li>\n<li>Fabriqu\u00e9 aux \u00c9tats-Unis<\/li>\n<li>Carburant: Essence originale Zippo Premium Lighter (vendue s\u00e9par\u00e9ment, toutes les Zippo ne sont pas remplies)<\/li>\n<li>540 Couleur<\/li>\n<\/ul>\n<p>&nbsp;<\/p>\n<p>Tous les prix ne sont valables que pour les commandes en ligne et incluent la TVA, sont sujets \u00e0 changement plus les frais d\u2019exp\u00e9dition. Erreurs, changements dans l\u2019\u00e9tendue de la livraison et de la conception, erreurs d\u2019impression et changements de prix r\u00e9serv\u00e9s. Les prix barr\u00e9s sont stattpreise. L\u2019illustration peut diff\u00e9rer de l\u2019original\/de l\u2019\u00e9tendue de la livraison.*Livraison gratuite \u00e0 partir de CHF 250.- valeur de la commande.<\/p>\n","protected":false},"excerpt":{"rendered":"<p>Conception du Compas Zippo 540 Taille: Pleine grandeur Emball\u00e9 dans un coffret cadeau Zippo original. Constitu\u00e9 de m\u00e9tal; conception coupe-vent qui fonctionne pratiquement n\u2019importe o\u00f9. Rechargeable pour une utilisation \u00e0 vie; nous recommandons l\u2019essence, le silex et les m\u00e8ches plus l\u00e9gers Zippo premium d\u2019origine. Garantie: 30 ans sur la m\u00e9canique (hors consommables et surfaces) Fabriqu\u00e9 [&hellip;]<\/p>\n","protected":false},"featured_media":141133,"template":"","meta":[],"product_brand":[1567],"product_cat":[1927,1926,2117],"product_tag":[],"class_list":{"0":"post-141129","1":"product","2":"type-product","3":"status-publish","4":"has-post-thumbnail","6":"product_brand-zippo-feuerzeuge-und-acessoires","7":"product_cat-briquets","8":"product_cat-collections-de-briquets-zippo","9":"product_cat-zippo-vue-ocean","11":"first","12":"onbackorder","13":"purchasable","14":"product-type-simple"},"yoast_head":"<!-- This site is optimized with the Yoast SEO plugin v27.5 - https:\/\/yoast.com\/product\/yoast-seo-wordpress\/ -->\n<title>Conception du Compas Zippo 540 - tabakversand.ch<\/title>\n<meta name=\"description\" content=\"Zippo Boussole 540 Conception | Un grand choix de briquets Zippo originaux et d&#039;accessoires Zippo dans toute la Suisse Cartes accept\u00e9es !\" \/>\n<meta name=\"robots\" content=\"index, follow, max-snippet:-1, max-image-preview:large, max-video-preview:-1\" \/>\n<link rel=\"canonical\" href=\"https:\/\/www.tabakversand.ch\/produit\/zippo-compass-540-design\/\" \/>\n<meta property=\"og:locale\" content=\"fr_FR\" \/>\n<meta property=\"og:type\" content=\"article\" \/>\n<meta property=\"og:title\" content=\"Conception du Compas Zippo 540 - tabakversand.ch\" \/>\n<meta property=\"og:description\" content=\"Zippo Boussole 540 Conception | Un grand choix de briquets Zippo originaux et d&#039;accessoires Zippo dans toute la Suisse Cartes accept\u00e9es !\" \/>\n<meta property=\"og:url\" content=\"https:\/\/www.tabakversand.ch\/produit\/zippo-compass-540-design\/\" \/>\n<meta property=\"og:site_name\" content=\"Tabakversand.ch | Alles aus der Welt des Tabaks\" \/>\n<meta property=\"article:modified_time\" content=\"2023-10-13T13:22:29+00:00\" \/>\n<meta property=\"og:image\" content=\"https:\/\/www.tabakversand.ch\/wp-content\/uploads\/2023\/10\/zippo-compass-60006137.jpg\" \/>\n\t<meta property=\"og:image:width\" content=\"500\" \/>\n\t<meta property=\"og:image:height\" content=\"500\" \/>\n\t<meta property=\"og:image:type\" content=\"image\/jpeg\" \/>\n<meta name=\"twitter:card\" content=\"summary_large_image\" \/>\n<meta name=\"twitter:label1\" content=\"Dur\u00e9e de lecture estim\u00e9e\" \/>\n\t<meta name=\"twitter:data1\" content=\"1 minute\" \/>\n<script type=\"application\/ld+json\" class=\"yoast-schema-graph\">{\"@context\":\"https:\\\/\\\/schema.org\",\"@graph\":[{\"@type\":\"WebPage\",\"@id\":\"https:\\\/\\\/www.tabakversand.ch\\\/produit\\\/zippo-compass-540-design\\\/\",\"url\":\"https:\\\/\\\/www.tabakversand.ch\\\/produit\\\/zippo-compass-540-design\\\/\",\"name\":\"Conception du Compas Zippo 540 - tabakversand.ch\",\"isPartOf\":{\"@id\":\"https:\\\/\\\/www.tabakversand.ch\\\/#website\"},\"primaryImageOfPage\":{\"@id\":\"https:\\\/\\\/www.tabakversand.ch\\\/produit\\\/zippo-compass-540-design\\\/#primaryimage\"},\"image\":{\"@id\":\"https:\\\/\\\/www.tabakversand.ch\\\/produit\\\/zippo-compass-540-design\\\/#primaryimage\"},\"thumbnailUrl\":\"https:\\\/\\\/www.tabakversand.ch\\\/wp-content\\\/uploads\\\/2023\\\/10\\\/zippo-compass-60006137.jpg\",\"datePublished\":\"2023-10-13T13:16:18+00:00\",\"dateModified\":\"2023-10-13T13:22:29+00:00\",\"description\":\"Zippo Boussole 540 Conception | Un grand choix de briquets Zippo originaux et d'accessoires Zippo dans toute la Suisse Cartes accept\u00e9es !\",\"breadcrumb\":{\"@id\":\"https:\\\/\\\/www.tabakversand.ch\\\/produit\\\/zippo-compass-540-design\\\/#breadcrumb\"},\"inLanguage\":\"fr-FR\",\"potentialAction\":[{\"@type\":\"ReadAction\",\"target\":[\"https:\\\/\\\/www.tabakversand.ch\\\/produit\\\/zippo-compass-540-design\\\/\"]}]},{\"@type\":\"ImageObject\",\"inLanguage\":\"fr-FR\",\"@id\":\"https:\\\/\\\/www.tabakversand.ch\\\/produit\\\/zippo-compass-540-design\\\/#primaryimage\",\"url\":\"https:\\\/\\\/www.tabakversand.ch\\\/wp-content\\\/uploads\\\/2023\\\/10\\\/zippo-compass-60006137.jpg\",\"contentUrl\":\"https:\\\/\\\/www.tabakversand.ch\\\/wp-content\\\/uploads\\\/2023\\\/10\\\/zippo-compass-60006137.jpg\",\"width\":500,\"height\":500,\"caption\":\"Zippo Compass 540 Design\"},{\"@type\":\"BreadcrumbList\",\"@id\":\"https:\\\/\\\/www.tabakversand.ch\\\/produit\\\/zippo-compass-540-design\\\/#breadcrumb\",\"itemListElement\":[{\"@type\":\"ListItem\",\"position\":1,\"name\":\"Startseite\",\"item\":\"https:\\\/\\\/www.tabakversand.ch\\\/\"},{\"@type\":\"ListItem\",\"position\":2,\"name\":\"Boutique\",\"item\":\"https:\\\/\\\/www.tabakversand.ch\\\/fr\\\/boutique\\\/\"},{\"@type\":\"ListItem\",\"position\":3,\"name\":\"Conception du Compas Zippo 540\"}]},{\"@type\":\"WebSite\",\"@id\":\"https:\\\/\\\/www.tabakversand.ch\\\/#website\",\"url\":\"https:\\\/\\\/www.tabakversand.ch\\\/\",\"name\":\"Tabakversand.ch | Alles aus der Welt des Tabaks\",\"description\":\"Smoke and carpe diem\",\"potentialAction\":[{\"@type\":\"SearchAction\",\"target\":{\"@type\":\"EntryPoint\",\"urlTemplate\":\"https:\\\/\\\/www.tabakversand.ch\\\/?s={search_term_string}\"},\"query-input\":{\"@type\":\"PropertyValueSpecification\",\"valueRequired\":true,\"valueName\":\"search_term_string\"}}],\"inLanguage\":\"fr-FR\"}]}<\/script>\n<!-- \/ Yoast SEO plugin. -->","yoast_head_json":{"title":"Conception du Compas Zippo 540 - tabakversand.ch","description":"Zippo Boussole 540 Conception | Un grand choix de briquets Zippo originaux et d'accessoires Zippo dans toute la Suisse Cartes accept\u00e9es !","robots":{"index":"index","follow":"follow","max-snippet":"max-snippet:-1","max-image-preview":"max-image-preview:large","max-video-preview":"max-video-preview:-1"},"canonical":"https:\/\/www.tabakversand.ch\/produit\/zippo-compass-540-design\/","og_locale":"fr_FR","og_type":"article","og_title":"Conception du Compas Zippo 540 - tabakversand.ch","og_description":"Zippo Boussole 540 Conception | Un grand choix de briquets Zippo originaux et d'accessoires Zippo dans toute la Suisse Cartes accept\u00e9es !","og_url":"https:\/\/www.tabakversand.ch\/produit\/zippo-compass-540-design\/","og_site_name":"Tabakversand.ch | Alles aus der Welt des Tabaks","article_modified_time":"2023-10-13T13:22:29+00:00","og_image":[{"width":500,"height":500,"url":"https:\/\/www.tabakversand.ch\/wp-content\/uploads\/2023\/10\/zippo-compass-60006137.jpg","type":"image\/jpeg"}],"twitter_card":"summary_large_image","twitter_misc":{"Dur\u00e9e de lecture estim\u00e9e":"1 minute"},"schema":{"@context":"https:\/\/schema.org","@graph":[{"@type":"WebPage","@id":"https:\/\/www.tabakversand.ch\/produit\/zippo-compass-540-design\/","url":"https:\/\/www.tabakversand.ch\/produit\/zippo-compass-540-design\/","name":"Conception du Compas Zippo 540 - tabakversand.ch","isPartOf":{"@id":"https:\/\/www.tabakversand.ch\/#website"},"primaryImageOfPage":{"@id":"https:\/\/www.tabakversand.ch\/produit\/zippo-compass-540-design\/#primaryimage"},"image":{"@id":"https:\/\/www.tabakversand.ch\/produit\/zippo-compass-540-design\/#primaryimage"},"thumbnailUrl":"https:\/\/www.tabakversand.ch\/wp-content\/uploads\/2023\/10\/zippo-compass-60006137.jpg","datePublished":"2023-10-13T13:16:18+00:00","dateModified":"2023-10-13T13:22:29+00:00","description":"Zippo Boussole 540 Conception | Un grand choix de briquets Zippo originaux et d'accessoires Zippo dans toute la Suisse Cartes accept\u00e9es !","breadcrumb":{"@id":"https:\/\/www.tabakversand.ch\/produit\/zippo-compass-540-design\/#breadcrumb"},"inLanguage":"fr-FR","potentialAction":[{"@type":"ReadAction","target":["https:\/\/www.tabakversand.ch\/produit\/zippo-compass-540-design\/"]}]},{"@type":"ImageObject","inLanguage":"fr-FR","@id":"https:\/\/www.tabakversand.ch\/produit\/zippo-compass-540-design\/#primaryimage","url":"https:\/\/www.tabakversand.ch\/wp-content\/uploads\/2023\/10\/zippo-compass-60006137.jpg","contentUrl":"https:\/\/www.tabakversand.ch\/wp-content\/uploads\/2023\/10\/zippo-compass-60006137.jpg","width":500,"height":500,"caption":"Zippo Compass 540 Design"},{"@type":"BreadcrumbList","@id":"https:\/\/www.tabakversand.ch\/produit\/zippo-compass-540-design\/#breadcrumb","itemListElement":[{"@type":"ListItem","position":1,"name":"Startseite","item":"https:\/\/www.tabakversand.ch\/"},{"@type":"ListItem","position":2,"name":"Boutique","item":"https:\/\/www.tabakversand.ch\/fr\/boutique\/"},{"@type":"ListItem","position":3,"name":"Conception du Compas Zippo 540"}]},{"@type":"WebSite","@id":"https:\/\/www.tabakversand.ch\/#website","url":"https:\/\/www.tabakversand.ch\/","name":"Tabakversand.ch | Alles aus der Welt des Tabaks","description":"Smoke and carpe diem","potentialAction":[{"@type":"SearchAction","target":{"@type":"EntryPoint","urlTemplate":"https:\/\/www.tabakversand.ch\/?s={search_term_string}"},"query-input":{"@type":"PropertyValueSpecification","valueRequired":true,"valueName":"search_term_string"}}],"inLanguage":"fr-FR"}]}},"_links":{"self":[{"href":"https:\/\/www.tabakversand.ch\/fr\/wp-json\/wp\/v2\/product\/141129","targetHints":{"allow":["GET"]}}],"collection":[{"href":"https:\/\/www.tabakversand.ch\/fr\/wp-json\/wp\/v2\/product"}],"about":[{"href":"https:\/\/www.tabakversand.ch\/fr\/wp-json\/wp\/v2\/types\/product"}],"version-history":[{"count":2,"href":"https:\/\/www.tabakversand.ch\/fr\/wp-json\/wp\/v2\/product\/141129\/revisions"}],"predecessor-version":[{"id":141152,"href":"https:\/\/www.tabakversand.ch\/fr\/wp-json\/wp\/v2\/product\/141129\/revisions\/141152"}],"wp:featuredmedia":[{"embeddable":true,"href":"https:\/\/www.tabakversand.ch\/fr\/wp-json\/wp\/v2\/media\/141133"}],"wp:attachment":[{"href":"https:\/\/www.tabakversand.ch\/fr\/wp-json\/wp\/v2\/media?parent=141129"}],"wp:term":[{"taxonomy":"product_brand","embeddable":true,"href":"https:\/\/www.tabakversand.ch\/fr\/wp-json\/wp\/v2\/product_brand?post=141129"},{"taxonomy":"product_cat","embeddable":true,"href":"https:\/\/www.tabakversand.ch\/fr\/wp-json\/wp\/v2\/product_cat?post=141129"},{"taxonomy":"product_tag","embeddable":true,"href":"https:\/\/www.tabakversand.ch\/fr\/wp-json\/wp\/v2\/product_tag?post=141129"}],"curies":[{"name":"wp","href":"https:\/\/api.w.org\/{rel}","templated":true}]}}