{"id":142268,"date":"2023-10-20T12:54:23","date_gmt":"2023-10-20T10:54:23","guid":{"rendered":"https:\/\/www.tabakversand.ch\/?post_type=product&#038;p=142268"},"modified":"2026-04-13T20:08:19","modified_gmt":"2026-04-13T18:08:19","slug":"rattrays-summer-breeze-2023-tabac-a-pipe-100-gr","status":"publish","type":"product","link":"https:\/\/www.tabakversand.ch\/fr\/produit\/rattrays-summer-breeze-2023-tabac-a-pipe-100-gr\/","title":{"rendered":"Tabac \u00e0 pipe Rattray&rsquo;s Summer Breeze 2023 100 gr."},"content":{"rendered":"<p>Tabac \u00e0 pipe Rattray&rsquo;s Summer Breeze 2023 100 gr.<\/p>\n<p>Cette ann\u00e9e, le coffret \u00e0 bijoux du \u00ab Rattray&rsquo;s Summer Edition 2023 \u00bb est orn\u00e9 d&rsquo;un chardon. Il s\u2019agit de la plante nationale \u00e9cossaise et elle est couramment utilis\u00e9e comme m\u00e9taphore de la fiert\u00e9 et de la fermet\u00e9 des \u00c9cossais. Elle a tendance \u00e0 \u00eatre n\u00e9glig\u00e9e et semble dure et piquante. Cependant, si vous regardez attentivement, vous pourrez voir une belle fleur. Quoi qu&rsquo;il en soit, le go\u00fbt des \u00c9cossais pour les fleurs est discutable. Tout le contraire de leur go\u00fbt dans le tabac \u00e0 pipe. Presque aucun pays ne peut se vanter d\u2019une plus longue tradition de pipe. La soci\u00e9t\u00e9 Rattray a publi\u00e9 de nombreux m\u00e9langes ph\u00e9nom\u00e9naux au fil des ans. Et c&rsquo;est pourquoi aucune autre plante ne pourrait mieux repr\u00e9senter l&rsquo;\u00e9dition d&rsquo;\u00e9t\u00e9 de cette ann\u00e9e que le chardon.<\/p>\n<p>Le m\u00e9lange est merveilleusement \u00e9quilibr\u00e9. Divers tabacs de Virginie se marient \u00e0 merveille avec une forte portion de Black Cavendish et une pinc\u00e9e de Burley. Le tout est compl\u00e9t\u00e9 par l&rsquo;ar\u00f4me savoureux de mangue et de fruit de la passion. Une pinc\u00e9e d&rsquo;\u00e9rable offre une douceur caram\u00e9lis\u00e9e et des notes de saveurs bois\u00e9es.<\/p>\n<p>Go\u00fbt : L\u2019ar\u00f4me offre une pure exp\u00e9rience estivale. L\u2019interaction des diff\u00e9rents tabacs de Virginie avec le noir Black Cavendish et le noisette Burley est tout simplement merveilleuse. La rencontre des accords exotiques et sucr\u00e9s de mangue et de fruit de la passion est gorg\u00e9e de fra\u00eecheur et de fruit. L&rsquo;ar\u00f4me d&rsquo;\u00e9rable donne le coup de fouet final \u00e0 l&rsquo;ensemble.<\/p>\n<table width=\"30%\">\n<tbody>\n<tr>\n<td width=\"50%\">Taper:<\/td>\n<td width=\"50%\">danois<\/td>\n<\/tr>\n<tr>\n<td width=\"50%\">Ar\u00f4me:<\/td>\n<td width=\"50%\">4\/5<\/td>\n<\/tr>\n<tr>\n<td width=\"50%\">Force:<\/td>\n<td width=\"50%\">2\/5<\/td>\n<\/tr>\n<tr>\n<td width=\"50%\">\u00c9valuation de la chambre&nbsp;:<\/td>\n<td width=\"50%\">3,5\/5<\/td>\n<\/tr>\n<\/tbody>\n<\/table>\n<p>Tous les prix indiqu\u00e9s sont valables uniquement pour les commandes en ligne, TVA incluse, et peuvent \u00eatre modifi\u00e9s sans pr\u00e9avis. Les frais de port sont en sus.   Sous r\u00e9serve d&rsquo;erreurs, de modifications de l&rsquo;\u00e9tendue de la livraison et de la conception, d&rsquo;erreurs d&rsquo;impression et de modifications de prix. Les prix barr\u00e9s sont plut\u00f4t des prix. L&rsquo;illustration peut diff\u00e9rer de l&rsquo;original\/de l&rsquo;\u00e9tendue de la livraison.<br \/>\n*Livraison gratuite pour les commandes sup\u00e9rieures \u00e0 CHF 250.-.<\/p>\n","protected":false},"excerpt":{"rendered":"<p>Tabac \u00e0 pipe Rattray&rsquo;s Summer Breeze 2023 100 gr. Cette ann\u00e9e, le coffret \u00e0 bijoux du \u00ab Rattray&rsquo;s Summer Edition 2023 \u00bb est orn\u00e9 d&rsquo;un chardon. Il s\u2019agit de la plante nationale \u00e9cossaise et elle est couramment utilis\u00e9e comme m\u00e9taphore de la fiert\u00e9 et de la fermet\u00e9 des \u00c9cossais. Elle a tendance \u00e0 \u00eatre n\u00e9glig\u00e9e [&hellip;]<\/p>\n","protected":false},"featured_media":142272,"template":"","meta":[],"product_brand":[1854],"product_cat":[5814,1949,1888,2040],"product_tag":[],"class_list":{"0":"post-142268","1":"product","2":"type-product","3":"status-publish","4":"has-post-thumbnail","6":"product_brand-rattrays","7":"product_cat-boites","8":"product_cat-pipe-world-fr","9":"product_cat-tabac","10":"product_cat-tabac-a-pipe-fr","12":"first","13":"onbackorder","14":"purchasable","15":"product-type-simple"},"yoast_head":"<!-- This site is optimized with the Yoast SEO plugin v27.5 - https:\/\/yoast.com\/product\/yoast-seo-wordpress\/ -->\n<title>Tabac \u00e0 pipe Rattray&#039;s Summer Breeze 2023 100 gr.<\/title>\n<meta name=\"description\" content=\"Tabac \u00e0 pipe Rattray&#039;s Summer Breeze 2023 100 gr. | \u00c0 Tabakversand.ch, vous pouvez obtenir cet excellent tabac \u00e0 pipe | Cartes accept\u00e9es!\" \/>\n<meta name=\"robots\" content=\"index, follow, max-snippet:-1, max-image-preview:large, max-video-preview:-1\" \/>\n<link rel=\"canonical\" href=\"https:\/\/www.tabakversand.ch\/fr\/produit\/rattrays-summer-breeze-2023-tabac-a-pipe-100-gr\/\" \/>\n<meta property=\"og:locale\" content=\"fr_FR\" \/>\n<meta property=\"og:type\" content=\"article\" \/>\n<meta property=\"og:title\" content=\"Tabac \u00e0 pipe Rattray&#039;s Summer Breeze 2023 100 gr.\" \/>\n<meta property=\"og:description\" content=\"Tabac \u00e0 pipe Rattray&#039;s Summer Breeze 2023 100 gr. | \u00c0 Tabakversand.ch, vous pouvez obtenir cet excellent tabac \u00e0 pipe | Cartes accept\u00e9es!\" \/>\n<meta property=\"og:url\" content=\"https:\/\/www.tabakversand.ch\/fr\/produit\/rattrays-summer-breeze-2023-tabac-a-pipe-100-gr\/\" \/>\n<meta property=\"og:site_name\" content=\"Tabakversand.ch | Alles aus der Welt des Tabaks\" \/>\n<meta property=\"article:modified_time\" content=\"2026-04-13T18:08:19+00:00\" \/>\n<meta property=\"og:image\" content=\"https:\/\/www.tabakversand.ch\/wp-content\/uploads\/2023\/10\/rattrays-summer-breeze-2023.jpg\" \/>\n\t<meta property=\"og:image:width\" content=\"500\" \/>\n\t<meta property=\"og:image:height\" content=\"500\" \/>\n\t<meta property=\"og:image:type\" content=\"image\/jpeg\" \/>\n<meta name=\"twitter:card\" content=\"summary_large_image\" \/>\n<meta name=\"twitter:label1\" content=\"Dur\u00e9e de lecture estim\u00e9e\" \/>\n\t<meta name=\"twitter:data1\" content=\"2 minutes\" \/>\n<script type=\"application\/ld+json\" class=\"yoast-schema-graph\">{\"@context\":\"https:\\\/\\\/schema.org\",\"@graph\":[{\"@type\":\"WebPage\",\"@id\":\"https:\\\/\\\/www.tabakversand.ch\\\/fr\\\/produit\\\/rattrays-summer-breeze-2023-tabac-a-pipe-100-gr\\\/\",\"url\":\"https:\\\/\\\/www.tabakversand.ch\\\/fr\\\/produit\\\/rattrays-summer-breeze-2023-tabac-a-pipe-100-gr\\\/\",\"name\":\"Tabac \u00e0 pipe Rattray's Summer Breeze 2023 100 gr.\",\"isPartOf\":{\"@id\":\"https:\\\/\\\/www.tabakversand.ch\\\/#website\"},\"primaryImageOfPage\":{\"@id\":\"https:\\\/\\\/www.tabakversand.ch\\\/fr\\\/produit\\\/rattrays-summer-breeze-2023-tabac-a-pipe-100-gr\\\/#primaryimage\"},\"image\":{\"@id\":\"https:\\\/\\\/www.tabakversand.ch\\\/fr\\\/produit\\\/rattrays-summer-breeze-2023-tabac-a-pipe-100-gr\\\/#primaryimage\"},\"thumbnailUrl\":\"https:\\\/\\\/www.tabakversand.ch\\\/wp-content\\\/uploads\\\/2023\\\/10\\\/rattrays-summer-breeze-2023.jpg\",\"datePublished\":\"2023-10-20T10:54:23+00:00\",\"dateModified\":\"2026-04-13T18:08:19+00:00\",\"description\":\"Tabac \u00e0 pipe Rattray's Summer Breeze 2023 100 gr. | \u00c0 Tabakversand.ch, vous pouvez obtenir cet excellent tabac \u00e0 pipe | Cartes accept\u00e9es!\",\"breadcrumb\":{\"@id\":\"https:\\\/\\\/www.tabakversand.ch\\\/fr\\\/produit\\\/rattrays-summer-breeze-2023-tabac-a-pipe-100-gr\\\/#breadcrumb\"},\"inLanguage\":\"fr-FR\",\"potentialAction\":[{\"@type\":\"ReadAction\",\"target\":[\"https:\\\/\\\/www.tabakversand.ch\\\/fr\\\/produit\\\/rattrays-summer-breeze-2023-tabac-a-pipe-100-gr\\\/\"]}]},{\"@type\":\"ImageObject\",\"inLanguage\":\"fr-FR\",\"@id\":\"https:\\\/\\\/www.tabakversand.ch\\\/fr\\\/produit\\\/rattrays-summer-breeze-2023-tabac-a-pipe-100-gr\\\/#primaryimage\",\"url\":\"https:\\\/\\\/www.tabakversand.ch\\\/wp-content\\\/uploads\\\/2023\\\/10\\\/rattrays-summer-breeze-2023.jpg\",\"contentUrl\":\"https:\\\/\\\/www.tabakversand.ch\\\/wp-content\\\/uploads\\\/2023\\\/10\\\/rattrays-summer-breeze-2023.jpg\",\"width\":500,\"height\":500,\"caption\":\"Tabac \u00e0 pipe Rattray's Summer Breeze 2023 100 gr. | Tabakversand.ch\"},{\"@type\":\"BreadcrumbList\",\"@id\":\"https:\\\/\\\/www.tabakversand.ch\\\/fr\\\/produit\\\/rattrays-summer-breeze-2023-tabac-a-pipe-100-gr\\\/#breadcrumb\",\"itemListElement\":[{\"@type\":\"ListItem\",\"position\":1,\"name\":\"Startseite\",\"item\":\"https:\\\/\\\/www.tabakversand.ch\\\/\"},{\"@type\":\"ListItem\",\"position\":2,\"name\":\"Boutique\",\"item\":\"https:\\\/\\\/www.tabakversand.ch\\\/fr\\\/boutique\\\/\"},{\"@type\":\"ListItem\",\"position\":3,\"name\":\"Tabac \u00e0 pipe Rattray's Summer Breeze 2023 100 gr.\"}]},{\"@type\":\"WebSite\",\"@id\":\"https:\\\/\\\/www.tabakversand.ch\\\/#website\",\"url\":\"https:\\\/\\\/www.tabakversand.ch\\\/\",\"name\":\"Tabakversand.ch | Alles aus der Welt des Tabaks\",\"description\":\"Smoke and carpe diem\",\"potentialAction\":[{\"@type\":\"SearchAction\",\"target\":{\"@type\":\"EntryPoint\",\"urlTemplate\":\"https:\\\/\\\/www.tabakversand.ch\\\/?s={search_term_string}\"},\"query-input\":{\"@type\":\"PropertyValueSpecification\",\"valueRequired\":true,\"valueName\":\"search_term_string\"}}],\"inLanguage\":\"fr-FR\"}]}<\/script>\n<!-- \/ Yoast SEO plugin. -->","yoast_head_json":{"title":"Tabac \u00e0 pipe Rattray's Summer Breeze 2023 100 gr.","description":"Tabac \u00e0 pipe Rattray's Summer Breeze 2023 100 gr. | \u00c0 Tabakversand.ch, vous pouvez obtenir cet excellent tabac \u00e0 pipe | Cartes accept\u00e9es!","robots":{"index":"index","follow":"follow","max-snippet":"max-snippet:-1","max-image-preview":"max-image-preview:large","max-video-preview":"max-video-preview:-1"},"canonical":"https:\/\/www.tabakversand.ch\/fr\/produit\/rattrays-summer-breeze-2023-tabac-a-pipe-100-gr\/","og_locale":"fr_FR","og_type":"article","og_title":"Tabac \u00e0 pipe Rattray's Summer Breeze 2023 100 gr.","og_description":"Tabac \u00e0 pipe Rattray's Summer Breeze 2023 100 gr. | \u00c0 Tabakversand.ch, vous pouvez obtenir cet excellent tabac \u00e0 pipe | Cartes accept\u00e9es!","og_url":"https:\/\/www.tabakversand.ch\/fr\/produit\/rattrays-summer-breeze-2023-tabac-a-pipe-100-gr\/","og_site_name":"Tabakversand.ch | Alles aus der Welt des Tabaks","article_modified_time":"2026-04-13T18:08:19+00:00","og_image":[{"width":500,"height":500,"url":"https:\/\/www.tabakversand.ch\/wp-content\/uploads\/2023\/10\/rattrays-summer-breeze-2023.jpg","type":"image\/jpeg"}],"twitter_card":"summary_large_image","twitter_misc":{"Dur\u00e9e de lecture estim\u00e9e":"2 minutes"},"schema":{"@context":"https:\/\/schema.org","@graph":[{"@type":"WebPage","@id":"https:\/\/www.tabakversand.ch\/fr\/produit\/rattrays-summer-breeze-2023-tabac-a-pipe-100-gr\/","url":"https:\/\/www.tabakversand.ch\/fr\/produit\/rattrays-summer-breeze-2023-tabac-a-pipe-100-gr\/","name":"Tabac \u00e0 pipe Rattray's Summer Breeze 2023 100 gr.","isPartOf":{"@id":"https:\/\/www.tabakversand.ch\/#website"},"primaryImageOfPage":{"@id":"https:\/\/www.tabakversand.ch\/fr\/produit\/rattrays-summer-breeze-2023-tabac-a-pipe-100-gr\/#primaryimage"},"image":{"@id":"https:\/\/www.tabakversand.ch\/fr\/produit\/rattrays-summer-breeze-2023-tabac-a-pipe-100-gr\/#primaryimage"},"thumbnailUrl":"https:\/\/www.tabakversand.ch\/wp-content\/uploads\/2023\/10\/rattrays-summer-breeze-2023.jpg","datePublished":"2023-10-20T10:54:23+00:00","dateModified":"2026-04-13T18:08:19+00:00","description":"Tabac \u00e0 pipe Rattray's Summer Breeze 2023 100 gr. | \u00c0 Tabakversand.ch, vous pouvez obtenir cet excellent tabac \u00e0 pipe | Cartes accept\u00e9es!","breadcrumb":{"@id":"https:\/\/www.tabakversand.ch\/fr\/produit\/rattrays-summer-breeze-2023-tabac-a-pipe-100-gr\/#breadcrumb"},"inLanguage":"fr-FR","potentialAction":[{"@type":"ReadAction","target":["https:\/\/www.tabakversand.ch\/fr\/produit\/rattrays-summer-breeze-2023-tabac-a-pipe-100-gr\/"]}]},{"@type":"ImageObject","inLanguage":"fr-FR","@id":"https:\/\/www.tabakversand.ch\/fr\/produit\/rattrays-summer-breeze-2023-tabac-a-pipe-100-gr\/#primaryimage","url":"https:\/\/www.tabakversand.ch\/wp-content\/uploads\/2023\/10\/rattrays-summer-breeze-2023.jpg","contentUrl":"https:\/\/www.tabakversand.ch\/wp-content\/uploads\/2023\/10\/rattrays-summer-breeze-2023.jpg","width":500,"height":500,"caption":"Tabac \u00e0 pipe Rattray's Summer Breeze 2023 100 gr. | Tabakversand.ch"},{"@type":"BreadcrumbList","@id":"https:\/\/www.tabakversand.ch\/fr\/produit\/rattrays-summer-breeze-2023-tabac-a-pipe-100-gr\/#breadcrumb","itemListElement":[{"@type":"ListItem","position":1,"name":"Startseite","item":"https:\/\/www.tabakversand.ch\/"},{"@type":"ListItem","position":2,"name":"Boutique","item":"https:\/\/www.tabakversand.ch\/fr\/boutique\/"},{"@type":"ListItem","position":3,"name":"Tabac \u00e0 pipe Rattray's Summer Breeze 2023 100 gr."}]},{"@type":"WebSite","@id":"https:\/\/www.tabakversand.ch\/#website","url":"https:\/\/www.tabakversand.ch\/","name":"Tabakversand.ch | Alles aus der Welt des Tabaks","description":"Smoke and carpe diem","potentialAction":[{"@type":"SearchAction","target":{"@type":"EntryPoint","urlTemplate":"https:\/\/www.tabakversand.ch\/?s={search_term_string}"},"query-input":{"@type":"PropertyValueSpecification","valueRequired":true,"valueName":"search_term_string"}}],"inLanguage":"fr-FR"}]}},"_links":{"self":[{"href":"https:\/\/www.tabakversand.ch\/fr\/wp-json\/wp\/v2\/product\/142268","targetHints":{"allow":["GET"]}}],"collection":[{"href":"https:\/\/www.tabakversand.ch\/fr\/wp-json\/wp\/v2\/product"}],"about":[{"href":"https:\/\/www.tabakversand.ch\/fr\/wp-json\/wp\/v2\/types\/product"}],"version-history":[{"count":3,"href":"https:\/\/www.tabakversand.ch\/fr\/wp-json\/wp\/v2\/product\/142268\/revisions"}],"predecessor-version":[{"id":217955,"href":"https:\/\/www.tabakversand.ch\/fr\/wp-json\/wp\/v2\/product\/142268\/revisions\/217955"}],"wp:featuredmedia":[{"embeddable":true,"href":"https:\/\/www.tabakversand.ch\/fr\/wp-json\/wp\/v2\/media\/142272"}],"wp:attachment":[{"href":"https:\/\/www.tabakversand.ch\/fr\/wp-json\/wp\/v2\/media?parent=142268"}],"wp:term":[{"taxonomy":"product_brand","embeddable":true,"href":"https:\/\/www.tabakversand.ch\/fr\/wp-json\/wp\/v2\/product_brand?post=142268"},{"taxonomy":"product_cat","embeddable":true,"href":"https:\/\/www.tabakversand.ch\/fr\/wp-json\/wp\/v2\/product_cat?post=142268"},{"taxonomy":"product_tag","embeddable":true,"href":"https:\/\/www.tabakversand.ch\/fr\/wp-json\/wp\/v2\/product_tag?post=142268"}],"curies":[{"name":"wp","href":"https:\/\/api.w.org\/{rel}","templated":true}]}}