{"id":145477,"date":"2023-12-01T13:29:25","date_gmt":"2023-12-01T12:29:25","guid":{"rendered":"https:\/\/www.tabakversand.ch\/?post_type=product&#038;p=145477"},"modified":"2025-01-23T13:36:00","modified_gmt":"2025-01-23T12:36:00","slug":"camacho-nicaragua-gran-churchill-20-kistli-cigares","status":"publish","type":"product","link":"https:\/\/www.tabakversand.ch\/fr\/produit\/camacho-nicaragua-gran-churchill-20-kistli-cigares\/","title":{"rendered":"Camacho Nicaragua Gran Churchill 20 cigares Kistli"},"content":{"rendered":"<p>Camacho Nicaragua Gran Churchill 20 cigares Kistli<\/p>\n<p>Forg\u00e9 dans le feu du Nicaragua. Fabriqu\u00e9s avec un talent artistique sans compromis, les ma\u00eetres m\u00e9langeurs Camacho exploitent les saveurs irr\u00e9pressibles et uniques du Nicaragua pour cr\u00e9er un m\u00e9lange exceptionnellement complexe avec une exp\u00e9rience gustative in\u00e9gal\u00e9e. Certaines choses ne peuvent \u00eatre apprivois\u00e9es. Comme ces cigares. Avec le contr\u00f4le du volume \u00e0 fond et la p\u00e9dale d&rsquo;acc\u00e9l\u00e9rateur enfonc\u00e9e jusqu&rsquo;au panneau de plancher, l&rsquo;inspiration \u00e9tait de combiner les doux ar\u00f4mes du bois de ch\u00eane du sol volcanique dans ces centrales et de faire battre plus vite le c\u0153ur des connaisseurs de Camacho.<\/p>\n<p>Dur\u00e9e de jouissance : 70 minutes.<\/p>\n<p>Page de couverture: \u00c9quateur<\/p>\n<p>Couverture: Honduras<\/p>\n<p>Ins\u00e9rer&nbsp;: R\u00e9publique dominicaine, Honduras, Nicaragua<\/p>\n<p>Diam\u00e8tre : 22,23 mm<\/p>\n<p>Taille de bague : 56<\/p>\n<p>Longueur : 17,78 cm<\/p>\n<p>Notes de saveur :<\/p>\n<p>Des notes subtiles de cannelle, de fruits secs et de poivre cr\u00e9ent un go\u00fbt sucr\u00e9, terreux \u00e0 \u00e9pic\u00e9.<\/p>\n<p>Intensit\u00e9 : 4 points sur 5<\/p>\n<p>Tous les prix s&rsquo;appliquent uniquement aux commandes en ligne et incluent la TVA et sont sujets \u00e0 changement plus les frais d&rsquo;exp\u00e9dition. Sous r\u00e9serve d&rsquo;erreurs, de modifications de l&rsquo;\u00e9tendue de la livraison et de la conception, d&rsquo;erreurs d&rsquo;impression et de modifications de prix. Les prix barr\u00e9s sont plut\u00f4t des prix. L&rsquo;illustration peut diff\u00e9rer de l&rsquo;original\/de l&rsquo;\u00e9tendue de la livraison. *Livraison gratuite pour les commandes sup\u00e9rieures \u00e0 CHF 250.     <\/p>\n","protected":false},"excerpt":{"rendered":"<p>Camacho Nicaragua Gran Churchill 20 cigares Kistli Forg\u00e9 dans le feu du Nicaragua. Fabriqu\u00e9s avec un talent artistique sans compromis, les ma\u00eetres m\u00e9langeurs Camacho exploitent les saveurs irr\u00e9pressibles et uniques du Nicaragua pour cr\u00e9er un m\u00e9lange exceptionnellement complexe avec une exp\u00e9rience gustative in\u00e9gal\u00e9e. Certaines choses ne peuvent \u00eatre apprivois\u00e9es. Comme ces cigares. Avec le contr\u00f4le [&hellip;]<\/p>\n","protected":false},"featured_media":145481,"template":"","meta":[],"product_brand":[1629],"product_cat":[3085,1993,1994,2131],"product_tag":[],"class_list":{"0":"post-145477","1":"product","2":"type-product","3":"status-publish","4":"has-post-thumbnail","6":"product_brand-camacho","7":"product_cat-camacho-nicaragua-fr","8":"product_cat-cigares","9":"product_cat-monde-du-cigare","10":"product_cat-nicaragua-fr","12":"first","13":"onbackorder","14":"purchasable","15":"product-type-simple"},"yoast_head":"<!-- This site is optimized with the Yoast SEO plugin v27.5 - https:\/\/yoast.com\/product\/yoast-seo-wordpress\/ -->\n<title>Camacho Nicaragua Gran Churchill 20 cigares Kistli - Tabakversand.ch | Alles aus der Welt des Tabaks<\/title>\n<meta name=\"description\" content=\"Camacho Nicaragua Gran Churchill 20er Cigares Kistli | Un grand choix de produits du tabac, d&#039;e-smoke et d&#039;ustensiles pour fumer dans toute la Suisse Cartes accept\u00e9es !\" \/>\n<meta name=\"robots\" content=\"index, follow, max-snippet:-1, max-image-preview:large, max-video-preview:-1\" \/>\n<link rel=\"canonical\" href=\"https:\/\/www.tabakversand.ch\/fr\/produit\/camacho-nicaragua-gran-churchill-20-kistli-cigares\/\" \/>\n<meta property=\"og:locale\" content=\"fr_FR\" \/>\n<meta property=\"og:type\" content=\"article\" \/>\n<meta property=\"og:title\" content=\"Camacho Nicaragua Gran Churchill 20 cigares Kistli - Tabakversand.ch | Alles aus der Welt des Tabaks\" \/>\n<meta property=\"og:description\" content=\"Camacho Nicaragua Gran Churchill 20er Cigares Kistli | Un grand choix de produits du tabac, d&#039;e-smoke et d&#039;ustensiles pour fumer dans toute la Suisse Cartes accept\u00e9es !\" \/>\n<meta property=\"og:url\" content=\"https:\/\/www.tabakversand.ch\/fr\/produit\/camacho-nicaragua-gran-churchill-20-kistli-cigares\/\" \/>\n<meta property=\"og:site_name\" content=\"Tabakversand.ch | Alles aus der Welt des Tabaks\" \/>\n<meta property=\"article:modified_time\" content=\"2025-01-23T12:36:00+00:00\" \/>\n<meta property=\"og:image\" content=\"https:\/\/www.tabakversand.ch\/wp-content\/uploads\/2023\/12\/camacho-nicaragua-gran-churchill.jpg\" \/>\n\t<meta property=\"og:image:width\" content=\"500\" \/>\n\t<meta property=\"og:image:height\" content=\"500\" \/>\n\t<meta property=\"og:image:type\" content=\"image\/jpeg\" \/>\n<meta name=\"twitter:card\" content=\"summary_large_image\" \/>\n<meta name=\"twitter:label1\" content=\"Dur\u00e9e de lecture estim\u00e9e\" \/>\n\t<meta name=\"twitter:data1\" content=\"1 minute\" \/>\n<script type=\"application\/ld+json\" class=\"yoast-schema-graph\">{\"@context\":\"https:\\\/\\\/schema.org\",\"@graph\":[{\"@type\":\"WebPage\",\"@id\":\"https:\\\/\\\/www.tabakversand.ch\\\/fr\\\/produit\\\/camacho-nicaragua-gran-churchill-20-kistli-cigares\\\/\",\"url\":\"https:\\\/\\\/www.tabakversand.ch\\\/fr\\\/produit\\\/camacho-nicaragua-gran-churchill-20-kistli-cigares\\\/\",\"name\":\"Camacho Nicaragua Gran Churchill 20 cigares Kistli - Tabakversand.ch | Alles aus der Welt des Tabaks\",\"isPartOf\":{\"@id\":\"https:\\\/\\\/www.tabakversand.ch\\\/#website\"},\"primaryImageOfPage\":{\"@id\":\"https:\\\/\\\/www.tabakversand.ch\\\/fr\\\/produit\\\/camacho-nicaragua-gran-churchill-20-kistli-cigares\\\/#primaryimage\"},\"image\":{\"@id\":\"https:\\\/\\\/www.tabakversand.ch\\\/fr\\\/produit\\\/camacho-nicaragua-gran-churchill-20-kistli-cigares\\\/#primaryimage\"},\"thumbnailUrl\":\"https:\\\/\\\/www.tabakversand.ch\\\/wp-content\\\/uploads\\\/2023\\\/12\\\/camacho-nicaragua-gran-churchill.jpg\",\"datePublished\":\"2023-12-01T12:29:25+00:00\",\"dateModified\":\"2025-01-23T12:36:00+00:00\",\"description\":\"Camacho Nicaragua Gran Churchill 20er Cigares Kistli | Un grand choix de produits du tabac, d'e-smoke et d'ustensiles pour fumer dans toute la Suisse Cartes accept\u00e9es !\",\"breadcrumb\":{\"@id\":\"https:\\\/\\\/www.tabakversand.ch\\\/fr\\\/produit\\\/camacho-nicaragua-gran-churchill-20-kistli-cigares\\\/#breadcrumb\"},\"inLanguage\":\"fr-FR\",\"potentialAction\":[{\"@type\":\"ReadAction\",\"target\":[\"https:\\\/\\\/www.tabakversand.ch\\\/fr\\\/produit\\\/camacho-nicaragua-gran-churchill-20-kistli-cigares\\\/\"]}]},{\"@type\":\"ImageObject\",\"inLanguage\":\"fr-FR\",\"@id\":\"https:\\\/\\\/www.tabakversand.ch\\\/fr\\\/produit\\\/camacho-nicaragua-gran-churchill-20-kistli-cigares\\\/#primaryimage\",\"url\":\"https:\\\/\\\/www.tabakversand.ch\\\/wp-content\\\/uploads\\\/2023\\\/12\\\/camacho-nicaragua-gran-churchill.jpg\",\"contentUrl\":\"https:\\\/\\\/www.tabakversand.ch\\\/wp-content\\\/uploads\\\/2023\\\/12\\\/camacho-nicaragua-gran-churchill.jpg\",\"width\":500,\"height\":500,\"caption\":\"Camacho Nicaragua Gran Churchill 20er Kistli Zigarren\"},{\"@type\":\"BreadcrumbList\",\"@id\":\"https:\\\/\\\/www.tabakversand.ch\\\/fr\\\/produit\\\/camacho-nicaragua-gran-churchill-20-kistli-cigares\\\/#breadcrumb\",\"itemListElement\":[{\"@type\":\"ListItem\",\"position\":1,\"name\":\"Startseite\",\"item\":\"https:\\\/\\\/www.tabakversand.ch\\\/\"},{\"@type\":\"ListItem\",\"position\":2,\"name\":\"Boutique\",\"item\":\"https:\\\/\\\/www.tabakversand.ch\\\/fr\\\/boutique\\\/\"},{\"@type\":\"ListItem\",\"position\":3,\"name\":\"Camacho Nicaragua Gran Churchill 20 cigares Kistli\"}]},{\"@type\":\"WebSite\",\"@id\":\"https:\\\/\\\/www.tabakversand.ch\\\/#website\",\"url\":\"https:\\\/\\\/www.tabakversand.ch\\\/\",\"name\":\"Tabakversand.ch | Alles aus der Welt des Tabaks\",\"description\":\"Smoke and carpe diem\",\"potentialAction\":[{\"@type\":\"SearchAction\",\"target\":{\"@type\":\"EntryPoint\",\"urlTemplate\":\"https:\\\/\\\/www.tabakversand.ch\\\/?s={search_term_string}\"},\"query-input\":{\"@type\":\"PropertyValueSpecification\",\"valueRequired\":true,\"valueName\":\"search_term_string\"}}],\"inLanguage\":\"fr-FR\"}]}<\/script>\n<!-- \/ Yoast SEO plugin. -->","yoast_head_json":{"title":"Camacho Nicaragua Gran Churchill 20 cigares Kistli - Tabakversand.ch | Alles aus der Welt des Tabaks","description":"Camacho Nicaragua Gran Churchill 20er Cigares Kistli | Un grand choix de produits du tabac, d'e-smoke et d'ustensiles pour fumer dans toute la Suisse Cartes accept\u00e9es !","robots":{"index":"index","follow":"follow","max-snippet":"max-snippet:-1","max-image-preview":"max-image-preview:large","max-video-preview":"max-video-preview:-1"},"canonical":"https:\/\/www.tabakversand.ch\/fr\/produit\/camacho-nicaragua-gran-churchill-20-kistli-cigares\/","og_locale":"fr_FR","og_type":"article","og_title":"Camacho Nicaragua Gran Churchill 20 cigares Kistli - Tabakversand.ch | Alles aus der Welt des Tabaks","og_description":"Camacho Nicaragua Gran Churchill 20er Cigares Kistli | Un grand choix de produits du tabac, d'e-smoke et d'ustensiles pour fumer dans toute la Suisse Cartes accept\u00e9es !","og_url":"https:\/\/www.tabakversand.ch\/fr\/produit\/camacho-nicaragua-gran-churchill-20-kistli-cigares\/","og_site_name":"Tabakversand.ch | Alles aus der Welt des Tabaks","article_modified_time":"2025-01-23T12:36:00+00:00","og_image":[{"width":500,"height":500,"url":"https:\/\/www.tabakversand.ch\/wp-content\/uploads\/2023\/12\/camacho-nicaragua-gran-churchill.jpg","type":"image\/jpeg"}],"twitter_card":"summary_large_image","twitter_misc":{"Dur\u00e9e de lecture estim\u00e9e":"1 minute"},"schema":{"@context":"https:\/\/schema.org","@graph":[{"@type":"WebPage","@id":"https:\/\/www.tabakversand.ch\/fr\/produit\/camacho-nicaragua-gran-churchill-20-kistli-cigares\/","url":"https:\/\/www.tabakversand.ch\/fr\/produit\/camacho-nicaragua-gran-churchill-20-kistli-cigares\/","name":"Camacho Nicaragua Gran Churchill 20 cigares Kistli - Tabakversand.ch | Alles aus der Welt des Tabaks","isPartOf":{"@id":"https:\/\/www.tabakversand.ch\/#website"},"primaryImageOfPage":{"@id":"https:\/\/www.tabakversand.ch\/fr\/produit\/camacho-nicaragua-gran-churchill-20-kistli-cigares\/#primaryimage"},"image":{"@id":"https:\/\/www.tabakversand.ch\/fr\/produit\/camacho-nicaragua-gran-churchill-20-kistli-cigares\/#primaryimage"},"thumbnailUrl":"https:\/\/www.tabakversand.ch\/wp-content\/uploads\/2023\/12\/camacho-nicaragua-gran-churchill.jpg","datePublished":"2023-12-01T12:29:25+00:00","dateModified":"2025-01-23T12:36:00+00:00","description":"Camacho Nicaragua Gran Churchill 20er Cigares Kistli | Un grand choix de produits du tabac, d'e-smoke et d'ustensiles pour fumer dans toute la Suisse Cartes accept\u00e9es !","breadcrumb":{"@id":"https:\/\/www.tabakversand.ch\/fr\/produit\/camacho-nicaragua-gran-churchill-20-kistli-cigares\/#breadcrumb"},"inLanguage":"fr-FR","potentialAction":[{"@type":"ReadAction","target":["https:\/\/www.tabakversand.ch\/fr\/produit\/camacho-nicaragua-gran-churchill-20-kistli-cigares\/"]}]},{"@type":"ImageObject","inLanguage":"fr-FR","@id":"https:\/\/www.tabakversand.ch\/fr\/produit\/camacho-nicaragua-gran-churchill-20-kistli-cigares\/#primaryimage","url":"https:\/\/www.tabakversand.ch\/wp-content\/uploads\/2023\/12\/camacho-nicaragua-gran-churchill.jpg","contentUrl":"https:\/\/www.tabakversand.ch\/wp-content\/uploads\/2023\/12\/camacho-nicaragua-gran-churchill.jpg","width":500,"height":500,"caption":"Camacho Nicaragua Gran Churchill 20er Kistli Zigarren"},{"@type":"BreadcrumbList","@id":"https:\/\/www.tabakversand.ch\/fr\/produit\/camacho-nicaragua-gran-churchill-20-kistli-cigares\/#breadcrumb","itemListElement":[{"@type":"ListItem","position":1,"name":"Startseite","item":"https:\/\/www.tabakversand.ch\/"},{"@type":"ListItem","position":2,"name":"Boutique","item":"https:\/\/www.tabakversand.ch\/fr\/boutique\/"},{"@type":"ListItem","position":3,"name":"Camacho Nicaragua Gran Churchill 20 cigares Kistli"}]},{"@type":"WebSite","@id":"https:\/\/www.tabakversand.ch\/#website","url":"https:\/\/www.tabakversand.ch\/","name":"Tabakversand.ch | Alles aus der Welt des Tabaks","description":"Smoke and carpe diem","potentialAction":[{"@type":"SearchAction","target":{"@type":"EntryPoint","urlTemplate":"https:\/\/www.tabakversand.ch\/?s={search_term_string}"},"query-input":{"@type":"PropertyValueSpecification","valueRequired":true,"valueName":"search_term_string"}}],"inLanguage":"fr-FR"}]}},"_links":{"self":[{"href":"https:\/\/www.tabakversand.ch\/fr\/wp-json\/wp\/v2\/product\/145477","targetHints":{"allow":["GET"]}}],"collection":[{"href":"https:\/\/www.tabakversand.ch\/fr\/wp-json\/wp\/v2\/product"}],"about":[{"href":"https:\/\/www.tabakversand.ch\/fr\/wp-json\/wp\/v2\/types\/product"}],"version-history":[{"count":3,"href":"https:\/\/www.tabakversand.ch\/fr\/wp-json\/wp\/v2\/product\/145477\/revisions"}],"predecessor-version":[{"id":166754,"href":"https:\/\/www.tabakversand.ch\/fr\/wp-json\/wp\/v2\/product\/145477\/revisions\/166754"}],"wp:featuredmedia":[{"embeddable":true,"href":"https:\/\/www.tabakversand.ch\/fr\/wp-json\/wp\/v2\/media\/145481"}],"wp:attachment":[{"href":"https:\/\/www.tabakversand.ch\/fr\/wp-json\/wp\/v2\/media?parent=145477"}],"wp:term":[{"taxonomy":"product_brand","embeddable":true,"href":"https:\/\/www.tabakversand.ch\/fr\/wp-json\/wp\/v2\/product_brand?post=145477"},{"taxonomy":"product_cat","embeddable":true,"href":"https:\/\/www.tabakversand.ch\/fr\/wp-json\/wp\/v2\/product_cat?post=145477"},{"taxonomy":"product_tag","embeddable":true,"href":"https:\/\/www.tabakversand.ch\/fr\/wp-json\/wp\/v2\/product_tag?post=145477"}],"curies":[{"name":"wp","href":"https:\/\/api.w.org\/{rel}","templated":true}]}}