{"id":145526,"date":"2023-12-02T11:38:16","date_gmt":"2023-12-02T10:38:16","guid":{"rendered":"https:\/\/www.tabakversand.ch\/?post_type=product&#038;p=145526"},"modified":"2025-04-10T12:09:21","modified_gmt":"2025-04-10T10:09:21","slug":"camacho-broadleaf-robusto-20-kistli-cigares","status":"publish","type":"product","link":"https:\/\/www.tabakversand.ch\/fr\/produit\/camacho-broadleaf-robusto-20-kistli-cigares\/","title":{"rendered":"Cigares Camacho Broadleaf Robusto 20er Kistli"},"content":{"rendered":"<p>Cigares Camacho Broadleaf Robusto 20er Kistli<\/p>\n<p>Le Camacho Broadleaf Robusto \u00e9l\u00e8ve le plaisir du tabac \u00e0 un nouveau niveau. D&rsquo;intensit\u00e9 moyenne, il offre un profil aromatique robuste. Lorsque vous allumez ce cigare exceptionnel, savourez de riches notes de chocolat noir et d&rsquo;espresso, compl\u00e9t\u00e9es par une douceur cr\u00e9meuse et des \u00e9pices terreuses. Les ar\u00f4mes de cuir et de bois de ch\u00eane conf\u00e8rent \u00e0 ce cigare un caract\u00e8re aventureux et \u00e9largissent la vari\u00e9t\u00e9 des saveurs<\/p>\n<p>Dur\u00e9e : 45 min.<\/p>\n<p>Page de couverture: Honduras<\/p>\n<p>Couverture: Honduras<\/p>\n<p>Ins\u00e9rer&nbsp;: R\u00e9publique dominicaine, Honduras<\/p>\n<p>Diam\u00e8tre: 20 mm<\/p>\n<p>Taille de bague : 50<\/p>\n<p>Notes de saveur :<\/p>\n<p>1\/3 : chocolat noir, expresso<br \/>\n 2\/3 : cr\u00e8me sucr\u00e9e, \u00e9pices<br \/>\n 3\/3 : cuir, bois de ch\u00eane<\/p>\n<p>Longueur: 12,7 cm<\/p>\n<p>Intensit\u00e9 : 3,5 sur 5 points<\/p>\n<p>Tous les prix s&rsquo;appliquent uniquement aux commandes en ligne et incluent la TVA. TVA, sous r\u00e9serve de modifications plus Exp\u00e9dition. Sous r\u00e9serve d&rsquo;erreurs, de modifications de l&rsquo;\u00e9tendue de la livraison et de la conception, d&rsquo;erreurs d&rsquo;impression et de modifications de prix. Les prix barr\u00e9s sont plut\u00f4t des prix. L&rsquo;illustration peut diff\u00e9rer de l&rsquo;original\/de l&rsquo;\u00e9tendue de la livraison.<br \/>\n*Livraison gratuite pour les commandes sup\u00e9rieures \u00e0 CHF 250.<\/p>\n","protected":false},"excerpt":{"rendered":"<p>Cigares Camacho Broadleaf Robusto 20er Kistli Le Camacho Broadleaf Robusto \u00e9l\u00e8ve le plaisir du tabac \u00e0 un nouveau niveau. D&rsquo;intensit\u00e9 moyenne, il offre un profil aromatique robuste. Lorsque vous allumez ce cigare exceptionnel, savourez de riches notes de chocolat noir et d&rsquo;espresso, compl\u00e9t\u00e9es par une douceur cr\u00e9meuse et des \u00e9pices terreuses. Les ar\u00f4mes de cuir [&hellip;]<\/p>\n","protected":false},"featured_media":145530,"template":"","meta":[],"product_brand":[1629],"product_cat":[2326,3088,1993,2329,1994],"product_tag":[],"class_list":{"0":"post-145526","1":"product","2":"type-product","3":"status-publish","4":"has-post-thumbnail","6":"product_brand-camacho","7":"product_cat-camacho-fr","8":"product_cat-camacho-a-feuilles-larges","9":"product_cat-cigares","10":"product_cat-honduras-fr","11":"product_cat-monde-du-cigare","13":"first","14":"instock","15":"purchasable","16":"product-type-simple"},"yoast_head":"<!-- This site is optimized with the Yoast SEO plugin v27.0 - https:\/\/yoast.com\/product\/yoast-seo-wordpress\/ -->\n<title>Cigares Camacho Broadleaf Robusto 20er Kistli - Tabakversand.ch | Alles aus der Welt des Tabaks<\/title>\n<meta name=\"description\" content=\"Camacho Broadleaf Robusto 20er Cigares Kistli | Un grand choix de produits du tabac, d&#039;e-smoke et d&#039;ustensiles pour fumer dans toute la Suisse Cartes accept\u00e9es !\" \/>\n<meta name=\"robots\" content=\"index, follow, max-snippet:-1, max-image-preview:large, max-video-preview:-1\" \/>\n<link rel=\"canonical\" href=\"https:\/\/www.tabakversand.ch\/fr\/produkt\/camacho-broadleaf-robusto-20-kistli-cigares\/\" \/>\n<meta property=\"og:locale\" content=\"fr_FR\" \/>\n<meta property=\"og:type\" content=\"article\" \/>\n<meta property=\"og:title\" content=\"Cigares Camacho Broadleaf Robusto 20er Kistli - Tabakversand.ch | Alles aus der Welt des Tabaks\" \/>\n<meta property=\"og:description\" content=\"Camacho Broadleaf Robusto 20er Cigares Kistli | Un grand choix de produits du tabac, d&#039;e-smoke et d&#039;ustensiles pour fumer dans toute la Suisse Cartes accept\u00e9es !\" \/>\n<meta property=\"og:url\" content=\"https:\/\/www.tabakversand.ch\/fr\/produkt\/camacho-broadleaf-robusto-20-kistli-cigares\/\" \/>\n<meta property=\"og:site_name\" content=\"Tabakversand.ch | Alles aus der Welt des Tabaks\" \/>\n<meta property=\"article:modified_time\" content=\"2025-04-10T10:09:21+00:00\" \/>\n<meta property=\"og:image\" content=\"https:\/\/www.tabakversand.ch\/wp-content\/uploads\/2023\/12\/camacho-broadleaf-robusto.jpg\" \/>\n\t<meta property=\"og:image:width\" content=\"500\" \/>\n\t<meta property=\"og:image:height\" content=\"500\" \/>\n\t<meta property=\"og:image:type\" content=\"image\/jpeg\" \/>\n<meta name=\"twitter:card\" content=\"summary_large_image\" \/>\n<meta name=\"twitter:label1\" content=\"Dur\u00e9e de lecture estim\u00e9e\" \/>\n\t<meta name=\"twitter:data1\" content=\"1 minute\" \/>\n<script type=\"application\/ld+json\" class=\"yoast-schema-graph\">{\"@context\":\"https:\/\/schema.org\",\"@graph\":[{\"@type\":\"WebPage\",\"@id\":\"https:\/\/www.tabakversand.ch\/fr\/produkt\/camacho-broadleaf-robusto-20-kistli-cigares\/\",\"url\":\"https:\/\/www.tabakversand.ch\/fr\/produkt\/camacho-broadleaf-robusto-20-kistli-cigares\/\",\"name\":\"Cigares Camacho Broadleaf Robusto 20er Kistli - Tabakversand.ch | Alles aus der Welt des Tabaks\",\"isPartOf\":{\"@id\":\"https:\/\/www.tabakversand.ch\/#website\"},\"primaryImageOfPage\":{\"@id\":\"https:\/\/www.tabakversand.ch\/fr\/produkt\/camacho-broadleaf-robusto-20-kistli-cigares\/#primaryimage\"},\"image\":{\"@id\":\"https:\/\/www.tabakversand.ch\/fr\/produkt\/camacho-broadleaf-robusto-20-kistli-cigares\/#primaryimage\"},\"thumbnailUrl\":\"https:\/\/www.tabakversand.ch\/wp-content\/uploads\/2023\/12\/camacho-broadleaf-robusto.jpg\",\"datePublished\":\"2023-12-02T10:38:16+00:00\",\"dateModified\":\"2025-04-10T10:09:21+00:00\",\"description\":\"Camacho Broadleaf Robusto 20er Cigares Kistli | Un grand choix de produits du tabac, d'e-smoke et d'ustensiles pour fumer dans toute la Suisse Cartes accept\u00e9es !\",\"breadcrumb\":{\"@id\":\"https:\/\/www.tabakversand.ch\/fr\/produkt\/camacho-broadleaf-robusto-20-kistli-cigares\/#breadcrumb\"},\"inLanguage\":\"fr-FR\",\"potentialAction\":[{\"@type\":\"ReadAction\",\"target\":[\"https:\/\/www.tabakversand.ch\/fr\/produkt\/camacho-broadleaf-robusto-20-kistli-cigares\/\"]}]},{\"@type\":\"ImageObject\",\"inLanguage\":\"fr-FR\",\"@id\":\"https:\/\/www.tabakversand.ch\/fr\/produkt\/camacho-broadleaf-robusto-20-kistli-cigares\/#primaryimage\",\"url\":\"https:\/\/www.tabakversand.ch\/wp-content\/uploads\/2023\/12\/camacho-broadleaf-robusto.jpg\",\"contentUrl\":\"https:\/\/www.tabakversand.ch\/wp-content\/uploads\/2023\/12\/camacho-broadleaf-robusto.jpg\",\"width\":500,\"height\":500,\"caption\":\"Camacho Broadleaf Robusto 20er Kistli Zigarren\"},{\"@type\":\"BreadcrumbList\",\"@id\":\"https:\/\/www.tabakversand.ch\/fr\/produkt\/camacho-broadleaf-robusto-20-kistli-cigares\/#breadcrumb\",\"itemListElement\":[{\"@type\":\"ListItem\",\"position\":1,\"name\":\"Startseite\",\"item\":\"https:\/\/www.tabakversand.ch\/\"},{\"@type\":\"ListItem\",\"position\":2,\"name\":\"Boutique\",\"item\":\"https:\/\/www.tabakversand.ch\/fr\/boutique\/\"},{\"@type\":\"ListItem\",\"position\":3,\"name\":\"Cigares Camacho Broadleaf Robusto 20er Kistli\"}]},{\"@type\":\"WebSite\",\"@id\":\"https:\/\/www.tabakversand.ch\/#website\",\"url\":\"https:\/\/www.tabakversand.ch\/\",\"name\":\"Tabakversand.ch | Alles aus der Welt des Tabaks\",\"description\":\"Smoke and carpe diem\",\"potentialAction\":[{\"@type\":\"SearchAction\",\"target\":{\"@type\":\"EntryPoint\",\"urlTemplate\":\"https:\/\/www.tabakversand.ch\/?s={search_term_string}\"},\"query-input\":{\"@type\":\"PropertyValueSpecification\",\"valueRequired\":true,\"valueName\":\"search_term_string\"}}],\"inLanguage\":\"fr-FR\"}]}<\/script>\n<!-- \/ Yoast SEO plugin. -->","yoast_head_json":{"title":"Cigares Camacho Broadleaf Robusto 20er Kistli - Tabakversand.ch | Alles aus der Welt des Tabaks","description":"Camacho Broadleaf Robusto 20er Cigares Kistli | Un grand choix de produits du tabac, d'e-smoke et d'ustensiles pour fumer dans toute la Suisse Cartes accept\u00e9es !","robots":{"index":"index","follow":"follow","max-snippet":"max-snippet:-1","max-image-preview":"max-image-preview:large","max-video-preview":"max-video-preview:-1"},"canonical":"https:\/\/www.tabakversand.ch\/fr\/produkt\/camacho-broadleaf-robusto-20-kistli-cigares\/","og_locale":"fr_FR","og_type":"article","og_title":"Cigares Camacho Broadleaf Robusto 20er Kistli - Tabakversand.ch | Alles aus der Welt des Tabaks","og_description":"Camacho Broadleaf Robusto 20er Cigares Kistli | Un grand choix de produits du tabac, d'e-smoke et d'ustensiles pour fumer dans toute la Suisse Cartes accept\u00e9es !","og_url":"https:\/\/www.tabakversand.ch\/fr\/produkt\/camacho-broadleaf-robusto-20-kistli-cigares\/","og_site_name":"Tabakversand.ch | Alles aus der Welt des Tabaks","article_modified_time":"2025-04-10T10:09:21+00:00","og_image":[{"width":500,"height":500,"url":"https:\/\/www.tabakversand.ch\/wp-content\/uploads\/2023\/12\/camacho-broadleaf-robusto.jpg","type":"image\/jpeg"}],"twitter_card":"summary_large_image","twitter_misc":{"Dur\u00e9e de lecture estim\u00e9e":"1 minute"},"schema":{"@context":"https:\/\/schema.org","@graph":[{"@type":"WebPage","@id":"https:\/\/www.tabakversand.ch\/fr\/produkt\/camacho-broadleaf-robusto-20-kistli-cigares\/","url":"https:\/\/www.tabakversand.ch\/fr\/produkt\/camacho-broadleaf-robusto-20-kistli-cigares\/","name":"Cigares Camacho Broadleaf Robusto 20er Kistli - Tabakversand.ch | Alles aus der Welt des Tabaks","isPartOf":{"@id":"https:\/\/www.tabakversand.ch\/#website"},"primaryImageOfPage":{"@id":"https:\/\/www.tabakversand.ch\/fr\/produkt\/camacho-broadleaf-robusto-20-kistli-cigares\/#primaryimage"},"image":{"@id":"https:\/\/www.tabakversand.ch\/fr\/produkt\/camacho-broadleaf-robusto-20-kistli-cigares\/#primaryimage"},"thumbnailUrl":"https:\/\/www.tabakversand.ch\/wp-content\/uploads\/2023\/12\/camacho-broadleaf-robusto.jpg","datePublished":"2023-12-02T10:38:16+00:00","dateModified":"2025-04-10T10:09:21+00:00","description":"Camacho Broadleaf Robusto 20er Cigares Kistli | Un grand choix de produits du tabac, d'e-smoke et d'ustensiles pour fumer dans toute la Suisse Cartes accept\u00e9es !","breadcrumb":{"@id":"https:\/\/www.tabakversand.ch\/fr\/produkt\/camacho-broadleaf-robusto-20-kistli-cigares\/#breadcrumb"},"inLanguage":"fr-FR","potentialAction":[{"@type":"ReadAction","target":["https:\/\/www.tabakversand.ch\/fr\/produkt\/camacho-broadleaf-robusto-20-kistli-cigares\/"]}]},{"@type":"ImageObject","inLanguage":"fr-FR","@id":"https:\/\/www.tabakversand.ch\/fr\/produkt\/camacho-broadleaf-robusto-20-kistli-cigares\/#primaryimage","url":"https:\/\/www.tabakversand.ch\/wp-content\/uploads\/2023\/12\/camacho-broadleaf-robusto.jpg","contentUrl":"https:\/\/www.tabakversand.ch\/wp-content\/uploads\/2023\/12\/camacho-broadleaf-robusto.jpg","width":500,"height":500,"caption":"Camacho Broadleaf Robusto 20er Kistli Zigarren"},{"@type":"BreadcrumbList","@id":"https:\/\/www.tabakversand.ch\/fr\/produkt\/camacho-broadleaf-robusto-20-kistli-cigares\/#breadcrumb","itemListElement":[{"@type":"ListItem","position":1,"name":"Startseite","item":"https:\/\/www.tabakversand.ch\/"},{"@type":"ListItem","position":2,"name":"Boutique","item":"https:\/\/www.tabakversand.ch\/fr\/boutique\/"},{"@type":"ListItem","position":3,"name":"Cigares Camacho Broadleaf Robusto 20er Kistli"}]},{"@type":"WebSite","@id":"https:\/\/www.tabakversand.ch\/#website","url":"https:\/\/www.tabakversand.ch\/","name":"Tabakversand.ch | Alles aus der Welt des Tabaks","description":"Smoke and carpe diem","potentialAction":[{"@type":"SearchAction","target":{"@type":"EntryPoint","urlTemplate":"https:\/\/www.tabakversand.ch\/?s={search_term_string}"},"query-input":{"@type":"PropertyValueSpecification","valueRequired":true,"valueName":"search_term_string"}}],"inLanguage":"fr-FR"}]}},"_links":{"self":[{"href":"https:\/\/www.tabakversand.ch\/fr\/wp-json\/wp\/v2\/product\/145526","targetHints":{"allow":["GET"]}}],"collection":[{"href":"https:\/\/www.tabakversand.ch\/fr\/wp-json\/wp\/v2\/product"}],"about":[{"href":"https:\/\/www.tabakversand.ch\/fr\/wp-json\/wp\/v2\/types\/product"}],"version-history":[{"count":4,"href":"https:\/\/www.tabakversand.ch\/fr\/wp-json\/wp\/v2\/product\/145526\/revisions"}],"predecessor-version":[{"id":180567,"href":"https:\/\/www.tabakversand.ch\/fr\/wp-json\/wp\/v2\/product\/145526\/revisions\/180567"}],"wp:featuredmedia":[{"embeddable":true,"href":"https:\/\/www.tabakversand.ch\/fr\/wp-json\/wp\/v2\/media\/145530"}],"wp:attachment":[{"href":"https:\/\/www.tabakversand.ch\/fr\/wp-json\/wp\/v2\/media?parent=145526"}],"wp:term":[{"taxonomy":"product_brand","embeddable":true,"href":"https:\/\/www.tabakversand.ch\/fr\/wp-json\/wp\/v2\/product_brand?post=145526"},{"taxonomy":"product_cat","embeddable":true,"href":"https:\/\/www.tabakversand.ch\/fr\/wp-json\/wp\/v2\/product_cat?post=145526"},{"taxonomy":"product_tag","embeddable":true,"href":"https:\/\/www.tabakversand.ch\/fr\/wp-json\/wp\/v2\/product_tag?post=145526"}],"curies":[{"name":"wp","href":"https:\/\/api.w.org\/{rel}","templated":true}]}}