{"id":147117,"date":"2023-12-19T16:05:21","date_gmt":"2023-12-19T15:05:21","guid":{"rendered":"https:\/\/www.tabakversand.ch\/?post_type=product&#038;p=147117"},"modified":"2026-01-22T08:00:56","modified_gmt":"2026-01-22T07:00:56","slug":"corona-cleaner-mini-filtre-24-pcs","status":"publish","type":"product","link":"https:\/\/www.tabakversand.ch\/fr\/produit\/corona-cleaner-mini-filtre-24-pcs\/","title":{"rendered":"Filtres Korona Cleaner Mini, 24 pi\u00e8ces."},"content":{"rendered":"<p>Filtres Korona Cleaner Mini, 24 pi\u00e8ces.<\/p>\n<p>1 bo\u00eete<\/p>\n<p>Filtres \u00e0 cigarettes de type micro \u2013 adapt\u00e9s \u00e0 environ 4 \u00e0 6 cigarettes par filtre. R\u00e9duisent les substances nocives jusqu&rsquo;\u00e0 80 % sans alt\u00e9rer le go\u00fbt. Le Korona Cleaner n&rsquo;est pas seulement un porte-cigarette compact et facile \u00e0 utiliser, mais aussi un filtre efficace et r\u00e9utilisable, le tout en un. Sans alt\u00e9rer le go\u00fbt du tabac, le nettoyant Korona \u00e9limine activement 80 % du goudron. Cela vous garantira une exp\u00e9rience de tabagisme plus agr\u00e9able et plaisante. Ces filtres prot\u00e8gent non seulement votre sant\u00e9, mais pr\u00e9viennent \u00e9galement la d\u00e9coloration des dents et la mauvaise haleine. Il est recommand\u00e9 d&rsquo;utiliser chaque filtre pour 4 \u00e0 6 cigarettes.<\/p>\n<p>Conserver \u00e0 temp\u00e9rature ambiante. Tenir hors de port\u00e9e des enfants.<br \/>\n Si le marquage de couleur est compl\u00e8tement recouvert, le filtre doit \u00eatre chang\u00e9.<\/p>\n<p>Tous les prix s&rsquo;appliquent uniquement aux commandes en ligne et incluent la TVA. Sous r\u00e9serve de modifications sans pr\u00e9avis, frais de livraison en sus. Sous r\u00e9serve d&rsquo;erreurs, de modifications de contenu de livraison et de conception, de fautes d&rsquo;impression et de modifications de prix. Les prix barr\u00e9s sont des prix de remplacement. Les illustrations peuvent diff\u00e9rer de l&rsquo;original\/du contenu de livraison.<br \/>\n*Livraison gratuite pour les commandes sup\u00e9rieures \u00e0 CHF 250.-.<\/p>\n","protected":false},"excerpt":{"rendered":"<p>Filtres Korona Cleaner Mini, 24 pi\u00e8ces. 1 bo\u00eete Filtres \u00e0 cigarettes de type micro \u2013 adapt\u00e9s \u00e0 environ 4 \u00e0 6 cigarettes par filtre. R\u00e9duisent les substances nocives jusqu&rsquo;\u00e0 80 % sans alt\u00e9rer le go\u00fbt. Le Korona Cleaner n&rsquo;est pas seulement un porte-cigarette compact et facile \u00e0 utiliser, mais aussi un filtre efficace et r\u00e9utilisable, [&hellip;]<\/p>\n","protected":false},"featured_media":147121,"template":"","meta":[],"product_brand":[1753],"product_cat":[3219,1961,1995,3231,5187,2014],"product_tag":[],"class_list":{"0":"post-147117","1":"product","2":"type-product","3":"status-publish","4":"has-post-thumbnail","6":"product_brand-korona-golden-crown","7":"product_cat-boutique-de-tete","8":"product_cat-cigarettes-self-made-fr-2","9":"product_cat-divers-headshop","10":"product_cat-filtre","12":"product_cat-filtres-a-cigarettes","14":"first","15":"onbackorder","16":"purchasable","17":"product-type-simple"},"yoast_head":"<!-- This site is optimized with the Yoast SEO plugin v27.0 - https:\/\/yoast.com\/product\/yoast-seo-wordpress\/ -->\n<title>Filtres Korona Cleaner Mini, 24 pi\u00e8ces. - tabakversand.ch<\/title>\n<meta name=\"description\" content=\"Filtres Korona Cleaner Mini (24 unit\u00e9s) | Un tr\u00e8s grand choix de produits et accessoires pour fumeurs de qualit\u00e9 sup\u00e9rieure dans toute la Suisse | Cartes accept\u00e9es !\" \/>\n<meta name=\"robots\" content=\"index, follow, max-snippet:-1, max-image-preview:large, max-video-preview:-1\" \/>\n<link rel=\"canonical\" href=\"https:\/\/www.tabakversand.ch\/fr\/produit\/corona-cleaner-mini-filtre-24-pcs\/\" \/>\n<meta property=\"og:locale\" content=\"fr_FR\" \/>\n<meta property=\"og:type\" content=\"article\" \/>\n<meta property=\"og:title\" content=\"Filtres Korona Cleaner Mini, 24 pi\u00e8ces. - tabakversand.ch\" \/>\n<meta property=\"og:description\" content=\"Filtres Korona Cleaner Mini (24 unit\u00e9s) | Un tr\u00e8s grand choix de produits et accessoires pour fumeurs de qualit\u00e9 sup\u00e9rieure dans toute la Suisse | Cartes accept\u00e9es !\" \/>\n<meta property=\"og:url\" content=\"https:\/\/www.tabakversand.ch\/fr\/produit\/corona-cleaner-mini-filtre-24-pcs\/\" \/>\n<meta property=\"og:site_name\" content=\"Tabakversand.ch | Alles aus der Welt des Tabaks\" \/>\n<meta property=\"article:modified_time\" content=\"2026-01-22T07:00:56+00:00\" \/>\n<meta property=\"og:image\" content=\"https:\/\/www.tabakversand.ch\/wp-content\/uploads\/2023\/12\/korona-cleaner-minifilter.jpg\" \/>\n\t<meta property=\"og:image:width\" content=\"500\" \/>\n\t<meta property=\"og:image:height\" content=\"500\" \/>\n\t<meta property=\"og:image:type\" content=\"image\/jpeg\" \/>\n<meta name=\"twitter:card\" content=\"summary_large_image\" \/>\n<meta name=\"twitter:label1\" content=\"Dur\u00e9e de lecture estim\u00e9e\" \/>\n\t<meta name=\"twitter:data1\" content=\"1 minute\" \/>\n<script type=\"application\/ld+json\" class=\"yoast-schema-graph\">{\"@context\":\"https:\/\/schema.org\",\"@graph\":[{\"@type\":\"WebPage\",\"@id\":\"https:\/\/www.tabakversand.ch\/fr\/produit\/corona-cleaner-mini-filtre-24-pcs\/\",\"url\":\"https:\/\/www.tabakversand.ch\/fr\/produit\/corona-cleaner-mini-filtre-24-pcs\/\",\"name\":\"Filtres Korona Cleaner Mini, 24 pi\u00e8ces. - tabakversand.ch\",\"isPartOf\":{\"@id\":\"https:\/\/www.tabakversand.ch\/#website\"},\"primaryImageOfPage\":{\"@id\":\"https:\/\/www.tabakversand.ch\/fr\/produit\/corona-cleaner-mini-filtre-24-pcs\/#primaryimage\"},\"image\":{\"@id\":\"https:\/\/www.tabakversand.ch\/fr\/produit\/corona-cleaner-mini-filtre-24-pcs\/#primaryimage\"},\"thumbnailUrl\":\"https:\/\/www.tabakversand.ch\/wp-content\/uploads\/2023\/12\/korona-cleaner-minifilter.jpg\",\"datePublished\":\"2023-12-19T15:05:21+00:00\",\"dateModified\":\"2026-01-22T07:00:56+00:00\",\"description\":\"Filtres Korona Cleaner Mini (24 unit\u00e9s) | Un tr\u00e8s grand choix de produits et accessoires pour fumeurs de qualit\u00e9 sup\u00e9rieure dans toute la Suisse | Cartes accept\u00e9es !\",\"breadcrumb\":{\"@id\":\"https:\/\/www.tabakversand.ch\/fr\/produit\/corona-cleaner-mini-filtre-24-pcs\/#breadcrumb\"},\"inLanguage\":\"fr-FR\",\"potentialAction\":[{\"@type\":\"ReadAction\",\"target\":[\"https:\/\/www.tabakversand.ch\/fr\/produit\/corona-cleaner-mini-filtre-24-pcs\/\"]}]},{\"@type\":\"ImageObject\",\"inLanguage\":\"fr-FR\",\"@id\":\"https:\/\/www.tabakversand.ch\/fr\/produit\/corona-cleaner-mini-filtre-24-pcs\/#primaryimage\",\"url\":\"https:\/\/www.tabakversand.ch\/wp-content\/uploads\/2023\/12\/korona-cleaner-minifilter.jpg\",\"contentUrl\":\"https:\/\/www.tabakversand.ch\/wp-content\/uploads\/2023\/12\/korona-cleaner-minifilter.jpg\",\"width\":500,\"height\":500,\"caption\":\"Filtres Korona Cleaner Mini, 24 pi\u00e8ces. | Tabakversand.ch\"},{\"@type\":\"BreadcrumbList\",\"@id\":\"https:\/\/www.tabakversand.ch\/fr\/produit\/corona-cleaner-mini-filtre-24-pcs\/#breadcrumb\",\"itemListElement\":[{\"@type\":\"ListItem\",\"position\":1,\"name\":\"Startseite\",\"item\":\"https:\/\/www.tabakversand.ch\/\"},{\"@type\":\"ListItem\",\"position\":2,\"name\":\"Boutique\",\"item\":\"https:\/\/www.tabakversand.ch\/fr\/boutique\/\"},{\"@type\":\"ListItem\",\"position\":3,\"name\":\"Filtres Korona Cleaner Mini, 24 pi\u00e8ces.\"}]},{\"@type\":\"WebSite\",\"@id\":\"https:\/\/www.tabakversand.ch\/#website\",\"url\":\"https:\/\/www.tabakversand.ch\/\",\"name\":\"Tabakversand.ch | Alles aus der Welt des Tabaks\",\"description\":\"Smoke and carpe diem\",\"potentialAction\":[{\"@type\":\"SearchAction\",\"target\":{\"@type\":\"EntryPoint\",\"urlTemplate\":\"https:\/\/www.tabakversand.ch\/?s={search_term_string}\"},\"query-input\":{\"@type\":\"PropertyValueSpecification\",\"valueRequired\":true,\"valueName\":\"search_term_string\"}}],\"inLanguage\":\"fr-FR\"}]}<\/script>\n<!-- \/ Yoast SEO plugin. -->","yoast_head_json":{"title":"Filtres Korona Cleaner Mini, 24 pi\u00e8ces. - tabakversand.ch","description":"Filtres Korona Cleaner Mini (24 unit\u00e9s) | Un tr\u00e8s grand choix de produits et accessoires pour fumeurs de qualit\u00e9 sup\u00e9rieure dans toute la Suisse | Cartes accept\u00e9es !","robots":{"index":"index","follow":"follow","max-snippet":"max-snippet:-1","max-image-preview":"max-image-preview:large","max-video-preview":"max-video-preview:-1"},"canonical":"https:\/\/www.tabakversand.ch\/fr\/produit\/corona-cleaner-mini-filtre-24-pcs\/","og_locale":"fr_FR","og_type":"article","og_title":"Filtres Korona Cleaner Mini, 24 pi\u00e8ces. - tabakversand.ch","og_description":"Filtres Korona Cleaner Mini (24 unit\u00e9s) | Un tr\u00e8s grand choix de produits et accessoires pour fumeurs de qualit\u00e9 sup\u00e9rieure dans toute la Suisse | Cartes accept\u00e9es !","og_url":"https:\/\/www.tabakversand.ch\/fr\/produit\/corona-cleaner-mini-filtre-24-pcs\/","og_site_name":"Tabakversand.ch | Alles aus der Welt des Tabaks","article_modified_time":"2026-01-22T07:00:56+00:00","og_image":[{"width":500,"height":500,"url":"https:\/\/www.tabakversand.ch\/wp-content\/uploads\/2023\/12\/korona-cleaner-minifilter.jpg","type":"image\/jpeg"}],"twitter_card":"summary_large_image","twitter_misc":{"Dur\u00e9e de lecture estim\u00e9e":"1 minute"},"schema":{"@context":"https:\/\/schema.org","@graph":[{"@type":"WebPage","@id":"https:\/\/www.tabakversand.ch\/fr\/produit\/corona-cleaner-mini-filtre-24-pcs\/","url":"https:\/\/www.tabakversand.ch\/fr\/produit\/corona-cleaner-mini-filtre-24-pcs\/","name":"Filtres Korona Cleaner Mini, 24 pi\u00e8ces. - tabakversand.ch","isPartOf":{"@id":"https:\/\/www.tabakversand.ch\/#website"},"primaryImageOfPage":{"@id":"https:\/\/www.tabakversand.ch\/fr\/produit\/corona-cleaner-mini-filtre-24-pcs\/#primaryimage"},"image":{"@id":"https:\/\/www.tabakversand.ch\/fr\/produit\/corona-cleaner-mini-filtre-24-pcs\/#primaryimage"},"thumbnailUrl":"https:\/\/www.tabakversand.ch\/wp-content\/uploads\/2023\/12\/korona-cleaner-minifilter.jpg","datePublished":"2023-12-19T15:05:21+00:00","dateModified":"2026-01-22T07:00:56+00:00","description":"Filtres Korona Cleaner Mini (24 unit\u00e9s) | Un tr\u00e8s grand choix de produits et accessoires pour fumeurs de qualit\u00e9 sup\u00e9rieure dans toute la Suisse | Cartes accept\u00e9es !","breadcrumb":{"@id":"https:\/\/www.tabakversand.ch\/fr\/produit\/corona-cleaner-mini-filtre-24-pcs\/#breadcrumb"},"inLanguage":"fr-FR","potentialAction":[{"@type":"ReadAction","target":["https:\/\/www.tabakversand.ch\/fr\/produit\/corona-cleaner-mini-filtre-24-pcs\/"]}]},{"@type":"ImageObject","inLanguage":"fr-FR","@id":"https:\/\/www.tabakversand.ch\/fr\/produit\/corona-cleaner-mini-filtre-24-pcs\/#primaryimage","url":"https:\/\/www.tabakversand.ch\/wp-content\/uploads\/2023\/12\/korona-cleaner-minifilter.jpg","contentUrl":"https:\/\/www.tabakversand.ch\/wp-content\/uploads\/2023\/12\/korona-cleaner-minifilter.jpg","width":500,"height":500,"caption":"Filtres Korona Cleaner Mini, 24 pi\u00e8ces. | Tabakversand.ch"},{"@type":"BreadcrumbList","@id":"https:\/\/www.tabakversand.ch\/fr\/produit\/corona-cleaner-mini-filtre-24-pcs\/#breadcrumb","itemListElement":[{"@type":"ListItem","position":1,"name":"Startseite","item":"https:\/\/www.tabakversand.ch\/"},{"@type":"ListItem","position":2,"name":"Boutique","item":"https:\/\/www.tabakversand.ch\/fr\/boutique\/"},{"@type":"ListItem","position":3,"name":"Filtres Korona Cleaner Mini, 24 pi\u00e8ces."}]},{"@type":"WebSite","@id":"https:\/\/www.tabakversand.ch\/#website","url":"https:\/\/www.tabakversand.ch\/","name":"Tabakversand.ch | Alles aus der Welt des Tabaks","description":"Smoke and carpe diem","potentialAction":[{"@type":"SearchAction","target":{"@type":"EntryPoint","urlTemplate":"https:\/\/www.tabakversand.ch\/?s={search_term_string}"},"query-input":{"@type":"PropertyValueSpecification","valueRequired":true,"valueName":"search_term_string"}}],"inLanguage":"fr-FR"}]}},"_links":{"self":[{"href":"https:\/\/www.tabakversand.ch\/fr\/wp-json\/wp\/v2\/product\/147117","targetHints":{"allow":["GET"]}}],"collection":[{"href":"https:\/\/www.tabakversand.ch\/fr\/wp-json\/wp\/v2\/product"}],"about":[{"href":"https:\/\/www.tabakversand.ch\/fr\/wp-json\/wp\/v2\/types\/product"}],"version-history":[{"count":5,"href":"https:\/\/www.tabakversand.ch\/fr\/wp-json\/wp\/v2\/product\/147117\/revisions"}],"predecessor-version":[{"id":209557,"href":"https:\/\/www.tabakversand.ch\/fr\/wp-json\/wp\/v2\/product\/147117\/revisions\/209557"}],"wp:featuredmedia":[{"embeddable":true,"href":"https:\/\/www.tabakversand.ch\/fr\/wp-json\/wp\/v2\/media\/147121"}],"wp:attachment":[{"href":"https:\/\/www.tabakversand.ch\/fr\/wp-json\/wp\/v2\/media?parent=147117"}],"wp:term":[{"taxonomy":"product_brand","embeddable":true,"href":"https:\/\/www.tabakversand.ch\/fr\/wp-json\/wp\/v2\/product_brand?post=147117"},{"taxonomy":"product_cat","embeddable":true,"href":"https:\/\/www.tabakversand.ch\/fr\/wp-json\/wp\/v2\/product_cat?post=147117"},{"taxonomy":"product_tag","embeddable":true,"href":"https:\/\/www.tabakversand.ch\/fr\/wp-json\/wp\/v2\/product_tag?post=147117"}],"curies":[{"name":"wp","href":"https:\/\/api.w.org\/{rel}","templated":true}]}}