{"id":147614,"date":"2024-01-16T15:18:14","date_gmt":"2024-01-16T14:18:14","guid":{"rendered":"https:\/\/www.tabakversand.ch\/?post_type=product&#038;p=147614"},"modified":"2026-04-13T15:43:48","modified_gmt":"2026-04-13T13:43:48","slug":"kohlhase-kopp-aj-winter-edition-2023-tabac-a-pipe-100-gr","status":"publish","type":"product","link":"https:\/\/www.tabakversand.ch\/fr\/produit\/kohlhase-kopp-aj-winter-edition-2023-tabac-a-pipe-100-gr\/","title":{"rendered":"Kohlhase &amp; Kopp AJ Winter Edition 2023 tabac \u00e0 pipe 100 gr."},"content":{"rendered":"<p>Kohlhase &amp; Kopp AJ Winter Edition 2023 tabac \u00e0 pipe 100 gr.<\/p>\n<p>\u00c9dition limit\u00e9e<\/p>\n<p>La saison la plus froide nous attend. Il est temps de vous installer confortablement.<\/p>\n<p>Le John Aylesbury Winter Tobacco 2023 vous fera oublier les froides temp\u00eates hivernales et vous enveloppera dans un nuage chauffant, presque \u00e9lectrique, qui sent merveilleusement la cerise et la cannelle. Les ar\u00f4mes sont merveilleusement transport\u00e9s par une large portion de Black Cavendish. Un flocon de Virginie dor\u00e9 procure une douceur naturelle et procure une br\u00fblure fra\u00eeche.<\/p>\n<p>&nbsp;<\/p>\n<table width=\"30%\">\n<tbody>\n<tr>\n<td width=\"50%\">Taper:<\/td>\n<td width=\"50%\">danois<\/td>\n<\/tr>\n<tr>\n<td width=\"50%\">Ar\u00f4me:<\/td>\n<td width=\"50%\">Cannelle cerise<\/td>\n<\/tr>\n<tr>\n<td width=\"50%\">Force:<\/td>\n<td width=\"50%\">3\/5<\/td>\n<\/tr>\n<tr>\n<td width=\"50%\">Remarque sur la chambre&nbsp;:<\/td>\n<td width=\"50%\">4\/5<\/td>\n<\/tr>\n<\/tbody>\n<\/table>\n<p>Tous les prix indiqu\u00e9s sont valables uniquement pour les commandes en ligne, TVA incluse, et peuvent \u00eatre modifi\u00e9s sans pr\u00e9avis. Les frais de port sont en sus.   Sous r\u00e9serve d&rsquo;erreurs, de modifications de l&rsquo;\u00e9tendue de la livraison et de la conception, d&rsquo;erreurs d&rsquo;impression et de modifications de prix. Les prix barr\u00e9s sont plut\u00f4t des prix. L&rsquo;illustration peut diff\u00e9rer de l&rsquo;original\/de l&rsquo;\u00e9tendue de la livraison.<\/p>\n<p>*Livraison gratuite pour les commandes sup\u00e9rieures \u00e0 CHF 250.-.<\/p>\n","protected":false},"excerpt":{"rendered":"<p>Kohlhase &amp; Kopp AJ Winter Edition 2023 tabac \u00e0 pipe 100 gr. \u00c9dition limit\u00e9e La saison la plus froide nous attend. Il est temps de vous installer confortablement. Le John Aylesbury Winter Tobacco 2023 vous fera oublier les froides temp\u00eates hivernales et vous enveloppera dans un nuage chauffant, presque \u00e9lectrique, qui sent merveilleusement la cerise [&hellip;]<\/p>\n","protected":false},"featured_media":162412,"template":"","meta":[],"product_brand":[1652],"product_cat":[5814,1949,1888,2040],"product_tag":[],"class_list":{"0":"post-147614","1":"product","2":"type-product","3":"status-publish","4":"has-post-thumbnail","6":"product_brand-kohlhase-kopp","7":"product_cat-boites","8":"product_cat-pipe-world-fr","9":"product_cat-tabac","10":"product_cat-tabac-a-pipe-fr","12":"first","13":"onbackorder","14":"purchasable","15":"product-type-simple"},"yoast_head":"<!-- This site is optimized with the Yoast SEO plugin v27.0 - https:\/\/yoast.com\/product\/yoast-seo-wordpress\/ -->\n<title>Kohlhase &amp; Kopp AJ Winter Edition 2023 tabac \u00e0 pipe 100 gr.<\/title>\n<meta name=\"description\" content=\"Kohlhase &amp; Kopp AJ Winter Edition 2023 tabac \u00e0 pipe 100 gr. | \u00c0 Tabakversand.ch, vous pouvez obtenir cet excellent tabac \u00e0 pipe | Cartes accept\u00e9es!\" \/>\n<meta name=\"robots\" content=\"index, follow, max-snippet:-1, max-image-preview:large, max-video-preview:-1\" \/>\n<link rel=\"canonical\" href=\"https:\/\/www.tabakversand.ch\/fr\/produit\/kohlhase-kopp-aj-winter-edition-2023-tabac-a-pipe-100-gr\/\" \/>\n<meta property=\"og:locale\" content=\"fr_FR\" \/>\n<meta property=\"og:type\" content=\"article\" \/>\n<meta property=\"og:title\" content=\"Kohlhase &amp; Kopp AJ Winter Edition 2023 tabac \u00e0 pipe 100 gr.\" \/>\n<meta property=\"og:description\" content=\"Kohlhase &amp; Kopp AJ Winter Edition 2023 tabac \u00e0 pipe 100 gr. | \u00c0 Tabakversand.ch, vous pouvez obtenir cet excellent tabac \u00e0 pipe | Cartes accept\u00e9es!\" \/>\n<meta property=\"og:url\" content=\"https:\/\/www.tabakversand.ch\/fr\/produit\/kohlhase-kopp-aj-winter-edition-2023-tabac-a-pipe-100-gr\/\" \/>\n<meta property=\"og:site_name\" content=\"Tabakversand.ch | Alles aus der Welt des Tabaks\" \/>\n<meta property=\"article:modified_time\" content=\"2026-04-13T13:43:48+00:00\" \/>\n<meta property=\"og:image\" content=\"https:\/\/www.tabakversand.ch\/wp-content\/uploads\/2024\/01\/kohlhase-und-kopp-j-a-winter-edition-2023_.jpg\" \/>\n\t<meta property=\"og:image:width\" content=\"500\" \/>\n\t<meta property=\"og:image:height\" content=\"500\" \/>\n\t<meta property=\"og:image:type\" content=\"image\/jpeg\" \/>\n<meta name=\"twitter:card\" content=\"summary_large_image\" \/>\n<meta name=\"twitter:label1\" content=\"Dur\u00e9e de lecture estim\u00e9e\" \/>\n\t<meta name=\"twitter:data1\" content=\"2 minutes\" \/>\n<script type=\"application\/ld+json\" class=\"yoast-schema-graph\">{\"@context\":\"https:\/\/schema.org\",\"@graph\":[{\"@type\":\"WebPage\",\"@id\":\"https:\/\/www.tabakversand.ch\/fr\/produit\/kohlhase-kopp-aj-winter-edition-2023-tabac-a-pipe-100-gr\/\",\"url\":\"https:\/\/www.tabakversand.ch\/fr\/produit\/kohlhase-kopp-aj-winter-edition-2023-tabac-a-pipe-100-gr\/\",\"name\":\"Kohlhase &amp; Kopp AJ Winter Edition 2023 tabac \u00e0 pipe 100 gr.\",\"isPartOf\":{\"@id\":\"https:\/\/www.tabakversand.ch\/#website\"},\"primaryImageOfPage\":{\"@id\":\"https:\/\/www.tabakversand.ch\/fr\/produit\/kohlhase-kopp-aj-winter-edition-2023-tabac-a-pipe-100-gr\/#primaryimage\"},\"image\":{\"@id\":\"https:\/\/www.tabakversand.ch\/fr\/produit\/kohlhase-kopp-aj-winter-edition-2023-tabac-a-pipe-100-gr\/#primaryimage\"},\"thumbnailUrl\":\"https:\/\/www.tabakversand.ch\/wp-content\/uploads\/2024\/01\/kohlhase-und-kopp-j-a-winter-edition-2023_.jpg\",\"datePublished\":\"2024-01-16T14:18:14+00:00\",\"dateModified\":\"2026-04-13T13:43:48+00:00\",\"description\":\"Kohlhase & Kopp AJ Winter Edition 2023 tabac \u00e0 pipe 100 gr. | \u00c0 Tabakversand.ch, vous pouvez obtenir cet excellent tabac \u00e0 pipe | Cartes accept\u00e9es!\",\"breadcrumb\":{\"@id\":\"https:\/\/www.tabakversand.ch\/fr\/produit\/kohlhase-kopp-aj-winter-edition-2023-tabac-a-pipe-100-gr\/#breadcrumb\"},\"inLanguage\":\"fr-FR\",\"potentialAction\":[{\"@type\":\"ReadAction\",\"target\":[\"https:\/\/www.tabakversand.ch\/fr\/produit\/kohlhase-kopp-aj-winter-edition-2023-tabac-a-pipe-100-gr\/\"]}]},{\"@type\":\"ImageObject\",\"inLanguage\":\"fr-FR\",\"@id\":\"https:\/\/www.tabakversand.ch\/fr\/produit\/kohlhase-kopp-aj-winter-edition-2023-tabac-a-pipe-100-gr\/#primaryimage\",\"url\":\"https:\/\/www.tabakversand.ch\/wp-content\/uploads\/2024\/01\/kohlhase-und-kopp-j-a-winter-edition-2023_.jpg\",\"contentUrl\":\"https:\/\/www.tabakversand.ch\/wp-content\/uploads\/2024\/01\/kohlhase-und-kopp-j-a-winter-edition-2023_.jpg\",\"width\":500,\"height\":500,\"caption\":\"Kohlhase &amp; Kopp AJ Winter Edition 2023 tabac \u00e0 pipe 100 gr. | Tabakversand.ch\"},{\"@type\":\"BreadcrumbList\",\"@id\":\"https:\/\/www.tabakversand.ch\/fr\/produit\/kohlhase-kopp-aj-winter-edition-2023-tabac-a-pipe-100-gr\/#breadcrumb\",\"itemListElement\":[{\"@type\":\"ListItem\",\"position\":1,\"name\":\"Startseite\",\"item\":\"https:\/\/www.tabakversand.ch\/\"},{\"@type\":\"ListItem\",\"position\":2,\"name\":\"Boutique\",\"item\":\"https:\/\/www.tabakversand.ch\/fr\/boutique\/\"},{\"@type\":\"ListItem\",\"position\":3,\"name\":\"Kohlhase &amp; Kopp AJ Winter Edition 2023 tabac \u00e0 pipe 100 gr.\"}]},{\"@type\":\"WebSite\",\"@id\":\"https:\/\/www.tabakversand.ch\/#website\",\"url\":\"https:\/\/www.tabakversand.ch\/\",\"name\":\"Tabakversand.ch | Alles aus der Welt des Tabaks\",\"description\":\"Smoke and carpe diem\",\"potentialAction\":[{\"@type\":\"SearchAction\",\"target\":{\"@type\":\"EntryPoint\",\"urlTemplate\":\"https:\/\/www.tabakversand.ch\/?s={search_term_string}\"},\"query-input\":{\"@type\":\"PropertyValueSpecification\",\"valueRequired\":true,\"valueName\":\"search_term_string\"}}],\"inLanguage\":\"fr-FR\"}]}<\/script>\n<!-- \/ Yoast SEO plugin. -->","yoast_head_json":{"title":"Kohlhase &amp; Kopp AJ Winter Edition 2023 tabac \u00e0 pipe 100 gr.","description":"Kohlhase & Kopp AJ Winter Edition 2023 tabac \u00e0 pipe 100 gr. | \u00c0 Tabakversand.ch, vous pouvez obtenir cet excellent tabac \u00e0 pipe | Cartes accept\u00e9es!","robots":{"index":"index","follow":"follow","max-snippet":"max-snippet:-1","max-image-preview":"max-image-preview:large","max-video-preview":"max-video-preview:-1"},"canonical":"https:\/\/www.tabakversand.ch\/fr\/produit\/kohlhase-kopp-aj-winter-edition-2023-tabac-a-pipe-100-gr\/","og_locale":"fr_FR","og_type":"article","og_title":"Kohlhase &amp; Kopp AJ Winter Edition 2023 tabac \u00e0 pipe 100 gr.","og_description":"Kohlhase & Kopp AJ Winter Edition 2023 tabac \u00e0 pipe 100 gr. | \u00c0 Tabakversand.ch, vous pouvez obtenir cet excellent tabac \u00e0 pipe | Cartes accept\u00e9es!","og_url":"https:\/\/www.tabakversand.ch\/fr\/produit\/kohlhase-kopp-aj-winter-edition-2023-tabac-a-pipe-100-gr\/","og_site_name":"Tabakversand.ch | Alles aus der Welt des Tabaks","article_modified_time":"2026-04-13T13:43:48+00:00","og_image":[{"width":500,"height":500,"url":"https:\/\/www.tabakversand.ch\/wp-content\/uploads\/2024\/01\/kohlhase-und-kopp-j-a-winter-edition-2023_.jpg","type":"image\/jpeg"}],"twitter_card":"summary_large_image","twitter_misc":{"Dur\u00e9e de lecture estim\u00e9e":"2 minutes"},"schema":{"@context":"https:\/\/schema.org","@graph":[{"@type":"WebPage","@id":"https:\/\/www.tabakversand.ch\/fr\/produit\/kohlhase-kopp-aj-winter-edition-2023-tabac-a-pipe-100-gr\/","url":"https:\/\/www.tabakversand.ch\/fr\/produit\/kohlhase-kopp-aj-winter-edition-2023-tabac-a-pipe-100-gr\/","name":"Kohlhase &amp; Kopp AJ Winter Edition 2023 tabac \u00e0 pipe 100 gr.","isPartOf":{"@id":"https:\/\/www.tabakversand.ch\/#website"},"primaryImageOfPage":{"@id":"https:\/\/www.tabakversand.ch\/fr\/produit\/kohlhase-kopp-aj-winter-edition-2023-tabac-a-pipe-100-gr\/#primaryimage"},"image":{"@id":"https:\/\/www.tabakversand.ch\/fr\/produit\/kohlhase-kopp-aj-winter-edition-2023-tabac-a-pipe-100-gr\/#primaryimage"},"thumbnailUrl":"https:\/\/www.tabakversand.ch\/wp-content\/uploads\/2024\/01\/kohlhase-und-kopp-j-a-winter-edition-2023_.jpg","datePublished":"2024-01-16T14:18:14+00:00","dateModified":"2026-04-13T13:43:48+00:00","description":"Kohlhase & Kopp AJ Winter Edition 2023 tabac \u00e0 pipe 100 gr. | \u00c0 Tabakversand.ch, vous pouvez obtenir cet excellent tabac \u00e0 pipe | Cartes accept\u00e9es!","breadcrumb":{"@id":"https:\/\/www.tabakversand.ch\/fr\/produit\/kohlhase-kopp-aj-winter-edition-2023-tabac-a-pipe-100-gr\/#breadcrumb"},"inLanguage":"fr-FR","potentialAction":[{"@type":"ReadAction","target":["https:\/\/www.tabakversand.ch\/fr\/produit\/kohlhase-kopp-aj-winter-edition-2023-tabac-a-pipe-100-gr\/"]}]},{"@type":"ImageObject","inLanguage":"fr-FR","@id":"https:\/\/www.tabakversand.ch\/fr\/produit\/kohlhase-kopp-aj-winter-edition-2023-tabac-a-pipe-100-gr\/#primaryimage","url":"https:\/\/www.tabakversand.ch\/wp-content\/uploads\/2024\/01\/kohlhase-und-kopp-j-a-winter-edition-2023_.jpg","contentUrl":"https:\/\/www.tabakversand.ch\/wp-content\/uploads\/2024\/01\/kohlhase-und-kopp-j-a-winter-edition-2023_.jpg","width":500,"height":500,"caption":"Kohlhase &amp; Kopp AJ Winter Edition 2023 tabac \u00e0 pipe 100 gr. | Tabakversand.ch"},{"@type":"BreadcrumbList","@id":"https:\/\/www.tabakversand.ch\/fr\/produit\/kohlhase-kopp-aj-winter-edition-2023-tabac-a-pipe-100-gr\/#breadcrumb","itemListElement":[{"@type":"ListItem","position":1,"name":"Startseite","item":"https:\/\/www.tabakversand.ch\/"},{"@type":"ListItem","position":2,"name":"Boutique","item":"https:\/\/www.tabakversand.ch\/fr\/boutique\/"},{"@type":"ListItem","position":3,"name":"Kohlhase &amp; Kopp AJ Winter Edition 2023 tabac \u00e0 pipe 100 gr."}]},{"@type":"WebSite","@id":"https:\/\/www.tabakversand.ch\/#website","url":"https:\/\/www.tabakversand.ch\/","name":"Tabakversand.ch | Alles aus der Welt des Tabaks","description":"Smoke and carpe diem","potentialAction":[{"@type":"SearchAction","target":{"@type":"EntryPoint","urlTemplate":"https:\/\/www.tabakversand.ch\/?s={search_term_string}"},"query-input":{"@type":"PropertyValueSpecification","valueRequired":true,"valueName":"search_term_string"}}],"inLanguage":"fr-FR"}]}},"_links":{"self":[{"href":"https:\/\/www.tabakversand.ch\/fr\/wp-json\/wp\/v2\/product\/147614","targetHints":{"allow":["GET"]}}],"collection":[{"href":"https:\/\/www.tabakversand.ch\/fr\/wp-json\/wp\/v2\/product"}],"about":[{"href":"https:\/\/www.tabakversand.ch\/fr\/wp-json\/wp\/v2\/types\/product"}],"version-history":[{"count":3,"href":"https:\/\/www.tabakversand.ch\/fr\/wp-json\/wp\/v2\/product\/147614\/revisions"}],"predecessor-version":[{"id":217850,"href":"https:\/\/www.tabakversand.ch\/fr\/wp-json\/wp\/v2\/product\/147614\/revisions\/217850"}],"wp:featuredmedia":[{"embeddable":true,"href":"https:\/\/www.tabakversand.ch\/fr\/wp-json\/wp\/v2\/media\/162412"}],"wp:attachment":[{"href":"https:\/\/www.tabakversand.ch\/fr\/wp-json\/wp\/v2\/media?parent=147614"}],"wp:term":[{"taxonomy":"product_brand","embeddable":true,"href":"https:\/\/www.tabakversand.ch\/fr\/wp-json\/wp\/v2\/product_brand?post=147614"},{"taxonomy":"product_cat","embeddable":true,"href":"https:\/\/www.tabakversand.ch\/fr\/wp-json\/wp\/v2\/product_cat?post=147614"},{"taxonomy":"product_tag","embeddable":true,"href":"https:\/\/www.tabakversand.ch\/fr\/wp-json\/wp\/v2\/product_tag?post=147614"}],"curies":[{"name":"wp","href":"https:\/\/api.w.org\/{rel}","templated":true}]}}