{"id":149548,"date":"2024-04-03T15:05:27","date_gmt":"2024-04-03T13:05:27","guid":{"rendered":"https:\/\/www.tabakversand.ch\/?post_type=product&#038;p=149548"},"modified":"2026-02-09T13:54:47","modified_gmt":"2026-02-09T12:54:47","slug":"maison-30-gr-tabac-a-cigarettes","status":"publish","type":"product","link":"https:\/\/www.tabakversand.ch\/fr\/produit\/maison-30-gr-tabac-a-cigarettes\/","title":{"rendered":"Heimat enfer 5 x 30 gr. Tabac \u00e0 cigarettes"},"content":{"rendered":"<p>Heimat enfer 5 x 30 gr. Tabac \u00e0 cigarettes<\/p>\n<p>Tabac rotatif et de farce<\/p>\n<p>Le tabac est cultiv\u00e9 \u00e0 100% en Suisse : un produit 100% local !<br \/>\nLe m\u00e9lange de tabac \u00e0 rouler Heimat offre une saveur l\u00e9g\u00e8re et agr\u00e9able. Subtilement sucr\u00e9, il r\u00e9v\u00e8le un d\u00e9licieux bouquet de notes de Virginie. Ce tabac pr\u00e9sente une belle couleur claire et une coupe fine et l\u00e9g\u00e8re. Fabriqu\u00e9 sans additifs, il est compos\u00e9 \u00e0 100 % de feuilles de tabac de premi\u00e8re qualit\u00e9.   <\/p>\n<p>Tous les prix s&rsquo;appliquent uniquement aux commandes en ligne et incluent la TVA. Sous r\u00e9serve de modifications sans pr\u00e9avis, frais de livraison en sus. Sous r\u00e9serve d&rsquo;erreurs, de modifications de contenu de livraison et de conception, de fautes d&rsquo;impression et de modifications de prix. Les prix barr\u00e9s sont des prix de remplacement. Les illustrations peuvent diff\u00e9rer de l&rsquo;original\/du contenu de livraison.<br \/>\n*Livraison gratuite pour les commandes sup\u00e9rieures \u00e0 CHF 250.-.<\/p>\n","protected":false},"excerpt":{"rendered":"<p>Heimat enfer 5 x 30 gr. Tabac \u00e0 cigarettes Tabac rotatif et de farce Le tabac est cultiv\u00e9 \u00e0 100% en Suisse : un produit 100% local ! Le m\u00e9lange de tabac \u00e0 rouler Heimat offre une saveur l\u00e9g\u00e8re et agr\u00e9able. Subtilement sucr\u00e9, il r\u00e9v\u00e8le un d\u00e9licieux bouquet de notes de Virginie. Ce tabac pr\u00e9sente [&hellip;]<\/p>\n","protected":false},"featured_media":149552,"template":"","meta":[],"product_brand":[],"product_cat":[1888,1964,1961,1963],"product_tag":[],"class_list":{"0":"post-149548","1":"product","2":"type-product","3":"status-publish","4":"has-post-thumbnail","6":"product_cat-tabac","7":"product_cat-tabac-a-cigarettes-fr","8":"product_cat-cigarettes-self-made-fr-2","9":"product_cat-tabac-a-cigarettes","11":"first","12":"onbackorder","13":"purchasable","14":"product-type-simple"},"yoast_head":"<!-- This site is optimized with the Yoast SEO plugin v27.0 - https:\/\/yoast.com\/product\/yoast-seo-wordpress\/ -->\n<title>Heimat enfer 5 x 30 gr. Tabac \u00e0 cigarettes - tabakversand.ch<\/title>\n<meta name=\"description\" content=\"Heimat enfer 5 x 30 gr. Tabac \u00e0 cigarettes | Un tr\u00e8s grand choix de produits du tabac et d\u2019accessoires dans toute la Suisse| Cartes accept\u00e9es!\" \/>\n<meta name=\"robots\" content=\"index, follow, max-snippet:-1, max-image-preview:large, max-video-preview:-1\" \/>\n<link rel=\"canonical\" href=\"https:\/\/www.tabakversand.ch\/fr\/produit\/maison-30-gr-tabac-a-cigarettes\/\" \/>\n<meta property=\"og:locale\" content=\"fr_FR\" \/>\n<meta property=\"og:type\" content=\"article\" \/>\n<meta property=\"og:title\" content=\"Heimat enfer 5 x 30 gr. Tabac \u00e0 cigarettes - tabakversand.ch\" \/>\n<meta property=\"og:description\" content=\"Heimat enfer 5 x 30 gr. Tabac \u00e0 cigarettes | Un tr\u00e8s grand choix de produits du tabac et d\u2019accessoires dans toute la Suisse| Cartes accept\u00e9es!\" \/>\n<meta property=\"og:url\" content=\"https:\/\/www.tabakversand.ch\/fr\/produit\/maison-30-gr-tabac-a-cigarettes\/\" \/>\n<meta property=\"og:site_name\" content=\"Tabakversand.ch | Alles aus der Welt des Tabaks\" \/>\n<meta property=\"article:modified_time\" content=\"2026-02-09T12:54:47+00:00\" \/>\n<meta property=\"og:image\" content=\"https:\/\/www.tabakversand.ch\/wp-content\/uploads\/2024\/04\/heimat-ryo-30.jpg\" \/>\n\t<meta property=\"og:image:width\" content=\"350\" \/>\n\t<meta property=\"og:image:height\" content=\"350\" \/>\n\t<meta property=\"og:image:type\" content=\"image\/jpeg\" \/>\n<meta name=\"twitter:card\" content=\"summary_large_image\" \/>\n<meta name=\"twitter:label1\" content=\"Dur\u00e9e de lecture estim\u00e9e\" \/>\n\t<meta name=\"twitter:data1\" content=\"2 minutes\" \/>\n<script type=\"application\/ld+json\" class=\"yoast-schema-graph\">{\"@context\":\"https:\/\/schema.org\",\"@graph\":[{\"@type\":\"WebPage\",\"@id\":\"https:\/\/www.tabakversand.ch\/fr\/produit\/maison-30-gr-tabac-a-cigarettes\/\",\"url\":\"https:\/\/www.tabakversand.ch\/fr\/produit\/maison-30-gr-tabac-a-cigarettes\/\",\"name\":\"Heimat enfer 5 x 30 gr. Tabac \u00e0 cigarettes - tabakversand.ch\",\"isPartOf\":{\"@id\":\"https:\/\/www.tabakversand.ch\/#website\"},\"primaryImageOfPage\":{\"@id\":\"https:\/\/www.tabakversand.ch\/fr\/produit\/maison-30-gr-tabac-a-cigarettes\/#primaryimage\"},\"image\":{\"@id\":\"https:\/\/www.tabakversand.ch\/fr\/produit\/maison-30-gr-tabac-a-cigarettes\/#primaryimage\"},\"thumbnailUrl\":\"https:\/\/www.tabakversand.ch\/wp-content\/uploads\/2024\/04\/heimat-ryo-30.jpg\",\"datePublished\":\"2024-04-03T13:05:27+00:00\",\"dateModified\":\"2026-02-09T12:54:47+00:00\",\"description\":\"Heimat enfer 5 x 30 gr. Tabac \u00e0 cigarettes | Un tr\u00e8s grand choix de produits du tabac et d\u2019accessoires dans toute la Suisse| Cartes accept\u00e9es!\",\"breadcrumb\":{\"@id\":\"https:\/\/www.tabakversand.ch\/fr\/produit\/maison-30-gr-tabac-a-cigarettes\/#breadcrumb\"},\"inLanguage\":\"fr-FR\",\"potentialAction\":[{\"@type\":\"ReadAction\",\"target\":[\"https:\/\/www.tabakversand.ch\/fr\/produit\/maison-30-gr-tabac-a-cigarettes\/\"]}]},{\"@type\":\"ImageObject\",\"inLanguage\":\"fr-FR\",\"@id\":\"https:\/\/www.tabakversand.ch\/fr\/produit\/maison-30-gr-tabac-a-cigarettes\/#primaryimage\",\"url\":\"https:\/\/www.tabakversand.ch\/wp-content\/uploads\/2024\/04\/heimat-ryo-30.jpg\",\"contentUrl\":\"https:\/\/www.tabakversand.ch\/wp-content\/uploads\/2024\/04\/heimat-ryo-30.jpg\",\"width\":350,\"height\":350,\"caption\":\"Patrie 30 g. Tabac \u00e0 cigarettes | Tabakversand.ch\"},{\"@type\":\"BreadcrumbList\",\"@id\":\"https:\/\/www.tabakversand.ch\/fr\/produit\/maison-30-gr-tabac-a-cigarettes\/#breadcrumb\",\"itemListElement\":[{\"@type\":\"ListItem\",\"position\":1,\"name\":\"Startseite\",\"item\":\"https:\/\/www.tabakversand.ch\/\"},{\"@type\":\"ListItem\",\"position\":2,\"name\":\"Boutique\",\"item\":\"https:\/\/www.tabakversand.ch\/fr\/boutique\/\"},{\"@type\":\"ListItem\",\"position\":3,\"name\":\"Heimat enfer 5 x 30 gr. Tabac \u00e0 cigarettes\"}]},{\"@type\":\"WebSite\",\"@id\":\"https:\/\/www.tabakversand.ch\/#website\",\"url\":\"https:\/\/www.tabakversand.ch\/\",\"name\":\"Tabakversand.ch | Alles aus der Welt des Tabaks\",\"description\":\"Smoke and carpe diem\",\"potentialAction\":[{\"@type\":\"SearchAction\",\"target\":{\"@type\":\"EntryPoint\",\"urlTemplate\":\"https:\/\/www.tabakversand.ch\/?s={search_term_string}\"},\"query-input\":{\"@type\":\"PropertyValueSpecification\",\"valueRequired\":true,\"valueName\":\"search_term_string\"}}],\"inLanguage\":\"fr-FR\"}]}<\/script>\n<!-- \/ Yoast SEO plugin. -->","yoast_head_json":{"title":"Heimat enfer 5 x 30 gr. Tabac \u00e0 cigarettes - tabakversand.ch","description":"Heimat enfer 5 x 30 gr. Tabac \u00e0 cigarettes | Un tr\u00e8s grand choix de produits du tabac et d\u2019accessoires dans toute la Suisse| Cartes accept\u00e9es!","robots":{"index":"index","follow":"follow","max-snippet":"max-snippet:-1","max-image-preview":"max-image-preview:large","max-video-preview":"max-video-preview:-1"},"canonical":"https:\/\/www.tabakversand.ch\/fr\/produit\/maison-30-gr-tabac-a-cigarettes\/","og_locale":"fr_FR","og_type":"article","og_title":"Heimat enfer 5 x 30 gr. Tabac \u00e0 cigarettes - tabakversand.ch","og_description":"Heimat enfer 5 x 30 gr. Tabac \u00e0 cigarettes | Un tr\u00e8s grand choix de produits du tabac et d\u2019accessoires dans toute la Suisse| Cartes accept\u00e9es!","og_url":"https:\/\/www.tabakversand.ch\/fr\/produit\/maison-30-gr-tabac-a-cigarettes\/","og_site_name":"Tabakversand.ch | Alles aus der Welt des Tabaks","article_modified_time":"2026-02-09T12:54:47+00:00","og_image":[{"width":350,"height":350,"url":"https:\/\/www.tabakversand.ch\/wp-content\/uploads\/2024\/04\/heimat-ryo-30.jpg","type":"image\/jpeg"}],"twitter_card":"summary_large_image","twitter_misc":{"Dur\u00e9e de lecture estim\u00e9e":"2 minutes"},"schema":{"@context":"https:\/\/schema.org","@graph":[{"@type":"WebPage","@id":"https:\/\/www.tabakversand.ch\/fr\/produit\/maison-30-gr-tabac-a-cigarettes\/","url":"https:\/\/www.tabakversand.ch\/fr\/produit\/maison-30-gr-tabac-a-cigarettes\/","name":"Heimat enfer 5 x 30 gr. Tabac \u00e0 cigarettes - tabakversand.ch","isPartOf":{"@id":"https:\/\/www.tabakversand.ch\/#website"},"primaryImageOfPage":{"@id":"https:\/\/www.tabakversand.ch\/fr\/produit\/maison-30-gr-tabac-a-cigarettes\/#primaryimage"},"image":{"@id":"https:\/\/www.tabakversand.ch\/fr\/produit\/maison-30-gr-tabac-a-cigarettes\/#primaryimage"},"thumbnailUrl":"https:\/\/www.tabakversand.ch\/wp-content\/uploads\/2024\/04\/heimat-ryo-30.jpg","datePublished":"2024-04-03T13:05:27+00:00","dateModified":"2026-02-09T12:54:47+00:00","description":"Heimat enfer 5 x 30 gr. Tabac \u00e0 cigarettes | Un tr\u00e8s grand choix de produits du tabac et d\u2019accessoires dans toute la Suisse| Cartes accept\u00e9es!","breadcrumb":{"@id":"https:\/\/www.tabakversand.ch\/fr\/produit\/maison-30-gr-tabac-a-cigarettes\/#breadcrumb"},"inLanguage":"fr-FR","potentialAction":[{"@type":"ReadAction","target":["https:\/\/www.tabakversand.ch\/fr\/produit\/maison-30-gr-tabac-a-cigarettes\/"]}]},{"@type":"ImageObject","inLanguage":"fr-FR","@id":"https:\/\/www.tabakversand.ch\/fr\/produit\/maison-30-gr-tabac-a-cigarettes\/#primaryimage","url":"https:\/\/www.tabakversand.ch\/wp-content\/uploads\/2024\/04\/heimat-ryo-30.jpg","contentUrl":"https:\/\/www.tabakversand.ch\/wp-content\/uploads\/2024\/04\/heimat-ryo-30.jpg","width":350,"height":350,"caption":"Patrie 30 g. Tabac \u00e0 cigarettes | Tabakversand.ch"},{"@type":"BreadcrumbList","@id":"https:\/\/www.tabakversand.ch\/fr\/produit\/maison-30-gr-tabac-a-cigarettes\/#breadcrumb","itemListElement":[{"@type":"ListItem","position":1,"name":"Startseite","item":"https:\/\/www.tabakversand.ch\/"},{"@type":"ListItem","position":2,"name":"Boutique","item":"https:\/\/www.tabakversand.ch\/fr\/boutique\/"},{"@type":"ListItem","position":3,"name":"Heimat enfer 5 x 30 gr. Tabac \u00e0 cigarettes"}]},{"@type":"WebSite","@id":"https:\/\/www.tabakversand.ch\/#website","url":"https:\/\/www.tabakversand.ch\/","name":"Tabakversand.ch | Alles aus der Welt des Tabaks","description":"Smoke and carpe diem","potentialAction":[{"@type":"SearchAction","target":{"@type":"EntryPoint","urlTemplate":"https:\/\/www.tabakversand.ch\/?s={search_term_string}"},"query-input":{"@type":"PropertyValueSpecification","valueRequired":true,"valueName":"search_term_string"}}],"inLanguage":"fr-FR"}]}},"_links":{"self":[{"href":"https:\/\/www.tabakversand.ch\/fr\/wp-json\/wp\/v2\/product\/149548","targetHints":{"allow":["GET"]}}],"collection":[{"href":"https:\/\/www.tabakversand.ch\/fr\/wp-json\/wp\/v2\/product"}],"about":[{"href":"https:\/\/www.tabakversand.ch\/fr\/wp-json\/wp\/v2\/types\/product"}],"version-history":[{"count":4,"href":"https:\/\/www.tabakversand.ch\/fr\/wp-json\/wp\/v2\/product\/149548\/revisions"}],"predecessor-version":[{"id":212351,"href":"https:\/\/www.tabakversand.ch\/fr\/wp-json\/wp\/v2\/product\/149548\/revisions\/212351"}],"wp:featuredmedia":[{"embeddable":true,"href":"https:\/\/www.tabakversand.ch\/fr\/wp-json\/wp\/v2\/media\/149552"}],"wp:attachment":[{"href":"https:\/\/www.tabakversand.ch\/fr\/wp-json\/wp\/v2\/media?parent=149548"}],"wp:term":[{"taxonomy":"product_brand","embeddable":true,"href":"https:\/\/www.tabakversand.ch\/fr\/wp-json\/wp\/v2\/product_brand?post=149548"},{"taxonomy":"product_cat","embeddable":true,"href":"https:\/\/www.tabakversand.ch\/fr\/wp-json\/wp\/v2\/product_cat?post=149548"},{"taxonomy":"product_tag","embeddable":true,"href":"https:\/\/www.tabakversand.ch\/fr\/wp-json\/wp\/v2\/product_tag?post=149548"}],"curies":[{"name":"wp","href":"https:\/\/api.w.org\/{rel}","templated":true}]}}