{"id":149799,"date":"2024-09-20T12:21:45","date_gmt":"2024-09-20T10:21:45","guid":{"rendered":"https:\/\/www.tabakversand.ch\/?post_type=product&#038;p=149799"},"modified":"2026-03-31T14:15:17","modified_gmt":"2026-03-31T12:15:17","slug":"lost-mary-tappo-air-kit-2ml-jaune-ananas-ice","status":"publish","type":"product","link":"https:\/\/www.tabakversand.ch\/fr\/produit\/lost-mary-tappo-air-kit-2ml-jaune-ananas-ice\/","title":{"rendered":"Lost Mary Tappo Air Kit 2ml Glace Jaune &amp; Ananas"},"content":{"rendered":"<p>Lost Mary Tappo Air Kit 2ml Glace Jaune &amp; Ananas<\/p>\n<p>Les produits jetables sont tr\u00e8s faciles \u00e0 utiliser. \u00c9tant donn\u00e9 que la batterie est d\u00e9j\u00e0 install\u00e9e et que le sel liquide et nicotinique (20mg \/ ml) est inclus, vous n\u2019avez qu\u2019\u00e0 d\u00e9cider de votre go\u00fbt pr\u00e9f\u00e9r\u00e9 et pouvez cuire \u00e0 la vapeur imm\u00e9diatement. Les pods de l&rsquo;Elfbar Elfa Pro et du Lost Mary Tappo Air sont compatibles entre eux. Cela vous donne un choix encore plus large de saveurs pour les deux appareils. <\/p>\n<p>Tous les prix s&rsquo;appliquent uniquement aux commandes en ligne et incluent la TVA. Sous r\u00e9serve de modifications sans pr\u00e9avis, frais de livraison en sus. Sous r\u00e9serve d&rsquo;erreurs, de modifications de contenu de livraison et de conception, de fautes d&rsquo;impression et de modifications de prix. Les prix barr\u00e9s sont des prix de remplacement. Les illustrations peuvent diff\u00e9rer de l&rsquo;original\/du contenu de livraison.<br \/>\n*Livraison gratuite pour les commandes sup\u00e9rieures \u00e0 CHF 250.-.<\/p>\n","protected":false},"excerpt":{"rendered":"<p>Lost Mary Tappo Air Kit 2ml Glace Jaune &amp; Ananas Les produits jetables sont tr\u00e8s faciles \u00e0 utiliser. \u00c9tant donn\u00e9 que la batterie est d\u00e9j\u00e0 install\u00e9e et que le sel liquide et nicotinique (20mg \/ ml) est inclus, vous n\u2019avez qu\u2019\u00e0 d\u00e9cider de votre go\u00fbt pr\u00e9f\u00e9r\u00e9 et pouvez cuire \u00e0 la vapeur imm\u00e9diatement. Les pods [&hellip;]<\/p>\n","protected":false},"featured_media":161080,"template":"","meta":[],"product_brand":[2951],"product_cat":[1895,1913,3160],"product_tag":[],"class_list":{"0":"post-149799","1":"product","2":"type-product","3":"status-publish","4":"has-post-thumbnail","6":"product_brand-elfbar","7":"product_cat-e-fumee","8":"product_cat-cigarettes-electroniques","9":"product_cat-kit-dair-perdu-mary-tappo","11":"first","12":"onbackorder","13":"purchasable","14":"product-type-simple"},"yoast_head":"<!-- This site is optimized with the Yoast SEO plugin v27.0 - https:\/\/yoast.com\/product\/yoast-seo-wordpress\/ -->\n<title>-<\/title>\n<meta name=\"description\" content=\"Lost Mary Tappo Air Kit 2 ml Glace jaune et ananas | Un tr\u00e8s grand choix de e-liquides, e-cigarettes et e-pipes dans toute la Suisse Cartes accept\u00e9es !\" \/>\n<meta name=\"robots\" content=\"index, follow, max-snippet:-1, max-image-preview:large, max-video-preview:-1\" \/>\n<link rel=\"canonical\" href=\"https:\/\/www.tabakversand.ch\/fr\/produit\/lost-mary-tappo-air-kit-2ml-jaune-ananas-ice\/\" \/>\n<meta property=\"og:locale\" content=\"fr_FR\" \/>\n<meta property=\"og:type\" content=\"article\" \/>\n<meta property=\"og:title\" content=\"-\" \/>\n<meta property=\"og:description\" content=\"Lost Mary Tappo Air Kit 2 ml Glace jaune et ananas | Un tr\u00e8s grand choix de e-liquides, e-cigarettes et e-pipes dans toute la Suisse Cartes accept\u00e9es !\" \/>\n<meta property=\"og:url\" content=\"https:\/\/www.tabakversand.ch\/fr\/produit\/lost-mary-tappo-air-kit-2ml-jaune-ananas-ice\/\" \/>\n<meta property=\"og:site_name\" content=\"Tabakversand.ch | Alles aus der Welt des Tabaks\" \/>\n<meta property=\"article:modified_time\" content=\"2026-03-31T12:15:17+00:00\" \/>\n<meta property=\"og:image\" content=\"https:\/\/www.tabakversand.ch\/wp-content\/uploads\/2024\/04\/lost-mary-tappo-air-kit-yellow-pineapple-ice.jpg\" \/>\n\t<meta property=\"og:image:width\" content=\"500\" \/>\n\t<meta property=\"og:image:height\" content=\"500\" \/>\n\t<meta property=\"og:image:type\" content=\"image\/jpeg\" \/>\n<meta name=\"twitter:card\" content=\"summary_large_image\" \/>\n<meta name=\"twitter:label1\" content=\"Dur\u00e9e de lecture estim\u00e9e\" \/>\n\t<meta name=\"twitter:data1\" content=\"2 minutes\" \/>\n<script type=\"application\/ld+json\" class=\"yoast-schema-graph\">{\"@context\":\"https:\/\/schema.org\",\"@graph\":[{\"@type\":\"WebPage\",\"@id\":\"https:\/\/www.tabakversand.ch\/fr\/produit\/lost-mary-tappo-air-kit-2ml-jaune-ananas-ice\/\",\"url\":\"https:\/\/www.tabakversand.ch\/fr\/produit\/lost-mary-tappo-air-kit-2ml-jaune-ananas-ice\/\",\"name\":\"-\",\"isPartOf\":{\"@id\":\"https:\/\/www.tabakversand.ch\/#website\"},\"primaryImageOfPage\":{\"@id\":\"https:\/\/www.tabakversand.ch\/fr\/produit\/lost-mary-tappo-air-kit-2ml-jaune-ananas-ice\/#primaryimage\"},\"image\":{\"@id\":\"https:\/\/www.tabakversand.ch\/fr\/produit\/lost-mary-tappo-air-kit-2ml-jaune-ananas-ice\/#primaryimage\"},\"thumbnailUrl\":\"https:\/\/www.tabakversand.ch\/wp-content\/uploads\/2024\/04\/lost-mary-tappo-air-kit-yellow-pineapple-ice.jpg\",\"datePublished\":\"2024-09-20T10:21:45+00:00\",\"dateModified\":\"2026-03-31T12:15:17+00:00\",\"description\":\"Lost Mary Tappo Air Kit 2 ml Glace jaune et ananas | Un tr\u00e8s grand choix de e-liquides, e-cigarettes et e-pipes dans toute la Suisse Cartes accept\u00e9es !\",\"breadcrumb\":{\"@id\":\"https:\/\/www.tabakversand.ch\/fr\/produit\/lost-mary-tappo-air-kit-2ml-jaune-ananas-ice\/#breadcrumb\"},\"inLanguage\":\"fr-FR\",\"potentialAction\":[{\"@type\":\"ReadAction\",\"target\":[\"https:\/\/www.tabakversand.ch\/fr\/produit\/lost-mary-tappo-air-kit-2ml-jaune-ananas-ice\/\"]}]},{\"@type\":\"ImageObject\",\"inLanguage\":\"fr-FR\",\"@id\":\"https:\/\/www.tabakversand.ch\/fr\/produit\/lost-mary-tappo-air-kit-2ml-jaune-ananas-ice\/#primaryimage\",\"url\":\"https:\/\/www.tabakversand.ch\/wp-content\/uploads\/2024\/04\/lost-mary-tappo-air-kit-yellow-pineapple-ice.jpg\",\"contentUrl\":\"https:\/\/www.tabakversand.ch\/wp-content\/uploads\/2024\/04\/lost-mary-tappo-air-kit-yellow-pineapple-ice.jpg\",\"width\":500,\"height\":500,\"caption\":\"Kit Lost Mary Tappo Air 2 ml Jaune et Ananas Glac\u00e9 | Tabakversand.ch\"},{\"@type\":\"BreadcrumbList\",\"@id\":\"https:\/\/www.tabakversand.ch\/fr\/produit\/lost-mary-tappo-air-kit-2ml-jaune-ananas-ice\/#breadcrumb\",\"itemListElement\":[{\"@type\":\"ListItem\",\"position\":1,\"name\":\"Startseite\",\"item\":\"https:\/\/www.tabakversand.ch\/\"},{\"@type\":\"ListItem\",\"position\":2,\"name\":\"Boutique\",\"item\":\"https:\/\/www.tabakversand.ch\/fr\/boutique\/\"},{\"@type\":\"ListItem\",\"position\":3,\"name\":\"Lost Mary Tappo Air Kit 2ml Glace Jaune &amp; Ananas\"}]},{\"@type\":\"WebSite\",\"@id\":\"https:\/\/www.tabakversand.ch\/#website\",\"url\":\"https:\/\/www.tabakversand.ch\/\",\"name\":\"Tabakversand.ch | Alles aus der Welt des Tabaks\",\"description\":\"Smoke and carpe diem\",\"potentialAction\":[{\"@type\":\"SearchAction\",\"target\":{\"@type\":\"EntryPoint\",\"urlTemplate\":\"https:\/\/www.tabakversand.ch\/?s={search_term_string}\"},\"query-input\":{\"@type\":\"PropertyValueSpecification\",\"valueRequired\":true,\"valueName\":\"search_term_string\"}}],\"inLanguage\":\"fr-FR\"}]}<\/script>\n<!-- \/ Yoast SEO plugin. -->","yoast_head_json":{"title":"-","description":"Lost Mary Tappo Air Kit 2 ml Glace jaune et ananas | Un tr\u00e8s grand choix de e-liquides, e-cigarettes et e-pipes dans toute la Suisse Cartes accept\u00e9es !","robots":{"index":"index","follow":"follow","max-snippet":"max-snippet:-1","max-image-preview":"max-image-preview:large","max-video-preview":"max-video-preview:-1"},"canonical":"https:\/\/www.tabakversand.ch\/fr\/produit\/lost-mary-tappo-air-kit-2ml-jaune-ananas-ice\/","og_locale":"fr_FR","og_type":"article","og_title":"-","og_description":"Lost Mary Tappo Air Kit 2 ml Glace jaune et ananas | Un tr\u00e8s grand choix de e-liquides, e-cigarettes et e-pipes dans toute la Suisse Cartes accept\u00e9es !","og_url":"https:\/\/www.tabakversand.ch\/fr\/produit\/lost-mary-tappo-air-kit-2ml-jaune-ananas-ice\/","og_site_name":"Tabakversand.ch | Alles aus der Welt des Tabaks","article_modified_time":"2026-03-31T12:15:17+00:00","og_image":[{"width":500,"height":500,"url":"https:\/\/www.tabakversand.ch\/wp-content\/uploads\/2024\/04\/lost-mary-tappo-air-kit-yellow-pineapple-ice.jpg","type":"image\/jpeg"}],"twitter_card":"summary_large_image","twitter_misc":{"Dur\u00e9e de lecture estim\u00e9e":"2 minutes"},"schema":{"@context":"https:\/\/schema.org","@graph":[{"@type":"WebPage","@id":"https:\/\/www.tabakversand.ch\/fr\/produit\/lost-mary-tappo-air-kit-2ml-jaune-ananas-ice\/","url":"https:\/\/www.tabakversand.ch\/fr\/produit\/lost-mary-tappo-air-kit-2ml-jaune-ananas-ice\/","name":"-","isPartOf":{"@id":"https:\/\/www.tabakversand.ch\/#website"},"primaryImageOfPage":{"@id":"https:\/\/www.tabakversand.ch\/fr\/produit\/lost-mary-tappo-air-kit-2ml-jaune-ananas-ice\/#primaryimage"},"image":{"@id":"https:\/\/www.tabakversand.ch\/fr\/produit\/lost-mary-tappo-air-kit-2ml-jaune-ananas-ice\/#primaryimage"},"thumbnailUrl":"https:\/\/www.tabakversand.ch\/wp-content\/uploads\/2024\/04\/lost-mary-tappo-air-kit-yellow-pineapple-ice.jpg","datePublished":"2024-09-20T10:21:45+00:00","dateModified":"2026-03-31T12:15:17+00:00","description":"Lost Mary Tappo Air Kit 2 ml Glace jaune et ananas | Un tr\u00e8s grand choix de e-liquides, e-cigarettes et e-pipes dans toute la Suisse Cartes accept\u00e9es !","breadcrumb":{"@id":"https:\/\/www.tabakversand.ch\/fr\/produit\/lost-mary-tappo-air-kit-2ml-jaune-ananas-ice\/#breadcrumb"},"inLanguage":"fr-FR","potentialAction":[{"@type":"ReadAction","target":["https:\/\/www.tabakversand.ch\/fr\/produit\/lost-mary-tappo-air-kit-2ml-jaune-ananas-ice\/"]}]},{"@type":"ImageObject","inLanguage":"fr-FR","@id":"https:\/\/www.tabakversand.ch\/fr\/produit\/lost-mary-tappo-air-kit-2ml-jaune-ananas-ice\/#primaryimage","url":"https:\/\/www.tabakversand.ch\/wp-content\/uploads\/2024\/04\/lost-mary-tappo-air-kit-yellow-pineapple-ice.jpg","contentUrl":"https:\/\/www.tabakversand.ch\/wp-content\/uploads\/2024\/04\/lost-mary-tappo-air-kit-yellow-pineapple-ice.jpg","width":500,"height":500,"caption":"Kit Lost Mary Tappo Air 2 ml Jaune et Ananas Glac\u00e9 | Tabakversand.ch"},{"@type":"BreadcrumbList","@id":"https:\/\/www.tabakversand.ch\/fr\/produit\/lost-mary-tappo-air-kit-2ml-jaune-ananas-ice\/#breadcrumb","itemListElement":[{"@type":"ListItem","position":1,"name":"Startseite","item":"https:\/\/www.tabakversand.ch\/"},{"@type":"ListItem","position":2,"name":"Boutique","item":"https:\/\/www.tabakversand.ch\/fr\/boutique\/"},{"@type":"ListItem","position":3,"name":"Lost Mary Tappo Air Kit 2ml Glace Jaune &amp; Ananas"}]},{"@type":"WebSite","@id":"https:\/\/www.tabakversand.ch\/#website","url":"https:\/\/www.tabakversand.ch\/","name":"Tabakversand.ch | Alles aus der Welt des Tabaks","description":"Smoke and carpe diem","potentialAction":[{"@type":"SearchAction","target":{"@type":"EntryPoint","urlTemplate":"https:\/\/www.tabakversand.ch\/?s={search_term_string}"},"query-input":{"@type":"PropertyValueSpecification","valueRequired":true,"valueName":"search_term_string"}}],"inLanguage":"fr-FR"}]}},"_links":{"self":[{"href":"https:\/\/www.tabakversand.ch\/fr\/wp-json\/wp\/v2\/product\/149799","targetHints":{"allow":["GET"]}}],"collection":[{"href":"https:\/\/www.tabakversand.ch\/fr\/wp-json\/wp\/v2\/product"}],"about":[{"href":"https:\/\/www.tabakversand.ch\/fr\/wp-json\/wp\/v2\/types\/product"}],"version-history":[{"count":5,"href":"https:\/\/www.tabakversand.ch\/fr\/wp-json\/wp\/v2\/product\/149799\/revisions"}],"predecessor-version":[{"id":216265,"href":"https:\/\/www.tabakversand.ch\/fr\/wp-json\/wp\/v2\/product\/149799\/revisions\/216265"}],"wp:featuredmedia":[{"embeddable":true,"href":"https:\/\/www.tabakversand.ch\/fr\/wp-json\/wp\/v2\/media\/161080"}],"wp:attachment":[{"href":"https:\/\/www.tabakversand.ch\/fr\/wp-json\/wp\/v2\/media?parent=149799"}],"wp:term":[{"taxonomy":"product_brand","embeddable":true,"href":"https:\/\/www.tabakversand.ch\/fr\/wp-json\/wp\/v2\/product_brand?post=149799"},{"taxonomy":"product_cat","embeddable":true,"href":"https:\/\/www.tabakversand.ch\/fr\/wp-json\/wp\/v2\/product_cat?post=149799"},{"taxonomy":"product_tag","embeddable":true,"href":"https:\/\/www.tabakversand.ch\/fr\/wp-json\/wp\/v2\/product_tag?post=149799"}],"curies":[{"name":"wp","href":"https:\/\/api.w.org\/{rel}","templated":true}]}}