{"id":149859,"date":"2025-02-02T13:36:35","date_gmt":"2025-02-02T12:36:35","guid":{"rendered":"https:\/\/www.tabakversand.ch\/?post_type=product&#038;p=149859"},"modified":"2026-03-31T14:15:39","modified_gmt":"2026-03-31T12:15:39","slug":"lost-mary-tappo-air-kit-2-ml-bleu-glace-myrtille-sour-framboise","status":"publish","type":"product","link":"https:\/\/www.tabakversand.ch\/fr\/produit\/lost-mary-tappo-air-kit-2-ml-bleu-glace-myrtille-sour-framboise\/","title":{"rendered":"Lost Mary Tappo Air Kit 2 ml Bleu Glace &amp; Myrtille Sour Framboise"},"content":{"rendered":"<p>Lost Mary Tappo Air Kit 2 ml Bleu Glace &amp; Myrtille Sour Framboise<\/p>\n<p>Les produits jetables sont tr\u00e8s faciles \u00e0 utiliser. \u00c9tant donn\u00e9 que la batterie est d\u00e9j\u00e0 install\u00e9e et que le sel liquide et nicotinique (20mg \/ ml) est inclus, vous n\u2019avez qu\u2019\u00e0 d\u00e9cider de votre go\u00fbt pr\u00e9f\u00e9r\u00e9 et pouvez cuire \u00e0 la vapeur imm\u00e9diatement. Les pods de l&rsquo;Elfbar Elfa Pro et du Lost Mary Tappo Air sont compatibles entre eux. Cela vous donne un choix encore plus large de saveurs pour les deux appareils. <\/p>\n<p>Tous les prix s&rsquo;appliquent uniquement aux commandes en ligne et incluent la TVA. Sous r\u00e9serve de modifications sans pr\u00e9avis, frais de livraison en sus. Sous r\u00e9serve d&rsquo;erreurs, de modifications de contenu de livraison et de conception, de fautes d&rsquo;impression et de modifications de prix. Les prix barr\u00e9s sont des prix de remplacement. Les illustrations peuvent diff\u00e9rer de l&rsquo;original\/du contenu de livraison.<br \/>\n*Livraison gratuite pour les commandes sup\u00e9rieures \u00e0 CHF 250.-.<\/p>\n","protected":false},"excerpt":{"rendered":"<p>Lost Mary Tappo Air Kit 2 ml Bleu Glace &amp; Myrtille Sour Framboise Les produits jetables sont tr\u00e8s faciles \u00e0 utiliser. \u00c9tant donn\u00e9 que la batterie est d\u00e9j\u00e0 install\u00e9e et que le sel liquide et nicotinique (20mg \/ ml) est inclus, vous n\u2019avez qu\u2019\u00e0 d\u00e9cider de votre go\u00fbt pr\u00e9f\u00e9r\u00e9 et pouvez cuire \u00e0 la vapeur [&hellip;]<\/p>\n","protected":false},"featured_media":161008,"template":"","meta":[],"product_brand":[2951],"product_cat":[1913,1995,1895,3160,3208],"product_tag":[],"class_list":{"0":"post-149859","1":"product","2":"type-product","3":"status-publish","4":"has-post-thumbnail","6":"product_brand-elfbar","7":"product_cat-cigarettes-electroniques","8":"product_cat-divers-headshop","9":"product_cat-e-fumee","10":"product_cat-kit-dair-perdu-mary-tappo","11":"product_cat-offres","13":"first","14":"instock","15":"sale","16":"purchasable","17":"product-type-simple"},"yoast_head":"<!-- This site is optimized with the Yoast SEO plugin v27.0 - https:\/\/yoast.com\/product\/yoast-seo-wordpress\/ -->\n<title>-<\/title>\n<meta name=\"description\" content=\"Lost Mary Tappo Air Kit 2ml Bleu Glac\u00e9 &amp; Myrtille Sour Framboise | Un grand choix de e-liquides, e-cigarettes et e-pipes dans toute la Suisse Cartes accept\u00e9es !\" \/>\n<meta name=\"robots\" content=\"index, follow, max-snippet:-1, max-image-preview:large, max-video-preview:-1\" \/>\n<link rel=\"canonical\" href=\"https:\/\/www.tabakversand.ch\/fr\/produit\/lost-mary-tappo-air-kit-2-ml-bleu-glace-myrtille-sour-framboise\/\" \/>\n<meta property=\"og:locale\" content=\"fr_FR\" \/>\n<meta property=\"og:type\" content=\"article\" \/>\n<meta property=\"og:title\" content=\"-\" \/>\n<meta property=\"og:description\" content=\"Lost Mary Tappo Air Kit 2ml Bleu Glac\u00e9 &amp; Myrtille Sour Framboise | Un grand choix de e-liquides, e-cigarettes et e-pipes dans toute la Suisse Cartes accept\u00e9es !\" \/>\n<meta property=\"og:url\" content=\"https:\/\/www.tabakversand.ch\/fr\/produit\/lost-mary-tappo-air-kit-2-ml-bleu-glace-myrtille-sour-framboise\/\" \/>\n<meta property=\"og:site_name\" content=\"Tabakversand.ch | Alles aus der Welt des Tabaks\" \/>\n<meta property=\"article:modified_time\" content=\"2026-03-31T12:15:39+00:00\" \/>\n<meta property=\"og:image\" content=\"https:\/\/www.tabakversand.ch\/wp-content\/uploads\/2024\/04\/lost-mary-tappo-air-kit-ice-blue-blueberry-sour-raspberry.jpg\" \/>\n\t<meta property=\"og:image:width\" content=\"500\" \/>\n\t<meta property=\"og:image:height\" content=\"500\" \/>\n\t<meta property=\"og:image:type\" content=\"image\/jpeg\" \/>\n<meta name=\"twitter:card\" content=\"summary_large_image\" \/>\n<meta name=\"twitter:label1\" content=\"Dur\u00e9e de lecture estim\u00e9e\" \/>\n\t<meta name=\"twitter:data1\" content=\"2 minutes\" \/>\n<script type=\"application\/ld+json\" class=\"yoast-schema-graph\">{\"@context\":\"https:\/\/schema.org\",\"@graph\":[{\"@type\":\"WebPage\",\"@id\":\"https:\/\/www.tabakversand.ch\/fr\/produit\/lost-mary-tappo-air-kit-2-ml-bleu-glace-myrtille-sour-framboise\/\",\"url\":\"https:\/\/www.tabakversand.ch\/fr\/produit\/lost-mary-tappo-air-kit-2-ml-bleu-glace-myrtille-sour-framboise\/\",\"name\":\"-\",\"isPartOf\":{\"@id\":\"https:\/\/www.tabakversand.ch\/#website\"},\"primaryImageOfPage\":{\"@id\":\"https:\/\/www.tabakversand.ch\/fr\/produit\/lost-mary-tappo-air-kit-2-ml-bleu-glace-myrtille-sour-framboise\/#primaryimage\"},\"image\":{\"@id\":\"https:\/\/www.tabakversand.ch\/fr\/produit\/lost-mary-tappo-air-kit-2-ml-bleu-glace-myrtille-sour-framboise\/#primaryimage\"},\"thumbnailUrl\":\"https:\/\/www.tabakversand.ch\/wp-content\/uploads\/2024\/04\/lost-mary-tappo-air-kit-ice-blue-blueberry-sour-raspberry.jpg\",\"datePublished\":\"2025-02-02T12:36:35+00:00\",\"dateModified\":\"2026-03-31T12:15:39+00:00\",\"description\":\"Lost Mary Tappo Air Kit 2ml Bleu Glac\u00e9 & Myrtille Sour Framboise | Un grand choix de e-liquides, e-cigarettes et e-pipes dans toute la Suisse Cartes accept\u00e9es !\",\"breadcrumb\":{\"@id\":\"https:\/\/www.tabakversand.ch\/fr\/produit\/lost-mary-tappo-air-kit-2-ml-bleu-glace-myrtille-sour-framboise\/#breadcrumb\"},\"inLanguage\":\"fr-FR\",\"potentialAction\":[{\"@type\":\"ReadAction\",\"target\":[\"https:\/\/www.tabakversand.ch\/fr\/produit\/lost-mary-tappo-air-kit-2-ml-bleu-glace-myrtille-sour-framboise\/\"]}]},{\"@type\":\"ImageObject\",\"inLanguage\":\"fr-FR\",\"@id\":\"https:\/\/www.tabakversand.ch\/fr\/produit\/lost-mary-tappo-air-kit-2-ml-bleu-glace-myrtille-sour-framboise\/#primaryimage\",\"url\":\"https:\/\/www.tabakversand.ch\/wp-content\/uploads\/2024\/04\/lost-mary-tappo-air-kit-ice-blue-blueberry-sour-raspberry.jpg\",\"contentUrl\":\"https:\/\/www.tabakversand.ch\/wp-content\/uploads\/2024\/04\/lost-mary-tappo-air-kit-ice-blue-blueberry-sour-raspberry.jpg\",\"width\":500,\"height\":500,\"caption\":\"Kit Air Lost Mary Tappo 2 ml Bleu glacier et myrtille Framboise acidul\u00e9e | Tabakversand.ch\"},{\"@type\":\"BreadcrumbList\",\"@id\":\"https:\/\/www.tabakversand.ch\/fr\/produit\/lost-mary-tappo-air-kit-2-ml-bleu-glace-myrtille-sour-framboise\/#breadcrumb\",\"itemListElement\":[{\"@type\":\"ListItem\",\"position\":1,\"name\":\"Startseite\",\"item\":\"https:\/\/www.tabakversand.ch\/\"},{\"@type\":\"ListItem\",\"position\":2,\"name\":\"Boutique\",\"item\":\"https:\/\/www.tabakversand.ch\/fr\/boutique\/\"},{\"@type\":\"ListItem\",\"position\":3,\"name\":\"Lost Mary Tappo Air Kit 2 ml Bleu Glace &amp; Myrtille Sour Framboise\"}]},{\"@type\":\"WebSite\",\"@id\":\"https:\/\/www.tabakversand.ch\/#website\",\"url\":\"https:\/\/www.tabakversand.ch\/\",\"name\":\"Tabakversand.ch | Alles aus der Welt des Tabaks\",\"description\":\"Smoke and carpe diem\",\"potentialAction\":[{\"@type\":\"SearchAction\",\"target\":{\"@type\":\"EntryPoint\",\"urlTemplate\":\"https:\/\/www.tabakversand.ch\/?s={search_term_string}\"},\"query-input\":{\"@type\":\"PropertyValueSpecification\",\"valueRequired\":true,\"valueName\":\"search_term_string\"}}],\"inLanguage\":\"fr-FR\"}]}<\/script>\n<!-- \/ Yoast SEO plugin. -->","yoast_head_json":{"title":"-","description":"Lost Mary Tappo Air Kit 2ml Bleu Glac\u00e9 & Myrtille Sour Framboise | Un grand choix de e-liquides, e-cigarettes et e-pipes dans toute la Suisse Cartes accept\u00e9es !","robots":{"index":"index","follow":"follow","max-snippet":"max-snippet:-1","max-image-preview":"max-image-preview:large","max-video-preview":"max-video-preview:-1"},"canonical":"https:\/\/www.tabakversand.ch\/fr\/produit\/lost-mary-tappo-air-kit-2-ml-bleu-glace-myrtille-sour-framboise\/","og_locale":"fr_FR","og_type":"article","og_title":"-","og_description":"Lost Mary Tappo Air Kit 2ml Bleu Glac\u00e9 & Myrtille Sour Framboise | Un grand choix de e-liquides, e-cigarettes et e-pipes dans toute la Suisse Cartes accept\u00e9es !","og_url":"https:\/\/www.tabakversand.ch\/fr\/produit\/lost-mary-tappo-air-kit-2-ml-bleu-glace-myrtille-sour-framboise\/","og_site_name":"Tabakversand.ch | Alles aus der Welt des Tabaks","article_modified_time":"2026-03-31T12:15:39+00:00","og_image":[{"width":500,"height":500,"url":"https:\/\/www.tabakversand.ch\/wp-content\/uploads\/2024\/04\/lost-mary-tappo-air-kit-ice-blue-blueberry-sour-raspberry.jpg","type":"image\/jpeg"}],"twitter_card":"summary_large_image","twitter_misc":{"Dur\u00e9e de lecture estim\u00e9e":"2 minutes"},"schema":{"@context":"https:\/\/schema.org","@graph":[{"@type":"WebPage","@id":"https:\/\/www.tabakversand.ch\/fr\/produit\/lost-mary-tappo-air-kit-2-ml-bleu-glace-myrtille-sour-framboise\/","url":"https:\/\/www.tabakversand.ch\/fr\/produit\/lost-mary-tappo-air-kit-2-ml-bleu-glace-myrtille-sour-framboise\/","name":"-","isPartOf":{"@id":"https:\/\/www.tabakversand.ch\/#website"},"primaryImageOfPage":{"@id":"https:\/\/www.tabakversand.ch\/fr\/produit\/lost-mary-tappo-air-kit-2-ml-bleu-glace-myrtille-sour-framboise\/#primaryimage"},"image":{"@id":"https:\/\/www.tabakversand.ch\/fr\/produit\/lost-mary-tappo-air-kit-2-ml-bleu-glace-myrtille-sour-framboise\/#primaryimage"},"thumbnailUrl":"https:\/\/www.tabakversand.ch\/wp-content\/uploads\/2024\/04\/lost-mary-tappo-air-kit-ice-blue-blueberry-sour-raspberry.jpg","datePublished":"2025-02-02T12:36:35+00:00","dateModified":"2026-03-31T12:15:39+00:00","description":"Lost Mary Tappo Air Kit 2ml Bleu Glac\u00e9 & Myrtille Sour Framboise | Un grand choix de e-liquides, e-cigarettes et e-pipes dans toute la Suisse Cartes accept\u00e9es !","breadcrumb":{"@id":"https:\/\/www.tabakversand.ch\/fr\/produit\/lost-mary-tappo-air-kit-2-ml-bleu-glace-myrtille-sour-framboise\/#breadcrumb"},"inLanguage":"fr-FR","potentialAction":[{"@type":"ReadAction","target":["https:\/\/www.tabakversand.ch\/fr\/produit\/lost-mary-tappo-air-kit-2-ml-bleu-glace-myrtille-sour-framboise\/"]}]},{"@type":"ImageObject","inLanguage":"fr-FR","@id":"https:\/\/www.tabakversand.ch\/fr\/produit\/lost-mary-tappo-air-kit-2-ml-bleu-glace-myrtille-sour-framboise\/#primaryimage","url":"https:\/\/www.tabakversand.ch\/wp-content\/uploads\/2024\/04\/lost-mary-tappo-air-kit-ice-blue-blueberry-sour-raspberry.jpg","contentUrl":"https:\/\/www.tabakversand.ch\/wp-content\/uploads\/2024\/04\/lost-mary-tappo-air-kit-ice-blue-blueberry-sour-raspberry.jpg","width":500,"height":500,"caption":"Kit Air Lost Mary Tappo 2 ml Bleu glacier et myrtille Framboise acidul\u00e9e | Tabakversand.ch"},{"@type":"BreadcrumbList","@id":"https:\/\/www.tabakversand.ch\/fr\/produit\/lost-mary-tappo-air-kit-2-ml-bleu-glace-myrtille-sour-framboise\/#breadcrumb","itemListElement":[{"@type":"ListItem","position":1,"name":"Startseite","item":"https:\/\/www.tabakversand.ch\/"},{"@type":"ListItem","position":2,"name":"Boutique","item":"https:\/\/www.tabakversand.ch\/fr\/boutique\/"},{"@type":"ListItem","position":3,"name":"Lost Mary Tappo Air Kit 2 ml Bleu Glace &amp; Myrtille Sour Framboise"}]},{"@type":"WebSite","@id":"https:\/\/www.tabakversand.ch\/#website","url":"https:\/\/www.tabakversand.ch\/","name":"Tabakversand.ch | Alles aus der Welt des Tabaks","description":"Smoke and carpe diem","potentialAction":[{"@type":"SearchAction","target":{"@type":"EntryPoint","urlTemplate":"https:\/\/www.tabakversand.ch\/?s={search_term_string}"},"query-input":{"@type":"PropertyValueSpecification","valueRequired":true,"valueName":"search_term_string"}}],"inLanguage":"fr-FR"}]}},"_links":{"self":[{"href":"https:\/\/www.tabakversand.ch\/fr\/wp-json\/wp\/v2\/product\/149859","targetHints":{"allow":["GET"]}}],"collection":[{"href":"https:\/\/www.tabakversand.ch\/fr\/wp-json\/wp\/v2\/product"}],"about":[{"href":"https:\/\/www.tabakversand.ch\/fr\/wp-json\/wp\/v2\/types\/product"}],"version-history":[{"count":7,"href":"https:\/\/www.tabakversand.ch\/fr\/wp-json\/wp\/v2\/product\/149859\/revisions"}],"predecessor-version":[{"id":194466,"href":"https:\/\/www.tabakversand.ch\/fr\/wp-json\/wp\/v2\/product\/149859\/revisions\/194466"}],"wp:featuredmedia":[{"embeddable":true,"href":"https:\/\/www.tabakversand.ch\/fr\/wp-json\/wp\/v2\/media\/161008"}],"wp:attachment":[{"href":"https:\/\/www.tabakversand.ch\/fr\/wp-json\/wp\/v2\/media?parent=149859"}],"wp:term":[{"taxonomy":"product_brand","embeddable":true,"href":"https:\/\/www.tabakversand.ch\/fr\/wp-json\/wp\/v2\/product_brand?post=149859"},{"taxonomy":"product_cat","embeddable":true,"href":"https:\/\/www.tabakversand.ch\/fr\/wp-json\/wp\/v2\/product_cat?post=149859"},{"taxonomy":"product_tag","embeddable":true,"href":"https:\/\/www.tabakversand.ch\/fr\/wp-json\/wp\/v2\/product_tag?post=149859"}],"curies":[{"name":"wp","href":"https:\/\/api.w.org\/{rel}","templated":true}]}}