{"id":158858,"date":"2024-08-24T11:58:43","date_gmt":"2024-08-24T09:58:43","guid":{"rendered":"https:\/\/www.tabakversand.ch\/?post_type=product&#038;p=158858"},"modified":"2024-08-24T12:05:01","modified_gmt":"2024-08-24T10:05:01","slug":"solobar-s2400-bleu","status":"publish","type":"product","link":"https:\/\/www.tabakversand.ch\/fr\/produit\/solobar-s2400-bleu\/","title":{"rendered":"Solobar S2400 Bleu"},"content":{"rendered":"<p>Solobar S2400 Bleu D\u00e9couvrez le Solobar 2400 &#8211; le syst\u00e8me de pods innovant pour une vape longue dur\u00e9e. L&rsquo;appareil est livr\u00e9 sans pods ! Avec quatre pods facilement rempla\u00e7ables, le Solobar 2400 offre une exp\u00e9rience de vapotage flexible et durable. Le go\u00fbt des gousses peut varier. Il peut facilement \u00eatre tourn\u00e9 vers le module suivant. Si les pods sont vides, de nouveaux pods peuvent \u00eatre ins\u00e9r\u00e9s. Caract\u00e9ristique : 4 pods peuvent \u00eatre utilis\u00e9s = jusqu&rsquo;\u00e0 2400 bouff\u00e9es (sans garantie) Puissance de la batterie : 600 mAh (rechargeable) Tous les prix s&rsquo;appliquent uniquement aux commandes en ligne et incluent la TVA. TVA, sous r\u00e9serve de modifications plus Exp\u00e9dition. Sous r\u00e9serve d&rsquo;erreurs, de modifications de l&rsquo;\u00e9tendue de la livraison et de la conception, d&rsquo;erreurs d&rsquo;impression et de modifications de prix. Les prix barr\u00e9s sont plut\u00f4t des prix. L&rsquo;illustration peut diff\u00e9rer de l&rsquo;original\/de l&rsquo;\u00e9tendue de la livraison. *Livraison gratuite pour les commandes sup\u00e9rieures \u00e0 CHF 250.<\/p>\n","protected":false},"excerpt":{"rendered":"<p>Solobar S2400 Bleu D\u00e9couvrez le Solobar 2400 &#8211; le syst\u00e8me de pods innovant pour une vape longue dur\u00e9e. L&rsquo;appareil est livr\u00e9 sans pods ! Avec quatre pods facilement rempla\u00e7ables, le Solobar 2400 offre une exp\u00e9rience de vapotage flexible et durable. Le go\u00fbt des gousses peut varier. Il peut facilement \u00eatre tourn\u00e9 vers le module suivant. [&hellip;]<\/p>\n","protected":false},"featured_media":158862,"template":"","meta":[],"product_brand":[],"product_cat":[3147,1913,1895],"product_tag":[],"class_list":{"0":"post-158858","1":"product","2":"type-product","3":"status-publish","4":"has-post-thumbnail","6":"product_cat-barre-solo","7":"product_cat-cigarettes-electroniques","8":"product_cat-e-fumee","10":"first","11":"onbackorder","12":"featured","13":"purchasable","14":"product-type-simple"},"yoast_head":"<!-- This site is optimized with the Yoast SEO plugin v27.0 - https:\/\/yoast.com\/product\/yoast-seo-wordpress\/ -->\n<title>Solobar S2400 Bleu - Tabakversand.ch | Alles aus der Welt des Tabaks<\/title>\n<meta name=\"description\" content=\"Solobar S2400 Bleu | Un tr\u00e8s grand choix de e-liquides, e-cigarettes et e-pipes dans toute la Suisse Cartes accept\u00e9es !\" \/>\n<meta name=\"robots\" content=\"index, follow, max-snippet:-1, max-image-preview:large, max-video-preview:-1\" \/>\n<link rel=\"canonical\" href=\"https:\/\/www.tabakversand.ch\/produit\/solobar-s2400-blau\/\" \/>\n<meta property=\"og:locale\" content=\"fr_FR\" \/>\n<meta property=\"og:type\" content=\"article\" \/>\n<meta property=\"og:title\" content=\"Solobar S2400 Bleu - Tabakversand.ch | Alles aus der Welt des Tabaks\" \/>\n<meta property=\"og:description\" content=\"Solobar S2400 Bleu | Un tr\u00e8s grand choix de e-liquides, e-cigarettes et e-pipes dans toute la Suisse Cartes accept\u00e9es !\" \/>\n<meta property=\"og:url\" content=\"https:\/\/www.tabakversand.ch\/produit\/solobar-s2400-blau\/\" \/>\n<meta property=\"og:site_name\" content=\"Tabakversand.ch | Alles aus der Welt des Tabaks\" \/>\n<meta property=\"article:modified_time\" content=\"2024-08-24T10:05:01+00:00\" \/>\n<meta property=\"og:image\" content=\"https:\/\/www.tabakversand.ch\/wp-content\/uploads\/2024\/08\/solobar-s2400-blau.jpg\" \/>\n\t<meta property=\"og:image:width\" content=\"500\" \/>\n\t<meta property=\"og:image:height\" content=\"500\" \/>\n\t<meta property=\"og:image:type\" content=\"image\/jpeg\" \/>\n<meta name=\"twitter:card\" content=\"summary_large_image\" \/>\n<meta name=\"twitter:label1\" content=\"Dur\u00e9e de lecture estim\u00e9e\" \/>\n\t<meta name=\"twitter:data1\" content=\"2 minutes\" \/>\n<script type=\"application\/ld+json\" class=\"yoast-schema-graph\">{\"@context\":\"https:\/\/schema.org\",\"@graph\":[{\"@type\":\"WebPage\",\"@id\":\"https:\/\/www.tabakversand.ch\/produit\/solobar-s2400-blau\/\",\"url\":\"https:\/\/www.tabakversand.ch\/produit\/solobar-s2400-blau\/\",\"name\":\"Solobar S2400 Bleu - Tabakversand.ch | Alles aus der Welt des Tabaks\",\"isPartOf\":{\"@id\":\"https:\/\/www.tabakversand.ch\/#website\"},\"primaryImageOfPage\":{\"@id\":\"https:\/\/www.tabakversand.ch\/produit\/solobar-s2400-blau\/#primaryimage\"},\"image\":{\"@id\":\"https:\/\/www.tabakversand.ch\/produit\/solobar-s2400-blau\/#primaryimage\"},\"thumbnailUrl\":\"https:\/\/www.tabakversand.ch\/wp-content\/uploads\/2024\/08\/solobar-s2400-blau.jpg\",\"datePublished\":\"2024-08-24T09:58:43+00:00\",\"dateModified\":\"2024-08-24T10:05:01+00:00\",\"description\":\"Solobar S2400 Bleu | Un tr\u00e8s grand choix de e-liquides, e-cigarettes et e-pipes dans toute la Suisse Cartes accept\u00e9es !\",\"breadcrumb\":{\"@id\":\"https:\/\/www.tabakversand.ch\/produit\/solobar-s2400-blau\/#breadcrumb\"},\"inLanguage\":\"fr-FR\",\"potentialAction\":[{\"@type\":\"ReadAction\",\"target\":[\"https:\/\/www.tabakversand.ch\/produit\/solobar-s2400-blau\/\"]}]},{\"@type\":\"ImageObject\",\"inLanguage\":\"fr-FR\",\"@id\":\"https:\/\/www.tabakversand.ch\/produit\/solobar-s2400-blau\/#primaryimage\",\"url\":\"https:\/\/www.tabakversand.ch\/wp-content\/uploads\/2024\/08\/solobar-s2400-blau.jpg\",\"contentUrl\":\"https:\/\/www.tabakversand.ch\/wp-content\/uploads\/2024\/08\/solobar-s2400-blau.jpg\",\"width\":500,\"height\":500,\"caption\":\"Solobar S2400 Blau\"},{\"@type\":\"BreadcrumbList\",\"@id\":\"https:\/\/www.tabakversand.ch\/produit\/solobar-s2400-blau\/#breadcrumb\",\"itemListElement\":[{\"@type\":\"ListItem\",\"position\":1,\"name\":\"Startseite\",\"item\":\"https:\/\/www.tabakversand.ch\/\"},{\"@type\":\"ListItem\",\"position\":2,\"name\":\"Boutique\",\"item\":\"https:\/\/www.tabakversand.ch\/fr\/boutique\/\"},{\"@type\":\"ListItem\",\"position\":3,\"name\":\"Solobar S2400 Bleu\"}]},{\"@type\":\"WebSite\",\"@id\":\"https:\/\/www.tabakversand.ch\/#website\",\"url\":\"https:\/\/www.tabakversand.ch\/\",\"name\":\"Tabakversand.ch | Alles aus der Welt des Tabaks\",\"description\":\"Smoke and carpe diem\",\"potentialAction\":[{\"@type\":\"SearchAction\",\"target\":{\"@type\":\"EntryPoint\",\"urlTemplate\":\"https:\/\/www.tabakversand.ch\/?s={search_term_string}\"},\"query-input\":{\"@type\":\"PropertyValueSpecification\",\"valueRequired\":true,\"valueName\":\"search_term_string\"}}],\"inLanguage\":\"fr-FR\"}]}<\/script>\n<!-- \/ Yoast SEO plugin. -->","yoast_head_json":{"title":"Solobar S2400 Bleu - Tabakversand.ch | Alles aus der Welt des Tabaks","description":"Solobar S2400 Bleu | Un tr\u00e8s grand choix de e-liquides, e-cigarettes et e-pipes dans toute la Suisse Cartes accept\u00e9es !","robots":{"index":"index","follow":"follow","max-snippet":"max-snippet:-1","max-image-preview":"max-image-preview:large","max-video-preview":"max-video-preview:-1"},"canonical":"https:\/\/www.tabakversand.ch\/produit\/solobar-s2400-blau\/","og_locale":"fr_FR","og_type":"article","og_title":"Solobar S2400 Bleu - Tabakversand.ch | Alles aus der Welt des Tabaks","og_description":"Solobar S2400 Bleu | Un tr\u00e8s grand choix de e-liquides, e-cigarettes et e-pipes dans toute la Suisse Cartes accept\u00e9es !","og_url":"https:\/\/www.tabakversand.ch\/produit\/solobar-s2400-blau\/","og_site_name":"Tabakversand.ch | Alles aus der Welt des Tabaks","article_modified_time":"2024-08-24T10:05:01+00:00","og_image":[{"width":500,"height":500,"url":"https:\/\/www.tabakversand.ch\/wp-content\/uploads\/2024\/08\/solobar-s2400-blau.jpg","type":"image\/jpeg"}],"twitter_card":"summary_large_image","twitter_misc":{"Dur\u00e9e de lecture estim\u00e9e":"2 minutes"},"schema":{"@context":"https:\/\/schema.org","@graph":[{"@type":"WebPage","@id":"https:\/\/www.tabakversand.ch\/produit\/solobar-s2400-blau\/","url":"https:\/\/www.tabakversand.ch\/produit\/solobar-s2400-blau\/","name":"Solobar S2400 Bleu - Tabakversand.ch | Alles aus der Welt des Tabaks","isPartOf":{"@id":"https:\/\/www.tabakversand.ch\/#website"},"primaryImageOfPage":{"@id":"https:\/\/www.tabakversand.ch\/produit\/solobar-s2400-blau\/#primaryimage"},"image":{"@id":"https:\/\/www.tabakversand.ch\/produit\/solobar-s2400-blau\/#primaryimage"},"thumbnailUrl":"https:\/\/www.tabakversand.ch\/wp-content\/uploads\/2024\/08\/solobar-s2400-blau.jpg","datePublished":"2024-08-24T09:58:43+00:00","dateModified":"2024-08-24T10:05:01+00:00","description":"Solobar S2400 Bleu | Un tr\u00e8s grand choix de e-liquides, e-cigarettes et e-pipes dans toute la Suisse Cartes accept\u00e9es !","breadcrumb":{"@id":"https:\/\/www.tabakversand.ch\/produit\/solobar-s2400-blau\/#breadcrumb"},"inLanguage":"fr-FR","potentialAction":[{"@type":"ReadAction","target":["https:\/\/www.tabakversand.ch\/produit\/solobar-s2400-blau\/"]}]},{"@type":"ImageObject","inLanguage":"fr-FR","@id":"https:\/\/www.tabakversand.ch\/produit\/solobar-s2400-blau\/#primaryimage","url":"https:\/\/www.tabakversand.ch\/wp-content\/uploads\/2024\/08\/solobar-s2400-blau.jpg","contentUrl":"https:\/\/www.tabakversand.ch\/wp-content\/uploads\/2024\/08\/solobar-s2400-blau.jpg","width":500,"height":500,"caption":"Solobar S2400 Blau"},{"@type":"BreadcrumbList","@id":"https:\/\/www.tabakversand.ch\/produit\/solobar-s2400-blau\/#breadcrumb","itemListElement":[{"@type":"ListItem","position":1,"name":"Startseite","item":"https:\/\/www.tabakversand.ch\/"},{"@type":"ListItem","position":2,"name":"Boutique","item":"https:\/\/www.tabakversand.ch\/fr\/boutique\/"},{"@type":"ListItem","position":3,"name":"Solobar S2400 Bleu"}]},{"@type":"WebSite","@id":"https:\/\/www.tabakversand.ch\/#website","url":"https:\/\/www.tabakversand.ch\/","name":"Tabakversand.ch | Alles aus der Welt des Tabaks","description":"Smoke and carpe diem","potentialAction":[{"@type":"SearchAction","target":{"@type":"EntryPoint","urlTemplate":"https:\/\/www.tabakversand.ch\/?s={search_term_string}"},"query-input":{"@type":"PropertyValueSpecification","valueRequired":true,"valueName":"search_term_string"}}],"inLanguage":"fr-FR"}]}},"_links":{"self":[{"href":"https:\/\/www.tabakversand.ch\/fr\/wp-json\/wp\/v2\/product\/158858","targetHints":{"allow":["GET"]}}],"collection":[{"href":"https:\/\/www.tabakversand.ch\/fr\/wp-json\/wp\/v2\/product"}],"about":[{"href":"https:\/\/www.tabakversand.ch\/fr\/wp-json\/wp\/v2\/types\/product"}],"version-history":[{"count":2,"href":"https:\/\/www.tabakversand.ch\/fr\/wp-json\/wp\/v2\/product\/158858\/revisions"}],"predecessor-version":[{"id":158873,"href":"https:\/\/www.tabakversand.ch\/fr\/wp-json\/wp\/v2\/product\/158858\/revisions\/158873"}],"wp:featuredmedia":[{"embeddable":true,"href":"https:\/\/www.tabakversand.ch\/fr\/wp-json\/wp\/v2\/media\/158862"}],"wp:attachment":[{"href":"https:\/\/www.tabakversand.ch\/fr\/wp-json\/wp\/v2\/media?parent=158858"}],"wp:term":[{"taxonomy":"product_brand","embeddable":true,"href":"https:\/\/www.tabakversand.ch\/fr\/wp-json\/wp\/v2\/product_brand?post=158858"},{"taxonomy":"product_cat","embeddable":true,"href":"https:\/\/www.tabakversand.ch\/fr\/wp-json\/wp\/v2\/product_cat?post=158858"},{"taxonomy":"product_tag","embeddable":true,"href":"https:\/\/www.tabakversand.ch\/fr\/wp-json\/wp\/v2\/product_tag?post=158858"}],"curies":[{"name":"wp","href":"https:\/\/api.w.org\/{rel}","templated":true}]}}