{"id":161213,"date":"2024-09-20T17:00:26","date_gmt":"2024-09-20T15:00:26","guid":{"rendered":"https:\/\/www.tabakversand.ch\/?post_type=product&#038;p=161213"},"modified":"2025-09-09T12:13:39","modified_gmt":"2025-09-09T10:13:39","slug":"lost-mary-tappo-pod-2-x-2-ml-20-mg","status":"publish","type":"product","link":"https:\/\/www.tabakversand.ch\/fr\/produit\/lost-mary-tappo-pod-2-x-2-ml-20-mg\/","title":{"rendered":"Lost Mary Tappo Pod 2 x 2 ml 20 mg"},"content":{"rendered":"<p>Lost Mary Tappo Pod 2 x 2 ml 20 mg<\/p>\n<p>Vivez une exp\u00e9rience de vapotage compl\u00e8tement nouvelle avec les pods Lost Mary Tappo. Ces dosettes pr\u00e9remplies sont parfaites pour vous si vous appr\u00e9ciez la qualit\u00e9 et le go\u00fbt. Avec une vari\u00e9t\u00e9 de saveurs, les dosettes Lost Mary Tappo sauront satisfaire tous les go\u00fbts. Pr\u00e9remplies et pr\u00eates \u00e0 l&#8217;emploi, elles ne n\u00e9cessitent aucun remplissage ni aucun d\u00e9g\u00e2t\u00a0: il suffit de les brancher et de savourer.<\/p>\n<p>Haute qualit\u00e9 : fabriqu\u00e9 \u00e0 partir d&rsquo;ingr\u00e9dients de haute qualit\u00e9 pour une exp\u00e9rience de vapotage pure et intense.<\/p>\n<p>20 mg de sel de nicotine<\/p>\n<p>Tous les prix s&rsquo;appliquent uniquement aux commandes en ligne et incluent la TVA. Sous r\u00e9serve de modifications sans pr\u00e9avis, frais de livraison en sus. Sous r\u00e9serve d&rsquo;erreurs, de modifications de contenu de livraison et de conception, de fautes d&rsquo;impression et de modifications de prix. Les prix barr\u00e9s sont des prix de remplacement. Les illustrations peuvent diff\u00e9rer de l&rsquo;original\/du contenu de livraison.<br \/>\n*Livraison gratuite pour les commandes sup\u00e9rieures \u00e0 CHF 250.-.<\/p>\n","protected":false},"excerpt":{"rendered":"<p>Lost Mary Tappo Pod 2 x 2 ml 20 mg Vivez une exp\u00e9rience de vapotage compl\u00e8tement nouvelle avec les pods Lost Mary Tappo. Ces dosettes pr\u00e9remplies sont parfaites pour vous si vous appr\u00e9ciez la qualit\u00e9 et le go\u00fbt. Avec une vari\u00e9t\u00e9 de saveurs, les dosettes Lost Mary Tappo sauront satisfaire tous les go\u00fbts. Pr\u00e9remplies et [&hellip;]<\/p>\n","protected":false},"featured_media":161100,"template":"","meta":[],"product_brand":[2951],"product_cat":[1895,1894,3171],"product_tag":[],"class_list":{"0":"post-161213","1":"product","2":"type-product","3":"status-publish","4":"has-post-thumbnail","6":"product_brand-elfbar","7":"product_cat-e-fumee","8":"product_cat-e-liquide","9":"product_cat-pod-mary-tappo-perdu","10":"pa_geschmack-blue-razz-lemonade-fr","11":"pa_geschmack-blueberry-sour-raspberry-fr","12":"pa_geschmack-lemon-lime-fr","13":"pa_geschmack-mix-berries-fr","14":"pa_geschmack-peach-ice-fr","15":"pa_geschmack-pineapple-ice-fr","16":"pa_geschmack-spearmint-fr","17":"pa_geschmack-strawberry-ice-fr","18":"pa_geschmack-tropical-fruit-fr","19":"pa_geschmack-watermelon-fr","21":"first","22":"onbackorder","23":"purchasable","24":"product-type-variable"},"yoast_head":"<!-- This site is optimized with the Yoast SEO plugin v27.0 - https:\/\/yoast.com\/product\/yoast-seo-wordpress\/ -->\n<title>Lost Mary Tappo Pod 2 x 2 ml 20 mg<\/title>\n<meta name=\"description\" content=\"Lost Mary Tappo Pod 2 x 2ml 20mg | Un tr\u00e8s grand choix de produits du tabac, e-smoke et accessoires fumeurs dans toute la Suisse | Cartes accept\u00e9es !\" \/>\n<meta name=\"robots\" content=\"index, follow, max-snippet:-1, max-image-preview:large, max-video-preview:-1\" \/>\n<link rel=\"canonical\" href=\"https:\/\/www.tabakversand.ch\/produit\/lost-mary-tappo-pod-2-x-2ml-20mg\/\" \/>\n<meta property=\"og:locale\" content=\"fr_FR\" \/>\n<meta property=\"og:type\" content=\"article\" \/>\n<meta property=\"og:title\" content=\"Lost Mary Tappo Pod 2 x 2 ml 20 mg\" \/>\n<meta property=\"og:description\" content=\"Lost Mary Tappo Pod 2 x 2ml 20mg | Un tr\u00e8s grand choix de produits du tabac, e-smoke et accessoires fumeurs dans toute la Suisse | Cartes accept\u00e9es !\" \/>\n<meta property=\"og:url\" content=\"https:\/\/www.tabakversand.ch\/produit\/lost-mary-tappo-pod-2-x-2ml-20mg\/\" \/>\n<meta property=\"og:site_name\" content=\"Tabakversand.ch | Alles aus der Welt des Tabaks\" \/>\n<meta property=\"article:modified_time\" content=\"2025-09-09T10:13:39+00:00\" \/>\n<meta property=\"og:image\" content=\"http:\/\/www.tabakversand.ch\/wp-content\/uploads\/2024\/04\/lost-mary-tappo-pods-all.jpg\" \/>\n\t<meta property=\"og:image:width\" content=\"500\" \/>\n\t<meta property=\"og:image:height\" content=\"500\" \/>\n\t<meta property=\"og:image:type\" content=\"image\/jpeg\" \/>\n<meta name=\"twitter:card\" content=\"summary_large_image\" \/>\n<meta name=\"twitter:label1\" content=\"Dur\u00e9e de lecture estim\u00e9e\" \/>\n\t<meta name=\"twitter:data1\" content=\"2 minutes\" \/>\n<script type=\"application\/ld+json\" class=\"yoast-schema-graph\">{\"@context\":\"https:\/\/schema.org\",\"@graph\":[{\"@type\":\"WebPage\",\"@id\":\"https:\/\/www.tabakversand.ch\/produit\/lost-mary-tappo-pod-2-x-2ml-20mg\/\",\"url\":\"https:\/\/www.tabakversand.ch\/produit\/lost-mary-tappo-pod-2-x-2ml-20mg\/\",\"name\":\"Lost Mary Tappo Pod 2 x 2 ml 20 mg\",\"isPartOf\":{\"@id\":\"https:\/\/www.tabakversand.ch\/#website\"},\"primaryImageOfPage\":{\"@id\":\"https:\/\/www.tabakversand.ch\/produit\/lost-mary-tappo-pod-2-x-2ml-20mg\/#primaryimage\"},\"image\":{\"@id\":\"https:\/\/www.tabakversand.ch\/produit\/lost-mary-tappo-pod-2-x-2ml-20mg\/#primaryimage\"},\"thumbnailUrl\":\"https:\/\/www.tabakversand.ch\/wp-content\/uploads\/2024\/04\/lost-mary-tappo-pods-all.jpg\",\"datePublished\":\"2024-09-20T15:00:26+00:00\",\"dateModified\":\"2025-09-09T10:13:39+00:00\",\"description\":\"Lost Mary Tappo Pod 2 x 2ml 20mg | Un tr\u00e8s grand choix de produits du tabac, e-smoke et accessoires fumeurs dans toute la Suisse | Cartes accept\u00e9es !\",\"breadcrumb\":{\"@id\":\"https:\/\/www.tabakversand.ch\/produit\/lost-mary-tappo-pod-2-x-2ml-20mg\/#breadcrumb\"},\"inLanguage\":\"fr-FR\",\"potentialAction\":[{\"@type\":\"ReadAction\",\"target\":[\"https:\/\/www.tabakversand.ch\/produit\/lost-mary-tappo-pod-2-x-2ml-20mg\/\"]}]},{\"@type\":\"ImageObject\",\"inLanguage\":\"fr-FR\",\"@id\":\"https:\/\/www.tabakversand.ch\/produit\/lost-mary-tappo-pod-2-x-2ml-20mg\/#primaryimage\",\"url\":\"https:\/\/www.tabakversand.ch\/wp-content\/uploads\/2024\/04\/lost-mary-tappo-pods-all.jpg\",\"contentUrl\":\"https:\/\/www.tabakversand.ch\/wp-content\/uploads\/2024\/04\/lost-mary-tappo-pods-all.jpg\",\"width\":500,\"height\":500,\"caption\":\"Lost Mary Tappo Pod 2 x 2 ml 20 mg | Tabakversand.ch\"},{\"@type\":\"BreadcrumbList\",\"@id\":\"https:\/\/www.tabakversand.ch\/produit\/lost-mary-tappo-pod-2-x-2ml-20mg\/#breadcrumb\",\"itemListElement\":[{\"@type\":\"ListItem\",\"position\":1,\"name\":\"Startseite\",\"item\":\"https:\/\/www.tabakversand.ch\/\"},{\"@type\":\"ListItem\",\"position\":2,\"name\":\"Boutique\",\"item\":\"https:\/\/www.tabakversand.ch\/fr\/boutique\/\"},{\"@type\":\"ListItem\",\"position\":3,\"name\":\"Lost Mary Tappo Pod 2 x 2 ml 20 mg\"}]},{\"@type\":\"WebSite\",\"@id\":\"https:\/\/www.tabakversand.ch\/#website\",\"url\":\"https:\/\/www.tabakversand.ch\/\",\"name\":\"Tabakversand.ch | Alles aus der Welt des Tabaks\",\"description\":\"Smoke and carpe diem\",\"potentialAction\":[{\"@type\":\"SearchAction\",\"target\":{\"@type\":\"EntryPoint\",\"urlTemplate\":\"https:\/\/www.tabakversand.ch\/?s={search_term_string}\"},\"query-input\":{\"@type\":\"PropertyValueSpecification\",\"valueRequired\":true,\"valueName\":\"search_term_string\"}}],\"inLanguage\":\"fr-FR\"}]}<\/script>\n<!-- \/ Yoast SEO plugin. -->","yoast_head_json":{"title":"Lost Mary Tappo Pod 2 x 2 ml 20 mg","description":"Lost Mary Tappo Pod 2 x 2ml 20mg | Un tr\u00e8s grand choix de produits du tabac, e-smoke et accessoires fumeurs dans toute la Suisse | Cartes accept\u00e9es !","robots":{"index":"index","follow":"follow","max-snippet":"max-snippet:-1","max-image-preview":"max-image-preview:large","max-video-preview":"max-video-preview:-1"},"canonical":"https:\/\/www.tabakversand.ch\/produit\/lost-mary-tappo-pod-2-x-2ml-20mg\/","og_locale":"fr_FR","og_type":"article","og_title":"Lost Mary Tappo Pod 2 x 2 ml 20 mg","og_description":"Lost Mary Tappo Pod 2 x 2ml 20mg | Un tr\u00e8s grand choix de produits du tabac, e-smoke et accessoires fumeurs dans toute la Suisse | Cartes accept\u00e9es !","og_url":"https:\/\/www.tabakversand.ch\/produit\/lost-mary-tappo-pod-2-x-2ml-20mg\/","og_site_name":"Tabakversand.ch | Alles aus der Welt des Tabaks","article_modified_time":"2025-09-09T10:13:39+00:00","og_image":[{"width":500,"height":500,"url":"http:\/\/www.tabakversand.ch\/wp-content\/uploads\/2024\/04\/lost-mary-tappo-pods-all.jpg","type":"image\/jpeg"}],"twitter_card":"summary_large_image","twitter_misc":{"Dur\u00e9e de lecture estim\u00e9e":"2 minutes"},"schema":{"@context":"https:\/\/schema.org","@graph":[{"@type":"WebPage","@id":"https:\/\/www.tabakversand.ch\/produit\/lost-mary-tappo-pod-2-x-2ml-20mg\/","url":"https:\/\/www.tabakversand.ch\/produit\/lost-mary-tappo-pod-2-x-2ml-20mg\/","name":"Lost Mary Tappo Pod 2 x 2 ml 20 mg","isPartOf":{"@id":"https:\/\/www.tabakversand.ch\/#website"},"primaryImageOfPage":{"@id":"https:\/\/www.tabakversand.ch\/produit\/lost-mary-tappo-pod-2-x-2ml-20mg\/#primaryimage"},"image":{"@id":"https:\/\/www.tabakversand.ch\/produit\/lost-mary-tappo-pod-2-x-2ml-20mg\/#primaryimage"},"thumbnailUrl":"https:\/\/www.tabakversand.ch\/wp-content\/uploads\/2024\/04\/lost-mary-tappo-pods-all.jpg","datePublished":"2024-09-20T15:00:26+00:00","dateModified":"2025-09-09T10:13:39+00:00","description":"Lost Mary Tappo Pod 2 x 2ml 20mg | Un tr\u00e8s grand choix de produits du tabac, e-smoke et accessoires fumeurs dans toute la Suisse | Cartes accept\u00e9es !","breadcrumb":{"@id":"https:\/\/www.tabakversand.ch\/produit\/lost-mary-tappo-pod-2-x-2ml-20mg\/#breadcrumb"},"inLanguage":"fr-FR","potentialAction":[{"@type":"ReadAction","target":["https:\/\/www.tabakversand.ch\/produit\/lost-mary-tappo-pod-2-x-2ml-20mg\/"]}]},{"@type":"ImageObject","inLanguage":"fr-FR","@id":"https:\/\/www.tabakversand.ch\/produit\/lost-mary-tappo-pod-2-x-2ml-20mg\/#primaryimage","url":"https:\/\/www.tabakversand.ch\/wp-content\/uploads\/2024\/04\/lost-mary-tappo-pods-all.jpg","contentUrl":"https:\/\/www.tabakversand.ch\/wp-content\/uploads\/2024\/04\/lost-mary-tappo-pods-all.jpg","width":500,"height":500,"caption":"Lost Mary Tappo Pod 2 x 2 ml 20 mg | Tabakversand.ch"},{"@type":"BreadcrumbList","@id":"https:\/\/www.tabakversand.ch\/produit\/lost-mary-tappo-pod-2-x-2ml-20mg\/#breadcrumb","itemListElement":[{"@type":"ListItem","position":1,"name":"Startseite","item":"https:\/\/www.tabakversand.ch\/"},{"@type":"ListItem","position":2,"name":"Boutique","item":"https:\/\/www.tabakversand.ch\/fr\/boutique\/"},{"@type":"ListItem","position":3,"name":"Lost Mary Tappo Pod 2 x 2 ml 20 mg"}]},{"@type":"WebSite","@id":"https:\/\/www.tabakversand.ch\/#website","url":"https:\/\/www.tabakversand.ch\/","name":"Tabakversand.ch | Alles aus der Welt des Tabaks","description":"Smoke and carpe diem","potentialAction":[{"@type":"SearchAction","target":{"@type":"EntryPoint","urlTemplate":"https:\/\/www.tabakversand.ch\/?s={search_term_string}"},"query-input":{"@type":"PropertyValueSpecification","valueRequired":true,"valueName":"search_term_string"}}],"inLanguage":"fr-FR"}]}},"_links":{"self":[{"href":"https:\/\/www.tabakversand.ch\/fr\/wp-json\/wp\/v2\/product\/161213","targetHints":{"allow":["GET"]}}],"collection":[{"href":"https:\/\/www.tabakversand.ch\/fr\/wp-json\/wp\/v2\/product"}],"about":[{"href":"https:\/\/www.tabakversand.ch\/fr\/wp-json\/wp\/v2\/types\/product"}],"version-history":[{"count":4,"href":"https:\/\/www.tabakversand.ch\/fr\/wp-json\/wp\/v2\/product\/161213\/revisions"}],"predecessor-version":[{"id":198315,"href":"https:\/\/www.tabakversand.ch\/fr\/wp-json\/wp\/v2\/product\/161213\/revisions\/198315"}],"wp:featuredmedia":[{"embeddable":true,"href":"https:\/\/www.tabakversand.ch\/fr\/wp-json\/wp\/v2\/media\/161100"}],"wp:attachment":[{"href":"https:\/\/www.tabakversand.ch\/fr\/wp-json\/wp\/v2\/media?parent=161213"}],"wp:term":[{"taxonomy":"product_brand","embeddable":true,"href":"https:\/\/www.tabakversand.ch\/fr\/wp-json\/wp\/v2\/product_brand?post=161213"},{"taxonomy":"product_cat","embeddable":true,"href":"https:\/\/www.tabakversand.ch\/fr\/wp-json\/wp\/v2\/product_cat?post=161213"},{"taxonomy":"product_tag","embeddable":true,"href":"https:\/\/www.tabakversand.ch\/fr\/wp-json\/wp\/v2\/product_tag?post=161213"}],"curies":[{"name":"wp","href":"https:\/\/api.w.org\/{rel}","templated":true}]}}