{"id":161272,"date":"2024-09-23T15:07:01","date_gmt":"2024-09-23T13:07:01","guid":{"rendered":"https:\/\/www.tabakversand.ch\/?post_type=product&#038;p=161272"},"modified":"2025-09-17T10:25:26","modified_gmt":"2025-09-17T08:25:26","slug":"velo-bright-spearmint-force-equilibree3-portions","status":"publish","type":"product","link":"https:\/\/www.tabakversand.ch\/fr\/produit\/velo-bright-spearmint-force-equilibree3-portions\/","title":{"rendered":"Amidon de menthe verte Velo Bright3 portions"},"content":{"rendered":"<p>Amidon de menthe verte Velo Bright3 portions<\/p>\n<p>5 canettes<\/p>\n<p>Sachets de nicotine au format tout blanc avec un go\u00fbt sucr\u00e9 et p\u00e9tillant de baies sauvages fra\u00eeches. Une bonne dose de nicotine apporte un coup de fouet suppl\u00e9mentaire.<\/p>\n<p>Tous les prix s&rsquo;appliquent uniquement aux commandes en ligne et incluent la TVA. Sous r\u00e9serve de modifications sans pr\u00e9avis, frais de livraison en sus. Sous r\u00e9serve d&rsquo;erreurs, de modifications de contenu de livraison et de conception, de fautes d&rsquo;impression et de modifications de prix. Les prix barr\u00e9s sont des prix de remplacement. Les illustrations peuvent diff\u00e9rer de l&rsquo;original\/du contenu de livraison.<br \/>\n*Livraison gratuite pour les commandes sup\u00e9rieures \u00e0 CHF 250.-.<\/p>\n","protected":false},"excerpt":{"rendered":"<p>Amidon de menthe verte Velo Bright3 portions 5 canettes Sachets de nicotine au format tout blanc avec un go\u00fbt sucr\u00e9 et p\u00e9tillant de baies sauvages fra\u00eeches. Une bonne dose de nicotine apporte un coup de fouet suppl\u00e9mentaire. Tous les prix s&rsquo;appliquent uniquement aux commandes en ligne et incluent la TVA. Sous r\u00e9serve de modifications sans [&hellip;]<\/p>\n","protected":false},"featured_media":161276,"template":"","meta":[],"product_brand":[],"product_cat":[4564,1888,1903,1900],"product_tag":[],"class_list":{"0":"post-161272","1":"product","2":"type-product","3":"status-publish","4":"has-post-thumbnail","6":"product_cat-snus-en-sachet","7":"product_cat-tabac","8":"product_cat-tabac-a-macher-snus","9":"product_cat-tabac-a-macher-snus-dans-un-sac","11":"first","12":"onbackorder","13":"purchasable","14":"product-type-simple"},"yoast_head":"<!-- This site is optimized with the Yoast SEO plugin v27.5 - https:\/\/yoast.com\/product\/yoast-seo-wordpress\/ -->\n<title>Amidon de menthe verte Velo Bright3 portions - tabakversand.ch<\/title>\n<meta name=\"description\" content=\"Velo Bright Spearmint force \u00e9quilibr\u00e9e3 portions | Un tr\u00e8s grand choix de produits du tabac dans toute la Suisse | Cartes accept\u00e9es !\" \/>\n<meta name=\"robots\" content=\"index, follow, max-snippet:-1, max-image-preview:large, max-video-preview:-1\" \/>\n<link rel=\"canonical\" href=\"https:\/\/www.tabakversand.ch\/produit\/velo-bright-spearmint-staerke3-portionen\/\" \/>\n<meta property=\"og:locale\" content=\"fr_FR\" \/>\n<meta property=\"og:type\" content=\"article\" \/>\n<meta property=\"og:title\" content=\"Amidon de menthe verte Velo Bright3 portions - tabakversand.ch\" \/>\n<meta property=\"og:description\" content=\"Velo Bright Spearmint force \u00e9quilibr\u00e9e3 portions | Un tr\u00e8s grand choix de produits du tabac dans toute la Suisse | Cartes accept\u00e9es !\" \/>\n<meta property=\"og:url\" content=\"https:\/\/www.tabakversand.ch\/produit\/velo-bright-spearmint-staerke3-portionen\/\" \/>\n<meta property=\"og:site_name\" content=\"Tabakversand.ch | Alles aus der Welt des Tabaks\" \/>\n<meta property=\"article:modified_time\" content=\"2025-09-17T08:25:26+00:00\" \/>\n<meta property=\"og:image\" content=\"https:\/\/www.tabakversand.ch\/wp-content\/uploads\/2024\/09\/velo-bright-spearmint10.jpg\" \/>\n\t<meta property=\"og:image:width\" content=\"500\" \/>\n\t<meta property=\"og:image:height\" content=\"500\" \/>\n\t<meta property=\"og:image:type\" content=\"image\/jpeg\" \/>\n<meta name=\"twitter:card\" content=\"summary_large_image\" \/>\n<meta name=\"twitter:label1\" content=\"Dur\u00e9e de lecture estim\u00e9e\" \/>\n\t<meta name=\"twitter:data1\" content=\"1 minute\" \/>\n<script type=\"application\/ld+json\" class=\"yoast-schema-graph\">{\"@context\":\"https:\\\/\\\/schema.org\",\"@graph\":[{\"@type\":\"WebPage\",\"@id\":\"https:\\\/\\\/www.tabakversand.ch\\\/produit\\\/velo-bright-spearmint-staerke3-portionen\\\/\",\"url\":\"https:\\\/\\\/www.tabakversand.ch\\\/produit\\\/velo-bright-spearmint-staerke3-portionen\\\/\",\"name\":\"Amidon de menthe verte Velo Bright3 portions - tabakversand.ch\",\"isPartOf\":{\"@id\":\"https:\\\/\\\/www.tabakversand.ch\\\/#website\"},\"primaryImageOfPage\":{\"@id\":\"https:\\\/\\\/www.tabakversand.ch\\\/produit\\\/velo-bright-spearmint-staerke3-portionen\\\/#primaryimage\"},\"image\":{\"@id\":\"https:\\\/\\\/www.tabakversand.ch\\\/produit\\\/velo-bright-spearmint-staerke3-portionen\\\/#primaryimage\"},\"thumbnailUrl\":\"https:\\\/\\\/www.tabakversand.ch\\\/wp-content\\\/uploads\\\/2024\\\/09\\\/velo-bright-spearmint10.jpg\",\"datePublished\":\"2024-09-23T13:07:01+00:00\",\"dateModified\":\"2025-09-17T08:25:26+00:00\",\"description\":\"Velo Bright Spearmint force \u00e9quilibr\u00e9e3 portions | Un tr\u00e8s grand choix de produits du tabac dans toute la Suisse | Cartes accept\u00e9es !\",\"breadcrumb\":{\"@id\":\"https:\\\/\\\/www.tabakversand.ch\\\/produit\\\/velo-bright-spearmint-staerke3-portionen\\\/#breadcrumb\"},\"inLanguage\":\"fr-FR\",\"potentialAction\":[{\"@type\":\"ReadAction\",\"target\":[\"https:\\\/\\\/www.tabakversand.ch\\\/produit\\\/velo-bright-spearmint-staerke3-portionen\\\/\"]}]},{\"@type\":\"ImageObject\",\"inLanguage\":\"fr-FR\",\"@id\":\"https:\\\/\\\/www.tabakversand.ch\\\/produit\\\/velo-bright-spearmint-staerke3-portionen\\\/#primaryimage\",\"url\":\"https:\\\/\\\/www.tabakversand.ch\\\/wp-content\\\/uploads\\\/2024\\\/09\\\/velo-bright-spearmint10.jpg\",\"contentUrl\":\"https:\\\/\\\/www.tabakversand.ch\\\/wp-content\\\/uploads\\\/2024\\\/09\\\/velo-bright-spearmint10.jpg\",\"width\":500,\"height\":500,\"caption\":\"Velo Bright Menthe verte, force \u00e9quilibr\u00e9e, 3 portions | Tabakversand.ch\"},{\"@type\":\"BreadcrumbList\",\"@id\":\"https:\\\/\\\/www.tabakversand.ch\\\/produit\\\/velo-bright-spearmint-staerke3-portionen\\\/#breadcrumb\",\"itemListElement\":[{\"@type\":\"ListItem\",\"position\":1,\"name\":\"Startseite\",\"item\":\"https:\\\/\\\/www.tabakversand.ch\\\/\"},{\"@type\":\"ListItem\",\"position\":2,\"name\":\"Boutique\",\"item\":\"https:\\\/\\\/www.tabakversand.ch\\\/fr\\\/boutique\\\/\"},{\"@type\":\"ListItem\",\"position\":3,\"name\":\"Amidon de menthe verte Velo Bright3 portions\"}]},{\"@type\":\"WebSite\",\"@id\":\"https:\\\/\\\/www.tabakversand.ch\\\/#website\",\"url\":\"https:\\\/\\\/www.tabakversand.ch\\\/\",\"name\":\"Tabakversand.ch | Alles aus der Welt des Tabaks\",\"description\":\"Smoke and carpe diem\",\"potentialAction\":[{\"@type\":\"SearchAction\",\"target\":{\"@type\":\"EntryPoint\",\"urlTemplate\":\"https:\\\/\\\/www.tabakversand.ch\\\/?s={search_term_string}\"},\"query-input\":{\"@type\":\"PropertyValueSpecification\",\"valueRequired\":true,\"valueName\":\"search_term_string\"}}],\"inLanguage\":\"fr-FR\"}]}<\/script>\n<!-- \/ Yoast SEO plugin. -->","yoast_head_json":{"title":"Amidon de menthe verte Velo Bright3 portions - tabakversand.ch","description":"Velo Bright Spearmint force \u00e9quilibr\u00e9e3 portions | Un tr\u00e8s grand choix de produits du tabac dans toute la Suisse | Cartes accept\u00e9es !","robots":{"index":"index","follow":"follow","max-snippet":"max-snippet:-1","max-image-preview":"max-image-preview:large","max-video-preview":"max-video-preview:-1"},"canonical":"https:\/\/www.tabakversand.ch\/produit\/velo-bright-spearmint-staerke3-portionen\/","og_locale":"fr_FR","og_type":"article","og_title":"Amidon de menthe verte Velo Bright3 portions - tabakversand.ch","og_description":"Velo Bright Spearmint force \u00e9quilibr\u00e9e3 portions | Un tr\u00e8s grand choix de produits du tabac dans toute la Suisse | Cartes accept\u00e9es !","og_url":"https:\/\/www.tabakversand.ch\/produit\/velo-bright-spearmint-staerke3-portionen\/","og_site_name":"Tabakversand.ch | Alles aus der Welt des Tabaks","article_modified_time":"2025-09-17T08:25:26+00:00","og_image":[{"width":500,"height":500,"url":"https:\/\/www.tabakversand.ch\/wp-content\/uploads\/2024\/09\/velo-bright-spearmint10.jpg","type":"image\/jpeg"}],"twitter_card":"summary_large_image","twitter_misc":{"Dur\u00e9e de lecture estim\u00e9e":"1 minute"},"schema":{"@context":"https:\/\/schema.org","@graph":[{"@type":"WebPage","@id":"https:\/\/www.tabakversand.ch\/produit\/velo-bright-spearmint-staerke3-portionen\/","url":"https:\/\/www.tabakversand.ch\/produit\/velo-bright-spearmint-staerke3-portionen\/","name":"Amidon de menthe verte Velo Bright3 portions - tabakversand.ch","isPartOf":{"@id":"https:\/\/www.tabakversand.ch\/#website"},"primaryImageOfPage":{"@id":"https:\/\/www.tabakversand.ch\/produit\/velo-bright-spearmint-staerke3-portionen\/#primaryimage"},"image":{"@id":"https:\/\/www.tabakversand.ch\/produit\/velo-bright-spearmint-staerke3-portionen\/#primaryimage"},"thumbnailUrl":"https:\/\/www.tabakversand.ch\/wp-content\/uploads\/2024\/09\/velo-bright-spearmint10.jpg","datePublished":"2024-09-23T13:07:01+00:00","dateModified":"2025-09-17T08:25:26+00:00","description":"Velo Bright Spearmint force \u00e9quilibr\u00e9e3 portions | Un tr\u00e8s grand choix de produits du tabac dans toute la Suisse | Cartes accept\u00e9es !","breadcrumb":{"@id":"https:\/\/www.tabakversand.ch\/produit\/velo-bright-spearmint-staerke3-portionen\/#breadcrumb"},"inLanguage":"fr-FR","potentialAction":[{"@type":"ReadAction","target":["https:\/\/www.tabakversand.ch\/produit\/velo-bright-spearmint-staerke3-portionen\/"]}]},{"@type":"ImageObject","inLanguage":"fr-FR","@id":"https:\/\/www.tabakversand.ch\/produit\/velo-bright-spearmint-staerke3-portionen\/#primaryimage","url":"https:\/\/www.tabakversand.ch\/wp-content\/uploads\/2024\/09\/velo-bright-spearmint10.jpg","contentUrl":"https:\/\/www.tabakversand.ch\/wp-content\/uploads\/2024\/09\/velo-bright-spearmint10.jpg","width":500,"height":500,"caption":"Velo Bright Menthe verte, force \u00e9quilibr\u00e9e, 3 portions | Tabakversand.ch"},{"@type":"BreadcrumbList","@id":"https:\/\/www.tabakversand.ch\/produit\/velo-bright-spearmint-staerke3-portionen\/#breadcrumb","itemListElement":[{"@type":"ListItem","position":1,"name":"Startseite","item":"https:\/\/www.tabakversand.ch\/"},{"@type":"ListItem","position":2,"name":"Boutique","item":"https:\/\/www.tabakversand.ch\/fr\/boutique\/"},{"@type":"ListItem","position":3,"name":"Amidon de menthe verte Velo Bright3 portions"}]},{"@type":"WebSite","@id":"https:\/\/www.tabakversand.ch\/#website","url":"https:\/\/www.tabakversand.ch\/","name":"Tabakversand.ch | Alles aus der Welt des Tabaks","description":"Smoke and carpe diem","potentialAction":[{"@type":"SearchAction","target":{"@type":"EntryPoint","urlTemplate":"https:\/\/www.tabakversand.ch\/?s={search_term_string}"},"query-input":{"@type":"PropertyValueSpecification","valueRequired":true,"valueName":"search_term_string"}}],"inLanguage":"fr-FR"}]}},"_links":{"self":[{"href":"https:\/\/www.tabakversand.ch\/fr\/wp-json\/wp\/v2\/product\/161272","targetHints":{"allow":["GET"]}}],"collection":[{"href":"https:\/\/www.tabakversand.ch\/fr\/wp-json\/wp\/v2\/product"}],"about":[{"href":"https:\/\/www.tabakversand.ch\/fr\/wp-json\/wp\/v2\/types\/product"}],"version-history":[{"count":4,"href":"https:\/\/www.tabakversand.ch\/fr\/wp-json\/wp\/v2\/product\/161272\/revisions"}],"predecessor-version":[{"id":200095,"href":"https:\/\/www.tabakversand.ch\/fr\/wp-json\/wp\/v2\/product\/161272\/revisions\/200095"}],"wp:featuredmedia":[{"embeddable":true,"href":"https:\/\/www.tabakversand.ch\/fr\/wp-json\/wp\/v2\/media\/161276"}],"wp:attachment":[{"href":"https:\/\/www.tabakversand.ch\/fr\/wp-json\/wp\/v2\/media?parent=161272"}],"wp:term":[{"taxonomy":"product_brand","embeddable":true,"href":"https:\/\/www.tabakversand.ch\/fr\/wp-json\/wp\/v2\/product_brand?post=161272"},{"taxonomy":"product_cat","embeddable":true,"href":"https:\/\/www.tabakversand.ch\/fr\/wp-json\/wp\/v2\/product_cat?post=161272"},{"taxonomy":"product_tag","embeddable":true,"href":"https:\/\/www.tabakversand.ch\/fr\/wp-json\/wp\/v2\/product_tag?post=161272"}],"curies":[{"name":"wp","href":"https:\/\/api.w.org\/{rel}","templated":true}]}}