{"id":161863,"date":"2024-10-28T16:05:51","date_gmt":"2024-10-28T15:05:51","guid":{"rendered":"https:\/\/www.tabakversand.ch\/?post_type=product&#038;p=161863"},"modified":"2025-03-19T11:45:25","modified_gmt":"2025-03-19T10:45:25","slug":"partagas-serie-d-no-5-1-cigare","status":"publish","type":"product","link":"https:\/\/www.tabakversand.ch\/fr\/produit\/partagas-serie-d-no-5-1-cigare\/","title":{"rendered":"Partagas S\u00e9rie D No. 5 1 cigare"},"content":{"rendered":"<p>Partagas S\u00e9rie D No. 5 1 cigare<\/p>\n<p>Les cigares de Partagas sont recommand\u00e9s au fumeur exp\u00e9riment\u00e9. Pour les d\u00e9butants, le Partagas est trop riche. Leur force pourrait enlever la joie de fumer un cigare pour un d\u00e9butant.<\/p>\n<p>M\u00e9lange fortement aromatique compos\u00e9 de tabacs provenant des plantations de Vuelta Abajo.<br \/>\n Format : Robusto court<\/p>\n<p>Longueur : 11 cm<br \/>\n Diam\u00e8tre : 1,98 cm<\/p>\n<p>Remplissage : Cuba<br \/>\n Classeur: Cuba<br \/>\n Couverture : Cuba<\/p>\n<p>Tous les prix s&rsquo;appliquent uniquement aux commandes en ligne et incluent la TVA. TVA, sous r\u00e9serve de modifications plus Exp\u00e9dition. Sous r\u00e9serve d&rsquo;erreurs, de modifications de l&rsquo;\u00e9tendue de la livraison et de la conception, d&rsquo;erreurs d&rsquo;impression et de modifications de prix. Les prix barr\u00e9s sont plut\u00f4t des prix. L&rsquo;illustration peut diff\u00e9rer de l&rsquo;original\/de l&rsquo;\u00e9tendue de la livraison.<br \/>\n*Livraison gratuite pour les commandes sup\u00e9rieures \u00e0 CHF 250.<\/p>\n","protected":false},"excerpt":{"rendered":"<p>Partagas S\u00e9rie D No. 5 1 cigare Les cigares de Partagas sont recommand\u00e9s au fumeur exp\u00e9riment\u00e9. Pour les d\u00e9butants, le Partagas est trop riche. Leur force pourrait enlever la joie de fumer un cigare pour un d\u00e9butant. M\u00e9lange fortement aromatique compos\u00e9 de tabacs provenant des plantations de Vuelta Abajo. Format : Robusto court Longueur : [&hellip;]<\/p>\n","protected":false},"featured_media":161866,"template":"","meta":[],"product_brand":[1595],"product_cat":[1993,2313,1994,2344],"product_tag":[],"class_list":{"0":"post-161863","1":"product","2":"type-product","3":"status-publish","4":"has-post-thumbnail","6":"product_brand-partagas","7":"product_cat-cigares","8":"product_cat-cuba-fr","9":"product_cat-monde-du-cigare","10":"product_cat-partagas-fr","12":"first","13":"instock","14":"purchasable","15":"product-type-simple"},"yoast_head":"<!-- This site is optimized with the Yoast SEO plugin v27.0 - https:\/\/yoast.com\/product\/yoast-seo-wordpress\/ -->\n<title>Partagas S\u00e9rie D No. 5 1 cigare - Tabakversand.ch | Alles aus der Welt des Tabaks<\/title>\n<meta name=\"description\" content=\"Partagas S\u00e9rie D No. 5 1 cigare | Un tr\u00e8s grand choix de produits du tabac, d&#039;e-smoke et d&#039;ustensiles pour fumer dans toute la Suisse Cartes accept\u00e9es !\" \/>\n<meta name=\"robots\" content=\"index, follow, max-snippet:-1, max-image-preview:large, max-video-preview:-1\" \/>\n<link rel=\"canonical\" href=\"https:\/\/www.tabakversand.ch\/fr\/produit\/partagas-serie-d-no-5-1-cigare\/\" \/>\n<meta property=\"og:locale\" content=\"fr_FR\" \/>\n<meta property=\"og:type\" content=\"article\" \/>\n<meta property=\"og:title\" content=\"Partagas S\u00e9rie D No. 5 1 cigare - Tabakversand.ch | Alles aus der Welt des Tabaks\" \/>\n<meta property=\"og:description\" content=\"Partagas S\u00e9rie D No. 5 1 cigare | Un tr\u00e8s grand choix de produits du tabac, d&#039;e-smoke et d&#039;ustensiles pour fumer dans toute la Suisse Cartes accept\u00e9es !\" \/>\n<meta property=\"og:url\" content=\"https:\/\/www.tabakversand.ch\/fr\/produit\/partagas-serie-d-no-5-1-cigare\/\" \/>\n<meta property=\"og:site_name\" content=\"Tabakversand.ch | Alles aus der Welt des Tabaks\" \/>\n<meta property=\"article:modified_time\" content=\"2025-03-19T10:45:25+00:00\" \/>\n<meta property=\"og:image\" content=\"https:\/\/www.tabakversand.ch\/wp-content\/uploads\/2022\/03\/partagas-serie-d5-e-2.jpg\" \/>\n\t<meta property=\"og:image:width\" content=\"500\" \/>\n\t<meta property=\"og:image:height\" content=\"500\" \/>\n\t<meta property=\"og:image:type\" content=\"image\/jpeg\" \/>\n<meta name=\"twitter:card\" content=\"summary_large_image\" \/>\n<meta name=\"twitter:label1\" content=\"Dur\u00e9e de lecture estim\u00e9e\" \/>\n\t<meta name=\"twitter:data1\" content=\"1 minute\" \/>\n<script type=\"application\/ld+json\" class=\"yoast-schema-graph\">{\"@context\":\"https:\/\/schema.org\",\"@graph\":[{\"@type\":\"WebPage\",\"@id\":\"https:\/\/www.tabakversand.ch\/fr\/produit\/partagas-serie-d-no-5-1-cigare\/\",\"url\":\"https:\/\/www.tabakversand.ch\/fr\/produit\/partagas-serie-d-no-5-1-cigare\/\",\"name\":\"Partagas S\u00e9rie D No. 5 1 cigare - Tabakversand.ch | Alles aus der Welt des Tabaks\",\"isPartOf\":{\"@id\":\"https:\/\/www.tabakversand.ch\/#website\"},\"primaryImageOfPage\":{\"@id\":\"https:\/\/www.tabakversand.ch\/fr\/produit\/partagas-serie-d-no-5-1-cigare\/#primaryimage\"},\"image\":{\"@id\":\"https:\/\/www.tabakversand.ch\/fr\/produit\/partagas-serie-d-no-5-1-cigare\/#primaryimage\"},\"thumbnailUrl\":\"https:\/\/www.tabakversand.ch\/wp-content\/uploads\/2022\/03\/partagas-serie-d5-e-2.jpg\",\"datePublished\":\"2024-10-28T15:05:51+00:00\",\"dateModified\":\"2025-03-19T10:45:25+00:00\",\"description\":\"Partagas S\u00e9rie D No. 5 1 cigare | Un tr\u00e8s grand choix de produits du tabac, d'e-smoke et d'ustensiles pour fumer dans toute la Suisse Cartes accept\u00e9es !\",\"breadcrumb\":{\"@id\":\"https:\/\/www.tabakversand.ch\/fr\/produit\/partagas-serie-d-no-5-1-cigare\/#breadcrumb\"},\"inLanguage\":\"fr-FR\",\"potentialAction\":[{\"@type\":\"ReadAction\",\"target\":[\"https:\/\/www.tabakversand.ch\/fr\/produit\/partagas-serie-d-no-5-1-cigare\/\"]}]},{\"@type\":\"ImageObject\",\"inLanguage\":\"fr-FR\",\"@id\":\"https:\/\/www.tabakversand.ch\/fr\/produit\/partagas-serie-d-no-5-1-cigare\/#primaryimage\",\"url\":\"https:\/\/www.tabakversand.ch\/wp-content\/uploads\/2022\/03\/partagas-serie-d5-e-2.jpg\",\"contentUrl\":\"https:\/\/www.tabakversand.ch\/wp-content\/uploads\/2022\/03\/partagas-serie-d5-e-2.jpg\",\"width\":500,\"height\":500,\"caption\":\"Partagas Serie D No. 5 1 Zigarre\"},{\"@type\":\"BreadcrumbList\",\"@id\":\"https:\/\/www.tabakversand.ch\/fr\/produit\/partagas-serie-d-no-5-1-cigare\/#breadcrumb\",\"itemListElement\":[{\"@type\":\"ListItem\",\"position\":1,\"name\":\"Startseite\",\"item\":\"https:\/\/www.tabakversand.ch\/\"},{\"@type\":\"ListItem\",\"position\":2,\"name\":\"Boutique\",\"item\":\"https:\/\/www.tabakversand.ch\/fr\/boutique\/\"},{\"@type\":\"ListItem\",\"position\":3,\"name\":\"Partagas S\u00e9rie D No. 5 1 cigare\"}]},{\"@type\":\"WebSite\",\"@id\":\"https:\/\/www.tabakversand.ch\/#website\",\"url\":\"https:\/\/www.tabakversand.ch\/\",\"name\":\"Tabakversand.ch | Alles aus der Welt des Tabaks\",\"description\":\"Smoke and carpe diem\",\"potentialAction\":[{\"@type\":\"SearchAction\",\"target\":{\"@type\":\"EntryPoint\",\"urlTemplate\":\"https:\/\/www.tabakversand.ch\/?s={search_term_string}\"},\"query-input\":{\"@type\":\"PropertyValueSpecification\",\"valueRequired\":true,\"valueName\":\"search_term_string\"}}],\"inLanguage\":\"fr-FR\"}]}<\/script>\n<!-- \/ Yoast SEO plugin. -->","yoast_head_json":{"title":"Partagas S\u00e9rie D No. 5 1 cigare - Tabakversand.ch | Alles aus der Welt des Tabaks","description":"Partagas S\u00e9rie D No. 5 1 cigare | Un tr\u00e8s grand choix de produits du tabac, d'e-smoke et d'ustensiles pour fumer dans toute la Suisse Cartes accept\u00e9es !","robots":{"index":"index","follow":"follow","max-snippet":"max-snippet:-1","max-image-preview":"max-image-preview:large","max-video-preview":"max-video-preview:-1"},"canonical":"https:\/\/www.tabakversand.ch\/fr\/produit\/partagas-serie-d-no-5-1-cigare\/","og_locale":"fr_FR","og_type":"article","og_title":"Partagas S\u00e9rie D No. 5 1 cigare - Tabakversand.ch | Alles aus der Welt des Tabaks","og_description":"Partagas S\u00e9rie D No. 5 1 cigare | Un tr\u00e8s grand choix de produits du tabac, d'e-smoke et d'ustensiles pour fumer dans toute la Suisse Cartes accept\u00e9es !","og_url":"https:\/\/www.tabakversand.ch\/fr\/produit\/partagas-serie-d-no-5-1-cigare\/","og_site_name":"Tabakversand.ch | Alles aus der Welt des Tabaks","article_modified_time":"2025-03-19T10:45:25+00:00","og_image":[{"width":500,"height":500,"url":"https:\/\/www.tabakversand.ch\/wp-content\/uploads\/2022\/03\/partagas-serie-d5-e-2.jpg","type":"image\/jpeg"}],"twitter_card":"summary_large_image","twitter_misc":{"Dur\u00e9e de lecture estim\u00e9e":"1 minute"},"schema":{"@context":"https:\/\/schema.org","@graph":[{"@type":"WebPage","@id":"https:\/\/www.tabakversand.ch\/fr\/produit\/partagas-serie-d-no-5-1-cigare\/","url":"https:\/\/www.tabakversand.ch\/fr\/produit\/partagas-serie-d-no-5-1-cigare\/","name":"Partagas S\u00e9rie D No. 5 1 cigare - Tabakversand.ch | Alles aus der Welt des Tabaks","isPartOf":{"@id":"https:\/\/www.tabakversand.ch\/#website"},"primaryImageOfPage":{"@id":"https:\/\/www.tabakversand.ch\/fr\/produit\/partagas-serie-d-no-5-1-cigare\/#primaryimage"},"image":{"@id":"https:\/\/www.tabakversand.ch\/fr\/produit\/partagas-serie-d-no-5-1-cigare\/#primaryimage"},"thumbnailUrl":"https:\/\/www.tabakversand.ch\/wp-content\/uploads\/2022\/03\/partagas-serie-d5-e-2.jpg","datePublished":"2024-10-28T15:05:51+00:00","dateModified":"2025-03-19T10:45:25+00:00","description":"Partagas S\u00e9rie D No. 5 1 cigare | Un tr\u00e8s grand choix de produits du tabac, d'e-smoke et d'ustensiles pour fumer dans toute la Suisse Cartes accept\u00e9es !","breadcrumb":{"@id":"https:\/\/www.tabakversand.ch\/fr\/produit\/partagas-serie-d-no-5-1-cigare\/#breadcrumb"},"inLanguage":"fr-FR","potentialAction":[{"@type":"ReadAction","target":["https:\/\/www.tabakversand.ch\/fr\/produit\/partagas-serie-d-no-5-1-cigare\/"]}]},{"@type":"ImageObject","inLanguage":"fr-FR","@id":"https:\/\/www.tabakversand.ch\/fr\/produit\/partagas-serie-d-no-5-1-cigare\/#primaryimage","url":"https:\/\/www.tabakversand.ch\/wp-content\/uploads\/2022\/03\/partagas-serie-d5-e-2.jpg","contentUrl":"https:\/\/www.tabakversand.ch\/wp-content\/uploads\/2022\/03\/partagas-serie-d5-e-2.jpg","width":500,"height":500,"caption":"Partagas Serie D No. 5 1 Zigarre"},{"@type":"BreadcrumbList","@id":"https:\/\/www.tabakversand.ch\/fr\/produit\/partagas-serie-d-no-5-1-cigare\/#breadcrumb","itemListElement":[{"@type":"ListItem","position":1,"name":"Startseite","item":"https:\/\/www.tabakversand.ch\/"},{"@type":"ListItem","position":2,"name":"Boutique","item":"https:\/\/www.tabakversand.ch\/fr\/boutique\/"},{"@type":"ListItem","position":3,"name":"Partagas S\u00e9rie D No. 5 1 cigare"}]},{"@type":"WebSite","@id":"https:\/\/www.tabakversand.ch\/#website","url":"https:\/\/www.tabakversand.ch\/","name":"Tabakversand.ch | Alles aus der Welt des Tabaks","description":"Smoke and carpe diem","potentialAction":[{"@type":"SearchAction","target":{"@type":"EntryPoint","urlTemplate":"https:\/\/www.tabakversand.ch\/?s={search_term_string}"},"query-input":{"@type":"PropertyValueSpecification","valueRequired":true,"valueName":"search_term_string"}}],"inLanguage":"fr-FR"}]}},"_links":{"self":[{"href":"https:\/\/www.tabakversand.ch\/fr\/wp-json\/wp\/v2\/product\/161863","targetHints":{"allow":["GET"]}}],"collection":[{"href":"https:\/\/www.tabakversand.ch\/fr\/wp-json\/wp\/v2\/product"}],"about":[{"href":"https:\/\/www.tabakversand.ch\/fr\/wp-json\/wp\/v2\/types\/product"}],"version-history":[{"count":5,"href":"https:\/\/www.tabakversand.ch\/fr\/wp-json\/wp\/v2\/product\/161863\/revisions"}],"predecessor-version":[{"id":176544,"href":"https:\/\/www.tabakversand.ch\/fr\/wp-json\/wp\/v2\/product\/161863\/revisions\/176544"}],"wp:featuredmedia":[{"embeddable":true,"href":"https:\/\/www.tabakversand.ch\/fr\/wp-json\/wp\/v2\/media\/161866"}],"wp:attachment":[{"href":"https:\/\/www.tabakversand.ch\/fr\/wp-json\/wp\/v2\/media?parent=161863"}],"wp:term":[{"taxonomy":"product_brand","embeddable":true,"href":"https:\/\/www.tabakversand.ch\/fr\/wp-json\/wp\/v2\/product_brand?post=161863"},{"taxonomy":"product_cat","embeddable":true,"href":"https:\/\/www.tabakversand.ch\/fr\/wp-json\/wp\/v2\/product_cat?post=161863"},{"taxonomy":"product_tag","embeddable":true,"href":"https:\/\/www.tabakversand.ch\/fr\/wp-json\/wp\/v2\/product_tag?post=161863"}],"curies":[{"name":"wp","href":"https:\/\/api.w.org\/{rel}","templated":true}]}}