{"id":164082,"date":"2024-12-13T17:13:23","date_gmt":"2024-12-13T16:13:23","guid":{"rendered":"https:\/\/www.tabakversand.ch\/?post_type=product&#038;p=164082"},"modified":"2026-03-31T14:57:11","modified_gmt":"2026-03-31T12:57:11","slug":"elf-bar-af5000-recharge-flacon-10ml-20mg-pasteque-ice","status":"publish","type":"product","link":"https:\/\/www.tabakversand.ch\/fr\/produit\/elf-bar-af5000-recharge-flacon-10ml-20mg-pasteque-ice\/","title":{"rendered":"Elf Bar AF5000 recharge flacon 10ml 20mg Past\u00e8que ICE"},"content":{"rendered":"<p>Elf Bar AF5000 recharge flacon 10ml 20mg Past\u00e8que ICE<\/p>\n<p>&nbsp;<\/p>\n<p>Mode d&#8217;emploi&nbsp;: Remplacement du flacon de liquide&nbsp;: Ouvrez l&#8217;emballage du r\u00e9cipient de recharge et retirez le flacon de liquide. Retirez le flacon vide de l&rsquo;appareil et remplacez-le par le r\u00e9cipient de recharge. Enfoncez fermement le r\u00e9cipient de recharge dans l&rsquo;appareil&nbsp;; le flacon de liquide doit s&rsquo;enclencher.  <\/p>\n<p>Activation : Tenez l&rsquo;appareil avec le flacon de liquide ins\u00e9r\u00e9 \u00e0 l&rsquo;envers pendant 10 secondes pour r\u00e9partir le liquide uniform\u00e9ment.<\/p>\n<p>Pour utiliser : Remettez l&rsquo;appareil en position de d\u00e9part et tirez sur l&#8217;embout buccal pour vapoter.<\/p>\n<p>Profitez-en&nbsp;: vous pouvez maintenant tirer sur l&#8217;embout buccal. D\u00e8s que l&rsquo;indicateur de batterie clignote en rouge, l&rsquo;appareil doit \u00eatre charg\u00e9 via USB-C.<\/p>\n<p>Les appareils ELFBAR impressionnent avant tout par leur qualit\u00e9, leur fonctionnalit\u00e9 et leur large gamme de saveurs. De plus, ELFBAR est le point de d\u00e9part id\u00e9al pour les fumeurs souhaitant passer \u00e0 la vape. Chez ELFBAR, la s\u00e9curit\u00e9 et la qualit\u00e9 sont primordiales. Les appareils hybrides et les e-liquides ne sont mis en vente qu&rsquo;apr\u00e8s avoir satisfait \u00e0 100 % aux normes de qualit\u00e9 rigoureuses des laboratoires ELFBAR.   <\/p>\n<table width=\"719\">\n<tbody>\n<tr>\n<td width=\"113\">Rapport de m\u00e9lange<\/td>\n<td width=\"605\">50 % PG \/ 50 % VG<\/td>\n<\/tr>\n<tr>\n<td width=\"113\">quantit\u00e9 de remplissage<\/td>\n<td width=\"605\">10 ml<\/td>\n<\/tr>\n<tr>\n<td width=\"113\">Teneur en nicotine\/ml<\/td>\n<td width=\"605\">20 mg de sel<\/td>\n<\/tr>\n<\/tbody>\n<\/table>\n<p>Tous les prix s&rsquo;appliquent uniquement aux commandes en ligne et incluent la TVA. Sous r\u00e9serve de modifications sans pr\u00e9avis, frais de livraison en sus. Sous r\u00e9serve d&rsquo;erreurs, de modifications de contenu de livraison et de conception, de fautes d&rsquo;impression et de modifications de prix. Les prix barr\u00e9s sont des prix de remplacement. Les illustrations peuvent diff\u00e9rer de l&rsquo;original\/du contenu de livraison.<br \/>\n*Livraison gratuite pour les commandes sup\u00e9rieures \u00e0 CHF 250.-.<\/p>\n","protected":false},"excerpt":{"rendered":"<p>Elf Bar AF5000 recharge flacon 10ml 20mg Past\u00e8que ICE &nbsp; Mode d&#8217;emploi&nbsp;: Remplacement du flacon de liquide&nbsp;: Ouvrez l&#8217;emballage du r\u00e9cipient de recharge et retirez le flacon de liquide. Retirez le flacon vide de l&rsquo;appareil et remplacez-le par le r\u00e9cipient de recharge. Enfoncez fermement le r\u00e9cipient de recharge dans l&rsquo;appareil&nbsp;; le flacon de liquide doit [&hellip;]<\/p>\n","protected":false},"featured_media":164086,"template":"","meta":[],"product_brand":[2951],"product_cat":[1895,1894,3196],"product_tag":[],"class_list":{"0":"post-164082","1":"product","2":"type-product","3":"status-publish","4":"has-post-thumbnail","6":"product_brand-elfbar","7":"product_cat-e-fumee","8":"product_cat-e-liquide","9":"product_cat-conteneur-de-recharge-elf-bar-af5000","11":"first","12":"onbackorder","13":"purchasable","14":"product-type-simple"},"yoast_head":"<!-- This site is optimized with the Yoast SEO plugin v27.0 - https:\/\/yoast.com\/product\/yoast-seo-wordpress\/ -->\n<title>Elf Bar AF5000 recharge flacon 10ml 20mg Past\u00e8que ICE<\/title>\n<meta name=\"description\" content=\"Elf Bar AF5000 recharge conteneur 10ml 20mg Past\u00e8que ICE | Un grand choix de produits du tabac, d&#039;e-smoke et d&#039;ustensiles pour fumer dans toute la Suisse Cartes accept\u00e9es !\" \/>\n<meta name=\"robots\" content=\"index, follow, max-snippet:-1, max-image-preview:large, max-video-preview:-1\" \/>\n<link rel=\"canonical\" href=\"https:\/\/www.tabakversand.ch\/fr\/produit\/elf-bar-af5000-recharge-flacon-10ml-20mg-pasteque-ice\/\" \/>\n<meta property=\"og:locale\" content=\"fr_FR\" \/>\n<meta property=\"og:type\" content=\"article\" \/>\n<meta property=\"og:title\" content=\"Elf Bar AF5000 recharge flacon 10ml 20mg Past\u00e8que ICE\" \/>\n<meta property=\"og:description\" content=\"Elf Bar AF5000 recharge conteneur 10ml 20mg Past\u00e8que ICE | Un grand choix de produits du tabac, d&#039;e-smoke et d&#039;ustensiles pour fumer dans toute la Suisse Cartes accept\u00e9es !\" \/>\n<meta property=\"og:url\" content=\"https:\/\/www.tabakversand.ch\/fr\/produit\/elf-bar-af5000-recharge-flacon-10ml-20mg-pasteque-ice\/\" \/>\n<meta property=\"og:site_name\" content=\"Tabakversand.ch | Alles aus der Welt des Tabaks\" \/>\n<meta property=\"article:modified_time\" content=\"2026-03-31T12:57:11+00:00\" \/>\n<meta property=\"og:image\" content=\"https:\/\/www.tabakversand.ch\/wp-content\/uploads\/2024\/12\/af5000-nachfuellbehaelter-watermelom-ice.jpg\" \/>\n\t<meta property=\"og:image:width\" content=\"500\" \/>\n\t<meta property=\"og:image:height\" content=\"500\" \/>\n\t<meta property=\"og:image:type\" content=\"image\/jpeg\" \/>\n<meta name=\"twitter:card\" content=\"summary_large_image\" \/>\n<meta name=\"twitter:label1\" content=\"Dur\u00e9e de lecture estim\u00e9e\" \/>\n\t<meta name=\"twitter:data1\" content=\"2 minutes\" \/>\n<script type=\"application\/ld+json\" class=\"yoast-schema-graph\">{\"@context\":\"https:\/\/schema.org\",\"@graph\":[{\"@type\":\"WebPage\",\"@id\":\"https:\/\/www.tabakversand.ch\/fr\/produit\/elf-bar-af5000-recharge-flacon-10ml-20mg-pasteque-ice\/\",\"url\":\"https:\/\/www.tabakversand.ch\/fr\/produit\/elf-bar-af5000-recharge-flacon-10ml-20mg-pasteque-ice\/\",\"name\":\"Elf Bar AF5000 recharge flacon 10ml 20mg Past\u00e8que ICE\",\"isPartOf\":{\"@id\":\"https:\/\/www.tabakversand.ch\/#website\"},\"primaryImageOfPage\":{\"@id\":\"https:\/\/www.tabakversand.ch\/fr\/produit\/elf-bar-af5000-recharge-flacon-10ml-20mg-pasteque-ice\/#primaryimage\"},\"image\":{\"@id\":\"https:\/\/www.tabakversand.ch\/fr\/produit\/elf-bar-af5000-recharge-flacon-10ml-20mg-pasteque-ice\/#primaryimage\"},\"thumbnailUrl\":\"https:\/\/www.tabakversand.ch\/wp-content\/uploads\/2024\/12\/af5000-nachfuellbehaelter-watermelom-ice.jpg\",\"datePublished\":\"2024-12-13T16:13:23+00:00\",\"dateModified\":\"2026-03-31T12:57:11+00:00\",\"description\":\"Elf Bar AF5000 recharge conteneur 10ml 20mg Past\u00e8que ICE | Un grand choix de produits du tabac, d'e-smoke et d'ustensiles pour fumer dans toute la Suisse Cartes accept\u00e9es !\",\"breadcrumb\":{\"@id\":\"https:\/\/www.tabakversand.ch\/fr\/produit\/elf-bar-af5000-recharge-flacon-10ml-20mg-pasteque-ice\/#breadcrumb\"},\"inLanguage\":\"fr-FR\",\"potentialAction\":[{\"@type\":\"ReadAction\",\"target\":[\"https:\/\/www.tabakversand.ch\/fr\/produit\/elf-bar-af5000-recharge-flacon-10ml-20mg-pasteque-ice\/\"]}]},{\"@type\":\"ImageObject\",\"inLanguage\":\"fr-FR\",\"@id\":\"https:\/\/www.tabakversand.ch\/fr\/produit\/elf-bar-af5000-recharge-flacon-10ml-20mg-pasteque-ice\/#primaryimage\",\"url\":\"https:\/\/www.tabakversand.ch\/wp-content\/uploads\/2024\/12\/af5000-nachfuellbehaelter-watermelom-ice.jpg\",\"contentUrl\":\"https:\/\/www.tabakversand.ch\/wp-content\/uploads\/2024\/12\/af5000-nachfuellbehaelter-watermelom-ice.jpg\",\"width\":500,\"height\":500,\"caption\":\"Recharge Elf Bar AF5000 10 ml 20 mg Past\u00e8que Glac\u00e9e | Tabakversand.ch\"},{\"@type\":\"BreadcrumbList\",\"@id\":\"https:\/\/www.tabakversand.ch\/fr\/produit\/elf-bar-af5000-recharge-flacon-10ml-20mg-pasteque-ice\/#breadcrumb\",\"itemListElement\":[{\"@type\":\"ListItem\",\"position\":1,\"name\":\"Startseite\",\"item\":\"https:\/\/www.tabakversand.ch\/\"},{\"@type\":\"ListItem\",\"position\":2,\"name\":\"Boutique\",\"item\":\"https:\/\/www.tabakversand.ch\/fr\/boutique\/\"},{\"@type\":\"ListItem\",\"position\":3,\"name\":\"Elf Bar AF5000 recharge flacon 10ml 20mg Past\u00e8que ICE\"}]},{\"@type\":\"WebSite\",\"@id\":\"https:\/\/www.tabakversand.ch\/#website\",\"url\":\"https:\/\/www.tabakversand.ch\/\",\"name\":\"Tabakversand.ch | Alles aus der Welt des Tabaks\",\"description\":\"Smoke and carpe diem\",\"potentialAction\":[{\"@type\":\"SearchAction\",\"target\":{\"@type\":\"EntryPoint\",\"urlTemplate\":\"https:\/\/www.tabakversand.ch\/?s={search_term_string}\"},\"query-input\":{\"@type\":\"PropertyValueSpecification\",\"valueRequired\":true,\"valueName\":\"search_term_string\"}}],\"inLanguage\":\"fr-FR\"}]}<\/script>\n<!-- \/ Yoast SEO plugin. -->","yoast_head_json":{"title":"Elf Bar AF5000 recharge flacon 10ml 20mg Past\u00e8que ICE","description":"Elf Bar AF5000 recharge conteneur 10ml 20mg Past\u00e8que ICE | Un grand choix de produits du tabac, d'e-smoke et d'ustensiles pour fumer dans toute la Suisse Cartes accept\u00e9es !","robots":{"index":"index","follow":"follow","max-snippet":"max-snippet:-1","max-image-preview":"max-image-preview:large","max-video-preview":"max-video-preview:-1"},"canonical":"https:\/\/www.tabakversand.ch\/fr\/produit\/elf-bar-af5000-recharge-flacon-10ml-20mg-pasteque-ice\/","og_locale":"fr_FR","og_type":"article","og_title":"Elf Bar AF5000 recharge flacon 10ml 20mg Past\u00e8que ICE","og_description":"Elf Bar AF5000 recharge conteneur 10ml 20mg Past\u00e8que ICE | Un grand choix de produits du tabac, d'e-smoke et d'ustensiles pour fumer dans toute la Suisse Cartes accept\u00e9es !","og_url":"https:\/\/www.tabakversand.ch\/fr\/produit\/elf-bar-af5000-recharge-flacon-10ml-20mg-pasteque-ice\/","og_site_name":"Tabakversand.ch | Alles aus der Welt des Tabaks","article_modified_time":"2026-03-31T12:57:11+00:00","og_image":[{"width":500,"height":500,"url":"https:\/\/www.tabakversand.ch\/wp-content\/uploads\/2024\/12\/af5000-nachfuellbehaelter-watermelom-ice.jpg","type":"image\/jpeg"}],"twitter_card":"summary_large_image","twitter_misc":{"Dur\u00e9e de lecture estim\u00e9e":"2 minutes"},"schema":{"@context":"https:\/\/schema.org","@graph":[{"@type":"WebPage","@id":"https:\/\/www.tabakversand.ch\/fr\/produit\/elf-bar-af5000-recharge-flacon-10ml-20mg-pasteque-ice\/","url":"https:\/\/www.tabakversand.ch\/fr\/produit\/elf-bar-af5000-recharge-flacon-10ml-20mg-pasteque-ice\/","name":"Elf Bar AF5000 recharge flacon 10ml 20mg Past\u00e8que ICE","isPartOf":{"@id":"https:\/\/www.tabakversand.ch\/#website"},"primaryImageOfPage":{"@id":"https:\/\/www.tabakversand.ch\/fr\/produit\/elf-bar-af5000-recharge-flacon-10ml-20mg-pasteque-ice\/#primaryimage"},"image":{"@id":"https:\/\/www.tabakversand.ch\/fr\/produit\/elf-bar-af5000-recharge-flacon-10ml-20mg-pasteque-ice\/#primaryimage"},"thumbnailUrl":"https:\/\/www.tabakversand.ch\/wp-content\/uploads\/2024\/12\/af5000-nachfuellbehaelter-watermelom-ice.jpg","datePublished":"2024-12-13T16:13:23+00:00","dateModified":"2026-03-31T12:57:11+00:00","description":"Elf Bar AF5000 recharge conteneur 10ml 20mg Past\u00e8que ICE | Un grand choix de produits du tabac, d'e-smoke et d'ustensiles pour fumer dans toute la Suisse Cartes accept\u00e9es !","breadcrumb":{"@id":"https:\/\/www.tabakversand.ch\/fr\/produit\/elf-bar-af5000-recharge-flacon-10ml-20mg-pasteque-ice\/#breadcrumb"},"inLanguage":"fr-FR","potentialAction":[{"@type":"ReadAction","target":["https:\/\/www.tabakversand.ch\/fr\/produit\/elf-bar-af5000-recharge-flacon-10ml-20mg-pasteque-ice\/"]}]},{"@type":"ImageObject","inLanguage":"fr-FR","@id":"https:\/\/www.tabakversand.ch\/fr\/produit\/elf-bar-af5000-recharge-flacon-10ml-20mg-pasteque-ice\/#primaryimage","url":"https:\/\/www.tabakversand.ch\/wp-content\/uploads\/2024\/12\/af5000-nachfuellbehaelter-watermelom-ice.jpg","contentUrl":"https:\/\/www.tabakversand.ch\/wp-content\/uploads\/2024\/12\/af5000-nachfuellbehaelter-watermelom-ice.jpg","width":500,"height":500,"caption":"Recharge Elf Bar AF5000 10 ml 20 mg Past\u00e8que Glac\u00e9e | Tabakversand.ch"},{"@type":"BreadcrumbList","@id":"https:\/\/www.tabakversand.ch\/fr\/produit\/elf-bar-af5000-recharge-flacon-10ml-20mg-pasteque-ice\/#breadcrumb","itemListElement":[{"@type":"ListItem","position":1,"name":"Startseite","item":"https:\/\/www.tabakversand.ch\/"},{"@type":"ListItem","position":2,"name":"Boutique","item":"https:\/\/www.tabakversand.ch\/fr\/boutique\/"},{"@type":"ListItem","position":3,"name":"Elf Bar AF5000 recharge flacon 10ml 20mg Past\u00e8que ICE"}]},{"@type":"WebSite","@id":"https:\/\/www.tabakversand.ch\/#website","url":"https:\/\/www.tabakversand.ch\/","name":"Tabakversand.ch | Alles aus der Welt des Tabaks","description":"Smoke and carpe diem","potentialAction":[{"@type":"SearchAction","target":{"@type":"EntryPoint","urlTemplate":"https:\/\/www.tabakversand.ch\/?s={search_term_string}"},"query-input":{"@type":"PropertyValueSpecification","valueRequired":true,"valueName":"search_term_string"}}],"inLanguage":"fr-FR"}]}},"_links":{"self":[{"href":"https:\/\/www.tabakversand.ch\/fr\/wp-json\/wp\/v2\/product\/164082","targetHints":{"allow":["GET"]}}],"collection":[{"href":"https:\/\/www.tabakversand.ch\/fr\/wp-json\/wp\/v2\/product"}],"about":[{"href":"https:\/\/www.tabakversand.ch\/fr\/wp-json\/wp\/v2\/types\/product"}],"version-history":[{"count":7,"href":"https:\/\/www.tabakversand.ch\/fr\/wp-json\/wp\/v2\/product\/164082\/revisions"}],"predecessor-version":[{"id":216289,"href":"https:\/\/www.tabakversand.ch\/fr\/wp-json\/wp\/v2\/product\/164082\/revisions\/216289"}],"wp:featuredmedia":[{"embeddable":true,"href":"https:\/\/www.tabakversand.ch\/fr\/wp-json\/wp\/v2\/media\/164086"}],"wp:attachment":[{"href":"https:\/\/www.tabakversand.ch\/fr\/wp-json\/wp\/v2\/media?parent=164082"}],"wp:term":[{"taxonomy":"product_brand","embeddable":true,"href":"https:\/\/www.tabakversand.ch\/fr\/wp-json\/wp\/v2\/product_brand?post=164082"},{"taxonomy":"product_cat","embeddable":true,"href":"https:\/\/www.tabakversand.ch\/fr\/wp-json\/wp\/v2\/product_cat?post=164082"},{"taxonomy":"product_tag","embeddable":true,"href":"https:\/\/www.tabakversand.ch\/fr\/wp-json\/wp\/v2\/product_tag?post=164082"}],"curies":[{"name":"wp","href":"https:\/\/api.w.org\/{rel}","templated":true}]}}