{"id":165740,"date":"2025-01-08T13:48:07","date_gmt":"2025-01-08T12:48:07","guid":{"rendered":"https:\/\/www.tabakversand.ch\/?post_type=product&#038;p=165740"},"modified":"2026-03-17T13:58:02","modified_gmt":"2026-03-17T12:58:02","slug":"romeo-y-julieta-wide-churchill-alutubos-1-cigare","status":"publish","type":"product","link":"https:\/\/www.tabakversand.ch\/fr\/produit\/romeo-y-julieta-wide-churchill-alutubos-1-cigare\/","title":{"rendered":"Rom\u00e9o Y Julieta Wide Churchill"},"content":{"rendered":"<p>Rom\u00e9o Y Julieta Wide Churchill<\/p>\n<p>Cigares cubains<\/p>\n<p>Format: Robusto Extra<\/p>\n<p>Longueur : 13 cm<br \/>\nDiam\u00e8tre : 2,18 cm<br \/>\nTemps de fumage : environ 70 minutes<\/p>\n<p>D\u00e9p\u00f4t : Cuba<br \/>\nPage suivante : Cuba<br \/>\nPage de couverture : Cuba<\/p>\n<p>Chez tabakversand.ch, vos cigares Romeo Y Julieta Wide Churchill vous sont livr\u00e9s dans leur emballage d&rsquo;origine, soigneusement conserv\u00e9s. Un stockage rigoureux garantit une pr\u00e9servation optimale de leur ar\u00f4me, de leur humidit\u00e9 et de leur qualit\u00e9 jusqu&rsquo;\u00e0 l&rsquo;exp\u00e9dition. Gr\u00e2ce \u00e0 une livraison rapide en Suisse, vos cigares vous parviennent g\u00e9n\u00e9ralement sous peu.<\/p>\n<p>Pour plus d&rsquo;informations sur les cigares Romeo y Julieta, veuillez consulter la page Wikip\u00e9dia correspondante\u00a0: <a href=\"https:\/\/de.wikipedia.org\/wiki\/Shisha\">cliquez ici<\/a> . Pour toute question concernant le produit, n&rsquo;h\u00e9sitez pas \u00e0 nous contacter\u00a0: <a href=\"https:\/\/www.tabakversand.ch\/kontakt\/\">cliquez ici<\/a> .<\/p>\n<p>Tous les prix s&rsquo;appliquent uniquement aux commandes en ligne et incluent la TVA. Sous r\u00e9serve de modifications sans pr\u00e9avis, frais de livraison en sus. Sous r\u00e9serve d&rsquo;erreurs, de modifications de contenu de livraison et de conception, de fautes d&rsquo;impression et de modifications de prix. Les prix barr\u00e9s sont des prix de remplacement. Les illustrations peuvent diff\u00e9rer de l&rsquo;original\/du contenu de livraison.<br \/>\n*Livraison gratuite pour les commandes sup\u00e9rieures \u00e0 CHF 250.-.<\/p>\n","protected":false},"excerpt":{"rendered":"<p>Rom\u00e9o Y Julieta Wide Churchill Cigares cubains Format: Robusto Extra Longueur : 13 cm Diam\u00e8tre : 2,18 cm Temps de fumage : environ 70 minutes D\u00e9p\u00f4t : Cuba Page suivante : Cuba Page de couverture : Cuba Chez tabakversand.ch, vos cigares Romeo Y Julieta Wide Churchill vous sont livr\u00e9s dans leur emballage d&rsquo;origine, soigneusement conserv\u00e9s. [&hellip;]<\/p>\n","protected":false},"featured_media":165744,"template":"","meta":[],"product_brand":[1603],"product_cat":[1993,2313,1994,2312],"product_tag":[],"class_list":{"0":"post-165740","1":"product","2":"type-product","3":"status-publish","4":"has-post-thumbnail","6":"product_brand-romeo-y-julieta","7":"product_cat-cigares","8":"product_cat-cuba-fr","9":"product_cat-monde-du-cigare","10":"product_cat-romeo-y-julieta-fr","11":"pa_tabak-huelsen-1-x-25-zigarren","12":"pa_tabak-huelsen-1-zigarre-in-alutubos","14":"first","15":"instock","16":"purchasable","17":"product-type-variable"},"yoast_head":"<!-- This site is optimized with the Yoast SEO plugin v27.0 - https:\/\/yoast.com\/product\/yoast-seo-wordpress\/ -->\n<title>Achetez le cigare roul\u00e9 \u00e0 la main Romeo y Julieta Wide Churchill<\/title>\n<meta name=\"description\" content=\"D\u00e9couvrez le Romeo y Julieta Wide Churchill \u2713 Cigare premium roul\u00e9 \u00e0 la main de Cuba \u2713 Un plaisir classique pour les moments sp\u00e9ciaux \u2713 Commandez en ligne d\u00e8s maintenant !\" \/>\n<meta name=\"robots\" content=\"index, follow, max-snippet:-1, max-image-preview:large, max-video-preview:-1\" \/>\n<link rel=\"canonical\" href=\"https:\/\/www.tabakversand.ch\/fr\/produit\/romeo-y-julieta-wide-churchill-alutubos-1-cigare\/\" \/>\n<meta property=\"og:locale\" content=\"fr_FR\" \/>\n<meta property=\"og:type\" content=\"article\" \/>\n<meta property=\"og:title\" content=\"Achetez le cigare roul\u00e9 \u00e0 la main Romeo y Julieta Wide Churchill\" \/>\n<meta property=\"og:description\" content=\"D\u00e9couvrez le Romeo y Julieta Wide Churchill \u2713 Cigare premium roul\u00e9 \u00e0 la main de Cuba \u2713 Un plaisir classique pour les moments sp\u00e9ciaux \u2713 Commandez en ligne d\u00e8s maintenant !\" \/>\n<meta property=\"og:url\" content=\"https:\/\/www.tabakversand.ch\/fr\/produit\/romeo-y-julieta-wide-churchill-alutubos-1-cigare\/\" \/>\n<meta property=\"og:site_name\" content=\"Tabakversand.ch | Alles aus der Welt des Tabaks\" \/>\n<meta property=\"article:modified_time\" content=\"2026-03-17T12:58:02+00:00\" \/>\n<meta property=\"og:image\" content=\"https:\/\/www.tabakversand.ch\/wp-content\/uploads\/2025\/01\/romeo-y-julieta-wide-churchill-e.jpg\" \/>\n\t<meta property=\"og:image:width\" content=\"500\" \/>\n\t<meta property=\"og:image:height\" content=\"500\" \/>\n\t<meta property=\"og:image:type\" content=\"image\/jpeg\" \/>\n<meta name=\"twitter:card\" content=\"summary_large_image\" \/>\n<meta name=\"twitter:label1\" content=\"Dur\u00e9e de lecture estim\u00e9e\" \/>\n\t<meta name=\"twitter:data1\" content=\"2 minutes\" \/>\n<script type=\"application\/ld+json\" class=\"yoast-schema-graph\">{\"@context\":\"https:\/\/schema.org\",\"@graph\":[{\"@type\":\"WebPage\",\"@id\":\"https:\/\/www.tabakversand.ch\/fr\/produit\/romeo-y-julieta-wide-churchill-alutubos-1-cigare\/\",\"url\":\"https:\/\/www.tabakversand.ch\/fr\/produit\/romeo-y-julieta-wide-churchill-alutubos-1-cigare\/\",\"name\":\"Achetez le cigare roul\u00e9 \u00e0 la main Romeo y Julieta Wide Churchill\",\"isPartOf\":{\"@id\":\"https:\/\/www.tabakversand.ch\/#website\"},\"primaryImageOfPage\":{\"@id\":\"https:\/\/www.tabakversand.ch\/fr\/produit\/romeo-y-julieta-wide-churchill-alutubos-1-cigare\/#primaryimage\"},\"image\":{\"@id\":\"https:\/\/www.tabakversand.ch\/fr\/produit\/romeo-y-julieta-wide-churchill-alutubos-1-cigare\/#primaryimage\"},\"thumbnailUrl\":\"https:\/\/www.tabakversand.ch\/wp-content\/uploads\/2025\/01\/romeo-y-julieta-wide-churchill-e.jpg\",\"datePublished\":\"2025-01-08T12:48:07+00:00\",\"dateModified\":\"2026-03-17T12:58:02+00:00\",\"description\":\"D\u00e9couvrez le Romeo y Julieta Wide Churchill \u2713 Cigare premium roul\u00e9 \u00e0 la main de Cuba \u2713 Un plaisir classique pour les moments sp\u00e9ciaux \u2713 Commandez en ligne d\u00e8s maintenant !\",\"breadcrumb\":{\"@id\":\"https:\/\/www.tabakversand.ch\/fr\/produit\/romeo-y-julieta-wide-churchill-alutubos-1-cigare\/#breadcrumb\"},\"inLanguage\":\"fr-FR\",\"potentialAction\":[{\"@type\":\"ReadAction\",\"target\":[\"https:\/\/www.tabakversand.ch\/fr\/produit\/romeo-y-julieta-wide-churchill-alutubos-1-cigare\/\"]}]},{\"@type\":\"ImageObject\",\"inLanguage\":\"fr-FR\",\"@id\":\"https:\/\/www.tabakversand.ch\/fr\/produit\/romeo-y-julieta-wide-churchill-alutubos-1-cigare\/#primaryimage\",\"url\":\"https:\/\/www.tabakversand.ch\/wp-content\/uploads\/2025\/01\/romeo-y-julieta-wide-churchill-e.jpg\",\"contentUrl\":\"https:\/\/www.tabakversand.ch\/wp-content\/uploads\/2025\/01\/romeo-y-julieta-wide-churchill-e.jpg\",\"width\":500,\"height\":500,\"caption\":\"Romeo Y Julieta Wide Churchill Alutubos 1 Cigare | Tabakversand.ch\"},{\"@type\":\"BreadcrumbList\",\"@id\":\"https:\/\/www.tabakversand.ch\/fr\/produit\/romeo-y-julieta-wide-churchill-alutubos-1-cigare\/#breadcrumb\",\"itemListElement\":[{\"@type\":\"ListItem\",\"position\":1,\"name\":\"Startseite\",\"item\":\"https:\/\/www.tabakversand.ch\/\"},{\"@type\":\"ListItem\",\"position\":2,\"name\":\"Boutique\",\"item\":\"https:\/\/www.tabakversand.ch\/fr\/boutique\/\"},{\"@type\":\"ListItem\",\"position\":3,\"name\":\"Rom\u00e9o Y Julieta Wide Churchill\"}]},{\"@type\":\"WebSite\",\"@id\":\"https:\/\/www.tabakversand.ch\/#website\",\"url\":\"https:\/\/www.tabakversand.ch\/\",\"name\":\"Tabakversand.ch | Alles aus der Welt des Tabaks\",\"description\":\"Smoke and carpe diem\",\"potentialAction\":[{\"@type\":\"SearchAction\",\"target\":{\"@type\":\"EntryPoint\",\"urlTemplate\":\"https:\/\/www.tabakversand.ch\/?s={search_term_string}\"},\"query-input\":{\"@type\":\"PropertyValueSpecification\",\"valueRequired\":true,\"valueName\":\"search_term_string\"}}],\"inLanguage\":\"fr-FR\"}]}<\/script>\n<!-- \/ Yoast SEO plugin. -->","yoast_head_json":{"title":"Achetez le cigare roul\u00e9 \u00e0 la main Romeo y Julieta Wide Churchill","description":"D\u00e9couvrez le Romeo y Julieta Wide Churchill \u2713 Cigare premium roul\u00e9 \u00e0 la main de Cuba \u2713 Un plaisir classique pour les moments sp\u00e9ciaux \u2713 Commandez en ligne d\u00e8s maintenant !","robots":{"index":"index","follow":"follow","max-snippet":"max-snippet:-1","max-image-preview":"max-image-preview:large","max-video-preview":"max-video-preview:-1"},"canonical":"https:\/\/www.tabakversand.ch\/fr\/produit\/romeo-y-julieta-wide-churchill-alutubos-1-cigare\/","og_locale":"fr_FR","og_type":"article","og_title":"Achetez le cigare roul\u00e9 \u00e0 la main Romeo y Julieta Wide Churchill","og_description":"D\u00e9couvrez le Romeo y Julieta Wide Churchill \u2713 Cigare premium roul\u00e9 \u00e0 la main de Cuba \u2713 Un plaisir classique pour les moments sp\u00e9ciaux \u2713 Commandez en ligne d\u00e8s maintenant !","og_url":"https:\/\/www.tabakversand.ch\/fr\/produit\/romeo-y-julieta-wide-churchill-alutubos-1-cigare\/","og_site_name":"Tabakversand.ch | Alles aus der Welt des Tabaks","article_modified_time":"2026-03-17T12:58:02+00:00","og_image":[{"width":500,"height":500,"url":"https:\/\/www.tabakversand.ch\/wp-content\/uploads\/2025\/01\/romeo-y-julieta-wide-churchill-e.jpg","type":"image\/jpeg"}],"twitter_card":"summary_large_image","twitter_misc":{"Dur\u00e9e de lecture estim\u00e9e":"2 minutes"},"schema":{"@context":"https:\/\/schema.org","@graph":[{"@type":"WebPage","@id":"https:\/\/www.tabakversand.ch\/fr\/produit\/romeo-y-julieta-wide-churchill-alutubos-1-cigare\/","url":"https:\/\/www.tabakversand.ch\/fr\/produit\/romeo-y-julieta-wide-churchill-alutubos-1-cigare\/","name":"Achetez le cigare roul\u00e9 \u00e0 la main Romeo y Julieta Wide Churchill","isPartOf":{"@id":"https:\/\/www.tabakversand.ch\/#website"},"primaryImageOfPage":{"@id":"https:\/\/www.tabakversand.ch\/fr\/produit\/romeo-y-julieta-wide-churchill-alutubos-1-cigare\/#primaryimage"},"image":{"@id":"https:\/\/www.tabakversand.ch\/fr\/produit\/romeo-y-julieta-wide-churchill-alutubos-1-cigare\/#primaryimage"},"thumbnailUrl":"https:\/\/www.tabakversand.ch\/wp-content\/uploads\/2025\/01\/romeo-y-julieta-wide-churchill-e.jpg","datePublished":"2025-01-08T12:48:07+00:00","dateModified":"2026-03-17T12:58:02+00:00","description":"D\u00e9couvrez le Romeo y Julieta Wide Churchill \u2713 Cigare premium roul\u00e9 \u00e0 la main de Cuba \u2713 Un plaisir classique pour les moments sp\u00e9ciaux \u2713 Commandez en ligne d\u00e8s maintenant !","breadcrumb":{"@id":"https:\/\/www.tabakversand.ch\/fr\/produit\/romeo-y-julieta-wide-churchill-alutubos-1-cigare\/#breadcrumb"},"inLanguage":"fr-FR","potentialAction":[{"@type":"ReadAction","target":["https:\/\/www.tabakversand.ch\/fr\/produit\/romeo-y-julieta-wide-churchill-alutubos-1-cigare\/"]}]},{"@type":"ImageObject","inLanguage":"fr-FR","@id":"https:\/\/www.tabakversand.ch\/fr\/produit\/romeo-y-julieta-wide-churchill-alutubos-1-cigare\/#primaryimage","url":"https:\/\/www.tabakversand.ch\/wp-content\/uploads\/2025\/01\/romeo-y-julieta-wide-churchill-e.jpg","contentUrl":"https:\/\/www.tabakversand.ch\/wp-content\/uploads\/2025\/01\/romeo-y-julieta-wide-churchill-e.jpg","width":500,"height":500,"caption":"Romeo Y Julieta Wide Churchill Alutubos 1 Cigare | Tabakversand.ch"},{"@type":"BreadcrumbList","@id":"https:\/\/www.tabakversand.ch\/fr\/produit\/romeo-y-julieta-wide-churchill-alutubos-1-cigare\/#breadcrumb","itemListElement":[{"@type":"ListItem","position":1,"name":"Startseite","item":"https:\/\/www.tabakversand.ch\/"},{"@type":"ListItem","position":2,"name":"Boutique","item":"https:\/\/www.tabakversand.ch\/fr\/boutique\/"},{"@type":"ListItem","position":3,"name":"Rom\u00e9o Y Julieta Wide Churchill"}]},{"@type":"WebSite","@id":"https:\/\/www.tabakversand.ch\/#website","url":"https:\/\/www.tabakversand.ch\/","name":"Tabakversand.ch | Alles aus der Welt des Tabaks","description":"Smoke and carpe diem","potentialAction":[{"@type":"SearchAction","target":{"@type":"EntryPoint","urlTemplate":"https:\/\/www.tabakversand.ch\/?s={search_term_string}"},"query-input":{"@type":"PropertyValueSpecification","valueRequired":true,"valueName":"search_term_string"}}],"inLanguage":"fr-FR"}]}},"_links":{"self":[{"href":"https:\/\/www.tabakversand.ch\/fr\/wp-json\/wp\/v2\/product\/165740","targetHints":{"allow":["GET"]}}],"collection":[{"href":"https:\/\/www.tabakversand.ch\/fr\/wp-json\/wp\/v2\/product"}],"about":[{"href":"https:\/\/www.tabakversand.ch\/fr\/wp-json\/wp\/v2\/types\/product"}],"version-history":[{"count":7,"href":"https:\/\/www.tabakversand.ch\/fr\/wp-json\/wp\/v2\/product\/165740\/revisions"}],"predecessor-version":[{"id":214800,"href":"https:\/\/www.tabakversand.ch\/fr\/wp-json\/wp\/v2\/product\/165740\/revisions\/214800"}],"wp:featuredmedia":[{"embeddable":true,"href":"https:\/\/www.tabakversand.ch\/fr\/wp-json\/wp\/v2\/media\/165744"}],"wp:attachment":[{"href":"https:\/\/www.tabakversand.ch\/fr\/wp-json\/wp\/v2\/media?parent=165740"}],"wp:term":[{"taxonomy":"product_brand","embeddable":true,"href":"https:\/\/www.tabakversand.ch\/fr\/wp-json\/wp\/v2\/product_brand?post=165740"},{"taxonomy":"product_cat","embeddable":true,"href":"https:\/\/www.tabakversand.ch\/fr\/wp-json\/wp\/v2\/product_cat?post=165740"},{"taxonomy":"product_tag","embeddable":true,"href":"https:\/\/www.tabakversand.ch\/fr\/wp-json\/wp\/v2\/product_tag?post=165740"}],"curies":[{"name":"wp","href":"https:\/\/api.w.org\/{rel}","templated":true}]}}