{"id":166049,"date":"2025-01-18T12:14:01","date_gmt":"2025-01-18T11:14:01","guid":{"rendered":"https:\/\/www.tabakversand.ch\/?post_type=product&#038;p=166049"},"modified":"2025-09-17T09:51:22","modified_gmt":"2025-09-17T07:51:22","slug":"vozol-joygo-snus-myrtille-25mg","status":"publish","type":"product","link":"https:\/\/www.tabakversand.ch\/fr\/produit\/vozol-joygo-snus-myrtille-25mg\/","title":{"rendered":"Vozol JoyGo Snus Myrtille 25mg"},"content":{"rendered":"<p>Vozol JoyGo Snus Myrtille 25mg<\/p>\n<p>Joygo Snus \u2013 25 mg est destin\u00e9 aux consommateurs exp\u00e9riment\u00e9s de snus recherchant un hit de nicotine nettement plus puissant. 25 mg par dose procurent un boost remarquablement puissant, id\u00e9al pour ceux qui recherchent un effet plus intense et une exp\u00e9rience de snus profonde et durable. Parfait pour les consommateurs exp\u00e9riment\u00e9s en qu\u00eate d&rsquo;un moment de plaisir plus intense.  <\/p>\n<p>Myrtille &#8211; une saveur naturelle et sucr\u00e9e de myrtille donne \u00e0 ce snus une note fruit\u00e9e rafra\u00eechissante.<\/p>\n<p>Saveur : Myrtille<br \/>\n Sachets par canette : 20<br \/>\n Nicotine : 25 mg\/g<br \/>\n 5 canettes<\/p>\n<p>&nbsp;<\/p>\n<p>Tous les prix s&rsquo;appliquent uniquement aux commandes en ligne et incluent la TVA. Sous r\u00e9serve de modifications sans pr\u00e9avis, frais de livraison en sus. Sous r\u00e9serve d&rsquo;erreurs, de modifications de contenu de livraison et de conception, de fautes d&rsquo;impression et de modifications de prix. Les prix barr\u00e9s sont des prix de remplacement. Les illustrations peuvent diff\u00e9rer de l&rsquo;original\/du contenu de livraison.<br \/>\n*Livraison gratuite pour les commandes sup\u00e9rieures \u00e0 CHF 250.-.<\/p>\n","protected":false},"excerpt":{"rendered":"<p>Vozol JoyGo Snus Myrtille 25mg Joygo Snus \u2013 25 mg est destin\u00e9 aux consommateurs exp\u00e9riment\u00e9s de snus recherchant un hit de nicotine nettement plus puissant. 25 mg par dose procurent un boost remarquablement puissant, id\u00e9al pour ceux qui recherchent un effet plus intense et une exp\u00e9rience de snus profonde et durable. Parfait pour les consommateurs [&hellip;]<\/p>\n","protected":false},"featured_media":166053,"template":"","meta":[],"product_brand":[],"product_cat":[4564,1888,1903,1900],"product_tag":[],"class_list":{"0":"post-166049","1":"product","2":"type-product","3":"status-publish","4":"has-post-thumbnail","6":"product_cat-snus-en-sachet","7":"product_cat-tabac","8":"product_cat-tabac-a-macher-snus","9":"product_cat-tabac-a-macher-snus-dans-un-sac","11":"first","12":"outofstock","13":"purchasable","14":"product-type-simple"},"yoast_head":"<!-- This site is optimized with the Yoast SEO plugin v27.0 - https:\/\/yoast.com\/product\/yoast-seo-wordpress\/ -->\n<title>Vozol JoyGo Snus Myrtille 25mg - Tabakversand.ch | Alles aus der Welt des Tabaks<\/title>\n<meta name=\"description\" content=\"Vozol JoyGo Snus Myrtille 25 mg | Un tr\u00e8s haut choix de produits du tabac, d&#039;e-smoke et d&#039;ustensiles pour fumer dans toute la Suisse Cartes accept\u00e9es !\" \/>\n<meta name=\"robots\" content=\"index, follow, max-snippet:-1, max-image-preview:large, max-video-preview:-1\" \/>\n<link rel=\"canonical\" href=\"https:\/\/www.tabakversand.ch\/fr\/produit\/vozol-joygo-snus-myrtille-25mg\/\" \/>\n<meta property=\"og:locale\" content=\"fr_FR\" \/>\n<meta property=\"og:type\" content=\"article\" \/>\n<meta property=\"og:title\" content=\"Vozol JoyGo Snus Myrtille 25mg - Tabakversand.ch | Alles aus der Welt des Tabaks\" \/>\n<meta property=\"og:description\" content=\"Vozol JoyGo Snus Myrtille 25 mg | Un tr\u00e8s haut choix de produits du tabac, d&#039;e-smoke et d&#039;ustensiles pour fumer dans toute la Suisse Cartes accept\u00e9es !\" \/>\n<meta property=\"og:url\" content=\"https:\/\/www.tabakversand.ch\/fr\/produit\/vozol-joygo-snus-myrtille-25mg\/\" \/>\n<meta property=\"og:site_name\" content=\"Tabakversand.ch | Alles aus der Welt des Tabaks\" \/>\n<meta property=\"article:modified_time\" content=\"2025-09-17T07:51:22+00:00\" \/>\n<meta property=\"og:image\" content=\"https:\/\/www.tabakversand.ch\/wp-content\/uploads\/2025\/01\/vozol-joygo-snus-blueberry-25mg.jpg\" \/>\n\t<meta property=\"og:image:width\" content=\"500\" \/>\n\t<meta property=\"og:image:height\" content=\"500\" \/>\n\t<meta property=\"og:image:type\" content=\"image\/jpeg\" \/>\n<meta name=\"twitter:card\" content=\"summary_large_image\" \/>\n<meta name=\"twitter:label1\" content=\"Dur\u00e9e de lecture estim\u00e9e\" \/>\n\t<meta name=\"twitter:data1\" content=\"2 minutes\" \/>\n<script type=\"application\/ld+json\" class=\"yoast-schema-graph\">{\"@context\":\"https:\/\/schema.org\",\"@graph\":[{\"@type\":\"WebPage\",\"@id\":\"https:\/\/www.tabakversand.ch\/fr\/produit\/vozol-joygo-snus-myrtille-25mg\/\",\"url\":\"https:\/\/www.tabakversand.ch\/fr\/produit\/vozol-joygo-snus-myrtille-25mg\/\",\"name\":\"Vozol JoyGo Snus Myrtille 25mg - Tabakversand.ch | Alles aus der Welt des Tabaks\",\"isPartOf\":{\"@id\":\"https:\/\/www.tabakversand.ch\/#website\"},\"primaryImageOfPage\":{\"@id\":\"https:\/\/www.tabakversand.ch\/fr\/produit\/vozol-joygo-snus-myrtille-25mg\/#primaryimage\"},\"image\":{\"@id\":\"https:\/\/www.tabakversand.ch\/fr\/produit\/vozol-joygo-snus-myrtille-25mg\/#primaryimage\"},\"thumbnailUrl\":\"https:\/\/www.tabakversand.ch\/wp-content\/uploads\/2025\/01\/vozol-joygo-snus-blueberry-25mg.jpg\",\"datePublished\":\"2025-01-18T11:14:01+00:00\",\"dateModified\":\"2025-09-17T07:51:22+00:00\",\"description\":\"Vozol JoyGo Snus Myrtille 25 mg | Un tr\u00e8s haut choix de produits du tabac, d'e-smoke et d'ustensiles pour fumer dans toute la Suisse Cartes accept\u00e9es !\",\"breadcrumb\":{\"@id\":\"https:\/\/www.tabakversand.ch\/fr\/produit\/vozol-joygo-snus-myrtille-25mg\/#breadcrumb\"},\"inLanguage\":\"fr-FR\",\"potentialAction\":[{\"@type\":\"ReadAction\",\"target\":[\"https:\/\/www.tabakversand.ch\/fr\/produit\/vozol-joygo-snus-myrtille-25mg\/\"]}]},{\"@type\":\"ImageObject\",\"inLanguage\":\"fr-FR\",\"@id\":\"https:\/\/www.tabakversand.ch\/fr\/produit\/vozol-joygo-snus-myrtille-25mg\/#primaryimage\",\"url\":\"https:\/\/www.tabakversand.ch\/wp-content\/uploads\/2025\/01\/vozol-joygo-snus-blueberry-25mg.jpg\",\"contentUrl\":\"https:\/\/www.tabakversand.ch\/wp-content\/uploads\/2025\/01\/vozol-joygo-snus-blueberry-25mg.jpg\",\"width\":500,\"height\":500,\"caption\":\"Vozol JoyGo Snus Myrtille 25 mg | Tabakversand.ch\"},{\"@type\":\"BreadcrumbList\",\"@id\":\"https:\/\/www.tabakversand.ch\/fr\/produit\/vozol-joygo-snus-myrtille-25mg\/#breadcrumb\",\"itemListElement\":[{\"@type\":\"ListItem\",\"position\":1,\"name\":\"Startseite\",\"item\":\"https:\/\/www.tabakversand.ch\/\"},{\"@type\":\"ListItem\",\"position\":2,\"name\":\"Boutique\",\"item\":\"https:\/\/www.tabakversand.ch\/fr\/boutique\/\"},{\"@type\":\"ListItem\",\"position\":3,\"name\":\"Vozol JoyGo Snus Myrtille 25mg\"}]},{\"@type\":\"WebSite\",\"@id\":\"https:\/\/www.tabakversand.ch\/#website\",\"url\":\"https:\/\/www.tabakversand.ch\/\",\"name\":\"Tabakversand.ch | Alles aus der Welt des Tabaks\",\"description\":\"Smoke and carpe diem\",\"potentialAction\":[{\"@type\":\"SearchAction\",\"target\":{\"@type\":\"EntryPoint\",\"urlTemplate\":\"https:\/\/www.tabakversand.ch\/?s={search_term_string}\"},\"query-input\":{\"@type\":\"PropertyValueSpecification\",\"valueRequired\":true,\"valueName\":\"search_term_string\"}}],\"inLanguage\":\"fr-FR\"}]}<\/script>\n<!-- \/ Yoast SEO plugin. -->","yoast_head_json":{"title":"Vozol JoyGo Snus Myrtille 25mg - Tabakversand.ch | Alles aus der Welt des Tabaks","description":"Vozol JoyGo Snus Myrtille 25 mg | Un tr\u00e8s haut choix de produits du tabac, d'e-smoke et d'ustensiles pour fumer dans toute la Suisse Cartes accept\u00e9es !","robots":{"index":"index","follow":"follow","max-snippet":"max-snippet:-1","max-image-preview":"max-image-preview:large","max-video-preview":"max-video-preview:-1"},"canonical":"https:\/\/www.tabakversand.ch\/fr\/produit\/vozol-joygo-snus-myrtille-25mg\/","og_locale":"fr_FR","og_type":"article","og_title":"Vozol JoyGo Snus Myrtille 25mg - Tabakversand.ch | Alles aus der Welt des Tabaks","og_description":"Vozol JoyGo Snus Myrtille 25 mg | Un tr\u00e8s haut choix de produits du tabac, d'e-smoke et d'ustensiles pour fumer dans toute la Suisse Cartes accept\u00e9es !","og_url":"https:\/\/www.tabakversand.ch\/fr\/produit\/vozol-joygo-snus-myrtille-25mg\/","og_site_name":"Tabakversand.ch | Alles aus der Welt des Tabaks","article_modified_time":"2025-09-17T07:51:22+00:00","og_image":[{"width":500,"height":500,"url":"https:\/\/www.tabakversand.ch\/wp-content\/uploads\/2025\/01\/vozol-joygo-snus-blueberry-25mg.jpg","type":"image\/jpeg"}],"twitter_card":"summary_large_image","twitter_misc":{"Dur\u00e9e de lecture estim\u00e9e":"2 minutes"},"schema":{"@context":"https:\/\/schema.org","@graph":[{"@type":"WebPage","@id":"https:\/\/www.tabakversand.ch\/fr\/produit\/vozol-joygo-snus-myrtille-25mg\/","url":"https:\/\/www.tabakversand.ch\/fr\/produit\/vozol-joygo-snus-myrtille-25mg\/","name":"Vozol JoyGo Snus Myrtille 25mg - Tabakversand.ch | Alles aus der Welt des Tabaks","isPartOf":{"@id":"https:\/\/www.tabakversand.ch\/#website"},"primaryImageOfPage":{"@id":"https:\/\/www.tabakversand.ch\/fr\/produit\/vozol-joygo-snus-myrtille-25mg\/#primaryimage"},"image":{"@id":"https:\/\/www.tabakversand.ch\/fr\/produit\/vozol-joygo-snus-myrtille-25mg\/#primaryimage"},"thumbnailUrl":"https:\/\/www.tabakversand.ch\/wp-content\/uploads\/2025\/01\/vozol-joygo-snus-blueberry-25mg.jpg","datePublished":"2025-01-18T11:14:01+00:00","dateModified":"2025-09-17T07:51:22+00:00","description":"Vozol JoyGo Snus Myrtille 25 mg | Un tr\u00e8s haut choix de produits du tabac, d'e-smoke et d'ustensiles pour fumer dans toute la Suisse Cartes accept\u00e9es !","breadcrumb":{"@id":"https:\/\/www.tabakversand.ch\/fr\/produit\/vozol-joygo-snus-myrtille-25mg\/#breadcrumb"},"inLanguage":"fr-FR","potentialAction":[{"@type":"ReadAction","target":["https:\/\/www.tabakversand.ch\/fr\/produit\/vozol-joygo-snus-myrtille-25mg\/"]}]},{"@type":"ImageObject","inLanguage":"fr-FR","@id":"https:\/\/www.tabakversand.ch\/fr\/produit\/vozol-joygo-snus-myrtille-25mg\/#primaryimage","url":"https:\/\/www.tabakversand.ch\/wp-content\/uploads\/2025\/01\/vozol-joygo-snus-blueberry-25mg.jpg","contentUrl":"https:\/\/www.tabakversand.ch\/wp-content\/uploads\/2025\/01\/vozol-joygo-snus-blueberry-25mg.jpg","width":500,"height":500,"caption":"Vozol JoyGo Snus Myrtille 25 mg | Tabakversand.ch"},{"@type":"BreadcrumbList","@id":"https:\/\/www.tabakversand.ch\/fr\/produit\/vozol-joygo-snus-myrtille-25mg\/#breadcrumb","itemListElement":[{"@type":"ListItem","position":1,"name":"Startseite","item":"https:\/\/www.tabakversand.ch\/"},{"@type":"ListItem","position":2,"name":"Boutique","item":"https:\/\/www.tabakversand.ch\/fr\/boutique\/"},{"@type":"ListItem","position":3,"name":"Vozol JoyGo Snus Myrtille 25mg"}]},{"@type":"WebSite","@id":"https:\/\/www.tabakversand.ch\/#website","url":"https:\/\/www.tabakversand.ch\/","name":"Tabakversand.ch | Alles aus der Welt des Tabaks","description":"Smoke and carpe diem","potentialAction":[{"@type":"SearchAction","target":{"@type":"EntryPoint","urlTemplate":"https:\/\/www.tabakversand.ch\/?s={search_term_string}"},"query-input":{"@type":"PropertyValueSpecification","valueRequired":true,"valueName":"search_term_string"}}],"inLanguage":"fr-FR"}]}},"_links":{"self":[{"href":"https:\/\/www.tabakversand.ch\/fr\/wp-json\/wp\/v2\/product\/166049","targetHints":{"allow":["GET"]}}],"collection":[{"href":"https:\/\/www.tabakversand.ch\/fr\/wp-json\/wp\/v2\/product"}],"about":[{"href":"https:\/\/www.tabakversand.ch\/fr\/wp-json\/wp\/v2\/types\/product"}],"version-history":[{"count":4,"href":"https:\/\/www.tabakversand.ch\/fr\/wp-json\/wp\/v2\/product\/166049\/revisions"}],"predecessor-version":[{"id":199957,"href":"https:\/\/www.tabakversand.ch\/fr\/wp-json\/wp\/v2\/product\/166049\/revisions\/199957"}],"wp:featuredmedia":[{"embeddable":true,"href":"https:\/\/www.tabakversand.ch\/fr\/wp-json\/wp\/v2\/media\/166053"}],"wp:attachment":[{"href":"https:\/\/www.tabakversand.ch\/fr\/wp-json\/wp\/v2\/media?parent=166049"}],"wp:term":[{"taxonomy":"product_brand","embeddable":true,"href":"https:\/\/www.tabakversand.ch\/fr\/wp-json\/wp\/v2\/product_brand?post=166049"},{"taxonomy":"product_cat","embeddable":true,"href":"https:\/\/www.tabakversand.ch\/fr\/wp-json\/wp\/v2\/product_cat?post=166049"},{"taxonomy":"product_tag","embeddable":true,"href":"https:\/\/www.tabakversand.ch\/fr\/wp-json\/wp\/v2\/product_tag?post=166049"}],"curies":[{"name":"wp","href":"https:\/\/api.w.org\/{rel}","templated":true}]}}