{"id":167613,"date":"2025-02-06T11:41:50","date_gmt":"2025-02-06T10:41:50","guid":{"rendered":"https:\/\/www.tabakversand.ch\/?post_type=product&#038;p=167613"},"modified":"2025-02-06T11:52:07","modified_gmt":"2025-02-06T10:52:07","slug":"briquet-zippo-be-a-gentleman-design-60007384","status":"publish","type":"product","link":"https:\/\/www.tabakversand.ch\/fr\/produit\/briquet-zippo-be-a-gentleman-design-60007384\/","title":{"rendered":"Briquet Zippo Be A Gentleman Design 60007384"},"content":{"rendered":"<p>Briquet Zippo Be A Gentleman Design 60007384<\/p>\n<ul>\n<li>Taille: Pleine grandeur<\/li>\n<li>Emball\u00e9 dans un coffret cadeau Zippo original.<\/li>\n<li>Constitu\u00e9 de m\u00e9tal; conception coupe-vent qui fonctionne pratiquement n\u2019importe o\u00f9.<\/li>\n<li>Rechargeable pour une utilisation \u00e0 vie; nous recommandons l\u2019essence, le silex et les m\u00e8ches plus l\u00e9gers Zippo premium d\u2019origine.<\/li>\n<li>Garantie: 30 ans sur la m\u00e9canique (hors consommables et surfaces)<\/li>\n<li>Fabriqu\u00e9 aux \u00c9tats-Unis<\/li>\n<li>Carburant: Essence originale Zippo Premium Lighter (vendue s\u00e9par\u00e9ment, toutes les Zippo ne sont pas remplies)<\/li>\n<li>Noir mat<\/li>\n<li>Image couleur<\/li>\n<\/ul>\n<p>Tous les prix ne sont valables que pour les commandes en ligne et incluent la TVA, sont sujets \u00e0 changement plus les frais d\u2019exp\u00e9dition. Erreurs, changements dans l\u2019\u00e9tendue de la livraison et de la conception, erreurs d\u2019impression et changements de prix r\u00e9serv\u00e9s. Les prix barr\u00e9s sont stattpreise. L\u2019illustration peut diff\u00e9rer de l\u2019original\/de l\u2019\u00e9tendue de la livraison.*Livraison gratuite \u00e0 partir de CHF 250.- valeur de la commande.<\/p>\n","protected":false},"excerpt":{"rendered":"<p>Briquet Zippo Be A Gentleman Design 60007384 Taille: Pleine grandeur Emball\u00e9 dans un coffret cadeau Zippo original. Constitu\u00e9 de m\u00e9tal; conception coupe-vent qui fonctionne pratiquement n\u2019importe o\u00f9. Rechargeable pour une utilisation \u00e0 vie; nous recommandons l\u2019essence, le silex et les m\u00e8ches plus l\u00e9gers Zippo premium d\u2019origine. Garantie: 30 ans sur la m\u00e9canique (hors consommables et [&hellip;]<\/p>\n","protected":false},"featured_media":167616,"template":"","meta":[],"product_brand":[1567],"product_cat":[1927,3203,1926,2033],"product_tag":[],"class_list":{"0":"post-167613","1":"product","2":"type-product","3":"status-publish","4":"has-post-thumbnail","6":"product_brand-zippo-feuerzeuge-und-acessoires","7":"product_cat-briquets","8":"product_cat-collection-zippo-printemps-ete-2025","9":"product_cat-collections-de-briquets-zippo","10":"product_cat-zippo-fantasy-et-cranes","12":"first","13":"onbackorder","14":"purchasable","15":"product-type-simple"},"yoast_head":"<!-- This site is optimized with the Yoast SEO plugin v27.0 - https:\/\/yoast.com\/product\/yoast-seo-wordpress\/ -->\n<title>Briquet Zippo Be A Gentleman Design 60007384<\/title>\n<meta name=\"description\" content=\"Briquet Zippo Be A Gentleman Design 60007384 | Un grand choix de briquets Zippo originaux et d&#039;accessoires Zippo dans toute la Suisse | Cartes accept\u00e9es !\" \/>\n<meta name=\"robots\" content=\"index, follow, max-snippet:-1, max-image-preview:large, max-video-preview:-1\" \/>\n<link rel=\"canonical\" href=\"https:\/\/www.tabakversand.ch\/produit\/zippo-be-a-gentleman-design-60007384-feuerzeug\/\" \/>\n<meta property=\"og:locale\" content=\"fr_FR\" \/>\n<meta property=\"og:type\" content=\"article\" \/>\n<meta property=\"og:title\" content=\"Briquet Zippo Be A Gentleman Design 60007384\" \/>\n<meta property=\"og:description\" content=\"Briquet Zippo Be A Gentleman Design 60007384 | Un grand choix de briquets Zippo originaux et d&#039;accessoires Zippo dans toute la Suisse | Cartes accept\u00e9es !\" \/>\n<meta property=\"og:url\" content=\"https:\/\/www.tabakversand.ch\/produit\/zippo-be-a-gentleman-design-60007384-feuerzeug\/\" \/>\n<meta property=\"og:site_name\" content=\"Tabakversand.ch | Alles aus der Welt des Tabaks\" \/>\n<meta property=\"article:modified_time\" content=\"2025-02-06T10:52:07+00:00\" \/>\n<meta property=\"og:image\" content=\"https:\/\/www.tabakversand.ch\/wp-content\/uploads\/2025\/02\/zippo-be-a-gentlemen-60007384.jpg\" \/>\n\t<meta property=\"og:image:width\" content=\"500\" \/>\n\t<meta property=\"og:image:height\" content=\"500\" \/>\n\t<meta property=\"og:image:type\" content=\"image\/jpeg\" \/>\n<meta name=\"twitter:card\" content=\"summary_large_image\" \/>\n<meta name=\"twitter:label1\" content=\"Dur\u00e9e de lecture estim\u00e9e\" \/>\n\t<meta name=\"twitter:data1\" content=\"2 minutes\" \/>\n<script type=\"application\/ld+json\" class=\"yoast-schema-graph\">{\"@context\":\"https:\/\/schema.org\",\"@graph\":[{\"@type\":\"WebPage\",\"@id\":\"https:\/\/www.tabakversand.ch\/produit\/zippo-be-a-gentleman-design-60007384-feuerzeug\/\",\"url\":\"https:\/\/www.tabakversand.ch\/produit\/zippo-be-a-gentleman-design-60007384-feuerzeug\/\",\"name\":\"Briquet Zippo Be A Gentleman Design 60007384\",\"isPartOf\":{\"@id\":\"https:\/\/www.tabakversand.ch\/#website\"},\"primaryImageOfPage\":{\"@id\":\"https:\/\/www.tabakversand.ch\/produit\/zippo-be-a-gentleman-design-60007384-feuerzeug\/#primaryimage\"},\"image\":{\"@id\":\"https:\/\/www.tabakversand.ch\/produit\/zippo-be-a-gentleman-design-60007384-feuerzeug\/#primaryimage\"},\"thumbnailUrl\":\"https:\/\/www.tabakversand.ch\/wp-content\/uploads\/2025\/02\/zippo-be-a-gentlemen-60007384.jpg\",\"datePublished\":\"2025-02-06T10:41:50+00:00\",\"dateModified\":\"2025-02-06T10:52:07+00:00\",\"description\":\"Briquet Zippo Be A Gentleman Design 60007384 | Un grand choix de briquets Zippo originaux et d'accessoires Zippo dans toute la Suisse | Cartes accept\u00e9es !\",\"breadcrumb\":{\"@id\":\"https:\/\/www.tabakversand.ch\/produit\/zippo-be-a-gentleman-design-60007384-feuerzeug\/#breadcrumb\"},\"inLanguage\":\"fr-FR\",\"potentialAction\":[{\"@type\":\"ReadAction\",\"target\":[\"https:\/\/www.tabakversand.ch\/produit\/zippo-be-a-gentleman-design-60007384-feuerzeug\/\"]}]},{\"@type\":\"ImageObject\",\"inLanguage\":\"fr-FR\",\"@id\":\"https:\/\/www.tabakversand.ch\/produit\/zippo-be-a-gentleman-design-60007384-feuerzeug\/#primaryimage\",\"url\":\"https:\/\/www.tabakversand.ch\/wp-content\/uploads\/2025\/02\/zippo-be-a-gentlemen-60007384.jpg\",\"contentUrl\":\"https:\/\/www.tabakversand.ch\/wp-content\/uploads\/2025\/02\/zippo-be-a-gentlemen-60007384.jpg\",\"width\":500,\"height\":500,\"caption\":\"Zippo Be A Gentleman Design 60007384 Feuerzeug\"},{\"@type\":\"BreadcrumbList\",\"@id\":\"https:\/\/www.tabakversand.ch\/produit\/zippo-be-a-gentleman-design-60007384-feuerzeug\/#breadcrumb\",\"itemListElement\":[{\"@type\":\"ListItem\",\"position\":1,\"name\":\"Startseite\",\"item\":\"https:\/\/www.tabakversand.ch\/\"},{\"@type\":\"ListItem\",\"position\":2,\"name\":\"Boutique\",\"item\":\"https:\/\/www.tabakversand.ch\/fr\/boutique\/\"},{\"@type\":\"ListItem\",\"position\":3,\"name\":\"Briquet Zippo Be A Gentleman Design 60007384\"}]},{\"@type\":\"WebSite\",\"@id\":\"https:\/\/www.tabakversand.ch\/#website\",\"url\":\"https:\/\/www.tabakversand.ch\/\",\"name\":\"Tabakversand.ch | Alles aus der Welt des Tabaks\",\"description\":\"Smoke and carpe diem\",\"potentialAction\":[{\"@type\":\"SearchAction\",\"target\":{\"@type\":\"EntryPoint\",\"urlTemplate\":\"https:\/\/www.tabakversand.ch\/?s={search_term_string}\"},\"query-input\":{\"@type\":\"PropertyValueSpecification\",\"valueRequired\":true,\"valueName\":\"search_term_string\"}}],\"inLanguage\":\"fr-FR\"}]}<\/script>\n<!-- \/ Yoast SEO plugin. -->","yoast_head_json":{"title":"Briquet Zippo Be A Gentleman Design 60007384","description":"Briquet Zippo Be A Gentleman Design 60007384 | Un grand choix de briquets Zippo originaux et d'accessoires Zippo dans toute la Suisse | Cartes accept\u00e9es !","robots":{"index":"index","follow":"follow","max-snippet":"max-snippet:-1","max-image-preview":"max-image-preview:large","max-video-preview":"max-video-preview:-1"},"canonical":"https:\/\/www.tabakversand.ch\/produit\/zippo-be-a-gentleman-design-60007384-feuerzeug\/","og_locale":"fr_FR","og_type":"article","og_title":"Briquet Zippo Be A Gentleman Design 60007384","og_description":"Briquet Zippo Be A Gentleman Design 60007384 | Un grand choix de briquets Zippo originaux et d'accessoires Zippo dans toute la Suisse | Cartes accept\u00e9es !","og_url":"https:\/\/www.tabakversand.ch\/produit\/zippo-be-a-gentleman-design-60007384-feuerzeug\/","og_site_name":"Tabakversand.ch | Alles aus der Welt des Tabaks","article_modified_time":"2025-02-06T10:52:07+00:00","og_image":[{"width":500,"height":500,"url":"https:\/\/www.tabakversand.ch\/wp-content\/uploads\/2025\/02\/zippo-be-a-gentlemen-60007384.jpg","type":"image\/jpeg"}],"twitter_card":"summary_large_image","twitter_misc":{"Dur\u00e9e de lecture estim\u00e9e":"2 minutes"},"schema":{"@context":"https:\/\/schema.org","@graph":[{"@type":"WebPage","@id":"https:\/\/www.tabakversand.ch\/produit\/zippo-be-a-gentleman-design-60007384-feuerzeug\/","url":"https:\/\/www.tabakversand.ch\/produit\/zippo-be-a-gentleman-design-60007384-feuerzeug\/","name":"Briquet Zippo Be A Gentleman Design 60007384","isPartOf":{"@id":"https:\/\/www.tabakversand.ch\/#website"},"primaryImageOfPage":{"@id":"https:\/\/www.tabakversand.ch\/produit\/zippo-be-a-gentleman-design-60007384-feuerzeug\/#primaryimage"},"image":{"@id":"https:\/\/www.tabakversand.ch\/produit\/zippo-be-a-gentleman-design-60007384-feuerzeug\/#primaryimage"},"thumbnailUrl":"https:\/\/www.tabakversand.ch\/wp-content\/uploads\/2025\/02\/zippo-be-a-gentlemen-60007384.jpg","datePublished":"2025-02-06T10:41:50+00:00","dateModified":"2025-02-06T10:52:07+00:00","description":"Briquet Zippo Be A Gentleman Design 60007384 | Un grand choix de briquets Zippo originaux et d'accessoires Zippo dans toute la Suisse | Cartes accept\u00e9es !","breadcrumb":{"@id":"https:\/\/www.tabakversand.ch\/produit\/zippo-be-a-gentleman-design-60007384-feuerzeug\/#breadcrumb"},"inLanguage":"fr-FR","potentialAction":[{"@type":"ReadAction","target":["https:\/\/www.tabakversand.ch\/produit\/zippo-be-a-gentleman-design-60007384-feuerzeug\/"]}]},{"@type":"ImageObject","inLanguage":"fr-FR","@id":"https:\/\/www.tabakversand.ch\/produit\/zippo-be-a-gentleman-design-60007384-feuerzeug\/#primaryimage","url":"https:\/\/www.tabakversand.ch\/wp-content\/uploads\/2025\/02\/zippo-be-a-gentlemen-60007384.jpg","contentUrl":"https:\/\/www.tabakversand.ch\/wp-content\/uploads\/2025\/02\/zippo-be-a-gentlemen-60007384.jpg","width":500,"height":500,"caption":"Zippo Be A Gentleman Design 60007384 Feuerzeug"},{"@type":"BreadcrumbList","@id":"https:\/\/www.tabakversand.ch\/produit\/zippo-be-a-gentleman-design-60007384-feuerzeug\/#breadcrumb","itemListElement":[{"@type":"ListItem","position":1,"name":"Startseite","item":"https:\/\/www.tabakversand.ch\/"},{"@type":"ListItem","position":2,"name":"Boutique","item":"https:\/\/www.tabakversand.ch\/fr\/boutique\/"},{"@type":"ListItem","position":3,"name":"Briquet Zippo Be A Gentleman Design 60007384"}]},{"@type":"WebSite","@id":"https:\/\/www.tabakversand.ch\/#website","url":"https:\/\/www.tabakversand.ch\/","name":"Tabakversand.ch | Alles aus der Welt des Tabaks","description":"Smoke and carpe diem","potentialAction":[{"@type":"SearchAction","target":{"@type":"EntryPoint","urlTemplate":"https:\/\/www.tabakversand.ch\/?s={search_term_string}"},"query-input":{"@type":"PropertyValueSpecification","valueRequired":true,"valueName":"search_term_string"}}],"inLanguage":"fr-FR"}]}},"_links":{"self":[{"href":"https:\/\/www.tabakversand.ch\/fr\/wp-json\/wp\/v2\/product\/167613","targetHints":{"allow":["GET"]}}],"collection":[{"href":"https:\/\/www.tabakversand.ch\/fr\/wp-json\/wp\/v2\/product"}],"about":[{"href":"https:\/\/www.tabakversand.ch\/fr\/wp-json\/wp\/v2\/types\/product"}],"version-history":[{"count":2,"href":"https:\/\/www.tabakversand.ch\/fr\/wp-json\/wp\/v2\/product\/167613\/revisions"}],"predecessor-version":[{"id":167631,"href":"https:\/\/www.tabakversand.ch\/fr\/wp-json\/wp\/v2\/product\/167613\/revisions\/167631"}],"wp:featuredmedia":[{"embeddable":true,"href":"https:\/\/www.tabakversand.ch\/fr\/wp-json\/wp\/v2\/media\/167616"}],"wp:attachment":[{"href":"https:\/\/www.tabakversand.ch\/fr\/wp-json\/wp\/v2\/media?parent=167613"}],"wp:term":[{"taxonomy":"product_brand","embeddable":true,"href":"https:\/\/www.tabakversand.ch\/fr\/wp-json\/wp\/v2\/product_brand?post=167613"},{"taxonomy":"product_cat","embeddable":true,"href":"https:\/\/www.tabakversand.ch\/fr\/wp-json\/wp\/v2\/product_cat?post=167613"},{"taxonomy":"product_tag","embeddable":true,"href":"https:\/\/www.tabakversand.ch\/fr\/wp-json\/wp\/v2\/product_tag?post=167613"}],"curies":[{"name":"wp","href":"https:\/\/api.w.org\/{rel}","templated":true}]}}