{"id":168776,"date":"2025-02-08T13:13:42","date_gmt":"2025-02-08T12:13:42","guid":{"rendered":"https:\/\/www.tabakversand.ch\/?post_type=product&#038;p=168776"},"modified":"2025-02-08T13:27:14","modified_gmt":"2025-02-08T12:27:14","slug":"balance-numerique-100g-0-01g-noire-super-heros","status":"publish","type":"product","link":"https:\/\/www.tabakversand.ch\/fr\/produit\/balance-numerique-100g-0-01g-noire-super-heros\/","title":{"rendered":"Balance num\u00e9rique 100g\/0.01g noire Super H\u00e9ros"},"content":{"rendered":"<p>Balance num\u00e9rique 100g\/0.01g noire Super H\u00e9ros<\/p>\n<p>Petite balance num\u00e9rique pratique pour une d\u00e9termination pr\u00e9cise du poids.<\/p>\n<p>100 g\/0,01 g<\/p>\n<p>Tous les prix sont valables pour les commandes en ligne uniquement et incluent la TVA, mais sont susceptibles d&rsquo;\u00eatre modifi\u00e9s et n&rsquo;incluent pas les frais d&rsquo;exp\u00e9dition. Sous r\u00e9serve d&rsquo;erreurs, de modifications du contenu de la livraison et de la conception, d&rsquo;erreurs d&rsquo;impression et de modifications de prix. Les prix barr\u00e9s sont des prix de remplacement. L&rsquo;illustration peut diff\u00e9rer de l&rsquo;original\/\u00e9tendue de la livraison.*Livraison gratuite \u00e0 partir de CHF 250.- de commande.<\/p>\n","protected":false},"excerpt":{"rendered":"<p>Balance num\u00e9rique 100g\/0.01g noire Super H\u00e9ros Petite balance num\u00e9rique pratique pour une d\u00e9termination pr\u00e9cise du poids. 100 g\/0,01 g Tous les prix sont valables pour les commandes en ligne uniquement et incluent la TVA, mais sont susceptibles d&rsquo;\u00eatre modifi\u00e9s et n&rsquo;incluent pas les frais d&rsquo;exp\u00e9dition. Sous r\u00e9serve d&rsquo;erreurs, de modifications du contenu de la livraison [&hellip;]<\/p>\n","protected":false},"featured_media":168780,"template":"","meta":[],"product_brand":[],"product_cat":[3236,3219,1995],"product_tag":[],"class_list":{"0":"post-168776","1":"product","2":"type-product","3":"status-publish","4":"has-post-thumbnail","6":"product_cat-balance-numerique","7":"product_cat-boutique-de-tete","8":"product_cat-divers-headshop","10":"first","11":"instock","12":"purchasable","13":"product-type-simple"},"yoast_head":"<!-- This site is optimized with the Yoast SEO plugin v27.0 - https:\/\/yoast.com\/product\/yoast-seo-wordpress\/ -->\n<title>Balance num\u00e9rique 100g\/0.01g noire Super H\u00e9ros - tabakversand.ch<\/title>\n<meta name=\"description\" content=\"Balance num\u00e9rique 100g\/0,01g noire Super H\u00e9ros | Un grand choix de briquets Zippo originaux et d&#039;accessoires Zippo dans toute la Suisse | Cartes accept\u00e9es !\" \/>\n<meta name=\"robots\" content=\"index, follow, max-snippet:-1, max-image-preview:large, max-video-preview:-1\" \/>\n<link rel=\"canonical\" href=\"https:\/\/www.tabakversand.ch\/fr\/produkt\/balance-numerique-100g-0-01g-noire-super-heros\/\" \/>\n<meta property=\"og:locale\" content=\"fr_FR\" \/>\n<meta property=\"og:type\" content=\"article\" \/>\n<meta property=\"og:title\" content=\"Balance num\u00e9rique 100g\/0.01g noire Super H\u00e9ros - tabakversand.ch\" \/>\n<meta property=\"og:description\" content=\"Balance num\u00e9rique 100g\/0,01g noire Super H\u00e9ros | Un grand choix de briquets Zippo originaux et d&#039;accessoires Zippo dans toute la Suisse | Cartes accept\u00e9es !\" \/>\n<meta property=\"og:url\" content=\"https:\/\/www.tabakversand.ch\/fr\/produkt\/balance-numerique-100g-0-01g-noire-super-heros\/\" \/>\n<meta property=\"og:site_name\" content=\"Tabakversand.ch | Alles aus der Welt des Tabaks\" \/>\n<meta property=\"article:modified_time\" content=\"2025-02-08T12:27:14+00:00\" \/>\n<meta property=\"og:image\" content=\"https:\/\/www.tabakversand.ch\/wp-content\/uploads\/2025\/02\/digital-waage-super-heroes-348090.jpg\" \/>\n\t<meta property=\"og:image:width\" content=\"500\" \/>\n\t<meta property=\"og:image:height\" content=\"500\" \/>\n\t<meta property=\"og:image:type\" content=\"image\/jpeg\" \/>\n<meta name=\"twitter:card\" content=\"summary_large_image\" \/>\n<meta name=\"twitter:label1\" content=\"Dur\u00e9e de lecture estim\u00e9e\" \/>\n\t<meta name=\"twitter:data1\" content=\"1 minute\" \/>\n<script type=\"application\/ld+json\" class=\"yoast-schema-graph\">{\"@context\":\"https:\/\/schema.org\",\"@graph\":[{\"@type\":\"WebPage\",\"@id\":\"https:\/\/www.tabakversand.ch\/fr\/produkt\/balance-numerique-100g-0-01g-noire-super-heros\/\",\"url\":\"https:\/\/www.tabakversand.ch\/fr\/produkt\/balance-numerique-100g-0-01g-noire-super-heros\/\",\"name\":\"Balance num\u00e9rique 100g\/0.01g noire Super H\u00e9ros - tabakversand.ch\",\"isPartOf\":{\"@id\":\"https:\/\/www.tabakversand.ch\/#website\"},\"primaryImageOfPage\":{\"@id\":\"https:\/\/www.tabakversand.ch\/fr\/produkt\/balance-numerique-100g-0-01g-noire-super-heros\/#primaryimage\"},\"image\":{\"@id\":\"https:\/\/www.tabakversand.ch\/fr\/produkt\/balance-numerique-100g-0-01g-noire-super-heros\/#primaryimage\"},\"thumbnailUrl\":\"https:\/\/www.tabakversand.ch\/wp-content\/uploads\/2025\/02\/digital-waage-super-heroes-348090.jpg\",\"datePublished\":\"2025-02-08T12:13:42+00:00\",\"dateModified\":\"2025-02-08T12:27:14+00:00\",\"description\":\"Balance num\u00e9rique 100g\/0,01g noire Super H\u00e9ros | Un grand choix de briquets Zippo originaux et d'accessoires Zippo dans toute la Suisse | Cartes accept\u00e9es !\",\"breadcrumb\":{\"@id\":\"https:\/\/www.tabakversand.ch\/fr\/produkt\/balance-numerique-100g-0-01g-noire-super-heros\/#breadcrumb\"},\"inLanguage\":\"fr-FR\",\"potentialAction\":[{\"@type\":\"ReadAction\",\"target\":[\"https:\/\/www.tabakversand.ch\/fr\/produkt\/balance-numerique-100g-0-01g-noire-super-heros\/\"]}]},{\"@type\":\"ImageObject\",\"inLanguage\":\"fr-FR\",\"@id\":\"https:\/\/www.tabakversand.ch\/fr\/produkt\/balance-numerique-100g-0-01g-noire-super-heros\/#primaryimage\",\"url\":\"https:\/\/www.tabakversand.ch\/wp-content\/uploads\/2025\/02\/digital-waage-super-heroes-348090.jpg\",\"contentUrl\":\"https:\/\/www.tabakversand.ch\/wp-content\/uploads\/2025\/02\/digital-waage-super-heroes-348090.jpg\",\"width\":500,\"height\":500,\"caption\":\"Digitalwaage 100g\/0,01g schwarz Super Heroes\"},{\"@type\":\"BreadcrumbList\",\"@id\":\"https:\/\/www.tabakversand.ch\/fr\/produkt\/balance-numerique-100g-0-01g-noire-super-heros\/#breadcrumb\",\"itemListElement\":[{\"@type\":\"ListItem\",\"position\":1,\"name\":\"Startseite\",\"item\":\"https:\/\/www.tabakversand.ch\/\"},{\"@type\":\"ListItem\",\"position\":2,\"name\":\"Boutique\",\"item\":\"https:\/\/www.tabakversand.ch\/fr\/boutique\/\"},{\"@type\":\"ListItem\",\"position\":3,\"name\":\"Balance num\u00e9rique 100g\/0.01g noire Super H\u00e9ros\"}]},{\"@type\":\"WebSite\",\"@id\":\"https:\/\/www.tabakversand.ch\/#website\",\"url\":\"https:\/\/www.tabakversand.ch\/\",\"name\":\"Tabakversand.ch | Alles aus der Welt des Tabaks\",\"description\":\"Smoke and carpe diem\",\"potentialAction\":[{\"@type\":\"SearchAction\",\"target\":{\"@type\":\"EntryPoint\",\"urlTemplate\":\"https:\/\/www.tabakversand.ch\/?s={search_term_string}\"},\"query-input\":{\"@type\":\"PropertyValueSpecification\",\"valueRequired\":true,\"valueName\":\"search_term_string\"}}],\"inLanguage\":\"fr-FR\"}]}<\/script>\n<!-- \/ Yoast SEO plugin. -->","yoast_head_json":{"title":"Balance num\u00e9rique 100g\/0.01g noire Super H\u00e9ros - tabakversand.ch","description":"Balance num\u00e9rique 100g\/0,01g noire Super H\u00e9ros | Un grand choix de briquets Zippo originaux et d'accessoires Zippo dans toute la Suisse | Cartes accept\u00e9es !","robots":{"index":"index","follow":"follow","max-snippet":"max-snippet:-1","max-image-preview":"max-image-preview:large","max-video-preview":"max-video-preview:-1"},"canonical":"https:\/\/www.tabakversand.ch\/fr\/produkt\/balance-numerique-100g-0-01g-noire-super-heros\/","og_locale":"fr_FR","og_type":"article","og_title":"Balance num\u00e9rique 100g\/0.01g noire Super H\u00e9ros - tabakversand.ch","og_description":"Balance num\u00e9rique 100g\/0,01g noire Super H\u00e9ros | Un grand choix de briquets Zippo originaux et d'accessoires Zippo dans toute la Suisse | Cartes accept\u00e9es !","og_url":"https:\/\/www.tabakversand.ch\/fr\/produkt\/balance-numerique-100g-0-01g-noire-super-heros\/","og_site_name":"Tabakversand.ch | Alles aus der Welt des Tabaks","article_modified_time":"2025-02-08T12:27:14+00:00","og_image":[{"width":500,"height":500,"url":"https:\/\/www.tabakversand.ch\/wp-content\/uploads\/2025\/02\/digital-waage-super-heroes-348090.jpg","type":"image\/jpeg"}],"twitter_card":"summary_large_image","twitter_misc":{"Dur\u00e9e de lecture estim\u00e9e":"1 minute"},"schema":{"@context":"https:\/\/schema.org","@graph":[{"@type":"WebPage","@id":"https:\/\/www.tabakversand.ch\/fr\/produkt\/balance-numerique-100g-0-01g-noire-super-heros\/","url":"https:\/\/www.tabakversand.ch\/fr\/produkt\/balance-numerique-100g-0-01g-noire-super-heros\/","name":"Balance num\u00e9rique 100g\/0.01g noire Super H\u00e9ros - tabakversand.ch","isPartOf":{"@id":"https:\/\/www.tabakversand.ch\/#website"},"primaryImageOfPage":{"@id":"https:\/\/www.tabakversand.ch\/fr\/produkt\/balance-numerique-100g-0-01g-noire-super-heros\/#primaryimage"},"image":{"@id":"https:\/\/www.tabakversand.ch\/fr\/produkt\/balance-numerique-100g-0-01g-noire-super-heros\/#primaryimage"},"thumbnailUrl":"https:\/\/www.tabakversand.ch\/wp-content\/uploads\/2025\/02\/digital-waage-super-heroes-348090.jpg","datePublished":"2025-02-08T12:13:42+00:00","dateModified":"2025-02-08T12:27:14+00:00","description":"Balance num\u00e9rique 100g\/0,01g noire Super H\u00e9ros | Un grand choix de briquets Zippo originaux et d'accessoires Zippo dans toute la Suisse | Cartes accept\u00e9es !","breadcrumb":{"@id":"https:\/\/www.tabakversand.ch\/fr\/produkt\/balance-numerique-100g-0-01g-noire-super-heros\/#breadcrumb"},"inLanguage":"fr-FR","potentialAction":[{"@type":"ReadAction","target":["https:\/\/www.tabakversand.ch\/fr\/produkt\/balance-numerique-100g-0-01g-noire-super-heros\/"]}]},{"@type":"ImageObject","inLanguage":"fr-FR","@id":"https:\/\/www.tabakversand.ch\/fr\/produkt\/balance-numerique-100g-0-01g-noire-super-heros\/#primaryimage","url":"https:\/\/www.tabakversand.ch\/wp-content\/uploads\/2025\/02\/digital-waage-super-heroes-348090.jpg","contentUrl":"https:\/\/www.tabakversand.ch\/wp-content\/uploads\/2025\/02\/digital-waage-super-heroes-348090.jpg","width":500,"height":500,"caption":"Digitalwaage 100g\/0,01g schwarz Super Heroes"},{"@type":"BreadcrumbList","@id":"https:\/\/www.tabakversand.ch\/fr\/produkt\/balance-numerique-100g-0-01g-noire-super-heros\/#breadcrumb","itemListElement":[{"@type":"ListItem","position":1,"name":"Startseite","item":"https:\/\/www.tabakversand.ch\/"},{"@type":"ListItem","position":2,"name":"Boutique","item":"https:\/\/www.tabakversand.ch\/fr\/boutique\/"},{"@type":"ListItem","position":3,"name":"Balance num\u00e9rique 100g\/0.01g noire Super H\u00e9ros"}]},{"@type":"WebSite","@id":"https:\/\/www.tabakversand.ch\/#website","url":"https:\/\/www.tabakversand.ch\/","name":"Tabakversand.ch | Alles aus der Welt des Tabaks","description":"Smoke and carpe diem","potentialAction":[{"@type":"SearchAction","target":{"@type":"EntryPoint","urlTemplate":"https:\/\/www.tabakversand.ch\/?s={search_term_string}"},"query-input":{"@type":"PropertyValueSpecification","valueRequired":true,"valueName":"search_term_string"}}],"inLanguage":"fr-FR"}]}},"_links":{"self":[{"href":"https:\/\/www.tabakversand.ch\/fr\/wp-json\/wp\/v2\/product\/168776","targetHints":{"allow":["GET"]}}],"collection":[{"href":"https:\/\/www.tabakversand.ch\/fr\/wp-json\/wp\/v2\/product"}],"about":[{"href":"https:\/\/www.tabakversand.ch\/fr\/wp-json\/wp\/v2\/types\/product"}],"version-history":[{"count":3,"href":"https:\/\/www.tabakversand.ch\/fr\/wp-json\/wp\/v2\/product\/168776\/revisions"}],"predecessor-version":[{"id":168802,"href":"https:\/\/www.tabakversand.ch\/fr\/wp-json\/wp\/v2\/product\/168776\/revisions\/168802"}],"wp:featuredmedia":[{"embeddable":true,"href":"https:\/\/www.tabakversand.ch\/fr\/wp-json\/wp\/v2\/media\/168780"}],"wp:attachment":[{"href":"https:\/\/www.tabakversand.ch\/fr\/wp-json\/wp\/v2\/media?parent=168776"}],"wp:term":[{"taxonomy":"product_brand","embeddable":true,"href":"https:\/\/www.tabakversand.ch\/fr\/wp-json\/wp\/v2\/product_brand?post=168776"},{"taxonomy":"product_cat","embeddable":true,"href":"https:\/\/www.tabakversand.ch\/fr\/wp-json\/wp\/v2\/product_cat?post=168776"},{"taxonomy":"product_tag","embeddable":true,"href":"https:\/\/www.tabakversand.ch\/fr\/wp-json\/wp\/v2\/product_tag?post=168776"}],"curies":[{"name":"wp","href":"https:\/\/api.w.org\/{rel}","templated":true}]}}