{"id":170610,"date":"2025-02-15T10:42:05","date_gmt":"2025-02-15T09:42:05","guid":{"rendered":"https:\/\/www.tabakversand.ch\/?post_type=product&#038;p=170610"},"modified":"2025-07-05T10:51:43","modified_gmt":"2025-07-05T08:51:43","slug":"cigarillos-griffins-griffinios-5-x-20-pieces","status":"publish","type":"product","link":"https:\/\/www.tabakversand.ch\/fr\/produit\/cigarillos-griffins-griffinios-5-x-20-pieces\/","title":{"rendered":"Cigarillos Griffin`s Griffinios 5 x 20 pi\u00e8ces."},"content":{"rendered":"<p>Cigarillos Griffin`s Griffinios 5 x 20 pi\u00e8ces.<\/p>\n<p>Ils sont fabriqu\u00e9s en R\u00e9publique Dominicaine avec les meilleurs tabacs dominicains. Une cape Connecticut s\u00e9lectionn\u00e9e en provenance d&rsquo;\u00c9quateur enveloppe ce \u00ab Dominican Blend \u00bb sp\u00e9cialement con\u00e7u pour les \u00ab Griffi\u00f1os \u00bb. La combinaison de ces tabacs donne un cigarillo tr\u00e8s \u00e9quilibr\u00e9 et harmonieux avec un go\u00fbt carib\u00e9en unique et d&rsquo;excellentes caract\u00e9ristiques de fumage.<\/p>\n<p>Dur\u00e9e de jouissance : environ 5 Min.<\/p>\n<p>Diam\u00e8tre : 8 mm<\/p>\n<p>Longueur : 8,5 cm<\/p>\n<p>Notes de go\u00fbt : Notes de noix et de foin, accompagn\u00e9es d&rsquo;ar\u00f4mes fruit\u00e9s<\/p>\n<p>Tous les prix s&rsquo;appliquent uniquement aux commandes en ligne et incluent la TVA. TVA, sous r\u00e9serve de modifications plus Exp\u00e9dition. Sous r\u00e9serve d&rsquo;erreurs, de modifications de l&rsquo;\u00e9tendue de la livraison et de la conception, d&rsquo;erreurs d&rsquo;impression et de modifications de prix. Les prix barr\u00e9s sont plut\u00f4t des prix. L&rsquo;illustration peut diff\u00e9rer de l&rsquo;original\/de l&rsquo;\u00e9tendue de la livraison.<br \/>\n*Livraison gratuite pour les commandes sup\u00e9rieures \u00e0 CHF 250.<\/p>\n","protected":false},"excerpt":{"rendered":"<p>Cigarillos Griffin`s Griffinios 5 x 20 pi\u00e8ces. Ils sont fabriqu\u00e9s en R\u00e9publique Dominicaine avec les meilleurs tabacs dominicains. Une cape Connecticut s\u00e9lectionn\u00e9e en provenance d&rsquo;\u00c9quateur enveloppe ce \u00ab Dominican Blend \u00bb sp\u00e9cialement con\u00e7u pour les \u00ab Griffi\u00f1os \u00bb. La combinaison de ces tabacs donne un cigarillo tr\u00e8s \u00e9quilibr\u00e9 et harmonieux avec un go\u00fbt carib\u00e9en unique [&hellip;]<\/p>\n","protected":false},"featured_media":170614,"template":"","meta":[],"product_brand":[1535],"product_cat":[2059,1994],"product_tag":[],"class_list":{"0":"post-170610","1":"product","2":"type-product","3":"status-publish","4":"has-post-thumbnail","6":"product_brand-the-griffins","7":"product_cat-cigarillos-fr","8":"product_cat-monde-du-cigare","10":"first","11":"onbackorder","12":"purchasable","13":"product-type-simple"},"yoast_head":"<!-- This site is optimized with the Yoast SEO plugin v27.5 - https:\/\/yoast.com\/product\/yoast-seo-wordpress\/ -->\n<title>Cigarillos Griffin`s Griffinios 5 x 20 pi\u00e8ces. - Tabakversand.ch | Alles aus der Welt des Tabaks<\/title>\n<meta name=\"description\" content=\"Cigarillos Griffin`s Griffinios 5 x 20 pi\u00e8ces. | Un tr\u00e8s grand choix de produits du tabac, e-smoke et ustensiles pour fumer dans toute la Suisse | Cartes accept\u00e9es !\" \/>\n<meta name=\"robots\" content=\"index, follow, max-snippet:-1, max-image-preview:large, max-video-preview:-1\" \/>\n<link rel=\"canonical\" href=\"https:\/\/www.tabakversand.ch\/produit\/griffins-griffinios-cigarillos-5-x-20-stk\/\" \/>\n<meta property=\"og:locale\" content=\"fr_FR\" \/>\n<meta property=\"og:type\" content=\"article\" \/>\n<meta property=\"og:title\" content=\"Cigarillos Griffin`s Griffinios 5 x 20 pi\u00e8ces. - Tabakversand.ch | Alles aus der Welt des Tabaks\" \/>\n<meta property=\"og:description\" content=\"Cigarillos Griffin`s Griffinios 5 x 20 pi\u00e8ces. | Un tr\u00e8s grand choix de produits du tabac, e-smoke et ustensiles pour fumer dans toute la Suisse | Cartes accept\u00e9es !\" \/>\n<meta property=\"og:url\" content=\"https:\/\/www.tabakversand.ch\/produit\/griffins-griffinios-cigarillos-5-x-20-stk\/\" \/>\n<meta property=\"og:site_name\" content=\"Tabakversand.ch | Alles aus der Welt des Tabaks\" \/>\n<meta property=\"article:modified_time\" content=\"2025-07-05T08:51:43+00:00\" \/>\n<meta property=\"og:image\" content=\"https:\/\/www.tabakversand.ch\/wp-content\/uploads\/2025\/02\/griffinios-cigarillos.jpg\" \/>\n\t<meta property=\"og:image:width\" content=\"500\" \/>\n\t<meta property=\"og:image:height\" content=\"500\" \/>\n\t<meta property=\"og:image:type\" content=\"image\/jpeg\" \/>\n<meta name=\"twitter:card\" content=\"summary_large_image\" \/>\n<meta name=\"twitter:label1\" content=\"Dur\u00e9e de lecture estim\u00e9e\" \/>\n\t<meta name=\"twitter:data1\" content=\"2 minutes\" \/>\n<script type=\"application\/ld+json\" class=\"yoast-schema-graph\">{\"@context\":\"https:\\\/\\\/schema.org\",\"@graph\":[{\"@type\":\"WebPage\",\"@id\":\"https:\\\/\\\/www.tabakversand.ch\\\/produit\\\/griffins-griffinios-cigarillos-5-x-20-stk\\\/\",\"url\":\"https:\\\/\\\/www.tabakversand.ch\\\/produit\\\/griffins-griffinios-cigarillos-5-x-20-stk\\\/\",\"name\":\"Cigarillos Griffin`s Griffinios 5 x 20 pi\u00e8ces. - Tabakversand.ch | Alles aus der Welt des Tabaks\",\"isPartOf\":{\"@id\":\"https:\\\/\\\/www.tabakversand.ch\\\/#website\"},\"primaryImageOfPage\":{\"@id\":\"https:\\\/\\\/www.tabakversand.ch\\\/produit\\\/griffins-griffinios-cigarillos-5-x-20-stk\\\/#primaryimage\"},\"image\":{\"@id\":\"https:\\\/\\\/www.tabakversand.ch\\\/produit\\\/griffins-griffinios-cigarillos-5-x-20-stk\\\/#primaryimage\"},\"thumbnailUrl\":\"https:\\\/\\\/www.tabakversand.ch\\\/wp-content\\\/uploads\\\/2025\\\/02\\\/griffinios-cigarillos.jpg\",\"datePublished\":\"2025-02-15T09:42:05+00:00\",\"dateModified\":\"2025-07-05T08:51:43+00:00\",\"description\":\"Cigarillos Griffin`s Griffinios 5 x 20 pi\u00e8ces. | Un tr\u00e8s grand choix de produits du tabac, e-smoke et ustensiles pour fumer dans toute la Suisse | Cartes accept\u00e9es !\",\"breadcrumb\":{\"@id\":\"https:\\\/\\\/www.tabakversand.ch\\\/produit\\\/griffins-griffinios-cigarillos-5-x-20-stk\\\/#breadcrumb\"},\"inLanguage\":\"fr-FR\",\"potentialAction\":[{\"@type\":\"ReadAction\",\"target\":[\"https:\\\/\\\/www.tabakversand.ch\\\/produit\\\/griffins-griffinios-cigarillos-5-x-20-stk\\\/\"]}]},{\"@type\":\"ImageObject\",\"inLanguage\":\"fr-FR\",\"@id\":\"https:\\\/\\\/www.tabakversand.ch\\\/produit\\\/griffins-griffinios-cigarillos-5-x-20-stk\\\/#primaryimage\",\"url\":\"https:\\\/\\\/www.tabakversand.ch\\\/wp-content\\\/uploads\\\/2025\\\/02\\\/griffinios-cigarillos.jpg\",\"contentUrl\":\"https:\\\/\\\/www.tabakversand.ch\\\/wp-content\\\/uploads\\\/2025\\\/02\\\/griffinios-cigarillos.jpg\",\"width\":500,\"height\":500,\"caption\":\"Cigarillos Griffin`s Griffinios | Tabakversand.ch\"},{\"@type\":\"BreadcrumbList\",\"@id\":\"https:\\\/\\\/www.tabakversand.ch\\\/produit\\\/griffins-griffinios-cigarillos-5-x-20-stk\\\/#breadcrumb\",\"itemListElement\":[{\"@type\":\"ListItem\",\"position\":1,\"name\":\"Startseite\",\"item\":\"https:\\\/\\\/www.tabakversand.ch\\\/\"},{\"@type\":\"ListItem\",\"position\":2,\"name\":\"Boutique\",\"item\":\"https:\\\/\\\/www.tabakversand.ch\\\/fr\\\/boutique\\\/\"},{\"@type\":\"ListItem\",\"position\":3,\"name\":\"Cigarillos Griffin`s Griffinios 5 x 20 pi\u00e8ces.\"}]},{\"@type\":\"WebSite\",\"@id\":\"https:\\\/\\\/www.tabakversand.ch\\\/#website\",\"url\":\"https:\\\/\\\/www.tabakversand.ch\\\/\",\"name\":\"Tabakversand.ch | Alles aus der Welt des Tabaks\",\"description\":\"Smoke and carpe diem\",\"potentialAction\":[{\"@type\":\"SearchAction\",\"target\":{\"@type\":\"EntryPoint\",\"urlTemplate\":\"https:\\\/\\\/www.tabakversand.ch\\\/?s={search_term_string}\"},\"query-input\":{\"@type\":\"PropertyValueSpecification\",\"valueRequired\":true,\"valueName\":\"search_term_string\"}}],\"inLanguage\":\"fr-FR\"}]}<\/script>\n<!-- \/ Yoast SEO plugin. -->","yoast_head_json":{"title":"Cigarillos Griffin`s Griffinios 5 x 20 pi\u00e8ces. - Tabakversand.ch | Alles aus der Welt des Tabaks","description":"Cigarillos Griffin`s Griffinios 5 x 20 pi\u00e8ces. | Un tr\u00e8s grand choix de produits du tabac, e-smoke et ustensiles pour fumer dans toute la Suisse | Cartes accept\u00e9es !","robots":{"index":"index","follow":"follow","max-snippet":"max-snippet:-1","max-image-preview":"max-image-preview:large","max-video-preview":"max-video-preview:-1"},"canonical":"https:\/\/www.tabakversand.ch\/produit\/griffins-griffinios-cigarillos-5-x-20-stk\/","og_locale":"fr_FR","og_type":"article","og_title":"Cigarillos Griffin`s Griffinios 5 x 20 pi\u00e8ces. - Tabakversand.ch | Alles aus der Welt des Tabaks","og_description":"Cigarillos Griffin`s Griffinios 5 x 20 pi\u00e8ces. | Un tr\u00e8s grand choix de produits du tabac, e-smoke et ustensiles pour fumer dans toute la Suisse | Cartes accept\u00e9es !","og_url":"https:\/\/www.tabakversand.ch\/produit\/griffins-griffinios-cigarillos-5-x-20-stk\/","og_site_name":"Tabakversand.ch | Alles aus der Welt des Tabaks","article_modified_time":"2025-07-05T08:51:43+00:00","og_image":[{"width":500,"height":500,"url":"https:\/\/www.tabakversand.ch\/wp-content\/uploads\/2025\/02\/griffinios-cigarillos.jpg","type":"image\/jpeg"}],"twitter_card":"summary_large_image","twitter_misc":{"Dur\u00e9e de lecture estim\u00e9e":"2 minutes"},"schema":{"@context":"https:\/\/schema.org","@graph":[{"@type":"WebPage","@id":"https:\/\/www.tabakversand.ch\/produit\/griffins-griffinios-cigarillos-5-x-20-stk\/","url":"https:\/\/www.tabakversand.ch\/produit\/griffins-griffinios-cigarillos-5-x-20-stk\/","name":"Cigarillos Griffin`s Griffinios 5 x 20 pi\u00e8ces. - Tabakversand.ch | Alles aus der Welt des Tabaks","isPartOf":{"@id":"https:\/\/www.tabakversand.ch\/#website"},"primaryImageOfPage":{"@id":"https:\/\/www.tabakversand.ch\/produit\/griffins-griffinios-cigarillos-5-x-20-stk\/#primaryimage"},"image":{"@id":"https:\/\/www.tabakversand.ch\/produit\/griffins-griffinios-cigarillos-5-x-20-stk\/#primaryimage"},"thumbnailUrl":"https:\/\/www.tabakversand.ch\/wp-content\/uploads\/2025\/02\/griffinios-cigarillos.jpg","datePublished":"2025-02-15T09:42:05+00:00","dateModified":"2025-07-05T08:51:43+00:00","description":"Cigarillos Griffin`s Griffinios 5 x 20 pi\u00e8ces. | Un tr\u00e8s grand choix de produits du tabac, e-smoke et ustensiles pour fumer dans toute la Suisse | Cartes accept\u00e9es !","breadcrumb":{"@id":"https:\/\/www.tabakversand.ch\/produit\/griffins-griffinios-cigarillos-5-x-20-stk\/#breadcrumb"},"inLanguage":"fr-FR","potentialAction":[{"@type":"ReadAction","target":["https:\/\/www.tabakversand.ch\/produit\/griffins-griffinios-cigarillos-5-x-20-stk\/"]}]},{"@type":"ImageObject","inLanguage":"fr-FR","@id":"https:\/\/www.tabakversand.ch\/produit\/griffins-griffinios-cigarillos-5-x-20-stk\/#primaryimage","url":"https:\/\/www.tabakversand.ch\/wp-content\/uploads\/2025\/02\/griffinios-cigarillos.jpg","contentUrl":"https:\/\/www.tabakversand.ch\/wp-content\/uploads\/2025\/02\/griffinios-cigarillos.jpg","width":500,"height":500,"caption":"Cigarillos Griffin`s Griffinios | Tabakversand.ch"},{"@type":"BreadcrumbList","@id":"https:\/\/www.tabakversand.ch\/produit\/griffins-griffinios-cigarillos-5-x-20-stk\/#breadcrumb","itemListElement":[{"@type":"ListItem","position":1,"name":"Startseite","item":"https:\/\/www.tabakversand.ch\/"},{"@type":"ListItem","position":2,"name":"Boutique","item":"https:\/\/www.tabakversand.ch\/fr\/boutique\/"},{"@type":"ListItem","position":3,"name":"Cigarillos Griffin`s Griffinios 5 x 20 pi\u00e8ces."}]},{"@type":"WebSite","@id":"https:\/\/www.tabakversand.ch\/#website","url":"https:\/\/www.tabakversand.ch\/","name":"Tabakversand.ch | Alles aus der Welt des Tabaks","description":"Smoke and carpe diem","potentialAction":[{"@type":"SearchAction","target":{"@type":"EntryPoint","urlTemplate":"https:\/\/www.tabakversand.ch\/?s={search_term_string}"},"query-input":{"@type":"PropertyValueSpecification","valueRequired":true,"valueName":"search_term_string"}}],"inLanguage":"fr-FR"}]}},"_links":{"self":[{"href":"https:\/\/www.tabakversand.ch\/fr\/wp-json\/wp\/v2\/product\/170610","targetHints":{"allow":["GET"]}}],"collection":[{"href":"https:\/\/www.tabakversand.ch\/fr\/wp-json\/wp\/v2\/product"}],"about":[{"href":"https:\/\/www.tabakversand.ch\/fr\/wp-json\/wp\/v2\/types\/product"}],"version-history":[{"count":6,"href":"https:\/\/www.tabakversand.ch\/fr\/wp-json\/wp\/v2\/product\/170610\/revisions"}],"predecessor-version":[{"id":186097,"href":"https:\/\/www.tabakversand.ch\/fr\/wp-json\/wp\/v2\/product\/170610\/revisions\/186097"}],"wp:featuredmedia":[{"embeddable":true,"href":"https:\/\/www.tabakversand.ch\/fr\/wp-json\/wp\/v2\/media\/170614"}],"wp:attachment":[{"href":"https:\/\/www.tabakversand.ch\/fr\/wp-json\/wp\/v2\/media?parent=170610"}],"wp:term":[{"taxonomy":"product_brand","embeddable":true,"href":"https:\/\/www.tabakversand.ch\/fr\/wp-json\/wp\/v2\/product_brand?post=170610"},{"taxonomy":"product_cat","embeddable":true,"href":"https:\/\/www.tabakversand.ch\/fr\/wp-json\/wp\/v2\/product_cat?post=170610"},{"taxonomy":"product_tag","embeddable":true,"href":"https:\/\/www.tabakversand.ch\/fr\/wp-json\/wp\/v2\/product_tag?post=170610"}],"curies":[{"name":"wp","href":"https:\/\/api.w.org\/{rel}","templated":true}]}}