{"id":170659,"date":"2025-02-15T11:57:26","date_gmt":"2025-02-15T10:57:26","guid":{"rendered":"https:\/\/www.tabakversand.ch\/?post_type=product&#038;p=170659"},"modified":"2026-01-22T08:57:38","modified_gmt":"2026-01-22T07:57:38","slug":"fumer-brown-king-size-et-filtres","status":"publish","type":"product","link":"https:\/\/www.tabakversand.ch\/fr\/produit\/fumer-brown-king-size-et-filtres\/","title":{"rendered":"Fumer Brown King Size et filtres"},"content":{"rendered":"<p>Fumer Brown King Size et filtres<\/p>\n<p>Feuilles de papier \u00e0 cigarettes 24 x 33 feuilles + filtres<\/p>\n<p>Non blanchi, sans chlore, ultra fin et \u00e0 combustion lente.<br \/>\n Fabriqu\u00e9 \u00e0 partir de papier de riz non blanchi et avec une bande adh\u00e9sive en \u00ab gomme naturelle \u00bb sans aucun additif chimique. M\u00eame avec une l\u00e9g\u00e8re humidification, les PAPIERS NON BLANCHIS SMOKING BROWN collent de mani\u00e8re tr\u00e8s fiable.<br \/>\n Chaque \u00ab Papier \u00bb SMOKING est muni d&rsquo;un filigrane individuel et les deux mat\u00e9riaux diff\u00e9rents utilis\u00e9s (chanvre et riz) permettent de le distinguer facilement. <\/p>\n<p>Propri\u00e9t\u00e9s:<\/p>\n<p>Mati\u00e8re : Riz<\/p>\n<p>Longueur : 110 mm<\/p>\n<p>Largeur: 44mm<\/p>\n<p>couleur marron<\/p>\n<p>Tous les prix s&rsquo;appliquent uniquement aux commandes en ligne et incluent la TVA. Sous r\u00e9serve de modifications sans pr\u00e9avis, frais de livraison en sus. Sous r\u00e9serve d&rsquo;erreurs, de modifications de contenu de livraison et de conception, de fautes d&rsquo;impression et de modifications de prix. Les prix barr\u00e9s sont des prix de remplacement. Les illustrations peuvent diff\u00e9rer de l&rsquo;original\/du contenu de livraison.<br \/>\n*Livraison gratuite pour les commandes sup\u00e9rieures \u00e0 CHF 250.-.<\/p>\n","protected":false},"excerpt":{"rendered":"<p>Fumer Brown King Size et filtres Feuilles de papier \u00e0 cigarettes 24 x 33 feuilles + filtres Non blanchi, sans chlore, ultra fin et \u00e0 combustion lente. Fabriqu\u00e9 \u00e0 partir de papier de riz non blanchi et avec une bande adh\u00e9sive en \u00ab gomme naturelle \u00bb sans aucun additif chimique. M\u00eame avec une l\u00e9g\u00e8re humidification, [&hellip;]<\/p>\n","protected":false},"featured_media":170663,"template":"","meta":[],"product_brand":[1564],"product_cat":[3263,3219,1961,5184,1995,3231,2014,5194,2015,3227],"product_tag":[],"class_list":{"0":"post-170659","1":"product","2":"type-product","3":"status-publish","4":"has-post-thumbnail","6":"product_brand-gizeh","7":"product_cat-article-long","8":"product_cat-boutique-de-tete","9":"product_cat-cigarettes-self-made-fr-2","10":"product_cat-conseils-de-filtre","11":"product_cat-divers-headshop","12":"product_cat-filtre","13":"product_cat-filtres-a-cigarettes","14":"product_cat-longpaper","15":"product_cat-papier-a-rouler","16":"product_cat-papier-long-et-rouleaux","18":"first","19":"instock","20":"purchasable","21":"product-type-simple"},"yoast_head":"<!-- This site is optimized with the Yoast SEO plugin v27.0 - https:\/\/yoast.com\/product\/yoast-seo-wordpress\/ -->\n<title>Fumer Brown King Size et filtres - Tabakversand.ch | Alles aus der Welt des Tabaks<\/title>\n<meta name=\"description\" content=\"Fumer Brown King Size et filtres | Un tr\u00e8s grand choix de produits du tabac, e-smoke et accessoires fumeurs dans toute la Suisse | Cartes accept\u00e9es !\" \/>\n<meta name=\"robots\" content=\"index, follow, max-snippet:-1, max-image-preview:large, max-video-preview:-1\" \/>\n<link rel=\"canonical\" href=\"https:\/\/www.tabakversand.ch\/produit\/smoking-brown-king-size-und-filter-tips\/\" \/>\n<meta property=\"og:locale\" content=\"fr_FR\" \/>\n<meta property=\"og:type\" content=\"article\" \/>\n<meta property=\"og:title\" content=\"Fumer Brown King Size et filtres - Tabakversand.ch | Alles aus der Welt des Tabaks\" \/>\n<meta property=\"og:description\" content=\"Fumer Brown King Size et filtres | Un tr\u00e8s grand choix de produits du tabac, e-smoke et accessoires fumeurs dans toute la Suisse | Cartes accept\u00e9es !\" \/>\n<meta property=\"og:url\" content=\"https:\/\/www.tabakversand.ch\/produit\/smoking-brown-king-size-und-filter-tips\/\" \/>\n<meta property=\"og:site_name\" content=\"Tabakversand.ch | Alles aus der Welt des Tabaks\" \/>\n<meta property=\"article:modified_time\" content=\"2026-01-22T07:57:38+00:00\" \/>\n<meta property=\"og:image\" content=\"https:\/\/www.tabakversand.ch\/wp-content\/uploads\/2025\/02\/smoking-brown-king-size-filter-tips.jpg\" \/>\n\t<meta property=\"og:image:width\" content=\"500\" \/>\n\t<meta property=\"og:image:height\" content=\"500\" \/>\n\t<meta property=\"og:image:type\" content=\"image\/jpeg\" \/>\n<meta name=\"twitter:card\" content=\"summary_large_image\" \/>\n<meta name=\"twitter:label1\" content=\"Dur\u00e9e de lecture estim\u00e9e\" \/>\n\t<meta name=\"twitter:data1\" content=\"2 minutes\" \/>\n<script type=\"application\/ld+json\" class=\"yoast-schema-graph\">{\"@context\":\"https:\/\/schema.org\",\"@graph\":[{\"@type\":\"WebPage\",\"@id\":\"https:\/\/www.tabakversand.ch\/produit\/smoking-brown-king-size-und-filter-tips\/\",\"url\":\"https:\/\/www.tabakversand.ch\/produit\/smoking-brown-king-size-und-filter-tips\/\",\"name\":\"Fumer Brown King Size et filtres - Tabakversand.ch | Alles aus der Welt des Tabaks\",\"isPartOf\":{\"@id\":\"https:\/\/www.tabakversand.ch\/#website\"},\"primaryImageOfPage\":{\"@id\":\"https:\/\/www.tabakversand.ch\/produit\/smoking-brown-king-size-und-filter-tips\/#primaryimage\"},\"image\":{\"@id\":\"https:\/\/www.tabakversand.ch\/produit\/smoking-brown-king-size-und-filter-tips\/#primaryimage\"},\"thumbnailUrl\":\"https:\/\/www.tabakversand.ch\/wp-content\/uploads\/2025\/02\/smoking-brown-king-size-filter-tips.jpg\",\"datePublished\":\"2025-02-15T10:57:26+00:00\",\"dateModified\":\"2026-01-22T07:57:38+00:00\",\"description\":\"Fumer Brown King Size et filtres | Un tr\u00e8s grand choix de produits du tabac, e-smoke et accessoires fumeurs dans toute la Suisse | Cartes accept\u00e9es !\",\"breadcrumb\":{\"@id\":\"https:\/\/www.tabakversand.ch\/produit\/smoking-brown-king-size-und-filter-tips\/#breadcrumb\"},\"inLanguage\":\"fr-FR\",\"potentialAction\":[{\"@type\":\"ReadAction\",\"target\":[\"https:\/\/www.tabakversand.ch\/produit\/smoking-brown-king-size-und-filter-tips\/\"]}]},{\"@type\":\"ImageObject\",\"inLanguage\":\"fr-FR\",\"@id\":\"https:\/\/www.tabakversand.ch\/produit\/smoking-brown-king-size-und-filter-tips\/#primaryimage\",\"url\":\"https:\/\/www.tabakversand.ch\/wp-content\/uploads\/2025\/02\/smoking-brown-king-size-filter-tips.jpg\",\"contentUrl\":\"https:\/\/www.tabakversand.ch\/wp-content\/uploads\/2025\/02\/smoking-brown-king-size-filter-tips.jpg\",\"width\":500,\"height\":500,\"caption\":\"Conseils pour fumer du tabac brun King Size et des filtres | Tabakversand.ch\"},{\"@type\":\"BreadcrumbList\",\"@id\":\"https:\/\/www.tabakversand.ch\/produit\/smoking-brown-king-size-und-filter-tips\/#breadcrumb\",\"itemListElement\":[{\"@type\":\"ListItem\",\"position\":1,\"name\":\"Startseite\",\"item\":\"https:\/\/www.tabakversand.ch\/\"},{\"@type\":\"ListItem\",\"position\":2,\"name\":\"Boutique\",\"item\":\"https:\/\/www.tabakversand.ch\/fr\/boutique\/\"},{\"@type\":\"ListItem\",\"position\":3,\"name\":\"Fumer Brown King Size et filtres\"}]},{\"@type\":\"WebSite\",\"@id\":\"https:\/\/www.tabakversand.ch\/#website\",\"url\":\"https:\/\/www.tabakversand.ch\/\",\"name\":\"Tabakversand.ch | Alles aus der Welt des Tabaks\",\"description\":\"Smoke and carpe diem\",\"potentialAction\":[{\"@type\":\"SearchAction\",\"target\":{\"@type\":\"EntryPoint\",\"urlTemplate\":\"https:\/\/www.tabakversand.ch\/?s={search_term_string}\"},\"query-input\":{\"@type\":\"PropertyValueSpecification\",\"valueRequired\":true,\"valueName\":\"search_term_string\"}}],\"inLanguage\":\"fr-FR\"}]}<\/script>\n<!-- \/ Yoast SEO plugin. -->","yoast_head_json":{"title":"Fumer Brown King Size et filtres - Tabakversand.ch | Alles aus der Welt des Tabaks","description":"Fumer Brown King Size et filtres | Un tr\u00e8s grand choix de produits du tabac, e-smoke et accessoires fumeurs dans toute la Suisse | Cartes accept\u00e9es !","robots":{"index":"index","follow":"follow","max-snippet":"max-snippet:-1","max-image-preview":"max-image-preview:large","max-video-preview":"max-video-preview:-1"},"canonical":"https:\/\/www.tabakversand.ch\/produit\/smoking-brown-king-size-und-filter-tips\/","og_locale":"fr_FR","og_type":"article","og_title":"Fumer Brown King Size et filtres - Tabakversand.ch | Alles aus der Welt des Tabaks","og_description":"Fumer Brown King Size et filtres | Un tr\u00e8s grand choix de produits du tabac, e-smoke et accessoires fumeurs dans toute la Suisse | Cartes accept\u00e9es !","og_url":"https:\/\/www.tabakversand.ch\/produit\/smoking-brown-king-size-und-filter-tips\/","og_site_name":"Tabakversand.ch | Alles aus der Welt des Tabaks","article_modified_time":"2026-01-22T07:57:38+00:00","og_image":[{"width":500,"height":500,"url":"https:\/\/www.tabakversand.ch\/wp-content\/uploads\/2025\/02\/smoking-brown-king-size-filter-tips.jpg","type":"image\/jpeg"}],"twitter_card":"summary_large_image","twitter_misc":{"Dur\u00e9e de lecture estim\u00e9e":"2 minutes"},"schema":{"@context":"https:\/\/schema.org","@graph":[{"@type":"WebPage","@id":"https:\/\/www.tabakversand.ch\/produit\/smoking-brown-king-size-und-filter-tips\/","url":"https:\/\/www.tabakversand.ch\/produit\/smoking-brown-king-size-und-filter-tips\/","name":"Fumer Brown King Size et filtres - Tabakversand.ch | Alles aus der Welt des Tabaks","isPartOf":{"@id":"https:\/\/www.tabakversand.ch\/#website"},"primaryImageOfPage":{"@id":"https:\/\/www.tabakversand.ch\/produit\/smoking-brown-king-size-und-filter-tips\/#primaryimage"},"image":{"@id":"https:\/\/www.tabakversand.ch\/produit\/smoking-brown-king-size-und-filter-tips\/#primaryimage"},"thumbnailUrl":"https:\/\/www.tabakversand.ch\/wp-content\/uploads\/2025\/02\/smoking-brown-king-size-filter-tips.jpg","datePublished":"2025-02-15T10:57:26+00:00","dateModified":"2026-01-22T07:57:38+00:00","description":"Fumer Brown King Size et filtres | Un tr\u00e8s grand choix de produits du tabac, e-smoke et accessoires fumeurs dans toute la Suisse | Cartes accept\u00e9es !","breadcrumb":{"@id":"https:\/\/www.tabakversand.ch\/produit\/smoking-brown-king-size-und-filter-tips\/#breadcrumb"},"inLanguage":"fr-FR","potentialAction":[{"@type":"ReadAction","target":["https:\/\/www.tabakversand.ch\/produit\/smoking-brown-king-size-und-filter-tips\/"]}]},{"@type":"ImageObject","inLanguage":"fr-FR","@id":"https:\/\/www.tabakversand.ch\/produit\/smoking-brown-king-size-und-filter-tips\/#primaryimage","url":"https:\/\/www.tabakversand.ch\/wp-content\/uploads\/2025\/02\/smoking-brown-king-size-filter-tips.jpg","contentUrl":"https:\/\/www.tabakversand.ch\/wp-content\/uploads\/2025\/02\/smoking-brown-king-size-filter-tips.jpg","width":500,"height":500,"caption":"Conseils pour fumer du tabac brun King Size et des filtres | Tabakversand.ch"},{"@type":"BreadcrumbList","@id":"https:\/\/www.tabakversand.ch\/produit\/smoking-brown-king-size-und-filter-tips\/#breadcrumb","itemListElement":[{"@type":"ListItem","position":1,"name":"Startseite","item":"https:\/\/www.tabakversand.ch\/"},{"@type":"ListItem","position":2,"name":"Boutique","item":"https:\/\/www.tabakversand.ch\/fr\/boutique\/"},{"@type":"ListItem","position":3,"name":"Fumer Brown King Size et filtres"}]},{"@type":"WebSite","@id":"https:\/\/www.tabakversand.ch\/#website","url":"https:\/\/www.tabakversand.ch\/","name":"Tabakversand.ch | Alles aus der Welt des Tabaks","description":"Smoke and carpe diem","potentialAction":[{"@type":"SearchAction","target":{"@type":"EntryPoint","urlTemplate":"https:\/\/www.tabakversand.ch\/?s={search_term_string}"},"query-input":{"@type":"PropertyValueSpecification","valueRequired":true,"valueName":"search_term_string"}}],"inLanguage":"fr-FR"}]}},"_links":{"self":[{"href":"https:\/\/www.tabakversand.ch\/fr\/wp-json\/wp\/v2\/product\/170659","targetHints":{"allow":["GET"]}}],"collection":[{"href":"https:\/\/www.tabakversand.ch\/fr\/wp-json\/wp\/v2\/product"}],"about":[{"href":"https:\/\/www.tabakversand.ch\/fr\/wp-json\/wp\/v2\/types\/product"}],"version-history":[{"count":4,"href":"https:\/\/www.tabakversand.ch\/fr\/wp-json\/wp\/v2\/product\/170659\/revisions"}],"predecessor-version":[{"id":209581,"href":"https:\/\/www.tabakversand.ch\/fr\/wp-json\/wp\/v2\/product\/170659\/revisions\/209581"}],"wp:featuredmedia":[{"embeddable":true,"href":"https:\/\/www.tabakversand.ch\/fr\/wp-json\/wp\/v2\/media\/170663"}],"wp:attachment":[{"href":"https:\/\/www.tabakversand.ch\/fr\/wp-json\/wp\/v2\/media?parent=170659"}],"wp:term":[{"taxonomy":"product_brand","embeddable":true,"href":"https:\/\/www.tabakversand.ch\/fr\/wp-json\/wp\/v2\/product_brand?post=170659"},{"taxonomy":"product_cat","embeddable":true,"href":"https:\/\/www.tabakversand.ch\/fr\/wp-json\/wp\/v2\/product_cat?post=170659"},{"taxonomy":"product_tag","embeddable":true,"href":"https:\/\/www.tabakversand.ch\/fr\/wp-json\/wp\/v2\/product_tag?post=170659"}],"curies":[{"name":"wp","href":"https:\/\/api.w.org\/{rel}","templated":true}]}}