{"id":172695,"date":"2025-02-22T10:46:27","date_gmt":"2025-02-22T09:46:27","guid":{"rendered":"https:\/\/www.tabakversand.ch\/?post_type=product&#038;p=172695"},"modified":"2026-03-05T14:02:08","modified_gmt":"2026-03-05T13:02:08","slug":"tabac-a-chicha-adalya-hawaii-50-gr","status":"publish","type":"product","link":"https:\/\/www.tabakversand.ch\/fr\/produit\/tabac-a-chicha-adalya-hawaii-50-gr\/","title":{"rendered":"Tabac \u00e0 chicha Adalya Hawaii 50 gr"},"content":{"rendered":"<p>Adalya Hawa\u00ef<\/p>\n<p>D\u00e9lice aux fruits exotiques<\/p>\n<p>Avec le tabac \u00e0 chicha Adalya Hawaii, embarquez pour un voyage gustatif sous les tropiques. Son m\u00e9lange harmonieux de fruits exotiques, de p\u00eache juteuse et d&rsquo;ananas sucr\u00e9 cr\u00e9e un ar\u00f4me fruit\u00e9 intense qui transforme chaque session en un moment unique. <\/p>\n<p>Cette combinaison exotique offre une exp\u00e9rience gustative fra\u00eeche, douce et \u00e9quilibr\u00e9e, qui ravira aussi bien les novices que les amateurs de narguil\u00e9 confirm\u00e9s. Le tabac est un tabac Virginie de haute qualit\u00e9, finement coup\u00e9 et suffisamment humide pour garantir une fum\u00e9e dense. <\/p>\n<p>Que ce soit pour des soir\u00e9es relaxantes \u00e0 deux ou des s\u00e9ances conviviales de chicha entre amis, Adalya Hawaii offre une fra\u00eecheur tropicale et un plaisir intense.<\/p>\n<p>1 x 50 gr.<\/p>\n<p>Chez tabakversand.ch, vous recevez le tabac \u00e0 chicha Adalya Hawaii fra\u00eechement conserv\u00e9 dans son emballage d&rsquo;origine. Un stockage soign\u00e9 garantit une pr\u00e9servation optimale de son ar\u00f4me, de son humidit\u00e9 et de sa qualit\u00e9 jusqu&rsquo;\u00e0 l&rsquo;exp\u00e9dition. Gr\u00e2ce \u00e0 une livraison rapide en Suisse, votre tabac \u00e0 chicha arrive g\u00e9n\u00e9ralement tr\u00e8s vite.  <\/p>\n<p>Pour plus d&rsquo;informations sur les narguil\u00e9s\/pipes \u00e0 eau, veuillez consulter l&rsquo;article Wikip\u00e9dia correspondant&nbsp;: <a href=\"https:\/\/de.wikipedia.org\/wiki\/Shisha\">cliquez ici<\/a> . Si vous avez des questions concernant le produit, n&rsquo;h\u00e9sitez pas \u00e0 nous contacter&nbsp;: <a href=\"https:\/\/www.tabakversand.ch\/kontakt\/\">cliquez ici<\/a> . <\/p>\n<p>Tous les prix s&rsquo;appliquent uniquement aux commandes en ligne et incluent la TVA. Sous r\u00e9serve de modifications sans pr\u00e9avis, frais de livraison en sus. Sous r\u00e9serve d&rsquo;erreurs, de modifications de contenu de livraison et de conception, de fautes d&rsquo;impression et de modifications de prix. Les prix barr\u00e9s sont des prix de remplacement. Les illustrations peuvent diff\u00e9rer de l&rsquo;original\/du contenu de livraison.<br \/>\n*Livraison gratuite pour les commandes sup\u00e9rieures \u00e0 CHF 250.-.<\/p>\n","protected":false},"excerpt":{"rendered":"<p>Adalya Hawa\u00ef D\u00e9lice aux fruits exotiques Avec le tabac \u00e0 chicha Adalya Hawaii, embarquez pour un voyage gustatif sous les tropiques. Son m\u00e9lange harmonieux de fruits exotiques, de p\u00eache juteuse et d&rsquo;ananas sucr\u00e9 cr\u00e9e un ar\u00f4me fruit\u00e9 intense qui transforme chaque session en un moment unique. Cette combinaison exotique offre une exp\u00e9rience gustative fra\u00eeche, douce [&hellip;]<\/p>\n","protected":false},"featured_media":63779,"template":"","meta":[],"product_brand":[1793],"product_cat":[2080,2077,1995,1891,3208,1880,1888,1883],"product_tag":[],"class_list":{"0":"post-172695","1":"product","2":"type-product","3":"status-publish","4":"has-post-thumbnail","6":"product_brand-adalya-tobacco","7":"product_cat-adalya-fr","8":"product_cat-adalya-shishatabak-fr","9":"product_cat-divers-headshop","10":"product_cat-narguile","11":"product_cat-offres","12":"product_cat-shishatabak-fr","13":"product_cat-tabac","14":"product_cat-tabac-de-narguile-tabac-de-narguile","16":"first","17":"instock","18":"sale","19":"purchasable","20":"product-type-simple"},"yoast_head":"<!-- This site is optimized with the Yoast SEO plugin v27.0 - https:\/\/yoast.com\/product\/yoast-seo-wordpress\/ -->\n<title>Tabac \u00e0 chicha Adalya Hawaii 50 gr - Tabakversand.ch | Alles aus der Welt des Tabaks<\/title>\n<meta name=\"description\" content=\"Achetez le tabac \u00e0 chicha Adalya Hawaii \u2013 un m\u00e9lange exotique de fruits tropicaux pour une saveur intense et une fum\u00e9e dense. D\u00e9couvrez-le en ligne d\u00e8s maintenant\u00a0!\" \/>\n<meta name=\"robots\" content=\"index, follow, max-snippet:-1, max-image-preview:large, max-video-preview:-1\" \/>\n<link rel=\"canonical\" href=\"https:\/\/www.tabakversand.ch\/fr\/produit\/tabac-a-chicha-adalya-hawaii-50-gr\/\" \/>\n<meta property=\"og:locale\" content=\"fr_FR\" \/>\n<meta property=\"og:type\" content=\"article\" \/>\n<meta property=\"og:title\" content=\"Tabac \u00e0 chicha Adalya Hawaii 50 gr - Tabakversand.ch | Alles aus der Welt des Tabaks\" \/>\n<meta property=\"og:description\" content=\"Achetez le tabac \u00e0 chicha Adalya Hawaii \u2013 un m\u00e9lange exotique de fruits tropicaux pour une saveur intense et une fum\u00e9e dense. D\u00e9couvrez-le en ligne d\u00e8s maintenant\u00a0!\" \/>\n<meta property=\"og:url\" content=\"https:\/\/www.tabakversand.ch\/fr\/produit\/tabac-a-chicha-adalya-hawaii-50-gr\/\" \/>\n<meta property=\"og:site_name\" content=\"Tabakversand.ch | Alles aus der Welt des Tabaks\" \/>\n<meta property=\"article:modified_time\" content=\"2026-03-05T13:02:08+00:00\" \/>\n<meta property=\"og:image\" content=\"https:\/\/www.tabakversand.ch\/wp-content\/uploads\/2022\/03\/adalya-hawaii-50.jpg\" \/>\n\t<meta property=\"og:image:width\" content=\"500\" \/>\n\t<meta property=\"og:image:height\" content=\"346\" \/>\n\t<meta property=\"og:image:type\" content=\"image\/jpeg\" \/>\n<meta name=\"twitter:card\" content=\"summary_large_image\" \/>\n<meta name=\"twitter:label1\" content=\"Dur\u00e9e de lecture estim\u00e9e\" \/>\n\t<meta name=\"twitter:data1\" content=\"1 minute\" \/>\n<script type=\"application\/ld+json\" class=\"yoast-schema-graph\">{\"@context\":\"https:\/\/schema.org\",\"@graph\":[{\"@type\":\"WebPage\",\"@id\":\"https:\/\/www.tabakversand.ch\/fr\/produit\/tabac-a-chicha-adalya-hawaii-50-gr\/\",\"url\":\"https:\/\/www.tabakversand.ch\/fr\/produit\/tabac-a-chicha-adalya-hawaii-50-gr\/\",\"name\":\"Tabac \u00e0 chicha Adalya Hawaii 50 gr - Tabakversand.ch | Alles aus der Welt des Tabaks\",\"isPartOf\":{\"@id\":\"https:\/\/www.tabakversand.ch\/#website\"},\"primaryImageOfPage\":{\"@id\":\"https:\/\/www.tabakversand.ch\/fr\/produit\/tabac-a-chicha-adalya-hawaii-50-gr\/#primaryimage\"},\"image\":{\"@id\":\"https:\/\/www.tabakversand.ch\/fr\/produit\/tabac-a-chicha-adalya-hawaii-50-gr\/#primaryimage\"},\"thumbnailUrl\":\"https:\/\/www.tabakversand.ch\/wp-content\/uploads\/2022\/03\/adalya-hawaii-50.jpg\",\"datePublished\":\"2025-02-22T09:46:27+00:00\",\"dateModified\":\"2026-03-05T13:02:08+00:00\",\"description\":\"Achetez le tabac \u00e0 chicha Adalya Hawaii \u2013 un m\u00e9lange exotique de fruits tropicaux pour une saveur intense et une fum\u00e9e dense. D\u00e9couvrez-le en ligne d\u00e8s maintenant\u00a0!\",\"breadcrumb\":{\"@id\":\"https:\/\/www.tabakversand.ch\/fr\/produit\/tabac-a-chicha-adalya-hawaii-50-gr\/#breadcrumb\"},\"inLanguage\":\"fr-FR\",\"potentialAction\":[{\"@type\":\"ReadAction\",\"target\":[\"https:\/\/www.tabakversand.ch\/fr\/produit\/tabac-a-chicha-adalya-hawaii-50-gr\/\"]}]},{\"@type\":\"ImageObject\",\"inLanguage\":\"fr-FR\",\"@id\":\"https:\/\/www.tabakversand.ch\/fr\/produit\/tabac-a-chicha-adalya-hawaii-50-gr\/#primaryimage\",\"url\":\"https:\/\/www.tabakversand.ch\/wp-content\/uploads\/2022\/03\/adalya-hawaii-50.jpg\",\"contentUrl\":\"https:\/\/www.tabakversand.ch\/wp-content\/uploads\/2022\/03\/adalya-hawaii-50.jpg\",\"width\":500,\"height\":346,\"caption\":\"Adalya Hawaii 50 gr. Shishatabak\"},{\"@type\":\"BreadcrumbList\",\"@id\":\"https:\/\/www.tabakversand.ch\/fr\/produit\/tabac-a-chicha-adalya-hawaii-50-gr\/#breadcrumb\",\"itemListElement\":[{\"@type\":\"ListItem\",\"position\":1,\"name\":\"Startseite\",\"item\":\"https:\/\/www.tabakversand.ch\/\"},{\"@type\":\"ListItem\",\"position\":2,\"name\":\"Boutique\",\"item\":\"https:\/\/www.tabakversand.ch\/fr\/boutique\/\"},{\"@type\":\"ListItem\",\"position\":3,\"name\":\"Tabac \u00e0 chicha Adalya Hawaii 50 gr\"}]},{\"@type\":\"WebSite\",\"@id\":\"https:\/\/www.tabakversand.ch\/#website\",\"url\":\"https:\/\/www.tabakversand.ch\/\",\"name\":\"Tabakversand.ch | Alles aus der Welt des Tabaks\",\"description\":\"Smoke and carpe diem\",\"potentialAction\":[{\"@type\":\"SearchAction\",\"target\":{\"@type\":\"EntryPoint\",\"urlTemplate\":\"https:\/\/www.tabakversand.ch\/?s={search_term_string}\"},\"query-input\":{\"@type\":\"PropertyValueSpecification\",\"valueRequired\":true,\"valueName\":\"search_term_string\"}}],\"inLanguage\":\"fr-FR\"}]}<\/script>\n<!-- \/ Yoast SEO plugin. -->","yoast_head_json":{"title":"Tabac \u00e0 chicha Adalya Hawaii 50 gr - Tabakversand.ch | Alles aus der Welt des Tabaks","description":"Achetez le tabac \u00e0 chicha Adalya Hawaii \u2013 un m\u00e9lange exotique de fruits tropicaux pour une saveur intense et une fum\u00e9e dense. D\u00e9couvrez-le en ligne d\u00e8s maintenant\u00a0!","robots":{"index":"index","follow":"follow","max-snippet":"max-snippet:-1","max-image-preview":"max-image-preview:large","max-video-preview":"max-video-preview:-1"},"canonical":"https:\/\/www.tabakversand.ch\/fr\/produit\/tabac-a-chicha-adalya-hawaii-50-gr\/","og_locale":"fr_FR","og_type":"article","og_title":"Tabac \u00e0 chicha Adalya Hawaii 50 gr - Tabakversand.ch | Alles aus der Welt des Tabaks","og_description":"Achetez le tabac \u00e0 chicha Adalya Hawaii \u2013 un m\u00e9lange exotique de fruits tropicaux pour une saveur intense et une fum\u00e9e dense. D\u00e9couvrez-le en ligne d\u00e8s maintenant\u00a0!","og_url":"https:\/\/www.tabakversand.ch\/fr\/produit\/tabac-a-chicha-adalya-hawaii-50-gr\/","og_site_name":"Tabakversand.ch | Alles aus der Welt des Tabaks","article_modified_time":"2026-03-05T13:02:08+00:00","og_image":[{"width":500,"height":346,"url":"https:\/\/www.tabakversand.ch\/wp-content\/uploads\/2022\/03\/adalya-hawaii-50.jpg","type":"image\/jpeg"}],"twitter_card":"summary_large_image","twitter_misc":{"Dur\u00e9e de lecture estim\u00e9e":"1 minute"},"schema":{"@context":"https:\/\/schema.org","@graph":[{"@type":"WebPage","@id":"https:\/\/www.tabakversand.ch\/fr\/produit\/tabac-a-chicha-adalya-hawaii-50-gr\/","url":"https:\/\/www.tabakversand.ch\/fr\/produit\/tabac-a-chicha-adalya-hawaii-50-gr\/","name":"Tabac \u00e0 chicha Adalya Hawaii 50 gr - Tabakversand.ch | Alles aus der Welt des Tabaks","isPartOf":{"@id":"https:\/\/www.tabakversand.ch\/#website"},"primaryImageOfPage":{"@id":"https:\/\/www.tabakversand.ch\/fr\/produit\/tabac-a-chicha-adalya-hawaii-50-gr\/#primaryimage"},"image":{"@id":"https:\/\/www.tabakversand.ch\/fr\/produit\/tabac-a-chicha-adalya-hawaii-50-gr\/#primaryimage"},"thumbnailUrl":"https:\/\/www.tabakversand.ch\/wp-content\/uploads\/2022\/03\/adalya-hawaii-50.jpg","datePublished":"2025-02-22T09:46:27+00:00","dateModified":"2026-03-05T13:02:08+00:00","description":"Achetez le tabac \u00e0 chicha Adalya Hawaii \u2013 un m\u00e9lange exotique de fruits tropicaux pour une saveur intense et une fum\u00e9e dense. D\u00e9couvrez-le en ligne d\u00e8s maintenant\u00a0!","breadcrumb":{"@id":"https:\/\/www.tabakversand.ch\/fr\/produit\/tabac-a-chicha-adalya-hawaii-50-gr\/#breadcrumb"},"inLanguage":"fr-FR","potentialAction":[{"@type":"ReadAction","target":["https:\/\/www.tabakversand.ch\/fr\/produit\/tabac-a-chicha-adalya-hawaii-50-gr\/"]}]},{"@type":"ImageObject","inLanguage":"fr-FR","@id":"https:\/\/www.tabakversand.ch\/fr\/produit\/tabac-a-chicha-adalya-hawaii-50-gr\/#primaryimage","url":"https:\/\/www.tabakversand.ch\/wp-content\/uploads\/2022\/03\/adalya-hawaii-50.jpg","contentUrl":"https:\/\/www.tabakversand.ch\/wp-content\/uploads\/2022\/03\/adalya-hawaii-50.jpg","width":500,"height":346,"caption":"Adalya Hawaii 50 gr. Shishatabak"},{"@type":"BreadcrumbList","@id":"https:\/\/www.tabakversand.ch\/fr\/produit\/tabac-a-chicha-adalya-hawaii-50-gr\/#breadcrumb","itemListElement":[{"@type":"ListItem","position":1,"name":"Startseite","item":"https:\/\/www.tabakversand.ch\/"},{"@type":"ListItem","position":2,"name":"Boutique","item":"https:\/\/www.tabakversand.ch\/fr\/boutique\/"},{"@type":"ListItem","position":3,"name":"Tabac \u00e0 chicha Adalya Hawaii 50 gr"}]},{"@type":"WebSite","@id":"https:\/\/www.tabakversand.ch\/#website","url":"https:\/\/www.tabakversand.ch\/","name":"Tabakversand.ch | Alles aus der Welt des Tabaks","description":"Smoke and carpe diem","potentialAction":[{"@type":"SearchAction","target":{"@type":"EntryPoint","urlTemplate":"https:\/\/www.tabakversand.ch\/?s={search_term_string}"},"query-input":{"@type":"PropertyValueSpecification","valueRequired":true,"valueName":"search_term_string"}}],"inLanguage":"fr-FR"}]}},"_links":{"self":[{"href":"https:\/\/www.tabakversand.ch\/fr\/wp-json\/wp\/v2\/product\/172695","targetHints":{"allow":["GET"]}}],"collection":[{"href":"https:\/\/www.tabakversand.ch\/fr\/wp-json\/wp\/v2\/product"}],"about":[{"href":"https:\/\/www.tabakversand.ch\/fr\/wp-json\/wp\/v2\/types\/product"}],"version-history":[{"count":6,"href":"https:\/\/www.tabakversand.ch\/fr\/wp-json\/wp\/v2\/product\/172695\/revisions"}],"predecessor-version":[{"id":214246,"href":"https:\/\/www.tabakversand.ch\/fr\/wp-json\/wp\/v2\/product\/172695\/revisions\/214246"}],"wp:featuredmedia":[{"embeddable":true,"href":"https:\/\/www.tabakversand.ch\/fr\/wp-json\/wp\/v2\/media\/63779"}],"wp:attachment":[{"href":"https:\/\/www.tabakversand.ch\/fr\/wp-json\/wp\/v2\/media?parent=172695"}],"wp:term":[{"taxonomy":"product_brand","embeddable":true,"href":"https:\/\/www.tabakversand.ch\/fr\/wp-json\/wp\/v2\/product_brand?post=172695"},{"taxonomy":"product_cat","embeddable":true,"href":"https:\/\/www.tabakversand.ch\/fr\/wp-json\/wp\/v2\/product_cat?post=172695"},{"taxonomy":"product_tag","embeddable":true,"href":"https:\/\/www.tabakversand.ch\/fr\/wp-json\/wp\/v2\/product_tag?post=172695"}],"curies":[{"name":"wp","href":"https:\/\/api.w.org\/{rel}","templated":true}]}}