{"id":173799,"date":"2025-02-27T16:03:17","date_gmt":"2025-02-27T15:03:17","guid":{"rendered":"https:\/\/www.tabakversand.ch\/?post_type=product&#038;p=173799"},"modified":"2026-04-09T15:24:39","modified_gmt":"2026-04-09T13:24:39","slug":"cendrier-a-cigarettes-en-ceramique-skully-4-dm-15-kopie","status":"publish","type":"product","link":"https:\/\/www.tabakversand.ch\/fr\/produit\/cendrier-a-cigarettes-en-ceramique-skully-4-dm-15-kopie\/","title":{"rendered":"Cendrier rotatif Angelo Premium noir m\u00e9tallis\u00e9 DM 11"},"content":{"rendered":"<p>Cendrier rotatif Angelo Premium noir m\u00e9tallis\u00e9 DM 11<\/p>\n<p>Diam\u00e8tre : 11 cm<\/p>\n<p>m\u00e9tal<\/p>\n<p>Tous les prix s&rsquo;appliquent uniquement aux commandes en ligne et incluent la TVA. Sous r\u00e9serve de modifications sans pr\u00e9avis, frais de livraison en sus. Sous r\u00e9serve d&rsquo;erreurs, de modifications de contenu de livraison et de conception, de fautes d&rsquo;impression et de modifications de prix. Les prix barr\u00e9s sont des prix de remplacement. Les illustrations peuvent diff\u00e9rer de l&rsquo;original\/du contenu de livraison.<br \/>\n*Livraison gratuite pour les commandes sup\u00e9rieures \u00e0 CHF 250.-.<\/p>\n","protected":false},"excerpt":{"rendered":"<p>Cendrier rotatif Angelo Premium noir m\u00e9tallis\u00e9 DM 11 Diam\u00e8tre : 11 cm m\u00e9tal Tous les prix s&rsquo;appliquent uniquement aux commandes en ligne et incluent la TVA. Sous r\u00e9serve de modifications sans pr\u00e9avis, frais de livraison en sus. Sous r\u00e9serve d&rsquo;erreurs, de modifications de contenu de livraison et de conception, de fautes d&rsquo;impression et de modifications [&hellip;]<\/p>\n","protected":false},"featured_media":173803,"template":"","meta":[],"product_brand":[5765],"product_cat":[2483,3308,3313,1961],"product_tag":[],"class_list":{"0":"post-173799","1":"product","2":"type-product","3":"status-publish","4":"has-post-thumbnail","6":"product_brand-angelo-raucherbedarf","7":"product_cat-accessoires-pour-cigarettes","8":"product_cat-cendrier","9":"product_cat-cendrier-a-fronde","10":"product_cat-cigarettes-self-made-fr-2","12":"first","13":"instock","14":"purchasable","15":"product-type-simple"},"yoast_head":"<!-- This site is optimized with the Yoast SEO plugin v27.5 - https:\/\/yoast.com\/product\/yoast-seo-wordpress\/ -->\n<title>Cendrier rotatif Angelo Premium noir m\u00e9tallis\u00e9 DM 11 - Tabakversand.ch | Alles aus der Welt des Tabaks<\/title>\n<meta name=\"description\" content=\"Cendrier fronde Angelo premium noir m\u00e9tallis\u00e9 DM 11 | Un large choix de produits du tabac, de cigarettes \u00e9lectroniques et d&#039;ustensiles pour fumeurs dans toute la Suisse | Cartes accept\u00e9es !\" \/>\n<meta name=\"robots\" content=\"index, follow, max-snippet:-1, max-image-preview:large, max-video-preview:-1\" \/>\n<link rel=\"canonical\" href=\"https:\/\/www.tabakversand.ch\/fr\/produit\/cendrier-a-cigarettes-en-ceramique-skully-4-dm-15-kopie\/\" \/>\n<meta property=\"og:locale\" content=\"fr_FR\" \/>\n<meta property=\"og:type\" content=\"article\" \/>\n<meta property=\"og:title\" content=\"Cendrier rotatif Angelo Premium noir m\u00e9tallis\u00e9 DM 11 - Tabakversand.ch | Alles aus der Welt des Tabaks\" \/>\n<meta property=\"og:description\" content=\"Cendrier fronde Angelo premium noir m\u00e9tallis\u00e9 DM 11 | Un large choix de produits du tabac, de cigarettes \u00e9lectroniques et d&#039;ustensiles pour fumeurs dans toute la Suisse | Cartes accept\u00e9es !\" \/>\n<meta property=\"og:url\" content=\"https:\/\/www.tabakversand.ch\/fr\/produit\/cendrier-a-cigarettes-en-ceramique-skully-4-dm-15-kopie\/\" \/>\n<meta property=\"og:site_name\" content=\"Tabakversand.ch | Alles aus der Welt des Tabaks\" \/>\n<meta property=\"article:modified_time\" content=\"2026-04-09T13:24:39+00:00\" \/>\n<meta property=\"og:image\" content=\"https:\/\/www.tabakversand.ch\/wp-content\/uploads\/2025\/02\/angelo-schleuderascher-premium-metall-schwarz-metallik-11.jpg\" \/>\n\t<meta property=\"og:image:width\" content=\"501\" \/>\n\t<meta property=\"og:image:height\" content=\"500\" \/>\n\t<meta property=\"og:image:type\" content=\"image\/jpeg\" \/>\n<meta name=\"twitter:card\" content=\"summary_large_image\" \/>\n<meta name=\"twitter:label1\" content=\"Dur\u00e9e de lecture estim\u00e9e\" \/>\n\t<meta name=\"twitter:data1\" content=\"1 minute\" \/>\n<script type=\"application\/ld+json\" class=\"yoast-schema-graph\">{\"@context\":\"https:\\\/\\\/schema.org\",\"@graph\":[{\"@type\":\"WebPage\",\"@id\":\"https:\\\/\\\/www.tabakversand.ch\\\/fr\\\/produit\\\/cendrier-a-cigarettes-en-ceramique-skully-4-dm-15-kopie\\\/\",\"url\":\"https:\\\/\\\/www.tabakversand.ch\\\/fr\\\/produit\\\/cendrier-a-cigarettes-en-ceramique-skully-4-dm-15-kopie\\\/\",\"name\":\"Cendrier rotatif Angelo Premium noir m\u00e9tallis\u00e9 DM 11 - Tabakversand.ch | Alles aus der Welt des Tabaks\",\"isPartOf\":{\"@id\":\"https:\\\/\\\/www.tabakversand.ch\\\/#website\"},\"primaryImageOfPage\":{\"@id\":\"https:\\\/\\\/www.tabakversand.ch\\\/fr\\\/produit\\\/cendrier-a-cigarettes-en-ceramique-skully-4-dm-15-kopie\\\/#primaryimage\"},\"image\":{\"@id\":\"https:\\\/\\\/www.tabakversand.ch\\\/fr\\\/produit\\\/cendrier-a-cigarettes-en-ceramique-skully-4-dm-15-kopie\\\/#primaryimage\"},\"thumbnailUrl\":\"https:\\\/\\\/www.tabakversand.ch\\\/wp-content\\\/uploads\\\/2025\\\/02\\\/angelo-schleuderascher-premium-metall-schwarz-metallik-11.jpg\",\"datePublished\":\"2025-02-27T15:03:17+00:00\",\"dateModified\":\"2026-04-09T13:24:39+00:00\",\"description\":\"Cendrier fronde Angelo premium noir m\u00e9tallis\u00e9 DM 11 | Un large choix de produits du tabac, de cigarettes \u00e9lectroniques et d'ustensiles pour fumeurs dans toute la Suisse | Cartes accept\u00e9es !\",\"breadcrumb\":{\"@id\":\"https:\\\/\\\/www.tabakversand.ch\\\/fr\\\/produit\\\/cendrier-a-cigarettes-en-ceramique-skully-4-dm-15-kopie\\\/#breadcrumb\"},\"inLanguage\":\"fr-FR\",\"potentialAction\":[{\"@type\":\"ReadAction\",\"target\":[\"https:\\\/\\\/www.tabakversand.ch\\\/fr\\\/produit\\\/cendrier-a-cigarettes-en-ceramique-skully-4-dm-15-kopie\\\/\"]}]},{\"@type\":\"ImageObject\",\"inLanguage\":\"fr-FR\",\"@id\":\"https:\\\/\\\/www.tabakversand.ch\\\/fr\\\/produit\\\/cendrier-a-cigarettes-en-ceramique-skully-4-dm-15-kopie\\\/#primaryimage\",\"url\":\"https:\\\/\\\/www.tabakversand.ch\\\/wp-content\\\/uploads\\\/2025\\\/02\\\/angelo-schleuderascher-premium-metall-schwarz-metallik-11.jpg\",\"contentUrl\":\"https:\\\/\\\/www.tabakversand.ch\\\/wp-content\\\/uploads\\\/2025\\\/02\\\/angelo-schleuderascher-premium-metall-schwarz-metallik-11.jpg\",\"width\":501,\"height\":500,\"caption\":\"Cendrier rotatif Angelo Premium noir m\u00e9tallis\u00e9 DM 11 | Tabakversand.ch\"},{\"@type\":\"BreadcrumbList\",\"@id\":\"https:\\\/\\\/www.tabakversand.ch\\\/fr\\\/produit\\\/cendrier-a-cigarettes-en-ceramique-skully-4-dm-15-kopie\\\/#breadcrumb\",\"itemListElement\":[{\"@type\":\"ListItem\",\"position\":1,\"name\":\"Startseite\",\"item\":\"https:\\\/\\\/www.tabakversand.ch\\\/\"},{\"@type\":\"ListItem\",\"position\":2,\"name\":\"Boutique\",\"item\":\"https:\\\/\\\/www.tabakversand.ch\\\/fr\\\/boutique\\\/\"},{\"@type\":\"ListItem\",\"position\":3,\"name\":\"Cendrier rotatif Angelo Premium noir m\u00e9tallis\u00e9 DM 11\"}]},{\"@type\":\"WebSite\",\"@id\":\"https:\\\/\\\/www.tabakversand.ch\\\/#website\",\"url\":\"https:\\\/\\\/www.tabakversand.ch\\\/\",\"name\":\"Tabakversand.ch | Alles aus der Welt des Tabaks\",\"description\":\"Smoke and carpe diem\",\"potentialAction\":[{\"@type\":\"SearchAction\",\"target\":{\"@type\":\"EntryPoint\",\"urlTemplate\":\"https:\\\/\\\/www.tabakversand.ch\\\/?s={search_term_string}\"},\"query-input\":{\"@type\":\"PropertyValueSpecification\",\"valueRequired\":true,\"valueName\":\"search_term_string\"}}],\"inLanguage\":\"fr-FR\"}]}<\/script>\n<!-- \/ Yoast SEO plugin. -->","yoast_head_json":{"title":"Cendrier rotatif Angelo Premium noir m\u00e9tallis\u00e9 DM 11 - Tabakversand.ch | Alles aus der Welt des Tabaks","description":"Cendrier fronde Angelo premium noir m\u00e9tallis\u00e9 DM 11 | Un large choix de produits du tabac, de cigarettes \u00e9lectroniques et d'ustensiles pour fumeurs dans toute la Suisse | Cartes accept\u00e9es !","robots":{"index":"index","follow":"follow","max-snippet":"max-snippet:-1","max-image-preview":"max-image-preview:large","max-video-preview":"max-video-preview:-1"},"canonical":"https:\/\/www.tabakversand.ch\/fr\/produit\/cendrier-a-cigarettes-en-ceramique-skully-4-dm-15-kopie\/","og_locale":"fr_FR","og_type":"article","og_title":"Cendrier rotatif Angelo Premium noir m\u00e9tallis\u00e9 DM 11 - Tabakversand.ch | Alles aus der Welt des Tabaks","og_description":"Cendrier fronde Angelo premium noir m\u00e9tallis\u00e9 DM 11 | Un large choix de produits du tabac, de cigarettes \u00e9lectroniques et d'ustensiles pour fumeurs dans toute la Suisse | Cartes accept\u00e9es !","og_url":"https:\/\/www.tabakversand.ch\/fr\/produit\/cendrier-a-cigarettes-en-ceramique-skully-4-dm-15-kopie\/","og_site_name":"Tabakversand.ch | Alles aus der Welt des Tabaks","article_modified_time":"2026-04-09T13:24:39+00:00","og_image":[{"width":501,"height":500,"url":"https:\/\/www.tabakversand.ch\/wp-content\/uploads\/2025\/02\/angelo-schleuderascher-premium-metall-schwarz-metallik-11.jpg","type":"image\/jpeg"}],"twitter_card":"summary_large_image","twitter_misc":{"Dur\u00e9e de lecture estim\u00e9e":"1 minute"},"schema":{"@context":"https:\/\/schema.org","@graph":[{"@type":"WebPage","@id":"https:\/\/www.tabakversand.ch\/fr\/produit\/cendrier-a-cigarettes-en-ceramique-skully-4-dm-15-kopie\/","url":"https:\/\/www.tabakversand.ch\/fr\/produit\/cendrier-a-cigarettes-en-ceramique-skully-4-dm-15-kopie\/","name":"Cendrier rotatif Angelo Premium noir m\u00e9tallis\u00e9 DM 11 - Tabakversand.ch | Alles aus der Welt des Tabaks","isPartOf":{"@id":"https:\/\/www.tabakversand.ch\/#website"},"primaryImageOfPage":{"@id":"https:\/\/www.tabakversand.ch\/fr\/produit\/cendrier-a-cigarettes-en-ceramique-skully-4-dm-15-kopie\/#primaryimage"},"image":{"@id":"https:\/\/www.tabakversand.ch\/fr\/produit\/cendrier-a-cigarettes-en-ceramique-skully-4-dm-15-kopie\/#primaryimage"},"thumbnailUrl":"https:\/\/www.tabakversand.ch\/wp-content\/uploads\/2025\/02\/angelo-schleuderascher-premium-metall-schwarz-metallik-11.jpg","datePublished":"2025-02-27T15:03:17+00:00","dateModified":"2026-04-09T13:24:39+00:00","description":"Cendrier fronde Angelo premium noir m\u00e9tallis\u00e9 DM 11 | Un large choix de produits du tabac, de cigarettes \u00e9lectroniques et d'ustensiles pour fumeurs dans toute la Suisse | Cartes accept\u00e9es !","breadcrumb":{"@id":"https:\/\/www.tabakversand.ch\/fr\/produit\/cendrier-a-cigarettes-en-ceramique-skully-4-dm-15-kopie\/#breadcrumb"},"inLanguage":"fr-FR","potentialAction":[{"@type":"ReadAction","target":["https:\/\/www.tabakversand.ch\/fr\/produit\/cendrier-a-cigarettes-en-ceramique-skully-4-dm-15-kopie\/"]}]},{"@type":"ImageObject","inLanguage":"fr-FR","@id":"https:\/\/www.tabakversand.ch\/fr\/produit\/cendrier-a-cigarettes-en-ceramique-skully-4-dm-15-kopie\/#primaryimage","url":"https:\/\/www.tabakversand.ch\/wp-content\/uploads\/2025\/02\/angelo-schleuderascher-premium-metall-schwarz-metallik-11.jpg","contentUrl":"https:\/\/www.tabakversand.ch\/wp-content\/uploads\/2025\/02\/angelo-schleuderascher-premium-metall-schwarz-metallik-11.jpg","width":501,"height":500,"caption":"Cendrier rotatif Angelo Premium noir m\u00e9tallis\u00e9 DM 11 | Tabakversand.ch"},{"@type":"BreadcrumbList","@id":"https:\/\/www.tabakversand.ch\/fr\/produit\/cendrier-a-cigarettes-en-ceramique-skully-4-dm-15-kopie\/#breadcrumb","itemListElement":[{"@type":"ListItem","position":1,"name":"Startseite","item":"https:\/\/www.tabakversand.ch\/"},{"@type":"ListItem","position":2,"name":"Boutique","item":"https:\/\/www.tabakversand.ch\/fr\/boutique\/"},{"@type":"ListItem","position":3,"name":"Cendrier rotatif Angelo Premium noir m\u00e9tallis\u00e9 DM 11"}]},{"@type":"WebSite","@id":"https:\/\/www.tabakversand.ch\/#website","url":"https:\/\/www.tabakversand.ch\/","name":"Tabakversand.ch | Alles aus der Welt des Tabaks","description":"Smoke and carpe diem","potentialAction":[{"@type":"SearchAction","target":{"@type":"EntryPoint","urlTemplate":"https:\/\/www.tabakversand.ch\/?s={search_term_string}"},"query-input":{"@type":"PropertyValueSpecification","valueRequired":true,"valueName":"search_term_string"}}],"inLanguage":"fr-FR"}]}},"_links":{"self":[{"href":"https:\/\/www.tabakversand.ch\/fr\/wp-json\/wp\/v2\/product\/173799","targetHints":{"allow":["GET"]}}],"collection":[{"href":"https:\/\/www.tabakversand.ch\/fr\/wp-json\/wp\/v2\/product"}],"about":[{"href":"https:\/\/www.tabakversand.ch\/fr\/wp-json\/wp\/v2\/types\/product"}],"version-history":[{"count":3,"href":"https:\/\/www.tabakversand.ch\/fr\/wp-json\/wp\/v2\/product\/173799\/revisions"}],"predecessor-version":[{"id":217489,"href":"https:\/\/www.tabakversand.ch\/fr\/wp-json\/wp\/v2\/product\/173799\/revisions\/217489"}],"wp:featuredmedia":[{"embeddable":true,"href":"https:\/\/www.tabakversand.ch\/fr\/wp-json\/wp\/v2\/media\/173803"}],"wp:attachment":[{"href":"https:\/\/www.tabakversand.ch\/fr\/wp-json\/wp\/v2\/media?parent=173799"}],"wp:term":[{"taxonomy":"product_brand","embeddable":true,"href":"https:\/\/www.tabakversand.ch\/fr\/wp-json\/wp\/v2\/product_brand?post=173799"},{"taxonomy":"product_cat","embeddable":true,"href":"https:\/\/www.tabakversand.ch\/fr\/wp-json\/wp\/v2\/product_cat?post=173799"},{"taxonomy":"product_tag","embeddable":true,"href":"https:\/\/www.tabakversand.ch\/fr\/wp-json\/wp\/v2\/product_tag?post=173799"}],"curies":[{"name":"wp","href":"https:\/\/api.w.org\/{rel}","templated":true}]}}