{"id":174606,"date":"2025-03-05T07:59:14","date_gmt":"2025-03-05T06:59:14","guid":{"rendered":"https:\/\/www.tabakversand.ch\/?post_type=product&#038;p=174606"},"modified":"2026-01-15T15:57:24","modified_gmt":"2026-01-15T14:57:24","slug":"koffkain-energy-sniff","status":"publish","type":"product","link":"https:\/\/www.tabakversand.ch\/fr\/produit\/koffkain-energy-sniff\/","title":{"rendered":"Koffkain Energy Sniff"},"content":{"rendered":"<p>Koffkain Energy Sniff<\/p>\n<p>Contenu : 1 g<\/p>\n<p>Informations importantes : Ce produit ne remplace pas le sommeil ni une alimentation \u00e9quilibr\u00e9e. Veuillez consommer de mani\u00e8re responsable, surtout si vous \u00eates sensible \u00e0 la caf\u00e9ine. <\/p>\n<p>Le boost d&rsquo;\u00e9nergie ultime pour le jour et la nuit !<\/p>\n<p>Atteignez vos performances maximales avec KOffKAIN \u2013 le puissant m\u00e9lange qui \u00e9l\u00e8ve l\u2019\u00e9nergie, la concentration et la cr\u00e9ativit\u00e9 \u00e0 un nouveau niveau. Parfait pour les journ\u00e9es intenses, les nuits de beuverie ou les t\u00e2ches difficiles. <\/p>\n<p>Caract\u00e9ristiques du produit :<\/p>\n<p>600 mg de caf\u00e9ine : \u00e9quivalent \u00e0 l\u2019\u00e9nergie de 8 boissons \u00e9nergisantes \u2013 pour des heures de conduite.<\/p>\n<p>Poivre du Sichuan : Donne un coup de fouet revigorant et soutient l\u2019\u00e9nergie cr\u00e9ative.<\/p>\n<p>Taurine &amp; Vitamine B12 : Favorisent l&rsquo;endurance, la concentration et la vitalit\u00e9.<\/p>\n<p>Carbonate de calcium : Favorise des performances physiques optimales.<\/p>\n<p>Pourquoi KOffKAIN?<\/p>\n<p>Mise au point claire comme du cristal : parfait pour un apprentissage intensif ou des t\u00e2ches exigeantes.<\/p>\n<p>Coup de pouce cr\u00e9atif : L\u2019effet revigorant du poivre du Sichuan favorise les id\u00e9es innovantes.<\/p>\n<p>La puissance de la vitamine B12 : pour une endurance et une vitalit\u00e9 accrues.<\/p>\n<p>Boost \u00e9nerg\u00e9tique : Le carbonate de calcium renforce les performances physiques.<\/p>\n<p>Fonctionne en 15 secondes<\/p>\n<p>Dure 2 heures<\/p>\n<p>sans sucre<\/p>\n<p>V\u00e9g\u00e9talien<\/p>\n<p>Ingr\u00e9dients:<\/p>\n<p>Caf\u00e9ine, taurine, vitamine B12, poivre du Sichuan<\/p>\n<p>Tous les prix s&rsquo;appliquent uniquement aux commandes en ligne et incluent la TVA. Sous r\u00e9serve de modifications sans pr\u00e9avis, frais de livraison en sus. Sous r\u00e9serve d&rsquo;erreurs, de modifications de contenu de livraison et de conception, de fautes d&rsquo;impression et de modifications de prix. Les prix barr\u00e9s sont des prix de remplacement. Les illustrations peuvent diff\u00e9rer de l&rsquo;original\/du contenu de livraison.<br \/>\n*Livraison gratuite pour les commandes sup\u00e9rieures \u00e0 CHF 250.-.<\/p>\n","protected":false},"excerpt":{"rendered":"<p>Koffkain Energy Sniff Contenu : 1 g Informations importantes : Ce produit ne remplace pas le sommeil ni une alimentation \u00e9quilibr\u00e9e. Veuillez consommer de mani\u00e8re responsable, surtout si vous \u00eates sensible \u00e0 la caf\u00e9ine. Le boost d&rsquo;\u00e9nergie ultime pour le jour et la nuit ! Atteignez vos performances maximales avec KOffKAIN \u2013 le puissant m\u00e9lange [&hellip;]<\/p>\n","protected":false},"featured_media":174610,"template":"","meta":[],"product_brand":[],"product_cat":[1888,1951,1950],"product_tag":[],"class_list":{"0":"post-174606","1":"product","2":"type-product","3":"status-publish","4":"has-post-thumbnail","6":"product_cat-tabac","7":"product_cat-tabac-a-priser-et-accessoires","8":"product_cat-tabac-a-priser-schnupftabak","10":"first","11":"outofstock","12":"featured","13":"purchasable","14":"product-type-simple"},"yoast_head":"<!-- This site is optimized with the Yoast SEO plugin v27.0 - https:\/\/yoast.com\/product\/yoast-seo-wordpress\/ -->\n<title>Koffkain Energy Sniff - Tabakversand.ch | Alles aus der Welt des Tabaks<\/title>\n<meta name=\"description\" content=\"Koffkain \u00c9nergie Renifle | Un tr\u00e8s grand choix de produits du tabac haut de gamme et d&#039;accessoires pour fumeurs dans toute la Suisse | Cartes accept\u00e9es !\" \/>\n<meta name=\"robots\" content=\"index, follow, max-snippet:-1, max-image-preview:large, max-video-preview:-1\" \/>\n<link rel=\"canonical\" href=\"https:\/\/www.tabakversand.ch\/fr\/produit\/koffkain-energy-sniff\/\" \/>\n<meta property=\"og:locale\" content=\"fr_FR\" \/>\n<meta property=\"og:type\" content=\"article\" \/>\n<meta property=\"og:title\" content=\"Koffkain Energy Sniff - Tabakversand.ch | Alles aus der Welt des Tabaks\" \/>\n<meta property=\"og:description\" content=\"Koffkain \u00c9nergie Renifle | Un tr\u00e8s grand choix de produits du tabac haut de gamme et d&#039;accessoires pour fumeurs dans toute la Suisse | Cartes accept\u00e9es !\" \/>\n<meta property=\"og:url\" content=\"https:\/\/www.tabakversand.ch\/fr\/produit\/koffkain-energy-sniff\/\" \/>\n<meta property=\"og:site_name\" content=\"Tabakversand.ch | Alles aus der Welt des Tabaks\" \/>\n<meta property=\"article:modified_time\" content=\"2026-01-15T14:57:24+00:00\" \/>\n<meta property=\"og:image\" content=\"https:\/\/www.tabakversand.ch\/wp-content\/uploads\/2025\/03\/koffkain-energysnuff.jpg\" \/>\n\t<meta property=\"og:image:width\" content=\"500\" \/>\n\t<meta property=\"og:image:height\" content=\"500\" \/>\n\t<meta property=\"og:image:type\" content=\"image\/jpeg\" \/>\n<meta name=\"twitter:card\" content=\"summary_large_image\" \/>\n<meta name=\"twitter:label1\" content=\"Dur\u00e9e de lecture estim\u00e9e\" \/>\n\t<meta name=\"twitter:data1\" content=\"2 minutes\" \/>\n<script type=\"application\/ld+json\" class=\"yoast-schema-graph\">{\"@context\":\"https:\/\/schema.org\",\"@graph\":[{\"@type\":\"WebPage\",\"@id\":\"https:\/\/www.tabakversand.ch\/fr\/produit\/koffkain-energy-sniff\/\",\"url\":\"https:\/\/www.tabakversand.ch\/fr\/produit\/koffkain-energy-sniff\/\",\"name\":\"Koffkain Energy Sniff - Tabakversand.ch | Alles aus der Welt des Tabaks\",\"isPartOf\":{\"@id\":\"https:\/\/www.tabakversand.ch\/#website\"},\"primaryImageOfPage\":{\"@id\":\"https:\/\/www.tabakversand.ch\/fr\/produit\/koffkain-energy-sniff\/#primaryimage\"},\"image\":{\"@id\":\"https:\/\/www.tabakversand.ch\/fr\/produit\/koffkain-energy-sniff\/#primaryimage\"},\"thumbnailUrl\":\"https:\/\/www.tabakversand.ch\/wp-content\/uploads\/2025\/03\/koffkain-energysnuff.jpg\",\"datePublished\":\"2025-03-05T06:59:14+00:00\",\"dateModified\":\"2026-01-15T14:57:24+00:00\",\"description\":\"Koffkain \u00c9nergie Renifle | Un tr\u00e8s grand choix de produits du tabac haut de gamme et d'accessoires pour fumeurs dans toute la Suisse | Cartes accept\u00e9es !\",\"breadcrumb\":{\"@id\":\"https:\/\/www.tabakversand.ch\/fr\/produit\/koffkain-energy-sniff\/#breadcrumb\"},\"inLanguage\":\"fr-FR\",\"potentialAction\":[{\"@type\":\"ReadAction\",\"target\":[\"https:\/\/www.tabakversand.ch\/fr\/produit\/koffkain-energy-sniff\/\"]}]},{\"@type\":\"ImageObject\",\"inLanguage\":\"fr-FR\",\"@id\":\"https:\/\/www.tabakversand.ch\/fr\/produit\/koffkain-energy-sniff\/#primaryimage\",\"url\":\"https:\/\/www.tabakversand.ch\/wp-content\/uploads\/2025\/03\/koffkain-energysnuff.jpg\",\"contentUrl\":\"https:\/\/www.tabakversand.ch\/wp-content\/uploads\/2025\/03\/koffkain-energysnuff.jpg\",\"width\":500,\"height\":500,\"caption\":\"Koffkain Energy Sniff | Tabakversand.ch\"},{\"@type\":\"BreadcrumbList\",\"@id\":\"https:\/\/www.tabakversand.ch\/fr\/produit\/koffkain-energy-sniff\/#breadcrumb\",\"itemListElement\":[{\"@type\":\"ListItem\",\"position\":1,\"name\":\"Startseite\",\"item\":\"https:\/\/www.tabakversand.ch\/\"},{\"@type\":\"ListItem\",\"position\":2,\"name\":\"Boutique\",\"item\":\"https:\/\/www.tabakversand.ch\/fr\/boutique\/\"},{\"@type\":\"ListItem\",\"position\":3,\"name\":\"Koffkain Energy Sniff\"}]},{\"@type\":\"WebSite\",\"@id\":\"https:\/\/www.tabakversand.ch\/#website\",\"url\":\"https:\/\/www.tabakversand.ch\/\",\"name\":\"Tabakversand.ch | Alles aus der Welt des Tabaks\",\"description\":\"Smoke and carpe diem\",\"potentialAction\":[{\"@type\":\"SearchAction\",\"target\":{\"@type\":\"EntryPoint\",\"urlTemplate\":\"https:\/\/www.tabakversand.ch\/?s={search_term_string}\"},\"query-input\":{\"@type\":\"PropertyValueSpecification\",\"valueRequired\":true,\"valueName\":\"search_term_string\"}}],\"inLanguage\":\"fr-FR\"}]}<\/script>\n<!-- \/ Yoast SEO plugin. -->","yoast_head_json":{"title":"Koffkain Energy Sniff - Tabakversand.ch | Alles aus der Welt des Tabaks","description":"Koffkain \u00c9nergie Renifle | Un tr\u00e8s grand choix de produits du tabac haut de gamme et d'accessoires pour fumeurs dans toute la Suisse | Cartes accept\u00e9es !","robots":{"index":"index","follow":"follow","max-snippet":"max-snippet:-1","max-image-preview":"max-image-preview:large","max-video-preview":"max-video-preview:-1"},"canonical":"https:\/\/www.tabakversand.ch\/fr\/produit\/koffkain-energy-sniff\/","og_locale":"fr_FR","og_type":"article","og_title":"Koffkain Energy Sniff - Tabakversand.ch | Alles aus der Welt des Tabaks","og_description":"Koffkain \u00c9nergie Renifle | Un tr\u00e8s grand choix de produits du tabac haut de gamme et d'accessoires pour fumeurs dans toute la Suisse | Cartes accept\u00e9es !","og_url":"https:\/\/www.tabakversand.ch\/fr\/produit\/koffkain-energy-sniff\/","og_site_name":"Tabakversand.ch | Alles aus der Welt des Tabaks","article_modified_time":"2026-01-15T14:57:24+00:00","og_image":[{"width":500,"height":500,"url":"https:\/\/www.tabakversand.ch\/wp-content\/uploads\/2025\/03\/koffkain-energysnuff.jpg","type":"image\/jpeg"}],"twitter_card":"summary_large_image","twitter_misc":{"Dur\u00e9e de lecture estim\u00e9e":"2 minutes"},"schema":{"@context":"https:\/\/schema.org","@graph":[{"@type":"WebPage","@id":"https:\/\/www.tabakversand.ch\/fr\/produit\/koffkain-energy-sniff\/","url":"https:\/\/www.tabakversand.ch\/fr\/produit\/koffkain-energy-sniff\/","name":"Koffkain Energy Sniff - Tabakversand.ch | Alles aus der Welt des Tabaks","isPartOf":{"@id":"https:\/\/www.tabakversand.ch\/#website"},"primaryImageOfPage":{"@id":"https:\/\/www.tabakversand.ch\/fr\/produit\/koffkain-energy-sniff\/#primaryimage"},"image":{"@id":"https:\/\/www.tabakversand.ch\/fr\/produit\/koffkain-energy-sniff\/#primaryimage"},"thumbnailUrl":"https:\/\/www.tabakversand.ch\/wp-content\/uploads\/2025\/03\/koffkain-energysnuff.jpg","datePublished":"2025-03-05T06:59:14+00:00","dateModified":"2026-01-15T14:57:24+00:00","description":"Koffkain \u00c9nergie Renifle | Un tr\u00e8s grand choix de produits du tabac haut de gamme et d'accessoires pour fumeurs dans toute la Suisse | Cartes accept\u00e9es !","breadcrumb":{"@id":"https:\/\/www.tabakversand.ch\/fr\/produit\/koffkain-energy-sniff\/#breadcrumb"},"inLanguage":"fr-FR","potentialAction":[{"@type":"ReadAction","target":["https:\/\/www.tabakversand.ch\/fr\/produit\/koffkain-energy-sniff\/"]}]},{"@type":"ImageObject","inLanguage":"fr-FR","@id":"https:\/\/www.tabakversand.ch\/fr\/produit\/koffkain-energy-sniff\/#primaryimage","url":"https:\/\/www.tabakversand.ch\/wp-content\/uploads\/2025\/03\/koffkain-energysnuff.jpg","contentUrl":"https:\/\/www.tabakversand.ch\/wp-content\/uploads\/2025\/03\/koffkain-energysnuff.jpg","width":500,"height":500,"caption":"Koffkain Energy Sniff | Tabakversand.ch"},{"@type":"BreadcrumbList","@id":"https:\/\/www.tabakversand.ch\/fr\/produit\/koffkain-energy-sniff\/#breadcrumb","itemListElement":[{"@type":"ListItem","position":1,"name":"Startseite","item":"https:\/\/www.tabakversand.ch\/"},{"@type":"ListItem","position":2,"name":"Boutique","item":"https:\/\/www.tabakversand.ch\/fr\/boutique\/"},{"@type":"ListItem","position":3,"name":"Koffkain Energy Sniff"}]},{"@type":"WebSite","@id":"https:\/\/www.tabakversand.ch\/#website","url":"https:\/\/www.tabakversand.ch\/","name":"Tabakversand.ch | Alles aus der Welt des Tabaks","description":"Smoke and carpe diem","potentialAction":[{"@type":"SearchAction","target":{"@type":"EntryPoint","urlTemplate":"https:\/\/www.tabakversand.ch\/?s={search_term_string}"},"query-input":{"@type":"PropertyValueSpecification","valueRequired":true,"valueName":"search_term_string"}}],"inLanguage":"fr-FR"}]}},"_links":{"self":[{"href":"https:\/\/www.tabakversand.ch\/fr\/wp-json\/wp\/v2\/product\/174606","targetHints":{"allow":["GET"]}}],"collection":[{"href":"https:\/\/www.tabakversand.ch\/fr\/wp-json\/wp\/v2\/product"}],"about":[{"href":"https:\/\/www.tabakversand.ch\/fr\/wp-json\/wp\/v2\/types\/product"}],"version-history":[{"count":5,"href":"https:\/\/www.tabakversand.ch\/fr\/wp-json\/wp\/v2\/product\/174606\/revisions"}],"predecessor-version":[{"id":194197,"href":"https:\/\/www.tabakversand.ch\/fr\/wp-json\/wp\/v2\/product\/174606\/revisions\/194197"}],"wp:featuredmedia":[{"embeddable":true,"href":"https:\/\/www.tabakversand.ch\/fr\/wp-json\/wp\/v2\/media\/174610"}],"wp:attachment":[{"href":"https:\/\/www.tabakversand.ch\/fr\/wp-json\/wp\/v2\/media?parent=174606"}],"wp:term":[{"taxonomy":"product_brand","embeddable":true,"href":"https:\/\/www.tabakversand.ch\/fr\/wp-json\/wp\/v2\/product_brand?post=174606"},{"taxonomy":"product_cat","embeddable":true,"href":"https:\/\/www.tabakversand.ch\/fr\/wp-json\/wp\/v2\/product_cat?post=174606"},{"taxonomy":"product_tag","embeddable":true,"href":"https:\/\/www.tabakversand.ch\/fr\/wp-json\/wp\/v2\/product_tag?post=174606"}],"curies":[{"name":"wp","href":"https:\/\/api.w.org\/{rel}","templated":true}]}}