{"id":174685,"date":"2025-03-05T11:25:54","date_gmt":"2025-03-05T10:25:54","guid":{"rendered":"https:\/\/www.tabakversand.ch\/?post_type=product&#038;p=174685"},"modified":"2025-10-08T07:08:12","modified_gmt":"2025-10-08T05:08:12","slug":"boite-a-rouler-automatique-pour-cigarettes-ocb","status":"publish","type":"product","link":"https:\/\/www.tabakversand.ch\/fr\/produit\/boite-a-rouler-automatique-pour-cigarettes-ocb\/","title":{"rendered":"Bo\u00eete \u00e0 rouler automatique pour cigarettes OCB"},"content":{"rendered":"<p>Bo\u00eete \u00e0 rouler automatique pour cigarettes OCB<\/p>\n<p>m\u00e9tal<\/p>\n<p>La bo\u00eete \u00e0 rouler automatique est une aide de haute qualit\u00e9 pour rouler des cigarettes.<br \/>\n Bien s\u00fbr, \u00e9galement id\u00e9al pour les d\u00e9placements. La bo\u00eete permet \u00e9galement de ranger votre tabac et vos papiers.<br \/>\n Placez simplement votre tabac et votre papier dans la machine, fermez le couvercle et la cigarette parfaitement roul\u00e9e appara\u00eet.<br \/>\n Bien entendu, un manuel d&rsquo;instructions est \u00e9galement inclus dans la livraison. <\/p>\n<p>Tous les prix s&rsquo;appliquent uniquement aux commandes en ligne et incluent la TVA. Sous r\u00e9serve de modifications sans pr\u00e9avis, frais de livraison en sus. Sous r\u00e9serve d&rsquo;erreurs, de modifications de contenu de livraison et de conception, de fautes d&rsquo;impression et de modifications de prix. Les prix barr\u00e9s sont des prix de remplacement. Les illustrations peuvent diff\u00e9rer de l&rsquo;original\/du contenu de livraison.<br \/>\n*Livraison gratuite pour les commandes sup\u00e9rieures \u00e0 CHF 250.-.<\/p>\n","protected":false},"excerpt":{"rendered":"<p>Bo\u00eete \u00e0 rouler automatique pour cigarettes OCB m\u00e9tal La bo\u00eete \u00e0 rouler automatique est une aide de haute qualit\u00e9 pour rouler des cigarettes. Bien s\u00fbr, \u00e9galement id\u00e9al pour les d\u00e9placements. La bo\u00eete permet \u00e9galement de ranger votre tabac et vos papiers. Placez simplement votre tabac et votre papier dans la machine, fermez le couvercle et [&hellip;]<\/p>\n","protected":false},"featured_media":174689,"template":"","meta":[],"product_brand":[],"product_cat":[1961,2019],"product_tag":[],"class_list":{"0":"post-174685","1":"product","2":"type-product","3":"status-publish","4":"has-post-thumbnail","6":"product_cat-cigarettes-self-made-fr-2","7":"product_cat-fabricant-de-cigarettes","9":"first","10":"onbackorder","11":"purchasable","12":"product-type-simple"},"yoast_head":"<!-- This site is optimized with the Yoast SEO plugin v27.0 - https:\/\/yoast.com\/product\/yoast-seo-wordpress\/ -->\n<title>Bo\u00eete \u00e0 rouler automatique pour cigarettes OCB - Tabakversand.ch | Alles aus der Welt des Tabaks<\/title>\n<meta name=\"description\" content=\"Bo\u00eete \u00e0 rouler automatique pour cigarettes OCB | Un tr\u00e8s grand choix de produits du tabac, e-smoke et accessoires fumeurs dans toute la Suisse | Cartes accept\u00e9es !\" \/>\n<meta name=\"robots\" content=\"index, follow, max-snippet:-1, max-image-preview:large, max-video-preview:-1\" \/>\n<link rel=\"canonical\" href=\"https:\/\/www.tabakversand.ch\/fr\/produit\/boite-a-rouler-automatique-pour-cigarettes-ocb\/\" \/>\n<meta property=\"og:locale\" content=\"fr_FR\" \/>\n<meta property=\"og:type\" content=\"article\" \/>\n<meta property=\"og:title\" content=\"Bo\u00eete \u00e0 rouler automatique pour cigarettes OCB - Tabakversand.ch | Alles aus der Welt des Tabaks\" \/>\n<meta property=\"og:description\" content=\"Bo\u00eete \u00e0 rouler automatique pour cigarettes OCB | Un tr\u00e8s grand choix de produits du tabac, e-smoke et accessoires fumeurs dans toute la Suisse | Cartes accept\u00e9es !\" \/>\n<meta property=\"og:url\" content=\"https:\/\/www.tabakversand.ch\/fr\/produit\/boite-a-rouler-automatique-pour-cigarettes-ocb\/\" \/>\n<meta property=\"og:site_name\" content=\"Tabakversand.ch | Alles aus der Welt des Tabaks\" \/>\n<meta property=\"article:modified_time\" content=\"2025-10-08T05:08:12+00:00\" \/>\n<meta property=\"og:image\" content=\"https:\/\/www.tabakversand.ch\/wp-content\/uploads\/2025\/03\/ocb-zigarettenrollbox-metall.jpg\" \/>\n\t<meta property=\"og:image:width\" content=\"500\" \/>\n\t<meta property=\"og:image:height\" content=\"500\" \/>\n\t<meta property=\"og:image:type\" content=\"image\/jpeg\" \/>\n<meta name=\"twitter:card\" content=\"summary_large_image\" \/>\n<meta name=\"twitter:label1\" content=\"Dur\u00e9e de lecture estim\u00e9e\" \/>\n\t<meta name=\"twitter:data1\" content=\"1 minute\" \/>\n<script type=\"application\/ld+json\" class=\"yoast-schema-graph\">{\"@context\":\"https:\/\/schema.org\",\"@graph\":[{\"@type\":\"WebPage\",\"@id\":\"https:\/\/www.tabakversand.ch\/fr\/produit\/boite-a-rouler-automatique-pour-cigarettes-ocb\/\",\"url\":\"https:\/\/www.tabakversand.ch\/fr\/produit\/boite-a-rouler-automatique-pour-cigarettes-ocb\/\",\"name\":\"Bo\u00eete \u00e0 rouler automatique pour cigarettes OCB - Tabakversand.ch | Alles aus der Welt des Tabaks\",\"isPartOf\":{\"@id\":\"https:\/\/www.tabakversand.ch\/#website\"},\"primaryImageOfPage\":{\"@id\":\"https:\/\/www.tabakversand.ch\/fr\/produit\/boite-a-rouler-automatique-pour-cigarettes-ocb\/#primaryimage\"},\"image\":{\"@id\":\"https:\/\/www.tabakversand.ch\/fr\/produit\/boite-a-rouler-automatique-pour-cigarettes-ocb\/#primaryimage\"},\"thumbnailUrl\":\"https:\/\/www.tabakversand.ch\/wp-content\/uploads\/2025\/03\/ocb-zigarettenrollbox-metall.jpg\",\"datePublished\":\"2025-03-05T10:25:54+00:00\",\"dateModified\":\"2025-10-08T05:08:12+00:00\",\"description\":\"Bo\u00eete \u00e0 rouler automatique pour cigarettes OCB | Un tr\u00e8s grand choix de produits du tabac, e-smoke et accessoires fumeurs dans toute la Suisse | Cartes accept\u00e9es !\",\"breadcrumb\":{\"@id\":\"https:\/\/www.tabakversand.ch\/fr\/produit\/boite-a-rouler-automatique-pour-cigarettes-ocb\/#breadcrumb\"},\"inLanguage\":\"fr-FR\",\"potentialAction\":[{\"@type\":\"ReadAction\",\"target\":[\"https:\/\/www.tabakversand.ch\/fr\/produit\/boite-a-rouler-automatique-pour-cigarettes-ocb\/\"]}]},{\"@type\":\"ImageObject\",\"inLanguage\":\"fr-FR\",\"@id\":\"https:\/\/www.tabakversand.ch\/fr\/produit\/boite-a-rouler-automatique-pour-cigarettes-ocb\/#primaryimage\",\"url\":\"https:\/\/www.tabakversand.ch\/wp-content\/uploads\/2025\/03\/ocb-zigarettenrollbox-metall.jpg\",\"contentUrl\":\"https:\/\/www.tabakversand.ch\/wp-content\/uploads\/2025\/03\/ocb-zigarettenrollbox-metall.jpg\",\"width\":500,\"height\":500,\"caption\":\"Bo\u00eete \u00e0 rouler automatique pour cigarettes OCB | Tabakversand.ch\"},{\"@type\":\"BreadcrumbList\",\"@id\":\"https:\/\/www.tabakversand.ch\/fr\/produit\/boite-a-rouler-automatique-pour-cigarettes-ocb\/#breadcrumb\",\"itemListElement\":[{\"@type\":\"ListItem\",\"position\":1,\"name\":\"Startseite\",\"item\":\"https:\/\/www.tabakversand.ch\/\"},{\"@type\":\"ListItem\",\"position\":2,\"name\":\"Boutique\",\"item\":\"https:\/\/www.tabakversand.ch\/fr\/boutique\/\"},{\"@type\":\"ListItem\",\"position\":3,\"name\":\"Bo\u00eete \u00e0 rouler automatique pour cigarettes OCB\"}]},{\"@type\":\"WebSite\",\"@id\":\"https:\/\/www.tabakversand.ch\/#website\",\"url\":\"https:\/\/www.tabakversand.ch\/\",\"name\":\"Tabakversand.ch | Alles aus der Welt des Tabaks\",\"description\":\"Smoke and carpe diem\",\"potentialAction\":[{\"@type\":\"SearchAction\",\"target\":{\"@type\":\"EntryPoint\",\"urlTemplate\":\"https:\/\/www.tabakversand.ch\/?s={search_term_string}\"},\"query-input\":{\"@type\":\"PropertyValueSpecification\",\"valueRequired\":true,\"valueName\":\"search_term_string\"}}],\"inLanguage\":\"fr-FR\"}]}<\/script>\n<!-- \/ Yoast SEO plugin. -->","yoast_head_json":{"title":"Bo\u00eete \u00e0 rouler automatique pour cigarettes OCB - Tabakversand.ch | Alles aus der Welt des Tabaks","description":"Bo\u00eete \u00e0 rouler automatique pour cigarettes OCB | Un tr\u00e8s grand choix de produits du tabac, e-smoke et accessoires fumeurs dans toute la Suisse | Cartes accept\u00e9es !","robots":{"index":"index","follow":"follow","max-snippet":"max-snippet:-1","max-image-preview":"max-image-preview:large","max-video-preview":"max-video-preview:-1"},"canonical":"https:\/\/www.tabakversand.ch\/fr\/produit\/boite-a-rouler-automatique-pour-cigarettes-ocb\/","og_locale":"fr_FR","og_type":"article","og_title":"Bo\u00eete \u00e0 rouler automatique pour cigarettes OCB - Tabakversand.ch | Alles aus der Welt des Tabaks","og_description":"Bo\u00eete \u00e0 rouler automatique pour cigarettes OCB | Un tr\u00e8s grand choix de produits du tabac, e-smoke et accessoires fumeurs dans toute la Suisse | Cartes accept\u00e9es !","og_url":"https:\/\/www.tabakversand.ch\/fr\/produit\/boite-a-rouler-automatique-pour-cigarettes-ocb\/","og_site_name":"Tabakversand.ch | Alles aus der Welt des Tabaks","article_modified_time":"2025-10-08T05:08:12+00:00","og_image":[{"width":500,"height":500,"url":"https:\/\/www.tabakversand.ch\/wp-content\/uploads\/2025\/03\/ocb-zigarettenrollbox-metall.jpg","type":"image\/jpeg"}],"twitter_card":"summary_large_image","twitter_misc":{"Dur\u00e9e de lecture estim\u00e9e":"1 minute"},"schema":{"@context":"https:\/\/schema.org","@graph":[{"@type":"WebPage","@id":"https:\/\/www.tabakversand.ch\/fr\/produit\/boite-a-rouler-automatique-pour-cigarettes-ocb\/","url":"https:\/\/www.tabakversand.ch\/fr\/produit\/boite-a-rouler-automatique-pour-cigarettes-ocb\/","name":"Bo\u00eete \u00e0 rouler automatique pour cigarettes OCB - Tabakversand.ch | Alles aus der Welt des Tabaks","isPartOf":{"@id":"https:\/\/www.tabakversand.ch\/#website"},"primaryImageOfPage":{"@id":"https:\/\/www.tabakversand.ch\/fr\/produit\/boite-a-rouler-automatique-pour-cigarettes-ocb\/#primaryimage"},"image":{"@id":"https:\/\/www.tabakversand.ch\/fr\/produit\/boite-a-rouler-automatique-pour-cigarettes-ocb\/#primaryimage"},"thumbnailUrl":"https:\/\/www.tabakversand.ch\/wp-content\/uploads\/2025\/03\/ocb-zigarettenrollbox-metall.jpg","datePublished":"2025-03-05T10:25:54+00:00","dateModified":"2025-10-08T05:08:12+00:00","description":"Bo\u00eete \u00e0 rouler automatique pour cigarettes OCB | Un tr\u00e8s grand choix de produits du tabac, e-smoke et accessoires fumeurs dans toute la Suisse | Cartes accept\u00e9es !","breadcrumb":{"@id":"https:\/\/www.tabakversand.ch\/fr\/produit\/boite-a-rouler-automatique-pour-cigarettes-ocb\/#breadcrumb"},"inLanguage":"fr-FR","potentialAction":[{"@type":"ReadAction","target":["https:\/\/www.tabakversand.ch\/fr\/produit\/boite-a-rouler-automatique-pour-cigarettes-ocb\/"]}]},{"@type":"ImageObject","inLanguage":"fr-FR","@id":"https:\/\/www.tabakversand.ch\/fr\/produit\/boite-a-rouler-automatique-pour-cigarettes-ocb\/#primaryimage","url":"https:\/\/www.tabakversand.ch\/wp-content\/uploads\/2025\/03\/ocb-zigarettenrollbox-metall.jpg","contentUrl":"https:\/\/www.tabakversand.ch\/wp-content\/uploads\/2025\/03\/ocb-zigarettenrollbox-metall.jpg","width":500,"height":500,"caption":"Bo\u00eete \u00e0 rouler automatique pour cigarettes OCB | Tabakversand.ch"},{"@type":"BreadcrumbList","@id":"https:\/\/www.tabakversand.ch\/fr\/produit\/boite-a-rouler-automatique-pour-cigarettes-ocb\/#breadcrumb","itemListElement":[{"@type":"ListItem","position":1,"name":"Startseite","item":"https:\/\/www.tabakversand.ch\/"},{"@type":"ListItem","position":2,"name":"Boutique","item":"https:\/\/www.tabakversand.ch\/fr\/boutique\/"},{"@type":"ListItem","position":3,"name":"Bo\u00eete \u00e0 rouler automatique pour cigarettes OCB"}]},{"@type":"WebSite","@id":"https:\/\/www.tabakversand.ch\/#website","url":"https:\/\/www.tabakversand.ch\/","name":"Tabakversand.ch | Alles aus der Welt des Tabaks","description":"Smoke and carpe diem","potentialAction":[{"@type":"SearchAction","target":{"@type":"EntryPoint","urlTemplate":"https:\/\/www.tabakversand.ch\/?s={search_term_string}"},"query-input":{"@type":"PropertyValueSpecification","valueRequired":true,"valueName":"search_term_string"}}],"inLanguage":"fr-FR"}]}},"_links":{"self":[{"href":"https:\/\/www.tabakversand.ch\/fr\/wp-json\/wp\/v2\/product\/174685","targetHints":{"allow":["GET"]}}],"collection":[{"href":"https:\/\/www.tabakversand.ch\/fr\/wp-json\/wp\/v2\/product"}],"about":[{"href":"https:\/\/www.tabakversand.ch\/fr\/wp-json\/wp\/v2\/types\/product"}],"version-history":[{"count":5,"href":"https:\/\/www.tabakversand.ch\/fr\/wp-json\/wp\/v2\/product\/174685\/revisions"}],"predecessor-version":[{"id":203002,"href":"https:\/\/www.tabakversand.ch\/fr\/wp-json\/wp\/v2\/product\/174685\/revisions\/203002"}],"wp:featuredmedia":[{"embeddable":true,"href":"https:\/\/www.tabakversand.ch\/fr\/wp-json\/wp\/v2\/media\/174689"}],"wp:attachment":[{"href":"https:\/\/www.tabakversand.ch\/fr\/wp-json\/wp\/v2\/media?parent=174685"}],"wp:term":[{"taxonomy":"product_brand","embeddable":true,"href":"https:\/\/www.tabakversand.ch\/fr\/wp-json\/wp\/v2\/product_brand?post=174685"},{"taxonomy":"product_cat","embeddable":true,"href":"https:\/\/www.tabakversand.ch\/fr\/wp-json\/wp\/v2\/product_cat?post=174685"},{"taxonomy":"product_tag","embeddable":true,"href":"https:\/\/www.tabakversand.ch\/fr\/wp-json\/wp\/v2\/product_tag?post=174685"}],"curies":[{"name":"wp","href":"https:\/\/api.w.org\/{rel}","templated":true}]}}