{"id":175193,"date":"2025-03-06T08:09:00","date_gmt":"2025-03-06T07:09:00","guid":{"rendered":"https:\/\/www.tabakversand.ch\/?post_type=product&#038;p=175193"},"modified":"2026-02-25T11:44:07","modified_gmt":"2026-02-25T10:44:07","slug":"wellauer-volume-shag","status":"publish","type":"product","link":"https:\/\/www.tabakversand.ch\/fr\/produit\/wellauer-volume-shag\/","title":{"rendered":"Wellauer Volume Shag"},"content":{"rendered":"<h1>Wellauer Volume Shag<\/h1>\n<p>Un plaisir intense et un ar\u00f4me riche<\/p>\n<p>Le tabac Wellauer Volume est le choix id\u00e9al pour ceux qui recherchent un tabac riche et aromatique. Un proc\u00e9d\u00e9 de fabrication sp\u00e9cial le vaporise et l&rsquo;expanse, lui conf\u00e9rant un volume exceptionnel sans alt\u00e9rer sa saveur incomparable. Sa texture a\u00e9r\u00e9e assure un rendement \u00e9lev\u00e9 et facilite grandement le roulage des cigarettes. Le tabac Wellauer Volume est un m\u00e9lange exceptionnel de tabacs s\u00e9ch\u00e9s \u00e0 l&rsquo;air chaud et \u00e0 l&rsquo;air libre, rehauss\u00e9 d&rsquo;une touche de Burley. Les feuilles de tabac proviennent de France, d&rsquo;Italie, d&rsquo;Allemagne, de Belgique et de Turquie, ce qui conf\u00e8re \u00e0 ce m\u00e9lange une profondeur aromatique harmonieuse. Sa composition \u00e9quilibr\u00e9e offre une saveur douce et cors\u00e9e, avec une agr\u00e9able note \u00e9pic\u00e9e. Gr\u00e2ce \u00e0 la s\u00e9lection rigoureuse de feuilles de tabac de haute qualit\u00e9, le tabac Wellauer Volume garantit une exp\u00e9rience de fumage constante et plaisante.<\/p>\n<p>Chez tabakversand.ch, votre tabac Wellauer Volume Shag est livr\u00e9 fra\u00eechement conserv\u00e9 dans son emballage d&rsquo;origine. Un stockage soign\u00e9 garantit une pr\u00e9servation optimale de son ar\u00f4me, de son humidit\u00e9 et de sa qualit\u00e9 jusqu&rsquo;\u00e0 l&rsquo;exp\u00e9dition. Gr\u00e2ce \u00e0 une livraison rapide en Suisse, votre tabac \u00e0 cigarettes arrive g\u00e9n\u00e9ralement sous peu.<\/p>\n<p>Pour plus d&rsquo;informations sur le tabac \u00e0 rouler, veuillez consulter l&rsquo;article Wikip\u00e9dia correspondant\u00a0: <a href=\"https:\/\/de.wikipedia.org\/wiki\/Shag_(Tabak)\">cliquez ici<\/a> . Si vous avez des questions concernant le produit, n&rsquo;h\u00e9sitez pas \u00e0 nous contacter\u00a0: <a href=\"https:\/\/www.tabakversand.ch\/kontakt\/\">cliquez ici<\/a> .<\/p>\n<p>Tous les prix s&rsquo;appliquent uniquement aux commandes en ligne et incluent la TVA. Sous r\u00e9serve de modifications sans pr\u00e9avis, frais de livraison en sus. Sous r\u00e9serve d&rsquo;erreurs, de modifications de contenu de livraison et de conception, de fautes d&rsquo;impression et de modifications de prix. Les prix barr\u00e9s sont des prix de remplacement. Les illustrations peuvent diff\u00e9rer de l&rsquo;original\/du contenu de livraison.<br \/>\n*Livraison gratuite pour les commandes sup\u00e9rieures \u00e0 CHF 250.-.<\/p>\n","protected":false},"excerpt":{"rendered":"<p>Wellauer Volume Shag Un plaisir intense et un ar\u00f4me riche Le tabac Wellauer Volume est le choix id\u00e9al pour ceux qui recherchent un tabac riche et aromatique. Un proc\u00e9d\u00e9 de fabrication sp\u00e9cial le vaporise et l&rsquo;expanse, lui conf\u00e9rant un volume exceptionnel sans alt\u00e9rer sa saveur incomparable. Sa texture a\u00e9r\u00e9e assure un rendement \u00e9lev\u00e9 et facilite [&hellip;]<\/p>\n","protected":false},"featured_media":213505,"template":"","meta":[],"product_brand":[1483],"product_cat":[1961,1888,1963,1964],"product_tag":[],"class_list":{"0":"post-175193","1":"product","2":"type-product","3":"status-publish","4":"has-post-thumbnail","6":"product_brand-wellauer-feinschnitt","7":"product_cat-cigarettes-self-made-fr-2","8":"product_cat-tabac","9":"product_cat-tabac-a-cigarettes","10":"product_cat-tabac-a-cigarettes-fr","11":"pa_tabak-huelsen-1-x-25-gr","12":"pa_tabak-huelsen-1-x-250-gr","13":"pa_tabak-huelsen-10-x-25-gr","14":"pa_tabak-huelsen-5-x-140-gr","16":"first","17":"instock","18":"purchasable","19":"product-type-variable"},"yoast_head":"<!-- This site is optimized with the Yoast SEO plugin v27.0 - https:\/\/yoast.com\/product\/yoast-seo-wordpress\/ -->\n<title>Wellauer Volume Shag<\/title>\n<meta name=\"description\" content=\"Tabac \u00e0 rouler Wellauer Volume Shag \u2013 un m\u00e9lange riche et l\u00e9g\u00e8rement coup\u00e9, \u00e0 l&#039;ar\u00f4me intense et \u00e0 la saveur \u00e9quilibr\u00e9e. Id\u00e9al pour les amateurs de cigarettes roul\u00e9es.\" \/>\n<meta name=\"robots\" content=\"index, follow, max-snippet:-1, max-image-preview:large, max-video-preview:-1\" \/>\n<link rel=\"canonical\" href=\"https:\/\/www.tabakversand.ch\/produit\/wellauer-volumen-shag\/\" \/>\n<meta property=\"og:locale\" content=\"fr_FR\" \/>\n<meta property=\"og:type\" content=\"article\" \/>\n<meta property=\"og:title\" content=\"Wellauer Volume Shag\" \/>\n<meta property=\"og:description\" content=\"Tabac \u00e0 rouler Wellauer Volume Shag \u2013 un m\u00e9lange riche et l\u00e9g\u00e8rement coup\u00e9, \u00e0 l&#039;ar\u00f4me intense et \u00e0 la saveur \u00e9quilibr\u00e9e. Id\u00e9al pour les amateurs de cigarettes roul\u00e9es.\" \/>\n<meta property=\"og:url\" content=\"https:\/\/www.tabakversand.ch\/produit\/wellauer-volumen-shag\/\" \/>\n<meta property=\"og:site_name\" content=\"Tabakversand.ch | Alles aus der Welt des Tabaks\" \/>\n<meta property=\"article:modified_time\" content=\"2026-02-25T10:44:07+00:00\" \/>\n<meta property=\"og:image\" content=\"https:\/\/www.tabakversand.ch\/wp-content\/uploads\/2025\/03\/wellauer-volume-all.jpg\" \/>\n\t<meta property=\"og:image:width\" content=\"500\" \/>\n\t<meta property=\"og:image:height\" content=\"500\" \/>\n\t<meta property=\"og:image:type\" content=\"image\/jpeg\" \/>\n<meta name=\"twitter:card\" content=\"summary_large_image\" \/>\n<meta name=\"twitter:label1\" content=\"Dur\u00e9e de lecture estim\u00e9e\" \/>\n\t<meta name=\"twitter:data1\" content=\"2 minutes\" \/>\n<script type=\"application\/ld+json\" class=\"yoast-schema-graph\">{\"@context\":\"https:\/\/schema.org\",\"@graph\":[{\"@type\":\"WebPage\",\"@id\":\"https:\/\/www.tabakversand.ch\/produit\/wellauer-volumen-shag\/\",\"url\":\"https:\/\/www.tabakversand.ch\/produit\/wellauer-volumen-shag\/\",\"name\":\"Wellauer Volume Shag\",\"isPartOf\":{\"@id\":\"https:\/\/www.tabakversand.ch\/#website\"},\"primaryImageOfPage\":{\"@id\":\"https:\/\/www.tabakversand.ch\/produit\/wellauer-volumen-shag\/#primaryimage\"},\"image\":{\"@id\":\"https:\/\/www.tabakversand.ch\/produit\/wellauer-volumen-shag\/#primaryimage\"},\"thumbnailUrl\":\"https:\/\/www.tabakversand.ch\/wp-content\/uploads\/2025\/03\/wellauer-volume-all.jpg\",\"datePublished\":\"2025-03-06T07:09:00+00:00\",\"dateModified\":\"2026-02-25T10:44:07+00:00\",\"description\":\"Tabac \u00e0 rouler Wellauer Volume Shag \u2013 un m\u00e9lange riche et l\u00e9g\u00e8rement coup\u00e9, \u00e0 l'ar\u00f4me intense et \u00e0 la saveur \u00e9quilibr\u00e9e. Id\u00e9al pour les amateurs de cigarettes roul\u00e9es.\",\"breadcrumb\":{\"@id\":\"https:\/\/www.tabakversand.ch\/produit\/wellauer-volumen-shag\/#breadcrumb\"},\"inLanguage\":\"fr-FR\",\"potentialAction\":[{\"@type\":\"ReadAction\",\"target\":[\"https:\/\/www.tabakversand.ch\/produit\/wellauer-volumen-shag\/\"]}]},{\"@type\":\"ImageObject\",\"inLanguage\":\"fr-FR\",\"@id\":\"https:\/\/www.tabakversand.ch\/produit\/wellauer-volumen-shag\/#primaryimage\",\"url\":\"https:\/\/www.tabakversand.ch\/wp-content\/uploads\/2025\/03\/wellauer-volume-all.jpg\",\"contentUrl\":\"https:\/\/www.tabakversand.ch\/wp-content\/uploads\/2025\/03\/wellauer-volume-all.jpg\",\"width\":500,\"height\":500,\"caption\":\"Wellauer Volume Shag | tabakversand.ch\"},{\"@type\":\"BreadcrumbList\",\"@id\":\"https:\/\/www.tabakversand.ch\/produit\/wellauer-volumen-shag\/#breadcrumb\",\"itemListElement\":[{\"@type\":\"ListItem\",\"position\":1,\"name\":\"Startseite\",\"item\":\"https:\/\/www.tabakversand.ch\/\"},{\"@type\":\"ListItem\",\"position\":2,\"name\":\"Boutique\",\"item\":\"https:\/\/www.tabakversand.ch\/fr\/boutique\/\"},{\"@type\":\"ListItem\",\"position\":3,\"name\":\"Wellauer Volume Shag\"}]},{\"@type\":\"WebSite\",\"@id\":\"https:\/\/www.tabakversand.ch\/#website\",\"url\":\"https:\/\/www.tabakversand.ch\/\",\"name\":\"Tabakversand.ch | Alles aus der Welt des Tabaks\",\"description\":\"Smoke and carpe diem\",\"potentialAction\":[{\"@type\":\"SearchAction\",\"target\":{\"@type\":\"EntryPoint\",\"urlTemplate\":\"https:\/\/www.tabakversand.ch\/?s={search_term_string}\"},\"query-input\":{\"@type\":\"PropertyValueSpecification\",\"valueRequired\":true,\"valueName\":\"search_term_string\"}}],\"inLanguage\":\"fr-FR\"}]}<\/script>\n<!-- \/ Yoast SEO plugin. -->","yoast_head_json":{"title":"Wellauer Volume Shag","description":"Tabac \u00e0 rouler Wellauer Volume Shag \u2013 un m\u00e9lange riche et l\u00e9g\u00e8rement coup\u00e9, \u00e0 l'ar\u00f4me intense et \u00e0 la saveur \u00e9quilibr\u00e9e. Id\u00e9al pour les amateurs de cigarettes roul\u00e9es.","robots":{"index":"index","follow":"follow","max-snippet":"max-snippet:-1","max-image-preview":"max-image-preview:large","max-video-preview":"max-video-preview:-1"},"canonical":"https:\/\/www.tabakversand.ch\/produit\/wellauer-volumen-shag\/","og_locale":"fr_FR","og_type":"article","og_title":"Wellauer Volume Shag","og_description":"Tabac \u00e0 rouler Wellauer Volume Shag \u2013 un m\u00e9lange riche et l\u00e9g\u00e8rement coup\u00e9, \u00e0 l'ar\u00f4me intense et \u00e0 la saveur \u00e9quilibr\u00e9e. Id\u00e9al pour les amateurs de cigarettes roul\u00e9es.","og_url":"https:\/\/www.tabakversand.ch\/produit\/wellauer-volumen-shag\/","og_site_name":"Tabakversand.ch | Alles aus der Welt des Tabaks","article_modified_time":"2026-02-25T10:44:07+00:00","og_image":[{"width":500,"height":500,"url":"https:\/\/www.tabakversand.ch\/wp-content\/uploads\/2025\/03\/wellauer-volume-all.jpg","type":"image\/jpeg"}],"twitter_card":"summary_large_image","twitter_misc":{"Dur\u00e9e de lecture estim\u00e9e":"2 minutes"},"schema":{"@context":"https:\/\/schema.org","@graph":[{"@type":"WebPage","@id":"https:\/\/www.tabakversand.ch\/produit\/wellauer-volumen-shag\/","url":"https:\/\/www.tabakversand.ch\/produit\/wellauer-volumen-shag\/","name":"Wellauer Volume Shag","isPartOf":{"@id":"https:\/\/www.tabakversand.ch\/#website"},"primaryImageOfPage":{"@id":"https:\/\/www.tabakversand.ch\/produit\/wellauer-volumen-shag\/#primaryimage"},"image":{"@id":"https:\/\/www.tabakversand.ch\/produit\/wellauer-volumen-shag\/#primaryimage"},"thumbnailUrl":"https:\/\/www.tabakversand.ch\/wp-content\/uploads\/2025\/03\/wellauer-volume-all.jpg","datePublished":"2025-03-06T07:09:00+00:00","dateModified":"2026-02-25T10:44:07+00:00","description":"Tabac \u00e0 rouler Wellauer Volume Shag \u2013 un m\u00e9lange riche et l\u00e9g\u00e8rement coup\u00e9, \u00e0 l'ar\u00f4me intense et \u00e0 la saveur \u00e9quilibr\u00e9e. Id\u00e9al pour les amateurs de cigarettes roul\u00e9es.","breadcrumb":{"@id":"https:\/\/www.tabakversand.ch\/produit\/wellauer-volumen-shag\/#breadcrumb"},"inLanguage":"fr-FR","potentialAction":[{"@type":"ReadAction","target":["https:\/\/www.tabakversand.ch\/produit\/wellauer-volumen-shag\/"]}]},{"@type":"ImageObject","inLanguage":"fr-FR","@id":"https:\/\/www.tabakversand.ch\/produit\/wellauer-volumen-shag\/#primaryimage","url":"https:\/\/www.tabakversand.ch\/wp-content\/uploads\/2025\/03\/wellauer-volume-all.jpg","contentUrl":"https:\/\/www.tabakversand.ch\/wp-content\/uploads\/2025\/03\/wellauer-volume-all.jpg","width":500,"height":500,"caption":"Wellauer Volume Shag | tabakversand.ch"},{"@type":"BreadcrumbList","@id":"https:\/\/www.tabakversand.ch\/produit\/wellauer-volumen-shag\/#breadcrumb","itemListElement":[{"@type":"ListItem","position":1,"name":"Startseite","item":"https:\/\/www.tabakversand.ch\/"},{"@type":"ListItem","position":2,"name":"Boutique","item":"https:\/\/www.tabakversand.ch\/fr\/boutique\/"},{"@type":"ListItem","position":3,"name":"Wellauer Volume Shag"}]},{"@type":"WebSite","@id":"https:\/\/www.tabakversand.ch\/#website","url":"https:\/\/www.tabakversand.ch\/","name":"Tabakversand.ch | Alles aus der Welt des Tabaks","description":"Smoke and carpe diem","potentialAction":[{"@type":"SearchAction","target":{"@type":"EntryPoint","urlTemplate":"https:\/\/www.tabakversand.ch\/?s={search_term_string}"},"query-input":{"@type":"PropertyValueSpecification","valueRequired":true,"valueName":"search_term_string"}}],"inLanguage":"fr-FR"}]}},"_links":{"self":[{"href":"https:\/\/www.tabakversand.ch\/fr\/wp-json\/wp\/v2\/product\/175193","targetHints":{"allow":["GET"]}}],"collection":[{"href":"https:\/\/www.tabakversand.ch\/fr\/wp-json\/wp\/v2\/product"}],"about":[{"href":"https:\/\/www.tabakversand.ch\/fr\/wp-json\/wp\/v2\/types\/product"}],"version-history":[{"count":4,"href":"https:\/\/www.tabakversand.ch\/fr\/wp-json\/wp\/v2\/product\/175193\/revisions"}],"predecessor-version":[{"id":213512,"href":"https:\/\/www.tabakversand.ch\/fr\/wp-json\/wp\/v2\/product\/175193\/revisions\/213512"}],"wp:featuredmedia":[{"embeddable":true,"href":"https:\/\/www.tabakversand.ch\/fr\/wp-json\/wp\/v2\/media\/213505"}],"wp:attachment":[{"href":"https:\/\/www.tabakversand.ch\/fr\/wp-json\/wp\/v2\/media?parent=175193"}],"wp:term":[{"taxonomy":"product_brand","embeddable":true,"href":"https:\/\/www.tabakversand.ch\/fr\/wp-json\/wp\/v2\/product_brand?post=175193"},{"taxonomy":"product_cat","embeddable":true,"href":"https:\/\/www.tabakversand.ch\/fr\/wp-json\/wp\/v2\/product_cat?post=175193"},{"taxonomy":"product_tag","embeddable":true,"href":"https:\/\/www.tabakversand.ch\/fr\/wp-json\/wp\/v2\/product_tag?post=175193"}],"curies":[{"name":"wp","href":"https:\/\/api.w.org\/{rel}","templated":true}]}}