{"id":175295,"date":"2025-03-06T11:34:43","date_gmt":"2025-03-06T10:34:43","guid":{"rendered":"https:\/\/www.tabakversand.ch\/?post_type=product&#038;p=175295"},"modified":"2026-03-06T10:57:01","modified_gmt":"2026-03-06T09:57:01","slug":"winston-volume-rouge","status":"publish","type":"product","link":"https:\/\/www.tabakversand.ch\/fr\/produit\/winston-volume-rouge\/","title":{"rendered":"Winston Volume Rouge"},"content":{"rendered":"<h1>Winston Volume Rouge<\/h1>\n<p>Le tabac Winston Volume Red impressionne par sa saveur puissante et \u00e9quilibr\u00e9e et son ar\u00f4me intense. Ce m\u00e9lange am\u00e9ricain soigneusement \u00e9labor\u00e9 offre une exp\u00e9rience de fumage unique, avec une combustion uniforme et des notes \u00e9pic\u00e9es harmonieuses.<\/p>\n<p>Sa coupe fine et pratique rend ce tabac id\u00e9al pour le roulage ou le bourrage et garantit une transformation facile et propre. Il est parfait pour tous ceux qui recherchent un tabac cors\u00e9 et de caract\u00e8re.<\/p>\n<p>Fabriqu\u00e9 par JT International SA, une entreprise internationale de tabac de premier plan, reconnue pour sa qualit\u00e9 et ses nombreuses ann\u00e9es d&rsquo;exp\u00e9rience.<\/p>\n<p>D\u00e9tails du produit\u00a0:<\/p>\n<ul>\n<li>Marque : Winston<\/li>\n<li>Variante : Rouge Volume<\/li>\n<li>Type de tabac : M\u00e9lange am\u00e9ricain<\/li>\n<li>Type de coupe : Coupe fine<\/li>\n<li>Force : Forte<\/li>\n<li>Convient pour : Tournage et bouchage<\/li>\n<\/ul>\n<p>Chez tabakversand.ch, vous recevez votre tabac \u00e0 cigarettes Winston Volume Red fra\u00eechement conserv\u00e9 dans son emballage d&rsquo;origine. Un stockage soign\u00e9 garantit une pr\u00e9servation optimale de son ar\u00f4me, de son humidit\u00e9 et de sa qualit\u00e9 jusqu&rsquo;\u00e0 l&rsquo;exp\u00e9dition. Gr\u00e2ce \u00e0 une livraison rapide en Suisse, votre tabac \u00e0 cigarettes vous parvient g\u00e9n\u00e9ralement sous peu.<\/p>\n<p>Pour plus d&rsquo;informations sur le tabac \u00e0 rouler, veuillez consulter l&rsquo;article Wikip\u00e9dia correspondant\u00a0: <a href=\"https:\/\/de.wikipedia.org\/wiki\/Shag_(Tabak)\">cliquez ici<\/a> . Si vous avez des questions concernant le produit, n&rsquo;h\u00e9sitez pas \u00e0 nous contacter\u00a0: <a href=\"https:\/\/www.tabakversand.ch\/kontakt\/\">cliquez ici<\/a> .<\/p>\n<p>Tous les prix s&rsquo;appliquent uniquement aux commandes en ligne et incluent la TVA. Sous r\u00e9serve de modifications sans pr\u00e9avis, frais de livraison en sus. Sous r\u00e9serve d&rsquo;erreurs, de modifications de contenu de livraison et de conception, de fautes d&rsquo;impression et de modifications de prix. Les prix barr\u00e9s sont des prix de remplacement. Les illustrations peuvent diff\u00e9rer de l&rsquo;original\/du contenu de livraison.<br \/>\n*Livraison gratuite pour les commandes sup\u00e9rieures \u00e0 CHF 250.-.<\/p>\n","protected":false},"excerpt":{"rendered":"<p>Winston Volume Rouge Le tabac Winston Volume Red impressionne par sa saveur puissante et \u00e9quilibr\u00e9e et son ar\u00f4me intense. Ce m\u00e9lange am\u00e9ricain soigneusement \u00e9labor\u00e9 offre une exp\u00e9rience de fumage unique, avec une combustion uniforme et des notes \u00e9pic\u00e9es harmonieuses. Sa coupe fine et pratique rend ce tabac id\u00e9al pour le roulage ou le bourrage et [&hellip;]<\/p>\n","protected":false},"featured_media":213840,"template":"","meta":[],"product_brand":[],"product_cat":[1961,1888,1963,1964],"product_tag":[],"class_list":{"0":"post-175295","1":"product","2":"type-product","3":"status-publish","4":"has-post-thumbnail","6":"product_cat-cigarettes-self-made-fr-2","7":"product_cat-tabac","8":"product_cat-tabac-a-cigarettes","9":"product_cat-tabac-a-cigarettes-fr","10":"pa_tabak-huelsen-1-x-230-gr","11":"pa_tabak-huelsen-1-x-85-gr","12":"pa_tabak-huelsen-1-x-87-gr","14":"first","15":"instock","16":"purchasable","17":"product-type-variable"},"yoast_head":"<!-- This site is optimized with the Yoast SEO plugin v27.5 - https:\/\/yoast.com\/product\/yoast-seo-wordpress\/ -->\n<title>-<\/title>\n<meta name=\"description\" content=\"Tabac rouge Winston Volume \u2013 Un m\u00e9lange am\u00e9ricain cors\u00e9 \u00e0 l&#039;ar\u00f4me intense et riche. Coupe fine pour un roulage ou un remplissage faciles.\" \/>\n<meta name=\"robots\" content=\"index, follow, max-snippet:-1, max-image-preview:large, max-video-preview:-1\" \/>\n<link rel=\"canonical\" href=\"https:\/\/www.tabakversand.ch\/fr\/produit\/winston-volume-rouge\/\" \/>\n<meta property=\"og:locale\" content=\"fr_FR\" \/>\n<meta property=\"og:type\" content=\"article\" \/>\n<meta property=\"og:title\" content=\"-\" \/>\n<meta property=\"og:description\" content=\"Tabac rouge Winston Volume \u2013 Un m\u00e9lange am\u00e9ricain cors\u00e9 \u00e0 l&#039;ar\u00f4me intense et riche. Coupe fine pour un roulage ou un remplissage faciles.\" \/>\n<meta property=\"og:url\" content=\"https:\/\/www.tabakversand.ch\/fr\/produit\/winston-volume-rouge\/\" \/>\n<meta property=\"og:site_name\" content=\"Tabakversand.ch | Alles aus der Welt des Tabaks\" \/>\n<meta property=\"article:modified_time\" content=\"2026-03-06T09:57:01+00:00\" \/>\n<meta property=\"og:image\" content=\"https:\/\/www.tabakversand.ch\/wp-content\/uploads\/2025\/03\/winston-classic-all.jpg\" \/>\n\t<meta property=\"og:image:width\" content=\"500\" \/>\n\t<meta property=\"og:image:height\" content=\"501\" \/>\n\t<meta property=\"og:image:type\" content=\"image\/jpeg\" \/>\n<meta name=\"twitter:card\" content=\"summary_large_image\" \/>\n<meta name=\"twitter:label1\" content=\"Dur\u00e9e de lecture estim\u00e9e\" \/>\n\t<meta name=\"twitter:data1\" content=\"2 minutes\" \/>\n<script type=\"application\/ld+json\" class=\"yoast-schema-graph\">{\"@context\":\"https:\\\/\\\/schema.org\",\"@graph\":[{\"@type\":\"WebPage\",\"@id\":\"https:\\\/\\\/www.tabakversand.ch\\\/fr\\\/produit\\\/winston-volume-rouge\\\/\",\"url\":\"https:\\\/\\\/www.tabakversand.ch\\\/fr\\\/produit\\\/winston-volume-rouge\\\/\",\"name\":\"-\",\"isPartOf\":{\"@id\":\"https:\\\/\\\/www.tabakversand.ch\\\/#website\"},\"primaryImageOfPage\":{\"@id\":\"https:\\\/\\\/www.tabakversand.ch\\\/fr\\\/produit\\\/winston-volume-rouge\\\/#primaryimage\"},\"image\":{\"@id\":\"https:\\\/\\\/www.tabakversand.ch\\\/fr\\\/produit\\\/winston-volume-rouge\\\/#primaryimage\"},\"thumbnailUrl\":\"https:\\\/\\\/www.tabakversand.ch\\\/wp-content\\\/uploads\\\/2025\\\/03\\\/winston-classic-all.jpg\",\"datePublished\":\"2025-03-06T10:34:43+00:00\",\"dateModified\":\"2026-03-06T09:57:01+00:00\",\"description\":\"Tabac rouge Winston Volume \u2013 Un m\u00e9lange am\u00e9ricain cors\u00e9 \u00e0 l'ar\u00f4me intense et riche. Coupe fine pour un roulage ou un remplissage faciles.\",\"breadcrumb\":{\"@id\":\"https:\\\/\\\/www.tabakversand.ch\\\/fr\\\/produit\\\/winston-volume-rouge\\\/#breadcrumb\"},\"inLanguage\":\"fr-FR\",\"potentialAction\":[{\"@type\":\"ReadAction\",\"target\":[\"https:\\\/\\\/www.tabakversand.ch\\\/fr\\\/produit\\\/winston-volume-rouge\\\/\"]}]},{\"@type\":\"ImageObject\",\"inLanguage\":\"fr-FR\",\"@id\":\"https:\\\/\\\/www.tabakversand.ch\\\/fr\\\/produit\\\/winston-volume-rouge\\\/#primaryimage\",\"url\":\"https:\\\/\\\/www.tabakversand.ch\\\/wp-content\\\/uploads\\\/2025\\\/03\\\/winston-classic-all.jpg\",\"contentUrl\":\"https:\\\/\\\/www.tabakversand.ch\\\/wp-content\\\/uploads\\\/2025\\\/03\\\/winston-classic-all.jpg\",\"width\":500,\"height\":501,\"caption\":\"Winston Volume Rouge | tabakversand.ch\"},{\"@type\":\"BreadcrumbList\",\"@id\":\"https:\\\/\\\/www.tabakversand.ch\\\/fr\\\/produit\\\/winston-volume-rouge\\\/#breadcrumb\",\"itemListElement\":[{\"@type\":\"ListItem\",\"position\":1,\"name\":\"Startseite\",\"item\":\"https:\\\/\\\/www.tabakversand.ch\\\/\"},{\"@type\":\"ListItem\",\"position\":2,\"name\":\"Boutique\",\"item\":\"https:\\\/\\\/www.tabakversand.ch\\\/fr\\\/boutique\\\/\"},{\"@type\":\"ListItem\",\"position\":3,\"name\":\"Winston Volume Rouge\"}]},{\"@type\":\"WebSite\",\"@id\":\"https:\\\/\\\/www.tabakversand.ch\\\/#website\",\"url\":\"https:\\\/\\\/www.tabakversand.ch\\\/\",\"name\":\"Tabakversand.ch | Alles aus der Welt des Tabaks\",\"description\":\"Smoke and carpe diem\",\"potentialAction\":[{\"@type\":\"SearchAction\",\"target\":{\"@type\":\"EntryPoint\",\"urlTemplate\":\"https:\\\/\\\/www.tabakversand.ch\\\/?s={search_term_string}\"},\"query-input\":{\"@type\":\"PropertyValueSpecification\",\"valueRequired\":true,\"valueName\":\"search_term_string\"}}],\"inLanguage\":\"fr-FR\"}]}<\/script>\n<!-- \/ Yoast SEO plugin. -->","yoast_head_json":{"title":"-","description":"Tabac rouge Winston Volume \u2013 Un m\u00e9lange am\u00e9ricain cors\u00e9 \u00e0 l'ar\u00f4me intense et riche. Coupe fine pour un roulage ou un remplissage faciles.","robots":{"index":"index","follow":"follow","max-snippet":"max-snippet:-1","max-image-preview":"max-image-preview:large","max-video-preview":"max-video-preview:-1"},"canonical":"https:\/\/www.tabakversand.ch\/fr\/produit\/winston-volume-rouge\/","og_locale":"fr_FR","og_type":"article","og_title":"-","og_description":"Tabac rouge Winston Volume \u2013 Un m\u00e9lange am\u00e9ricain cors\u00e9 \u00e0 l'ar\u00f4me intense et riche. Coupe fine pour un roulage ou un remplissage faciles.","og_url":"https:\/\/www.tabakversand.ch\/fr\/produit\/winston-volume-rouge\/","og_site_name":"Tabakversand.ch | Alles aus der Welt des Tabaks","article_modified_time":"2026-03-06T09:57:01+00:00","og_image":[{"width":500,"height":501,"url":"https:\/\/www.tabakversand.ch\/wp-content\/uploads\/2025\/03\/winston-classic-all.jpg","type":"image\/jpeg"}],"twitter_card":"summary_large_image","twitter_misc":{"Dur\u00e9e de lecture estim\u00e9e":"2 minutes"},"schema":{"@context":"https:\/\/schema.org","@graph":[{"@type":"WebPage","@id":"https:\/\/www.tabakversand.ch\/fr\/produit\/winston-volume-rouge\/","url":"https:\/\/www.tabakversand.ch\/fr\/produit\/winston-volume-rouge\/","name":"-","isPartOf":{"@id":"https:\/\/www.tabakversand.ch\/#website"},"primaryImageOfPage":{"@id":"https:\/\/www.tabakversand.ch\/fr\/produit\/winston-volume-rouge\/#primaryimage"},"image":{"@id":"https:\/\/www.tabakversand.ch\/fr\/produit\/winston-volume-rouge\/#primaryimage"},"thumbnailUrl":"https:\/\/www.tabakversand.ch\/wp-content\/uploads\/2025\/03\/winston-classic-all.jpg","datePublished":"2025-03-06T10:34:43+00:00","dateModified":"2026-03-06T09:57:01+00:00","description":"Tabac rouge Winston Volume \u2013 Un m\u00e9lange am\u00e9ricain cors\u00e9 \u00e0 l'ar\u00f4me intense et riche. Coupe fine pour un roulage ou un remplissage faciles.","breadcrumb":{"@id":"https:\/\/www.tabakversand.ch\/fr\/produit\/winston-volume-rouge\/#breadcrumb"},"inLanguage":"fr-FR","potentialAction":[{"@type":"ReadAction","target":["https:\/\/www.tabakversand.ch\/fr\/produit\/winston-volume-rouge\/"]}]},{"@type":"ImageObject","inLanguage":"fr-FR","@id":"https:\/\/www.tabakversand.ch\/fr\/produit\/winston-volume-rouge\/#primaryimage","url":"https:\/\/www.tabakversand.ch\/wp-content\/uploads\/2025\/03\/winston-classic-all.jpg","contentUrl":"https:\/\/www.tabakversand.ch\/wp-content\/uploads\/2025\/03\/winston-classic-all.jpg","width":500,"height":501,"caption":"Winston Volume Rouge | tabakversand.ch"},{"@type":"BreadcrumbList","@id":"https:\/\/www.tabakversand.ch\/fr\/produit\/winston-volume-rouge\/#breadcrumb","itemListElement":[{"@type":"ListItem","position":1,"name":"Startseite","item":"https:\/\/www.tabakversand.ch\/"},{"@type":"ListItem","position":2,"name":"Boutique","item":"https:\/\/www.tabakversand.ch\/fr\/boutique\/"},{"@type":"ListItem","position":3,"name":"Winston Volume Rouge"}]},{"@type":"WebSite","@id":"https:\/\/www.tabakversand.ch\/#website","url":"https:\/\/www.tabakversand.ch\/","name":"Tabakversand.ch | Alles aus der Welt des Tabaks","description":"Smoke and carpe diem","potentialAction":[{"@type":"SearchAction","target":{"@type":"EntryPoint","urlTemplate":"https:\/\/www.tabakversand.ch\/?s={search_term_string}"},"query-input":{"@type":"PropertyValueSpecification","valueRequired":true,"valueName":"search_term_string"}}],"inLanguage":"fr-FR"}]}},"_links":{"self":[{"href":"https:\/\/www.tabakversand.ch\/fr\/wp-json\/wp\/v2\/product\/175295","targetHints":{"allow":["GET"]}}],"collection":[{"href":"https:\/\/www.tabakversand.ch\/fr\/wp-json\/wp\/v2\/product"}],"about":[{"href":"https:\/\/www.tabakversand.ch\/fr\/wp-json\/wp\/v2\/types\/product"}],"version-history":[{"count":6,"href":"https:\/\/www.tabakversand.ch\/fr\/wp-json\/wp\/v2\/product\/175295\/revisions"}],"predecessor-version":[{"id":213864,"href":"https:\/\/www.tabakversand.ch\/fr\/wp-json\/wp\/v2\/product\/175295\/revisions\/213864"}],"wp:featuredmedia":[{"embeddable":true,"href":"https:\/\/www.tabakversand.ch\/fr\/wp-json\/wp\/v2\/media\/213840"}],"wp:attachment":[{"href":"https:\/\/www.tabakversand.ch\/fr\/wp-json\/wp\/v2\/media?parent=175295"}],"wp:term":[{"taxonomy":"product_brand","embeddable":true,"href":"https:\/\/www.tabakversand.ch\/fr\/wp-json\/wp\/v2\/product_brand?post=175295"},{"taxonomy":"product_cat","embeddable":true,"href":"https:\/\/www.tabakversand.ch\/fr\/wp-json\/wp\/v2\/product_cat?post=175295"},{"taxonomy":"product_tag","embeddable":true,"href":"https:\/\/www.tabakversand.ch\/fr\/wp-json\/wp\/v2\/product_tag?post=175295"}],"curies":[{"name":"wp","href":"https:\/\/api.w.org\/{rel}","templated":true}]}}