{"id":175523,"date":"2025-03-07T12:58:30","date_gmt":"2025-03-07T11:58:30","guid":{"rendered":"https:\/\/www.tabakversand.ch\/?post_type=product&#038;p=175523"},"modified":"2025-03-07T13:07:54","modified_gmt":"2025-03-07T12:07:54","slug":"coupe-poincon-double-myon-gris-avec-porte-cles","status":"publish","type":"product","link":"https:\/\/www.tabakversand.ch\/fr\/produit\/coupe-poincon-double-myon-gris-avec-porte-cles\/","title":{"rendered":"Coupe-poin\u00e7on double Myon gris avec porte-cl\u00e9s"},"content":{"rendered":"<p>Coupe-poin\u00e7on double Myon gris avec porte-cl\u00e9s<\/p>\n<p>Lames DM : 1 x 8 mm et 1 x 10 mm<\/p>\n<p>m\u00e9tal<\/p>\n<p>Tous les prix s&rsquo;appliquent uniquement aux commandes en ligne et incluent la TVA. TVA, sous r\u00e9serve de modifications plus Exp\u00e9dition. Sous r\u00e9serve d&rsquo;erreurs, de modifications de l&rsquo;\u00e9tendue de la livraison et de la conception, d&rsquo;erreurs d&rsquo;impression et de modifications de prix. Les prix barr\u00e9s sont plut\u00f4t des prix. L&rsquo;illustration peut diff\u00e9rer de l&rsquo;original\/de l&rsquo;\u00e9tendue de la livraison.<br \/>\n*Livraison gratuite pour les commandes sup\u00e9rieures \u00e0 CHF 250.<\/p>\n","protected":false},"excerpt":{"rendered":"<p>Coupe-poin\u00e7on double Myon gris avec porte-cl\u00e9s Lames DM : 1 x 8 mm et 1 x 10 mm m\u00e9tal Tous les prix s&rsquo;appliquent uniquement aux commandes en ligne et incluent la TVA. TVA, sous r\u00e9serve de modifications plus Exp\u00e9dition. Sous r\u00e9serve d&rsquo;erreurs, de modifications de l&rsquo;\u00e9tendue de la livraison et de la conception, d&rsquo;erreurs d&rsquo;impression [&hellip;]<\/p>\n","protected":false},"featured_media":175527,"template":"","meta":[],"product_brand":[],"product_cat":[2119,2118,3337,1994],"product_tag":[],"class_list":{"0":"post-175523","1":"product","2":"type-product","3":"status-publish","4":"has-post-thumbnail","6":"product_cat-accessoires-pour-cigares","7":"product_cat-coupe-cigares","8":"product_cat-coupe-poincon","9":"product_cat-monde-du-cigare","11":"first","12":"instock","13":"featured","14":"purchasable","15":"product-type-simple"},"yoast_head":"<!-- This site is optimized with the Yoast SEO plugin v27.0 - https:\/\/yoast.com\/product\/yoast-seo-wordpress\/ -->\n<title>Coupe-poin\u00e7on double Myon gris avec porte-cl\u00e9s - Tabakversand.ch | Alles aus der Welt des Tabaks<\/title>\n<meta name=\"description\" content=\"Cutter double poin\u00e7on Myon gris avec porte-cl\u00e9s | Un large choix de produits du tabac, de cigarettes \u00e9lectroniques et d&#039;accessoires pour fumeurs dans toute la Suisse | Cartes accept\u00e9es !\" \/>\n<meta name=\"robots\" content=\"index, follow, max-snippet:-1, max-image-preview:large, max-video-preview:-1\" \/>\n<link rel=\"canonical\" href=\"https:\/\/www.tabakversand.ch\/fr\/produit\/coupe-poincon-double-myon-gris-avec-porte-cles\/\" \/>\n<meta property=\"og:locale\" content=\"fr_FR\" \/>\n<meta property=\"og:type\" content=\"article\" \/>\n<meta property=\"og:title\" content=\"Coupe-poin\u00e7on double Myon gris avec porte-cl\u00e9s - Tabakversand.ch | Alles aus der Welt des Tabaks\" \/>\n<meta property=\"og:description\" content=\"Cutter double poin\u00e7on Myon gris avec porte-cl\u00e9s | Un large choix de produits du tabac, de cigarettes \u00e9lectroniques et d&#039;accessoires pour fumeurs dans toute la Suisse | Cartes accept\u00e9es !\" \/>\n<meta property=\"og:url\" content=\"https:\/\/www.tabakversand.ch\/fr\/produit\/coupe-poincon-double-myon-gris-avec-porte-cles\/\" \/>\n<meta property=\"og:site_name\" content=\"Tabakversand.ch | Alles aus der Welt des Tabaks\" \/>\n<meta property=\"article:modified_time\" content=\"2025-03-07T12:07:54+00:00\" \/>\n<meta property=\"og:image\" content=\"https:\/\/www.tabakversand.ch\/wp-content\/uploads\/2025\/03\/myon-punch-cutter-grau-40025.jpg\" \/>\n\t<meta property=\"og:image:width\" content=\"500\" \/>\n\t<meta property=\"og:image:height\" content=\"500\" \/>\n\t<meta property=\"og:image:type\" content=\"image\/jpeg\" \/>\n<meta name=\"twitter:card\" content=\"summary_large_image\" \/>\n<meta name=\"twitter:label1\" content=\"Dur\u00e9e de lecture estim\u00e9e\" \/>\n\t<meta name=\"twitter:data1\" content=\"1 minute\" \/>\n<script type=\"application\/ld+json\" class=\"yoast-schema-graph\">{\"@context\":\"https:\/\/schema.org\",\"@graph\":[{\"@type\":\"WebPage\",\"@id\":\"https:\/\/www.tabakversand.ch\/fr\/produit\/coupe-poincon-double-myon-gris-avec-porte-cles\/\",\"url\":\"https:\/\/www.tabakversand.ch\/fr\/produit\/coupe-poincon-double-myon-gris-avec-porte-cles\/\",\"name\":\"Coupe-poin\u00e7on double Myon gris avec porte-cl\u00e9s - Tabakversand.ch | Alles aus der Welt des Tabaks\",\"isPartOf\":{\"@id\":\"https:\/\/www.tabakversand.ch\/#website\"},\"primaryImageOfPage\":{\"@id\":\"https:\/\/www.tabakversand.ch\/fr\/produit\/coupe-poincon-double-myon-gris-avec-porte-cles\/#primaryimage\"},\"image\":{\"@id\":\"https:\/\/www.tabakversand.ch\/fr\/produit\/coupe-poincon-double-myon-gris-avec-porte-cles\/#primaryimage\"},\"thumbnailUrl\":\"https:\/\/www.tabakversand.ch\/wp-content\/uploads\/2025\/03\/myon-punch-cutter-grau-40025.jpg\",\"datePublished\":\"2025-03-07T11:58:30+00:00\",\"dateModified\":\"2025-03-07T12:07:54+00:00\",\"description\":\"Cutter double poin\u00e7on Myon gris avec porte-cl\u00e9s | Un large choix de produits du tabac, de cigarettes \u00e9lectroniques et d'accessoires pour fumeurs dans toute la Suisse | Cartes accept\u00e9es !\",\"breadcrumb\":{\"@id\":\"https:\/\/www.tabakversand.ch\/fr\/produit\/coupe-poincon-double-myon-gris-avec-porte-cles\/#breadcrumb\"},\"inLanguage\":\"fr-FR\",\"potentialAction\":[{\"@type\":\"ReadAction\",\"target\":[\"https:\/\/www.tabakversand.ch\/fr\/produit\/coupe-poincon-double-myon-gris-avec-porte-cles\/\"]}]},{\"@type\":\"ImageObject\",\"inLanguage\":\"fr-FR\",\"@id\":\"https:\/\/www.tabakversand.ch\/fr\/produit\/coupe-poincon-double-myon-gris-avec-porte-cles\/#primaryimage\",\"url\":\"https:\/\/www.tabakversand.ch\/wp-content\/uploads\/2025\/03\/myon-punch-cutter-grau-40025.jpg\",\"contentUrl\":\"https:\/\/www.tabakversand.ch\/wp-content\/uploads\/2025\/03\/myon-punch-cutter-grau-40025.jpg\",\"width\":500,\"height\":500,\"caption\":\"Myon Doppel Punch Cutter grau mit Schl\u00fcsselanh\u00e4nger\"},{\"@type\":\"BreadcrumbList\",\"@id\":\"https:\/\/www.tabakversand.ch\/fr\/produit\/coupe-poincon-double-myon-gris-avec-porte-cles\/#breadcrumb\",\"itemListElement\":[{\"@type\":\"ListItem\",\"position\":1,\"name\":\"Startseite\",\"item\":\"https:\/\/www.tabakversand.ch\/\"},{\"@type\":\"ListItem\",\"position\":2,\"name\":\"Boutique\",\"item\":\"https:\/\/www.tabakversand.ch\/fr\/boutique\/\"},{\"@type\":\"ListItem\",\"position\":3,\"name\":\"Coupe-poin\u00e7on double Myon gris avec porte-cl\u00e9s\"}]},{\"@type\":\"WebSite\",\"@id\":\"https:\/\/www.tabakversand.ch\/#website\",\"url\":\"https:\/\/www.tabakversand.ch\/\",\"name\":\"Tabakversand.ch | Alles aus der Welt des Tabaks\",\"description\":\"Smoke and carpe diem\",\"potentialAction\":[{\"@type\":\"SearchAction\",\"target\":{\"@type\":\"EntryPoint\",\"urlTemplate\":\"https:\/\/www.tabakversand.ch\/?s={search_term_string}\"},\"query-input\":{\"@type\":\"PropertyValueSpecification\",\"valueRequired\":true,\"valueName\":\"search_term_string\"}}],\"inLanguage\":\"fr-FR\"}]}<\/script>\n<!-- \/ Yoast SEO plugin. -->","yoast_head_json":{"title":"Coupe-poin\u00e7on double Myon gris avec porte-cl\u00e9s - Tabakversand.ch | Alles aus der Welt des Tabaks","description":"Cutter double poin\u00e7on Myon gris avec porte-cl\u00e9s | Un large choix de produits du tabac, de cigarettes \u00e9lectroniques et d'accessoires pour fumeurs dans toute la Suisse | Cartes accept\u00e9es !","robots":{"index":"index","follow":"follow","max-snippet":"max-snippet:-1","max-image-preview":"max-image-preview:large","max-video-preview":"max-video-preview:-1"},"canonical":"https:\/\/www.tabakversand.ch\/fr\/produit\/coupe-poincon-double-myon-gris-avec-porte-cles\/","og_locale":"fr_FR","og_type":"article","og_title":"Coupe-poin\u00e7on double Myon gris avec porte-cl\u00e9s - Tabakversand.ch | Alles aus der Welt des Tabaks","og_description":"Cutter double poin\u00e7on Myon gris avec porte-cl\u00e9s | Un large choix de produits du tabac, de cigarettes \u00e9lectroniques et d'accessoires pour fumeurs dans toute la Suisse | Cartes accept\u00e9es !","og_url":"https:\/\/www.tabakversand.ch\/fr\/produit\/coupe-poincon-double-myon-gris-avec-porte-cles\/","og_site_name":"Tabakversand.ch | Alles aus der Welt des Tabaks","article_modified_time":"2025-03-07T12:07:54+00:00","og_image":[{"width":500,"height":500,"url":"https:\/\/www.tabakversand.ch\/wp-content\/uploads\/2025\/03\/myon-punch-cutter-grau-40025.jpg","type":"image\/jpeg"}],"twitter_card":"summary_large_image","twitter_misc":{"Dur\u00e9e de lecture estim\u00e9e":"1 minute"},"schema":{"@context":"https:\/\/schema.org","@graph":[{"@type":"WebPage","@id":"https:\/\/www.tabakversand.ch\/fr\/produit\/coupe-poincon-double-myon-gris-avec-porte-cles\/","url":"https:\/\/www.tabakversand.ch\/fr\/produit\/coupe-poincon-double-myon-gris-avec-porte-cles\/","name":"Coupe-poin\u00e7on double Myon gris avec porte-cl\u00e9s - Tabakversand.ch | Alles aus der Welt des Tabaks","isPartOf":{"@id":"https:\/\/www.tabakversand.ch\/#website"},"primaryImageOfPage":{"@id":"https:\/\/www.tabakversand.ch\/fr\/produit\/coupe-poincon-double-myon-gris-avec-porte-cles\/#primaryimage"},"image":{"@id":"https:\/\/www.tabakversand.ch\/fr\/produit\/coupe-poincon-double-myon-gris-avec-porte-cles\/#primaryimage"},"thumbnailUrl":"https:\/\/www.tabakversand.ch\/wp-content\/uploads\/2025\/03\/myon-punch-cutter-grau-40025.jpg","datePublished":"2025-03-07T11:58:30+00:00","dateModified":"2025-03-07T12:07:54+00:00","description":"Cutter double poin\u00e7on Myon gris avec porte-cl\u00e9s | Un large choix de produits du tabac, de cigarettes \u00e9lectroniques et d'accessoires pour fumeurs dans toute la Suisse | Cartes accept\u00e9es !","breadcrumb":{"@id":"https:\/\/www.tabakversand.ch\/fr\/produit\/coupe-poincon-double-myon-gris-avec-porte-cles\/#breadcrumb"},"inLanguage":"fr-FR","potentialAction":[{"@type":"ReadAction","target":["https:\/\/www.tabakversand.ch\/fr\/produit\/coupe-poincon-double-myon-gris-avec-porte-cles\/"]}]},{"@type":"ImageObject","inLanguage":"fr-FR","@id":"https:\/\/www.tabakversand.ch\/fr\/produit\/coupe-poincon-double-myon-gris-avec-porte-cles\/#primaryimage","url":"https:\/\/www.tabakversand.ch\/wp-content\/uploads\/2025\/03\/myon-punch-cutter-grau-40025.jpg","contentUrl":"https:\/\/www.tabakversand.ch\/wp-content\/uploads\/2025\/03\/myon-punch-cutter-grau-40025.jpg","width":500,"height":500,"caption":"Myon Doppel Punch Cutter grau mit Schl\u00fcsselanh\u00e4nger"},{"@type":"BreadcrumbList","@id":"https:\/\/www.tabakversand.ch\/fr\/produit\/coupe-poincon-double-myon-gris-avec-porte-cles\/#breadcrumb","itemListElement":[{"@type":"ListItem","position":1,"name":"Startseite","item":"https:\/\/www.tabakversand.ch\/"},{"@type":"ListItem","position":2,"name":"Boutique","item":"https:\/\/www.tabakversand.ch\/fr\/boutique\/"},{"@type":"ListItem","position":3,"name":"Coupe-poin\u00e7on double Myon gris avec porte-cl\u00e9s"}]},{"@type":"WebSite","@id":"https:\/\/www.tabakversand.ch\/#website","url":"https:\/\/www.tabakversand.ch\/","name":"Tabakversand.ch | Alles aus der Welt des Tabaks","description":"Smoke and carpe diem","potentialAction":[{"@type":"SearchAction","target":{"@type":"EntryPoint","urlTemplate":"https:\/\/www.tabakversand.ch\/?s={search_term_string}"},"query-input":{"@type":"PropertyValueSpecification","valueRequired":true,"valueName":"search_term_string"}}],"inLanguage":"fr-FR"}]}},"_links":{"self":[{"href":"https:\/\/www.tabakversand.ch\/fr\/wp-json\/wp\/v2\/product\/175523","targetHints":{"allow":["GET"]}}],"collection":[{"href":"https:\/\/www.tabakversand.ch\/fr\/wp-json\/wp\/v2\/product"}],"about":[{"href":"https:\/\/www.tabakversand.ch\/fr\/wp-json\/wp\/v2\/types\/product"}],"version-history":[{"count":2,"href":"https:\/\/www.tabakversand.ch\/fr\/wp-json\/wp\/v2\/product\/175523\/revisions"}],"predecessor-version":[{"id":175539,"href":"https:\/\/www.tabakversand.ch\/fr\/wp-json\/wp\/v2\/product\/175523\/revisions\/175539"}],"wp:featuredmedia":[{"embeddable":true,"href":"https:\/\/www.tabakversand.ch\/fr\/wp-json\/wp\/v2\/media\/175527"}],"wp:attachment":[{"href":"https:\/\/www.tabakversand.ch\/fr\/wp-json\/wp\/v2\/media?parent=175523"}],"wp:term":[{"taxonomy":"product_brand","embeddable":true,"href":"https:\/\/www.tabakversand.ch\/fr\/wp-json\/wp\/v2\/product_brand?post=175523"},{"taxonomy":"product_cat","embeddable":true,"href":"https:\/\/www.tabakversand.ch\/fr\/wp-json\/wp\/v2\/product_cat?post=175523"},{"taxonomy":"product_tag","embeddable":true,"href":"https:\/\/www.tabakversand.ch\/fr\/wp-json\/wp\/v2\/product_tag?post=175523"}],"curies":[{"name":"wp","href":"https:\/\/api.w.org\/{rel}","templated":true}]}}