{"id":175813,"date":"2025-03-13T12:20:06","date_gmt":"2025-03-13T11:20:06","guid":{"rendered":"https:\/\/www.tabakversand.ch\/?post_type=product&#038;p=175813"},"modified":"2026-03-13T13:37:18","modified_gmt":"2026-03-13T12:37:18","slug":"tubes-filtrants-mascotte-x-long-10-x-200-pcs","status":"publish","type":"product","link":"https:\/\/www.tabakversand.ch\/fr\/produit\/tubes-filtrants-mascotte-x-long-10-x-200-pcs\/","title":{"rendered":"Mascotte manches X-Long 5 x 200 pi\u00e8ces."},"content":{"rendered":"<h1>Mascotte manches longues<\/h1>\n<p>Plus de plaisir avec une longueur suppl\u00e9mentaire<\/p>\n<p>Les tubes \u00e0 cigarettes Mascotte X-Long sont parfaits pour ceux qui pr\u00e9f\u00e8rent des filtres plus longs pour rouler leurs cigarettes. Leur fabrication de haute qualit\u00e9 garantit un remplissage propre et une combustion uniforme. <\/p>\n<ul>\n<li>5 x 200 pi\u00e8ces.<\/li>\n<\/ul>\n<p>Chez tabakversand.ch, vos tubes filtrants Mascotte X-Long vous sont livr\u00e9s parfaitement conserv\u00e9s dans leur emballage d&rsquo;origine. Un stockage soign\u00e9 garantit une qualit\u00e9 optimale jusqu&rsquo;\u00e0 l&rsquo;exp\u00e9dition. Gr\u00e2ce \u00e0 une livraison rapide en Suisse, vos tubes filtrants vous parviennent g\u00e9n\u00e9ralement tr\u00e8s rapidement.  <\/p>\n<p>Pour plus d&rsquo;informations sur le fabricant Mascotte, veuillez consulter son site web officiel&nbsp;: <a href=\"https:\/\/www.mascotte.eu\/inter_en\/\">cliquez ici<\/a> . Pour toute question concernant le produit, n&rsquo;h\u00e9sitez pas \u00e0 nous contacter&nbsp;: <a href=\"https:\/\/www.tabakversand.ch\/kontakt\/\">cliquez ici<\/a> . <\/p>\n<p>Tous les prix s&rsquo;appliquent uniquement aux commandes en ligne et incluent la TVA. Sous r\u00e9serve de modifications sans pr\u00e9avis, frais de livraison en sus. Sous r\u00e9serve d&rsquo;erreurs, de modifications de contenu de livraison et de conception, de fautes d&rsquo;impression et de modifications de prix. Les prix barr\u00e9s sont des prix de remplacement. Les illustrations peuvent diff\u00e9rer de l&rsquo;original\/du contenu de livraison.<br \/>\n*Livraison gratuite pour les commandes sup\u00e9rieures \u00e0 CHF 250.-.<\/p>\n","protected":false},"excerpt":{"rendered":"<p>Mascotte manches longues Plus de plaisir avec une longueur suppl\u00e9mentaire Les tubes \u00e0 cigarettes Mascotte X-Long sont parfaits pour ceux qui pr\u00e9f\u00e8rent des filtres plus longs pour rouler leurs cigarettes. Leur fabrication de haute qualit\u00e9 garantit un remplissage propre et une combustion uniforme. 5 x 200 pi\u00e8ces. Chez tabakversand.ch, vos tubes filtrants Mascotte X-Long vous [&hellip;]<\/p>\n","protected":false},"featured_media":211739,"template":"","meta":[],"product_brand":[1554],"product_cat":[1961,1956],"product_tag":[],"class_list":{"0":"post-175813","1":"product","2":"type-product","3":"status-publish","4":"has-post-thumbnail","6":"product_brand-mascotte","7":"product_cat-cigarettes-self-made-fr-2","8":"product_cat-dosettes-de-cigarettes","10":"first","11":"instock","12":"purchasable","13":"product-type-simple"},"yoast_head":"<!-- This site is optimized with the Yoast SEO plugin v27.0 - https:\/\/yoast.com\/product\/yoast-seo-wordpress\/ -->\n<title>Achetez des tubes filtrants Mascotte X-Long \u2013 Filtre extra long<\/title>\n<meta name=\"description\" content=\"Tubes Mascotte X-Long \u2013 Tubes \u00e0 cigarettes avec filtre extra-long et stable, offrant un ajustement parfait. Pour un tirage doux.\" \/>\n<meta name=\"robots\" content=\"index, follow, max-snippet:-1, max-image-preview:large, max-video-preview:-1\" \/>\n<link rel=\"canonical\" href=\"https:\/\/www.tabakversand.ch\/fr\/produit\/tubes-filtrants-mascotte-x-long-10-x-200-pcs\/\" \/>\n<meta property=\"og:locale\" content=\"fr_FR\" \/>\n<meta property=\"og:type\" content=\"article\" \/>\n<meta property=\"og:title\" content=\"Achetez des tubes filtrants Mascotte X-Long \u2013 Filtre extra long\" \/>\n<meta property=\"og:description\" content=\"Tubes Mascotte X-Long \u2013 Tubes \u00e0 cigarettes avec filtre extra-long et stable, offrant un ajustement parfait. Pour un tirage doux.\" \/>\n<meta property=\"og:url\" content=\"https:\/\/www.tabakversand.ch\/fr\/produit\/tubes-filtrants-mascotte-x-long-10-x-200-pcs\/\" \/>\n<meta property=\"og:site_name\" content=\"Tabakversand.ch | Alles aus der Welt des Tabaks\" \/>\n<meta property=\"article:modified_time\" content=\"2026-03-13T12:37:18+00:00\" \/>\n<meta property=\"og:image\" content=\"https:\/\/www.tabakversand.ch\/wp-content\/uploads\/2025\/03\/mascotte-x-long-200.jpg\" \/>\n\t<meta property=\"og:image:width\" content=\"500\" \/>\n\t<meta property=\"og:image:height\" content=\"501\" \/>\n\t<meta property=\"og:image:type\" content=\"image\/jpeg\" \/>\n<meta name=\"twitter:card\" content=\"summary_large_image\" \/>\n<meta name=\"twitter:label1\" content=\"Dur\u00e9e de lecture estim\u00e9e\" \/>\n\t<meta name=\"twitter:data1\" content=\"1 minute\" \/>\n<script type=\"application\/ld+json\" class=\"yoast-schema-graph\">{\"@context\":\"https:\/\/schema.org\",\"@graph\":[{\"@type\":\"WebPage\",\"@id\":\"https:\/\/www.tabakversand.ch\/fr\/produit\/tubes-filtrants-mascotte-x-long-10-x-200-pcs\/\",\"url\":\"https:\/\/www.tabakversand.ch\/fr\/produit\/tubes-filtrants-mascotte-x-long-10-x-200-pcs\/\",\"name\":\"Achetez des tubes filtrants Mascotte X-Long \u2013 Filtre extra long\",\"isPartOf\":{\"@id\":\"https:\/\/www.tabakversand.ch\/#website\"},\"primaryImageOfPage\":{\"@id\":\"https:\/\/www.tabakversand.ch\/fr\/produit\/tubes-filtrants-mascotte-x-long-10-x-200-pcs\/#primaryimage\"},\"image\":{\"@id\":\"https:\/\/www.tabakversand.ch\/fr\/produit\/tubes-filtrants-mascotte-x-long-10-x-200-pcs\/#primaryimage\"},\"thumbnailUrl\":\"https:\/\/www.tabakversand.ch\/wp-content\/uploads\/2025\/03\/mascotte-x-long-200.jpg\",\"datePublished\":\"2025-03-13T11:20:06+00:00\",\"dateModified\":\"2026-03-13T12:37:18+00:00\",\"description\":\"Tubes Mascotte X-Long \u2013 Tubes \u00e0 cigarettes avec filtre extra-long et stable, offrant un ajustement parfait. Pour un tirage doux.\",\"breadcrumb\":{\"@id\":\"https:\/\/www.tabakversand.ch\/fr\/produit\/tubes-filtrants-mascotte-x-long-10-x-200-pcs\/#breadcrumb\"},\"inLanguage\":\"fr-FR\",\"potentialAction\":[{\"@type\":\"ReadAction\",\"target\":[\"https:\/\/www.tabakversand.ch\/fr\/produit\/tubes-filtrants-mascotte-x-long-10-x-200-pcs\/\"]}]},{\"@type\":\"ImageObject\",\"inLanguage\":\"fr-FR\",\"@id\":\"https:\/\/www.tabakversand.ch\/fr\/produit\/tubes-filtrants-mascotte-x-long-10-x-200-pcs\/#primaryimage\",\"url\":\"https:\/\/www.tabakversand.ch\/wp-content\/uploads\/2025\/03\/mascotte-x-long-200.jpg\",\"contentUrl\":\"https:\/\/www.tabakversand.ch\/wp-content\/uploads\/2025\/03\/mascotte-x-long-200.jpg\",\"width\":500,\"height\":501,\"caption\":\"Tubes filtrants Mascotte X-Long 10 x 200 pcs. | tabakversand.ch\"},{\"@type\":\"BreadcrumbList\",\"@id\":\"https:\/\/www.tabakversand.ch\/fr\/produit\/tubes-filtrants-mascotte-x-long-10-x-200-pcs\/#breadcrumb\",\"itemListElement\":[{\"@type\":\"ListItem\",\"position\":1,\"name\":\"Startseite\",\"item\":\"https:\/\/www.tabakversand.ch\/\"},{\"@type\":\"ListItem\",\"position\":2,\"name\":\"Boutique\",\"item\":\"https:\/\/www.tabakversand.ch\/fr\/boutique\/\"},{\"@type\":\"ListItem\",\"position\":3,\"name\":\"Mascotte manches X-Long 5 x 200 pi\u00e8ces.\"}]},{\"@type\":\"WebSite\",\"@id\":\"https:\/\/www.tabakversand.ch\/#website\",\"url\":\"https:\/\/www.tabakversand.ch\/\",\"name\":\"Tabakversand.ch | Alles aus der Welt des Tabaks\",\"description\":\"Smoke and carpe diem\",\"potentialAction\":[{\"@type\":\"SearchAction\",\"target\":{\"@type\":\"EntryPoint\",\"urlTemplate\":\"https:\/\/www.tabakversand.ch\/?s={search_term_string}\"},\"query-input\":{\"@type\":\"PropertyValueSpecification\",\"valueRequired\":true,\"valueName\":\"search_term_string\"}}],\"inLanguage\":\"fr-FR\"}]}<\/script>\n<!-- \/ Yoast SEO plugin. -->","yoast_head_json":{"title":"Achetez des tubes filtrants Mascotte X-Long \u2013 Filtre extra long","description":"Tubes Mascotte X-Long \u2013 Tubes \u00e0 cigarettes avec filtre extra-long et stable, offrant un ajustement parfait. Pour un tirage doux.","robots":{"index":"index","follow":"follow","max-snippet":"max-snippet:-1","max-image-preview":"max-image-preview:large","max-video-preview":"max-video-preview:-1"},"canonical":"https:\/\/www.tabakversand.ch\/fr\/produit\/tubes-filtrants-mascotte-x-long-10-x-200-pcs\/","og_locale":"fr_FR","og_type":"article","og_title":"Achetez des tubes filtrants Mascotte X-Long \u2013 Filtre extra long","og_description":"Tubes Mascotte X-Long \u2013 Tubes \u00e0 cigarettes avec filtre extra-long et stable, offrant un ajustement parfait. Pour un tirage doux.","og_url":"https:\/\/www.tabakversand.ch\/fr\/produit\/tubes-filtrants-mascotte-x-long-10-x-200-pcs\/","og_site_name":"Tabakversand.ch | Alles aus der Welt des Tabaks","article_modified_time":"2026-03-13T12:37:18+00:00","og_image":[{"width":500,"height":501,"url":"https:\/\/www.tabakversand.ch\/wp-content\/uploads\/2025\/03\/mascotte-x-long-200.jpg","type":"image\/jpeg"}],"twitter_card":"summary_large_image","twitter_misc":{"Dur\u00e9e de lecture estim\u00e9e":"1 minute"},"schema":{"@context":"https:\/\/schema.org","@graph":[{"@type":"WebPage","@id":"https:\/\/www.tabakversand.ch\/fr\/produit\/tubes-filtrants-mascotte-x-long-10-x-200-pcs\/","url":"https:\/\/www.tabakversand.ch\/fr\/produit\/tubes-filtrants-mascotte-x-long-10-x-200-pcs\/","name":"Achetez des tubes filtrants Mascotte X-Long \u2013 Filtre extra long","isPartOf":{"@id":"https:\/\/www.tabakversand.ch\/#website"},"primaryImageOfPage":{"@id":"https:\/\/www.tabakversand.ch\/fr\/produit\/tubes-filtrants-mascotte-x-long-10-x-200-pcs\/#primaryimage"},"image":{"@id":"https:\/\/www.tabakversand.ch\/fr\/produit\/tubes-filtrants-mascotte-x-long-10-x-200-pcs\/#primaryimage"},"thumbnailUrl":"https:\/\/www.tabakversand.ch\/wp-content\/uploads\/2025\/03\/mascotte-x-long-200.jpg","datePublished":"2025-03-13T11:20:06+00:00","dateModified":"2026-03-13T12:37:18+00:00","description":"Tubes Mascotte X-Long \u2013 Tubes \u00e0 cigarettes avec filtre extra-long et stable, offrant un ajustement parfait. Pour un tirage doux.","breadcrumb":{"@id":"https:\/\/www.tabakversand.ch\/fr\/produit\/tubes-filtrants-mascotte-x-long-10-x-200-pcs\/#breadcrumb"},"inLanguage":"fr-FR","potentialAction":[{"@type":"ReadAction","target":["https:\/\/www.tabakversand.ch\/fr\/produit\/tubes-filtrants-mascotte-x-long-10-x-200-pcs\/"]}]},{"@type":"ImageObject","inLanguage":"fr-FR","@id":"https:\/\/www.tabakversand.ch\/fr\/produit\/tubes-filtrants-mascotte-x-long-10-x-200-pcs\/#primaryimage","url":"https:\/\/www.tabakversand.ch\/wp-content\/uploads\/2025\/03\/mascotte-x-long-200.jpg","contentUrl":"https:\/\/www.tabakversand.ch\/wp-content\/uploads\/2025\/03\/mascotte-x-long-200.jpg","width":500,"height":501,"caption":"Tubes filtrants Mascotte X-Long 10 x 200 pcs. | tabakversand.ch"},{"@type":"BreadcrumbList","@id":"https:\/\/www.tabakversand.ch\/fr\/produit\/tubes-filtrants-mascotte-x-long-10-x-200-pcs\/#breadcrumb","itemListElement":[{"@type":"ListItem","position":1,"name":"Startseite","item":"https:\/\/www.tabakversand.ch\/"},{"@type":"ListItem","position":2,"name":"Boutique","item":"https:\/\/www.tabakversand.ch\/fr\/boutique\/"},{"@type":"ListItem","position":3,"name":"Mascotte manches X-Long 5 x 200 pi\u00e8ces."}]},{"@type":"WebSite","@id":"https:\/\/www.tabakversand.ch\/#website","url":"https:\/\/www.tabakversand.ch\/","name":"Tabakversand.ch | Alles aus der Welt des Tabaks","description":"Smoke and carpe diem","potentialAction":[{"@type":"SearchAction","target":{"@type":"EntryPoint","urlTemplate":"https:\/\/www.tabakversand.ch\/?s={search_term_string}"},"query-input":{"@type":"PropertyValueSpecification","valueRequired":true,"valueName":"search_term_string"}}],"inLanguage":"fr-FR"}]}},"_links":{"self":[{"href":"https:\/\/www.tabakversand.ch\/fr\/wp-json\/wp\/v2\/product\/175813","targetHints":{"allow":["GET"]}}],"collection":[{"href":"https:\/\/www.tabakversand.ch\/fr\/wp-json\/wp\/v2\/product"}],"about":[{"href":"https:\/\/www.tabakversand.ch\/fr\/wp-json\/wp\/v2\/types\/product"}],"version-history":[{"count":5,"href":"https:\/\/www.tabakversand.ch\/fr\/wp-json\/wp\/v2\/product\/175813\/revisions"}],"predecessor-version":[{"id":214050,"href":"https:\/\/www.tabakversand.ch\/fr\/wp-json\/wp\/v2\/product\/175813\/revisions\/214050"}],"wp:featuredmedia":[{"embeddable":true,"href":"https:\/\/www.tabakversand.ch\/fr\/wp-json\/wp\/v2\/media\/211739"}],"wp:attachment":[{"href":"https:\/\/www.tabakversand.ch\/fr\/wp-json\/wp\/v2\/media?parent=175813"}],"wp:term":[{"taxonomy":"product_brand","embeddable":true,"href":"https:\/\/www.tabakversand.ch\/fr\/wp-json\/wp\/v2\/product_brand?post=175813"},{"taxonomy":"product_cat","embeddable":true,"href":"https:\/\/www.tabakversand.ch\/fr\/wp-json\/wp\/v2\/product_cat?post=175813"},{"taxonomy":"product_tag","embeddable":true,"href":"https:\/\/www.tabakversand.ch\/fr\/wp-json\/wp\/v2\/product_tag?post=175813"}],"curies":[{"name":"wp","href":"https:\/\/api.w.org\/{rel}","templated":true}]}}