{"id":175975,"date":"2025-03-14T12:07:17","date_gmt":"2025-03-14T11:07:17","guid":{"rendered":"https:\/\/www.tabakversand.ch\/?post_type=product&#038;p=175975"},"modified":"2026-03-25T15:16:26","modified_gmt":"2026-03-25T14:16:26","slug":"cigarillos-classiques-swisher-sweets","status":"publish","type":"product","link":"https:\/\/www.tabakversand.ch\/fr\/produit\/cigarillos-classiques-swisher-sweets\/","title":{"rendered":"Cigarillos classiques Swisher Sweets"},"content":{"rendered":"<p>Cigarillos classiques Swisher Sweets<\/p>\n<p>Saveur: Tabac<\/p>\n<p>Pour fumer ou trancher et rouler \u00e0 nouveau.<\/p>\n<ul>\n<li>1 x 2 pi\u00e8ces<\/li>\n<\/ul>\n<p>Chez tabakversand.ch, vos cigarillos Swisher Sweets Classic vous sont livr\u00e9s dans leur emballage d&rsquo;origine, soigneusement conserv\u00e9s. Un stockage rigoureux garantit une pr\u00e9servation optimale de leur ar\u00f4me, de leur humidit\u00e9 et de leur qualit\u00e9 jusqu&rsquo;\u00e0 l&rsquo;exp\u00e9dition. Gr\u00e2ce \u00e0 une livraison rapide en Suisse, vos cigarillos arrivent g\u00e9n\u00e9ralement tr\u00e8s vite.  <\/p>\n<p>Pour plus d&rsquo;informations sur les blunts, veuillez consulter l&rsquo;article Wikip\u00e9dia correspondant&nbsp;: <a href=\"https:\/\/de.wikipedia.org\/wiki\/Blunt_(Cannabis)\">cliquez ici<\/a> . Si vous avez des questions concernant le produit, n&rsquo;h\u00e9sitez pas \u00e0 nous contacter&nbsp;: <a href=\"https:\/\/www.tabakversand.ch\/kontakt\/\">cliquez ici.<\/a> <\/p>\n<p>Tous les prix s&rsquo;appliquent uniquement aux commandes en ligne et incluent la TVA. Sous r\u00e9serve de modifications sans pr\u00e9avis, frais de livraison en sus. Sous r\u00e9serve d&rsquo;erreurs, de modifications de contenu de livraison et de conception, de fautes d&rsquo;impression et de modifications de prix. Les prix barr\u00e9s sont des prix de remplacement. Les illustrations peuvent diff\u00e9rer de l&rsquo;original\/du contenu de livraison.<br \/>\n*Livraison gratuite pour les commandes sup\u00e9rieures \u00e0 CHF 250.-.<\/p>\n","protected":false},"excerpt":{"rendered":"<p>Cigarillos classiques Swisher Sweets Saveur: Tabac Pour fumer ou trancher et rouler \u00e0 nouveau. 1 x 2 pi\u00e8ces Chez tabakversand.ch, vos cigarillos Swisher Sweets Classic vous sont livr\u00e9s dans leur emballage d&rsquo;origine, soigneusement conserv\u00e9s. Un stockage rigoureux garantit une pr\u00e9servation optimale de leur ar\u00f4me, de leur humidit\u00e9 et de leur qualit\u00e9 jusqu&rsquo;\u00e0 l&rsquo;exp\u00e9dition. Gr\u00e2ce \u00e0 [&hellip;]<\/p>\n","protected":false},"featured_media":175979,"template":"","meta":[],"product_brand":[5241],"product_cat":[3263,2451,3217,3219,2059,1995,1994,1888],"product_tag":[],"class_list":{"0":"post-175975","1":"product","2":"type-product","3":"status-publish","4":"has-post-thumbnail","6":"product_brand-swisher-sweets","7":"product_cat-article-long","8":"product_cat-blunts-fr","9":"product_cat-blunts-fr-2","10":"product_cat-boutique-de-tete","11":"product_cat-cigarillos-fr","12":"product_cat-divers-headshop","13":"product_cat-monde-du-cigare","14":"product_cat-tabac","16":"first","17":"instock","18":"featured","19":"purchasable","20":"product-type-simple"},"yoast_head":"<!-- This site is optimized with the Yoast SEO plugin v27.0 - https:\/\/yoast.com\/product\/yoast-seo-wordpress\/ -->\n<title>Cigarillos Swisher Sweets Classic \u2013 Le plaisir classique du tabac<\/title>\n<meta name=\"description\" content=\"Cigarillos Swisher Sweets Classic\u00a0: Cigarillos pr\u00e9-roul\u00e9s et pratiques, au go\u00fbt de tabac doux et classique. Parfaits pour une utilisation nomade.\" \/>\n<meta name=\"robots\" content=\"index, follow, max-snippet:-1, max-image-preview:large, max-video-preview:-1\" \/>\n<link rel=\"canonical\" href=\"https:\/\/www.tabakversand.ch\/fr\/produit\/cigarillos-classiques-swisher-sweets\/\" \/>\n<meta property=\"og:locale\" content=\"fr_FR\" \/>\n<meta property=\"og:type\" content=\"article\" \/>\n<meta property=\"og:title\" content=\"Cigarillos Swisher Sweets Classic \u2013 Le plaisir classique du tabac\" \/>\n<meta property=\"og:description\" content=\"Cigarillos Swisher Sweets Classic\u00a0: Cigarillos pr\u00e9-roul\u00e9s et pratiques, au go\u00fbt de tabac doux et classique. Parfaits pour une utilisation nomade.\" \/>\n<meta property=\"og:url\" content=\"https:\/\/www.tabakversand.ch\/fr\/produit\/cigarillos-classiques-swisher-sweets\/\" \/>\n<meta property=\"og:site_name\" content=\"Tabakversand.ch | Alles aus der Welt des Tabaks\" \/>\n<meta property=\"article:modified_time\" content=\"2026-03-25T14:16:26+00:00\" \/>\n<meta property=\"og:image\" content=\"https:\/\/www.tabakversand.ch\/wp-content\/uploads\/2025\/03\/swisher-sweets.jpg\" \/>\n\t<meta property=\"og:image:width\" content=\"500\" \/>\n\t<meta property=\"og:image:height\" content=\"500\" \/>\n\t<meta property=\"og:image:type\" content=\"image\/jpeg\" \/>\n<meta name=\"twitter:card\" content=\"summary_large_image\" \/>\n<meta name=\"twitter:label1\" content=\"Dur\u00e9e de lecture estim\u00e9e\" \/>\n\t<meta name=\"twitter:data1\" content=\"1 minute\" \/>\n<script type=\"application\/ld+json\" class=\"yoast-schema-graph\">{\"@context\":\"https:\/\/schema.org\",\"@graph\":[{\"@type\":\"WebPage\",\"@id\":\"https:\/\/www.tabakversand.ch\/fr\/produit\/cigarillos-classiques-swisher-sweets\/\",\"url\":\"https:\/\/www.tabakversand.ch\/fr\/produit\/cigarillos-classiques-swisher-sweets\/\",\"name\":\"Cigarillos Swisher Sweets Classic \u2013 Le plaisir classique du tabac\",\"isPartOf\":{\"@id\":\"https:\/\/www.tabakversand.ch\/#website\"},\"primaryImageOfPage\":{\"@id\":\"https:\/\/www.tabakversand.ch\/fr\/produit\/cigarillos-classiques-swisher-sweets\/#primaryimage\"},\"image\":{\"@id\":\"https:\/\/www.tabakversand.ch\/fr\/produit\/cigarillos-classiques-swisher-sweets\/#primaryimage\"},\"thumbnailUrl\":\"https:\/\/www.tabakversand.ch\/wp-content\/uploads\/2025\/03\/swisher-sweets.jpg\",\"datePublished\":\"2025-03-14T11:07:17+00:00\",\"dateModified\":\"2026-03-25T14:16:26+00:00\",\"description\":\"Cigarillos Swisher Sweets Classic\u00a0: Cigarillos pr\u00e9-roul\u00e9s et pratiques, au go\u00fbt de tabac doux et classique. Parfaits pour une utilisation nomade.\",\"breadcrumb\":{\"@id\":\"https:\/\/www.tabakversand.ch\/fr\/produit\/cigarillos-classiques-swisher-sweets\/#breadcrumb\"},\"inLanguage\":\"fr-FR\",\"potentialAction\":[{\"@type\":\"ReadAction\",\"target\":[\"https:\/\/www.tabakversand.ch\/fr\/produit\/cigarillos-classiques-swisher-sweets\/\"]}]},{\"@type\":\"ImageObject\",\"inLanguage\":\"fr-FR\",\"@id\":\"https:\/\/www.tabakversand.ch\/fr\/produit\/cigarillos-classiques-swisher-sweets\/#primaryimage\",\"url\":\"https:\/\/www.tabakversand.ch\/wp-content\/uploads\/2025\/03\/swisher-sweets.jpg\",\"contentUrl\":\"https:\/\/www.tabakversand.ch\/wp-content\/uploads\/2025\/03\/swisher-sweets.jpg\",\"width\":500,\"height\":500,\"caption\":\"Cigarillos classiques Swisher Sweets | Tabakversand.ch\"},{\"@type\":\"BreadcrumbList\",\"@id\":\"https:\/\/www.tabakversand.ch\/fr\/produit\/cigarillos-classiques-swisher-sweets\/#breadcrumb\",\"itemListElement\":[{\"@type\":\"ListItem\",\"position\":1,\"name\":\"Startseite\",\"item\":\"https:\/\/www.tabakversand.ch\/\"},{\"@type\":\"ListItem\",\"position\":2,\"name\":\"Boutique\",\"item\":\"https:\/\/www.tabakversand.ch\/fr\/boutique\/\"},{\"@type\":\"ListItem\",\"position\":3,\"name\":\"Cigarillos classiques Swisher Sweets\"}]},{\"@type\":\"WebSite\",\"@id\":\"https:\/\/www.tabakversand.ch\/#website\",\"url\":\"https:\/\/www.tabakversand.ch\/\",\"name\":\"Tabakversand.ch | Alles aus der Welt des Tabaks\",\"description\":\"Smoke and carpe diem\",\"potentialAction\":[{\"@type\":\"SearchAction\",\"target\":{\"@type\":\"EntryPoint\",\"urlTemplate\":\"https:\/\/www.tabakversand.ch\/?s={search_term_string}\"},\"query-input\":{\"@type\":\"PropertyValueSpecification\",\"valueRequired\":true,\"valueName\":\"search_term_string\"}}],\"inLanguage\":\"fr-FR\"}]}<\/script>\n<!-- \/ Yoast SEO plugin. -->","yoast_head_json":{"title":"Cigarillos Swisher Sweets Classic \u2013 Le plaisir classique du tabac","description":"Cigarillos Swisher Sweets Classic\u00a0: Cigarillos pr\u00e9-roul\u00e9s et pratiques, au go\u00fbt de tabac doux et classique. Parfaits pour une utilisation nomade.","robots":{"index":"index","follow":"follow","max-snippet":"max-snippet:-1","max-image-preview":"max-image-preview:large","max-video-preview":"max-video-preview:-1"},"canonical":"https:\/\/www.tabakversand.ch\/fr\/produit\/cigarillos-classiques-swisher-sweets\/","og_locale":"fr_FR","og_type":"article","og_title":"Cigarillos Swisher Sweets Classic \u2013 Le plaisir classique du tabac","og_description":"Cigarillos Swisher Sweets Classic\u00a0: Cigarillos pr\u00e9-roul\u00e9s et pratiques, au go\u00fbt de tabac doux et classique. Parfaits pour une utilisation nomade.","og_url":"https:\/\/www.tabakversand.ch\/fr\/produit\/cigarillos-classiques-swisher-sweets\/","og_site_name":"Tabakversand.ch | Alles aus der Welt des Tabaks","article_modified_time":"2026-03-25T14:16:26+00:00","og_image":[{"width":500,"height":500,"url":"https:\/\/www.tabakversand.ch\/wp-content\/uploads\/2025\/03\/swisher-sweets.jpg","type":"image\/jpeg"}],"twitter_card":"summary_large_image","twitter_misc":{"Dur\u00e9e de lecture estim\u00e9e":"1 minute"},"schema":{"@context":"https:\/\/schema.org","@graph":[{"@type":"WebPage","@id":"https:\/\/www.tabakversand.ch\/fr\/produit\/cigarillos-classiques-swisher-sweets\/","url":"https:\/\/www.tabakversand.ch\/fr\/produit\/cigarillos-classiques-swisher-sweets\/","name":"Cigarillos Swisher Sweets Classic \u2013 Le plaisir classique du tabac","isPartOf":{"@id":"https:\/\/www.tabakversand.ch\/#website"},"primaryImageOfPage":{"@id":"https:\/\/www.tabakversand.ch\/fr\/produit\/cigarillos-classiques-swisher-sweets\/#primaryimage"},"image":{"@id":"https:\/\/www.tabakversand.ch\/fr\/produit\/cigarillos-classiques-swisher-sweets\/#primaryimage"},"thumbnailUrl":"https:\/\/www.tabakversand.ch\/wp-content\/uploads\/2025\/03\/swisher-sweets.jpg","datePublished":"2025-03-14T11:07:17+00:00","dateModified":"2026-03-25T14:16:26+00:00","description":"Cigarillos Swisher Sweets Classic\u00a0: Cigarillos pr\u00e9-roul\u00e9s et pratiques, au go\u00fbt de tabac doux et classique. Parfaits pour une utilisation nomade.","breadcrumb":{"@id":"https:\/\/www.tabakversand.ch\/fr\/produit\/cigarillos-classiques-swisher-sweets\/#breadcrumb"},"inLanguage":"fr-FR","potentialAction":[{"@type":"ReadAction","target":["https:\/\/www.tabakversand.ch\/fr\/produit\/cigarillos-classiques-swisher-sweets\/"]}]},{"@type":"ImageObject","inLanguage":"fr-FR","@id":"https:\/\/www.tabakversand.ch\/fr\/produit\/cigarillos-classiques-swisher-sweets\/#primaryimage","url":"https:\/\/www.tabakversand.ch\/wp-content\/uploads\/2025\/03\/swisher-sweets.jpg","contentUrl":"https:\/\/www.tabakversand.ch\/wp-content\/uploads\/2025\/03\/swisher-sweets.jpg","width":500,"height":500,"caption":"Cigarillos classiques Swisher Sweets | Tabakversand.ch"},{"@type":"BreadcrumbList","@id":"https:\/\/www.tabakversand.ch\/fr\/produit\/cigarillos-classiques-swisher-sweets\/#breadcrumb","itemListElement":[{"@type":"ListItem","position":1,"name":"Startseite","item":"https:\/\/www.tabakversand.ch\/"},{"@type":"ListItem","position":2,"name":"Boutique","item":"https:\/\/www.tabakversand.ch\/fr\/boutique\/"},{"@type":"ListItem","position":3,"name":"Cigarillos classiques Swisher Sweets"}]},{"@type":"WebSite","@id":"https:\/\/www.tabakversand.ch\/#website","url":"https:\/\/www.tabakversand.ch\/","name":"Tabakversand.ch | Alles aus der Welt des Tabaks","description":"Smoke and carpe diem","potentialAction":[{"@type":"SearchAction","target":{"@type":"EntryPoint","urlTemplate":"https:\/\/www.tabakversand.ch\/?s={search_term_string}"},"query-input":{"@type":"PropertyValueSpecification","valueRequired":true,"valueName":"search_term_string"}}],"inLanguage":"fr-FR"}]}},"_links":{"self":[{"href":"https:\/\/www.tabakversand.ch\/fr\/wp-json\/wp\/v2\/product\/175975","targetHints":{"allow":["GET"]}}],"collection":[{"href":"https:\/\/www.tabakversand.ch\/fr\/wp-json\/wp\/v2\/product"}],"about":[{"href":"https:\/\/www.tabakversand.ch\/fr\/wp-json\/wp\/v2\/types\/product"}],"version-history":[{"count":4,"href":"https:\/\/www.tabakversand.ch\/fr\/wp-json\/wp\/v2\/product\/175975\/revisions"}],"predecessor-version":[{"id":216045,"href":"https:\/\/www.tabakversand.ch\/fr\/wp-json\/wp\/v2\/product\/175975\/revisions\/216045"}],"wp:featuredmedia":[{"embeddable":true,"href":"https:\/\/www.tabakversand.ch\/fr\/wp-json\/wp\/v2\/media\/175979"}],"wp:attachment":[{"href":"https:\/\/www.tabakversand.ch\/fr\/wp-json\/wp\/v2\/media?parent=175975"}],"wp:term":[{"taxonomy":"product_brand","embeddable":true,"href":"https:\/\/www.tabakversand.ch\/fr\/wp-json\/wp\/v2\/product_brand?post=175975"},{"taxonomy":"product_cat","embeddable":true,"href":"https:\/\/www.tabakversand.ch\/fr\/wp-json\/wp\/v2\/product_cat?post=175975"},{"taxonomy":"product_tag","embeddable":true,"href":"https:\/\/www.tabakversand.ch\/fr\/wp-json\/wp\/v2\/product_tag?post=175975"}],"curies":[{"name":"wp","href":"https:\/\/api.w.org\/{rel}","templated":true}]}}