{"id":176073,"date":"2025-03-14T15:05:35","date_gmt":"2025-03-14T14:05:35","guid":{"rendered":"https:\/\/www.tabakversand.ch\/?post_type=product&#038;p=176073"},"modified":"2026-01-22T08:53:37","modified_gmt":"2026-01-22T07:53:37","slug":"papier-a-cigarettes-gizeh-black-rolls-slim-1-x-5-m","status":"publish","type":"product","link":"https:\/\/www.tabakversand.ch\/fr\/produit\/papier-a-cigarettes-gizeh-black-rolls-slim-1-x-5-m\/","title":{"rendered":"Papier \u00e0 cigarettes Gizeh Black Rolls slim 1 x 5 m"},"content":{"rendered":"<p>Papier \u00e0 cigarettes Gizeh Black Rolls slim 1 x 5 m<\/p>\n<p>Papiers extra fins, presque transparents, avec un grammage de 14,0 g\/m\u00b2 et une couche de gomme \u00e0 base de gomme arabique naturelle, la s\u00e8ve de l&rsquo;acacia. Le papier extra fin assure un plaisir pur et pur. En raison du format des rouleaux, la longueur souhait\u00e9e peut \u00eatre s\u00e9lectionn\u00e9e individuellement, la largeur correspond au format King Size Slim. Le papier br\u00fble tr\u00e8s lentement et s\u2019\u00e9teint si le papier auto-tourn\u00e9 n\u2019est pas tir\u00e9. Un rouleau offre 5 m\u00e8tres de d\u00e9pliants pour le plaisir individuel.<\/p>\n<p>Propri\u00e9t\u00e9s:<\/p>\n<ul>\n<li>Longueur : 5 m\u00e8tres<\/li>\n<li>Largeur 44 mm<\/li>\n<li>Poids: 14 g\/m2<\/li>\n<\/ul>\n<p>Tous les prix s&rsquo;appliquent uniquement aux commandes en ligne et incluent la TVA. Sous r\u00e9serve de modifications sans pr\u00e9avis, frais de livraison en sus. Sous r\u00e9serve d&rsquo;erreurs, de modifications de contenu de livraison et de conception, de fautes d&rsquo;impression et de modifications de prix. Les prix barr\u00e9s sont des prix de remplacement. Les illustrations peuvent diff\u00e9rer de l&rsquo;original\/du contenu de livraison.<br \/>\n*Livraison gratuite pour les commandes sup\u00e9rieures \u00e0 CHF 250.-.<\/p>\n","protected":false},"excerpt":{"rendered":"<p>Papier \u00e0 cigarettes Gizeh Black Rolls slim 1 x 5 m Papiers extra fins, presque transparents, avec un grammage de 14,0 g\/m\u00b2 et une couche de gomme \u00e0 base de gomme arabique naturelle, la s\u00e8ve de l&rsquo;acacia. Le papier extra fin assure un plaisir pur et pur. En raison du format des rouleaux, la longueur [&hellip;]<\/p>\n","protected":false},"featured_media":77856,"template":"","meta":[],"product_brand":[1564],"product_cat":[3219,1961,1995,2015,3227,3266,5197],"product_tag":[],"class_list":{"0":"post-176073","1":"product","2":"type-product","3":"status-publish","4":"has-post-thumbnail","6":"product_brand-gizeh","7":"product_cat-boutique-de-tete","8":"product_cat-cigarettes-self-made-fr-2","9":"product_cat-divers-headshop","10":"product_cat-papier-a-rouler","11":"product_cat-papier-long-et-rouleaux","12":"product_cat-rouleaux","13":"product_cat-rouleaux-de-papier","15":"first","16":"instock","17":"purchasable","18":"product-type-simple"},"yoast_head":"<!-- This site is optimized with the Yoast SEO plugin v27.0 - https:\/\/yoast.com\/product\/yoast-seo-wordpress\/ -->\n<title>Papier \u00e0 cigarettes Gizeh Black Rolls slim 1 x 5 m - Tabakversand.ch | Alles aus der Welt des Tabaks<\/title>\n<meta name=\"description\" content=\"Papier \u00e0 cigarettes slim Gizeh Black Rolls 1 x 5 m | Un large choix de produits du tabac, de cigarettes \u00e9lectroniques et d&#039;accessoires pour fumeurs de qualit\u00e9 sup\u00e9rieure dans toute la Suisse | Cartes accept\u00e9es !\" \/>\n<meta name=\"robots\" content=\"index, follow, max-snippet:-1, max-image-preview:large, max-video-preview:-1\" \/>\n<link rel=\"canonical\" href=\"https:\/\/www.tabakversand.ch\/produit\/gizeh-black-rolls-slim-zigarettenpapier-1-x-5m\/\" \/>\n<meta property=\"og:locale\" content=\"fr_FR\" \/>\n<meta property=\"og:type\" content=\"article\" \/>\n<meta property=\"og:title\" content=\"Papier \u00e0 cigarettes Gizeh Black Rolls slim 1 x 5 m - Tabakversand.ch | Alles aus der Welt des Tabaks\" \/>\n<meta property=\"og:description\" content=\"Papier \u00e0 cigarettes slim Gizeh Black Rolls 1 x 5 m | Un large choix de produits du tabac, de cigarettes \u00e9lectroniques et d&#039;accessoires pour fumeurs de qualit\u00e9 sup\u00e9rieure dans toute la Suisse | Cartes accept\u00e9es !\" \/>\n<meta property=\"og:url\" content=\"https:\/\/www.tabakversand.ch\/produit\/gizeh-black-rolls-slim-zigarettenpapier-1-x-5m\/\" \/>\n<meta property=\"og:site_name\" content=\"Tabakversand.ch | Alles aus der Welt des Tabaks\" \/>\n<meta property=\"article:modified_time\" content=\"2026-01-22T07:53:37+00:00\" \/>\n<meta property=\"og:image\" content=\"https:\/\/www.tabakversand.ch\/wp-content\/uploads\/2022\/03\/gizeh-black-rolls-slim.jpg\" \/>\n\t<meta property=\"og:image:width\" content=\"500\" \/>\n\t<meta property=\"og:image:height\" content=\"500\" \/>\n\t<meta property=\"og:image:type\" content=\"image\/jpeg\" \/>\n<meta name=\"twitter:card\" content=\"summary_large_image\" \/>\n<meta name=\"twitter:label1\" content=\"Dur\u00e9e de lecture estim\u00e9e\" \/>\n\t<meta name=\"twitter:data1\" content=\"2 minutes\" \/>\n<script type=\"application\/ld+json\" class=\"yoast-schema-graph\">{\"@context\":\"https:\/\/schema.org\",\"@graph\":[{\"@type\":\"WebPage\",\"@id\":\"https:\/\/www.tabakversand.ch\/produit\/gizeh-black-rolls-slim-zigarettenpapier-1-x-5m\/\",\"url\":\"https:\/\/www.tabakversand.ch\/produit\/gizeh-black-rolls-slim-zigarettenpapier-1-x-5m\/\",\"name\":\"Papier \u00e0 cigarettes Gizeh Black Rolls slim 1 x 5 m - Tabakversand.ch | Alles aus der Welt des Tabaks\",\"isPartOf\":{\"@id\":\"https:\/\/www.tabakversand.ch\/#website\"},\"primaryImageOfPage\":{\"@id\":\"https:\/\/www.tabakversand.ch\/produit\/gizeh-black-rolls-slim-zigarettenpapier-1-x-5m\/#primaryimage\"},\"image\":{\"@id\":\"https:\/\/www.tabakversand.ch\/produit\/gizeh-black-rolls-slim-zigarettenpapier-1-x-5m\/#primaryimage\"},\"thumbnailUrl\":\"https:\/\/www.tabakversand.ch\/wp-content\/uploads\/2022\/03\/gizeh-black-rolls-slim.jpg\",\"datePublished\":\"2025-03-14T14:05:35+00:00\",\"dateModified\":\"2026-01-22T07:53:37+00:00\",\"description\":\"Papier \u00e0 cigarettes slim Gizeh Black Rolls 1 x 5 m | Un large choix de produits du tabac, de cigarettes \u00e9lectroniques et d'accessoires pour fumeurs de qualit\u00e9 sup\u00e9rieure dans toute la Suisse | Cartes accept\u00e9es !\",\"breadcrumb\":{\"@id\":\"https:\/\/www.tabakversand.ch\/produit\/gizeh-black-rolls-slim-zigarettenpapier-1-x-5m\/#breadcrumb\"},\"inLanguage\":\"fr-FR\",\"potentialAction\":[{\"@type\":\"ReadAction\",\"target\":[\"https:\/\/www.tabakversand.ch\/produit\/gizeh-black-rolls-slim-zigarettenpapier-1-x-5m\/\"]}]},{\"@type\":\"ImageObject\",\"inLanguage\":\"fr-FR\",\"@id\":\"https:\/\/www.tabakversand.ch\/produit\/gizeh-black-rolls-slim-zigarettenpapier-1-x-5m\/#primaryimage\",\"url\":\"https:\/\/www.tabakversand.ch\/wp-content\/uploads\/2022\/03\/gizeh-black-rolls-slim.jpg\",\"contentUrl\":\"https:\/\/www.tabakversand.ch\/wp-content\/uploads\/2022\/03\/gizeh-black-rolls-slim.jpg\",\"width\":500,\"height\":500,\"caption\":\"Giza Black Rolls papier \u00e0 cigarette mince\"},{\"@type\":\"BreadcrumbList\",\"@id\":\"https:\/\/www.tabakversand.ch\/produit\/gizeh-black-rolls-slim-zigarettenpapier-1-x-5m\/#breadcrumb\",\"itemListElement\":[{\"@type\":\"ListItem\",\"position\":1,\"name\":\"Startseite\",\"item\":\"https:\/\/www.tabakversand.ch\/\"},{\"@type\":\"ListItem\",\"position\":2,\"name\":\"Boutique\",\"item\":\"https:\/\/www.tabakversand.ch\/fr\/boutique\/\"},{\"@type\":\"ListItem\",\"position\":3,\"name\":\"Papier \u00e0 cigarettes Gizeh Black Rolls slim 1 x 5 m\"}]},{\"@type\":\"WebSite\",\"@id\":\"https:\/\/www.tabakversand.ch\/#website\",\"url\":\"https:\/\/www.tabakversand.ch\/\",\"name\":\"Tabakversand.ch | Alles aus der Welt des Tabaks\",\"description\":\"Smoke and carpe diem\",\"potentialAction\":[{\"@type\":\"SearchAction\",\"target\":{\"@type\":\"EntryPoint\",\"urlTemplate\":\"https:\/\/www.tabakversand.ch\/?s={search_term_string}\"},\"query-input\":{\"@type\":\"PropertyValueSpecification\",\"valueRequired\":true,\"valueName\":\"search_term_string\"}}],\"inLanguage\":\"fr-FR\"}]}<\/script>\n<!-- \/ Yoast SEO plugin. -->","yoast_head_json":{"title":"Papier \u00e0 cigarettes Gizeh Black Rolls slim 1 x 5 m - Tabakversand.ch | Alles aus der Welt des Tabaks","description":"Papier \u00e0 cigarettes slim Gizeh Black Rolls 1 x 5 m | Un large choix de produits du tabac, de cigarettes \u00e9lectroniques et d'accessoires pour fumeurs de qualit\u00e9 sup\u00e9rieure dans toute la Suisse | Cartes accept\u00e9es !","robots":{"index":"index","follow":"follow","max-snippet":"max-snippet:-1","max-image-preview":"max-image-preview:large","max-video-preview":"max-video-preview:-1"},"canonical":"https:\/\/www.tabakversand.ch\/produit\/gizeh-black-rolls-slim-zigarettenpapier-1-x-5m\/","og_locale":"fr_FR","og_type":"article","og_title":"Papier \u00e0 cigarettes Gizeh Black Rolls slim 1 x 5 m - Tabakversand.ch | Alles aus der Welt des Tabaks","og_description":"Papier \u00e0 cigarettes slim Gizeh Black Rolls 1 x 5 m | Un large choix de produits du tabac, de cigarettes \u00e9lectroniques et d'accessoires pour fumeurs de qualit\u00e9 sup\u00e9rieure dans toute la Suisse | Cartes accept\u00e9es !","og_url":"https:\/\/www.tabakversand.ch\/produit\/gizeh-black-rolls-slim-zigarettenpapier-1-x-5m\/","og_site_name":"Tabakversand.ch | Alles aus der Welt des Tabaks","article_modified_time":"2026-01-22T07:53:37+00:00","og_image":[{"width":500,"height":500,"url":"https:\/\/www.tabakversand.ch\/wp-content\/uploads\/2022\/03\/gizeh-black-rolls-slim.jpg","type":"image\/jpeg"}],"twitter_card":"summary_large_image","twitter_misc":{"Dur\u00e9e de lecture estim\u00e9e":"2 minutes"},"schema":{"@context":"https:\/\/schema.org","@graph":[{"@type":"WebPage","@id":"https:\/\/www.tabakversand.ch\/produit\/gizeh-black-rolls-slim-zigarettenpapier-1-x-5m\/","url":"https:\/\/www.tabakversand.ch\/produit\/gizeh-black-rolls-slim-zigarettenpapier-1-x-5m\/","name":"Papier \u00e0 cigarettes Gizeh Black Rolls slim 1 x 5 m - Tabakversand.ch | Alles aus der Welt des Tabaks","isPartOf":{"@id":"https:\/\/www.tabakversand.ch\/#website"},"primaryImageOfPage":{"@id":"https:\/\/www.tabakversand.ch\/produit\/gizeh-black-rolls-slim-zigarettenpapier-1-x-5m\/#primaryimage"},"image":{"@id":"https:\/\/www.tabakversand.ch\/produit\/gizeh-black-rolls-slim-zigarettenpapier-1-x-5m\/#primaryimage"},"thumbnailUrl":"https:\/\/www.tabakversand.ch\/wp-content\/uploads\/2022\/03\/gizeh-black-rolls-slim.jpg","datePublished":"2025-03-14T14:05:35+00:00","dateModified":"2026-01-22T07:53:37+00:00","description":"Papier \u00e0 cigarettes slim Gizeh Black Rolls 1 x 5 m | Un large choix de produits du tabac, de cigarettes \u00e9lectroniques et d'accessoires pour fumeurs de qualit\u00e9 sup\u00e9rieure dans toute la Suisse | Cartes accept\u00e9es !","breadcrumb":{"@id":"https:\/\/www.tabakversand.ch\/produit\/gizeh-black-rolls-slim-zigarettenpapier-1-x-5m\/#breadcrumb"},"inLanguage":"fr-FR","potentialAction":[{"@type":"ReadAction","target":["https:\/\/www.tabakversand.ch\/produit\/gizeh-black-rolls-slim-zigarettenpapier-1-x-5m\/"]}]},{"@type":"ImageObject","inLanguage":"fr-FR","@id":"https:\/\/www.tabakversand.ch\/produit\/gizeh-black-rolls-slim-zigarettenpapier-1-x-5m\/#primaryimage","url":"https:\/\/www.tabakversand.ch\/wp-content\/uploads\/2022\/03\/gizeh-black-rolls-slim.jpg","contentUrl":"https:\/\/www.tabakversand.ch\/wp-content\/uploads\/2022\/03\/gizeh-black-rolls-slim.jpg","width":500,"height":500,"caption":"Giza Black Rolls papier \u00e0 cigarette mince"},{"@type":"BreadcrumbList","@id":"https:\/\/www.tabakversand.ch\/produit\/gizeh-black-rolls-slim-zigarettenpapier-1-x-5m\/#breadcrumb","itemListElement":[{"@type":"ListItem","position":1,"name":"Startseite","item":"https:\/\/www.tabakversand.ch\/"},{"@type":"ListItem","position":2,"name":"Boutique","item":"https:\/\/www.tabakversand.ch\/fr\/boutique\/"},{"@type":"ListItem","position":3,"name":"Papier \u00e0 cigarettes Gizeh Black Rolls slim 1 x 5 m"}]},{"@type":"WebSite","@id":"https:\/\/www.tabakversand.ch\/#website","url":"https:\/\/www.tabakversand.ch\/","name":"Tabakversand.ch | Alles aus der Welt des Tabaks","description":"Smoke and carpe diem","potentialAction":[{"@type":"SearchAction","target":{"@type":"EntryPoint","urlTemplate":"https:\/\/www.tabakversand.ch\/?s={search_term_string}"},"query-input":{"@type":"PropertyValueSpecification","valueRequired":true,"valueName":"search_term_string"}}],"inLanguage":"fr-FR"}]}},"_links":{"self":[{"href":"https:\/\/www.tabakversand.ch\/fr\/wp-json\/wp\/v2\/product\/176073","targetHints":{"allow":["GET"]}}],"collection":[{"href":"https:\/\/www.tabakversand.ch\/fr\/wp-json\/wp\/v2\/product"}],"about":[{"href":"https:\/\/www.tabakversand.ch\/fr\/wp-json\/wp\/v2\/types\/product"}],"version-history":[{"count":3,"href":"https:\/\/www.tabakversand.ch\/fr\/wp-json\/wp\/v2\/product\/176073\/revisions"}],"predecessor-version":[{"id":209734,"href":"https:\/\/www.tabakversand.ch\/fr\/wp-json\/wp\/v2\/product\/176073\/revisions\/209734"}],"wp:featuredmedia":[{"embeddable":true,"href":"https:\/\/www.tabakversand.ch\/fr\/wp-json\/wp\/v2\/media\/77856"}],"wp:attachment":[{"href":"https:\/\/www.tabakversand.ch\/fr\/wp-json\/wp\/v2\/media?parent=176073"}],"wp:term":[{"taxonomy":"product_brand","embeddable":true,"href":"https:\/\/www.tabakversand.ch\/fr\/wp-json\/wp\/v2\/product_brand?post=176073"},{"taxonomy":"product_cat","embeddable":true,"href":"https:\/\/www.tabakversand.ch\/fr\/wp-json\/wp\/v2\/product_cat?post=176073"},{"taxonomy":"product_tag","embeddable":true,"href":"https:\/\/www.tabakversand.ch\/fr\/wp-json\/wp\/v2\/product_tag?post=176073"}],"curies":[{"name":"wp","href":"https:\/\/api.w.org\/{rel}","templated":true}]}}