{"id":176692,"date":"2025-03-19T15:30:05","date_gmt":"2025-03-19T14:30:05","guid":{"rendered":"https:\/\/www.tabakversand.ch\/?post_type=product&#038;p=176692"},"modified":"2026-04-08T13:10:11","modified_gmt":"2026-04-08T11:10:11","slug":"briquet-easy-torch-8-en-caoutchouc-3d-nordic-warrior-jet-flame","status":"publish","type":"product","link":"https:\/\/www.tabakversand.ch\/fr\/produit\/briquet-easy-torch-8-en-caoutchouc-3d-nordic-warrior-jet-flame\/","title":{"rendered":"Briquet Easy Torch 8 en caoutchouc 3D Nordic Warrior \u00e0 flamme jet"},"content":{"rendered":"<p>Briquet Easy Torch 8 en caoutchouc 3D Nordic Warrior \u00e0 flamme jet<\/p>\n<ul>\n<li>Hauteur : 6,5 cm<\/li>\n<li>Largeur : 4 cm<\/li>\n<li>D: 2 cm<\/li>\n<li>Jet Flame<\/li>\n<li>3D<\/li>\n<li>Peut \u00eatre rempli de gaz encore et encore<\/li>\n<\/ul>\n<p>Tous les prix s&rsquo;appliquent uniquement aux commandes en ligne et incluent la TVA. Sous r\u00e9serve de modifications sans pr\u00e9avis, frais de livraison en sus. Sous r\u00e9serve d&rsquo;erreurs, de modifications de contenu de livraison et de conception, de fautes d&rsquo;impression et de modifications de prix. Les prix barr\u00e9s sont des prix de remplacement. Les illustrations peuvent diff\u00e9rer de l&rsquo;original\/du contenu de livraison.<br \/>\n*Livraison gratuite pour les commandes sup\u00e9rieures \u00e0 CHF 250.-.<\/p>\n","protected":false},"excerpt":{"rendered":"<p>Briquet Easy Torch 8 en caoutchouc 3D Nordic Warrior \u00e0 flamme jet Hauteur : 6,5 cm Largeur : 4 cm D: 2 cm Jet Flame 3D Peut \u00eatre rempli de gaz encore et encore Tous les prix s&rsquo;appliquent uniquement aux commandes en ligne et incluent la TVA. Sous r\u00e9serve de modifications sans pr\u00e9avis, frais de [&hellip;]<\/p>\n","protected":false},"featured_media":176696,"template":"","meta":[],"product_brand":[5756],"product_cat":[2483,3382,1927,3586,3362,1961],"product_tag":[],"class_list":{"0":"post-176692","1":"product","2":"type-product","3":"status-publish","4":"has-post-thumbnail","6":"product_brand-easy-torch-feuerzeug","7":"product_cat-accessoires-pour-cigarettes","8":"product_cat-briquets-fr-2","9":"product_cat-briquets","10":"product_cat-briquets-divers","11":"product_cat-briquets-en-plastique","12":"product_cat-cigarettes-self-made-fr-2","14":"first","15":"instock","16":"purchasable","17":"product-type-simple"},"yoast_head":"<!-- This site is optimized with the Yoast SEO plugin v27.5 - https:\/\/yoast.com\/product\/yoast-seo-wordpress\/ -->\n<title>-<\/title>\n<meta name=\"description\" content=\"Briquet Easy Torch 8 Rubber 3D Nordic Warrior Jet Flame | Large choix de produits du tabac et d&#039;accessoires pour fumeurs dans toute la Suisse | Cartes accept\u00e9es !\" \/>\n<meta name=\"robots\" content=\"index, follow, max-snippet:-1, max-image-preview:large, max-video-preview:-1\" \/>\n<link rel=\"canonical\" href=\"https:\/\/www.tabakversand.ch\/fr\/produit\/briquet-easy-torch-8-en-caoutchouc-3d-nordic-warrior-jet-flame\/\" \/>\n<meta property=\"og:locale\" content=\"fr_FR\" \/>\n<meta property=\"og:type\" content=\"article\" \/>\n<meta property=\"og:title\" content=\"-\" \/>\n<meta property=\"og:description\" content=\"Briquet Easy Torch 8 Rubber 3D Nordic Warrior Jet Flame | Large choix de produits du tabac et d&#039;accessoires pour fumeurs dans toute la Suisse | Cartes accept\u00e9es !\" \/>\n<meta property=\"og:url\" content=\"https:\/\/www.tabakversand.ch\/fr\/produit\/briquet-easy-torch-8-en-caoutchouc-3d-nordic-warrior-jet-flame\/\" \/>\n<meta property=\"og:site_name\" content=\"Tabakversand.ch | Alles aus der Welt des Tabaks\" \/>\n<meta property=\"article:modified_time\" content=\"2026-04-08T11:10:11+00:00\" \/>\n<meta property=\"og:image\" content=\"https:\/\/www.tabakversand.ch\/wp-content\/uploads\/2025\/03\/easy-torch-nordic-warrior.jpg\" \/>\n\t<meta property=\"og:image:width\" content=\"500\" \/>\n\t<meta property=\"og:image:height\" content=\"500\" \/>\n\t<meta property=\"og:image:type\" content=\"image\/jpeg\" \/>\n<meta name=\"twitter:card\" content=\"summary_large_image\" \/>\n<meta name=\"twitter:label1\" content=\"Dur\u00e9e de lecture estim\u00e9e\" \/>\n\t<meta name=\"twitter:data1\" content=\"1 minute\" \/>\n<script type=\"application\/ld+json\" class=\"yoast-schema-graph\">{\"@context\":\"https:\\\/\\\/schema.org\",\"@graph\":[{\"@type\":\"WebPage\",\"@id\":\"https:\\\/\\\/www.tabakversand.ch\\\/fr\\\/produit\\\/briquet-easy-torch-8-en-caoutchouc-3d-nordic-warrior-jet-flame\\\/\",\"url\":\"https:\\\/\\\/www.tabakversand.ch\\\/fr\\\/produit\\\/briquet-easy-torch-8-en-caoutchouc-3d-nordic-warrior-jet-flame\\\/\",\"name\":\"-\",\"isPartOf\":{\"@id\":\"https:\\\/\\\/www.tabakversand.ch\\\/#website\"},\"primaryImageOfPage\":{\"@id\":\"https:\\\/\\\/www.tabakversand.ch\\\/fr\\\/produit\\\/briquet-easy-torch-8-en-caoutchouc-3d-nordic-warrior-jet-flame\\\/#primaryimage\"},\"image\":{\"@id\":\"https:\\\/\\\/www.tabakversand.ch\\\/fr\\\/produit\\\/briquet-easy-torch-8-en-caoutchouc-3d-nordic-warrior-jet-flame\\\/#primaryimage\"},\"thumbnailUrl\":\"https:\\\/\\\/www.tabakversand.ch\\\/wp-content\\\/uploads\\\/2025\\\/03\\\/easy-torch-nordic-warrior.jpg\",\"datePublished\":\"2025-03-19T14:30:05+00:00\",\"dateModified\":\"2026-04-08T11:10:11+00:00\",\"description\":\"Briquet Easy Torch 8 Rubber 3D Nordic Warrior Jet Flame | Large choix de produits du tabac et d'accessoires pour fumeurs dans toute la Suisse | Cartes accept\u00e9es !\",\"breadcrumb\":{\"@id\":\"https:\\\/\\\/www.tabakversand.ch\\\/fr\\\/produit\\\/briquet-easy-torch-8-en-caoutchouc-3d-nordic-warrior-jet-flame\\\/#breadcrumb\"},\"inLanguage\":\"fr-FR\",\"potentialAction\":[{\"@type\":\"ReadAction\",\"target\":[\"https:\\\/\\\/www.tabakversand.ch\\\/fr\\\/produit\\\/briquet-easy-torch-8-en-caoutchouc-3d-nordic-warrior-jet-flame\\\/\"]}]},{\"@type\":\"ImageObject\",\"inLanguage\":\"fr-FR\",\"@id\":\"https:\\\/\\\/www.tabakversand.ch\\\/fr\\\/produit\\\/briquet-easy-torch-8-en-caoutchouc-3d-nordic-warrior-jet-flame\\\/#primaryimage\",\"url\":\"https:\\\/\\\/www.tabakversand.ch\\\/wp-content\\\/uploads\\\/2025\\\/03\\\/easy-torch-nordic-warrior.jpg\",\"contentUrl\":\"https:\\\/\\\/www.tabakversand.ch\\\/wp-content\\\/uploads\\\/2025\\\/03\\\/easy-torch-nordic-warrior.jpg\",\"width\":500,\"height\":500,\"caption\":\"Briquet Easy Torch 8 en caoutchouc 3D Nordic Warrior Jet Flame | Tabakversand.ch\"},{\"@type\":\"BreadcrumbList\",\"@id\":\"https:\\\/\\\/www.tabakversand.ch\\\/fr\\\/produit\\\/briquet-easy-torch-8-en-caoutchouc-3d-nordic-warrior-jet-flame\\\/#breadcrumb\",\"itemListElement\":[{\"@type\":\"ListItem\",\"position\":1,\"name\":\"Startseite\",\"item\":\"https:\\\/\\\/www.tabakversand.ch\\\/\"},{\"@type\":\"ListItem\",\"position\":2,\"name\":\"Boutique\",\"item\":\"https:\\\/\\\/www.tabakversand.ch\\\/fr\\\/boutique\\\/\"},{\"@type\":\"ListItem\",\"position\":3,\"name\":\"Briquet Easy Torch 8 en caoutchouc 3D Nordic Warrior \u00e0 flamme jet\"}]},{\"@type\":\"WebSite\",\"@id\":\"https:\\\/\\\/www.tabakversand.ch\\\/#website\",\"url\":\"https:\\\/\\\/www.tabakversand.ch\\\/\",\"name\":\"Tabakversand.ch | Alles aus der Welt des Tabaks\",\"description\":\"Smoke and carpe diem\",\"potentialAction\":[{\"@type\":\"SearchAction\",\"target\":{\"@type\":\"EntryPoint\",\"urlTemplate\":\"https:\\\/\\\/www.tabakversand.ch\\\/?s={search_term_string}\"},\"query-input\":{\"@type\":\"PropertyValueSpecification\",\"valueRequired\":true,\"valueName\":\"search_term_string\"}}],\"inLanguage\":\"fr-FR\"}]}<\/script>\n<!-- \/ Yoast SEO plugin. -->","yoast_head_json":{"title":"-","description":"Briquet Easy Torch 8 Rubber 3D Nordic Warrior Jet Flame | Large choix de produits du tabac et d'accessoires pour fumeurs dans toute la Suisse | Cartes accept\u00e9es !","robots":{"index":"index","follow":"follow","max-snippet":"max-snippet:-1","max-image-preview":"max-image-preview:large","max-video-preview":"max-video-preview:-1"},"canonical":"https:\/\/www.tabakversand.ch\/fr\/produit\/briquet-easy-torch-8-en-caoutchouc-3d-nordic-warrior-jet-flame\/","og_locale":"fr_FR","og_type":"article","og_title":"-","og_description":"Briquet Easy Torch 8 Rubber 3D Nordic Warrior Jet Flame | Large choix de produits du tabac et d'accessoires pour fumeurs dans toute la Suisse | Cartes accept\u00e9es !","og_url":"https:\/\/www.tabakversand.ch\/fr\/produit\/briquet-easy-torch-8-en-caoutchouc-3d-nordic-warrior-jet-flame\/","og_site_name":"Tabakversand.ch | Alles aus der Welt des Tabaks","article_modified_time":"2026-04-08T11:10:11+00:00","og_image":[{"width":500,"height":500,"url":"https:\/\/www.tabakversand.ch\/wp-content\/uploads\/2025\/03\/easy-torch-nordic-warrior.jpg","type":"image\/jpeg"}],"twitter_card":"summary_large_image","twitter_misc":{"Dur\u00e9e de lecture estim\u00e9e":"1 minute"},"schema":{"@context":"https:\/\/schema.org","@graph":[{"@type":"WebPage","@id":"https:\/\/www.tabakversand.ch\/fr\/produit\/briquet-easy-torch-8-en-caoutchouc-3d-nordic-warrior-jet-flame\/","url":"https:\/\/www.tabakversand.ch\/fr\/produit\/briquet-easy-torch-8-en-caoutchouc-3d-nordic-warrior-jet-flame\/","name":"-","isPartOf":{"@id":"https:\/\/www.tabakversand.ch\/#website"},"primaryImageOfPage":{"@id":"https:\/\/www.tabakversand.ch\/fr\/produit\/briquet-easy-torch-8-en-caoutchouc-3d-nordic-warrior-jet-flame\/#primaryimage"},"image":{"@id":"https:\/\/www.tabakversand.ch\/fr\/produit\/briquet-easy-torch-8-en-caoutchouc-3d-nordic-warrior-jet-flame\/#primaryimage"},"thumbnailUrl":"https:\/\/www.tabakversand.ch\/wp-content\/uploads\/2025\/03\/easy-torch-nordic-warrior.jpg","datePublished":"2025-03-19T14:30:05+00:00","dateModified":"2026-04-08T11:10:11+00:00","description":"Briquet Easy Torch 8 Rubber 3D Nordic Warrior Jet Flame | Large choix de produits du tabac et d'accessoires pour fumeurs dans toute la Suisse | Cartes accept\u00e9es !","breadcrumb":{"@id":"https:\/\/www.tabakversand.ch\/fr\/produit\/briquet-easy-torch-8-en-caoutchouc-3d-nordic-warrior-jet-flame\/#breadcrumb"},"inLanguage":"fr-FR","potentialAction":[{"@type":"ReadAction","target":["https:\/\/www.tabakversand.ch\/fr\/produit\/briquet-easy-torch-8-en-caoutchouc-3d-nordic-warrior-jet-flame\/"]}]},{"@type":"ImageObject","inLanguage":"fr-FR","@id":"https:\/\/www.tabakversand.ch\/fr\/produit\/briquet-easy-torch-8-en-caoutchouc-3d-nordic-warrior-jet-flame\/#primaryimage","url":"https:\/\/www.tabakversand.ch\/wp-content\/uploads\/2025\/03\/easy-torch-nordic-warrior.jpg","contentUrl":"https:\/\/www.tabakversand.ch\/wp-content\/uploads\/2025\/03\/easy-torch-nordic-warrior.jpg","width":500,"height":500,"caption":"Briquet Easy Torch 8 en caoutchouc 3D Nordic Warrior Jet Flame | Tabakversand.ch"},{"@type":"BreadcrumbList","@id":"https:\/\/www.tabakversand.ch\/fr\/produit\/briquet-easy-torch-8-en-caoutchouc-3d-nordic-warrior-jet-flame\/#breadcrumb","itemListElement":[{"@type":"ListItem","position":1,"name":"Startseite","item":"https:\/\/www.tabakversand.ch\/"},{"@type":"ListItem","position":2,"name":"Boutique","item":"https:\/\/www.tabakversand.ch\/fr\/boutique\/"},{"@type":"ListItem","position":3,"name":"Briquet Easy Torch 8 en caoutchouc 3D Nordic Warrior \u00e0 flamme jet"}]},{"@type":"WebSite","@id":"https:\/\/www.tabakversand.ch\/#website","url":"https:\/\/www.tabakversand.ch\/","name":"Tabakversand.ch | Alles aus der Welt des Tabaks","description":"Smoke and carpe diem","potentialAction":[{"@type":"SearchAction","target":{"@type":"EntryPoint","urlTemplate":"https:\/\/www.tabakversand.ch\/?s={search_term_string}"},"query-input":{"@type":"PropertyValueSpecification","valueRequired":true,"valueName":"search_term_string"}}],"inLanguage":"fr-FR"}]}},"_links":{"self":[{"href":"https:\/\/www.tabakversand.ch\/fr\/wp-json\/wp\/v2\/product\/176692","targetHints":{"allow":["GET"]}}],"collection":[{"href":"https:\/\/www.tabakversand.ch\/fr\/wp-json\/wp\/v2\/product"}],"about":[{"href":"https:\/\/www.tabakversand.ch\/fr\/wp-json\/wp\/v2\/types\/product"}],"version-history":[{"count":4,"href":"https:\/\/www.tabakversand.ch\/fr\/wp-json\/wp\/v2\/product\/176692\/revisions"}],"predecessor-version":[{"id":217291,"href":"https:\/\/www.tabakversand.ch\/fr\/wp-json\/wp\/v2\/product\/176692\/revisions\/217291"}],"wp:featuredmedia":[{"embeddable":true,"href":"https:\/\/www.tabakversand.ch\/fr\/wp-json\/wp\/v2\/media\/176696"}],"wp:attachment":[{"href":"https:\/\/www.tabakversand.ch\/fr\/wp-json\/wp\/v2\/media?parent=176692"}],"wp:term":[{"taxonomy":"product_brand","embeddable":true,"href":"https:\/\/www.tabakversand.ch\/fr\/wp-json\/wp\/v2\/product_brand?post=176692"},{"taxonomy":"product_cat","embeddable":true,"href":"https:\/\/www.tabakversand.ch\/fr\/wp-json\/wp\/v2\/product_cat?post=176692"},{"taxonomy":"product_tag","embeddable":true,"href":"https:\/\/www.tabakversand.ch\/fr\/wp-json\/wp\/v2\/product_tag?post=176692"}],"curies":[{"name":"wp","href":"https:\/\/api.w.org\/{rel}","templated":true}]}}