{"id":177755,"date":"2025-03-25T14:01:54","date_gmt":"2025-03-25T13:01:54","guid":{"rendered":"https:\/\/www.tabakversand.ch\/?post_type=product&#038;p=177755"},"modified":"2025-03-25T15:50:40","modified_gmt":"2025-03-25T14:50:40","slug":"cigare-la-rica-supermo-1","status":"publish","type":"product","link":"https:\/\/www.tabakversand.ch\/fr\/produit\/cigare-la-rica-supermo-1\/","title":{"rendered":"Cigare La Rica Supermo 1"},"content":{"rendered":"<p>Cigare La Rica Supermo 1<\/p>\n<p>Le riche ar\u00f4me de La Rica se d\u00e9ploie gr\u00e2ce aux mains habiles du \u00ab Ligador \u00bb nicaraguayen, qui a con\u00e7u un m\u00e9lange de tabac unique, notamment en termes de go\u00fbt et d&rsquo;\u00e9quilibre. Un cigare doux avec un ar\u00f4me riche et l\u00e9g\u00e8rement poivr\u00e9. Les cigares impressionnent par leur tr\u00e8s bonne finition et leur excellent rapport qualit\u00e9-prix.<\/p>\n<p>&nbsp;<\/p>\n<table width=\"552\">\n<tbody>\n<tr>\n<td width=\"276\">Force<\/td>\n<td width=\"276\">2<\/td>\n<\/tr>\n<tr>\n<td width=\"276\">ar\u00f4me<\/td>\n<td width=\"276\">Go\u00fbt doux mais l\u00e9g\u00e8rement poivr\u00e9<\/td>\n<\/tr>\n<tr>\n<td width=\"276\">longueur<\/td>\n<td width=\"276\">152 mm<\/td>\n<\/tr>\n<tr>\n<td width=\"276\">Calibre annulaire<\/td>\n<td width=\"276\">60<\/td>\n<\/tr>\n<tr>\n<td width=\"276\">Dur\u00e9e du tabagisme<\/td>\n<td width=\"276\">95 min.<\/td>\n<\/tr>\n<tr>\n<td width=\"276\">format<\/td>\n<td width=\"276\">Magnum<\/td>\n<\/tr>\n<\/tbody>\n<\/table>\n<p>Tous les prix s&rsquo;appliquent uniquement aux commandes en ligne et incluent la TVA. TVA, sous r\u00e9serve de modifications plus Exp\u00e9dition. Sous r\u00e9serve d&rsquo;erreurs, de modifications de l&rsquo;\u00e9tendue de la livraison et de la conception, d&rsquo;erreurs d&rsquo;impression et de modifications de prix. Les prix barr\u00e9s sont plut\u00f4t des prix. L&rsquo;illustration peut diff\u00e9rer de l&rsquo;original\/de l&rsquo;\u00e9tendue de la livraison.<\/p>\n<p>*Livraison gratuite pour les commandes sup\u00e9rieures \u00e0 CHF 250.<\/p>\n","protected":false},"excerpt":{"rendered":"<p>Cigare La Rica Supermo 1 Le riche ar\u00f4me de La Rica se d\u00e9ploie gr\u00e2ce aux mains habiles du \u00ab Ligador \u00bb nicaraguayen, qui a con\u00e7u un m\u00e9lange de tabac unique, notamment en termes de go\u00fbt et d&rsquo;\u00e9quilibre. Un cigare doux avec un ar\u00f4me riche et l\u00e9g\u00e8rement poivr\u00e9. Les cigares impressionnent par leur tr\u00e8s bonne finition [&hellip;]<\/p>\n","protected":false},"featured_media":177759,"template":"","meta":[],"product_brand":[],"product_cat":[1995,3208,1994,1993,2131,3389],"product_tag":[],"class_list":{"0":"post-177755","1":"product","2":"type-product","3":"status-publish","4":"has-post-thumbnail","6":"product_cat-divers-headshop","7":"product_cat-offres","8":"product_cat-monde-du-cigare","9":"product_cat-cigares","10":"product_cat-nicaragua-fr","11":"product_cat-la-rica-fr","13":"first","14":"instock","15":"sale","16":"purchasable","17":"product-type-simple"},"yoast_head":"<!-- This site is optimized with the Yoast SEO plugin v27.0 - https:\/\/yoast.com\/product\/yoast-seo-wordpress\/ -->\n<title>Cigare La Rica Supermo 1 - Tabakversand.ch | Alles aus der Welt des Tabaks<\/title>\n<meta name=\"description\" content=\"La Rica Supermo 1 Cigare| Un large choix de produits du tabac, de cigarettes \u00e9lectroniques et d&#039;accessoires pour fumeurs de qualit\u00e9 sup\u00e9rieure dans toute la Suisse | Cartes accept\u00e9es !\" \/>\n<meta name=\"robots\" content=\"index, follow, max-snippet:-1, max-image-preview:large, max-video-preview:-1\" \/>\n<link rel=\"canonical\" href=\"https:\/\/www.tabakversand.ch\/fr\/produit\/cigare-la-rica-supermo-1\/\" \/>\n<meta property=\"og:locale\" content=\"fr_FR\" \/>\n<meta property=\"og:type\" content=\"article\" \/>\n<meta property=\"og:title\" content=\"Cigare La Rica Supermo 1 - Tabakversand.ch | Alles aus der Welt des Tabaks\" \/>\n<meta property=\"og:description\" content=\"La Rica Supermo 1 Cigare| Un large choix de produits du tabac, de cigarettes \u00e9lectroniques et d&#039;accessoires pour fumeurs de qualit\u00e9 sup\u00e9rieure dans toute la Suisse | Cartes accept\u00e9es !\" \/>\n<meta property=\"og:url\" content=\"https:\/\/www.tabakversand.ch\/fr\/produit\/cigare-la-rica-supermo-1\/\" \/>\n<meta property=\"og:site_name\" content=\"Tabakversand.ch | Alles aus der Welt des Tabaks\" \/>\n<meta property=\"article:modified_time\" content=\"2025-03-25T14:50:40+00:00\" \/>\n<meta property=\"og:image\" content=\"https:\/\/www.tabakversand.ch\/wp-content\/uploads\/2025\/03\/la-rica-supermo-e.jpg\" \/>\n\t<meta property=\"og:image:width\" content=\"500\" \/>\n\t<meta property=\"og:image:height\" content=\"500\" \/>\n\t<meta property=\"og:image:type\" content=\"image\/jpeg\" \/>\n<meta name=\"twitter:card\" content=\"summary_large_image\" \/>\n<meta name=\"twitter:label1\" content=\"Dur\u00e9e de lecture estim\u00e9e\" \/>\n\t<meta name=\"twitter:data1\" content=\"2 minutes\" \/>\n<script type=\"application\/ld+json\" class=\"yoast-schema-graph\">{\"@context\":\"https:\/\/schema.org\",\"@graph\":[{\"@type\":\"WebPage\",\"@id\":\"https:\/\/www.tabakversand.ch\/fr\/produit\/cigare-la-rica-supermo-1\/\",\"url\":\"https:\/\/www.tabakversand.ch\/fr\/produit\/cigare-la-rica-supermo-1\/\",\"name\":\"Cigare La Rica Supermo 1 - Tabakversand.ch | Alles aus der Welt des Tabaks\",\"isPartOf\":{\"@id\":\"https:\/\/www.tabakversand.ch\/#website\"},\"primaryImageOfPage\":{\"@id\":\"https:\/\/www.tabakversand.ch\/fr\/produit\/cigare-la-rica-supermo-1\/#primaryimage\"},\"image\":{\"@id\":\"https:\/\/www.tabakversand.ch\/fr\/produit\/cigare-la-rica-supermo-1\/#primaryimage\"},\"thumbnailUrl\":\"https:\/\/www.tabakversand.ch\/wp-content\/uploads\/2025\/03\/la-rica-supermo-e.jpg\",\"datePublished\":\"2025-03-25T13:01:54+00:00\",\"dateModified\":\"2025-03-25T14:50:40+00:00\",\"description\":\"La Rica Supermo 1 Cigare| Un large choix de produits du tabac, de cigarettes \u00e9lectroniques et d'accessoires pour fumeurs de qualit\u00e9 sup\u00e9rieure dans toute la Suisse | Cartes accept\u00e9es !\",\"breadcrumb\":{\"@id\":\"https:\/\/www.tabakversand.ch\/fr\/produit\/cigare-la-rica-supermo-1\/#breadcrumb\"},\"inLanguage\":\"fr-FR\",\"potentialAction\":[{\"@type\":\"ReadAction\",\"target\":[\"https:\/\/www.tabakversand.ch\/fr\/produit\/cigare-la-rica-supermo-1\/\"]}]},{\"@type\":\"ImageObject\",\"inLanguage\":\"fr-FR\",\"@id\":\"https:\/\/www.tabakversand.ch\/fr\/produit\/cigare-la-rica-supermo-1\/#primaryimage\",\"url\":\"https:\/\/www.tabakversand.ch\/wp-content\/uploads\/2025\/03\/la-rica-supermo-e.jpg\",\"contentUrl\":\"https:\/\/www.tabakversand.ch\/wp-content\/uploads\/2025\/03\/la-rica-supermo-e.jpg\",\"width\":500,\"height\":500,\"caption\":\"La Rica Supermo 1 Zigarre\"},{\"@type\":\"BreadcrumbList\",\"@id\":\"https:\/\/www.tabakversand.ch\/fr\/produit\/cigare-la-rica-supermo-1\/#breadcrumb\",\"itemListElement\":[{\"@type\":\"ListItem\",\"position\":1,\"name\":\"Startseite\",\"item\":\"https:\/\/www.tabakversand.ch\/\"},{\"@type\":\"ListItem\",\"position\":2,\"name\":\"Boutique\",\"item\":\"https:\/\/www.tabakversand.ch\/fr\/boutique\/\"},{\"@type\":\"ListItem\",\"position\":3,\"name\":\"Cigare La Rica Supermo 1\"}]},{\"@type\":\"WebSite\",\"@id\":\"https:\/\/www.tabakversand.ch\/#website\",\"url\":\"https:\/\/www.tabakversand.ch\/\",\"name\":\"Tabakversand.ch | Alles aus der Welt des Tabaks\",\"description\":\"Smoke and carpe diem\",\"potentialAction\":[{\"@type\":\"SearchAction\",\"target\":{\"@type\":\"EntryPoint\",\"urlTemplate\":\"https:\/\/www.tabakversand.ch\/?s={search_term_string}\"},\"query-input\":{\"@type\":\"PropertyValueSpecification\",\"valueRequired\":true,\"valueName\":\"search_term_string\"}}],\"inLanguage\":\"fr-FR\"}]}<\/script>\n<!-- \/ Yoast SEO plugin. -->","yoast_head_json":{"title":"Cigare La Rica Supermo 1 - Tabakversand.ch | Alles aus der Welt des Tabaks","description":"La Rica Supermo 1 Cigare| Un large choix de produits du tabac, de cigarettes \u00e9lectroniques et d'accessoires pour fumeurs de qualit\u00e9 sup\u00e9rieure dans toute la Suisse | Cartes accept\u00e9es !","robots":{"index":"index","follow":"follow","max-snippet":"max-snippet:-1","max-image-preview":"max-image-preview:large","max-video-preview":"max-video-preview:-1"},"canonical":"https:\/\/www.tabakversand.ch\/fr\/produit\/cigare-la-rica-supermo-1\/","og_locale":"fr_FR","og_type":"article","og_title":"Cigare La Rica Supermo 1 - Tabakversand.ch | Alles aus der Welt des Tabaks","og_description":"La Rica Supermo 1 Cigare| Un large choix de produits du tabac, de cigarettes \u00e9lectroniques et d'accessoires pour fumeurs de qualit\u00e9 sup\u00e9rieure dans toute la Suisse | Cartes accept\u00e9es !","og_url":"https:\/\/www.tabakversand.ch\/fr\/produit\/cigare-la-rica-supermo-1\/","og_site_name":"Tabakversand.ch | Alles aus der Welt des Tabaks","article_modified_time":"2025-03-25T14:50:40+00:00","og_image":[{"width":500,"height":500,"url":"https:\/\/www.tabakversand.ch\/wp-content\/uploads\/2025\/03\/la-rica-supermo-e.jpg","type":"image\/jpeg"}],"twitter_card":"summary_large_image","twitter_misc":{"Dur\u00e9e de lecture estim\u00e9e":"2 minutes"},"schema":{"@context":"https:\/\/schema.org","@graph":[{"@type":"WebPage","@id":"https:\/\/www.tabakversand.ch\/fr\/produit\/cigare-la-rica-supermo-1\/","url":"https:\/\/www.tabakversand.ch\/fr\/produit\/cigare-la-rica-supermo-1\/","name":"Cigare La Rica Supermo 1 - Tabakversand.ch | Alles aus der Welt des Tabaks","isPartOf":{"@id":"https:\/\/www.tabakversand.ch\/#website"},"primaryImageOfPage":{"@id":"https:\/\/www.tabakversand.ch\/fr\/produit\/cigare-la-rica-supermo-1\/#primaryimage"},"image":{"@id":"https:\/\/www.tabakversand.ch\/fr\/produit\/cigare-la-rica-supermo-1\/#primaryimage"},"thumbnailUrl":"https:\/\/www.tabakversand.ch\/wp-content\/uploads\/2025\/03\/la-rica-supermo-e.jpg","datePublished":"2025-03-25T13:01:54+00:00","dateModified":"2025-03-25T14:50:40+00:00","description":"La Rica Supermo 1 Cigare| Un large choix de produits du tabac, de cigarettes \u00e9lectroniques et d'accessoires pour fumeurs de qualit\u00e9 sup\u00e9rieure dans toute la Suisse | Cartes accept\u00e9es !","breadcrumb":{"@id":"https:\/\/www.tabakversand.ch\/fr\/produit\/cigare-la-rica-supermo-1\/#breadcrumb"},"inLanguage":"fr-FR","potentialAction":[{"@type":"ReadAction","target":["https:\/\/www.tabakversand.ch\/fr\/produit\/cigare-la-rica-supermo-1\/"]}]},{"@type":"ImageObject","inLanguage":"fr-FR","@id":"https:\/\/www.tabakversand.ch\/fr\/produit\/cigare-la-rica-supermo-1\/#primaryimage","url":"https:\/\/www.tabakversand.ch\/wp-content\/uploads\/2025\/03\/la-rica-supermo-e.jpg","contentUrl":"https:\/\/www.tabakversand.ch\/wp-content\/uploads\/2025\/03\/la-rica-supermo-e.jpg","width":500,"height":500,"caption":"La Rica Supermo 1 Zigarre"},{"@type":"BreadcrumbList","@id":"https:\/\/www.tabakversand.ch\/fr\/produit\/cigare-la-rica-supermo-1\/#breadcrumb","itemListElement":[{"@type":"ListItem","position":1,"name":"Startseite","item":"https:\/\/www.tabakversand.ch\/"},{"@type":"ListItem","position":2,"name":"Boutique","item":"https:\/\/www.tabakversand.ch\/fr\/boutique\/"},{"@type":"ListItem","position":3,"name":"Cigare La Rica Supermo 1"}]},{"@type":"WebSite","@id":"https:\/\/www.tabakversand.ch\/#website","url":"https:\/\/www.tabakversand.ch\/","name":"Tabakversand.ch | Alles aus der Welt des Tabaks","description":"Smoke and carpe diem","potentialAction":[{"@type":"SearchAction","target":{"@type":"EntryPoint","urlTemplate":"https:\/\/www.tabakversand.ch\/?s={search_term_string}"},"query-input":{"@type":"PropertyValueSpecification","valueRequired":true,"valueName":"search_term_string"}}],"inLanguage":"fr-FR"}]}},"_links":{"self":[{"href":"https:\/\/www.tabakversand.ch\/fr\/wp-json\/wp\/v2\/product\/177755","targetHints":{"allow":["GET"]}}],"collection":[{"href":"https:\/\/www.tabakversand.ch\/fr\/wp-json\/wp\/v2\/product"}],"about":[{"href":"https:\/\/www.tabakversand.ch\/fr\/wp-json\/wp\/v2\/types\/product"}],"version-history":[{"count":3,"href":"https:\/\/www.tabakversand.ch\/fr\/wp-json\/wp\/v2\/product\/177755\/revisions"}],"predecessor-version":[{"id":177790,"href":"https:\/\/www.tabakversand.ch\/fr\/wp-json\/wp\/v2\/product\/177755\/revisions\/177790"}],"wp:featuredmedia":[{"embeddable":true,"href":"https:\/\/www.tabakversand.ch\/fr\/wp-json\/wp\/v2\/media\/177759"}],"wp:attachment":[{"href":"https:\/\/www.tabakversand.ch\/fr\/wp-json\/wp\/v2\/media?parent=177755"}],"wp:term":[{"taxonomy":"product_brand","embeddable":true,"href":"https:\/\/www.tabakversand.ch\/fr\/wp-json\/wp\/v2\/product_brand?post=177755"},{"taxonomy":"product_cat","embeddable":true,"href":"https:\/\/www.tabakversand.ch\/fr\/wp-json\/wp\/v2\/product_cat?post=177755"},{"taxonomy":"product_tag","embeddable":true,"href":"https:\/\/www.tabakversand.ch\/fr\/wp-json\/wp\/v2\/product_tag?post=177755"}],"curies":[{"name":"wp","href":"https:\/\/api.w.org\/{rel}","templated":true}]}}