{"id":177809,"date":"2025-03-25T16:15:05","date_gmt":"2025-03-25T15:15:05","guid":{"rendered":"https:\/\/www.tabakversand.ch\/?post_type=product&#038;p=177809"},"modified":"2025-03-25T16:23:17","modified_gmt":"2025-03-25T15:23:17","slug":"el-loco-el-huerfano-petit-corona-35-cigares-en-boite-kopie","status":"publish","type":"product","link":"https:\/\/www.tabakversand.ch\/fr\/produit\/el-loco-el-huerfano-petit-corona-35-cigares-en-boite-kopie\/","title":{"rendered":"El Loco EL Hu\u00e9rfano Petit Corona 1 Cigar"},"content":{"rendered":"<p>El Loco EL Hu\u00e9rfano Petit Corona 1 Cigar<\/p>\n<p>El Loco &#8211; le fou &#8211; repr\u00e9sente les mythes et les traditions du Mexique, comme le Jour des Morts ; ceci est c\u00e9l\u00e9br\u00e9 joyeusement et color\u00e9 au Mexique. Loco, c&rsquo;est aussi le fait que le tabac utilis\u00e9 est ferment\u00e9 plus froid, c&rsquo;est-\u00e0-dire plus lentement, afin d&rsquo;acqu\u00e9rir le plus d&rsquo;ar\u00f4mes possible.<\/p>\n<table width=\"416\">\n<tbody>\n<tr>\n<td>Page de couverture :<\/td>\n<td width=\"276\">Criollo 98 Mexique<\/td>\n<\/tr>\n<tr>\n<td>Ins\u00e9rer:<\/td>\n<td width=\"276\">Criollo 98 Mexique, Criollo 98 Nicaragua<\/td>\n<\/tr>\n<tr>\n<td>Format : Petit :<\/td>\n<td width=\"276\">Petit Corona<\/td>\n<\/tr>\n<tr>\n<td>Origine:<\/td>\n<td width=\"276\">Mexique<\/td>\n<\/tr>\n<tr>\n<td>Pouce:<\/td>\n<td width=\"276\">4<\/td>\n<\/tr>\n<tr>\n<td>Taille de la bague :<\/td>\n<td width=\"276\">48<\/td>\n<\/tr>\n<tr>\n<td>Couverture:<\/td>\n<td width=\"276\">Criollo 98 Mexique<\/td>\n<\/tr>\n<\/tbody>\n<\/table>\n<p>Tous les prix s&rsquo;appliquent uniquement aux commandes en ligne et incluent la TVA. TVA, sous r\u00e9serve de modifications plus Exp\u00e9dition. Sous r\u00e9serve d&rsquo;erreurs, de modifications de l&rsquo;\u00e9tendue de la livraison et de la conception, d&rsquo;erreurs d&rsquo;impression et de modifications de prix. Les prix barr\u00e9s sont plut\u00f4t des prix. L&rsquo;illustration peut diff\u00e9rer de l&rsquo;original\/de l&rsquo;\u00e9tendue de la livraison.<br \/>\n*Livraison gratuite pour les commandes sup\u00e9rieures \u00e0 CHF 250.<\/p>\n","protected":false},"excerpt":{"rendered":"<p>El Loco EL Hu\u00e9rfano Petit Corona 1 Cigar El Loco &#8211; le fou &#8211; repr\u00e9sente les mythes et les traditions du Mexique, comme le Jour des Morts ; ceci est c\u00e9l\u00e9br\u00e9 joyeusement et color\u00e9 au Mexique. Loco, c&rsquo;est aussi le fait que le tabac utilis\u00e9 est ferment\u00e9 plus froid, c&rsquo;est-\u00e0-dire plus lentement, afin d&rsquo;acqu\u00e9rir le [&hellip;]<\/p>\n","protected":false},"featured_media":177813,"template":"","meta":[],"product_brand":[],"product_cat":[1993,1995,3044,3046,1994,3208],"product_tag":[],"class_list":{"0":"post-177809","1":"product","2":"type-product","3":"status-publish","4":"has-post-thumbnail","6":"product_cat-cigares","7":"product_cat-divers-headshop","8":"product_cat-la-locomotive","9":"product_cat-mexique","10":"product_cat-monde-du-cigare","11":"product_cat-offres","13":"first","14":"instock","15":"sale","16":"purchasable","17":"product-type-simple"},"yoast_head":"<!-- This site is optimized with the Yoast SEO plugin v27.0 - https:\/\/yoast.com\/product\/yoast-seo-wordpress\/ -->\n<title>El Loco EL Hu\u00e9rfano Petit Corona 1 Cigar<\/title>\n<meta name=\"description\" content=\"El Loco EL Hu\u00e9rfano Petit Corona 1 Cigare | Un tr\u00e8s grand choix de produits du tabac haut de gamme, de cigarettes \u00e9lectroniques et d&#039;accessoires pour fumeurs dans toute la Suisse | Cartes accept\u00e9es !\" \/>\n<meta name=\"robots\" content=\"index, follow, max-snippet:-1, max-image-preview:large, max-video-preview:-1\" \/>\n<link rel=\"canonical\" href=\"https:\/\/www.tabakversand.ch\/fr\/produit\/el-loco-el-huerfano-petit-corona-35-cigares-en-boite-kopie\/\" \/>\n<meta property=\"og:locale\" content=\"fr_FR\" \/>\n<meta property=\"og:type\" content=\"article\" \/>\n<meta property=\"og:title\" content=\"El Loco EL Hu\u00e9rfano Petit Corona 1 Cigar\" \/>\n<meta property=\"og:description\" content=\"El Loco EL Hu\u00e9rfano Petit Corona 1 Cigare | Un tr\u00e8s grand choix de produits du tabac haut de gamme, de cigarettes \u00e9lectroniques et d&#039;accessoires pour fumeurs dans toute la Suisse | Cartes accept\u00e9es !\" \/>\n<meta property=\"og:url\" content=\"https:\/\/www.tabakversand.ch\/fr\/produit\/el-loco-el-huerfano-petit-corona-35-cigares-en-boite-kopie\/\" \/>\n<meta property=\"og:site_name\" content=\"Tabakversand.ch | Alles aus der Welt des Tabaks\" \/>\n<meta property=\"article:modified_time\" content=\"2025-03-25T15:23:17+00:00\" \/>\n<meta property=\"og:image\" content=\"https:\/\/www.tabakversand.ch\/wp-content\/uploads\/2025\/03\/el-loco-el-huerfano-e_.jpg\" \/>\n\t<meta property=\"og:image:width\" content=\"500\" \/>\n\t<meta property=\"og:image:height\" content=\"500\" \/>\n\t<meta property=\"og:image:type\" content=\"image\/jpeg\" \/>\n<meta name=\"twitter:card\" content=\"summary_large_image\" \/>\n<meta name=\"twitter:label1\" content=\"Dur\u00e9e de lecture estim\u00e9e\" \/>\n\t<meta name=\"twitter:data1\" content=\"1 minute\" \/>\n<script type=\"application\/ld+json\" class=\"yoast-schema-graph\">{\"@context\":\"https:\/\/schema.org\",\"@graph\":[{\"@type\":\"WebPage\",\"@id\":\"https:\/\/www.tabakversand.ch\/fr\/produit\/el-loco-el-huerfano-petit-corona-35-cigares-en-boite-kopie\/\",\"url\":\"https:\/\/www.tabakversand.ch\/fr\/produit\/el-loco-el-huerfano-petit-corona-35-cigares-en-boite-kopie\/\",\"name\":\"El Loco EL Hu\u00e9rfano Petit Corona 1 Cigar\",\"isPartOf\":{\"@id\":\"https:\/\/www.tabakversand.ch\/#website\"},\"primaryImageOfPage\":{\"@id\":\"https:\/\/www.tabakversand.ch\/fr\/produit\/el-loco-el-huerfano-petit-corona-35-cigares-en-boite-kopie\/#primaryimage\"},\"image\":{\"@id\":\"https:\/\/www.tabakversand.ch\/fr\/produit\/el-loco-el-huerfano-petit-corona-35-cigares-en-boite-kopie\/#primaryimage\"},\"thumbnailUrl\":\"https:\/\/www.tabakversand.ch\/wp-content\/uploads\/2025\/03\/el-loco-el-huerfano-e_.jpg\",\"datePublished\":\"2025-03-25T15:15:05+00:00\",\"dateModified\":\"2025-03-25T15:23:17+00:00\",\"description\":\"El Loco EL Hu\u00e9rfano Petit Corona 1 Cigare | Un tr\u00e8s grand choix de produits du tabac haut de gamme, de cigarettes \u00e9lectroniques et d'accessoires pour fumeurs dans toute la Suisse | Cartes accept\u00e9es !\",\"breadcrumb\":{\"@id\":\"https:\/\/www.tabakversand.ch\/fr\/produit\/el-loco-el-huerfano-petit-corona-35-cigares-en-boite-kopie\/#breadcrumb\"},\"inLanguage\":\"fr-FR\",\"potentialAction\":[{\"@type\":\"ReadAction\",\"target\":[\"https:\/\/www.tabakversand.ch\/fr\/produit\/el-loco-el-huerfano-petit-corona-35-cigares-en-boite-kopie\/\"]}]},{\"@type\":\"ImageObject\",\"inLanguage\":\"fr-FR\",\"@id\":\"https:\/\/www.tabakversand.ch\/fr\/produit\/el-loco-el-huerfano-petit-corona-35-cigares-en-boite-kopie\/#primaryimage\",\"url\":\"https:\/\/www.tabakversand.ch\/wp-content\/uploads\/2025\/03\/el-loco-el-huerfano-e_.jpg\",\"contentUrl\":\"https:\/\/www.tabakversand.ch\/wp-content\/uploads\/2025\/03\/el-loco-el-huerfano-e_.jpg\",\"width\":500,\"height\":500,\"caption\":\"El Loco EL Hu\u00e9rfano Petit Corona 1 Zigarre\"},{\"@type\":\"BreadcrumbList\",\"@id\":\"https:\/\/www.tabakversand.ch\/fr\/produit\/el-loco-el-huerfano-petit-corona-35-cigares-en-boite-kopie\/#breadcrumb\",\"itemListElement\":[{\"@type\":\"ListItem\",\"position\":1,\"name\":\"Startseite\",\"item\":\"https:\/\/www.tabakversand.ch\/\"},{\"@type\":\"ListItem\",\"position\":2,\"name\":\"Boutique\",\"item\":\"https:\/\/www.tabakversand.ch\/fr\/boutique\/\"},{\"@type\":\"ListItem\",\"position\":3,\"name\":\"El Loco EL Hu\u00e9rfano Petit Corona 1 Cigar\"}]},{\"@type\":\"WebSite\",\"@id\":\"https:\/\/www.tabakversand.ch\/#website\",\"url\":\"https:\/\/www.tabakversand.ch\/\",\"name\":\"Tabakversand.ch | Alles aus der Welt des Tabaks\",\"description\":\"Smoke and carpe diem\",\"potentialAction\":[{\"@type\":\"SearchAction\",\"target\":{\"@type\":\"EntryPoint\",\"urlTemplate\":\"https:\/\/www.tabakversand.ch\/?s={search_term_string}\"},\"query-input\":{\"@type\":\"PropertyValueSpecification\",\"valueRequired\":true,\"valueName\":\"search_term_string\"}}],\"inLanguage\":\"fr-FR\"}]}<\/script>\n<!-- \/ Yoast SEO plugin. -->","yoast_head_json":{"title":"El Loco EL Hu\u00e9rfano Petit Corona 1 Cigar","description":"El Loco EL Hu\u00e9rfano Petit Corona 1 Cigare | Un tr\u00e8s grand choix de produits du tabac haut de gamme, de cigarettes \u00e9lectroniques et d'accessoires pour fumeurs dans toute la Suisse | Cartes accept\u00e9es !","robots":{"index":"index","follow":"follow","max-snippet":"max-snippet:-1","max-image-preview":"max-image-preview:large","max-video-preview":"max-video-preview:-1"},"canonical":"https:\/\/www.tabakversand.ch\/fr\/produit\/el-loco-el-huerfano-petit-corona-35-cigares-en-boite-kopie\/","og_locale":"fr_FR","og_type":"article","og_title":"El Loco EL Hu\u00e9rfano Petit Corona 1 Cigar","og_description":"El Loco EL Hu\u00e9rfano Petit Corona 1 Cigare | Un tr\u00e8s grand choix de produits du tabac haut de gamme, de cigarettes \u00e9lectroniques et d'accessoires pour fumeurs dans toute la Suisse | Cartes accept\u00e9es !","og_url":"https:\/\/www.tabakversand.ch\/fr\/produit\/el-loco-el-huerfano-petit-corona-35-cigares-en-boite-kopie\/","og_site_name":"Tabakversand.ch | Alles aus der Welt des Tabaks","article_modified_time":"2025-03-25T15:23:17+00:00","og_image":[{"width":500,"height":500,"url":"https:\/\/www.tabakversand.ch\/wp-content\/uploads\/2025\/03\/el-loco-el-huerfano-e_.jpg","type":"image\/jpeg"}],"twitter_card":"summary_large_image","twitter_misc":{"Dur\u00e9e de lecture estim\u00e9e":"1 minute"},"schema":{"@context":"https:\/\/schema.org","@graph":[{"@type":"WebPage","@id":"https:\/\/www.tabakversand.ch\/fr\/produit\/el-loco-el-huerfano-petit-corona-35-cigares-en-boite-kopie\/","url":"https:\/\/www.tabakversand.ch\/fr\/produit\/el-loco-el-huerfano-petit-corona-35-cigares-en-boite-kopie\/","name":"El Loco EL Hu\u00e9rfano Petit Corona 1 Cigar","isPartOf":{"@id":"https:\/\/www.tabakversand.ch\/#website"},"primaryImageOfPage":{"@id":"https:\/\/www.tabakversand.ch\/fr\/produit\/el-loco-el-huerfano-petit-corona-35-cigares-en-boite-kopie\/#primaryimage"},"image":{"@id":"https:\/\/www.tabakversand.ch\/fr\/produit\/el-loco-el-huerfano-petit-corona-35-cigares-en-boite-kopie\/#primaryimage"},"thumbnailUrl":"https:\/\/www.tabakversand.ch\/wp-content\/uploads\/2025\/03\/el-loco-el-huerfano-e_.jpg","datePublished":"2025-03-25T15:15:05+00:00","dateModified":"2025-03-25T15:23:17+00:00","description":"El Loco EL Hu\u00e9rfano Petit Corona 1 Cigare | Un tr\u00e8s grand choix de produits du tabac haut de gamme, de cigarettes \u00e9lectroniques et d'accessoires pour fumeurs dans toute la Suisse | Cartes accept\u00e9es !","breadcrumb":{"@id":"https:\/\/www.tabakversand.ch\/fr\/produit\/el-loco-el-huerfano-petit-corona-35-cigares-en-boite-kopie\/#breadcrumb"},"inLanguage":"fr-FR","potentialAction":[{"@type":"ReadAction","target":["https:\/\/www.tabakversand.ch\/fr\/produit\/el-loco-el-huerfano-petit-corona-35-cigares-en-boite-kopie\/"]}]},{"@type":"ImageObject","inLanguage":"fr-FR","@id":"https:\/\/www.tabakversand.ch\/fr\/produit\/el-loco-el-huerfano-petit-corona-35-cigares-en-boite-kopie\/#primaryimage","url":"https:\/\/www.tabakversand.ch\/wp-content\/uploads\/2025\/03\/el-loco-el-huerfano-e_.jpg","contentUrl":"https:\/\/www.tabakversand.ch\/wp-content\/uploads\/2025\/03\/el-loco-el-huerfano-e_.jpg","width":500,"height":500,"caption":"El Loco EL Hu\u00e9rfano Petit Corona 1 Zigarre"},{"@type":"BreadcrumbList","@id":"https:\/\/www.tabakversand.ch\/fr\/produit\/el-loco-el-huerfano-petit-corona-35-cigares-en-boite-kopie\/#breadcrumb","itemListElement":[{"@type":"ListItem","position":1,"name":"Startseite","item":"https:\/\/www.tabakversand.ch\/"},{"@type":"ListItem","position":2,"name":"Boutique","item":"https:\/\/www.tabakversand.ch\/fr\/boutique\/"},{"@type":"ListItem","position":3,"name":"El Loco EL Hu\u00e9rfano Petit Corona 1 Cigar"}]},{"@type":"WebSite","@id":"https:\/\/www.tabakversand.ch\/#website","url":"https:\/\/www.tabakversand.ch\/","name":"Tabakversand.ch | Alles aus der Welt des Tabaks","description":"Smoke and carpe diem","potentialAction":[{"@type":"SearchAction","target":{"@type":"EntryPoint","urlTemplate":"https:\/\/www.tabakversand.ch\/?s={search_term_string}"},"query-input":{"@type":"PropertyValueSpecification","valueRequired":true,"valueName":"search_term_string"}}],"inLanguage":"fr-FR"}]}},"_links":{"self":[{"href":"https:\/\/www.tabakversand.ch\/fr\/wp-json\/wp\/v2\/product\/177809","targetHints":{"allow":["GET"]}}],"collection":[{"href":"https:\/\/www.tabakversand.ch\/fr\/wp-json\/wp\/v2\/product"}],"about":[{"href":"https:\/\/www.tabakversand.ch\/fr\/wp-json\/wp\/v2\/types\/product"}],"version-history":[{"count":2,"href":"https:\/\/www.tabakversand.ch\/fr\/wp-json\/wp\/v2\/product\/177809\/revisions"}],"predecessor-version":[{"id":177820,"href":"https:\/\/www.tabakversand.ch\/fr\/wp-json\/wp\/v2\/product\/177809\/revisions\/177820"}],"wp:featuredmedia":[{"embeddable":true,"href":"https:\/\/www.tabakversand.ch\/fr\/wp-json\/wp\/v2\/media\/177813"}],"wp:attachment":[{"href":"https:\/\/www.tabakversand.ch\/fr\/wp-json\/wp\/v2\/media?parent=177809"}],"wp:term":[{"taxonomy":"product_brand","embeddable":true,"href":"https:\/\/www.tabakversand.ch\/fr\/wp-json\/wp\/v2\/product_brand?post=177809"},{"taxonomy":"product_cat","embeddable":true,"href":"https:\/\/www.tabakversand.ch\/fr\/wp-json\/wp\/v2\/product_cat?post=177809"},{"taxonomy":"product_tag","embeddable":true,"href":"https:\/\/www.tabakversand.ch\/fr\/wp-json\/wp\/v2\/product_tag?post=177809"}],"curies":[{"name":"wp","href":"https:\/\/api.w.org\/{rel}","templated":true}]}}