{"id":177889,"date":"2025-03-26T11:12:04","date_gmt":"2025-03-26T10:12:04","guid":{"rendered":"https:\/\/www.tabakversand.ch\/?post_type=product&#038;p=177889"},"modified":"2025-03-26T11:18:19","modified_gmt":"2025-03-26T10:18:19","slug":"gilbert-de-montsalvat-revolution-style-gordo-1-cigar","status":"publish","type":"product","link":"https:\/\/www.tabakversand.ch\/fr\/produit\/gilbert-de-montsalvat-revolution-style-gordo-1-cigar\/","title":{"rendered":"Gilbert de Montsalvat Revolution Style Gordo 1 Cigar"},"content":{"rendered":"<p>Gilbert de Montsalvat Revolution Style Gordo 1 Cigar<\/p>\n<p>Le style R\u00e9volution est une \u00e9volution du style cubain Gilbert de Montsalvat. Quelque peu raffin\u00e9e et modifi\u00e9e, il y a le Revolution Style en tant que ligne ind\u00e9pendante qui compl\u00e8te de mani\u00e8re optimale le portefeuille de Gilbert de Montsalvat. Ce cigare impressionne non seulement par un excellent plaisir de fumer, mais surtout par le rapport qualit\u00e9-prix parfait Cors\u00e9 et \u00e9pic\u00e9 avec des ar\u00f4mes allant du poivre au caf\u00e9 en passant par des ar\u00f4mes l\u00e9gers d\u2019amande et une douceur douce, ces cigares parfaitement transform\u00e9s sont intenses dans la structure aromatique et trouveront sans aucun doute de nombreux amoureux. Emball\u00e9es dans de simples bo\u00eetes en bois avec fermeture magn\u00e9tique, ces joyaux \u00e9largissent d\u00e9sormais notre gamme Gilbert de Montsalvat.<\/p>\n<p>Longueur : 15,2 cm<br \/>\nAnneau : 60<\/p>\n<p>Couverture : \u00c9quateur<br \/>\nCouverture : Dom. repr\u00e9sentant<br \/>\nD\u00e9p\u00f4t : Nicaragua<\/p>\n<p>Tous les prix s&rsquo;appliquent uniquement aux commandes en ligne et incluent la TVA. TVA, sous r\u00e9serve de modifications plus Exp\u00e9dition. Sous r\u00e9serve d&rsquo;erreurs, de modifications de l&rsquo;\u00e9tendue de la livraison et de la conception, d&rsquo;erreurs d&rsquo;impression et de modifications de prix. Les prix barr\u00e9s sont plut\u00f4t des prix. L&rsquo;illustration peut diff\u00e9rer de l&rsquo;original\/de l&rsquo;\u00e9tendue de la livraison.<br \/>\n*Livraison gratuite pour les commandes sup\u00e9rieures \u00e0 CHF 250.<\/p>\n","protected":false},"excerpt":{"rendered":"<p>Gilbert de Montsalvat Revolution Style Gordo 1 Cigar Le style R\u00e9volution est une \u00e9volution du style cubain Gilbert de Montsalvat. Quelque peu raffin\u00e9e et modifi\u00e9e, il y a le Revolution Style en tant que ligne ind\u00e9pendante qui compl\u00e8te de mani\u00e8re optimale le portefeuille de Gilbert de Montsalvat. Ce cigare impressionne non seulement par un excellent [&hellip;]<\/p>\n","protected":false},"featured_media":177893,"template":"","meta":[],"product_brand":[1760],"product_cat":[1995,3208,1994,1993,1992,2537],"product_tag":[],"class_list":{"0":"post-177889","1":"product","2":"type-product","3":"status-publish","4":"has-post-thumbnail","6":"product_brand-gilbert-de-montsalvat","7":"product_cat-divers-headshop","8":"product_cat-offres","9":"product_cat-monde-du-cigare","10":"product_cat-cigares","11":"product_cat-republique-dominicaine","12":"product_cat-cathedrale-gilbert-de-montsalvat-reps","14":"first","15":"instock","16":"sale","17":"purchasable","18":"product-type-simple"},"yoast_head":"<!-- This site is optimized with the Yoast SEO plugin v27.0 - https:\/\/yoast.com\/product\/yoast-seo-wordpress\/ -->\n<title>Gilbert de Montsalvat Revolution Style Gordo 1 Cigar - Tabakversand.ch | Alles aus der Welt des Tabaks<\/title>\n<meta name=\"description\" content=\"Gilbert de Montsalvat Revolution Style Gordo 1 Cigare | Un large choix de produits du tabac, de cigarettes \u00e9lectroniques et d&#039;accessoires pour fumeurs dans toute la Suisse | Cartes accept\u00e9es !\" \/>\n<meta name=\"robots\" content=\"index, follow, max-snippet:-1, max-image-preview:large, max-video-preview:-1\" \/>\n<link rel=\"canonical\" href=\"https:\/\/www.tabakversand.ch\/fr\/produit\/gilbert-de-montsalvat-revolution-style-gordo-1-cigar\/\" \/>\n<meta property=\"og:locale\" content=\"fr_FR\" \/>\n<meta property=\"og:type\" content=\"article\" \/>\n<meta property=\"og:title\" content=\"Gilbert de Montsalvat Revolution Style Gordo 1 Cigar - Tabakversand.ch | Alles aus der Welt des Tabaks\" \/>\n<meta property=\"og:description\" content=\"Gilbert de Montsalvat Revolution Style Gordo 1 Cigare | Un large choix de produits du tabac, de cigarettes \u00e9lectroniques et d&#039;accessoires pour fumeurs dans toute la Suisse | Cartes accept\u00e9es !\" \/>\n<meta property=\"og:url\" content=\"https:\/\/www.tabakversand.ch\/fr\/produit\/gilbert-de-montsalvat-revolution-style-gordo-1-cigar\/\" \/>\n<meta property=\"og:site_name\" content=\"Tabakversand.ch | Alles aus der Welt des Tabaks\" \/>\n<meta property=\"article:modified_time\" content=\"2025-03-26T10:18:19+00:00\" \/>\n<meta property=\"og:image\" content=\"https:\/\/www.tabakversand.ch\/wp-content\/uploads\/2025\/03\/gilbert-de-montsalvat-revolution-style-gordo-e_tat.jpg\" \/>\n\t<meta property=\"og:image:width\" content=\"500\" \/>\n\t<meta property=\"og:image:height\" content=\"500\" \/>\n\t<meta property=\"og:image:type\" content=\"image\/jpeg\" \/>\n<meta name=\"twitter:card\" content=\"summary_large_image\" \/>\n<meta name=\"twitter:label1\" content=\"Dur\u00e9e de lecture estim\u00e9e\" \/>\n\t<meta name=\"twitter:data1\" content=\"2 minutes\" \/>\n<script type=\"application\/ld+json\" class=\"yoast-schema-graph\">{\"@context\":\"https:\/\/schema.org\",\"@graph\":[{\"@type\":\"WebPage\",\"@id\":\"https:\/\/www.tabakversand.ch\/fr\/produit\/gilbert-de-montsalvat-revolution-style-gordo-1-cigar\/\",\"url\":\"https:\/\/www.tabakversand.ch\/fr\/produit\/gilbert-de-montsalvat-revolution-style-gordo-1-cigar\/\",\"name\":\"Gilbert de Montsalvat Revolution Style Gordo 1 Cigar - Tabakversand.ch | Alles aus der Welt des Tabaks\",\"isPartOf\":{\"@id\":\"https:\/\/www.tabakversand.ch\/#website\"},\"primaryImageOfPage\":{\"@id\":\"https:\/\/www.tabakversand.ch\/fr\/produit\/gilbert-de-montsalvat-revolution-style-gordo-1-cigar\/#primaryimage\"},\"image\":{\"@id\":\"https:\/\/www.tabakversand.ch\/fr\/produit\/gilbert-de-montsalvat-revolution-style-gordo-1-cigar\/#primaryimage\"},\"thumbnailUrl\":\"https:\/\/www.tabakversand.ch\/wp-content\/uploads\/2025\/03\/gilbert-de-montsalvat-revolution-style-gordo-e_tat.jpg\",\"datePublished\":\"2025-03-26T10:12:04+00:00\",\"dateModified\":\"2025-03-26T10:18:19+00:00\",\"description\":\"Gilbert de Montsalvat Revolution Style Gordo 1 Cigare | Un large choix de produits du tabac, de cigarettes \u00e9lectroniques et d'accessoires pour fumeurs dans toute la Suisse | Cartes accept\u00e9es !\",\"breadcrumb\":{\"@id\":\"https:\/\/www.tabakversand.ch\/fr\/produit\/gilbert-de-montsalvat-revolution-style-gordo-1-cigar\/#breadcrumb\"},\"inLanguage\":\"fr-FR\",\"potentialAction\":[{\"@type\":\"ReadAction\",\"target\":[\"https:\/\/www.tabakversand.ch\/fr\/produit\/gilbert-de-montsalvat-revolution-style-gordo-1-cigar\/\"]}]},{\"@type\":\"ImageObject\",\"inLanguage\":\"fr-FR\",\"@id\":\"https:\/\/www.tabakversand.ch\/fr\/produit\/gilbert-de-montsalvat-revolution-style-gordo-1-cigar\/#primaryimage\",\"url\":\"https:\/\/www.tabakversand.ch\/wp-content\/uploads\/2025\/03\/gilbert-de-montsalvat-revolution-style-gordo-e_tat.jpg\",\"contentUrl\":\"https:\/\/www.tabakversand.ch\/wp-content\/uploads\/2025\/03\/gilbert-de-montsalvat-revolution-style-gordo-e_tat.jpg\",\"width\":500,\"height\":500,\"caption\":\"Gilbert de Montsalvat Revolution Style Gordo 1 Zigarre\"},{\"@type\":\"BreadcrumbList\",\"@id\":\"https:\/\/www.tabakversand.ch\/fr\/produit\/gilbert-de-montsalvat-revolution-style-gordo-1-cigar\/#breadcrumb\",\"itemListElement\":[{\"@type\":\"ListItem\",\"position\":1,\"name\":\"Startseite\",\"item\":\"https:\/\/www.tabakversand.ch\/\"},{\"@type\":\"ListItem\",\"position\":2,\"name\":\"Boutique\",\"item\":\"https:\/\/www.tabakversand.ch\/fr\/boutique\/\"},{\"@type\":\"ListItem\",\"position\":3,\"name\":\"Gilbert de Montsalvat Revolution Style Gordo 1 Cigar\"}]},{\"@type\":\"WebSite\",\"@id\":\"https:\/\/www.tabakversand.ch\/#website\",\"url\":\"https:\/\/www.tabakversand.ch\/\",\"name\":\"Tabakversand.ch | Alles aus der Welt des Tabaks\",\"description\":\"Smoke and carpe diem\",\"potentialAction\":[{\"@type\":\"SearchAction\",\"target\":{\"@type\":\"EntryPoint\",\"urlTemplate\":\"https:\/\/www.tabakversand.ch\/?s={search_term_string}\"},\"query-input\":{\"@type\":\"PropertyValueSpecification\",\"valueRequired\":true,\"valueName\":\"search_term_string\"}}],\"inLanguage\":\"fr-FR\"}]}<\/script>\n<!-- \/ Yoast SEO plugin. -->","yoast_head_json":{"title":"Gilbert de Montsalvat Revolution Style Gordo 1 Cigar - Tabakversand.ch | Alles aus der Welt des Tabaks","description":"Gilbert de Montsalvat Revolution Style Gordo 1 Cigare | Un large choix de produits du tabac, de cigarettes \u00e9lectroniques et d'accessoires pour fumeurs dans toute la Suisse | Cartes accept\u00e9es !","robots":{"index":"index","follow":"follow","max-snippet":"max-snippet:-1","max-image-preview":"max-image-preview:large","max-video-preview":"max-video-preview:-1"},"canonical":"https:\/\/www.tabakversand.ch\/fr\/produit\/gilbert-de-montsalvat-revolution-style-gordo-1-cigar\/","og_locale":"fr_FR","og_type":"article","og_title":"Gilbert de Montsalvat Revolution Style Gordo 1 Cigar - Tabakversand.ch | Alles aus der Welt des Tabaks","og_description":"Gilbert de Montsalvat Revolution Style Gordo 1 Cigare | Un large choix de produits du tabac, de cigarettes \u00e9lectroniques et d'accessoires pour fumeurs dans toute la Suisse | Cartes accept\u00e9es !","og_url":"https:\/\/www.tabakversand.ch\/fr\/produit\/gilbert-de-montsalvat-revolution-style-gordo-1-cigar\/","og_site_name":"Tabakversand.ch | Alles aus der Welt des Tabaks","article_modified_time":"2025-03-26T10:18:19+00:00","og_image":[{"width":500,"height":500,"url":"https:\/\/www.tabakversand.ch\/wp-content\/uploads\/2025\/03\/gilbert-de-montsalvat-revolution-style-gordo-e_tat.jpg","type":"image\/jpeg"}],"twitter_card":"summary_large_image","twitter_misc":{"Dur\u00e9e de lecture estim\u00e9e":"2 minutes"},"schema":{"@context":"https:\/\/schema.org","@graph":[{"@type":"WebPage","@id":"https:\/\/www.tabakversand.ch\/fr\/produit\/gilbert-de-montsalvat-revolution-style-gordo-1-cigar\/","url":"https:\/\/www.tabakversand.ch\/fr\/produit\/gilbert-de-montsalvat-revolution-style-gordo-1-cigar\/","name":"Gilbert de Montsalvat Revolution Style Gordo 1 Cigar - Tabakversand.ch | Alles aus der Welt des Tabaks","isPartOf":{"@id":"https:\/\/www.tabakversand.ch\/#website"},"primaryImageOfPage":{"@id":"https:\/\/www.tabakversand.ch\/fr\/produit\/gilbert-de-montsalvat-revolution-style-gordo-1-cigar\/#primaryimage"},"image":{"@id":"https:\/\/www.tabakversand.ch\/fr\/produit\/gilbert-de-montsalvat-revolution-style-gordo-1-cigar\/#primaryimage"},"thumbnailUrl":"https:\/\/www.tabakversand.ch\/wp-content\/uploads\/2025\/03\/gilbert-de-montsalvat-revolution-style-gordo-e_tat.jpg","datePublished":"2025-03-26T10:12:04+00:00","dateModified":"2025-03-26T10:18:19+00:00","description":"Gilbert de Montsalvat Revolution Style Gordo 1 Cigare | Un large choix de produits du tabac, de cigarettes \u00e9lectroniques et d'accessoires pour fumeurs dans toute la Suisse | Cartes accept\u00e9es !","breadcrumb":{"@id":"https:\/\/www.tabakversand.ch\/fr\/produit\/gilbert-de-montsalvat-revolution-style-gordo-1-cigar\/#breadcrumb"},"inLanguage":"fr-FR","potentialAction":[{"@type":"ReadAction","target":["https:\/\/www.tabakversand.ch\/fr\/produit\/gilbert-de-montsalvat-revolution-style-gordo-1-cigar\/"]}]},{"@type":"ImageObject","inLanguage":"fr-FR","@id":"https:\/\/www.tabakversand.ch\/fr\/produit\/gilbert-de-montsalvat-revolution-style-gordo-1-cigar\/#primaryimage","url":"https:\/\/www.tabakversand.ch\/wp-content\/uploads\/2025\/03\/gilbert-de-montsalvat-revolution-style-gordo-e_tat.jpg","contentUrl":"https:\/\/www.tabakversand.ch\/wp-content\/uploads\/2025\/03\/gilbert-de-montsalvat-revolution-style-gordo-e_tat.jpg","width":500,"height":500,"caption":"Gilbert de Montsalvat Revolution Style Gordo 1 Zigarre"},{"@type":"BreadcrumbList","@id":"https:\/\/www.tabakversand.ch\/fr\/produit\/gilbert-de-montsalvat-revolution-style-gordo-1-cigar\/#breadcrumb","itemListElement":[{"@type":"ListItem","position":1,"name":"Startseite","item":"https:\/\/www.tabakversand.ch\/"},{"@type":"ListItem","position":2,"name":"Boutique","item":"https:\/\/www.tabakversand.ch\/fr\/boutique\/"},{"@type":"ListItem","position":3,"name":"Gilbert de Montsalvat Revolution Style Gordo 1 Cigar"}]},{"@type":"WebSite","@id":"https:\/\/www.tabakversand.ch\/#website","url":"https:\/\/www.tabakversand.ch\/","name":"Tabakversand.ch | Alles aus der Welt des Tabaks","description":"Smoke and carpe diem","potentialAction":[{"@type":"SearchAction","target":{"@type":"EntryPoint","urlTemplate":"https:\/\/www.tabakversand.ch\/?s={search_term_string}"},"query-input":{"@type":"PropertyValueSpecification","valueRequired":true,"valueName":"search_term_string"}}],"inLanguage":"fr-FR"}]}},"_links":{"self":[{"href":"https:\/\/www.tabakversand.ch\/fr\/wp-json\/wp\/v2\/product\/177889","targetHints":{"allow":["GET"]}}],"collection":[{"href":"https:\/\/www.tabakversand.ch\/fr\/wp-json\/wp\/v2\/product"}],"about":[{"href":"https:\/\/www.tabakversand.ch\/fr\/wp-json\/wp\/v2\/types\/product"}],"version-history":[{"count":3,"href":"https:\/\/www.tabakversand.ch\/fr\/wp-json\/wp\/v2\/product\/177889\/revisions"}],"predecessor-version":[{"id":177904,"href":"https:\/\/www.tabakversand.ch\/fr\/wp-json\/wp\/v2\/product\/177889\/revisions\/177904"}],"wp:featuredmedia":[{"embeddable":true,"href":"https:\/\/www.tabakversand.ch\/fr\/wp-json\/wp\/v2\/media\/177893"}],"wp:attachment":[{"href":"https:\/\/www.tabakversand.ch\/fr\/wp-json\/wp\/v2\/media?parent=177889"}],"wp:term":[{"taxonomy":"product_brand","embeddable":true,"href":"https:\/\/www.tabakversand.ch\/fr\/wp-json\/wp\/v2\/product_brand?post=177889"},{"taxonomy":"product_cat","embeddable":true,"href":"https:\/\/www.tabakversand.ch\/fr\/wp-json\/wp\/v2\/product_cat?post=177889"},{"taxonomy":"product_tag","embeddable":true,"href":"https:\/\/www.tabakversand.ch\/fr\/wp-json\/wp\/v2\/product_tag?post=177889"}],"curies":[{"name":"wp","href":"https:\/\/api.w.org\/{rel}","templated":true}]}}