{"id":178017,"date":"2025-03-26T14:39:38","date_gmt":"2025-03-26T13:39:38","guid":{"rendered":"https:\/\/www.tabakversand.ch\/?post_type=product&#038;p=178017"},"modified":"2025-03-26T14:49:45","modified_gmt":"2025-03-26T13:49:45","slug":"eirora-cbt-toro-1-cigar","status":"publish","type":"product","link":"https:\/\/www.tabakversand.ch\/fr\/produit\/eirora-cbt-toro-1-cigar\/","title":{"rendered":"Eirora CBT Toro 1 Cigar"},"content":{"rendered":"<p>Eirora CBT Toro 1 Cigar<\/p>\n<p>C&rsquo;est \u00e0 l&rsquo;\u00e9t\u00e9 1916, lorsque Genoroso Eiroa a obtenu son premier emploi \u00e0 la Cuban Land and Leaf Tobacco Company, que la famille Eiroa a commenc\u00e9 sa tradition du tabac, qui dure maintenant depuis quatre g\u00e9n\u00e9rations. La marque EIROA est un hommage \u00e0 ses 100 ans d\u2019histoire. Christian Luis Eiroa est la quatri\u00e8me g\u00e9n\u00e9ration \u00e0 diriger l&rsquo;entreprise familiale. Sous son<br \/>\n Gr\u00e2ce \u00e0 son leadership, Camacho est devenue l&rsquo;une des marques de cigares les plus prosp\u00e8res et les plus connues.   <\/p>\n<p>C&rsquo;est la seule entreprise de l&rsquo;industrie du tabac \u00e0 \u00eatre certifi\u00e9e par \u00ab Crop Science \u00bb. La pens\u00e9e innovante et la motivation \u00e0 toujours s&rsquo;am\u00e9liorer conduisent \u00e0 des cigares exceptionnels. <\/p>\n<p>CBT fait r\u00e9f\u00e9rence aux trois composants du cigare : Capa,<br \/>\n Banda, Tripa (couverture, reliure, encart). Le CBT Maduro va<br \/>\n roul\u00e9 \u00e0 partir de feuilles 100% Maduro. Seules les feuilles de<br \/>\n les appr\u00eats sup\u00e9rieurs. Le tabac change de couleur<br \/>\n sombre et profond pendant le processus de fermentation. Le<br \/>\n La composition du m\u00e9lange est tr\u00e8s sophistiqu\u00e9e : riche et<br \/>\n Complexe mais doux, l&rsquo;Eiroa CBT Maduro convainc<br \/>\n avec des notes de poivre, de bois, d&rsquo;espresso, de chocolat noir<br \/>\n et des ar\u00f4mes torr\u00e9fi\u00e9s.    <\/p>\n<p>Format: Toro<\/p>\n<p>Longueur : 15,2<\/p>\n<p>DM : 21,4<\/p>\n<p>Force: 3<\/p>\n<p>Tous les prix s&rsquo;appliquent uniquement aux commandes en ligne et incluent la TVA. TVA, sous r\u00e9serve de modifications plus Exp\u00e9dition. Sous r\u00e9serve d&rsquo;erreurs, de modifications de l&rsquo;\u00e9tendue de la livraison et de la conception, d&rsquo;erreurs d&rsquo;impression et de modifications de prix. Les prix barr\u00e9s sont plut\u00f4t des prix. L&rsquo;illustration peut diff\u00e9rer de l&rsquo;original\/de l&rsquo;\u00e9tendue de la livraison.<br \/>\n*Livraison gratuite pour les commandes sup\u00e9rieures \u00e0 CHF 250.<\/p>\n","protected":false},"excerpt":{"rendered":"<p>Eirora CBT Toro 1 Cigar C&rsquo;est \u00e0 l&rsquo;\u00e9t\u00e9 1916, lorsque Genoroso Eiroa a obtenu son premier emploi \u00e0 la Cuban Land and Leaf Tobacco Company, que la famille Eiroa a commenc\u00e9 sa tradition du tabac, qui dure maintenant depuis quatre g\u00e9n\u00e9rations. La marque EIROA est un hommage \u00e0 ses 100 ans d\u2019histoire. Christian Luis Eiroa [&hellip;]<\/p>\n","protected":false},"featured_media":178021,"template":"","meta":[],"product_brand":[],"product_cat":[1993,1995,3403,2329,1994,3208],"product_tag":[],"class_list":{"0":"post-178017","1":"product","2":"type-product","3":"status-publish","4":"has-post-thumbnail","6":"product_cat-cigares","7":"product_cat-divers-headshop","8":"product_cat-eirora-fr","9":"product_cat-honduras-fr","10":"product_cat-monde-du-cigare","11":"product_cat-offres","13":"first","14":"instock","15":"sale","16":"purchasable","17":"product-type-simple"},"yoast_head":"<!-- This site is optimized with the Yoast SEO plugin v27.0 - https:\/\/yoast.com\/product\/yoast-seo-wordpress\/ -->\n<title>Eirora CBT Toro 1 Cigar - Tabakversand.ch | Alles aus der Welt des Tabaks<\/title>\n<meta name=\"description\" content=\"Eirora CBT Toro 1 Cigare | Un tr\u00e8s grand choix de produits du tabac haut de gamme, de cigarettes \u00e9lectroniques et d&#039;accessoires pour fumeurs dans toute la Suisse | Cartes accept\u00e9es !\" \/>\n<meta name=\"robots\" content=\"index, follow, max-snippet:-1, max-image-preview:large, max-video-preview:-1\" \/>\n<link rel=\"canonical\" href=\"https:\/\/www.tabakversand.ch\/fr\/produit\/eirora-cbt-toro-1-cigar\/\" \/>\n<meta property=\"og:locale\" content=\"fr_FR\" \/>\n<meta property=\"og:type\" content=\"article\" \/>\n<meta property=\"og:title\" content=\"Eirora CBT Toro 1 Cigar - Tabakversand.ch | Alles aus der Welt des Tabaks\" \/>\n<meta property=\"og:description\" content=\"Eirora CBT Toro 1 Cigare | Un tr\u00e8s grand choix de produits du tabac haut de gamme, de cigarettes \u00e9lectroniques et d&#039;accessoires pour fumeurs dans toute la Suisse | Cartes accept\u00e9es !\" \/>\n<meta property=\"og:url\" content=\"https:\/\/www.tabakversand.ch\/fr\/produit\/eirora-cbt-toro-1-cigar\/\" \/>\n<meta property=\"og:site_name\" content=\"Tabakversand.ch | Alles aus der Welt des Tabaks\" \/>\n<meta property=\"article:modified_time\" content=\"2025-03-26T13:49:45+00:00\" \/>\n<meta property=\"og:image\" content=\"https:\/\/www.tabakversand.ch\/wp-content\/uploads\/2025\/03\/eirora-cbt-madura.jpg\" \/>\n\t<meta property=\"og:image:width\" content=\"500\" \/>\n\t<meta property=\"og:image:height\" content=\"500\" \/>\n\t<meta property=\"og:image:type\" content=\"image\/jpeg\" \/>\n<meta name=\"twitter:card\" content=\"summary_large_image\" \/>\n<meta name=\"twitter:label1\" content=\"Dur\u00e9e de lecture estim\u00e9e\" \/>\n\t<meta name=\"twitter:data1\" content=\"2 minutes\" \/>\n<script type=\"application\/ld+json\" class=\"yoast-schema-graph\">{\"@context\":\"https:\/\/schema.org\",\"@graph\":[{\"@type\":\"WebPage\",\"@id\":\"https:\/\/www.tabakversand.ch\/fr\/produit\/eirora-cbt-toro-1-cigar\/\",\"url\":\"https:\/\/www.tabakversand.ch\/fr\/produit\/eirora-cbt-toro-1-cigar\/\",\"name\":\"Eirora CBT Toro 1 Cigar - Tabakversand.ch | Alles aus der Welt des Tabaks\",\"isPartOf\":{\"@id\":\"https:\/\/www.tabakversand.ch\/#website\"},\"primaryImageOfPage\":{\"@id\":\"https:\/\/www.tabakversand.ch\/fr\/produit\/eirora-cbt-toro-1-cigar\/#primaryimage\"},\"image\":{\"@id\":\"https:\/\/www.tabakversand.ch\/fr\/produit\/eirora-cbt-toro-1-cigar\/#primaryimage\"},\"thumbnailUrl\":\"https:\/\/www.tabakversand.ch\/wp-content\/uploads\/2025\/03\/eirora-cbt-madura.jpg\",\"datePublished\":\"2025-03-26T13:39:38+00:00\",\"dateModified\":\"2025-03-26T13:49:45+00:00\",\"description\":\"Eirora CBT Toro 1 Cigare | Un tr\u00e8s grand choix de produits du tabac haut de gamme, de cigarettes \u00e9lectroniques et d'accessoires pour fumeurs dans toute la Suisse | Cartes accept\u00e9es !\",\"breadcrumb\":{\"@id\":\"https:\/\/www.tabakversand.ch\/fr\/produit\/eirora-cbt-toro-1-cigar\/#breadcrumb\"},\"inLanguage\":\"fr-FR\",\"potentialAction\":[{\"@type\":\"ReadAction\",\"target\":[\"https:\/\/www.tabakversand.ch\/fr\/produit\/eirora-cbt-toro-1-cigar\/\"]}]},{\"@type\":\"ImageObject\",\"inLanguage\":\"fr-FR\",\"@id\":\"https:\/\/www.tabakversand.ch\/fr\/produit\/eirora-cbt-toro-1-cigar\/#primaryimage\",\"url\":\"https:\/\/www.tabakversand.ch\/wp-content\/uploads\/2025\/03\/eirora-cbt-madura.jpg\",\"contentUrl\":\"https:\/\/www.tabakversand.ch\/wp-content\/uploads\/2025\/03\/eirora-cbt-madura.jpg\",\"width\":500,\"height\":500,\"caption\":\"Eirora CBT Toro 1 Zigarre\"},{\"@type\":\"BreadcrumbList\",\"@id\":\"https:\/\/www.tabakversand.ch\/fr\/produit\/eirora-cbt-toro-1-cigar\/#breadcrumb\",\"itemListElement\":[{\"@type\":\"ListItem\",\"position\":1,\"name\":\"Startseite\",\"item\":\"https:\/\/www.tabakversand.ch\/\"},{\"@type\":\"ListItem\",\"position\":2,\"name\":\"Boutique\",\"item\":\"https:\/\/www.tabakversand.ch\/fr\/boutique\/\"},{\"@type\":\"ListItem\",\"position\":3,\"name\":\"Eirora CBT Toro 1 Cigar\"}]},{\"@type\":\"WebSite\",\"@id\":\"https:\/\/www.tabakversand.ch\/#website\",\"url\":\"https:\/\/www.tabakversand.ch\/\",\"name\":\"Tabakversand.ch | Alles aus der Welt des Tabaks\",\"description\":\"Smoke and carpe diem\",\"potentialAction\":[{\"@type\":\"SearchAction\",\"target\":{\"@type\":\"EntryPoint\",\"urlTemplate\":\"https:\/\/www.tabakversand.ch\/?s={search_term_string}\"},\"query-input\":{\"@type\":\"PropertyValueSpecification\",\"valueRequired\":true,\"valueName\":\"search_term_string\"}}],\"inLanguage\":\"fr-FR\"}]}<\/script>\n<!-- \/ Yoast SEO plugin. -->","yoast_head_json":{"title":"Eirora CBT Toro 1 Cigar - Tabakversand.ch | Alles aus der Welt des Tabaks","description":"Eirora CBT Toro 1 Cigare | Un tr\u00e8s grand choix de produits du tabac haut de gamme, de cigarettes \u00e9lectroniques et d'accessoires pour fumeurs dans toute la Suisse | Cartes accept\u00e9es !","robots":{"index":"index","follow":"follow","max-snippet":"max-snippet:-1","max-image-preview":"max-image-preview:large","max-video-preview":"max-video-preview:-1"},"canonical":"https:\/\/www.tabakversand.ch\/fr\/produit\/eirora-cbt-toro-1-cigar\/","og_locale":"fr_FR","og_type":"article","og_title":"Eirora CBT Toro 1 Cigar - Tabakversand.ch | Alles aus der Welt des Tabaks","og_description":"Eirora CBT Toro 1 Cigare | Un tr\u00e8s grand choix de produits du tabac haut de gamme, de cigarettes \u00e9lectroniques et d'accessoires pour fumeurs dans toute la Suisse | Cartes accept\u00e9es !","og_url":"https:\/\/www.tabakversand.ch\/fr\/produit\/eirora-cbt-toro-1-cigar\/","og_site_name":"Tabakversand.ch | Alles aus der Welt des Tabaks","article_modified_time":"2025-03-26T13:49:45+00:00","og_image":[{"width":500,"height":500,"url":"https:\/\/www.tabakversand.ch\/wp-content\/uploads\/2025\/03\/eirora-cbt-madura.jpg","type":"image\/jpeg"}],"twitter_card":"summary_large_image","twitter_misc":{"Dur\u00e9e de lecture estim\u00e9e":"2 minutes"},"schema":{"@context":"https:\/\/schema.org","@graph":[{"@type":"WebPage","@id":"https:\/\/www.tabakversand.ch\/fr\/produit\/eirora-cbt-toro-1-cigar\/","url":"https:\/\/www.tabakversand.ch\/fr\/produit\/eirora-cbt-toro-1-cigar\/","name":"Eirora CBT Toro 1 Cigar - Tabakversand.ch | Alles aus der Welt des Tabaks","isPartOf":{"@id":"https:\/\/www.tabakversand.ch\/#website"},"primaryImageOfPage":{"@id":"https:\/\/www.tabakversand.ch\/fr\/produit\/eirora-cbt-toro-1-cigar\/#primaryimage"},"image":{"@id":"https:\/\/www.tabakversand.ch\/fr\/produit\/eirora-cbt-toro-1-cigar\/#primaryimage"},"thumbnailUrl":"https:\/\/www.tabakversand.ch\/wp-content\/uploads\/2025\/03\/eirora-cbt-madura.jpg","datePublished":"2025-03-26T13:39:38+00:00","dateModified":"2025-03-26T13:49:45+00:00","description":"Eirora CBT Toro 1 Cigare | Un tr\u00e8s grand choix de produits du tabac haut de gamme, de cigarettes \u00e9lectroniques et d'accessoires pour fumeurs dans toute la Suisse | Cartes accept\u00e9es !","breadcrumb":{"@id":"https:\/\/www.tabakversand.ch\/fr\/produit\/eirora-cbt-toro-1-cigar\/#breadcrumb"},"inLanguage":"fr-FR","potentialAction":[{"@type":"ReadAction","target":["https:\/\/www.tabakversand.ch\/fr\/produit\/eirora-cbt-toro-1-cigar\/"]}]},{"@type":"ImageObject","inLanguage":"fr-FR","@id":"https:\/\/www.tabakversand.ch\/fr\/produit\/eirora-cbt-toro-1-cigar\/#primaryimage","url":"https:\/\/www.tabakversand.ch\/wp-content\/uploads\/2025\/03\/eirora-cbt-madura.jpg","contentUrl":"https:\/\/www.tabakversand.ch\/wp-content\/uploads\/2025\/03\/eirora-cbt-madura.jpg","width":500,"height":500,"caption":"Eirora CBT Toro 1 Zigarre"},{"@type":"BreadcrumbList","@id":"https:\/\/www.tabakversand.ch\/fr\/produit\/eirora-cbt-toro-1-cigar\/#breadcrumb","itemListElement":[{"@type":"ListItem","position":1,"name":"Startseite","item":"https:\/\/www.tabakversand.ch\/"},{"@type":"ListItem","position":2,"name":"Boutique","item":"https:\/\/www.tabakversand.ch\/fr\/boutique\/"},{"@type":"ListItem","position":3,"name":"Eirora CBT Toro 1 Cigar"}]},{"@type":"WebSite","@id":"https:\/\/www.tabakversand.ch\/#website","url":"https:\/\/www.tabakversand.ch\/","name":"Tabakversand.ch | Alles aus der Welt des Tabaks","description":"Smoke and carpe diem","potentialAction":[{"@type":"SearchAction","target":{"@type":"EntryPoint","urlTemplate":"https:\/\/www.tabakversand.ch\/?s={search_term_string}"},"query-input":{"@type":"PropertyValueSpecification","valueRequired":true,"valueName":"search_term_string"}}],"inLanguage":"fr-FR"}]}},"_links":{"self":[{"href":"https:\/\/www.tabakversand.ch\/fr\/wp-json\/wp\/v2\/product\/178017","targetHints":{"allow":["GET"]}}],"collection":[{"href":"https:\/\/www.tabakversand.ch\/fr\/wp-json\/wp\/v2\/product"}],"about":[{"href":"https:\/\/www.tabakversand.ch\/fr\/wp-json\/wp\/v2\/types\/product"}],"version-history":[{"count":4,"href":"https:\/\/www.tabakversand.ch\/fr\/wp-json\/wp\/v2\/product\/178017\/revisions"}],"predecessor-version":[{"id":178039,"href":"https:\/\/www.tabakversand.ch\/fr\/wp-json\/wp\/v2\/product\/178017\/revisions\/178039"}],"wp:featuredmedia":[{"embeddable":true,"href":"https:\/\/www.tabakversand.ch\/fr\/wp-json\/wp\/v2\/media\/178021"}],"wp:attachment":[{"href":"https:\/\/www.tabakversand.ch\/fr\/wp-json\/wp\/v2\/media?parent=178017"}],"wp:term":[{"taxonomy":"product_brand","embeddable":true,"href":"https:\/\/www.tabakversand.ch\/fr\/wp-json\/wp\/v2\/product_brand?post=178017"},{"taxonomy":"product_cat","embeddable":true,"href":"https:\/\/www.tabakversand.ch\/fr\/wp-json\/wp\/v2\/product_cat?post=178017"},{"taxonomy":"product_tag","embeddable":true,"href":"https:\/\/www.tabakversand.ch\/fr\/wp-json\/wp\/v2\/product_tag?post=178017"}],"curies":[{"name":"wp","href":"https:\/\/api.w.org\/{rel}","templated":true}]}}