{"id":178209,"date":"2025-03-27T16:08:28","date_gmt":"2025-03-27T15:08:28","guid":{"rendered":"https:\/\/www.tabakversand.ch\/?post_type=product&#038;p=178209"},"modified":"2025-03-27T16:13:10","modified_gmt":"2025-03-27T15:13:10","slug":"bentley-nicaragua-demi-corona-1-cigare","status":"publish","type":"product","link":"https:\/\/www.tabakversand.ch\/fr\/produit\/bentley-nicaragua-demi-corona-1-cigare\/","title":{"rendered":"Bentley Nicaragua Demi Corona 1 Cigare"},"content":{"rendered":"<p>Bentley Nicaragua Demi Corona 1 Cigare<\/p>\n<p>Une cape fabriqu\u00e9e \u00e0 partir du meilleur Connecticut-Equateur Rosado et un liant (Piloto) du Nicaragua enveloppent une charge soigneusement \u00e9quilibr\u00e9e \u00e0 base de plusieurs tabacs du Panama et du Costa Rica. Ces tabacs bruts enti\u00e8rement aromatiques sont roul\u00e9s des meilleurs scooters (Torcedores) aux cigares Bentley nobles. Pi\u00e8ce par pi\u00e8ce, totalmente a mano au Nicaragua. Les trois nouveaux formats ont \u00e9t\u00e9 roul\u00e9s avec un Rosado d&rsquo;Equateur. Les experts en tabac savent \u00e0 quel point il est difficile de cultiver cette feuille de tabac en dehors de Cuba. Le liant est un Volado aromatique de la vall\u00e9e de Jalapa au Nicaragua, d&rsquo;o\u00f9 proviennent les tabacs de remplissage des trois nouveaux cigares, vieillis pendant au moins trois ans.<\/p>\n<p>Format : Petit Corona<br \/>\nLongueur : 9,5 cm<br \/>\nDiam\u00e8tre : 1,8 cm<\/p>\n<p>Couverture : Ecuador Rosado<br \/>\nCouverture : Nicaragua<br \/>\nD\u00e9p\u00f4t : Nicaragua<\/p>\n<p>Force : Moyenne-forte<br \/>\nAr\u00f4me\/Go\u00fbt : \u00c9l\u00e9gamment harmonieux, l\u00e9g\u00e8rement sucr\u00e9, plaisir de fumer moyennement fort. Note\/parfum d&rsquo;ambiance tr\u00e8s agr\u00e9able.<br \/>\n\u200bSp\u00e9cialit\u00e9s : tabacs m\u00fbris de 3 \u00e0 5 ans, cape Ecuador Rosado<br \/>\nOrigine : Nicaragua<br \/>\nTous les prix sont valables uniquement pour les commandes en ligne et incluent la TVA. TVA, sous r\u00e9serve de modifications plus Exp\u00e9dition. Sous r\u00e9serve d&rsquo;erreurs, de modifications de l&rsquo;\u00e9tendue de la livraison et de la conception, d&rsquo;erreurs d&rsquo;impression et de modifications de prix. Les prix barr\u00e9s sont plut\u00f4t des prix. L&rsquo;illustration peut diff\u00e9rer de l&rsquo;original\/de l&rsquo;\u00e9tendue de la livraison.<br \/>\n*Livraison gratuite pour les commandes sup\u00e9rieures \u00e0 CHF 250.<\/p>\n","protected":false},"excerpt":{"rendered":"<p>Bentley Nicaragua Demi Corona 1 Cigare Une cape fabriqu\u00e9e \u00e0 partir du meilleur Connecticut-Equateur Rosado et un liant (Piloto) du Nicaragua enveloppent une charge soigneusement \u00e9quilibr\u00e9e \u00e0 base de plusieurs tabacs du Panama et du Costa Rica. Ces tabacs bruts enti\u00e8rement aromatiques sont roul\u00e9s des meilleurs scooters (Torcedores) aux cigares Bentley nobles. Pi\u00e8ce par pi\u00e8ce, [&hellip;]<\/p>\n","protected":false},"featured_media":178213,"template":"","meta":[],"product_brand":[1523],"product_cat":[2807,1993,1994,2131],"product_tag":[],"class_list":{"0":"post-178209","1":"product","2":"type-product","3":"status-publish","4":"has-post-thumbnail","6":"product_brand-bentley","7":"product_cat-bentley-nicaragua-fr","8":"product_cat-cigares","9":"product_cat-monde-du-cigare","10":"product_cat-nicaragua-fr","12":"first","13":"instock","14":"purchasable","15":"product-type-simple"},"yoast_head":"<!-- This site is optimized with the Yoast SEO plugin v27.5 - https:\/\/yoast.com\/product\/yoast-seo-wordpress\/ -->\n<title>Bentley Nicaragua Demi Corona 1 Cigare - Tabakversand.ch | Alles aus der Welt des Tabaks<\/title>\n<meta name=\"description\" content=\"Bentley Nicaragua Demi Corona 1 Cigare | Un tr\u00e8s grand choix de produits du tabac haut de gamme, de cigarettes \u00e9lectroniques et d&#039;accessoires pour fumeurs dans toute la Suisse | Cartes accept\u00e9es !\" \/>\n<meta name=\"robots\" content=\"index, follow, max-snippet:-1, max-image-preview:large, max-video-preview:-1\" \/>\n<link rel=\"canonical\" href=\"https:\/\/www.tabakversand.ch\/produit\/bentley-nicaragua-half-corona-1-zigarre\/\" \/>\n<meta property=\"og:locale\" content=\"fr_FR\" \/>\n<meta property=\"og:type\" content=\"article\" \/>\n<meta property=\"og:title\" content=\"Bentley Nicaragua Demi Corona 1 Cigare - Tabakversand.ch | Alles aus der Welt des Tabaks\" \/>\n<meta property=\"og:description\" content=\"Bentley Nicaragua Demi Corona 1 Cigare | Un tr\u00e8s grand choix de produits du tabac haut de gamme, de cigarettes \u00e9lectroniques et d&#039;accessoires pour fumeurs dans toute la Suisse | Cartes accept\u00e9es !\" \/>\n<meta property=\"og:url\" content=\"https:\/\/www.tabakversand.ch\/produit\/bentley-nicaragua-half-corona-1-zigarre\/\" \/>\n<meta property=\"og:site_name\" content=\"Tabakversand.ch | Alles aus der Welt des Tabaks\" \/>\n<meta property=\"article:modified_time\" content=\"2025-03-27T15:13:10+00:00\" \/>\n<meta property=\"og:image\" content=\"https:\/\/www.tabakversand.ch\/wp-content\/uploads\/2025\/03\/bentley-half-corona-e.jpg\" \/>\n\t<meta property=\"og:image:width\" content=\"500\" \/>\n\t<meta property=\"og:image:height\" content=\"500\" \/>\n\t<meta property=\"og:image:type\" content=\"image\/jpeg\" \/>\n<meta name=\"twitter:card\" content=\"summary_large_image\" \/>\n<meta name=\"twitter:label1\" content=\"Dur\u00e9e de lecture estim\u00e9e\" \/>\n\t<meta name=\"twitter:data1\" content=\"2 minutes\" \/>\n<script type=\"application\/ld+json\" class=\"yoast-schema-graph\">{\"@context\":\"https:\\\/\\\/schema.org\",\"@graph\":[{\"@type\":\"WebPage\",\"@id\":\"https:\\\/\\\/www.tabakversand.ch\\\/produit\\\/bentley-nicaragua-half-corona-1-zigarre\\\/\",\"url\":\"https:\\\/\\\/www.tabakversand.ch\\\/produit\\\/bentley-nicaragua-half-corona-1-zigarre\\\/\",\"name\":\"Bentley Nicaragua Demi Corona 1 Cigare - Tabakversand.ch | Alles aus der Welt des Tabaks\",\"isPartOf\":{\"@id\":\"https:\\\/\\\/www.tabakversand.ch\\\/#website\"},\"primaryImageOfPage\":{\"@id\":\"https:\\\/\\\/www.tabakversand.ch\\\/produit\\\/bentley-nicaragua-half-corona-1-zigarre\\\/#primaryimage\"},\"image\":{\"@id\":\"https:\\\/\\\/www.tabakversand.ch\\\/produit\\\/bentley-nicaragua-half-corona-1-zigarre\\\/#primaryimage\"},\"thumbnailUrl\":\"https:\\\/\\\/www.tabakversand.ch\\\/wp-content\\\/uploads\\\/2025\\\/03\\\/bentley-half-corona-e.jpg\",\"datePublished\":\"2025-03-27T15:08:28+00:00\",\"dateModified\":\"2025-03-27T15:13:10+00:00\",\"description\":\"Bentley Nicaragua Demi Corona 1 Cigare | Un tr\u00e8s grand choix de produits du tabac haut de gamme, de cigarettes \u00e9lectroniques et d'accessoires pour fumeurs dans toute la Suisse | Cartes accept\u00e9es !\",\"breadcrumb\":{\"@id\":\"https:\\\/\\\/www.tabakversand.ch\\\/produit\\\/bentley-nicaragua-half-corona-1-zigarre\\\/#breadcrumb\"},\"inLanguage\":\"fr-FR\",\"potentialAction\":[{\"@type\":\"ReadAction\",\"target\":[\"https:\\\/\\\/www.tabakversand.ch\\\/produit\\\/bentley-nicaragua-half-corona-1-zigarre\\\/\"]}]},{\"@type\":\"ImageObject\",\"inLanguage\":\"fr-FR\",\"@id\":\"https:\\\/\\\/www.tabakversand.ch\\\/produit\\\/bentley-nicaragua-half-corona-1-zigarre\\\/#primaryimage\",\"url\":\"https:\\\/\\\/www.tabakversand.ch\\\/wp-content\\\/uploads\\\/2025\\\/03\\\/bentley-half-corona-e.jpg\",\"contentUrl\":\"https:\\\/\\\/www.tabakversand.ch\\\/wp-content\\\/uploads\\\/2025\\\/03\\\/bentley-half-corona-e.jpg\",\"width\":500,\"height\":500,\"caption\":\"Bentley Nicaragua Half Corona 1 Zigarre\"},{\"@type\":\"BreadcrumbList\",\"@id\":\"https:\\\/\\\/www.tabakversand.ch\\\/produit\\\/bentley-nicaragua-half-corona-1-zigarre\\\/#breadcrumb\",\"itemListElement\":[{\"@type\":\"ListItem\",\"position\":1,\"name\":\"Startseite\",\"item\":\"https:\\\/\\\/www.tabakversand.ch\\\/\"},{\"@type\":\"ListItem\",\"position\":2,\"name\":\"Boutique\",\"item\":\"https:\\\/\\\/www.tabakversand.ch\\\/fr\\\/boutique\\\/\"},{\"@type\":\"ListItem\",\"position\":3,\"name\":\"Bentley Nicaragua Demi Corona 1 Cigare\"}]},{\"@type\":\"WebSite\",\"@id\":\"https:\\\/\\\/www.tabakversand.ch\\\/#website\",\"url\":\"https:\\\/\\\/www.tabakversand.ch\\\/\",\"name\":\"Tabakversand.ch | Alles aus der Welt des Tabaks\",\"description\":\"Smoke and carpe diem\",\"potentialAction\":[{\"@type\":\"SearchAction\",\"target\":{\"@type\":\"EntryPoint\",\"urlTemplate\":\"https:\\\/\\\/www.tabakversand.ch\\\/?s={search_term_string}\"},\"query-input\":{\"@type\":\"PropertyValueSpecification\",\"valueRequired\":true,\"valueName\":\"search_term_string\"}}],\"inLanguage\":\"fr-FR\"}]}<\/script>\n<!-- \/ Yoast SEO plugin. -->","yoast_head_json":{"title":"Bentley Nicaragua Demi Corona 1 Cigare - Tabakversand.ch | Alles aus der Welt des Tabaks","description":"Bentley Nicaragua Demi Corona 1 Cigare | Un tr\u00e8s grand choix de produits du tabac haut de gamme, de cigarettes \u00e9lectroniques et d'accessoires pour fumeurs dans toute la Suisse | Cartes accept\u00e9es !","robots":{"index":"index","follow":"follow","max-snippet":"max-snippet:-1","max-image-preview":"max-image-preview:large","max-video-preview":"max-video-preview:-1"},"canonical":"https:\/\/www.tabakversand.ch\/produit\/bentley-nicaragua-half-corona-1-zigarre\/","og_locale":"fr_FR","og_type":"article","og_title":"Bentley Nicaragua Demi Corona 1 Cigare - Tabakversand.ch | Alles aus der Welt des Tabaks","og_description":"Bentley Nicaragua Demi Corona 1 Cigare | Un tr\u00e8s grand choix de produits du tabac haut de gamme, de cigarettes \u00e9lectroniques et d'accessoires pour fumeurs dans toute la Suisse | Cartes accept\u00e9es !","og_url":"https:\/\/www.tabakversand.ch\/produit\/bentley-nicaragua-half-corona-1-zigarre\/","og_site_name":"Tabakversand.ch | Alles aus der Welt des Tabaks","article_modified_time":"2025-03-27T15:13:10+00:00","og_image":[{"width":500,"height":500,"url":"https:\/\/www.tabakversand.ch\/wp-content\/uploads\/2025\/03\/bentley-half-corona-e.jpg","type":"image\/jpeg"}],"twitter_card":"summary_large_image","twitter_misc":{"Dur\u00e9e de lecture estim\u00e9e":"2 minutes"},"schema":{"@context":"https:\/\/schema.org","@graph":[{"@type":"WebPage","@id":"https:\/\/www.tabakversand.ch\/produit\/bentley-nicaragua-half-corona-1-zigarre\/","url":"https:\/\/www.tabakversand.ch\/produit\/bentley-nicaragua-half-corona-1-zigarre\/","name":"Bentley Nicaragua Demi Corona 1 Cigare - Tabakversand.ch | Alles aus der Welt des Tabaks","isPartOf":{"@id":"https:\/\/www.tabakversand.ch\/#website"},"primaryImageOfPage":{"@id":"https:\/\/www.tabakversand.ch\/produit\/bentley-nicaragua-half-corona-1-zigarre\/#primaryimage"},"image":{"@id":"https:\/\/www.tabakversand.ch\/produit\/bentley-nicaragua-half-corona-1-zigarre\/#primaryimage"},"thumbnailUrl":"https:\/\/www.tabakversand.ch\/wp-content\/uploads\/2025\/03\/bentley-half-corona-e.jpg","datePublished":"2025-03-27T15:08:28+00:00","dateModified":"2025-03-27T15:13:10+00:00","description":"Bentley Nicaragua Demi Corona 1 Cigare | Un tr\u00e8s grand choix de produits du tabac haut de gamme, de cigarettes \u00e9lectroniques et d'accessoires pour fumeurs dans toute la Suisse | Cartes accept\u00e9es !","breadcrumb":{"@id":"https:\/\/www.tabakversand.ch\/produit\/bentley-nicaragua-half-corona-1-zigarre\/#breadcrumb"},"inLanguage":"fr-FR","potentialAction":[{"@type":"ReadAction","target":["https:\/\/www.tabakversand.ch\/produit\/bentley-nicaragua-half-corona-1-zigarre\/"]}]},{"@type":"ImageObject","inLanguage":"fr-FR","@id":"https:\/\/www.tabakversand.ch\/produit\/bentley-nicaragua-half-corona-1-zigarre\/#primaryimage","url":"https:\/\/www.tabakversand.ch\/wp-content\/uploads\/2025\/03\/bentley-half-corona-e.jpg","contentUrl":"https:\/\/www.tabakversand.ch\/wp-content\/uploads\/2025\/03\/bentley-half-corona-e.jpg","width":500,"height":500,"caption":"Bentley Nicaragua Half Corona 1 Zigarre"},{"@type":"BreadcrumbList","@id":"https:\/\/www.tabakversand.ch\/produit\/bentley-nicaragua-half-corona-1-zigarre\/#breadcrumb","itemListElement":[{"@type":"ListItem","position":1,"name":"Startseite","item":"https:\/\/www.tabakversand.ch\/"},{"@type":"ListItem","position":2,"name":"Boutique","item":"https:\/\/www.tabakversand.ch\/fr\/boutique\/"},{"@type":"ListItem","position":3,"name":"Bentley Nicaragua Demi Corona 1 Cigare"}]},{"@type":"WebSite","@id":"https:\/\/www.tabakversand.ch\/#website","url":"https:\/\/www.tabakversand.ch\/","name":"Tabakversand.ch | Alles aus der Welt des Tabaks","description":"Smoke and carpe diem","potentialAction":[{"@type":"SearchAction","target":{"@type":"EntryPoint","urlTemplate":"https:\/\/www.tabakversand.ch\/?s={search_term_string}"},"query-input":{"@type":"PropertyValueSpecification","valueRequired":true,"valueName":"search_term_string"}}],"inLanguage":"fr-FR"}]}},"_links":{"self":[{"href":"https:\/\/www.tabakversand.ch\/fr\/wp-json\/wp\/v2\/product\/178209","targetHints":{"allow":["GET"]}}],"collection":[{"href":"https:\/\/www.tabakversand.ch\/fr\/wp-json\/wp\/v2\/product"}],"about":[{"href":"https:\/\/www.tabakversand.ch\/fr\/wp-json\/wp\/v2\/types\/product"}],"version-history":[{"count":3,"href":"https:\/\/www.tabakversand.ch\/fr\/wp-json\/wp\/v2\/product\/178209\/revisions"}],"predecessor-version":[{"id":178223,"href":"https:\/\/www.tabakversand.ch\/fr\/wp-json\/wp\/v2\/product\/178209\/revisions\/178223"}],"wp:featuredmedia":[{"embeddable":true,"href":"https:\/\/www.tabakversand.ch\/fr\/wp-json\/wp\/v2\/media\/178213"}],"wp:attachment":[{"href":"https:\/\/www.tabakversand.ch\/fr\/wp-json\/wp\/v2\/media?parent=178209"}],"wp:term":[{"taxonomy":"product_brand","embeddable":true,"href":"https:\/\/www.tabakversand.ch\/fr\/wp-json\/wp\/v2\/product_brand?post=178209"},{"taxonomy":"product_cat","embeddable":true,"href":"https:\/\/www.tabakversand.ch\/fr\/wp-json\/wp\/v2\/product_cat?post=178209"},{"taxonomy":"product_tag","embeddable":true,"href":"https:\/\/www.tabakversand.ch\/fr\/wp-json\/wp\/v2\/product_tag?post=178209"}],"curies":[{"name":"wp","href":"https:\/\/api.w.org\/{rel}","templated":true}]}}