{"id":178810,"date":"2025-04-01T15:07:16","date_gmt":"2025-04-01T13:07:16","guid":{"rendered":"https:\/\/www.tabakversand.ch\/?post_type=product&#038;p=178810"},"modified":"2026-02-21T08:49:46","modified_gmt":"2026-02-21T07:49:46","slug":"tuyau-en-bois-vauen-531","status":"publish","type":"product","link":"https:\/\/www.tabakversand.ch\/fr\/produit\/tuyau-en-bois-vauen-531\/","title":{"rendered":"Tuyau en bois Vauen 531"},"content":{"rendered":"<div id=\"tab-label-description\" class=\"data item title active\" role=\"tab\" data-role=\"collapsible\" data-collapsible=\"true\">\n<div id=\"description\" class=\"data item content\" role=\"tabpanel\" data-role=\"content\" aria-labelledby=\"tab-label-description\" aria-hidden=\"false\">\n<div class=\"product attribute9 description\">\n<p>Tuyau en bois Vauen 531<\/p>\n<p>Pipe marron fonc\u00e9, sabl\u00e9e avec un anneau en bois unique, fabriqu\u00e9e dans notre usine de noyer. La bague en filigrane pr\u00e9sente une gravure laser artistique, renforc\u00e9e et raffin\u00e9e par deux coques d&rsquo;anneau en aluminium. L&rsquo;aspect bicolore attrayant du sablage permet \u00e0 la couleur naturelle du bois de bruy\u00e8re de transpara\u00eetre.  <\/p>\n<ul>\n<li>Couleur : marron fonc\u00e9<\/li>\n<li>Surface : sabl\u00e9e<\/li>\n<li>Forme de base : droite<\/li>\n<li>Mod\u00e8le : Apple<\/li>\n<li>Embouchure : acrylique noir<\/li>\n<li>Type de morsure&nbsp;: morsure normale<\/li>\n<li>Mat\u00e9riau : Bruy\u00e8re<\/li>\n<li>Filtre : 9 mm<\/li>\n<li>Application : bois\/aluminium<\/li>\n<li>Longueur : environ 15,5 cm<\/li>\n<li>Hauteur de la t\u00eate : environ 5 cm<\/li>\n<li>Poids : environ 55 g<\/li>\n<li>Pays d&rsquo;origine : Allemagne<\/li>\n<\/ul>\n<\/div>\n<\/div>\n<p>Tous les prix s&rsquo;appliquent uniquement aux commandes en ligne et incluent la TVA. Sous r\u00e9serve de modifications sans pr\u00e9avis, frais de livraison en sus. Sous r\u00e9serve d&rsquo;erreurs, de modifications de contenu de livraison et de conception, de fautes d&rsquo;impression et de modifications de prix. Les prix barr\u00e9s sont des prix de remplacement. Les illustrations peuvent diff\u00e9rer de l&rsquo;original\/du contenu de livraison.     <\/p>\n<\/div>\n<p>*Livraison gratuite pour les commandes sup\u00e9rieures \u00e0 CHF 250.-.<\/p>\n","protected":false},"excerpt":{"rendered":"<p>Tuyau en bois Vauen 531 Pipe marron fonc\u00e9, sabl\u00e9e avec un anneau en bois unique, fabriqu\u00e9e dans notre usine de noyer. La bague en filigrane pr\u00e9sente une gravure laser artistique, renforc\u00e9e et raffin\u00e9e par deux coques d&rsquo;anneau en aluminium. L&rsquo;aspect bicolore attrayant du sablage permet \u00e0 la couleur naturelle du bois de bruy\u00e8re de transpara\u00eetre. [&hellip;]<\/p>\n","protected":false},"featured_media":178814,"template":"","meta":[],"product_brand":[5273],"product_cat":[1949,1947,1945],"product_tag":[],"class_list":{"0":"post-178810","1":"product","2":"type-product","3":"status-publish","4":"has-post-thumbnail","6":"product_brand-vauen","7":"product_cat-pipe-world-fr","8":"product_cat-siffler","9":"product_cat-tuyaux-vauen","11":"first","12":"instock","13":"purchasable","14":"product-type-simple"},"yoast_head":"<!-- This site is optimized with the Yoast SEO plugin v27.0 - https:\/\/yoast.com\/product\/yoast-seo-wordpress\/ -->\n<title>Tuyau en bois Vauen 531<\/title>\n<meta name=\"description\" content=\"Tuyau en bois Vauen 531 | Un tr\u00e8s grand choix de produits du tabac et d&#039;accessoires pour fumeurs dans toute la Suisse | Cartes accept\u00e9es !\" \/>\n<meta name=\"robots\" content=\"index, follow, max-snippet:-1, max-image-preview:large, max-video-preview:-1\" \/>\n<link rel=\"canonical\" href=\"https:\/\/www.tabakversand.ch\/fr\/produit\/tuyau-en-bois-vauen-531\/\" \/>\n<meta property=\"og:locale\" content=\"fr_FR\" \/>\n<meta property=\"og:type\" content=\"article\" \/>\n<meta property=\"og:title\" content=\"Tuyau en bois Vauen 531\" \/>\n<meta property=\"og:description\" content=\"Tuyau en bois Vauen 531 | Un tr\u00e8s grand choix de produits du tabac et d&#039;accessoires pour fumeurs dans toute la Suisse | Cartes accept\u00e9es !\" \/>\n<meta property=\"og:url\" content=\"https:\/\/www.tabakversand.ch\/fr\/produit\/tuyau-en-bois-vauen-531\/\" \/>\n<meta property=\"og:site_name\" content=\"Tabakversand.ch | Alles aus der Welt des Tabaks\" \/>\n<meta property=\"article:modified_time\" content=\"2026-02-21T07:49:46+00:00\" \/>\n<meta property=\"og:image\" content=\"https:\/\/www.tabakversand.ch\/wp-content\/uploads\/2025\/04\/vauen-timber-531.jpg\" \/>\n\t<meta property=\"og:image:width\" content=\"500\" \/>\n\t<meta property=\"og:image:height\" content=\"500\" \/>\n\t<meta property=\"og:image:type\" content=\"image\/jpeg\" \/>\n<meta name=\"twitter:card\" content=\"summary_large_image\" \/>\n<meta name=\"twitter:label1\" content=\"Dur\u00e9e de lecture estim\u00e9e\" \/>\n\t<meta name=\"twitter:data1\" content=\"2 minutes\" \/>\n<script type=\"application\/ld+json\" class=\"yoast-schema-graph\">{\"@context\":\"https:\/\/schema.org\",\"@graph\":[{\"@type\":\"WebPage\",\"@id\":\"https:\/\/www.tabakversand.ch\/fr\/produit\/tuyau-en-bois-vauen-531\/\",\"url\":\"https:\/\/www.tabakversand.ch\/fr\/produit\/tuyau-en-bois-vauen-531\/\",\"name\":\"Tuyau en bois Vauen 531\",\"isPartOf\":{\"@id\":\"https:\/\/www.tabakversand.ch\/#website\"},\"primaryImageOfPage\":{\"@id\":\"https:\/\/www.tabakversand.ch\/fr\/produit\/tuyau-en-bois-vauen-531\/#primaryimage\"},\"image\":{\"@id\":\"https:\/\/www.tabakversand.ch\/fr\/produit\/tuyau-en-bois-vauen-531\/#primaryimage\"},\"thumbnailUrl\":\"https:\/\/www.tabakversand.ch\/wp-content\/uploads\/2025\/04\/vauen-timber-531.jpg\",\"datePublished\":\"2025-04-01T13:07:16+00:00\",\"dateModified\":\"2026-02-21T07:49:46+00:00\",\"description\":\"Tuyau en bois Vauen 531 | Un tr\u00e8s grand choix de produits du tabac et d'accessoires pour fumeurs dans toute la Suisse | Cartes accept\u00e9es !\",\"breadcrumb\":{\"@id\":\"https:\/\/www.tabakversand.ch\/fr\/produit\/tuyau-en-bois-vauen-531\/#breadcrumb\"},\"inLanguage\":\"fr-FR\",\"potentialAction\":[{\"@type\":\"ReadAction\",\"target\":[\"https:\/\/www.tabakversand.ch\/fr\/produit\/tuyau-en-bois-vauen-531\/\"]}]},{\"@type\":\"ImageObject\",\"inLanguage\":\"fr-FR\",\"@id\":\"https:\/\/www.tabakversand.ch\/fr\/produit\/tuyau-en-bois-vauen-531\/#primaryimage\",\"url\":\"https:\/\/www.tabakversand.ch\/wp-content\/uploads\/2025\/04\/vauen-timber-531.jpg\",\"contentUrl\":\"https:\/\/www.tabakversand.ch\/wp-content\/uploads\/2025\/04\/vauen-timber-531.jpg\",\"width\":500,\"height\":500,\"caption\":\"Tuyau en bois Vauen 531 | Tabakversand.ch\"},{\"@type\":\"BreadcrumbList\",\"@id\":\"https:\/\/www.tabakversand.ch\/fr\/produit\/tuyau-en-bois-vauen-531\/#breadcrumb\",\"itemListElement\":[{\"@type\":\"ListItem\",\"position\":1,\"name\":\"Startseite\",\"item\":\"https:\/\/www.tabakversand.ch\/\"},{\"@type\":\"ListItem\",\"position\":2,\"name\":\"Boutique\",\"item\":\"https:\/\/www.tabakversand.ch\/fr\/boutique\/\"},{\"@type\":\"ListItem\",\"position\":3,\"name\":\"Tuyau en bois Vauen 531\"}]},{\"@type\":\"WebSite\",\"@id\":\"https:\/\/www.tabakversand.ch\/#website\",\"url\":\"https:\/\/www.tabakversand.ch\/\",\"name\":\"Tabakversand.ch | Alles aus der Welt des Tabaks\",\"description\":\"Smoke and carpe diem\",\"potentialAction\":[{\"@type\":\"SearchAction\",\"target\":{\"@type\":\"EntryPoint\",\"urlTemplate\":\"https:\/\/www.tabakversand.ch\/?s={search_term_string}\"},\"query-input\":{\"@type\":\"PropertyValueSpecification\",\"valueRequired\":true,\"valueName\":\"search_term_string\"}}],\"inLanguage\":\"fr-FR\"}]}<\/script>\n<!-- \/ Yoast SEO plugin. -->","yoast_head_json":{"title":"Tuyau en bois Vauen 531","description":"Tuyau en bois Vauen 531 | Un tr\u00e8s grand choix de produits du tabac et d'accessoires pour fumeurs dans toute la Suisse | Cartes accept\u00e9es !","robots":{"index":"index","follow":"follow","max-snippet":"max-snippet:-1","max-image-preview":"max-image-preview:large","max-video-preview":"max-video-preview:-1"},"canonical":"https:\/\/www.tabakversand.ch\/fr\/produit\/tuyau-en-bois-vauen-531\/","og_locale":"fr_FR","og_type":"article","og_title":"Tuyau en bois Vauen 531","og_description":"Tuyau en bois Vauen 531 | Un tr\u00e8s grand choix de produits du tabac et d'accessoires pour fumeurs dans toute la Suisse | Cartes accept\u00e9es !","og_url":"https:\/\/www.tabakversand.ch\/fr\/produit\/tuyau-en-bois-vauen-531\/","og_site_name":"Tabakversand.ch | Alles aus der Welt des Tabaks","article_modified_time":"2026-02-21T07:49:46+00:00","og_image":[{"width":500,"height":500,"url":"https:\/\/www.tabakversand.ch\/wp-content\/uploads\/2025\/04\/vauen-timber-531.jpg","type":"image\/jpeg"}],"twitter_card":"summary_large_image","twitter_misc":{"Dur\u00e9e de lecture estim\u00e9e":"2 minutes"},"schema":{"@context":"https:\/\/schema.org","@graph":[{"@type":"WebPage","@id":"https:\/\/www.tabakversand.ch\/fr\/produit\/tuyau-en-bois-vauen-531\/","url":"https:\/\/www.tabakversand.ch\/fr\/produit\/tuyau-en-bois-vauen-531\/","name":"Tuyau en bois Vauen 531","isPartOf":{"@id":"https:\/\/www.tabakversand.ch\/#website"},"primaryImageOfPage":{"@id":"https:\/\/www.tabakversand.ch\/fr\/produit\/tuyau-en-bois-vauen-531\/#primaryimage"},"image":{"@id":"https:\/\/www.tabakversand.ch\/fr\/produit\/tuyau-en-bois-vauen-531\/#primaryimage"},"thumbnailUrl":"https:\/\/www.tabakversand.ch\/wp-content\/uploads\/2025\/04\/vauen-timber-531.jpg","datePublished":"2025-04-01T13:07:16+00:00","dateModified":"2026-02-21T07:49:46+00:00","description":"Tuyau en bois Vauen 531 | Un tr\u00e8s grand choix de produits du tabac et d'accessoires pour fumeurs dans toute la Suisse | Cartes accept\u00e9es !","breadcrumb":{"@id":"https:\/\/www.tabakversand.ch\/fr\/produit\/tuyau-en-bois-vauen-531\/#breadcrumb"},"inLanguage":"fr-FR","potentialAction":[{"@type":"ReadAction","target":["https:\/\/www.tabakversand.ch\/fr\/produit\/tuyau-en-bois-vauen-531\/"]}]},{"@type":"ImageObject","inLanguage":"fr-FR","@id":"https:\/\/www.tabakversand.ch\/fr\/produit\/tuyau-en-bois-vauen-531\/#primaryimage","url":"https:\/\/www.tabakversand.ch\/wp-content\/uploads\/2025\/04\/vauen-timber-531.jpg","contentUrl":"https:\/\/www.tabakversand.ch\/wp-content\/uploads\/2025\/04\/vauen-timber-531.jpg","width":500,"height":500,"caption":"Tuyau en bois Vauen 531 | Tabakversand.ch"},{"@type":"BreadcrumbList","@id":"https:\/\/www.tabakversand.ch\/fr\/produit\/tuyau-en-bois-vauen-531\/#breadcrumb","itemListElement":[{"@type":"ListItem","position":1,"name":"Startseite","item":"https:\/\/www.tabakversand.ch\/"},{"@type":"ListItem","position":2,"name":"Boutique","item":"https:\/\/www.tabakversand.ch\/fr\/boutique\/"},{"@type":"ListItem","position":3,"name":"Tuyau en bois Vauen 531"}]},{"@type":"WebSite","@id":"https:\/\/www.tabakversand.ch\/#website","url":"https:\/\/www.tabakversand.ch\/","name":"Tabakversand.ch | Alles aus der Welt des Tabaks","description":"Smoke and carpe diem","potentialAction":[{"@type":"SearchAction","target":{"@type":"EntryPoint","urlTemplate":"https:\/\/www.tabakversand.ch\/?s={search_term_string}"},"query-input":{"@type":"PropertyValueSpecification","valueRequired":true,"valueName":"search_term_string"}}],"inLanguage":"fr-FR"}]}},"_links":{"self":[{"href":"https:\/\/www.tabakversand.ch\/fr\/wp-json\/wp\/v2\/product\/178810","targetHints":{"allow":["GET"]}}],"collection":[{"href":"https:\/\/www.tabakversand.ch\/fr\/wp-json\/wp\/v2\/product"}],"about":[{"href":"https:\/\/www.tabakversand.ch\/fr\/wp-json\/wp\/v2\/types\/product"}],"version-history":[{"count":4,"href":"https:\/\/www.tabakversand.ch\/fr\/wp-json\/wp\/v2\/product\/178810\/revisions"}],"predecessor-version":[{"id":213026,"href":"https:\/\/www.tabakversand.ch\/fr\/wp-json\/wp\/v2\/product\/178810\/revisions\/213026"}],"wp:featuredmedia":[{"embeddable":true,"href":"https:\/\/www.tabakversand.ch\/fr\/wp-json\/wp\/v2\/media\/178814"}],"wp:attachment":[{"href":"https:\/\/www.tabakversand.ch\/fr\/wp-json\/wp\/v2\/media?parent=178810"}],"wp:term":[{"taxonomy":"product_brand","embeddable":true,"href":"https:\/\/www.tabakversand.ch\/fr\/wp-json\/wp\/v2\/product_brand?post=178810"},{"taxonomy":"product_cat","embeddable":true,"href":"https:\/\/www.tabakversand.ch\/fr\/wp-json\/wp\/v2\/product_cat?post=178810"},{"taxonomy":"product_tag","embeddable":true,"href":"https:\/\/www.tabakversand.ch\/fr\/wp-json\/wp\/v2\/product_tag?post=178810"}],"curies":[{"name":"wp","href":"https:\/\/api.w.org\/{rel}","templated":true}]}}