{"id":178936,"date":"2025-04-01T16:37:48","date_gmt":"2025-04-01T14:37:48","guid":{"rendered":"https:\/\/www.tabakversand.ch\/?post_type=product&#038;p=178936"},"modified":"2026-02-21T08:51:38","modified_gmt":"2026-02-21T07:51:38","slug":"pipe-empire-vauen-521","status":"publish","type":"product","link":"https:\/\/www.tabakversand.ch\/fr\/produit\/pipe-empire-vauen-521\/","title":{"rendered":"Pipe Empire Vauen 521"},"content":{"rendered":"<div id=\"tab-label-description\" class=\"data item title active\" role=\"tab\" data-role=\"collapsible\" data-collapsible=\"true\">\n<div id=\"description\" class=\"data item content\" role=\"tabpanel\" data-role=\"content\" aria-labelledby=\"tab-label-description\" aria-hidden=\"false\">\n<div class=\"product attribute9 description\">\n<p>Pipe Empire Vauen 521<\/p>\n<p>La collection Empire est un classique de premi\u00e8re classe. Les formes exquises et intemporelles, l&rsquo;excellente finition et le grain particuli\u00e8rement beau cr\u00e9ent une sensation d&rsquo;exaltation une fois que vous avez tenu une pipe de cette s\u00e9rie dans votre main. Une bague en aluminium poli s&rsquo;int\u00e8gre astucieusement dans l&rsquo;esth\u00e9tique g\u00e9n\u00e9rale.  <\/p>\n<ul>\n<li>Couleur: noir<\/li>\n<li>Surface : sabl\u00e9e<\/li>\n<li>Forme de base : courb\u00e9e<\/li>\n<li>Embouchure : Acrylique<\/li>\n<li>Type de morsure&nbsp;: morsure normale<\/li>\n<li>Mat\u00e9riau : Bruy\u00e8re<\/li>\n<li>Filtre : 9 mm<\/li>\n<li>Application : Aluminium<\/li>\n<li>Longueur : environ 15 cm<\/li>\n<li>Hauteur de la t\u00eate : 5 cm<\/li>\n<li>Poids : environ 40 g<\/li>\n<li>Pays d&rsquo;origine : Allemagne<\/li>\n<\/ul>\n<\/div>\n<\/div>\n<p>Tous les prix s&rsquo;appliquent uniquement aux commandes en ligne et incluent la TVA. Sous r\u00e9serve de modifications sans pr\u00e9avis, frais de livraison en sus. Sous r\u00e9serve d&rsquo;erreurs, de modifications de contenu de livraison et de conception, de fautes d&rsquo;impression et de modifications de prix. Les prix barr\u00e9s sont des prix de remplacement. Les illustrations peuvent diff\u00e9rer de l&rsquo;original\/du contenu de livraison.     <\/p>\n<\/div>\n<p>*Livraison gratuite pour les commandes sup\u00e9rieures \u00e0 CHF 250.-.<\/p>\n","protected":false},"excerpt":{"rendered":"<p>Pipe Empire Vauen 521 La collection Empire est un classique de premi\u00e8re classe. Les formes exquises et intemporelles, l&rsquo;excellente finition et le grain particuli\u00e8rement beau cr\u00e9ent une sensation d&rsquo;exaltation une fois que vous avez tenu une pipe de cette s\u00e9rie dans votre main. Une bague en aluminium poli s&rsquo;int\u00e8gre astucieusement dans l&rsquo;esth\u00e9tique g\u00e9n\u00e9rale. Couleur: noir [&hellip;]<\/p>\n","protected":false},"featured_media":178940,"template":"","meta":[],"product_brand":[5273],"product_cat":[1949,1947,1945],"product_tag":[],"class_list":{"0":"post-178936","1":"product","2":"type-product","3":"status-publish","4":"has-post-thumbnail","6":"product_brand-vauen","7":"product_cat-pipe-world-fr","8":"product_cat-siffler","9":"product_cat-tuyaux-vauen","11":"first","12":"instock","13":"purchasable","14":"product-type-simple"},"yoast_head":"<!-- This site is optimized with the Yoast SEO plugin v27.0 - https:\/\/yoast.com\/product\/yoast-seo-wordpress\/ -->\n<title>Pipe Empire Vauen 521<\/title>\n<meta name=\"description\" content=\"Pipe Empire Vauen 521 | Un tr\u00e8s grand choix de produits du tabac et d&#039;accessoires pour fumeurs dans toute la Suisse | Cartes accept\u00e9es !\" \/>\n<meta name=\"robots\" content=\"index, follow, max-snippet:-1, max-image-preview:large, max-video-preview:-1\" \/>\n<link rel=\"canonical\" href=\"https:\/\/www.tabakversand.ch\/fr\/produit\/pipe-empire-vauen-521\/\" \/>\n<meta property=\"og:locale\" content=\"fr_FR\" \/>\n<meta property=\"og:type\" content=\"article\" \/>\n<meta property=\"og:title\" content=\"Pipe Empire Vauen 521\" \/>\n<meta property=\"og:description\" content=\"Pipe Empire Vauen 521 | Un tr\u00e8s grand choix de produits du tabac et d&#039;accessoires pour fumeurs dans toute la Suisse | Cartes accept\u00e9es !\" \/>\n<meta property=\"og:url\" content=\"https:\/\/www.tabakversand.ch\/fr\/produit\/pipe-empire-vauen-521\/\" \/>\n<meta property=\"og:site_name\" content=\"Tabakversand.ch | Alles aus der Welt des Tabaks\" \/>\n<meta property=\"article:modified_time\" content=\"2026-02-21T07:51:38+00:00\" \/>\n<meta property=\"og:image\" content=\"https:\/\/www.tabakversand.ch\/wp-content\/uploads\/2025\/04\/vauen-empire-521.jpg\" \/>\n\t<meta property=\"og:image:width\" content=\"502\" \/>\n\t<meta property=\"og:image:height\" content=\"501\" \/>\n\t<meta property=\"og:image:type\" content=\"image\/jpeg\" \/>\n<meta name=\"twitter:card\" content=\"summary_large_image\" \/>\n<meta name=\"twitter:label1\" content=\"Dur\u00e9e de lecture estim\u00e9e\" \/>\n\t<meta name=\"twitter:data1\" content=\"2 minutes\" \/>\n<script type=\"application\/ld+json\" class=\"yoast-schema-graph\">{\"@context\":\"https:\/\/schema.org\",\"@graph\":[{\"@type\":\"WebPage\",\"@id\":\"https:\/\/www.tabakversand.ch\/fr\/produit\/pipe-empire-vauen-521\/\",\"url\":\"https:\/\/www.tabakversand.ch\/fr\/produit\/pipe-empire-vauen-521\/\",\"name\":\"Pipe Empire Vauen 521\",\"isPartOf\":{\"@id\":\"https:\/\/www.tabakversand.ch\/#website\"},\"primaryImageOfPage\":{\"@id\":\"https:\/\/www.tabakversand.ch\/fr\/produit\/pipe-empire-vauen-521\/#primaryimage\"},\"image\":{\"@id\":\"https:\/\/www.tabakversand.ch\/fr\/produit\/pipe-empire-vauen-521\/#primaryimage\"},\"thumbnailUrl\":\"https:\/\/www.tabakversand.ch\/wp-content\/uploads\/2025\/04\/vauen-empire-521.jpg\",\"datePublished\":\"2025-04-01T14:37:48+00:00\",\"dateModified\":\"2026-02-21T07:51:38+00:00\",\"description\":\"Pipe Empire Vauen 521 | Un tr\u00e8s grand choix de produits du tabac et d'accessoires pour fumeurs dans toute la Suisse | Cartes accept\u00e9es !\",\"breadcrumb\":{\"@id\":\"https:\/\/www.tabakversand.ch\/fr\/produit\/pipe-empire-vauen-521\/#breadcrumb\"},\"inLanguage\":\"fr-FR\",\"potentialAction\":[{\"@type\":\"ReadAction\",\"target\":[\"https:\/\/www.tabakversand.ch\/fr\/produit\/pipe-empire-vauen-521\/\"]}]},{\"@type\":\"ImageObject\",\"inLanguage\":\"fr-FR\",\"@id\":\"https:\/\/www.tabakversand.ch\/fr\/produit\/pipe-empire-vauen-521\/#primaryimage\",\"url\":\"https:\/\/www.tabakversand.ch\/wp-content\/uploads\/2025\/04\/vauen-empire-521.jpg\",\"contentUrl\":\"https:\/\/www.tabakversand.ch\/wp-content\/uploads\/2025\/04\/vauen-empire-521.jpg\",\"width\":502,\"height\":501,\"caption\":\"Pipe Vauen Empire 521 | Tabakversand.ch\"},{\"@type\":\"BreadcrumbList\",\"@id\":\"https:\/\/www.tabakversand.ch\/fr\/produit\/pipe-empire-vauen-521\/#breadcrumb\",\"itemListElement\":[{\"@type\":\"ListItem\",\"position\":1,\"name\":\"Startseite\",\"item\":\"https:\/\/www.tabakversand.ch\/\"},{\"@type\":\"ListItem\",\"position\":2,\"name\":\"Boutique\",\"item\":\"https:\/\/www.tabakversand.ch\/fr\/boutique\/\"},{\"@type\":\"ListItem\",\"position\":3,\"name\":\"Pipe Empire Vauen 521\"}]},{\"@type\":\"WebSite\",\"@id\":\"https:\/\/www.tabakversand.ch\/#website\",\"url\":\"https:\/\/www.tabakversand.ch\/\",\"name\":\"Tabakversand.ch | Alles aus der Welt des Tabaks\",\"description\":\"Smoke and carpe diem\",\"potentialAction\":[{\"@type\":\"SearchAction\",\"target\":{\"@type\":\"EntryPoint\",\"urlTemplate\":\"https:\/\/www.tabakversand.ch\/?s={search_term_string}\"},\"query-input\":{\"@type\":\"PropertyValueSpecification\",\"valueRequired\":true,\"valueName\":\"search_term_string\"}}],\"inLanguage\":\"fr-FR\"}]}<\/script>\n<!-- \/ Yoast SEO plugin. -->","yoast_head_json":{"title":"Pipe Empire Vauen 521","description":"Pipe Empire Vauen 521 | Un tr\u00e8s grand choix de produits du tabac et d'accessoires pour fumeurs dans toute la Suisse | Cartes accept\u00e9es !","robots":{"index":"index","follow":"follow","max-snippet":"max-snippet:-1","max-image-preview":"max-image-preview:large","max-video-preview":"max-video-preview:-1"},"canonical":"https:\/\/www.tabakversand.ch\/fr\/produit\/pipe-empire-vauen-521\/","og_locale":"fr_FR","og_type":"article","og_title":"Pipe Empire Vauen 521","og_description":"Pipe Empire Vauen 521 | Un tr\u00e8s grand choix de produits du tabac et d'accessoires pour fumeurs dans toute la Suisse | Cartes accept\u00e9es !","og_url":"https:\/\/www.tabakversand.ch\/fr\/produit\/pipe-empire-vauen-521\/","og_site_name":"Tabakversand.ch | Alles aus der Welt des Tabaks","article_modified_time":"2026-02-21T07:51:38+00:00","og_image":[{"width":502,"height":501,"url":"https:\/\/www.tabakversand.ch\/wp-content\/uploads\/2025\/04\/vauen-empire-521.jpg","type":"image\/jpeg"}],"twitter_card":"summary_large_image","twitter_misc":{"Dur\u00e9e de lecture estim\u00e9e":"2 minutes"},"schema":{"@context":"https:\/\/schema.org","@graph":[{"@type":"WebPage","@id":"https:\/\/www.tabakversand.ch\/fr\/produit\/pipe-empire-vauen-521\/","url":"https:\/\/www.tabakversand.ch\/fr\/produit\/pipe-empire-vauen-521\/","name":"Pipe Empire Vauen 521","isPartOf":{"@id":"https:\/\/www.tabakversand.ch\/#website"},"primaryImageOfPage":{"@id":"https:\/\/www.tabakversand.ch\/fr\/produit\/pipe-empire-vauen-521\/#primaryimage"},"image":{"@id":"https:\/\/www.tabakversand.ch\/fr\/produit\/pipe-empire-vauen-521\/#primaryimage"},"thumbnailUrl":"https:\/\/www.tabakversand.ch\/wp-content\/uploads\/2025\/04\/vauen-empire-521.jpg","datePublished":"2025-04-01T14:37:48+00:00","dateModified":"2026-02-21T07:51:38+00:00","description":"Pipe Empire Vauen 521 | Un tr\u00e8s grand choix de produits du tabac et d'accessoires pour fumeurs dans toute la Suisse | Cartes accept\u00e9es !","breadcrumb":{"@id":"https:\/\/www.tabakversand.ch\/fr\/produit\/pipe-empire-vauen-521\/#breadcrumb"},"inLanguage":"fr-FR","potentialAction":[{"@type":"ReadAction","target":["https:\/\/www.tabakversand.ch\/fr\/produit\/pipe-empire-vauen-521\/"]}]},{"@type":"ImageObject","inLanguage":"fr-FR","@id":"https:\/\/www.tabakversand.ch\/fr\/produit\/pipe-empire-vauen-521\/#primaryimage","url":"https:\/\/www.tabakversand.ch\/wp-content\/uploads\/2025\/04\/vauen-empire-521.jpg","contentUrl":"https:\/\/www.tabakversand.ch\/wp-content\/uploads\/2025\/04\/vauen-empire-521.jpg","width":502,"height":501,"caption":"Pipe Vauen Empire 521 | Tabakversand.ch"},{"@type":"BreadcrumbList","@id":"https:\/\/www.tabakversand.ch\/fr\/produit\/pipe-empire-vauen-521\/#breadcrumb","itemListElement":[{"@type":"ListItem","position":1,"name":"Startseite","item":"https:\/\/www.tabakversand.ch\/"},{"@type":"ListItem","position":2,"name":"Boutique","item":"https:\/\/www.tabakversand.ch\/fr\/boutique\/"},{"@type":"ListItem","position":3,"name":"Pipe Empire Vauen 521"}]},{"@type":"WebSite","@id":"https:\/\/www.tabakversand.ch\/#website","url":"https:\/\/www.tabakversand.ch\/","name":"Tabakversand.ch | Alles aus der Welt des Tabaks","description":"Smoke and carpe diem","potentialAction":[{"@type":"SearchAction","target":{"@type":"EntryPoint","urlTemplate":"https:\/\/www.tabakversand.ch\/?s={search_term_string}"},"query-input":{"@type":"PropertyValueSpecification","valueRequired":true,"valueName":"search_term_string"}}],"inLanguage":"fr-FR"}]}},"_links":{"self":[{"href":"https:\/\/www.tabakversand.ch\/fr\/wp-json\/wp\/v2\/product\/178936","targetHints":{"allow":["GET"]}}],"collection":[{"href":"https:\/\/www.tabakversand.ch\/fr\/wp-json\/wp\/v2\/product"}],"about":[{"href":"https:\/\/www.tabakversand.ch\/fr\/wp-json\/wp\/v2\/types\/product"}],"version-history":[{"count":4,"href":"https:\/\/www.tabakversand.ch\/fr\/wp-json\/wp\/v2\/product\/178936\/revisions"}],"predecessor-version":[{"id":213064,"href":"https:\/\/www.tabakversand.ch\/fr\/wp-json\/wp\/v2\/product\/178936\/revisions\/213064"}],"wp:featuredmedia":[{"embeddable":true,"href":"https:\/\/www.tabakversand.ch\/fr\/wp-json\/wp\/v2\/media\/178940"}],"wp:attachment":[{"href":"https:\/\/www.tabakversand.ch\/fr\/wp-json\/wp\/v2\/media?parent=178936"}],"wp:term":[{"taxonomy":"product_brand","embeddable":true,"href":"https:\/\/www.tabakversand.ch\/fr\/wp-json\/wp\/v2\/product_brand?post=178936"},{"taxonomy":"product_cat","embeddable":true,"href":"https:\/\/www.tabakversand.ch\/fr\/wp-json\/wp\/v2\/product_cat?post=178936"},{"taxonomy":"product_tag","embeddable":true,"href":"https:\/\/www.tabakversand.ch\/fr\/wp-json\/wp\/v2\/product_tag?post=178936"}],"curies":[{"name":"wp","href":"https:\/\/api.w.org\/{rel}","templated":true}]}}