{"id":179897,"date":"2025-04-04T13:16:27","date_gmt":"2025-04-04T11:16:27","guid":{"rendered":"https:\/\/www.tabakversand.ch\/?post_type=product&#038;p=179897"},"modified":"2026-02-21T08:51:42","modified_gmt":"2026-02-21T07:51:42","slug":"pipe-vauen-lime-740","status":"publish","type":"product","link":"https:\/\/www.tabakversand.ch\/fr\/produit\/pipe-vauen-lime-740\/","title":{"rendered":"Pipe Vauen Lime 740"},"content":{"rendered":"<div id=\"tab-label-description\" class=\"data item title active\" role=\"tab\" data-role=\"collapsible\" data-collapsible=\"true\">\n<div id=\"description\" class=\"data item content\" role=\"tabpanel\" data-role=\"content\" aria-labelledby=\"tab-label-description\" aria-hidden=\"false\">\n<div class=\"product attribute9 description\">\n<p>Pipe Vauen Lime 740<\/p>\n<p>En collaboration avec des min\u00e9ralogistes, un nouvel insert a \u00e9t\u00e9 d\u00e9velopp\u00e9, similaire \u00e0 l&rsquo;\u00e9cume de mer, \u00e9galement \u00e0 base de silicate. La toute nouvelle doublure blanche \u00ab VAUEN \u00bb repr\u00e9sente une \u00e9volution coh\u00e9rente de la doublure classique en \u00e9cume de mer et se caract\u00e9rise par ses propri\u00e9t\u00e9s particuli\u00e8res telles qu&rsquo;une tr\u00e8s bonne r\u00e9sistance au feu, une s\u00e9curit\u00e9 alimentaire et une excellente absorption de l&rsquo;humidit\u00e9. Il est \u00e9galement inodore et sans go\u00fbt.  <\/p>\n<p>La s\u00e9rie contrast\u00e9e Lime impressionne par son foyer de pipe en bois de ch\u00eane finement structur\u00e9 avec une surface chaul\u00e9e. La doublure \u00ab VAUEN \u00bb \u00e0 base de silicate blanc am\u00e9liore non seulement les caract\u00e9ristiques de fumage, mais compl\u00e8te \u00e9galement avec art le look monochrome. <\/p>\n<ul>\n<li>Couleur: noir<\/li>\n<li>Forme de base : courb\u00e9e<\/li>\n<li>Surface : bross\u00e9e<\/li>\n<li>Embouchure : acrylique noir<\/li>\n<li>Type de morsure&nbsp;: morsure normale<\/li>\n<li>Mat\u00e9riau : ch\u00eane\/silicate<\/li>\n<li>Filtre : 9 mm<\/li>\n<li>Longueur : environ 14 cm<\/li>\n<li>Hauteur du fourneau de la pipe : 45 mm<\/li>\n<li>Poids : environ 60 g<\/li>\n<li>Application : double anneau<\/li>\n<li>Pays d&rsquo;origine : Allemagne<\/li>\n<\/ul>\n<\/div>\n<\/div>\n<p>Tous les prix s&rsquo;appliquent uniquement aux commandes en ligne et incluent la TVA. Sous r\u00e9serve de modifications sans pr\u00e9avis, frais de livraison en sus. Sous r\u00e9serve d&rsquo;erreurs, de modifications de contenu de livraison et de conception, de fautes d&rsquo;impression et de modifications de prix. Les prix barr\u00e9s sont des prix de remplacement. Les illustrations peuvent diff\u00e9rer de l&rsquo;original\/du contenu de livraison.     <\/p>\n<\/div>\n<p>*Livraison gratuite pour les commandes sup\u00e9rieures \u00e0 CHF 250.-.<\/p>\n","protected":false},"excerpt":{"rendered":"<p>Pipe Vauen Lime 740 En collaboration avec des min\u00e9ralogistes, un nouvel insert a \u00e9t\u00e9 d\u00e9velopp\u00e9, similaire \u00e0 l&rsquo;\u00e9cume de mer, \u00e9galement \u00e0 base de silicate. La toute nouvelle doublure blanche \u00ab VAUEN \u00bb repr\u00e9sente une \u00e9volution coh\u00e9rente de la doublure classique en \u00e9cume de mer et se caract\u00e9rise par ses propri\u00e9t\u00e9s particuli\u00e8res telles qu&rsquo;une tr\u00e8s [&hellip;]<\/p>\n","protected":false},"featured_media":179901,"template":"","meta":[],"product_brand":[5273],"product_cat":[1949,1947,1945],"product_tag":[],"class_list":{"0":"post-179897","1":"product","2":"type-product","3":"status-publish","4":"has-post-thumbnail","6":"product_brand-vauen","7":"product_cat-pipe-world-fr","8":"product_cat-siffler","9":"product_cat-tuyaux-vauen","11":"first","12":"instock","13":"purchasable","14":"product-type-simple"},"yoast_head":"<!-- This site is optimized with the Yoast SEO plugin v27.0 - https:\/\/yoast.com\/product\/yoast-seo-wordpress\/ -->\n<title>Pipe Vauen Lime 740<\/title>\n<meta name=\"description\" content=\"Pipe Vauen Lime 740 | Un tr\u00e8s grand choix de produits du tabac et d&#039;accessoires pour fumeurs dans toute la Suisse | Cartes accept\u00e9es !\" \/>\n<meta name=\"robots\" content=\"index, follow, max-snippet:-1, max-image-preview:large, max-video-preview:-1\" \/>\n<link rel=\"canonical\" href=\"https:\/\/www.tabakversand.ch\/fr\/produit\/pipe-vauen-lime-740\/\" \/>\n<meta property=\"og:locale\" content=\"fr_FR\" \/>\n<meta property=\"og:type\" content=\"article\" \/>\n<meta property=\"og:title\" content=\"Pipe Vauen Lime 740\" \/>\n<meta property=\"og:description\" content=\"Pipe Vauen Lime 740 | Un tr\u00e8s grand choix de produits du tabac et d&#039;accessoires pour fumeurs dans toute la Suisse | Cartes accept\u00e9es !\" \/>\n<meta property=\"og:url\" content=\"https:\/\/www.tabakversand.ch\/fr\/produit\/pipe-vauen-lime-740\/\" \/>\n<meta property=\"og:site_name\" content=\"Tabakversand.ch | Alles aus der Welt des Tabaks\" \/>\n<meta property=\"article:modified_time\" content=\"2026-02-21T07:51:42+00:00\" \/>\n<meta property=\"og:image\" content=\"https:\/\/www.tabakversand.ch\/wp-content\/uploads\/2025\/04\/vauen-lime-740.jpg\" \/>\n\t<meta property=\"og:image:width\" content=\"500\" \/>\n\t<meta property=\"og:image:height\" content=\"500\" \/>\n\t<meta property=\"og:image:type\" content=\"image\/jpeg\" \/>\n<meta name=\"twitter:card\" content=\"summary_large_image\" \/>\n<meta name=\"twitter:label1\" content=\"Dur\u00e9e de lecture estim\u00e9e\" \/>\n\t<meta name=\"twitter:data1\" content=\"2 minutes\" \/>\n<script type=\"application\/ld+json\" class=\"yoast-schema-graph\">{\"@context\":\"https:\/\/schema.org\",\"@graph\":[{\"@type\":\"WebPage\",\"@id\":\"https:\/\/www.tabakversand.ch\/fr\/produit\/pipe-vauen-lime-740\/\",\"url\":\"https:\/\/www.tabakversand.ch\/fr\/produit\/pipe-vauen-lime-740\/\",\"name\":\"Pipe Vauen Lime 740\",\"isPartOf\":{\"@id\":\"https:\/\/www.tabakversand.ch\/#website\"},\"primaryImageOfPage\":{\"@id\":\"https:\/\/www.tabakversand.ch\/fr\/produit\/pipe-vauen-lime-740\/#primaryimage\"},\"image\":{\"@id\":\"https:\/\/www.tabakversand.ch\/fr\/produit\/pipe-vauen-lime-740\/#primaryimage\"},\"thumbnailUrl\":\"https:\/\/www.tabakversand.ch\/wp-content\/uploads\/2025\/04\/vauen-lime-740.jpg\",\"datePublished\":\"2025-04-04T11:16:27+00:00\",\"dateModified\":\"2026-02-21T07:51:42+00:00\",\"description\":\"Pipe Vauen Lime 740 | Un tr\u00e8s grand choix de produits du tabac et d'accessoires pour fumeurs dans toute la Suisse | Cartes accept\u00e9es !\",\"breadcrumb\":{\"@id\":\"https:\/\/www.tabakversand.ch\/fr\/produit\/pipe-vauen-lime-740\/#breadcrumb\"},\"inLanguage\":\"fr-FR\",\"potentialAction\":[{\"@type\":\"ReadAction\",\"target\":[\"https:\/\/www.tabakversand.ch\/fr\/produit\/pipe-vauen-lime-740\/\"]}]},{\"@type\":\"ImageObject\",\"inLanguage\":\"fr-FR\",\"@id\":\"https:\/\/www.tabakversand.ch\/fr\/produit\/pipe-vauen-lime-740\/#primaryimage\",\"url\":\"https:\/\/www.tabakversand.ch\/wp-content\/uploads\/2025\/04\/vauen-lime-740.jpg\",\"contentUrl\":\"https:\/\/www.tabakversand.ch\/wp-content\/uploads\/2025\/04\/vauen-lime-740.jpg\",\"width\":500,\"height\":500,\"caption\":\"Pipe \u00e0 chaux Vauen 740 | Tabakversand.ch\"},{\"@type\":\"BreadcrumbList\",\"@id\":\"https:\/\/www.tabakversand.ch\/fr\/produit\/pipe-vauen-lime-740\/#breadcrumb\",\"itemListElement\":[{\"@type\":\"ListItem\",\"position\":1,\"name\":\"Startseite\",\"item\":\"https:\/\/www.tabakversand.ch\/\"},{\"@type\":\"ListItem\",\"position\":2,\"name\":\"Boutique\",\"item\":\"https:\/\/www.tabakversand.ch\/fr\/boutique\/\"},{\"@type\":\"ListItem\",\"position\":3,\"name\":\"Pipe Vauen Lime 740\"}]},{\"@type\":\"WebSite\",\"@id\":\"https:\/\/www.tabakversand.ch\/#website\",\"url\":\"https:\/\/www.tabakversand.ch\/\",\"name\":\"Tabakversand.ch | Alles aus der Welt des Tabaks\",\"description\":\"Smoke and carpe diem\",\"potentialAction\":[{\"@type\":\"SearchAction\",\"target\":{\"@type\":\"EntryPoint\",\"urlTemplate\":\"https:\/\/www.tabakversand.ch\/?s={search_term_string}\"},\"query-input\":{\"@type\":\"PropertyValueSpecification\",\"valueRequired\":true,\"valueName\":\"search_term_string\"}}],\"inLanguage\":\"fr-FR\"}]}<\/script>\n<!-- \/ Yoast SEO plugin. -->","yoast_head_json":{"title":"Pipe Vauen Lime 740","description":"Pipe Vauen Lime 740 | Un tr\u00e8s grand choix de produits du tabac et d'accessoires pour fumeurs dans toute la Suisse | Cartes accept\u00e9es !","robots":{"index":"index","follow":"follow","max-snippet":"max-snippet:-1","max-image-preview":"max-image-preview:large","max-video-preview":"max-video-preview:-1"},"canonical":"https:\/\/www.tabakversand.ch\/fr\/produit\/pipe-vauen-lime-740\/","og_locale":"fr_FR","og_type":"article","og_title":"Pipe Vauen Lime 740","og_description":"Pipe Vauen Lime 740 | Un tr\u00e8s grand choix de produits du tabac et d'accessoires pour fumeurs dans toute la Suisse | Cartes accept\u00e9es !","og_url":"https:\/\/www.tabakversand.ch\/fr\/produit\/pipe-vauen-lime-740\/","og_site_name":"Tabakversand.ch | Alles aus der Welt des Tabaks","article_modified_time":"2026-02-21T07:51:42+00:00","og_image":[{"width":500,"height":500,"url":"https:\/\/www.tabakversand.ch\/wp-content\/uploads\/2025\/04\/vauen-lime-740.jpg","type":"image\/jpeg"}],"twitter_card":"summary_large_image","twitter_misc":{"Dur\u00e9e de lecture estim\u00e9e":"2 minutes"},"schema":{"@context":"https:\/\/schema.org","@graph":[{"@type":"WebPage","@id":"https:\/\/www.tabakversand.ch\/fr\/produit\/pipe-vauen-lime-740\/","url":"https:\/\/www.tabakversand.ch\/fr\/produit\/pipe-vauen-lime-740\/","name":"Pipe Vauen Lime 740","isPartOf":{"@id":"https:\/\/www.tabakversand.ch\/#website"},"primaryImageOfPage":{"@id":"https:\/\/www.tabakversand.ch\/fr\/produit\/pipe-vauen-lime-740\/#primaryimage"},"image":{"@id":"https:\/\/www.tabakversand.ch\/fr\/produit\/pipe-vauen-lime-740\/#primaryimage"},"thumbnailUrl":"https:\/\/www.tabakversand.ch\/wp-content\/uploads\/2025\/04\/vauen-lime-740.jpg","datePublished":"2025-04-04T11:16:27+00:00","dateModified":"2026-02-21T07:51:42+00:00","description":"Pipe Vauen Lime 740 | Un tr\u00e8s grand choix de produits du tabac et d'accessoires pour fumeurs dans toute la Suisse | Cartes accept\u00e9es !","breadcrumb":{"@id":"https:\/\/www.tabakversand.ch\/fr\/produit\/pipe-vauen-lime-740\/#breadcrumb"},"inLanguage":"fr-FR","potentialAction":[{"@type":"ReadAction","target":["https:\/\/www.tabakversand.ch\/fr\/produit\/pipe-vauen-lime-740\/"]}]},{"@type":"ImageObject","inLanguage":"fr-FR","@id":"https:\/\/www.tabakversand.ch\/fr\/produit\/pipe-vauen-lime-740\/#primaryimage","url":"https:\/\/www.tabakversand.ch\/wp-content\/uploads\/2025\/04\/vauen-lime-740.jpg","contentUrl":"https:\/\/www.tabakversand.ch\/wp-content\/uploads\/2025\/04\/vauen-lime-740.jpg","width":500,"height":500,"caption":"Pipe \u00e0 chaux Vauen 740 | Tabakversand.ch"},{"@type":"BreadcrumbList","@id":"https:\/\/www.tabakversand.ch\/fr\/produit\/pipe-vauen-lime-740\/#breadcrumb","itemListElement":[{"@type":"ListItem","position":1,"name":"Startseite","item":"https:\/\/www.tabakversand.ch\/"},{"@type":"ListItem","position":2,"name":"Boutique","item":"https:\/\/www.tabakversand.ch\/fr\/boutique\/"},{"@type":"ListItem","position":3,"name":"Pipe Vauen Lime 740"}]},{"@type":"WebSite","@id":"https:\/\/www.tabakversand.ch\/#website","url":"https:\/\/www.tabakversand.ch\/","name":"Tabakversand.ch | Alles aus der Welt des Tabaks","description":"Smoke and carpe diem","potentialAction":[{"@type":"SearchAction","target":{"@type":"EntryPoint","urlTemplate":"https:\/\/www.tabakversand.ch\/?s={search_term_string}"},"query-input":{"@type":"PropertyValueSpecification","valueRequired":true,"valueName":"search_term_string"}}],"inLanguage":"fr-FR"}]}},"_links":{"self":[{"href":"https:\/\/www.tabakversand.ch\/fr\/wp-json\/wp\/v2\/product\/179897","targetHints":{"allow":["GET"]}}],"collection":[{"href":"https:\/\/www.tabakversand.ch\/fr\/wp-json\/wp\/v2\/product"}],"about":[{"href":"https:\/\/www.tabakversand.ch\/fr\/wp-json\/wp\/v2\/types\/product"}],"version-history":[{"count":4,"href":"https:\/\/www.tabakversand.ch\/fr\/wp-json\/wp\/v2\/product\/179897\/revisions"}],"predecessor-version":[{"id":213070,"href":"https:\/\/www.tabakversand.ch\/fr\/wp-json\/wp\/v2\/product\/179897\/revisions\/213070"}],"wp:featuredmedia":[{"embeddable":true,"href":"https:\/\/www.tabakversand.ch\/fr\/wp-json\/wp\/v2\/media\/179901"}],"wp:attachment":[{"href":"https:\/\/www.tabakversand.ch\/fr\/wp-json\/wp\/v2\/media?parent=179897"}],"wp:term":[{"taxonomy":"product_brand","embeddable":true,"href":"https:\/\/www.tabakversand.ch\/fr\/wp-json\/wp\/v2\/product_brand?post=179897"},{"taxonomy":"product_cat","embeddable":true,"href":"https:\/\/www.tabakversand.ch\/fr\/wp-json\/wp\/v2\/product_cat?post=179897"},{"taxonomy":"product_tag","embeddable":true,"href":"https:\/\/www.tabakversand.ch\/fr\/wp-json\/wp\/v2\/product_tag?post=179897"}],"curies":[{"name":"wp","href":"https:\/\/api.w.org\/{rel}","templated":true}]}}