{"id":180443,"date":"2025-04-09T16:16:44","date_gmt":"2025-04-09T14:16:44","guid":{"rendered":"https:\/\/www.tabakversand.ch\/?post_type=product&#038;p=180443"},"modified":"2025-04-09T16:31:33","modified_gmt":"2025-04-09T14:31:33","slug":"bock-et-ca-coffret-robusto-de-5-cigares","status":"publish","type":"product","link":"https:\/\/www.tabakversand.ch\/fr\/produit\/bock-et-ca-coffret-robusto-de-5-cigares\/","title":{"rendered":"Bock et Ca. Coffret Robusto de 5 cigares"},"content":{"rendered":"<p>Bock et Ca. Coffret Robusto de 5 cigares<\/p>\n<p>Les cigares BOCK Y COMPA\u00d1\u00cdA originaux et \u00e9quilibr\u00e9s sont doux et ont un excellent tirage. Parfaitement compl\u00e9t\u00e9s par une s\u00e9lection de saveurs agr\u00e9ables, ces cigares sont id\u00e9aux pour les d\u00e9butants comme pour les connaisseurs. Caract\u00e8re doux, soulign\u00e9 par des ar\u00f4mes l\u00e9g\u00e8rement sucr\u00e9s de bois et de feuilles.<\/p>\n<table width=\"527\">\n<tbody>\n<tr>\n<td width=\"264\">format<\/td>\n<td width=\"264\">Robusto<\/td>\n<\/tr>\n<tr>\n<td width=\"264\">diam\u00e8tre<\/td>\n<td width=\"264\">19,80 mm<\/td>\n<\/tr>\n<tr>\n<td width=\"264\">longueur<\/td>\n<td width=\"264\">127 mm<\/td>\n<\/tr>\n<tr>\n<td width=\"264\">Dur\u00e9e de jouissance<\/td>\n<td width=\"264\">45 minutes<\/td>\n<\/tr>\n<tr>\n<td width=\"264\">Force<\/td>\n<td width=\"264\">1,5<\/td>\n<\/tr>\n<tr>\n<td width=\"264\">Origine<\/td>\n<td width=\"264\">R\u00e9publique dominicaine<\/td>\n<\/tr>\n<tr>\n<td width=\"264\">Page de couverture<\/td>\n<td width=\"264\">\u00c9quateur<\/td>\n<\/tr>\n<tr>\n<td width=\"264\">liant<\/td>\n<td width=\"264\">R\u00e9publique dominicaine<\/td>\n<\/tr>\n<tr>\n<td width=\"264\">ins\u00e9rer<\/td>\n<td width=\"264\">R\u00e9publique dominicaine, Nicaragua<\/td>\n<\/tr>\n<\/tbody>\n<\/table>\n<p>Tous les prix s&rsquo;appliquent uniquement aux commandes en ligne et incluent la TVA. TVA, sous r\u00e9serve de modifications plus Exp\u00e9dition. Sous r\u00e9serve d&rsquo;erreurs, de modifications de l&rsquo;\u00e9tendue de la livraison et de la conception, d&rsquo;erreurs d&rsquo;impression et de modifications de prix. Les prix barr\u00e9s sont plut\u00f4t des prix. L&rsquo;illustration peut diff\u00e9rer de l&rsquo;original\/de l&rsquo;\u00e9tendue de la livraison.<br \/>\n*Livraison gratuite pour les commandes sup\u00e9rieures \u00e0 CHF 250.<\/p>\n","protected":false},"excerpt":{"rendered":"<p>Bock et Ca. Coffret Robusto de 5 cigares Les cigares BOCK Y COMPA\u00d1\u00cdA originaux et \u00e9quilibr\u00e9s sont doux et ont un excellent tirage. Parfaitement compl\u00e9t\u00e9s par une s\u00e9lection de saveurs agr\u00e9ables, ces cigares sont id\u00e9aux pour les d\u00e9butants comme pour les connaisseurs. Caract\u00e8re doux, soulign\u00e9 par des ar\u00f4mes l\u00e9g\u00e8rement sucr\u00e9s de bois et de feuilles. [&hellip;]<\/p>\n","protected":false},"featured_media":180447,"template":"","meta":[],"product_brand":[],"product_cat":[3457,1993,1994,1992],"product_tag":[],"class_list":{"0":"post-180443","1":"product","2":"type-product","3":"status-publish","4":"has-post-thumbnail","6":"product_cat-bock-et-ca","7":"product_cat-cigares","8":"product_cat-monde-du-cigare","9":"product_cat-republique-dominicaine","11":"first","12":"instock","13":"purchasable","14":"product-type-simple"},"yoast_head":"<!-- This site is optimized with the Yoast SEO plugin v27.5 - https:\/\/yoast.com\/product\/yoast-seo-wordpress\/ -->\n<title>Bock et Ca. Coffret Robusto de 5 cigares - Tabakversand.ch | Alles aus der Welt des Tabaks<\/title>\n<meta name=\"description\" content=\"Bock et Ca. Coffret Robusto de 5 cigares | Un tr\u00e8s grand choix de produits du tabac haut de gamme, de cigarettes \u00e9lectroniques et d&#039;accessoires pour fumeurs dans toute la Suisse | Cartes accept\u00e9es !\" \/>\n<meta name=\"robots\" content=\"index, follow, max-snippet:-1, max-image-preview:large, max-video-preview:-1\" \/>\n<link rel=\"canonical\" href=\"https:\/\/www.tabakversand.ch\/fr\/produit\/bock-et-ca-coffret-robusto-de-5-cigares\/\" \/>\n<meta property=\"og:locale\" content=\"fr_FR\" \/>\n<meta property=\"og:type\" content=\"article\" \/>\n<meta property=\"og:title\" content=\"Bock et Ca. Coffret Robusto de 5 cigares - Tabakversand.ch | Alles aus der Welt des Tabaks\" \/>\n<meta property=\"og:description\" content=\"Bock et Ca. Coffret Robusto de 5 cigares | Un tr\u00e8s grand choix de produits du tabac haut de gamme, de cigarettes \u00e9lectroniques et d&#039;accessoires pour fumeurs dans toute la Suisse | Cartes accept\u00e9es !\" \/>\n<meta property=\"og:url\" content=\"https:\/\/www.tabakversand.ch\/fr\/produit\/bock-et-ca-coffret-robusto-de-5-cigares\/\" \/>\n<meta property=\"og:site_name\" content=\"Tabakversand.ch | Alles aus der Welt des Tabaks\" \/>\n<meta property=\"article:modified_time\" content=\"2025-04-09T14:31:33+00:00\" \/>\n<meta property=\"og:image\" content=\"https:\/\/www.tabakversand.ch\/wp-content\/uploads\/2025\/04\/bock-y-ca-robusto.jpg\" \/>\n\t<meta property=\"og:image:width\" content=\"500\" \/>\n\t<meta property=\"og:image:height\" content=\"500\" \/>\n\t<meta property=\"og:image:type\" content=\"image\/jpeg\" \/>\n<meta name=\"twitter:card\" content=\"summary_large_image\" \/>\n<meta name=\"twitter:label1\" content=\"Dur\u00e9e de lecture estim\u00e9e\" \/>\n\t<meta name=\"twitter:data1\" content=\"2 minutes\" \/>\n<script type=\"application\/ld+json\" class=\"yoast-schema-graph\">{\"@context\":\"https:\\\/\\\/schema.org\",\"@graph\":[{\"@type\":\"WebPage\",\"@id\":\"https:\\\/\\\/www.tabakversand.ch\\\/fr\\\/produit\\\/bock-et-ca-coffret-robusto-de-5-cigares\\\/\",\"url\":\"https:\\\/\\\/www.tabakversand.ch\\\/fr\\\/produit\\\/bock-et-ca-coffret-robusto-de-5-cigares\\\/\",\"name\":\"Bock et Ca. Coffret Robusto de 5 cigares - Tabakversand.ch | Alles aus der Welt des Tabaks\",\"isPartOf\":{\"@id\":\"https:\\\/\\\/www.tabakversand.ch\\\/#website\"},\"primaryImageOfPage\":{\"@id\":\"https:\\\/\\\/www.tabakversand.ch\\\/fr\\\/produit\\\/bock-et-ca-coffret-robusto-de-5-cigares\\\/#primaryimage\"},\"image\":{\"@id\":\"https:\\\/\\\/www.tabakversand.ch\\\/fr\\\/produit\\\/bock-et-ca-coffret-robusto-de-5-cigares\\\/#primaryimage\"},\"thumbnailUrl\":\"https:\\\/\\\/www.tabakversand.ch\\\/wp-content\\\/uploads\\\/2025\\\/04\\\/bock-y-ca-robusto.jpg\",\"datePublished\":\"2025-04-09T14:16:44+00:00\",\"dateModified\":\"2025-04-09T14:31:33+00:00\",\"description\":\"Bock et Ca. Coffret Robusto de 5 cigares | Un tr\u00e8s grand choix de produits du tabac haut de gamme, de cigarettes \u00e9lectroniques et d'accessoires pour fumeurs dans toute la Suisse | Cartes accept\u00e9es !\",\"breadcrumb\":{\"@id\":\"https:\\\/\\\/www.tabakversand.ch\\\/fr\\\/produit\\\/bock-et-ca-coffret-robusto-de-5-cigares\\\/#breadcrumb\"},\"inLanguage\":\"fr-FR\",\"potentialAction\":[{\"@type\":\"ReadAction\",\"target\":[\"https:\\\/\\\/www.tabakversand.ch\\\/fr\\\/produit\\\/bock-et-ca-coffret-robusto-de-5-cigares\\\/\"]}]},{\"@type\":\"ImageObject\",\"inLanguage\":\"fr-FR\",\"@id\":\"https:\\\/\\\/www.tabakversand.ch\\\/fr\\\/produit\\\/bock-et-ca-coffret-robusto-de-5-cigares\\\/#primaryimage\",\"url\":\"https:\\\/\\\/www.tabakversand.ch\\\/wp-content\\\/uploads\\\/2025\\\/04\\\/bock-y-ca-robusto.jpg\",\"contentUrl\":\"https:\\\/\\\/www.tabakversand.ch\\\/wp-content\\\/uploads\\\/2025\\\/04\\\/bock-y-ca-robusto.jpg\",\"width\":500,\"height\":500,\"caption\":\"Bock y Ca. 5er Etui Zigarren\"},{\"@type\":\"BreadcrumbList\",\"@id\":\"https:\\\/\\\/www.tabakversand.ch\\\/fr\\\/produit\\\/bock-et-ca-coffret-robusto-de-5-cigares\\\/#breadcrumb\",\"itemListElement\":[{\"@type\":\"ListItem\",\"position\":1,\"name\":\"Startseite\",\"item\":\"https:\\\/\\\/www.tabakversand.ch\\\/\"},{\"@type\":\"ListItem\",\"position\":2,\"name\":\"Boutique\",\"item\":\"https:\\\/\\\/www.tabakversand.ch\\\/fr\\\/boutique\\\/\"},{\"@type\":\"ListItem\",\"position\":3,\"name\":\"Bock et Ca. Coffret Robusto de 5 cigares\"}]},{\"@type\":\"WebSite\",\"@id\":\"https:\\\/\\\/www.tabakversand.ch\\\/#website\",\"url\":\"https:\\\/\\\/www.tabakversand.ch\\\/\",\"name\":\"Tabakversand.ch | Alles aus der Welt des Tabaks\",\"description\":\"Smoke and carpe diem\",\"potentialAction\":[{\"@type\":\"SearchAction\",\"target\":{\"@type\":\"EntryPoint\",\"urlTemplate\":\"https:\\\/\\\/www.tabakversand.ch\\\/?s={search_term_string}\"},\"query-input\":{\"@type\":\"PropertyValueSpecification\",\"valueRequired\":true,\"valueName\":\"search_term_string\"}}],\"inLanguage\":\"fr-FR\"}]}<\/script>\n<!-- \/ Yoast SEO plugin. -->","yoast_head_json":{"title":"Bock et Ca. Coffret Robusto de 5 cigares - Tabakversand.ch | Alles aus der Welt des Tabaks","description":"Bock et Ca. Coffret Robusto de 5 cigares | Un tr\u00e8s grand choix de produits du tabac haut de gamme, de cigarettes \u00e9lectroniques et d'accessoires pour fumeurs dans toute la Suisse | Cartes accept\u00e9es !","robots":{"index":"index","follow":"follow","max-snippet":"max-snippet:-1","max-image-preview":"max-image-preview:large","max-video-preview":"max-video-preview:-1"},"canonical":"https:\/\/www.tabakversand.ch\/fr\/produit\/bock-et-ca-coffret-robusto-de-5-cigares\/","og_locale":"fr_FR","og_type":"article","og_title":"Bock et Ca. Coffret Robusto de 5 cigares - Tabakversand.ch | Alles aus der Welt des Tabaks","og_description":"Bock et Ca. Coffret Robusto de 5 cigares | Un tr\u00e8s grand choix de produits du tabac haut de gamme, de cigarettes \u00e9lectroniques et d'accessoires pour fumeurs dans toute la Suisse | Cartes accept\u00e9es !","og_url":"https:\/\/www.tabakversand.ch\/fr\/produit\/bock-et-ca-coffret-robusto-de-5-cigares\/","og_site_name":"Tabakversand.ch | Alles aus der Welt des Tabaks","article_modified_time":"2025-04-09T14:31:33+00:00","og_image":[{"width":500,"height":500,"url":"https:\/\/www.tabakversand.ch\/wp-content\/uploads\/2025\/04\/bock-y-ca-robusto.jpg","type":"image\/jpeg"}],"twitter_card":"summary_large_image","twitter_misc":{"Dur\u00e9e de lecture estim\u00e9e":"2 minutes"},"schema":{"@context":"https:\/\/schema.org","@graph":[{"@type":"WebPage","@id":"https:\/\/www.tabakversand.ch\/fr\/produit\/bock-et-ca-coffret-robusto-de-5-cigares\/","url":"https:\/\/www.tabakversand.ch\/fr\/produit\/bock-et-ca-coffret-robusto-de-5-cigares\/","name":"Bock et Ca. Coffret Robusto de 5 cigares - Tabakversand.ch | Alles aus der Welt des Tabaks","isPartOf":{"@id":"https:\/\/www.tabakversand.ch\/#website"},"primaryImageOfPage":{"@id":"https:\/\/www.tabakversand.ch\/fr\/produit\/bock-et-ca-coffret-robusto-de-5-cigares\/#primaryimage"},"image":{"@id":"https:\/\/www.tabakversand.ch\/fr\/produit\/bock-et-ca-coffret-robusto-de-5-cigares\/#primaryimage"},"thumbnailUrl":"https:\/\/www.tabakversand.ch\/wp-content\/uploads\/2025\/04\/bock-y-ca-robusto.jpg","datePublished":"2025-04-09T14:16:44+00:00","dateModified":"2025-04-09T14:31:33+00:00","description":"Bock et Ca. Coffret Robusto de 5 cigares | Un tr\u00e8s grand choix de produits du tabac haut de gamme, de cigarettes \u00e9lectroniques et d'accessoires pour fumeurs dans toute la Suisse | Cartes accept\u00e9es !","breadcrumb":{"@id":"https:\/\/www.tabakversand.ch\/fr\/produit\/bock-et-ca-coffret-robusto-de-5-cigares\/#breadcrumb"},"inLanguage":"fr-FR","potentialAction":[{"@type":"ReadAction","target":["https:\/\/www.tabakversand.ch\/fr\/produit\/bock-et-ca-coffret-robusto-de-5-cigares\/"]}]},{"@type":"ImageObject","inLanguage":"fr-FR","@id":"https:\/\/www.tabakversand.ch\/fr\/produit\/bock-et-ca-coffret-robusto-de-5-cigares\/#primaryimage","url":"https:\/\/www.tabakversand.ch\/wp-content\/uploads\/2025\/04\/bock-y-ca-robusto.jpg","contentUrl":"https:\/\/www.tabakversand.ch\/wp-content\/uploads\/2025\/04\/bock-y-ca-robusto.jpg","width":500,"height":500,"caption":"Bock y Ca. 5er Etui Zigarren"},{"@type":"BreadcrumbList","@id":"https:\/\/www.tabakversand.ch\/fr\/produit\/bock-et-ca-coffret-robusto-de-5-cigares\/#breadcrumb","itemListElement":[{"@type":"ListItem","position":1,"name":"Startseite","item":"https:\/\/www.tabakversand.ch\/"},{"@type":"ListItem","position":2,"name":"Boutique","item":"https:\/\/www.tabakversand.ch\/fr\/boutique\/"},{"@type":"ListItem","position":3,"name":"Bock et Ca. Coffret Robusto de 5 cigares"}]},{"@type":"WebSite","@id":"https:\/\/www.tabakversand.ch\/#website","url":"https:\/\/www.tabakversand.ch\/","name":"Tabakversand.ch | Alles aus der Welt des Tabaks","description":"Smoke and carpe diem","potentialAction":[{"@type":"SearchAction","target":{"@type":"EntryPoint","urlTemplate":"https:\/\/www.tabakversand.ch\/?s={search_term_string}"},"query-input":{"@type":"PropertyValueSpecification","valueRequired":true,"valueName":"search_term_string"}}],"inLanguage":"fr-FR"}]}},"_links":{"self":[{"href":"https:\/\/www.tabakversand.ch\/fr\/wp-json\/wp\/v2\/product\/180443","targetHints":{"allow":["GET"]}}],"collection":[{"href":"https:\/\/www.tabakversand.ch\/fr\/wp-json\/wp\/v2\/product"}],"about":[{"href":"https:\/\/www.tabakversand.ch\/fr\/wp-json\/wp\/v2\/types\/product"}],"version-history":[{"count":3,"href":"https:\/\/www.tabakversand.ch\/fr\/wp-json\/wp\/v2\/product\/180443\/revisions"}],"predecessor-version":[{"id":180461,"href":"https:\/\/www.tabakversand.ch\/fr\/wp-json\/wp\/v2\/product\/180443\/revisions\/180461"}],"wp:featuredmedia":[{"embeddable":true,"href":"https:\/\/www.tabakversand.ch\/fr\/wp-json\/wp\/v2\/media\/180447"}],"wp:attachment":[{"href":"https:\/\/www.tabakversand.ch\/fr\/wp-json\/wp\/v2\/media?parent=180443"}],"wp:term":[{"taxonomy":"product_brand","embeddable":true,"href":"https:\/\/www.tabakversand.ch\/fr\/wp-json\/wp\/v2\/product_brand?post=180443"},{"taxonomy":"product_cat","embeddable":true,"href":"https:\/\/www.tabakversand.ch\/fr\/wp-json\/wp\/v2\/product_cat?post=180443"},{"taxonomy":"product_tag","embeddable":true,"href":"https:\/\/www.tabakversand.ch\/fr\/wp-json\/wp\/v2\/product_tag?post=180443"}],"curies":[{"name":"wp","href":"https:\/\/api.w.org\/{rel}","templated":true}]}}