{"id":181138,"date":"2025-04-22T15:29:02","date_gmt":"2025-04-22T13:29:02","guid":{"rendered":"https:\/\/www.tabakversand.ch\/?post_type=product&#038;p=181138"},"modified":"2026-04-01T20:25:41","modified_gmt":"2026-04-01T18:25:41","slug":"kit-de-demarrage-vozol-vista-plug-20-mg-myrtille-framboise-citron","status":"publish","type":"product","link":"https:\/\/www.tabakversand.ch\/fr\/produit\/kit-de-demarrage-vozol-vista-plug-20-mg-myrtille-framboise-citron\/","title":{"rendered":"Kit de d\u00e9marrage Vozol Vista Plug 20 mg Myrtille Framboise Citron"},"content":{"rendered":"<p>Kit de d\u00e9marrage Vozol Vista Plug 20 mg Myrtille Framboise Citron<\/p>\n<p>20 mg de nicotine<\/p>\n<p>Le Vozol Vista Plug r\u00e9volutionne le vapotage gr\u00e2ce \u00e0 son syst\u00e8me de pod hybride innovant, alliant flexibilit\u00e9 et durabilit\u00e9 maximales. Avec une capacit\u00e9 totale de 12 ml et une autonomie impressionnante allant jusqu&rsquo;\u00e0 10&nbsp;000 bouff\u00e9es, cet appareil offre une exp\u00e9rience de vapotage responsable et respectueuse de l&rsquo;environnement. <\/p>\n<p>Conception hybride pour une efficacit\u00e9 maximale &#8211; Le Vista Plug combine une cartouche de 2 ml avec un r\u00e9servoir de liquide de 10 ml, pour une capacit\u00e9 totale de 12 ml \u2013 id\u00e9ale pour des s\u00e9ances de vapotage prolong\u00e9es.<\/p>\n<p>L&rsquo;innovation au service du d\u00e9veloppement durable&nbsp;: gr\u00e2ce \u00e0 sa conception modulaire, chaque composant, comme le module ou le r\u00e9servoir de liquide, peut \u00eatre remplac\u00e9 s\u00e9par\u00e9ment. Cela permet de r\u00e9duire les d\u00e9chets et de r\u00e9aliser des \u00e9conomies \u00e0 long terme. <\/p>\n<p>&#8211; Capacit\u00e9 : 12 ml (dosette de 2 ml + r\u00e9cipient de 10 ml)<br \/>\n &#8211; Batterie : 650 mAh<br \/>\n &#8211; Trains : Jusqu&rsquo;\u00e0 10 000<br \/>\n &#8211; Contr\u00f4le des performances : 4 niveaux<br \/>\n &#8211; Chargement : USB-C<br \/>\n &#8211; Motifs : Disponibles dans une vari\u00e9t\u00e9 de couleurs modernes<\/p>\n<p>Port\u00e9e de la livraison<\/p>\n<p>&#8211; 1x prise Vozol Vista<br \/>\n &#8211; 1 cartouche de 2 ml<br \/>\n &#8211; 1 flacon de 10 ml d&rsquo;e-liquide<\/p>\n<p>Pourquoi le Vista Plug change la donne&nbsp;: Le Vozol Vista Plug est bien plus qu&rsquo;une simple cigarette \u00e9lectronique&nbsp;; c&rsquo;est la solution id\u00e9ale pour celles et ceux qui recherchent durabilit\u00e9, performance et flexibilit\u00e9, le tout dans un design moderne. Gr\u00e2ce \u00e0 sa technologie hybride innovante et \u00e0 ses composants r\u00e9sistants, il red\u00e9finit les standards du vapotage. <\/p>\n<p>Tous les prix s&rsquo;appliquent uniquement aux commandes en ligne et incluent la TVA. Sous r\u00e9serve de modifications sans pr\u00e9avis, frais de livraison en sus. Sous r\u00e9serve d&rsquo;erreurs, de modifications de contenu de livraison et de conception, de fautes d&rsquo;impression et de modifications de prix. Les prix barr\u00e9s sont des prix de remplacement. Les illustrations peuvent diff\u00e9rer de l&rsquo;original\/du contenu de livraison.<br \/>\n*Livraison gratuite pour les commandes sup\u00e9rieures \u00e0 CHF 250.-.<\/p>\n","protected":false},"excerpt":{"rendered":"<p>Kit de d\u00e9marrage Vozol Vista Plug 20 mg Myrtille Framboise Citron 20 mg de nicotine Le Vozol Vista Plug r\u00e9volutionne le vapotage gr\u00e2ce \u00e0 son syst\u00e8me de pod hybride innovant, alliant flexibilit\u00e9 et durabilit\u00e9 maximales. Avec une capacit\u00e9 totale de 12 ml et une autonomie impressionnante allant jusqu&rsquo;\u00e0 10&nbsp;000 bouff\u00e9es, cet appareil offre une exp\u00e9rience [&hellip;]<\/p>\n","protected":false},"featured_media":181142,"template":"","meta":[],"product_brand":[5585],"product_cat":[1913,1895,3474],"product_tag":[],"class_list":{"0":"post-181138","1":"product","2":"type-product","3":"status-publish","4":"has-post-thumbnail","6":"product_brand-vozol","7":"product_cat-cigarettes-electroniques","8":"product_cat-e-fumee","9":"product_cat-kit-de-demarrage-vozol-vista-plug-20-mg","11":"first","12":"onbackorder","13":"purchasable","14":"product-type-simple"},"yoast_head":"<!-- This site is optimized with the Yoast SEO plugin v27.0 - https:\/\/yoast.com\/product\/yoast-seo-wordpress\/ -->\n<title>Kit de d\u00e9marrage Vozol Vista Plug 20 mg Myrtille Framboise Citron<\/title>\n<meta name=\"description\" content=\"Kit de d\u00e9marrage Vozol Vista Plug 20 mg Myrtille Framboise Citron | Un large choix de produits du tabac et d&#039;accessoires pour fumeurs dans toute la Suisse | Cartes accept\u00e9es !\" \/>\n<meta name=\"robots\" content=\"index, follow, max-snippet:-1, max-image-preview:large, max-video-preview:-1\" \/>\n<link rel=\"canonical\" href=\"https:\/\/www.tabakversand.ch\/fr\/produit\/kit-de-demarrage-vozol-vista-plug-20-mg-myrtille-framboise-citron\/\" \/>\n<meta property=\"og:locale\" content=\"fr_FR\" \/>\n<meta property=\"og:type\" content=\"article\" \/>\n<meta property=\"og:title\" content=\"Kit de d\u00e9marrage Vozol Vista Plug 20 mg Myrtille Framboise Citron\" \/>\n<meta property=\"og:description\" content=\"Kit de d\u00e9marrage Vozol Vista Plug 20 mg Myrtille Framboise Citron | Un large choix de produits du tabac et d&#039;accessoires pour fumeurs dans toute la Suisse | Cartes accept\u00e9es !\" \/>\n<meta property=\"og:url\" content=\"https:\/\/www.tabakversand.ch\/fr\/produit\/kit-de-demarrage-vozol-vista-plug-20-mg-myrtille-framboise-citron\/\" \/>\n<meta property=\"og:site_name\" content=\"Tabakversand.ch | Alles aus der Welt des Tabaks\" \/>\n<meta property=\"article:modified_time\" content=\"2026-04-01T18:25:41+00:00\" \/>\n<meta property=\"og:image\" content=\"https:\/\/www.tabakversand.ch\/wp-content\/uploads\/2025\/04\/vozol-vista-plug-starter-kit-blueberry-raspberry-lemon.jpg\" \/>\n\t<meta property=\"og:image:width\" content=\"500\" \/>\n\t<meta property=\"og:image:height\" content=\"500\" \/>\n\t<meta property=\"og:image:type\" content=\"image\/jpeg\" \/>\n<meta name=\"twitter:card\" content=\"summary_large_image\" \/>\n<meta name=\"twitter:label1\" content=\"Dur\u00e9e de lecture estim\u00e9e\" \/>\n\t<meta name=\"twitter:data1\" content=\"2 minutes\" \/>\n<script type=\"application\/ld+json\" class=\"yoast-schema-graph\">{\"@context\":\"https:\/\/schema.org\",\"@graph\":[{\"@type\":\"WebPage\",\"@id\":\"https:\/\/www.tabakversand.ch\/fr\/produit\/kit-de-demarrage-vozol-vista-plug-20-mg-myrtille-framboise-citron\/\",\"url\":\"https:\/\/www.tabakversand.ch\/fr\/produit\/kit-de-demarrage-vozol-vista-plug-20-mg-myrtille-framboise-citron\/\",\"name\":\"Kit de d\u00e9marrage Vozol Vista Plug 20 mg Myrtille Framboise Citron\",\"isPartOf\":{\"@id\":\"https:\/\/www.tabakversand.ch\/#website\"},\"primaryImageOfPage\":{\"@id\":\"https:\/\/www.tabakversand.ch\/fr\/produit\/kit-de-demarrage-vozol-vista-plug-20-mg-myrtille-framboise-citron\/#primaryimage\"},\"image\":{\"@id\":\"https:\/\/www.tabakversand.ch\/fr\/produit\/kit-de-demarrage-vozol-vista-plug-20-mg-myrtille-framboise-citron\/#primaryimage\"},\"thumbnailUrl\":\"https:\/\/www.tabakversand.ch\/wp-content\/uploads\/2025\/04\/vozol-vista-plug-starter-kit-blueberry-raspberry-lemon.jpg\",\"datePublished\":\"2025-04-22T13:29:02+00:00\",\"dateModified\":\"2026-04-01T18:25:41+00:00\",\"description\":\"Kit de d\u00e9marrage Vozol Vista Plug 20 mg Myrtille Framboise Citron | Un large choix de produits du tabac et d'accessoires pour fumeurs dans toute la Suisse | Cartes accept\u00e9es !\",\"breadcrumb\":{\"@id\":\"https:\/\/www.tabakversand.ch\/fr\/produit\/kit-de-demarrage-vozol-vista-plug-20-mg-myrtille-framboise-citron\/#breadcrumb\"},\"inLanguage\":\"fr-FR\",\"potentialAction\":[{\"@type\":\"ReadAction\",\"target\":[\"https:\/\/www.tabakversand.ch\/fr\/produit\/kit-de-demarrage-vozol-vista-plug-20-mg-myrtille-framboise-citron\/\"]}]},{\"@type\":\"ImageObject\",\"inLanguage\":\"fr-FR\",\"@id\":\"https:\/\/www.tabakversand.ch\/fr\/produit\/kit-de-demarrage-vozol-vista-plug-20-mg-myrtille-framboise-citron\/#primaryimage\",\"url\":\"https:\/\/www.tabakversand.ch\/wp-content\/uploads\/2025\/04\/vozol-vista-plug-starter-kit-blueberry-raspberry-lemon.jpg\",\"contentUrl\":\"https:\/\/www.tabakversand.ch\/wp-content\/uploads\/2025\/04\/vozol-vista-plug-starter-kit-blueberry-raspberry-lemon.jpg\",\"width\":500,\"height\":500,\"caption\":\"Kit de d\u00e9marrage Vozol Vista Plug 20 mg Myrtille Framboise Citron | Tabakversand.ch\"},{\"@type\":\"BreadcrumbList\",\"@id\":\"https:\/\/www.tabakversand.ch\/fr\/produit\/kit-de-demarrage-vozol-vista-plug-20-mg-myrtille-framboise-citron\/#breadcrumb\",\"itemListElement\":[{\"@type\":\"ListItem\",\"position\":1,\"name\":\"Startseite\",\"item\":\"https:\/\/www.tabakversand.ch\/\"},{\"@type\":\"ListItem\",\"position\":2,\"name\":\"Boutique\",\"item\":\"https:\/\/www.tabakversand.ch\/fr\/boutique\/\"},{\"@type\":\"ListItem\",\"position\":3,\"name\":\"Kit de d\u00e9marrage Vozol Vista Plug 20 mg Myrtille Framboise Citron\"}]},{\"@type\":\"WebSite\",\"@id\":\"https:\/\/www.tabakversand.ch\/#website\",\"url\":\"https:\/\/www.tabakversand.ch\/\",\"name\":\"Tabakversand.ch | Alles aus der Welt des Tabaks\",\"description\":\"Smoke and carpe diem\",\"potentialAction\":[{\"@type\":\"SearchAction\",\"target\":{\"@type\":\"EntryPoint\",\"urlTemplate\":\"https:\/\/www.tabakversand.ch\/?s={search_term_string}\"},\"query-input\":{\"@type\":\"PropertyValueSpecification\",\"valueRequired\":true,\"valueName\":\"search_term_string\"}}],\"inLanguage\":\"fr-FR\"}]}<\/script>\n<!-- \/ Yoast SEO plugin. -->","yoast_head_json":{"title":"Kit de d\u00e9marrage Vozol Vista Plug 20 mg Myrtille Framboise Citron","description":"Kit de d\u00e9marrage Vozol Vista Plug 20 mg Myrtille Framboise Citron | Un large choix de produits du tabac et d'accessoires pour fumeurs dans toute la Suisse | Cartes accept\u00e9es !","robots":{"index":"index","follow":"follow","max-snippet":"max-snippet:-1","max-image-preview":"max-image-preview:large","max-video-preview":"max-video-preview:-1"},"canonical":"https:\/\/www.tabakversand.ch\/fr\/produit\/kit-de-demarrage-vozol-vista-plug-20-mg-myrtille-framboise-citron\/","og_locale":"fr_FR","og_type":"article","og_title":"Kit de d\u00e9marrage Vozol Vista Plug 20 mg Myrtille Framboise Citron","og_description":"Kit de d\u00e9marrage Vozol Vista Plug 20 mg Myrtille Framboise Citron | Un large choix de produits du tabac et d'accessoires pour fumeurs dans toute la Suisse | Cartes accept\u00e9es !","og_url":"https:\/\/www.tabakversand.ch\/fr\/produit\/kit-de-demarrage-vozol-vista-plug-20-mg-myrtille-framboise-citron\/","og_site_name":"Tabakversand.ch | Alles aus der Welt des Tabaks","article_modified_time":"2026-04-01T18:25:41+00:00","og_image":[{"width":500,"height":500,"url":"https:\/\/www.tabakversand.ch\/wp-content\/uploads\/2025\/04\/vozol-vista-plug-starter-kit-blueberry-raspberry-lemon.jpg","type":"image\/jpeg"}],"twitter_card":"summary_large_image","twitter_misc":{"Dur\u00e9e de lecture estim\u00e9e":"2 minutes"},"schema":{"@context":"https:\/\/schema.org","@graph":[{"@type":"WebPage","@id":"https:\/\/www.tabakversand.ch\/fr\/produit\/kit-de-demarrage-vozol-vista-plug-20-mg-myrtille-framboise-citron\/","url":"https:\/\/www.tabakversand.ch\/fr\/produit\/kit-de-demarrage-vozol-vista-plug-20-mg-myrtille-framboise-citron\/","name":"Kit de d\u00e9marrage Vozol Vista Plug 20 mg Myrtille Framboise Citron","isPartOf":{"@id":"https:\/\/www.tabakversand.ch\/#website"},"primaryImageOfPage":{"@id":"https:\/\/www.tabakversand.ch\/fr\/produit\/kit-de-demarrage-vozol-vista-plug-20-mg-myrtille-framboise-citron\/#primaryimage"},"image":{"@id":"https:\/\/www.tabakversand.ch\/fr\/produit\/kit-de-demarrage-vozol-vista-plug-20-mg-myrtille-framboise-citron\/#primaryimage"},"thumbnailUrl":"https:\/\/www.tabakversand.ch\/wp-content\/uploads\/2025\/04\/vozol-vista-plug-starter-kit-blueberry-raspberry-lemon.jpg","datePublished":"2025-04-22T13:29:02+00:00","dateModified":"2026-04-01T18:25:41+00:00","description":"Kit de d\u00e9marrage Vozol Vista Plug 20 mg Myrtille Framboise Citron | Un large choix de produits du tabac et d'accessoires pour fumeurs dans toute la Suisse | Cartes accept\u00e9es !","breadcrumb":{"@id":"https:\/\/www.tabakversand.ch\/fr\/produit\/kit-de-demarrage-vozol-vista-plug-20-mg-myrtille-framboise-citron\/#breadcrumb"},"inLanguage":"fr-FR","potentialAction":[{"@type":"ReadAction","target":["https:\/\/www.tabakversand.ch\/fr\/produit\/kit-de-demarrage-vozol-vista-plug-20-mg-myrtille-framboise-citron\/"]}]},{"@type":"ImageObject","inLanguage":"fr-FR","@id":"https:\/\/www.tabakversand.ch\/fr\/produit\/kit-de-demarrage-vozol-vista-plug-20-mg-myrtille-framboise-citron\/#primaryimage","url":"https:\/\/www.tabakversand.ch\/wp-content\/uploads\/2025\/04\/vozol-vista-plug-starter-kit-blueberry-raspberry-lemon.jpg","contentUrl":"https:\/\/www.tabakversand.ch\/wp-content\/uploads\/2025\/04\/vozol-vista-plug-starter-kit-blueberry-raspberry-lemon.jpg","width":500,"height":500,"caption":"Kit de d\u00e9marrage Vozol Vista Plug 20 mg Myrtille Framboise Citron | Tabakversand.ch"},{"@type":"BreadcrumbList","@id":"https:\/\/www.tabakversand.ch\/fr\/produit\/kit-de-demarrage-vozol-vista-plug-20-mg-myrtille-framboise-citron\/#breadcrumb","itemListElement":[{"@type":"ListItem","position":1,"name":"Startseite","item":"https:\/\/www.tabakversand.ch\/"},{"@type":"ListItem","position":2,"name":"Boutique","item":"https:\/\/www.tabakversand.ch\/fr\/boutique\/"},{"@type":"ListItem","position":3,"name":"Kit de d\u00e9marrage Vozol Vista Plug 20 mg Myrtille Framboise Citron"}]},{"@type":"WebSite","@id":"https:\/\/www.tabakversand.ch\/#website","url":"https:\/\/www.tabakversand.ch\/","name":"Tabakversand.ch | Alles aus der Welt des Tabaks","description":"Smoke and carpe diem","potentialAction":[{"@type":"SearchAction","target":{"@type":"EntryPoint","urlTemplate":"https:\/\/www.tabakversand.ch\/?s={search_term_string}"},"query-input":{"@type":"PropertyValueSpecification","valueRequired":true,"valueName":"search_term_string"}}],"inLanguage":"fr-FR"}]}},"_links":{"self":[{"href":"https:\/\/www.tabakversand.ch\/fr\/wp-json\/wp\/v2\/product\/181138","targetHints":{"allow":["GET"]}}],"collection":[{"href":"https:\/\/www.tabakversand.ch\/fr\/wp-json\/wp\/v2\/product"}],"about":[{"href":"https:\/\/www.tabakversand.ch\/fr\/wp-json\/wp\/v2\/types\/product"}],"version-history":[{"count":5,"href":"https:\/\/www.tabakversand.ch\/fr\/wp-json\/wp\/v2\/product\/181138\/revisions"}],"predecessor-version":[{"id":216471,"href":"https:\/\/www.tabakversand.ch\/fr\/wp-json\/wp\/v2\/product\/181138\/revisions\/216471"}],"wp:featuredmedia":[{"embeddable":true,"href":"https:\/\/www.tabakversand.ch\/fr\/wp-json\/wp\/v2\/media\/181142"}],"wp:attachment":[{"href":"https:\/\/www.tabakversand.ch\/fr\/wp-json\/wp\/v2\/media?parent=181138"}],"wp:term":[{"taxonomy":"product_brand","embeddable":true,"href":"https:\/\/www.tabakversand.ch\/fr\/wp-json\/wp\/v2\/product_brand?post=181138"},{"taxonomy":"product_cat","embeddable":true,"href":"https:\/\/www.tabakversand.ch\/fr\/wp-json\/wp\/v2\/product_cat?post=181138"},{"taxonomy":"product_tag","embeddable":true,"href":"https:\/\/www.tabakversand.ch\/fr\/wp-json\/wp\/v2\/product_tag?post=181138"}],"curies":[{"name":"wp","href":"https:\/\/api.w.org\/{rel}","templated":true}]}}