{"id":183474,"date":"2025-05-16T11:09:14","date_gmt":"2025-05-16T09:09:14","guid":{"rendered":"https:\/\/www.tabakversand.ch\/?post_type=product&#038;p=183474"},"modified":"2026-02-22T18:58:30","modified_gmt":"2026-02-22T17:58:30","slug":"wellauer-super-volume","status":"publish","type":"product","link":"https:\/\/www.tabakversand.ch\/fr\/produit\/wellauer-super-volume\/","title":{"rendered":"Wellauer Super Volume"},"content":{"rendered":"<h1>Wellauer Super Volume<\/h1>\n<p>Le tabac \u00e0 pipe avec un corps suppl\u00e9mentaire<\/p>\n<p>Wellauer Super Volume est le choix id\u00e9al pour qui recherche un tabac \u00e0 pipe de haute qualit\u00e9 au volume exceptionnel. Gr\u00e2ce \u00e0 son proc\u00e9d\u00e9 innovant au CO\u2082 liquide, le tabac est d\u00e9licatement gonfl\u00e9, ce qui lui conf\u00e8re un rendement exceptionnel et le rend parfait pour rouler des cigarettes, m\u00eame avec une machine \u00e0 rouler \u00e9lectronique.<\/p>\n<p>Son m\u00e9lange harmonieux de feuilles de tabac s\u00e9ch\u00e9es \u00e0 l&rsquo;air chaud et \u00e0 l&rsquo;air libre lui conf\u00e8re une saveur douce et subtile qui s\u00e9duit aussi bien les fumeurs d\u00e9butants que les fumeurs exp\u00e9riment\u00e9s. Avec Wellauer Super Volume, vous appr\u00e9cierez un tabac fin et aromatique qui se roule facilement et vous offre une exp\u00e9rience de fumage agr\u00e9able.<\/p>\n<p>Chez tabakversand.ch, vous recevez votre tabac \u00e0 cigarettes Wellauer Super Volume fra\u00eechement conserv\u00e9 dans son emballage d&rsquo;origine. Un stockage soign\u00e9 garantit une pr\u00e9servation optimale de son ar\u00f4me, de son humidit\u00e9 et de sa qualit\u00e9 jusqu&rsquo;\u00e0 l&rsquo;exp\u00e9dition. Gr\u00e2ce \u00e0 une livraison rapide en Suisse, votre tabac \u00e0 cigarettes vous parvient g\u00e9n\u00e9ralement sous peu.<\/p>\n<ul>\n<li>Disponible en : 10 x 20 g, 5 x 110 g ou 250 g.<\/li>\n<\/ul>\n<p>Pour plus d&rsquo;informations sur le fabricant Wellauer AG, veuillez consulter son site web officiel\u00a0: <u><a href=\"https:\/\/wellauer-tabak.ch\/de\/\">cliquez ici<\/a><\/u> . Pour toute question concernant le produit, n&rsquo;h\u00e9sitez pas \u00e0 nous contacter\u00a0: <a href=\"https:\/\/www.tabakversand.ch\/kontakt\/\">cliquez ici<\/a> .<\/p>\n<p>Tous les prix s&rsquo;appliquent uniquement aux commandes en ligne et incluent la TVA. Sous r\u00e9serve de modifications sans pr\u00e9avis, frais de livraison en sus. Sous r\u00e9serve d&rsquo;erreurs, de modifications de contenu de livraison et de conception, de fautes d&rsquo;impression et de modifications de prix. Les prix barr\u00e9s sont des prix de remplacement. Les illustrations peuvent diff\u00e9rer de l&rsquo;original\/du contenu de livraison.<br \/>\n*Livraison gratuite pour les commandes sup\u00e9rieures \u00e0 CHF 250.-.<\/p>\n","protected":false},"excerpt":{"rendered":"<p>Wellauer Super Volume Le tabac \u00e0 pipe avec un corps suppl\u00e9mentaire Wellauer Super Volume est le choix id\u00e9al pour qui recherche un tabac \u00e0 pipe de haute qualit\u00e9 au volume exceptionnel. Gr\u00e2ce \u00e0 son proc\u00e9d\u00e9 innovant au CO\u2082 liquide, le tabac est d\u00e9licatement gonfl\u00e9, ce qui lui conf\u00e8re un rendement exceptionnel et le rend parfait [&hellip;]<\/p>\n","protected":false},"featured_media":213325,"template":"","meta":[],"product_brand":[1483],"product_cat":[1961,1888,1963,1964],"product_tag":[],"class_list":{"0":"post-183474","1":"product","2":"type-product","3":"status-publish","4":"has-post-thumbnail","6":"product_brand-wellauer-feinschnitt","7":"product_cat-cigarettes-self-made-fr-2","8":"product_cat-tabac","9":"product_cat-tabac-a-cigarettes","10":"product_cat-tabac-a-cigarettes-fr","11":"pa_tabak-huelsen-10-x-20-gr","12":"pa_tabak-huelsen-250-gr","13":"pa_tabak-huelsen-5-x-110-gr","15":"first","16":"onbackorder","17":"purchasable","18":"product-type-variable"},"yoast_head":"<!-- This site is optimized with the Yoast SEO plugin v27.5 - https:\/\/yoast.com\/product\/yoast-seo-wordpress\/ -->\n<title>Wellauer Super Volume - tabakversand.ch<\/title>\n<meta name=\"description\" content=\"Le tabac \u00e0 cigarettes Wellauer Super Volume offre un ar\u00f4me doux, un rendement \u00e9lev\u00e9 et une texture optimale. Id\u00e9al pour le remplissage avec une machine \u00e0 cigarettes \u00e9lectrique.\" \/>\n<meta name=\"robots\" content=\"index, follow, max-snippet:-1, max-image-preview:large, max-video-preview:-1\" \/>\n<link rel=\"canonical\" href=\"https:\/\/www.tabakversand.ch\/produit\/wellauer-super-volumen\/\" \/>\n<meta property=\"og:locale\" content=\"fr_FR\" \/>\n<meta property=\"og:type\" content=\"article\" \/>\n<meta property=\"og:title\" content=\"Wellauer Super Volume - tabakversand.ch\" \/>\n<meta property=\"og:description\" content=\"Le tabac \u00e0 cigarettes Wellauer Super Volume offre un ar\u00f4me doux, un rendement \u00e9lev\u00e9 et une texture optimale. Id\u00e9al pour le remplissage avec une machine \u00e0 cigarettes \u00e9lectrique.\" \/>\n<meta property=\"og:url\" content=\"https:\/\/www.tabakversand.ch\/produit\/wellauer-super-volumen\/\" \/>\n<meta property=\"og:site_name\" content=\"Tabakversand.ch | Alles aus der Welt des Tabaks\" \/>\n<meta property=\"article:modified_time\" content=\"2026-02-22T17:58:30+00:00\" \/>\n<meta property=\"og:image\" content=\"https:\/\/www.tabakversand.ch\/wp-content\/uploads\/2025\/05\/wellauer-super-volume.jpg\" \/>\n\t<meta property=\"og:image:width\" content=\"500\" \/>\n\t<meta property=\"og:image:height\" content=\"500\" \/>\n\t<meta property=\"og:image:type\" content=\"image\/jpeg\" \/>\n<meta name=\"twitter:card\" content=\"summary_large_image\" \/>\n<meta name=\"twitter:label1\" content=\"Dur\u00e9e de lecture estim\u00e9e\" \/>\n\t<meta name=\"twitter:data1\" content=\"2 minutes\" \/>\n<script type=\"application\/ld+json\" class=\"yoast-schema-graph\">{\"@context\":\"https:\\\/\\\/schema.org\",\"@graph\":[{\"@type\":\"WebPage\",\"@id\":\"https:\\\/\\\/www.tabakversand.ch\\\/produit\\\/wellauer-super-volumen\\\/\",\"url\":\"https:\\\/\\\/www.tabakversand.ch\\\/produit\\\/wellauer-super-volumen\\\/\",\"name\":\"Wellauer Super Volume - tabakversand.ch\",\"isPartOf\":{\"@id\":\"https:\\\/\\\/www.tabakversand.ch\\\/#website\"},\"primaryImageOfPage\":{\"@id\":\"https:\\\/\\\/www.tabakversand.ch\\\/produit\\\/wellauer-super-volumen\\\/#primaryimage\"},\"image\":{\"@id\":\"https:\\\/\\\/www.tabakversand.ch\\\/produit\\\/wellauer-super-volumen\\\/#primaryimage\"},\"thumbnailUrl\":\"https:\\\/\\\/www.tabakversand.ch\\\/wp-content\\\/uploads\\\/2025\\\/05\\\/wellauer-super-volume.jpg\",\"datePublished\":\"2025-05-16T09:09:14+00:00\",\"dateModified\":\"2026-02-22T17:58:30+00:00\",\"description\":\"Le tabac \u00e0 cigarettes Wellauer Super Volume offre un ar\u00f4me doux, un rendement \u00e9lev\u00e9 et une texture optimale. Id\u00e9al pour le remplissage avec une machine \u00e0 cigarettes \u00e9lectrique.\",\"breadcrumb\":{\"@id\":\"https:\\\/\\\/www.tabakversand.ch\\\/produit\\\/wellauer-super-volumen\\\/#breadcrumb\"},\"inLanguage\":\"fr-FR\",\"potentialAction\":[{\"@type\":\"ReadAction\",\"target\":[\"https:\\\/\\\/www.tabakversand.ch\\\/produit\\\/wellauer-super-volumen\\\/\"]}]},{\"@type\":\"ImageObject\",\"inLanguage\":\"fr-FR\",\"@id\":\"https:\\\/\\\/www.tabakversand.ch\\\/produit\\\/wellauer-super-volumen\\\/#primaryimage\",\"url\":\"https:\\\/\\\/www.tabakversand.ch\\\/wp-content\\\/uploads\\\/2025\\\/05\\\/wellauer-super-volume.jpg\",\"contentUrl\":\"https:\\\/\\\/www.tabakversand.ch\\\/wp-content\\\/uploads\\\/2025\\\/05\\\/wellauer-super-volume.jpg\",\"width\":500,\"height\":500,\"caption\":\"Wellauer Super Volume | tabakversand.ch\"},{\"@type\":\"BreadcrumbList\",\"@id\":\"https:\\\/\\\/www.tabakversand.ch\\\/produit\\\/wellauer-super-volumen\\\/#breadcrumb\",\"itemListElement\":[{\"@type\":\"ListItem\",\"position\":1,\"name\":\"Startseite\",\"item\":\"https:\\\/\\\/www.tabakversand.ch\\\/\"},{\"@type\":\"ListItem\",\"position\":2,\"name\":\"Boutique\",\"item\":\"https:\\\/\\\/www.tabakversand.ch\\\/fr\\\/boutique\\\/\"},{\"@type\":\"ListItem\",\"position\":3,\"name\":\"Wellauer Super Volume\"}]},{\"@type\":\"WebSite\",\"@id\":\"https:\\\/\\\/www.tabakversand.ch\\\/#website\",\"url\":\"https:\\\/\\\/www.tabakversand.ch\\\/\",\"name\":\"Tabakversand.ch | Alles aus der Welt des Tabaks\",\"description\":\"Smoke and carpe diem\",\"potentialAction\":[{\"@type\":\"SearchAction\",\"target\":{\"@type\":\"EntryPoint\",\"urlTemplate\":\"https:\\\/\\\/www.tabakversand.ch\\\/?s={search_term_string}\"},\"query-input\":{\"@type\":\"PropertyValueSpecification\",\"valueRequired\":true,\"valueName\":\"search_term_string\"}}],\"inLanguage\":\"fr-FR\"}]}<\/script>\n<!-- \/ Yoast SEO plugin. -->","yoast_head_json":{"title":"Wellauer Super Volume - tabakversand.ch","description":"Le tabac \u00e0 cigarettes Wellauer Super Volume offre un ar\u00f4me doux, un rendement \u00e9lev\u00e9 et une texture optimale. Id\u00e9al pour le remplissage avec une machine \u00e0 cigarettes \u00e9lectrique.","robots":{"index":"index","follow":"follow","max-snippet":"max-snippet:-1","max-image-preview":"max-image-preview:large","max-video-preview":"max-video-preview:-1"},"canonical":"https:\/\/www.tabakversand.ch\/produit\/wellauer-super-volumen\/","og_locale":"fr_FR","og_type":"article","og_title":"Wellauer Super Volume - tabakversand.ch","og_description":"Le tabac \u00e0 cigarettes Wellauer Super Volume offre un ar\u00f4me doux, un rendement \u00e9lev\u00e9 et une texture optimale. Id\u00e9al pour le remplissage avec une machine \u00e0 cigarettes \u00e9lectrique.","og_url":"https:\/\/www.tabakversand.ch\/produit\/wellauer-super-volumen\/","og_site_name":"Tabakversand.ch | Alles aus der Welt des Tabaks","article_modified_time":"2026-02-22T17:58:30+00:00","og_image":[{"width":500,"height":500,"url":"https:\/\/www.tabakversand.ch\/wp-content\/uploads\/2025\/05\/wellauer-super-volume.jpg","type":"image\/jpeg"}],"twitter_card":"summary_large_image","twitter_misc":{"Dur\u00e9e de lecture estim\u00e9e":"2 minutes"},"schema":{"@context":"https:\/\/schema.org","@graph":[{"@type":"WebPage","@id":"https:\/\/www.tabakversand.ch\/produit\/wellauer-super-volumen\/","url":"https:\/\/www.tabakversand.ch\/produit\/wellauer-super-volumen\/","name":"Wellauer Super Volume - tabakversand.ch","isPartOf":{"@id":"https:\/\/www.tabakversand.ch\/#website"},"primaryImageOfPage":{"@id":"https:\/\/www.tabakversand.ch\/produit\/wellauer-super-volumen\/#primaryimage"},"image":{"@id":"https:\/\/www.tabakversand.ch\/produit\/wellauer-super-volumen\/#primaryimage"},"thumbnailUrl":"https:\/\/www.tabakversand.ch\/wp-content\/uploads\/2025\/05\/wellauer-super-volume.jpg","datePublished":"2025-05-16T09:09:14+00:00","dateModified":"2026-02-22T17:58:30+00:00","description":"Le tabac \u00e0 cigarettes Wellauer Super Volume offre un ar\u00f4me doux, un rendement \u00e9lev\u00e9 et une texture optimale. Id\u00e9al pour le remplissage avec une machine \u00e0 cigarettes \u00e9lectrique.","breadcrumb":{"@id":"https:\/\/www.tabakversand.ch\/produit\/wellauer-super-volumen\/#breadcrumb"},"inLanguage":"fr-FR","potentialAction":[{"@type":"ReadAction","target":["https:\/\/www.tabakversand.ch\/produit\/wellauer-super-volumen\/"]}]},{"@type":"ImageObject","inLanguage":"fr-FR","@id":"https:\/\/www.tabakversand.ch\/produit\/wellauer-super-volumen\/#primaryimage","url":"https:\/\/www.tabakversand.ch\/wp-content\/uploads\/2025\/05\/wellauer-super-volume.jpg","contentUrl":"https:\/\/www.tabakversand.ch\/wp-content\/uploads\/2025\/05\/wellauer-super-volume.jpg","width":500,"height":500,"caption":"Wellauer Super Volume | tabakversand.ch"},{"@type":"BreadcrumbList","@id":"https:\/\/www.tabakversand.ch\/produit\/wellauer-super-volumen\/#breadcrumb","itemListElement":[{"@type":"ListItem","position":1,"name":"Startseite","item":"https:\/\/www.tabakversand.ch\/"},{"@type":"ListItem","position":2,"name":"Boutique","item":"https:\/\/www.tabakversand.ch\/fr\/boutique\/"},{"@type":"ListItem","position":3,"name":"Wellauer Super Volume"}]},{"@type":"WebSite","@id":"https:\/\/www.tabakversand.ch\/#website","url":"https:\/\/www.tabakversand.ch\/","name":"Tabakversand.ch | Alles aus der Welt des Tabaks","description":"Smoke and carpe diem","potentialAction":[{"@type":"SearchAction","target":{"@type":"EntryPoint","urlTemplate":"https:\/\/www.tabakversand.ch\/?s={search_term_string}"},"query-input":{"@type":"PropertyValueSpecification","valueRequired":true,"valueName":"search_term_string"}}],"inLanguage":"fr-FR"}]}},"_links":{"self":[{"href":"https:\/\/www.tabakversand.ch\/fr\/wp-json\/wp\/v2\/product\/183474","targetHints":{"allow":["GET"]}}],"collection":[{"href":"https:\/\/www.tabakversand.ch\/fr\/wp-json\/wp\/v2\/product"}],"about":[{"href":"https:\/\/www.tabakversand.ch\/fr\/wp-json\/wp\/v2\/types\/product"}],"version-history":[{"count":5,"href":"https:\/\/www.tabakversand.ch\/fr\/wp-json\/wp\/v2\/product\/183474\/revisions"}],"predecessor-version":[{"id":213344,"href":"https:\/\/www.tabakversand.ch\/fr\/wp-json\/wp\/v2\/product\/183474\/revisions\/213344"}],"wp:featuredmedia":[{"embeddable":true,"href":"https:\/\/www.tabakversand.ch\/fr\/wp-json\/wp\/v2\/media\/213325"}],"wp:attachment":[{"href":"https:\/\/www.tabakversand.ch\/fr\/wp-json\/wp\/v2\/media?parent=183474"}],"wp:term":[{"taxonomy":"product_brand","embeddable":true,"href":"https:\/\/www.tabakversand.ch\/fr\/wp-json\/wp\/v2\/product_brand?post=183474"},{"taxonomy":"product_cat","embeddable":true,"href":"https:\/\/www.tabakversand.ch\/fr\/wp-json\/wp\/v2\/product_cat?post=183474"},{"taxonomy":"product_tag","embeddable":true,"href":"https:\/\/www.tabakversand.ch\/fr\/wp-json\/wp\/v2\/product_tag?post=183474"}],"curies":[{"name":"wp","href":"https:\/\/api.w.org\/{rel}","templated":true}]}}