{"id":183572,"date":"2025-05-16T13:57:08","date_gmt":"2025-05-16T11:57:08","guid":{"rendered":"https:\/\/www.tabakversand.ch\/?post_type=product&#038;p=183572"},"modified":"2026-03-05T15:23:54","modified_gmt":"2026-03-05T14:23:54","slug":"trois-rois-40-mm-1-x-10-pieces-charbon-a-chicha","status":"publish","type":"product","link":"https:\/\/www.tabakversand.ch\/fr\/produit\/trois-rois-40-mm-1-x-10-pieces-charbon-a-chicha\/","title":{"rendered":"Trois Rois 40 mm"},"content":{"rendered":"<h1>Trois Rois 40 mm<\/h1>\n<p>Charbon \u00e0 allumage rapide pour un plaisir imm\u00e9diat<\/p>\n<p>Avec le charbon \u00e0 allumage rapide Three Kings de 40 mm, profitez d&rsquo;un confort optimal lors de vos sessions de narguil\u00e9. Le charbon s&rsquo;allume en un clin d&rsquo;\u0153il, vous permettant de commencer votre session imm\u00e9diatement, sans longue pr\u00e9paration. Id\u00e9al pour tous ceux qui souhaitent savourer un moment de d\u00e9tente rapidement et facilement.  <\/p>\n<p>Sa grande taille de 40 mm assure une r\u00e9partition homog\u00e8ne de la chaleur tout au long de la session et est compatible avec la plupart des foyers de narguil\u00e9. Chaque paquet contient 10 pi\u00e8ces, id\u00e9al pour plusieurs sessions ou des soir\u00e9es entre amis. <\/p>\n<p>Gr\u00e2ce \u00e0 sa technologie d&rsquo;allumage rapide de haute qualit\u00e9, le charbon s&rsquo;enflamme uniform\u00e9ment, r\u00e9duit les \u00e9tincelles et garantit une fum\u00e9e constante et une saveur optimale. En int\u00e9rieur comme en ext\u00e9rieur, le charbon \u00e0 allumage rapide Three Kings est le compagnon id\u00e9al de votre narguil\u00e9. <\/p>\n<ul>\n<li>1 x 10 pi\u00e8ces<\/li>\n<li>Pour tous les foyers de narguil\u00e9 standard<\/li>\n<\/ul>\n<p>&nbsp;<\/p>\n<p>Avec le charbon \u00e0 allumage rapide Three Kings de 40 mm, vous pouvez commencer votre session de chicha imm\u00e9diatement \u2013 \u200b\u200bde mani\u00e8re fiable, pratique et avec go\u00fbt.<\/p>\n<p>Chez tabakversand.ch, vous recevez du charbon \u00e0 chicha Three Kings conserv\u00e9 dans son emballage d&rsquo;origine. Un stockage soign\u00e9 garantit une qualit\u00e9 optimale jusqu&rsquo;\u00e0 l&rsquo;exp\u00e9dition. Gr\u00e2ce \u00e0 une livraison rapide en Suisse, votre charbon \u00e0 chicha arrive g\u00e9n\u00e9ralement tr\u00e8s vite.  <\/p>\n<p>Pour plus d&rsquo;informations sur le charbon pour narguil\u00e9, veuillez consulter l&rsquo;article Wikip\u00e9dia correspondant&nbsp;: <a href=\"https:\/\/de.wikipedia.org\/wiki\/Shisha#Wasserpfeifenkohle\">cliquez ici<\/a> . Si vous avez des questions concernant le produit, n&rsquo;h\u00e9sitez pas \u00e0 nous contacter&nbsp;: <a href=\"https:\/\/www.tabakversand.ch\/kontakt\/\">cliquez ici<\/a> . <\/p>\n<p>Tous les prix s&rsquo;appliquent uniquement aux commandes en ligne et incluent la TVA. Sous r\u00e9serve de modifications sans pr\u00e9avis, frais de livraison en sus. Sous r\u00e9serve d&rsquo;erreurs, de modifications de contenu de livraison et de conception, de fautes d&rsquo;impression et de modifications de prix. Les prix barr\u00e9s sont des prix de remplacement. Les illustrations peuvent diff\u00e9rer de l&rsquo;original\/du contenu de livraison.<br \/>\n*Livraison gratuite pour les commandes sup\u00e9rieures \u00e0 CHF 250.-.<\/p>\n","protected":false},"excerpt":{"rendered":"<p>Trois Rois 40 mm Charbon \u00e0 allumage rapide pour un plaisir imm\u00e9diat Avec le charbon \u00e0 allumage rapide Three Kings de 40 mm, profitez d&rsquo;un confort optimal lors de vos sessions de narguil\u00e9. Le charbon s&rsquo;allume en un clin d&rsquo;\u0153il, vous permettant de commencer votre session imm\u00e9diatement, sans longue pr\u00e9paration. Id\u00e9al pour tous ceux qui [&hellip;]<\/p>\n","protected":false},"featured_media":183576,"template":"","meta":[],"product_brand":[1623],"product_cat":[2023,1891],"product_tag":[],"class_list":{"0":"post-183572","1":"product","2":"type-product","3":"status-publish","4":"has-post-thumbnail","6":"product_brand-three-kings","7":"product_cat-charbon-de-narguile","8":"product_cat-narguile","10":"first","11":"instock","12":"purchasable","13":"product-type-simple"},"yoast_head":"<!-- This site is optimized with the Yoast SEO plugin v27.0 - https:\/\/yoast.com\/product\/yoast-seo-wordpress\/ -->\n<title>Trois Rois 40 mm - Tabakversand.ch | Alles aus der Welt des Tabaks<\/title>\n<meta name=\"description\" content=\"Achetez le charbon \u00e0 chicha Three Kings \u2013 charbon \u00e0 allumage rapide de 40 mm pour une chaleur constante, une fum\u00e9e dense et des sessions de chicha sans souci. Commandez en ligne d\u00e8s maintenant\u00a0!\" \/>\n<meta name=\"robots\" content=\"index, follow, max-snippet:-1, max-image-preview:large, max-video-preview:-1\" \/>\n<link rel=\"canonical\" href=\"https:\/\/www.tabakversand.ch\/fr\/produit\/trois-rois-40-mm-1-x-10-pieces-charbon-a-chicha\/\" \/>\n<meta property=\"og:locale\" content=\"fr_FR\" \/>\n<meta property=\"og:type\" content=\"article\" \/>\n<meta property=\"og:title\" content=\"Trois Rois 40 mm - Tabakversand.ch | Alles aus der Welt des Tabaks\" \/>\n<meta property=\"og:description\" content=\"Achetez le charbon \u00e0 chicha Three Kings \u2013 charbon \u00e0 allumage rapide de 40 mm pour une chaleur constante, une fum\u00e9e dense et des sessions de chicha sans souci. Commandez en ligne d\u00e8s maintenant\u00a0!\" \/>\n<meta property=\"og:url\" content=\"https:\/\/www.tabakversand.ch\/fr\/produit\/trois-rois-40-mm-1-x-10-pieces-charbon-a-chicha\/\" \/>\n<meta property=\"og:site_name\" content=\"Tabakversand.ch | Alles aus der Welt des Tabaks\" \/>\n<meta property=\"article:modified_time\" content=\"2026-03-05T14:23:54+00:00\" \/>\n<meta property=\"og:image\" content=\"https:\/\/www.tabakversand.ch\/wp-content\/uploads\/2025\/05\/kohle-three-kings-40mm-rolle.jpg\" \/>\n\t<meta property=\"og:image:width\" content=\"500\" \/>\n\t<meta property=\"og:image:height\" content=\"500\" \/>\n\t<meta property=\"og:image:type\" content=\"image\/jpeg\" \/>\n<meta name=\"twitter:card\" content=\"summary_large_image\" \/>\n<meta name=\"twitter:label1\" content=\"Dur\u00e9e de lecture estim\u00e9e\" \/>\n\t<meta name=\"twitter:data1\" content=\"1 minute\" \/>\n<script type=\"application\/ld+json\" class=\"yoast-schema-graph\">{\"@context\":\"https:\/\/schema.org\",\"@graph\":[{\"@type\":\"WebPage\",\"@id\":\"https:\/\/www.tabakversand.ch\/fr\/produit\/trois-rois-40-mm-1-x-10-pieces-charbon-a-chicha\/\",\"url\":\"https:\/\/www.tabakversand.ch\/fr\/produit\/trois-rois-40-mm-1-x-10-pieces-charbon-a-chicha\/\",\"name\":\"Trois Rois 40 mm - Tabakversand.ch | Alles aus der Welt des Tabaks\",\"isPartOf\":{\"@id\":\"https:\/\/www.tabakversand.ch\/#website\"},\"primaryImageOfPage\":{\"@id\":\"https:\/\/www.tabakversand.ch\/fr\/produit\/trois-rois-40-mm-1-x-10-pieces-charbon-a-chicha\/#primaryimage\"},\"image\":{\"@id\":\"https:\/\/www.tabakversand.ch\/fr\/produit\/trois-rois-40-mm-1-x-10-pieces-charbon-a-chicha\/#primaryimage\"},\"thumbnailUrl\":\"https:\/\/www.tabakversand.ch\/wp-content\/uploads\/2025\/05\/kohle-three-kings-40mm-rolle.jpg\",\"datePublished\":\"2025-05-16T11:57:08+00:00\",\"dateModified\":\"2026-03-05T14:23:54+00:00\",\"description\":\"Achetez le charbon \u00e0 chicha Three Kings \u2013 charbon \u00e0 allumage rapide de 40 mm pour une chaleur constante, une fum\u00e9e dense et des sessions de chicha sans souci. Commandez en ligne d\u00e8s maintenant\u00a0!\",\"breadcrumb\":{\"@id\":\"https:\/\/www.tabakversand.ch\/fr\/produit\/trois-rois-40-mm-1-x-10-pieces-charbon-a-chicha\/#breadcrumb\"},\"inLanguage\":\"fr-FR\",\"potentialAction\":[{\"@type\":\"ReadAction\",\"target\":[\"https:\/\/www.tabakversand.ch\/fr\/produit\/trois-rois-40-mm-1-x-10-pieces-charbon-a-chicha\/\"]}]},{\"@type\":\"ImageObject\",\"inLanguage\":\"fr-FR\",\"@id\":\"https:\/\/www.tabakversand.ch\/fr\/produit\/trois-rois-40-mm-1-x-10-pieces-charbon-a-chicha\/#primaryimage\",\"url\":\"https:\/\/www.tabakversand.ch\/wp-content\/uploads\/2025\/05\/kohle-three-kings-40mm-rolle.jpg\",\"contentUrl\":\"https:\/\/www.tabakversand.ch\/wp-content\/uploads\/2025\/05\/kohle-three-kings-40mm-rolle.jpg\",\"width\":500,\"height\":500,\"caption\":\"Charbon \u00e0 chicha Three Kings 40 mm, paquet de 10 pi\u00e8ces | Tabakversand.ch\"},{\"@type\":\"BreadcrumbList\",\"@id\":\"https:\/\/www.tabakversand.ch\/fr\/produit\/trois-rois-40-mm-1-x-10-pieces-charbon-a-chicha\/#breadcrumb\",\"itemListElement\":[{\"@type\":\"ListItem\",\"position\":1,\"name\":\"Startseite\",\"item\":\"https:\/\/www.tabakversand.ch\/\"},{\"@type\":\"ListItem\",\"position\":2,\"name\":\"Boutique\",\"item\":\"https:\/\/www.tabakversand.ch\/fr\/boutique\/\"},{\"@type\":\"ListItem\",\"position\":3,\"name\":\"Trois Rois 40 mm\"}]},{\"@type\":\"WebSite\",\"@id\":\"https:\/\/www.tabakversand.ch\/#website\",\"url\":\"https:\/\/www.tabakversand.ch\/\",\"name\":\"Tabakversand.ch | Alles aus der Welt des Tabaks\",\"description\":\"Smoke and carpe diem\",\"potentialAction\":[{\"@type\":\"SearchAction\",\"target\":{\"@type\":\"EntryPoint\",\"urlTemplate\":\"https:\/\/www.tabakversand.ch\/?s={search_term_string}\"},\"query-input\":{\"@type\":\"PropertyValueSpecification\",\"valueRequired\":true,\"valueName\":\"search_term_string\"}}],\"inLanguage\":\"fr-FR\"}]}<\/script>\n<!-- \/ Yoast SEO plugin. -->","yoast_head_json":{"title":"Trois Rois 40 mm - Tabakversand.ch | Alles aus der Welt des Tabaks","description":"Achetez le charbon \u00e0 chicha Three Kings \u2013 charbon \u00e0 allumage rapide de 40 mm pour une chaleur constante, une fum\u00e9e dense et des sessions de chicha sans souci. Commandez en ligne d\u00e8s maintenant\u00a0!","robots":{"index":"index","follow":"follow","max-snippet":"max-snippet:-1","max-image-preview":"max-image-preview:large","max-video-preview":"max-video-preview:-1"},"canonical":"https:\/\/www.tabakversand.ch\/fr\/produit\/trois-rois-40-mm-1-x-10-pieces-charbon-a-chicha\/","og_locale":"fr_FR","og_type":"article","og_title":"Trois Rois 40 mm - Tabakversand.ch | Alles aus der Welt des Tabaks","og_description":"Achetez le charbon \u00e0 chicha Three Kings \u2013 charbon \u00e0 allumage rapide de 40 mm pour une chaleur constante, une fum\u00e9e dense et des sessions de chicha sans souci. Commandez en ligne d\u00e8s maintenant\u00a0!","og_url":"https:\/\/www.tabakversand.ch\/fr\/produit\/trois-rois-40-mm-1-x-10-pieces-charbon-a-chicha\/","og_site_name":"Tabakversand.ch | Alles aus der Welt des Tabaks","article_modified_time":"2026-03-05T14:23:54+00:00","og_image":[{"width":500,"height":500,"url":"https:\/\/www.tabakversand.ch\/wp-content\/uploads\/2025\/05\/kohle-three-kings-40mm-rolle.jpg","type":"image\/jpeg"}],"twitter_card":"summary_large_image","twitter_misc":{"Dur\u00e9e de lecture estim\u00e9e":"1 minute"},"schema":{"@context":"https:\/\/schema.org","@graph":[{"@type":"WebPage","@id":"https:\/\/www.tabakversand.ch\/fr\/produit\/trois-rois-40-mm-1-x-10-pieces-charbon-a-chicha\/","url":"https:\/\/www.tabakversand.ch\/fr\/produit\/trois-rois-40-mm-1-x-10-pieces-charbon-a-chicha\/","name":"Trois Rois 40 mm - Tabakversand.ch | Alles aus der Welt des Tabaks","isPartOf":{"@id":"https:\/\/www.tabakversand.ch\/#website"},"primaryImageOfPage":{"@id":"https:\/\/www.tabakversand.ch\/fr\/produit\/trois-rois-40-mm-1-x-10-pieces-charbon-a-chicha\/#primaryimage"},"image":{"@id":"https:\/\/www.tabakversand.ch\/fr\/produit\/trois-rois-40-mm-1-x-10-pieces-charbon-a-chicha\/#primaryimage"},"thumbnailUrl":"https:\/\/www.tabakversand.ch\/wp-content\/uploads\/2025\/05\/kohle-three-kings-40mm-rolle.jpg","datePublished":"2025-05-16T11:57:08+00:00","dateModified":"2026-03-05T14:23:54+00:00","description":"Achetez le charbon \u00e0 chicha Three Kings \u2013 charbon \u00e0 allumage rapide de 40 mm pour une chaleur constante, une fum\u00e9e dense et des sessions de chicha sans souci. Commandez en ligne d\u00e8s maintenant\u00a0!","breadcrumb":{"@id":"https:\/\/www.tabakversand.ch\/fr\/produit\/trois-rois-40-mm-1-x-10-pieces-charbon-a-chicha\/#breadcrumb"},"inLanguage":"fr-FR","potentialAction":[{"@type":"ReadAction","target":["https:\/\/www.tabakversand.ch\/fr\/produit\/trois-rois-40-mm-1-x-10-pieces-charbon-a-chicha\/"]}]},{"@type":"ImageObject","inLanguage":"fr-FR","@id":"https:\/\/www.tabakversand.ch\/fr\/produit\/trois-rois-40-mm-1-x-10-pieces-charbon-a-chicha\/#primaryimage","url":"https:\/\/www.tabakversand.ch\/wp-content\/uploads\/2025\/05\/kohle-three-kings-40mm-rolle.jpg","contentUrl":"https:\/\/www.tabakversand.ch\/wp-content\/uploads\/2025\/05\/kohle-three-kings-40mm-rolle.jpg","width":500,"height":500,"caption":"Charbon \u00e0 chicha Three Kings 40 mm, paquet de 10 pi\u00e8ces | Tabakversand.ch"},{"@type":"BreadcrumbList","@id":"https:\/\/www.tabakversand.ch\/fr\/produit\/trois-rois-40-mm-1-x-10-pieces-charbon-a-chicha\/#breadcrumb","itemListElement":[{"@type":"ListItem","position":1,"name":"Startseite","item":"https:\/\/www.tabakversand.ch\/"},{"@type":"ListItem","position":2,"name":"Boutique","item":"https:\/\/www.tabakversand.ch\/fr\/boutique\/"},{"@type":"ListItem","position":3,"name":"Trois Rois 40 mm"}]},{"@type":"WebSite","@id":"https:\/\/www.tabakversand.ch\/#website","url":"https:\/\/www.tabakversand.ch\/","name":"Tabakversand.ch | Alles aus der Welt des Tabaks","description":"Smoke and carpe diem","potentialAction":[{"@type":"SearchAction","target":{"@type":"EntryPoint","urlTemplate":"https:\/\/www.tabakversand.ch\/?s={search_term_string}"},"query-input":{"@type":"PropertyValueSpecification","valueRequired":true,"valueName":"search_term_string"}}],"inLanguage":"fr-FR"}]}},"_links":{"self":[{"href":"https:\/\/www.tabakversand.ch\/fr\/wp-json\/wp\/v2\/product\/183572","targetHints":{"allow":["GET"]}}],"collection":[{"href":"https:\/\/www.tabakversand.ch\/fr\/wp-json\/wp\/v2\/product"}],"about":[{"href":"https:\/\/www.tabakversand.ch\/fr\/wp-json\/wp\/v2\/types\/product"}],"version-history":[{"count":5,"href":"https:\/\/www.tabakversand.ch\/fr\/wp-json\/wp\/v2\/product\/183572\/revisions"}],"predecessor-version":[{"id":214287,"href":"https:\/\/www.tabakversand.ch\/fr\/wp-json\/wp\/v2\/product\/183572\/revisions\/214287"}],"wp:featuredmedia":[{"embeddable":true,"href":"https:\/\/www.tabakversand.ch\/fr\/wp-json\/wp\/v2\/media\/183576"}],"wp:attachment":[{"href":"https:\/\/www.tabakversand.ch\/fr\/wp-json\/wp\/v2\/media?parent=183572"}],"wp:term":[{"taxonomy":"product_brand","embeddable":true,"href":"https:\/\/www.tabakversand.ch\/fr\/wp-json\/wp\/v2\/product_brand?post=183572"},{"taxonomy":"product_cat","embeddable":true,"href":"https:\/\/www.tabakversand.ch\/fr\/wp-json\/wp\/v2\/product_cat?post=183572"},{"taxonomy":"product_tag","embeddable":true,"href":"https:\/\/www.tabakversand.ch\/fr\/wp-json\/wp\/v2\/product_tag?post=183572"}],"curies":[{"name":"wp","href":"https:\/\/api.w.org\/{rel}","templated":true}]}}