{"id":183592,"date":"2025-05-16T14:19:43","date_gmt":"2025-05-16T12:19:43","guid":{"rendered":"https:\/\/www.tabakversand.ch\/?post_type=product&#038;p=183592"},"modified":"2026-03-05T07:43:34","modified_gmt":"2026-03-05T06:43:34","slug":"menthe-raisin-golden-river","status":"publish","type":"product","link":"https:\/\/www.tabakversand.ch\/fr\/produit\/menthe-raisin-golden-river\/","title":{"rendered":"Menthe raisin Golden River"},"content":{"rendered":"<h1>Menthe raisin Golden River<\/h1>\n<p>Ce charbon \u00e0 chicha vous offrira une chaleur intense, une combustion longue dur\u00e9e et une exp\u00e9rience de fumage homog\u00e8ne. Les pastilles de charbon de haute qualit\u00e9 garantissent une temp\u00e9rature stable, permettant ainsi \u00e0 l&rsquo;ar\u00f4me de votre tabac \u00e0 chicha de se d\u00e9velopper pleinement.<\/p>\n<ul>\n<li>Type : Charbon \u00e0 chicha auto-allumant<\/li>\n<li>Diam\u00e8tre : env. 33 mm<\/li>\n<li>Dur\u00e9e de combustion : environ 30 \u00e0 60 minutes<\/li>\n<li>Allumage : possible avec un briquet ou une flamme de gaz<\/li>\n<li>1 x 10 pi\u00e8ces<\/li>\n<\/ul>\n<p>Pour plus d&rsquo;informations sur le charbon pour narguil\u00e9, veuillez consulter l&rsquo;article Wikip\u00e9dia correspondant\u00a0: <a href=\"https:\/\/de.wikipedia.org\/wiki\/Shisha#Wasserpfeifenkohle\">cliquez ici<\/a> . Si vous avez des questions concernant le produit, n&rsquo;h\u00e9sitez pas \u00e0 nous contacter\u00a0: <a href=\"https:\/\/www.tabakversand.ch\/kontakt\/\">cliquez ici<\/a> .<\/p>\n<p>Chez tabakversand.ch, vous recevez du charbon \u00e0 chicha Golden River Raisin Menthe, conserv\u00e9 dans son emballage d&rsquo;origine et dans des conditions optimales. Un stockage soign\u00e9 garantit une qualit\u00e9 irr\u00e9prochable jusqu&rsquo;\u00e0 l&rsquo;exp\u00e9dition. Gr\u00e2ce \u00e0 une livraison rapide en Suisse, votre charbon \u00e0 chicha vous parvient g\u00e9n\u00e9ralement tr\u00e8s rapidement.<\/p>\n<p>Tous les prix s&rsquo;appliquent uniquement aux commandes en ligne et incluent la TVA. Sous r\u00e9serve de modifications sans pr\u00e9avis, frais de livraison en sus. Sous r\u00e9serve d&rsquo;erreurs, de modifications de contenu de livraison et de conception, de fautes d&rsquo;impression et de modifications de prix. Les prix barr\u00e9s sont des prix de remplacement. Les illustrations peuvent diff\u00e9rer de l&rsquo;original\/du contenu de livraison.<br \/>\n*Livraison gratuite pour les commandes sup\u00e9rieures \u00e0 CHF 250.-.<\/p>\n","protected":false},"excerpt":{"rendered":"<p>Menthe raisin Golden River Ce charbon \u00e0 chicha vous offrira une chaleur intense, une combustion longue dur\u00e9e et une exp\u00e9rience de fumage homog\u00e8ne. Les pastilles de charbon de haute qualit\u00e9 garantissent une temp\u00e9rature stable, permettant ainsi \u00e0 l&rsquo;ar\u00f4me de votre tabac \u00e0 chicha de se d\u00e9velopper pleinement. Type : Charbon \u00e0 chicha auto-allumant Diam\u00e8tre : [&hellip;]<\/p>\n","protected":false},"featured_media":183596,"template":"","meta":[],"product_brand":[],"product_cat":[2023,1891],"product_tag":[],"class_list":{"0":"post-183592","1":"product","2":"type-product","3":"status-publish","4":"has-post-thumbnail","6":"product_cat-charbon-de-narguile","7":"product_cat-narguile","9":"first","10":"instock","11":"purchasable","12":"product-type-simple"},"yoast_head":"<!-- This site is optimized with the Yoast SEO plugin v27.0 - https:\/\/yoast.com\/product\/yoast-seo-wordpress\/ -->\n<title>Menthe raisin Golden River - Tabakversand.ch | Alles aus der Welt des Tabaks<\/title>\n<meta name=\"description\" content=\"Charbon \u00e0 chicha Golden River Raisin Menthe 33 mm\u00a0: chaleur intense, longue combustion et peu de cendres. Id\u00e9al pour des sessions de chicha intenses.\" \/>\n<meta name=\"robots\" content=\"index, follow, max-snippet:-1, max-image-preview:large, max-video-preview:-1\" \/>\n<link rel=\"canonical\" href=\"https:\/\/www.tabakversand.ch\/fr\/produit\/menthe-raisin-golden-river\/\" \/>\n<meta property=\"og:locale\" content=\"fr_FR\" \/>\n<meta property=\"og:type\" content=\"article\" \/>\n<meta property=\"og:title\" content=\"Menthe raisin Golden River - Tabakversand.ch | Alles aus der Welt des Tabaks\" \/>\n<meta property=\"og:description\" content=\"Charbon \u00e0 chicha Golden River Raisin Menthe 33 mm\u00a0: chaleur intense, longue combustion et peu de cendres. Id\u00e9al pour des sessions de chicha intenses.\" \/>\n<meta property=\"og:url\" content=\"https:\/\/www.tabakversand.ch\/fr\/produit\/menthe-raisin-golden-river\/\" \/>\n<meta property=\"og:site_name\" content=\"Tabakversand.ch | Alles aus der Welt des Tabaks\" \/>\n<meta property=\"article:modified_time\" content=\"2026-03-05T06:43:34+00:00\" \/>\n<meta property=\"og:image\" content=\"https:\/\/www.tabakversand.ch\/wp-content\/uploads\/2025\/05\/golden-river-grape-mint-shisha-kohle-e.jpg\" \/>\n\t<meta property=\"og:image:width\" content=\"500\" \/>\n\t<meta property=\"og:image:height\" content=\"500\" \/>\n\t<meta property=\"og:image:type\" content=\"image\/jpeg\" \/>\n<meta name=\"twitter:card\" content=\"summary_large_image\" \/>\n<meta name=\"twitter:label1\" content=\"Dur\u00e9e de lecture estim\u00e9e\" \/>\n\t<meta name=\"twitter:data1\" content=\"2 minutes\" \/>\n<script type=\"application\/ld+json\" class=\"yoast-schema-graph\">{\"@context\":\"https:\/\/schema.org\",\"@graph\":[{\"@type\":\"WebPage\",\"@id\":\"https:\/\/www.tabakversand.ch\/fr\/produit\/menthe-raisin-golden-river\/\",\"url\":\"https:\/\/www.tabakversand.ch\/fr\/produit\/menthe-raisin-golden-river\/\",\"name\":\"Menthe raisin Golden River - Tabakversand.ch | Alles aus der Welt des Tabaks\",\"isPartOf\":{\"@id\":\"https:\/\/www.tabakversand.ch\/#website\"},\"primaryImageOfPage\":{\"@id\":\"https:\/\/www.tabakversand.ch\/fr\/produit\/menthe-raisin-golden-river\/#primaryimage\"},\"image\":{\"@id\":\"https:\/\/www.tabakversand.ch\/fr\/produit\/menthe-raisin-golden-river\/#primaryimage\"},\"thumbnailUrl\":\"https:\/\/www.tabakversand.ch\/wp-content\/uploads\/2025\/05\/golden-river-grape-mint-shisha-kohle-e.jpg\",\"datePublished\":\"2025-05-16T12:19:43+00:00\",\"dateModified\":\"2026-03-05T06:43:34+00:00\",\"description\":\"Charbon \u00e0 chicha Golden River Raisin Menthe 33 mm\u00a0: chaleur intense, longue combustion et peu de cendres. Id\u00e9al pour des sessions de chicha intenses.\",\"breadcrumb\":{\"@id\":\"https:\/\/www.tabakversand.ch\/fr\/produit\/menthe-raisin-golden-river\/#breadcrumb\"},\"inLanguage\":\"fr-FR\",\"potentialAction\":[{\"@type\":\"ReadAction\",\"target\":[\"https:\/\/www.tabakversand.ch\/fr\/produit\/menthe-raisin-golden-river\/\"]}]},{\"@type\":\"ImageObject\",\"inLanguage\":\"fr-FR\",\"@id\":\"https:\/\/www.tabakversand.ch\/fr\/produit\/menthe-raisin-golden-river\/#primaryimage\",\"url\":\"https:\/\/www.tabakversand.ch\/wp-content\/uploads\/2025\/05\/golden-river-grape-mint-shisha-kohle-e.jpg\",\"contentUrl\":\"https:\/\/www.tabakversand.ch\/wp-content\/uploads\/2025\/05\/golden-river-grape-mint-shisha-kohle-e.jpg\",\"width\":500,\"height\":500,\"caption\":\"Charbon \u00e0 chicha Golden River Raisin Menthe 33 mm | Tabakversand.ch\"},{\"@type\":\"BreadcrumbList\",\"@id\":\"https:\/\/www.tabakversand.ch\/fr\/produit\/menthe-raisin-golden-river\/#breadcrumb\",\"itemListElement\":[{\"@type\":\"ListItem\",\"position\":1,\"name\":\"Startseite\",\"item\":\"https:\/\/www.tabakversand.ch\/\"},{\"@type\":\"ListItem\",\"position\":2,\"name\":\"Boutique\",\"item\":\"https:\/\/www.tabakversand.ch\/fr\/boutique\/\"},{\"@type\":\"ListItem\",\"position\":3,\"name\":\"Menthe raisin Golden River\"}]},{\"@type\":\"WebSite\",\"@id\":\"https:\/\/www.tabakversand.ch\/#website\",\"url\":\"https:\/\/www.tabakversand.ch\/\",\"name\":\"Tabakversand.ch | Alles aus der Welt des Tabaks\",\"description\":\"Smoke and carpe diem\",\"potentialAction\":[{\"@type\":\"SearchAction\",\"target\":{\"@type\":\"EntryPoint\",\"urlTemplate\":\"https:\/\/www.tabakversand.ch\/?s={search_term_string}\"},\"query-input\":{\"@type\":\"PropertyValueSpecification\",\"valueRequired\":true,\"valueName\":\"search_term_string\"}}],\"inLanguage\":\"fr-FR\"}]}<\/script>\n<!-- \/ Yoast SEO plugin. -->","yoast_head_json":{"title":"Menthe raisin Golden River - Tabakversand.ch | Alles aus der Welt des Tabaks","description":"Charbon \u00e0 chicha Golden River Raisin Menthe 33 mm\u00a0: chaleur intense, longue combustion et peu de cendres. Id\u00e9al pour des sessions de chicha intenses.","robots":{"index":"index","follow":"follow","max-snippet":"max-snippet:-1","max-image-preview":"max-image-preview:large","max-video-preview":"max-video-preview:-1"},"canonical":"https:\/\/www.tabakversand.ch\/fr\/produit\/menthe-raisin-golden-river\/","og_locale":"fr_FR","og_type":"article","og_title":"Menthe raisin Golden River - Tabakversand.ch | Alles aus der Welt des Tabaks","og_description":"Charbon \u00e0 chicha Golden River Raisin Menthe 33 mm\u00a0: chaleur intense, longue combustion et peu de cendres. Id\u00e9al pour des sessions de chicha intenses.","og_url":"https:\/\/www.tabakversand.ch\/fr\/produit\/menthe-raisin-golden-river\/","og_site_name":"Tabakversand.ch | Alles aus der Welt des Tabaks","article_modified_time":"2026-03-05T06:43:34+00:00","og_image":[{"width":500,"height":500,"url":"https:\/\/www.tabakversand.ch\/wp-content\/uploads\/2025\/05\/golden-river-grape-mint-shisha-kohle-e.jpg","type":"image\/jpeg"}],"twitter_card":"summary_large_image","twitter_misc":{"Dur\u00e9e de lecture estim\u00e9e":"2 minutes"},"schema":{"@context":"https:\/\/schema.org","@graph":[{"@type":"WebPage","@id":"https:\/\/www.tabakversand.ch\/fr\/produit\/menthe-raisin-golden-river\/","url":"https:\/\/www.tabakversand.ch\/fr\/produit\/menthe-raisin-golden-river\/","name":"Menthe raisin Golden River - Tabakversand.ch | Alles aus der Welt des Tabaks","isPartOf":{"@id":"https:\/\/www.tabakversand.ch\/#website"},"primaryImageOfPage":{"@id":"https:\/\/www.tabakversand.ch\/fr\/produit\/menthe-raisin-golden-river\/#primaryimage"},"image":{"@id":"https:\/\/www.tabakversand.ch\/fr\/produit\/menthe-raisin-golden-river\/#primaryimage"},"thumbnailUrl":"https:\/\/www.tabakversand.ch\/wp-content\/uploads\/2025\/05\/golden-river-grape-mint-shisha-kohle-e.jpg","datePublished":"2025-05-16T12:19:43+00:00","dateModified":"2026-03-05T06:43:34+00:00","description":"Charbon \u00e0 chicha Golden River Raisin Menthe 33 mm\u00a0: chaleur intense, longue combustion et peu de cendres. Id\u00e9al pour des sessions de chicha intenses.","breadcrumb":{"@id":"https:\/\/www.tabakversand.ch\/fr\/produit\/menthe-raisin-golden-river\/#breadcrumb"},"inLanguage":"fr-FR","potentialAction":[{"@type":"ReadAction","target":["https:\/\/www.tabakversand.ch\/fr\/produit\/menthe-raisin-golden-river\/"]}]},{"@type":"ImageObject","inLanguage":"fr-FR","@id":"https:\/\/www.tabakversand.ch\/fr\/produit\/menthe-raisin-golden-river\/#primaryimage","url":"https:\/\/www.tabakversand.ch\/wp-content\/uploads\/2025\/05\/golden-river-grape-mint-shisha-kohle-e.jpg","contentUrl":"https:\/\/www.tabakversand.ch\/wp-content\/uploads\/2025\/05\/golden-river-grape-mint-shisha-kohle-e.jpg","width":500,"height":500,"caption":"Charbon \u00e0 chicha Golden River Raisin Menthe 33 mm | Tabakversand.ch"},{"@type":"BreadcrumbList","@id":"https:\/\/www.tabakversand.ch\/fr\/produit\/menthe-raisin-golden-river\/#breadcrumb","itemListElement":[{"@type":"ListItem","position":1,"name":"Startseite","item":"https:\/\/www.tabakversand.ch\/"},{"@type":"ListItem","position":2,"name":"Boutique","item":"https:\/\/www.tabakversand.ch\/fr\/boutique\/"},{"@type":"ListItem","position":3,"name":"Menthe raisin Golden River"}]},{"@type":"WebSite","@id":"https:\/\/www.tabakversand.ch\/#website","url":"https:\/\/www.tabakversand.ch\/","name":"Tabakversand.ch | Alles aus der Welt des Tabaks","description":"Smoke and carpe diem","potentialAction":[{"@type":"SearchAction","target":{"@type":"EntryPoint","urlTemplate":"https:\/\/www.tabakversand.ch\/?s={search_term_string}"},"query-input":{"@type":"PropertyValueSpecification","valueRequired":true,"valueName":"search_term_string"}}],"inLanguage":"fr-FR"}]}},"_links":{"self":[{"href":"https:\/\/www.tabakversand.ch\/fr\/wp-json\/wp\/v2\/product\/183592","targetHints":{"allow":["GET"]}}],"collection":[{"href":"https:\/\/www.tabakversand.ch\/fr\/wp-json\/wp\/v2\/product"}],"about":[{"href":"https:\/\/www.tabakversand.ch\/fr\/wp-json\/wp\/v2\/types\/product"}],"version-history":[{"count":5,"href":"https:\/\/www.tabakversand.ch\/fr\/wp-json\/wp\/v2\/product\/183592\/revisions"}],"predecessor-version":[{"id":214103,"href":"https:\/\/www.tabakversand.ch\/fr\/wp-json\/wp\/v2\/product\/183592\/revisions\/214103"}],"wp:featuredmedia":[{"embeddable":true,"href":"https:\/\/www.tabakversand.ch\/fr\/wp-json\/wp\/v2\/media\/183596"}],"wp:attachment":[{"href":"https:\/\/www.tabakversand.ch\/fr\/wp-json\/wp\/v2\/media?parent=183592"}],"wp:term":[{"taxonomy":"product_brand","embeddable":true,"href":"https:\/\/www.tabakversand.ch\/fr\/wp-json\/wp\/v2\/product_brand?post=183592"},{"taxonomy":"product_cat","embeddable":true,"href":"https:\/\/www.tabakversand.ch\/fr\/wp-json\/wp\/v2\/product_cat?post=183592"},{"taxonomy":"product_tag","embeddable":true,"href":"https:\/\/www.tabakversand.ch\/fr\/wp-json\/wp\/v2\/product_tag?post=183592"}],"curies":[{"name":"wp","href":"https:\/\/api.w.org\/{rel}","templated":true}]}}