{"id":183664,"date":"2025-05-17T12:52:59","date_gmt":"2025-05-17T10:52:59","guid":{"rendered":"https:\/\/www.tabakversand.ch\/?post_type=product&#038;p=183664"},"modified":"2025-05-17T13:01:11","modified_gmt":"2025-05-17T11:01:11","slug":"bang-en-verre-rasta-rainbow-20-cm","status":"publish","type":"product","link":"https:\/\/www.tabakversand.ch\/fr\/produit\/bang-en-verre-rasta-rainbow-20-cm\/","title":{"rendered":"Bang en verre Rasta Rainbow 20 cm"},"content":{"rendered":"<p>Bang en verre Rasta Rainbow 20 cm<\/p>\n<p>Le bang en verre Rasta Rainbow d&rsquo;une hauteur de 20 cm impressionne par son design arc-en-ciel vibrant dans les couleurs rouge, jaune et vert. Ce bang compact en verre de haute qualit\u00e9 offre une excellente exp\u00e9rience de fumage et, avec son d\u00e9grad\u00e9 de couleurs saisissant, est un v\u00e9ritable accroche-regard dans n&rsquo;importe quelle collection.<\/p>\n<p>Tous les prix s&rsquo;appliquent uniquement aux commandes en ligne et incluent la TVA. TVA, sous r\u00e9serve de modifications plus Exp\u00e9dition. Sous r\u00e9serve d&rsquo;erreurs, de modifications de l&rsquo;\u00e9tendue de la livraison et de la conception, d&rsquo;erreurs d&rsquo;impression et de modifications de prix. Les prix barr\u00e9s sont plut\u00f4t des prix. L&rsquo;illustration peut diff\u00e9rer de l&rsquo;original\/de l&rsquo;\u00e9tendue de la livraison.<br \/>\n*Livraison gratuite pour les commandes sup\u00e9rieures \u00e0 CHF 250.<\/p>\n","protected":false},"excerpt":{"rendered":"<p>Bang en verre Rasta Rainbow 20 cm Le bang en verre Rasta Rainbow d&rsquo;une hauteur de 20 cm impressionne par son design arc-en-ciel vibrant dans les couleurs rouge, jaune et vert. Ce bang compact en verre de haute qualit\u00e9 offre une excellente exp\u00e9rience de fumage et, avec son d\u00e9grad\u00e9 de couleurs saisissant, est un v\u00e9ritable [&hellip;]<\/p>\n","protected":false},"featured_media":183668,"template":"","meta":[],"product_brand":[],"product_cat":[3489,3219,1995],"product_tag":[],"class_list":{"0":"post-183664","1":"product","2":"type-product","3":"status-publish","4":"has-post-thumbnail","6":"product_cat-bang","7":"product_cat-boutique-de-tete","8":"product_cat-divers-headshop","10":"first","11":"instock","12":"purchasable","13":"product-type-simple"},"yoast_head":"<!-- This site is optimized with the Yoast SEO plugin v27.0 - https:\/\/yoast.com\/product\/yoast-seo-wordpress\/ -->\n<title>Bang en verre Rasta Rainbow 20 cm - Tabakversand.ch | Alles aus der Welt des Tabaks<\/title>\n<meta name=\"description\" content=\"Bang en verre Rasta Rainbow 20 cm | Un tr\u00e8s grand choix de produits du tabac haut de gamme, de cigarettes \u00e9lectroniques et d&#039;accessoires pour fumeurs dans toute la Suisse | Cartes accept\u00e9es !\" \/>\n<meta name=\"robots\" content=\"index, follow, max-snippet:-1, max-image-preview:large, max-video-preview:-1\" \/>\n<link rel=\"canonical\" href=\"https:\/\/www.tabakversand.ch\/fr\/produit\/bang-en-verre-rasta-rainbow-20-cm\/\" \/>\n<meta property=\"og:locale\" content=\"fr_FR\" \/>\n<meta property=\"og:type\" content=\"article\" \/>\n<meta property=\"og:title\" content=\"Bang en verre Rasta Rainbow 20 cm - Tabakversand.ch | Alles aus der Welt des Tabaks\" \/>\n<meta property=\"og:description\" content=\"Bang en verre Rasta Rainbow 20 cm | Un tr\u00e8s grand choix de produits du tabac haut de gamme, de cigarettes \u00e9lectroniques et d&#039;accessoires pour fumeurs dans toute la Suisse | Cartes accept\u00e9es !\" \/>\n<meta property=\"og:url\" content=\"https:\/\/www.tabakversand.ch\/fr\/produit\/bang-en-verre-rasta-rainbow-20-cm\/\" \/>\n<meta property=\"og:site_name\" content=\"Tabakversand.ch | Alles aus der Welt des Tabaks\" \/>\n<meta property=\"article:modified_time\" content=\"2025-05-17T11:01:11+00:00\" \/>\n<meta property=\"og:image\" content=\"https:\/\/www.tabakversand.ch\/wp-content\/uploads\/2025\/05\/glasbong-rasta-rainbow-20.jpg\" \/>\n\t<meta property=\"og:image:width\" content=\"500\" \/>\n\t<meta property=\"og:image:height\" content=\"500\" \/>\n\t<meta property=\"og:image:type\" content=\"image\/jpeg\" \/>\n<meta name=\"twitter:card\" content=\"summary_large_image\" \/>\n<meta name=\"twitter:label1\" content=\"Dur\u00e9e de lecture estim\u00e9e\" \/>\n\t<meta name=\"twitter:data1\" content=\"1 minute\" \/>\n<script type=\"application\/ld+json\" class=\"yoast-schema-graph\">{\"@context\":\"https:\/\/schema.org\",\"@graph\":[{\"@type\":\"WebPage\",\"@id\":\"https:\/\/www.tabakversand.ch\/fr\/produit\/bang-en-verre-rasta-rainbow-20-cm\/\",\"url\":\"https:\/\/www.tabakversand.ch\/fr\/produit\/bang-en-verre-rasta-rainbow-20-cm\/\",\"name\":\"Bang en verre Rasta Rainbow 20 cm - Tabakversand.ch | Alles aus der Welt des Tabaks\",\"isPartOf\":{\"@id\":\"https:\/\/www.tabakversand.ch\/#website\"},\"primaryImageOfPage\":{\"@id\":\"https:\/\/www.tabakversand.ch\/fr\/produit\/bang-en-verre-rasta-rainbow-20-cm\/#primaryimage\"},\"image\":{\"@id\":\"https:\/\/www.tabakversand.ch\/fr\/produit\/bang-en-verre-rasta-rainbow-20-cm\/#primaryimage\"},\"thumbnailUrl\":\"https:\/\/www.tabakversand.ch\/wp-content\/uploads\/2025\/05\/glasbong-rasta-rainbow-20.jpg\",\"datePublished\":\"2025-05-17T10:52:59+00:00\",\"dateModified\":\"2025-05-17T11:01:11+00:00\",\"description\":\"Bang en verre Rasta Rainbow 20 cm | Un tr\u00e8s grand choix de produits du tabac haut de gamme, de cigarettes \u00e9lectroniques et d'accessoires pour fumeurs dans toute la Suisse | Cartes accept\u00e9es !\",\"breadcrumb\":{\"@id\":\"https:\/\/www.tabakversand.ch\/fr\/produit\/bang-en-verre-rasta-rainbow-20-cm\/#breadcrumb\"},\"inLanguage\":\"fr-FR\",\"potentialAction\":[{\"@type\":\"ReadAction\",\"target\":[\"https:\/\/www.tabakversand.ch\/fr\/produit\/bang-en-verre-rasta-rainbow-20-cm\/\"]}]},{\"@type\":\"ImageObject\",\"inLanguage\":\"fr-FR\",\"@id\":\"https:\/\/www.tabakversand.ch\/fr\/produit\/bang-en-verre-rasta-rainbow-20-cm\/#primaryimage\",\"url\":\"https:\/\/www.tabakversand.ch\/wp-content\/uploads\/2025\/05\/glasbong-rasta-rainbow-20.jpg\",\"contentUrl\":\"https:\/\/www.tabakversand.ch\/wp-content\/uploads\/2025\/05\/glasbong-rasta-rainbow-20.jpg\",\"width\":500,\"height\":500,\"caption\":\"Bang en verre Rasta Rainbow 20 cm | Tabakversand.ch\"},{\"@type\":\"BreadcrumbList\",\"@id\":\"https:\/\/www.tabakversand.ch\/fr\/produit\/bang-en-verre-rasta-rainbow-20-cm\/#breadcrumb\",\"itemListElement\":[{\"@type\":\"ListItem\",\"position\":1,\"name\":\"Startseite\",\"item\":\"https:\/\/www.tabakversand.ch\/\"},{\"@type\":\"ListItem\",\"position\":2,\"name\":\"Boutique\",\"item\":\"https:\/\/www.tabakversand.ch\/fr\/boutique\/\"},{\"@type\":\"ListItem\",\"position\":3,\"name\":\"Bang en verre Rasta Rainbow 20 cm\"}]},{\"@type\":\"WebSite\",\"@id\":\"https:\/\/www.tabakversand.ch\/#website\",\"url\":\"https:\/\/www.tabakversand.ch\/\",\"name\":\"Tabakversand.ch | Alles aus der Welt des Tabaks\",\"description\":\"Smoke and carpe diem\",\"potentialAction\":[{\"@type\":\"SearchAction\",\"target\":{\"@type\":\"EntryPoint\",\"urlTemplate\":\"https:\/\/www.tabakversand.ch\/?s={search_term_string}\"},\"query-input\":{\"@type\":\"PropertyValueSpecification\",\"valueRequired\":true,\"valueName\":\"search_term_string\"}}],\"inLanguage\":\"fr-FR\"}]}<\/script>\n<!-- \/ Yoast SEO plugin. -->","yoast_head_json":{"title":"Bang en verre Rasta Rainbow 20 cm - Tabakversand.ch | Alles aus der Welt des Tabaks","description":"Bang en verre Rasta Rainbow 20 cm | Un tr\u00e8s grand choix de produits du tabac haut de gamme, de cigarettes \u00e9lectroniques et d'accessoires pour fumeurs dans toute la Suisse | Cartes accept\u00e9es !","robots":{"index":"index","follow":"follow","max-snippet":"max-snippet:-1","max-image-preview":"max-image-preview:large","max-video-preview":"max-video-preview:-1"},"canonical":"https:\/\/www.tabakversand.ch\/fr\/produit\/bang-en-verre-rasta-rainbow-20-cm\/","og_locale":"fr_FR","og_type":"article","og_title":"Bang en verre Rasta Rainbow 20 cm - Tabakversand.ch | Alles aus der Welt des Tabaks","og_description":"Bang en verre Rasta Rainbow 20 cm | Un tr\u00e8s grand choix de produits du tabac haut de gamme, de cigarettes \u00e9lectroniques et d'accessoires pour fumeurs dans toute la Suisse | Cartes accept\u00e9es !","og_url":"https:\/\/www.tabakversand.ch\/fr\/produit\/bang-en-verre-rasta-rainbow-20-cm\/","og_site_name":"Tabakversand.ch | Alles aus der Welt des Tabaks","article_modified_time":"2025-05-17T11:01:11+00:00","og_image":[{"width":500,"height":500,"url":"https:\/\/www.tabakversand.ch\/wp-content\/uploads\/2025\/05\/glasbong-rasta-rainbow-20.jpg","type":"image\/jpeg"}],"twitter_card":"summary_large_image","twitter_misc":{"Dur\u00e9e de lecture estim\u00e9e":"1 minute"},"schema":{"@context":"https:\/\/schema.org","@graph":[{"@type":"WebPage","@id":"https:\/\/www.tabakversand.ch\/fr\/produit\/bang-en-verre-rasta-rainbow-20-cm\/","url":"https:\/\/www.tabakversand.ch\/fr\/produit\/bang-en-verre-rasta-rainbow-20-cm\/","name":"Bang en verre Rasta Rainbow 20 cm - Tabakversand.ch | Alles aus der Welt des Tabaks","isPartOf":{"@id":"https:\/\/www.tabakversand.ch\/#website"},"primaryImageOfPage":{"@id":"https:\/\/www.tabakversand.ch\/fr\/produit\/bang-en-verre-rasta-rainbow-20-cm\/#primaryimage"},"image":{"@id":"https:\/\/www.tabakversand.ch\/fr\/produit\/bang-en-verre-rasta-rainbow-20-cm\/#primaryimage"},"thumbnailUrl":"https:\/\/www.tabakversand.ch\/wp-content\/uploads\/2025\/05\/glasbong-rasta-rainbow-20.jpg","datePublished":"2025-05-17T10:52:59+00:00","dateModified":"2025-05-17T11:01:11+00:00","description":"Bang en verre Rasta Rainbow 20 cm | Un tr\u00e8s grand choix de produits du tabac haut de gamme, de cigarettes \u00e9lectroniques et d'accessoires pour fumeurs dans toute la Suisse | Cartes accept\u00e9es !","breadcrumb":{"@id":"https:\/\/www.tabakversand.ch\/fr\/produit\/bang-en-verre-rasta-rainbow-20-cm\/#breadcrumb"},"inLanguage":"fr-FR","potentialAction":[{"@type":"ReadAction","target":["https:\/\/www.tabakversand.ch\/fr\/produit\/bang-en-verre-rasta-rainbow-20-cm\/"]}]},{"@type":"ImageObject","inLanguage":"fr-FR","@id":"https:\/\/www.tabakversand.ch\/fr\/produit\/bang-en-verre-rasta-rainbow-20-cm\/#primaryimage","url":"https:\/\/www.tabakversand.ch\/wp-content\/uploads\/2025\/05\/glasbong-rasta-rainbow-20.jpg","contentUrl":"https:\/\/www.tabakversand.ch\/wp-content\/uploads\/2025\/05\/glasbong-rasta-rainbow-20.jpg","width":500,"height":500,"caption":"Bang en verre Rasta Rainbow 20 cm | Tabakversand.ch"},{"@type":"BreadcrumbList","@id":"https:\/\/www.tabakversand.ch\/fr\/produit\/bang-en-verre-rasta-rainbow-20-cm\/#breadcrumb","itemListElement":[{"@type":"ListItem","position":1,"name":"Startseite","item":"https:\/\/www.tabakversand.ch\/"},{"@type":"ListItem","position":2,"name":"Boutique","item":"https:\/\/www.tabakversand.ch\/fr\/boutique\/"},{"@type":"ListItem","position":3,"name":"Bang en verre Rasta Rainbow 20 cm"}]},{"@type":"WebSite","@id":"https:\/\/www.tabakversand.ch\/#website","url":"https:\/\/www.tabakversand.ch\/","name":"Tabakversand.ch | Alles aus der Welt des Tabaks","description":"Smoke and carpe diem","potentialAction":[{"@type":"SearchAction","target":{"@type":"EntryPoint","urlTemplate":"https:\/\/www.tabakversand.ch\/?s={search_term_string}"},"query-input":{"@type":"PropertyValueSpecification","valueRequired":true,"valueName":"search_term_string"}}],"inLanguage":"fr-FR"}]}},"_links":{"self":[{"href":"https:\/\/www.tabakversand.ch\/fr\/wp-json\/wp\/v2\/product\/183664","targetHints":{"allow":["GET"]}}],"collection":[{"href":"https:\/\/www.tabakversand.ch\/fr\/wp-json\/wp\/v2\/product"}],"about":[{"href":"https:\/\/www.tabakversand.ch\/fr\/wp-json\/wp\/v2\/types\/product"}],"version-history":[{"count":4,"href":"https:\/\/www.tabakversand.ch\/fr\/wp-json\/wp\/v2\/product\/183664\/revisions"}],"predecessor-version":[{"id":183682,"href":"https:\/\/www.tabakversand.ch\/fr\/wp-json\/wp\/v2\/product\/183664\/revisions\/183682"}],"wp:featuredmedia":[{"embeddable":true,"href":"https:\/\/www.tabakversand.ch\/fr\/wp-json\/wp\/v2\/media\/183668"}],"wp:attachment":[{"href":"https:\/\/www.tabakversand.ch\/fr\/wp-json\/wp\/v2\/media?parent=183664"}],"wp:term":[{"taxonomy":"product_brand","embeddable":true,"href":"https:\/\/www.tabakversand.ch\/fr\/wp-json\/wp\/v2\/product_brand?post=183664"},{"taxonomy":"product_cat","embeddable":true,"href":"https:\/\/www.tabakversand.ch\/fr\/wp-json\/wp\/v2\/product_cat?post=183664"},{"taxonomy":"product_tag","embeddable":true,"href":"https:\/\/www.tabakversand.ch\/fr\/wp-json\/wp\/v2\/product_tag?post=183664"}],"curies":[{"name":"wp","href":"https:\/\/api.w.org\/{rel}","templated":true}]}}