{"id":183990,"date":"2025-05-23T11:24:12","date_gmt":"2025-05-23T09:24:12","guid":{"rendered":"https:\/\/www.tabakversand.ch\/?post_type=product&#038;p=183990"},"modified":"2026-02-25T13:02:23","modified_gmt":"2026-02-25T12:02:23","slug":"fred-special-blend-roses","status":"publish","type":"product","link":"https:\/\/www.tabakversand.ch\/fr\/produit\/fred-special-blend-roses\/","title":{"rendered":"Fred Special Blend roses"},"content":{"rendered":"<h1>Fred Special Blend roses<\/h1>\n<p>Fred Special Blend Roses sans additifs offre une exp\u00e9rience tabac authentique et sans artifice. Les vari\u00e9t\u00e9s de tabac soigneusement s\u00e9lectionn\u00e9es ne contiennent aucun additif et s\u00e9duisent par leur go\u00fbt naturel et authentique.<\/p>\n<p>Ce m\u00e9lange \u00e9quilibr\u00e9 offre un ar\u00f4me harmonieux d&rsquo;une agr\u00e9able intensit\u00e9. Gr\u00e2ce \u00e0 sa coupe optimale, il est facile \u00e0 travailler et br\u00fble uniform\u00e9ment \u2013 \u200b\u200bid\u00e9al pour rouler ses cigarettes et en fabriquer soi-m\u00eame.<\/p>\n<p>Caract\u00e9ristiques du produit\u00a0:<\/p>\n<ul>\n<li>Sans additifs<\/li>\n<li>Ar\u00f4me naturel et pur de tabac<\/li>\n<li>Un m\u00e9lange \u00e9quilibr\u00e9 et aromatique<\/li>\n<li>M\u00eame la combustion<\/li>\n<li>Convient aux tourneurs et aux poussoirs<\/li>\n<\/ul>\n<p>Disponible en sachet de 25 g ou en bo\u00eete de 80 g.<\/p>\n<p>Le m\u00e9lange sp\u00e9cial Fred sans additifs est le choix id\u00e9al pour tous ceux qui appr\u00e9cient le plaisir du tabac pur et un savoir-faire de haute qualit\u00e9.<\/p>\n<p>Chez tabakversand.ch, vous recevez du tabac \u00e0 cigarettes Fred Special Blend Roses fra\u00eechement conserv\u00e9 dans son emballage d&rsquo;origine. Un stockage soign\u00e9 garantit une pr\u00e9servation optimale de l&rsquo;ar\u00f4me, de l&rsquo;humidit\u00e9 et de la qualit\u00e9 jusqu&rsquo;\u00e0 l&rsquo;exp\u00e9dition. Gr\u00e2ce \u00e0 une livraison rapide en Suisse, votre tabac \u00e0 cigarettes arrive g\u00e9n\u00e9ralement sous peu.<\/p>\n<p>Pour plus d&rsquo;informations sur le tabac \u00e0 rouler, veuillez consulter l&rsquo;article Wikip\u00e9dia correspondant\u00a0: <a href=\"https:\/\/de.wikipedia.org\/wiki\/Shag_(Tabak)\">cliquez ici<\/a> . Si vous avez des questions concernant le produit, n&rsquo;h\u00e9sitez pas \u00e0 nous contacter\u00a0: <a href=\"https:\/\/www.tabakversand.ch\/kontakt\/\">cliquez ici<\/a> .<\/p>\n<p>Tous les prix s&rsquo;appliquent uniquement aux commandes en ligne et incluent la TVA. Sous r\u00e9serve de modifications sans pr\u00e9avis, frais de livraison en sus. Sous r\u00e9serve d&rsquo;erreurs, de modifications de contenu de livraison et de conception, de fautes d&rsquo;impression et de modifications de prix. Les prix barr\u00e9s sont des prix de remplacement. Les illustrations peuvent diff\u00e9rer de l&rsquo;original\/du contenu de livraison.<br \/>\n*Livraison gratuite pour les commandes sup\u00e9rieures \u00e0 CHF 250.-.<\/p>\n","protected":false},"excerpt":{"rendered":"<p>Fred Special Blend roses Fred Special Blend Roses sans additifs offre une exp\u00e9rience tabac authentique et sans artifice. Les vari\u00e9t\u00e9s de tabac soigneusement s\u00e9lectionn\u00e9es ne contiennent aucun additif et s\u00e9duisent par leur go\u00fbt naturel et authentique. Ce m\u00e9lange \u00e9quilibr\u00e9 offre un ar\u00f4me harmonieux d&rsquo;une agr\u00e9able intensit\u00e9. Gr\u00e2ce \u00e0 sa coupe optimale, il est facile \u00e0 [&hellip;]<\/p>\n","protected":false},"featured_media":213517,"template":"","meta":[],"product_brand":[],"product_cat":[1961,1888,1963,1964],"product_tag":[],"class_list":{"0":"post-183990","1":"product","2":"type-product","3":"status-publish","4":"has-post-thumbnail","6":"product_cat-cigarettes-self-made-fr-2","7":"product_cat-tabac","8":"product_cat-tabac-a-cigarettes","9":"product_cat-tabac-a-cigarettes-fr","10":"pa_tabak-huelsen-1-x-25-gr","11":"pa_tabak-huelsen-1-x-80-gr","13":"first","14":"instock","15":"purchasable","16":"product-type-variable"},"yoast_head":"<!-- This site is optimized with the Yoast SEO plugin v27.5 - https:\/\/yoast.com\/product\/yoast-seo-wordpress\/ -->\n<title>Fred Special Blend roses - tabakversand.ch<\/title>\n<meta name=\"description\" content=\"Tabac \u00e0 cigarettes Fred Special Blend \u00e0 la rose \u2013 un m\u00e9lange \u00e9quilibr\u00e9 \u00e0 l&#039;ar\u00f4me riche et \u00e0 la combustion r\u00e9guli\u00e8re. Id\u00e9al pour rouler et bourrer les cigarettes.\" \/>\n<meta name=\"robots\" content=\"index, follow, max-snippet:-1, max-image-preview:large, max-video-preview:-1\" \/>\n<link rel=\"canonical\" href=\"https:\/\/www.tabakversand.ch\/fr\/produit\/fred-special-blend-roses\/\" \/>\n<meta property=\"og:locale\" content=\"fr_FR\" \/>\n<meta property=\"og:type\" content=\"article\" \/>\n<meta property=\"og:title\" content=\"Fred Special Blend roses - tabakversand.ch\" \/>\n<meta property=\"og:description\" content=\"Tabac \u00e0 cigarettes Fred Special Blend \u00e0 la rose \u2013 un m\u00e9lange \u00e9quilibr\u00e9 \u00e0 l&#039;ar\u00f4me riche et \u00e0 la combustion r\u00e9guli\u00e8re. Id\u00e9al pour rouler et bourrer les cigarettes.\" \/>\n<meta property=\"og:url\" content=\"https:\/\/www.tabakversand.ch\/fr\/produit\/fred-special-blend-roses\/\" \/>\n<meta property=\"og:site_name\" content=\"Tabakversand.ch | Alles aus der Welt des Tabaks\" \/>\n<meta property=\"article:modified_time\" content=\"2026-02-25T12:02:23+00:00\" \/>\n<meta property=\"og:image\" content=\"https:\/\/www.tabakversand.ch\/wp-content\/uploads\/2025\/05\/fred-special-blend-all.jpg\" \/>\n\t<meta property=\"og:image:width\" content=\"500\" \/>\n\t<meta property=\"og:image:height\" content=\"500\" \/>\n\t<meta property=\"og:image:type\" content=\"image\/jpeg\" \/>\n<meta name=\"twitter:card\" content=\"summary_large_image\" \/>\n<meta name=\"twitter:label1\" content=\"Dur\u00e9e de lecture estim\u00e9e\" \/>\n\t<meta name=\"twitter:data1\" content=\"2 minutes\" \/>\n<script type=\"application\/ld+json\" class=\"yoast-schema-graph\">{\"@context\":\"https:\\\/\\\/schema.org\",\"@graph\":[{\"@type\":\"WebPage\",\"@id\":\"https:\\\/\\\/www.tabakversand.ch\\\/fr\\\/produit\\\/fred-special-blend-roses\\\/\",\"url\":\"https:\\\/\\\/www.tabakversand.ch\\\/fr\\\/produit\\\/fred-special-blend-roses\\\/\",\"name\":\"Fred Special Blend roses - tabakversand.ch\",\"isPartOf\":{\"@id\":\"https:\\\/\\\/www.tabakversand.ch\\\/#website\"},\"primaryImageOfPage\":{\"@id\":\"https:\\\/\\\/www.tabakversand.ch\\\/fr\\\/produit\\\/fred-special-blend-roses\\\/#primaryimage\"},\"image\":{\"@id\":\"https:\\\/\\\/www.tabakversand.ch\\\/fr\\\/produit\\\/fred-special-blend-roses\\\/#primaryimage\"},\"thumbnailUrl\":\"https:\\\/\\\/www.tabakversand.ch\\\/wp-content\\\/uploads\\\/2025\\\/05\\\/fred-special-blend-all.jpg\",\"datePublished\":\"2025-05-23T09:24:12+00:00\",\"dateModified\":\"2026-02-25T12:02:23+00:00\",\"description\":\"Tabac \u00e0 cigarettes Fred Special Blend \u00e0 la rose \u2013 un m\u00e9lange \u00e9quilibr\u00e9 \u00e0 l'ar\u00f4me riche et \u00e0 la combustion r\u00e9guli\u00e8re. Id\u00e9al pour rouler et bourrer les cigarettes.\",\"breadcrumb\":{\"@id\":\"https:\\\/\\\/www.tabakversand.ch\\\/fr\\\/produit\\\/fred-special-blend-roses\\\/#breadcrumb\"},\"inLanguage\":\"fr-FR\",\"potentialAction\":[{\"@type\":\"ReadAction\",\"target\":[\"https:\\\/\\\/www.tabakversand.ch\\\/fr\\\/produit\\\/fred-special-blend-roses\\\/\"]}]},{\"@type\":\"ImageObject\",\"inLanguage\":\"fr-FR\",\"@id\":\"https:\\\/\\\/www.tabakversand.ch\\\/fr\\\/produit\\\/fred-special-blend-roses\\\/#primaryimage\",\"url\":\"https:\\\/\\\/www.tabakversand.ch\\\/wp-content\\\/uploads\\\/2025\\\/05\\\/fred-special-blend-all.jpg\",\"contentUrl\":\"https:\\\/\\\/www.tabakversand.ch\\\/wp-content\\\/uploads\\\/2025\\\/05\\\/fred-special-blend-all.jpg\",\"width\":500,\"height\":500,\"caption\":\"M\u00e9lange sp\u00e9cial Fred | tabakversand.ch\"},{\"@type\":\"BreadcrumbList\",\"@id\":\"https:\\\/\\\/www.tabakversand.ch\\\/fr\\\/produit\\\/fred-special-blend-roses\\\/#breadcrumb\",\"itemListElement\":[{\"@type\":\"ListItem\",\"position\":1,\"name\":\"Startseite\",\"item\":\"https:\\\/\\\/www.tabakversand.ch\\\/\"},{\"@type\":\"ListItem\",\"position\":2,\"name\":\"Boutique\",\"item\":\"https:\\\/\\\/www.tabakversand.ch\\\/fr\\\/boutique\\\/\"},{\"@type\":\"ListItem\",\"position\":3,\"name\":\"Fred Special Blend roses\"}]},{\"@type\":\"WebSite\",\"@id\":\"https:\\\/\\\/www.tabakversand.ch\\\/#website\",\"url\":\"https:\\\/\\\/www.tabakversand.ch\\\/\",\"name\":\"Tabakversand.ch | Alles aus der Welt des Tabaks\",\"description\":\"Smoke and carpe diem\",\"potentialAction\":[{\"@type\":\"SearchAction\",\"target\":{\"@type\":\"EntryPoint\",\"urlTemplate\":\"https:\\\/\\\/www.tabakversand.ch\\\/?s={search_term_string}\"},\"query-input\":{\"@type\":\"PropertyValueSpecification\",\"valueRequired\":true,\"valueName\":\"search_term_string\"}}],\"inLanguage\":\"fr-FR\"}]}<\/script>\n<!-- \/ Yoast SEO plugin. -->","yoast_head_json":{"title":"Fred Special Blend roses - tabakversand.ch","description":"Tabac \u00e0 cigarettes Fred Special Blend \u00e0 la rose \u2013 un m\u00e9lange \u00e9quilibr\u00e9 \u00e0 l'ar\u00f4me riche et \u00e0 la combustion r\u00e9guli\u00e8re. Id\u00e9al pour rouler et bourrer les cigarettes.","robots":{"index":"index","follow":"follow","max-snippet":"max-snippet:-1","max-image-preview":"max-image-preview:large","max-video-preview":"max-video-preview:-1"},"canonical":"https:\/\/www.tabakversand.ch\/fr\/produit\/fred-special-blend-roses\/","og_locale":"fr_FR","og_type":"article","og_title":"Fred Special Blend roses - tabakversand.ch","og_description":"Tabac \u00e0 cigarettes Fred Special Blend \u00e0 la rose \u2013 un m\u00e9lange \u00e9quilibr\u00e9 \u00e0 l'ar\u00f4me riche et \u00e0 la combustion r\u00e9guli\u00e8re. Id\u00e9al pour rouler et bourrer les cigarettes.","og_url":"https:\/\/www.tabakversand.ch\/fr\/produit\/fred-special-blend-roses\/","og_site_name":"Tabakversand.ch | Alles aus der Welt des Tabaks","article_modified_time":"2026-02-25T12:02:23+00:00","og_image":[{"width":500,"height":500,"url":"https:\/\/www.tabakversand.ch\/wp-content\/uploads\/2025\/05\/fred-special-blend-all.jpg","type":"image\/jpeg"}],"twitter_card":"summary_large_image","twitter_misc":{"Dur\u00e9e de lecture estim\u00e9e":"2 minutes"},"schema":{"@context":"https:\/\/schema.org","@graph":[{"@type":"WebPage","@id":"https:\/\/www.tabakversand.ch\/fr\/produit\/fred-special-blend-roses\/","url":"https:\/\/www.tabakversand.ch\/fr\/produit\/fred-special-blend-roses\/","name":"Fred Special Blend roses - tabakversand.ch","isPartOf":{"@id":"https:\/\/www.tabakversand.ch\/#website"},"primaryImageOfPage":{"@id":"https:\/\/www.tabakversand.ch\/fr\/produit\/fred-special-blend-roses\/#primaryimage"},"image":{"@id":"https:\/\/www.tabakversand.ch\/fr\/produit\/fred-special-blend-roses\/#primaryimage"},"thumbnailUrl":"https:\/\/www.tabakversand.ch\/wp-content\/uploads\/2025\/05\/fred-special-blend-all.jpg","datePublished":"2025-05-23T09:24:12+00:00","dateModified":"2026-02-25T12:02:23+00:00","description":"Tabac \u00e0 cigarettes Fred Special Blend \u00e0 la rose \u2013 un m\u00e9lange \u00e9quilibr\u00e9 \u00e0 l'ar\u00f4me riche et \u00e0 la combustion r\u00e9guli\u00e8re. Id\u00e9al pour rouler et bourrer les cigarettes.","breadcrumb":{"@id":"https:\/\/www.tabakversand.ch\/fr\/produit\/fred-special-blend-roses\/#breadcrumb"},"inLanguage":"fr-FR","potentialAction":[{"@type":"ReadAction","target":["https:\/\/www.tabakversand.ch\/fr\/produit\/fred-special-blend-roses\/"]}]},{"@type":"ImageObject","inLanguage":"fr-FR","@id":"https:\/\/www.tabakversand.ch\/fr\/produit\/fred-special-blend-roses\/#primaryimage","url":"https:\/\/www.tabakversand.ch\/wp-content\/uploads\/2025\/05\/fred-special-blend-all.jpg","contentUrl":"https:\/\/www.tabakversand.ch\/wp-content\/uploads\/2025\/05\/fred-special-blend-all.jpg","width":500,"height":500,"caption":"M\u00e9lange sp\u00e9cial Fred | tabakversand.ch"},{"@type":"BreadcrumbList","@id":"https:\/\/www.tabakversand.ch\/fr\/produit\/fred-special-blend-roses\/#breadcrumb","itemListElement":[{"@type":"ListItem","position":1,"name":"Startseite","item":"https:\/\/www.tabakversand.ch\/"},{"@type":"ListItem","position":2,"name":"Boutique","item":"https:\/\/www.tabakversand.ch\/fr\/boutique\/"},{"@type":"ListItem","position":3,"name":"Fred Special Blend roses"}]},{"@type":"WebSite","@id":"https:\/\/www.tabakversand.ch\/#website","url":"https:\/\/www.tabakversand.ch\/","name":"Tabakversand.ch | Alles aus der Welt des Tabaks","description":"Smoke and carpe diem","potentialAction":[{"@type":"SearchAction","target":{"@type":"EntryPoint","urlTemplate":"https:\/\/www.tabakversand.ch\/?s={search_term_string}"},"query-input":{"@type":"PropertyValueSpecification","valueRequired":true,"valueName":"search_term_string"}}],"inLanguage":"fr-FR"}]}},"_links":{"self":[{"href":"https:\/\/www.tabakversand.ch\/fr\/wp-json\/wp\/v2\/product\/183990","targetHints":{"allow":["GET"]}}],"collection":[{"href":"https:\/\/www.tabakversand.ch\/fr\/wp-json\/wp\/v2\/product"}],"about":[{"href":"https:\/\/www.tabakversand.ch\/fr\/wp-json\/wp\/v2\/types\/product"}],"version-history":[{"count":6,"href":"https:\/\/www.tabakversand.ch\/fr\/wp-json\/wp\/v2\/product\/183990\/revisions"}],"predecessor-version":[{"id":213532,"href":"https:\/\/www.tabakversand.ch\/fr\/wp-json\/wp\/v2\/product\/183990\/revisions\/213532"}],"wp:featuredmedia":[{"embeddable":true,"href":"https:\/\/www.tabakversand.ch\/fr\/wp-json\/wp\/v2\/media\/213517"}],"wp:attachment":[{"href":"https:\/\/www.tabakversand.ch\/fr\/wp-json\/wp\/v2\/media?parent=183990"}],"wp:term":[{"taxonomy":"product_brand","embeddable":true,"href":"https:\/\/www.tabakversand.ch\/fr\/wp-json\/wp\/v2\/product_brand?post=183990"},{"taxonomy":"product_cat","embeddable":true,"href":"https:\/\/www.tabakversand.ch\/fr\/wp-json\/wp\/v2\/product_cat?post=183990"},{"taxonomy":"product_tag","embeddable":true,"href":"https:\/\/www.tabakversand.ch\/fr\/wp-json\/wp\/v2\/product_tag?post=183990"}],"curies":[{"name":"wp","href":"https:\/\/api.w.org\/{rel}","templated":true}]}}