{"id":184086,"date":"2025-05-27T16:51:22","date_gmt":"2025-05-27T14:51:22","guid":{"rendered":"https:\/\/www.tabakversand.ch\/?post_type=product&#038;p=184086"},"modified":"2026-04-06T08:18:46","modified_gmt":"2026-04-06T06:18:46","slug":"mon-terroir-blond-5-x-30gr-tabac-a-cigarettes","status":"publish","type":"product","link":"https:\/\/www.tabakversand.ch\/fr\/produit\/mon-terroir-blond-5-x-30gr-tabac-a-cigarettes\/","title":{"rendered":"Mon Terroir Blond 5 x 30gr. Tabac \u00e0 cigarettes"},"content":{"rendered":"<p>Mon Terroir Blond 5 x 30gr. Tabac \u00e0 cigarettes<\/p>\n<p>Mon Terroir est le fruit d&rsquo;une recette traditionnelle, \u00e9labor\u00e9e \u00e0 partir d&rsquo;une s\u00e9lection de tabacs fran\u00e7ais, europ\u00e9ens et internationaux. Flandria privil\u00e9gie et utilise principalement des feuilles de tabac effeuill\u00e9es, dont les nervures ont \u00e9t\u00e9 retir\u00e9es \u00e0 la main. Un m\u00e9lange blond et ultra-doux gr\u00e2ce \u00e0 la douceur du tabac Virginie, au caract\u00e8re distinctif du Burley et \u00e0 une touche de tabac oriental \u00e9pic\u00e9. Les feuilles sont tranch\u00e9es tr\u00e8s finement dans le sens de la longueur, ne conservant que quelques nervures et tiges.<br \/>\n La qualit\u00e9 commence par une s\u00e9lection rigoureuse des meilleures feuilles de tabac du monde entier.   <\/p>\n<p>fait:<\/p>\n<p>M\u00e9lange de haute qualit\u00e9 compos\u00e9 de 15 types de feuilles diff\u00e9rents<\/p>\n<p>D\u00e9coupe ultra-fine : 0,2 mm, facile \u00e0 enrouler<\/p>\n<p>Double filtration : minimisation des tiges et des nervures<\/p>\n<p>M\u00e9lange blond ultra doux<\/p>\n<p>Tous les prix s&rsquo;appliquent uniquement aux commandes en ligne et incluent la TVA. Sous r\u00e9serve de modifications sans pr\u00e9avis, frais de livraison en sus. Sous r\u00e9serve d&rsquo;erreurs, de modifications de contenu de livraison et de conception, de fautes d&rsquo;impression et de modifications de prix. Les prix barr\u00e9s sont des prix de remplacement. Les illustrations peuvent diff\u00e9rer de l&rsquo;original\/du contenu de livraison.<br \/>\n*Livraison gratuite pour les commandes sup\u00e9rieures \u00e0 CHF 250.-.<\/p>\n","protected":false},"excerpt":{"rendered":"<p>Mon Terroir Blond 5 x 30gr. Tabac \u00e0 cigarettes Mon Terroir est le fruit d&rsquo;une recette traditionnelle, \u00e9labor\u00e9e \u00e0 partir d&rsquo;une s\u00e9lection de tabacs fran\u00e7ais, europ\u00e9ens et internationaux. Flandria privil\u00e9gie et utilise principalement des feuilles de tabac effeuill\u00e9es, dont les nervures ont \u00e9t\u00e9 retir\u00e9es \u00e0 la main. Un m\u00e9lange blond et ultra-doux gr\u00e2ce \u00e0 la [&hellip;]<\/p>\n","protected":false},"featured_media":184090,"template":"","meta":[],"product_brand":[5701],"product_cat":[1888,1964,1961,1963],"product_tag":[],"class_list":{"0":"post-184086","1":"product","2":"type-product","3":"status-publish","4":"has-post-thumbnail","6":"product_brand-mon-terroir-feinschnitt","7":"product_cat-tabac","8":"product_cat-tabac-a-cigarettes-fr","9":"product_cat-cigarettes-self-made-fr-2","10":"product_cat-tabac-a-cigarettes","12":"first","13":"onbackorder","14":"purchasable","15":"product-type-simple"},"yoast_head":"<!-- This site is optimized with the Yoast SEO plugin v27.0 - https:\/\/yoast.com\/product\/yoast-seo-wordpress\/ -->\n<title>Mon Terroir Blond 5 x 30gr. Tabac \u00e0 cigarettes - tabakversand.ch<\/title>\n<meta name=\"description\" content=\"Mon Terroir Blond 5 x 30gr. Tabac \u00e0 cigarettes | Un tr\u00e8s grand choix de produits du tabac dans toute la Suisse | Cartes accept\u00e9es!\" \/>\n<meta name=\"robots\" content=\"index, follow, max-snippet:-1, max-image-preview:large, max-video-preview:-1\" \/>\n<link rel=\"canonical\" href=\"https:\/\/www.tabakversand.ch\/fr\/produit\/mon-terroir-blond-5-x-30gr-tabac-a-cigarettes\/\" \/>\n<meta property=\"og:locale\" content=\"fr_FR\" \/>\n<meta property=\"og:type\" content=\"article\" \/>\n<meta property=\"og:title\" content=\"Mon Terroir Blond 5 x 30gr. Tabac \u00e0 cigarettes - tabakversand.ch\" \/>\n<meta property=\"og:description\" content=\"Mon Terroir Blond 5 x 30gr. Tabac \u00e0 cigarettes | Un tr\u00e8s grand choix de produits du tabac dans toute la Suisse | Cartes accept\u00e9es!\" \/>\n<meta property=\"og:url\" content=\"https:\/\/www.tabakversand.ch\/fr\/produit\/mon-terroir-blond-5-x-30gr-tabac-a-cigarettes\/\" \/>\n<meta property=\"og:site_name\" content=\"Tabakversand.ch | Alles aus der Welt des Tabaks\" \/>\n<meta property=\"article:modified_time\" content=\"2026-04-06T06:18:46+00:00\" \/>\n<meta property=\"og:image\" content=\"https:\/\/www.tabakversand.ch\/wp-content\/uploads\/2025\/05\/mon-terroir-blond-30.jpg\" \/>\n\t<meta property=\"og:image:width\" content=\"500\" \/>\n\t<meta property=\"og:image:height\" content=\"500\" \/>\n\t<meta property=\"og:image:type\" content=\"image\/jpeg\" \/>\n<meta name=\"twitter:card\" content=\"summary_large_image\" \/>\n<meta name=\"twitter:label1\" content=\"Dur\u00e9e de lecture estim\u00e9e\" \/>\n\t<meta name=\"twitter:data1\" content=\"2 minutes\" \/>\n<script type=\"application\/ld+json\" class=\"yoast-schema-graph\">{\"@context\":\"https:\/\/schema.org\",\"@graph\":[{\"@type\":\"WebPage\",\"@id\":\"https:\/\/www.tabakversand.ch\/fr\/produit\/mon-terroir-blond-5-x-30gr-tabac-a-cigarettes\/\",\"url\":\"https:\/\/www.tabakversand.ch\/fr\/produit\/mon-terroir-blond-5-x-30gr-tabac-a-cigarettes\/\",\"name\":\"Mon Terroir Blond 5 x 30gr. Tabac \u00e0 cigarettes - tabakversand.ch\",\"isPartOf\":{\"@id\":\"https:\/\/www.tabakversand.ch\/#website\"},\"primaryImageOfPage\":{\"@id\":\"https:\/\/www.tabakversand.ch\/fr\/produit\/mon-terroir-blond-5-x-30gr-tabac-a-cigarettes\/#primaryimage\"},\"image\":{\"@id\":\"https:\/\/www.tabakversand.ch\/fr\/produit\/mon-terroir-blond-5-x-30gr-tabac-a-cigarettes\/#primaryimage\"},\"thumbnailUrl\":\"https:\/\/www.tabakversand.ch\/wp-content\/uploads\/2025\/05\/mon-terroir-blond-30.jpg\",\"datePublished\":\"2025-05-27T14:51:22+00:00\",\"dateModified\":\"2026-04-06T06:18:46+00:00\",\"description\":\"Mon Terroir Blond 5 x 30gr. Tabac \u00e0 cigarettes | Un tr\u00e8s grand choix de produits du tabac dans toute la Suisse | Cartes accept\u00e9es!\",\"breadcrumb\":{\"@id\":\"https:\/\/www.tabakversand.ch\/fr\/produit\/mon-terroir-blond-5-x-30gr-tabac-a-cigarettes\/#breadcrumb\"},\"inLanguage\":\"fr-FR\",\"potentialAction\":[{\"@type\":\"ReadAction\",\"target\":[\"https:\/\/www.tabakversand.ch\/fr\/produit\/mon-terroir-blond-5-x-30gr-tabac-a-cigarettes\/\"]}]},{\"@type\":\"ImageObject\",\"inLanguage\":\"fr-FR\",\"@id\":\"https:\/\/www.tabakversand.ch\/fr\/produit\/mon-terroir-blond-5-x-30gr-tabac-a-cigarettes\/#primaryimage\",\"url\":\"https:\/\/www.tabakversand.ch\/wp-content\/uploads\/2025\/05\/mon-terroir-blond-30.jpg\",\"contentUrl\":\"https:\/\/www.tabakversand.ch\/wp-content\/uploads\/2025\/05\/mon-terroir-blond-30.jpg\",\"width\":500,\"height\":500,\"caption\":\"Mon Terroir Blond 5 x 30gr. Tabac \u00e0 cigarettes\"},{\"@type\":\"BreadcrumbList\",\"@id\":\"https:\/\/www.tabakversand.ch\/fr\/produit\/mon-terroir-blond-5-x-30gr-tabac-a-cigarettes\/#breadcrumb\",\"itemListElement\":[{\"@type\":\"ListItem\",\"position\":1,\"name\":\"Startseite\",\"item\":\"https:\/\/www.tabakversand.ch\/\"},{\"@type\":\"ListItem\",\"position\":2,\"name\":\"Boutique\",\"item\":\"https:\/\/www.tabakversand.ch\/fr\/boutique\/\"},{\"@type\":\"ListItem\",\"position\":3,\"name\":\"Mon Terroir Blond 5 x 30gr. Tabac \u00e0 cigarettes\"}]},{\"@type\":\"WebSite\",\"@id\":\"https:\/\/www.tabakversand.ch\/#website\",\"url\":\"https:\/\/www.tabakversand.ch\/\",\"name\":\"Tabakversand.ch | Alles aus der Welt des Tabaks\",\"description\":\"Smoke and carpe diem\",\"potentialAction\":[{\"@type\":\"SearchAction\",\"target\":{\"@type\":\"EntryPoint\",\"urlTemplate\":\"https:\/\/www.tabakversand.ch\/?s={search_term_string}\"},\"query-input\":{\"@type\":\"PropertyValueSpecification\",\"valueRequired\":true,\"valueName\":\"search_term_string\"}}],\"inLanguage\":\"fr-FR\"}]}<\/script>\n<!-- \/ Yoast SEO plugin. -->","yoast_head_json":{"title":"Mon Terroir Blond 5 x 30gr. Tabac \u00e0 cigarettes - tabakversand.ch","description":"Mon Terroir Blond 5 x 30gr. Tabac \u00e0 cigarettes | Un tr\u00e8s grand choix de produits du tabac dans toute la Suisse | Cartes accept\u00e9es!","robots":{"index":"index","follow":"follow","max-snippet":"max-snippet:-1","max-image-preview":"max-image-preview:large","max-video-preview":"max-video-preview:-1"},"canonical":"https:\/\/www.tabakversand.ch\/fr\/produit\/mon-terroir-blond-5-x-30gr-tabac-a-cigarettes\/","og_locale":"fr_FR","og_type":"article","og_title":"Mon Terroir Blond 5 x 30gr. Tabac \u00e0 cigarettes - tabakversand.ch","og_description":"Mon Terroir Blond 5 x 30gr. Tabac \u00e0 cigarettes | Un tr\u00e8s grand choix de produits du tabac dans toute la Suisse | Cartes accept\u00e9es!","og_url":"https:\/\/www.tabakversand.ch\/fr\/produit\/mon-terroir-blond-5-x-30gr-tabac-a-cigarettes\/","og_site_name":"Tabakversand.ch | Alles aus der Welt des Tabaks","article_modified_time":"2026-04-06T06:18:46+00:00","og_image":[{"width":500,"height":500,"url":"https:\/\/www.tabakversand.ch\/wp-content\/uploads\/2025\/05\/mon-terroir-blond-30.jpg","type":"image\/jpeg"}],"twitter_card":"summary_large_image","twitter_misc":{"Dur\u00e9e de lecture estim\u00e9e":"2 minutes"},"schema":{"@context":"https:\/\/schema.org","@graph":[{"@type":"WebPage","@id":"https:\/\/www.tabakversand.ch\/fr\/produit\/mon-terroir-blond-5-x-30gr-tabac-a-cigarettes\/","url":"https:\/\/www.tabakversand.ch\/fr\/produit\/mon-terroir-blond-5-x-30gr-tabac-a-cigarettes\/","name":"Mon Terroir Blond 5 x 30gr. Tabac \u00e0 cigarettes - tabakversand.ch","isPartOf":{"@id":"https:\/\/www.tabakversand.ch\/#website"},"primaryImageOfPage":{"@id":"https:\/\/www.tabakversand.ch\/fr\/produit\/mon-terroir-blond-5-x-30gr-tabac-a-cigarettes\/#primaryimage"},"image":{"@id":"https:\/\/www.tabakversand.ch\/fr\/produit\/mon-terroir-blond-5-x-30gr-tabac-a-cigarettes\/#primaryimage"},"thumbnailUrl":"https:\/\/www.tabakversand.ch\/wp-content\/uploads\/2025\/05\/mon-terroir-blond-30.jpg","datePublished":"2025-05-27T14:51:22+00:00","dateModified":"2026-04-06T06:18:46+00:00","description":"Mon Terroir Blond 5 x 30gr. Tabac \u00e0 cigarettes | Un tr\u00e8s grand choix de produits du tabac dans toute la Suisse | Cartes accept\u00e9es!","breadcrumb":{"@id":"https:\/\/www.tabakversand.ch\/fr\/produit\/mon-terroir-blond-5-x-30gr-tabac-a-cigarettes\/#breadcrumb"},"inLanguage":"fr-FR","potentialAction":[{"@type":"ReadAction","target":["https:\/\/www.tabakversand.ch\/fr\/produit\/mon-terroir-blond-5-x-30gr-tabac-a-cigarettes\/"]}]},{"@type":"ImageObject","inLanguage":"fr-FR","@id":"https:\/\/www.tabakversand.ch\/fr\/produit\/mon-terroir-blond-5-x-30gr-tabac-a-cigarettes\/#primaryimage","url":"https:\/\/www.tabakversand.ch\/wp-content\/uploads\/2025\/05\/mon-terroir-blond-30.jpg","contentUrl":"https:\/\/www.tabakversand.ch\/wp-content\/uploads\/2025\/05\/mon-terroir-blond-30.jpg","width":500,"height":500,"caption":"Mon Terroir Blond 5 x 30gr. Tabac \u00e0 cigarettes"},{"@type":"BreadcrumbList","@id":"https:\/\/www.tabakversand.ch\/fr\/produit\/mon-terroir-blond-5-x-30gr-tabac-a-cigarettes\/#breadcrumb","itemListElement":[{"@type":"ListItem","position":1,"name":"Startseite","item":"https:\/\/www.tabakversand.ch\/"},{"@type":"ListItem","position":2,"name":"Boutique","item":"https:\/\/www.tabakversand.ch\/fr\/boutique\/"},{"@type":"ListItem","position":3,"name":"Mon Terroir Blond 5 x 30gr. Tabac \u00e0 cigarettes"}]},{"@type":"WebSite","@id":"https:\/\/www.tabakversand.ch\/#website","url":"https:\/\/www.tabakversand.ch\/","name":"Tabakversand.ch | Alles aus der Welt des Tabaks","description":"Smoke and carpe diem","potentialAction":[{"@type":"SearchAction","target":{"@type":"EntryPoint","urlTemplate":"https:\/\/www.tabakversand.ch\/?s={search_term_string}"},"query-input":{"@type":"PropertyValueSpecification","valueRequired":true,"valueName":"search_term_string"}}],"inLanguage":"fr-FR"}]}},"_links":{"self":[{"href":"https:\/\/www.tabakversand.ch\/fr\/wp-json\/wp\/v2\/product\/184086","targetHints":{"allow":["GET"]}}],"collection":[{"href":"https:\/\/www.tabakversand.ch\/fr\/wp-json\/wp\/v2\/product"}],"about":[{"href":"https:\/\/www.tabakversand.ch\/fr\/wp-json\/wp\/v2\/types\/product"}],"version-history":[{"count":4,"href":"https:\/\/www.tabakversand.ch\/fr\/wp-json\/wp\/v2\/product\/184086\/revisions"}],"predecessor-version":[{"id":217015,"href":"https:\/\/www.tabakversand.ch\/fr\/wp-json\/wp\/v2\/product\/184086\/revisions\/217015"}],"wp:featuredmedia":[{"embeddable":true,"href":"https:\/\/www.tabakversand.ch\/fr\/wp-json\/wp\/v2\/media\/184090"}],"wp:attachment":[{"href":"https:\/\/www.tabakversand.ch\/fr\/wp-json\/wp\/v2\/media?parent=184086"}],"wp:term":[{"taxonomy":"product_brand","embeddable":true,"href":"https:\/\/www.tabakversand.ch\/fr\/wp-json\/wp\/v2\/product_brand?post=184086"},{"taxonomy":"product_cat","embeddable":true,"href":"https:\/\/www.tabakversand.ch\/fr\/wp-json\/wp\/v2\/product_cat?post=184086"},{"taxonomy":"product_tag","embeddable":true,"href":"https:\/\/www.tabakversand.ch\/fr\/wp-json\/wp\/v2\/product_tag?post=184086"}],"curies":[{"name":"wp","href":"https:\/\/api.w.org\/{rel}","templated":true}]}}