{"id":184493,"date":"2025-06-13T12:44:24","date_gmt":"2025-06-13T10:44:24","guid":{"rendered":"https:\/\/www.tabakversand.ch\/?post_type=product&#038;p=184493"},"modified":"2026-01-22T08:47:24","modified_gmt":"2026-01-22T07:47:24","slug":"gizeh-beats-swiss-edition-ks-slim-avec-filtre-actif","status":"publish","type":"product","link":"https:\/\/www.tabakversand.ch\/fr\/produit\/gizeh-beats-swiss-edition-ks-slim-avec-filtre-actif\/","title":{"rendered":"Casque Gizeh Beats Swiss Edition KS Slim avec filtre actif"},"content":{"rendered":"<p>Casque Gizeh Beats Swiss Edition KS Slim avec filtre actif<\/p>\n<p>Inspir\u00e9 par la techno, la goa, le reggae et le hip-hop<\/p>\n<p>Avec l&rsquo;\u00e9dition sp\u00e9ciale GIZEH Beats, musique, design et fonctionnalit\u00e9 se conjuguent harmonieusement. Ce carnet 2-en-1 pratique combine 34 feuilles \u00e0 rouler fines format king-size et 16 filtres actifs de haute qualit\u00e9 \u2013 id\u00e9al pour fumer avec style et discr\u00e9tion, m\u00eame en d\u00e9placement. Les feuilles sont extra-fines, \u00e0 combustion lente et v\u00e9ganes. Les filtres r\u00e9utilisables, au charbon actif issu de coques de noix de coco, garantissent une saveur \u00e9quilibr\u00e9e. Et le petit plus&nbsp;? L&#8217;emballage se transforme en bol m\u00e9langeur.    <\/p>\n<p>Aper\u00e7u des d\u00e9tails :<\/p>\n<p>34 feuilles \u00e0 rouler King Size Slim (14 g\/m\u00b2, combustion lente)<\/p>\n<p>Gomme v\u00e9gane et non test\u00e9e sur les animaux, fabriqu\u00e9e \u00e0 partir de gomme arabique naturelle<\/p>\n<p>16 filtres actifs (6 mm x 27 mm)<\/p>\n<p>Charbon actif issu de coques de noix de coco pour un go\u00fbt pur et doux<\/p>\n<p>Embouts en c\u00e9ramique \u00e0 sept trous pour une circulation d&rsquo;air optimale<\/p>\n<p>R\u00e9utilisable et \u00ab Fabriqu\u00e9 en Allemagne \u00bb<\/p>\n<p>bo\u00eete \u00e0 filtre int\u00e9gr\u00e9e et rechargeable<\/p>\n<p>L&#8217;emballage peut \u00eatre r\u00e9utilis\u00e9 comme bol m\u00e9langeur.<\/p>\n<p>&nbsp;<\/p>\n<table width=\"1056\">\n<tbody>\n<tr>\n<td width=\"283\">Type de filtre&nbsp;:<\/td>\n<td width=\"773\">filtre \u00e0 charbon actif<\/td>\n<\/tr>\n<tr>\n<td width=\"283\">Couleur du filtre&nbsp;:<\/td>\n<td width=\"773\">Blanc<\/td>\n<\/tr>\n<tr>\n<td width=\"283\">Taille du filtre&nbsp;:<\/td>\n<td width=\"773\">6 mm<\/td>\n<\/tr>\n<tr>\n<td width=\"283\">Emballages en papier :<\/td>\n<td width=\"773\">King Size<\/td>\n<\/tr>\n<\/tbody>\n<\/table>\n<p>&nbsp;<\/p>\n<p>Tous les prix s&rsquo;appliquent uniquement aux commandes en ligne et incluent la TVA. Sous r\u00e9serve de modifications sans pr\u00e9avis, frais de livraison en sus. Sous r\u00e9serve d&rsquo;erreurs, de modifications de contenu de livraison et de conception, de fautes d&rsquo;impression et de modifications de prix. Les prix barr\u00e9s sont des prix de remplacement. Les illustrations peuvent diff\u00e9rer de l&rsquo;original\/du contenu de livraison.<br \/>\n*Livraison gratuite pour les commandes sup\u00e9rieures \u00e0 CHF 250.-.<\/p>\n","protected":false},"excerpt":{"rendered":"<p>Casque Gizeh Beats Swiss Edition KS Slim avec filtre actif Inspir\u00e9 par la techno, la goa, le reggae et le hip-hop Avec l&rsquo;\u00e9dition sp\u00e9ciale GIZEH Beats, musique, design et fonctionnalit\u00e9 se conjuguent harmonieusement. Ce carnet 2-en-1 pratique combine 34 feuilles \u00e0 rouler fines format king-size et 16 filtres actifs de haute qualit\u00e9 \u2013 id\u00e9al pour [&hellip;]<\/p>\n","protected":false},"featured_media":184497,"template":"","meta":[],"product_brand":[1564],"product_cat":[3263,3219,1961,1995,3231,5177,2014,5194,2015,3227],"product_tag":[],"class_list":{"0":"post-184493","1":"product","2":"type-product","3":"status-publish","4":"has-post-thumbnail","6":"product_brand-gizeh","7":"product_cat-article-long","8":"product_cat-boutique-de-tete","9":"product_cat-cigarettes-self-made-fr-2","10":"product_cat-divers-headshop","11":"product_cat-filtre","12":"product_cat-filtre-a-charbon-actif","13":"product_cat-filtres-a-cigarettes","14":"product_cat-longpaper","15":"product_cat-papier-a-rouler","16":"product_cat-papier-long-et-rouleaux","18":"first","19":"onbackorder","20":"featured","21":"purchasable","22":"product-type-simple"},"yoast_head":"<!-- This site is optimized with the Yoast SEO plugin v27.0 - https:\/\/yoast.com\/product\/yoast-seo-wordpress\/ -->\n<title>Casque Gizeh Beats Swiss Edition KS Slim avec filtre actif - Tabakversand.ch | Alles aus der Welt des Tabaks<\/title>\n<meta name=\"description\" content=\"Gizeh Beats Swiss Edition KS Slim avec filtre actif | Un large choix de produits du tabac, de cigarettes \u00e9lectroniques et d&#039;accessoires pour fumeurs dans toute la Suisse | Cartes accept\u00e9es !\" \/>\n<meta name=\"robots\" content=\"index, follow, max-snippet:-1, max-image-preview:large, max-video-preview:-1\" \/>\n<link rel=\"canonical\" href=\"https:\/\/www.tabakversand.ch\/produit\/gizeh-beats-swiss-edition-ks-slim-mit-active-filter\/\" \/>\n<meta property=\"og:locale\" content=\"fr_FR\" \/>\n<meta property=\"og:type\" content=\"article\" \/>\n<meta property=\"og:title\" content=\"Casque Gizeh Beats Swiss Edition KS Slim avec filtre actif - Tabakversand.ch | Alles aus der Welt des Tabaks\" \/>\n<meta property=\"og:description\" content=\"Gizeh Beats Swiss Edition KS Slim avec filtre actif | Un large choix de produits du tabac, de cigarettes \u00e9lectroniques et d&#039;accessoires pour fumeurs dans toute la Suisse | Cartes accept\u00e9es !\" \/>\n<meta property=\"og:url\" content=\"https:\/\/www.tabakversand.ch\/produit\/gizeh-beats-swiss-edition-ks-slim-mit-active-filter\/\" \/>\n<meta property=\"og:site_name\" content=\"Tabakversand.ch | Alles aus der Welt des Tabaks\" \/>\n<meta property=\"article:modified_time\" content=\"2026-01-22T07:47:24+00:00\" \/>\n<meta property=\"og:image\" content=\"https:\/\/www.tabakversand.ch\/wp-content\/uploads\/2025\/06\/gizeh-beats-box.jpg\" \/>\n\t<meta property=\"og:image:width\" content=\"500\" \/>\n\t<meta property=\"og:image:height\" content=\"500\" \/>\n\t<meta property=\"og:image:type\" content=\"image\/jpeg\" \/>\n<meta name=\"twitter:card\" content=\"summary_large_image\" \/>\n<meta name=\"twitter:label1\" content=\"Dur\u00e9e de lecture estim\u00e9e\" \/>\n\t<meta name=\"twitter:data1\" content=\"2 minutes\" \/>\n<script type=\"application\/ld+json\" class=\"yoast-schema-graph\">{\"@context\":\"https:\/\/schema.org\",\"@graph\":[{\"@type\":\"WebPage\",\"@id\":\"https:\/\/www.tabakversand.ch\/produit\/gizeh-beats-swiss-edition-ks-slim-mit-active-filter\/\",\"url\":\"https:\/\/www.tabakversand.ch\/produit\/gizeh-beats-swiss-edition-ks-slim-mit-active-filter\/\",\"name\":\"Casque Gizeh Beats Swiss Edition KS Slim avec filtre actif - Tabakversand.ch | Alles aus der Welt des Tabaks\",\"isPartOf\":{\"@id\":\"https:\/\/www.tabakversand.ch\/#website\"},\"primaryImageOfPage\":{\"@id\":\"https:\/\/www.tabakversand.ch\/produit\/gizeh-beats-swiss-edition-ks-slim-mit-active-filter\/#primaryimage\"},\"image\":{\"@id\":\"https:\/\/www.tabakversand.ch\/produit\/gizeh-beats-swiss-edition-ks-slim-mit-active-filter\/#primaryimage\"},\"thumbnailUrl\":\"https:\/\/www.tabakversand.ch\/wp-content\/uploads\/2025\/06\/gizeh-beats-box.jpg\",\"datePublished\":\"2025-06-13T10:44:24+00:00\",\"dateModified\":\"2026-01-22T07:47:24+00:00\",\"description\":\"Gizeh Beats Swiss Edition KS Slim avec filtre actif | Un large choix de produits du tabac, de cigarettes \u00e9lectroniques et d'accessoires pour fumeurs dans toute la Suisse | Cartes accept\u00e9es !\",\"breadcrumb\":{\"@id\":\"https:\/\/www.tabakversand.ch\/produit\/gizeh-beats-swiss-edition-ks-slim-mit-active-filter\/#breadcrumb\"},\"inLanguage\":\"fr-FR\",\"potentialAction\":[{\"@type\":\"ReadAction\",\"target\":[\"https:\/\/www.tabakversand.ch\/produit\/gizeh-beats-swiss-edition-ks-slim-mit-active-filter\/\"]}]},{\"@type\":\"ImageObject\",\"inLanguage\":\"fr-FR\",\"@id\":\"https:\/\/www.tabakversand.ch\/produit\/gizeh-beats-swiss-edition-ks-slim-mit-active-filter\/#primaryimage\",\"url\":\"https:\/\/www.tabakversand.ch\/wp-content\/uploads\/2025\/06\/gizeh-beats-box.jpg\",\"contentUrl\":\"https:\/\/www.tabakversand.ch\/wp-content\/uploads\/2025\/06\/gizeh-beats-box.jpg\",\"width\":500,\"height\":500,\"caption\":\"Casque Gizeh Beats Swiss Edition KS Slim avec filtre actif | Tabakversand.ch\"},{\"@type\":\"BreadcrumbList\",\"@id\":\"https:\/\/www.tabakversand.ch\/produit\/gizeh-beats-swiss-edition-ks-slim-mit-active-filter\/#breadcrumb\",\"itemListElement\":[{\"@type\":\"ListItem\",\"position\":1,\"name\":\"Startseite\",\"item\":\"https:\/\/www.tabakversand.ch\/\"},{\"@type\":\"ListItem\",\"position\":2,\"name\":\"Boutique\",\"item\":\"https:\/\/www.tabakversand.ch\/fr\/boutique\/\"},{\"@type\":\"ListItem\",\"position\":3,\"name\":\"Casque Gizeh Beats Swiss Edition KS Slim avec filtre actif\"}]},{\"@type\":\"WebSite\",\"@id\":\"https:\/\/www.tabakversand.ch\/#website\",\"url\":\"https:\/\/www.tabakversand.ch\/\",\"name\":\"Tabakversand.ch | Alles aus der Welt des Tabaks\",\"description\":\"Smoke and carpe diem\",\"potentialAction\":[{\"@type\":\"SearchAction\",\"target\":{\"@type\":\"EntryPoint\",\"urlTemplate\":\"https:\/\/www.tabakversand.ch\/?s={search_term_string}\"},\"query-input\":{\"@type\":\"PropertyValueSpecification\",\"valueRequired\":true,\"valueName\":\"search_term_string\"}}],\"inLanguage\":\"fr-FR\"}]}<\/script>\n<!-- \/ Yoast SEO plugin. -->","yoast_head_json":{"title":"Casque Gizeh Beats Swiss Edition KS Slim avec filtre actif - Tabakversand.ch | Alles aus der Welt des Tabaks","description":"Gizeh Beats Swiss Edition KS Slim avec filtre actif | Un large choix de produits du tabac, de cigarettes \u00e9lectroniques et d'accessoires pour fumeurs dans toute la Suisse | Cartes accept\u00e9es !","robots":{"index":"index","follow":"follow","max-snippet":"max-snippet:-1","max-image-preview":"max-image-preview:large","max-video-preview":"max-video-preview:-1"},"canonical":"https:\/\/www.tabakversand.ch\/produit\/gizeh-beats-swiss-edition-ks-slim-mit-active-filter\/","og_locale":"fr_FR","og_type":"article","og_title":"Casque Gizeh Beats Swiss Edition KS Slim avec filtre actif - Tabakversand.ch | Alles aus der Welt des Tabaks","og_description":"Gizeh Beats Swiss Edition KS Slim avec filtre actif | Un large choix de produits du tabac, de cigarettes \u00e9lectroniques et d'accessoires pour fumeurs dans toute la Suisse | Cartes accept\u00e9es !","og_url":"https:\/\/www.tabakversand.ch\/produit\/gizeh-beats-swiss-edition-ks-slim-mit-active-filter\/","og_site_name":"Tabakversand.ch | Alles aus der Welt des Tabaks","article_modified_time":"2026-01-22T07:47:24+00:00","og_image":[{"width":500,"height":500,"url":"https:\/\/www.tabakversand.ch\/wp-content\/uploads\/2025\/06\/gizeh-beats-box.jpg","type":"image\/jpeg"}],"twitter_card":"summary_large_image","twitter_misc":{"Dur\u00e9e de lecture estim\u00e9e":"2 minutes"},"schema":{"@context":"https:\/\/schema.org","@graph":[{"@type":"WebPage","@id":"https:\/\/www.tabakversand.ch\/produit\/gizeh-beats-swiss-edition-ks-slim-mit-active-filter\/","url":"https:\/\/www.tabakversand.ch\/produit\/gizeh-beats-swiss-edition-ks-slim-mit-active-filter\/","name":"Casque Gizeh Beats Swiss Edition KS Slim avec filtre actif - Tabakversand.ch | Alles aus der Welt des Tabaks","isPartOf":{"@id":"https:\/\/www.tabakversand.ch\/#website"},"primaryImageOfPage":{"@id":"https:\/\/www.tabakversand.ch\/produit\/gizeh-beats-swiss-edition-ks-slim-mit-active-filter\/#primaryimage"},"image":{"@id":"https:\/\/www.tabakversand.ch\/produit\/gizeh-beats-swiss-edition-ks-slim-mit-active-filter\/#primaryimage"},"thumbnailUrl":"https:\/\/www.tabakversand.ch\/wp-content\/uploads\/2025\/06\/gizeh-beats-box.jpg","datePublished":"2025-06-13T10:44:24+00:00","dateModified":"2026-01-22T07:47:24+00:00","description":"Gizeh Beats Swiss Edition KS Slim avec filtre actif | Un large choix de produits du tabac, de cigarettes \u00e9lectroniques et d'accessoires pour fumeurs dans toute la Suisse | Cartes accept\u00e9es !","breadcrumb":{"@id":"https:\/\/www.tabakversand.ch\/produit\/gizeh-beats-swiss-edition-ks-slim-mit-active-filter\/#breadcrumb"},"inLanguage":"fr-FR","potentialAction":[{"@type":"ReadAction","target":["https:\/\/www.tabakversand.ch\/produit\/gizeh-beats-swiss-edition-ks-slim-mit-active-filter\/"]}]},{"@type":"ImageObject","inLanguage":"fr-FR","@id":"https:\/\/www.tabakversand.ch\/produit\/gizeh-beats-swiss-edition-ks-slim-mit-active-filter\/#primaryimage","url":"https:\/\/www.tabakversand.ch\/wp-content\/uploads\/2025\/06\/gizeh-beats-box.jpg","contentUrl":"https:\/\/www.tabakversand.ch\/wp-content\/uploads\/2025\/06\/gizeh-beats-box.jpg","width":500,"height":500,"caption":"Casque Gizeh Beats Swiss Edition KS Slim avec filtre actif | Tabakversand.ch"},{"@type":"BreadcrumbList","@id":"https:\/\/www.tabakversand.ch\/produit\/gizeh-beats-swiss-edition-ks-slim-mit-active-filter\/#breadcrumb","itemListElement":[{"@type":"ListItem","position":1,"name":"Startseite","item":"https:\/\/www.tabakversand.ch\/"},{"@type":"ListItem","position":2,"name":"Boutique","item":"https:\/\/www.tabakversand.ch\/fr\/boutique\/"},{"@type":"ListItem","position":3,"name":"Casque Gizeh Beats Swiss Edition KS Slim avec filtre actif"}]},{"@type":"WebSite","@id":"https:\/\/www.tabakversand.ch\/#website","url":"https:\/\/www.tabakversand.ch\/","name":"Tabakversand.ch | Alles aus der Welt des Tabaks","description":"Smoke and carpe diem","potentialAction":[{"@type":"SearchAction","target":{"@type":"EntryPoint","urlTemplate":"https:\/\/www.tabakversand.ch\/?s={search_term_string}"},"query-input":{"@type":"PropertyValueSpecification","valueRequired":true,"valueName":"search_term_string"}}],"inLanguage":"fr-FR"}]}},"_links":{"self":[{"href":"https:\/\/www.tabakversand.ch\/fr\/wp-json\/wp\/v2\/product\/184493","targetHints":{"allow":["GET"]}}],"collection":[{"href":"https:\/\/www.tabakversand.ch\/fr\/wp-json\/wp\/v2\/product"}],"about":[{"href":"https:\/\/www.tabakversand.ch\/fr\/wp-json\/wp\/v2\/types\/product"}],"version-history":[{"count":4,"href":"https:\/\/www.tabakversand.ch\/fr\/wp-json\/wp\/v2\/product\/184493\/revisions"}],"predecessor-version":[{"id":209530,"href":"https:\/\/www.tabakversand.ch\/fr\/wp-json\/wp\/v2\/product\/184493\/revisions\/209530"}],"wp:featuredmedia":[{"embeddable":true,"href":"https:\/\/www.tabakversand.ch\/fr\/wp-json\/wp\/v2\/media\/184497"}],"wp:attachment":[{"href":"https:\/\/www.tabakversand.ch\/fr\/wp-json\/wp\/v2\/media?parent=184493"}],"wp:term":[{"taxonomy":"product_brand","embeddable":true,"href":"https:\/\/www.tabakversand.ch\/fr\/wp-json\/wp\/v2\/product_brand?post=184493"},{"taxonomy":"product_cat","embeddable":true,"href":"https:\/\/www.tabakversand.ch\/fr\/wp-json\/wp\/v2\/product_cat?post=184493"},{"taxonomy":"product_tag","embeddable":true,"href":"https:\/\/www.tabakversand.ch\/fr\/wp-json\/wp\/v2\/product_tag?post=184493"}],"curies":[{"name":"wp","href":"https:\/\/api.w.org\/{rel}","templated":true}]}}